{"id":3679,"date":"2025-01-09T06:12:10","date_gmt":"2025-01-09T06:12:10","guid":{"rendered":"https:\/\/fmp-components.com\/?page_id=8"},"modified":"2025-01-09T06:22:24","modified_gmt":"2025-01-09T06:22:24","slug":"wheel-drive-planetary-gearbox-reducer-for-rough-terrain-scissor-lift3679","status":"publish","type":"product","link":"https:\/\/fmp-components.com\/lv\/product\/wheel-drive-planetary-gearbox-reducer-for-rough-terrain-scissor-lift3679\/","title":{"rendered":"Rite\u0146u piedzi\u0146as plan\u0113tu p\u0101rnesumk\u0101rbas reduktors nel\u012bdzenam reljefam \u0161\u0137\u0113rveida pac\u0113l\u0101jam"},"content":{"rendered":"<h2>Rite\u0146u piedzi\u0146as atra\u0161an\u0101s vieta uz nel\u012bdzena reljefa \u0161\u0137\u0113rveida pac\u0113l\u0101ja<\/h2>\n<p>Nel\u012bdzenai reljefai paredz\u0113ta \u0161\u0137\u0113rveida pac\u0113l\u0101ja rite\u0146u piedzi\u0146a parasti atrodas pac\u0113l\u0101ja \u0161asijas apak\u0161\u0113j\u0101 da\u013c\u0101, integr\u0113ta piedzi\u0146as rite\u0146os. \u0160\u012bs piedzi\u0146as ir b\u016btiskas rite\u0146u darbin\u0101\u0161anai, kas \u013cauj pac\u0113l\u0101jam p\u0101rvietoties pa nel\u012bdzen\u0101m, nel\u012bdzen\u0101m virsm\u0101m, kas bie\u017ei sastopamas b\u016bvlaukumos vai \u0101ra reljef\u0101. Rite\u0146u piedzi\u0146as sist\u0113ma ir novietota t\u0101, lai nodro\u0161in\u0101tu optim\u0101lu jaudas sadal\u012bjumu starp rite\u0146iem, nodro\u0161inot nepiecie\u0161amo griezes momentu uzticamai kust\u012bbai un sa\u0137erei.<\/p>\n<p>Vairum\u0101 konstrukciju rite\u0146u piedzi\u0146a ir savienota ar rite\u0146iem, izmantojot asu, p\u0101rnesumk\u0101rbu un hidraulisko sist\u0113mu komplektu. T\u0101 parasti tiek uzst\u0101d\u012bta tie\u0161i uz rite\u0146a rumbas vai rite\u0146u mezgl\u0101, kur t\u0101 darbojas kop\u0101 ar citiem meh\u0101niskiem un hidrauliskiem komponentiem. \u0160is strat\u0113\u0123iskais izvietojums nodro\u0161ina piedzi\u0146as sist\u0113mas efekt\u012bvu darb\u012bbu pat tad, ja pac\u0113l\u0101js ir piln\u012bb\u0101 izstiepts vai novietots sl\u012bpi.<\/p>\n<p>\u0160\u0137\u0113rveida pac\u0113l\u0101jiem nel\u012bdzenam reljefam rite\u0146u piedzi\u0146ai ir iz\u0161\u0137iro\u0161a noz\u012bme, lai nodro\u0161in\u0101tu mobilit\u0101ti pa sare\u017e\u0123\u012bt\u0101m virsm\u0101m, piem\u0113ram, grants, zemes un nog\u0101z\u0113m. T\u0101s konstrukcija ir optimiz\u0113ta, lai nodro\u0161in\u0101tu augstu griezes momentu un stabilit\u0101ti, garant\u0113jot, ka pac\u0113l\u0101js var manevr\u0113t dro\u0161i un efekt\u012bvi, vienlaikus saglab\u0101jot l\u012bdzsvaru un jaudu sare\u017e\u0123\u012btos apst\u0101k\u013cos.<\/p>\n<p><img loading=\"lazy\" decoding=\"async\" class=\"alignnone wp-image-3684\" src=\"https:\/\/fmp-components.com\/wp-content\/uploads\/2025\/01\/0_wheel-drive-for-Scissor-Lift-21.webp\" alt=\"rite\u0146u piedzi\u0146a \u0161\u0137\u0113rveida pac\u0113l\u0101jam\" width=\"921\" height=\"532\" title=\"\" srcset=\"https:\/\/fmp-components.com\/wp-content\/uploads\/2025\/01\/0_wheel-drive-for-Scissor-Lift-21.webp 921w, https:\/\/fmp-components.com\/wp-content\/uploads\/2025\/01\/0_wheel-drive-for-Scissor-Lift-21-480x277.webp 480w\" sizes=\"(min-width: 0px) and (max-width: 480px) 480px, (min-width: 481px) 921px, 100vw\" \/><\/p>\n<h2>Rite\u0146u piedzi\u0146as loma nel\u012bdzenam reljefam paredz\u0113t\u0101 \u0161\u0137\u0113rveida pac\u0113l\u0101j\u0101<\/h2>\n<p>Rite\u0146u piedzi\u0146ai ir iz\u0161\u0137iro\u0161a noz\u012bme, lai nel\u012bdzenam reljefam paredz\u0113tais \u0161\u0137\u0113rveida pac\u0113l\u0101js var\u0113tu efekt\u012bvi un dro\u0161i p\u0101rvietoties pa nel\u012bdzen\u0101m, nel\u012bdzen\u0101m virsm\u0101m. T\u0101 ir atbild\u012bga par jaudas p\u0101rnesi no motora vai hidraulisk\u0101s sist\u0113mas uz rite\u0146iem, nodro\u0161inot nepiecie\u0161amo griezes momentu kust\u012bbai. Tas nodro\u0161ina, ka \u0161\u0137\u0113rveida pac\u0113l\u0101js var p\u0101rvar\u0113t \u0161\u0137\u0113r\u0161\u013cus, sl\u012bpumus un nel\u012bdzenu reljefu, kas parasti ir sastopams b\u016bvlaukumos vai darba vid\u0113 \u0101rpus telp\u0101m.<\/p>\n<p>Pievadot rite\u0146us, rite\u0146u piedzi\u0146a \u013cauj prec\u012bzi kontrol\u0113t pac\u0113l\u0101ja kust\u012bbu, tostarp kust\u012bbu uz priek\u0161u, atpaka\u013c un st\u016br\u0113\u0161anu. Tas \u013cauj operatoriem prec\u012bzi manevr\u0113t pac\u0113l\u0101ju pat tad, ja pac\u0113l\u0101js ir piln\u012bb\u0101 izstiepts vai novietots uz nel\u012bdzenas virsmas. Tas veicina ma\u0161\u012bnas kop\u0113jo stabilit\u0101ti, pal\u012bdzot vienm\u0113r\u012bgi sadal\u012bt svaru un saglab\u0101t sa\u0137eri, nov\u0113r\u0161ot sl\u012bd\u0113\u0161anu un nestabilit\u0101ti.<\/p>\n<p>Papildus mobilit\u0101tei rite\u0146u piedzi\u0146as sist\u0113mai ir ar\u012b noz\u012bme pac\u0113l\u0101ja veiktsp\u0113jas uzlabo\u0161an\u0101 \u0101truma un jaudas zi\u0146\u0101. T\u0101 nodro\u0161ina, ka pac\u0113l\u0101js var apstr\u0101d\u0101t smagas kravas, vienlaikus saglab\u0101jot efektivit\u0101ti, padarot to par b\u016btisku sast\u0101vda\u013cu lietojumos, kuros nepiecie\u0161ama gan vertik\u0101la cel\u0161ana, gan horizont\u0101la mobilit\u0101te sare\u017e\u0123\u012bt\u0101 reljef\u0101.<\/p>\n<p><img loading=\"lazy\" decoding=\"async\" class=\"wp-image-3685 aligncenter\" src=\"https:\/\/fmp-components.com\/wp-content\/uploads\/2025\/01\/0_Snorkel-S9070RT-HC_2.webp\" alt=\"\" width=\"579\" height=\"603\" title=\"\" srcset=\"https:\/\/fmp-components.com\/wp-content\/uploads\/2025\/01\/0_Snorkel-S9070RT-HC_2.webp 579w, https:\/\/fmp-components.com\/wp-content\/uploads\/2025\/01\/0_Snorkel-S9070RT-HC_2-480x500.webp 480w\" sizes=\"(min-width: 0px) and (max-width: 480px) 480px, (min-width: 481px) 579px, 100vw\" \/><\/p>\n<h2>Savietojam\u012bba ar popul\u0101riem platformas pac\u0113l\u0101ju mode\u013ciem<\/h2>\n<p>M\u016bsu rite\u0146u piedzi\u0146as reduktors ir sader\u012bgs ar pla\u0161u platformas pac\u0113l\u0101ju mode\u013cu kl\u0101stu, tostarp:<\/p>\n<ol data-spm-anchor-id=\"5176.28103460.0.i129.297c3f99PFUZxp\">\n<li>JLG Industries: JLG RT s\u0113rija (RT340, RT40, RT60, RT90, RT100, RT110)<\/li>\n<li>Genie: GS-RT s\u0113rija (Genie GS-4069 RT, GS-5390 RT)<\/li>\n<li>Skyjack: SJ-R Series (SJ63 AJ Rough Terrain, SJ8841 RTE)<\/li>\n<li>Haulotte: HAULOTTE \u0161\u0137\u0113rveida pac\u0113l\u0101ji nel\u012bdzenai reljefai (HA20PX, HT23 RTJ PRO, HT40 RTJ PRO)<\/li>\n<li>Snorkel\u0113\u0161ana: SR s\u0113rija (SR5719, SR626E, SR9244)<\/li>\n<li>Aichi: SC s\u0113rija (SC50, SC60, SC80)<\/li>\n<li>MEC pace\u013cam\u0101s darba platformas: R s\u0113rija (RS26J, RS40, RS52)<\/li>\n<\/ol>\n<p>Ja izmantojat k\u0101du no \u0161iem mode\u013ciem, m\u016bsu rite\u0146u piedzi\u0146as reduktors b\u016bs ide\u0101li piem\u0113rots j\u016bsu ma\u0161\u012bnai.<br \/>\n<span style=\"color: #ff0000;\"><em><strong>Piez\u012bme: Rakst\u0101 min\u0113tie z\u012bmolu nosaukumi ir paredz\u0113ti tikai m\u016bsu \u0113rt\u012bb\u0101m, lai klienti var\u0113tu izv\u0113l\u0113ties un nomain\u012bt atbilsto\u0161\u0101 lauksaimniec\u012bbas tehnikas z\u012bmola piederumus, un tie nep\u0101rdod \u0161\u012b z\u012bmola produktus.<\/strong><\/em><\/span><\/p>\n<h2>Par FMP<\/h2>\n<p>FMP ir vado\u0161ais ra\u017eot\u0101js, kas specializ\u0113jas pla\u0161a meh\u0101nisko un hidraulisko transmisiju produktu ra\u017eo\u0161an\u0101. M\u016bsu produktu kl\u0101st\u0101 ietilpst planet\u0101r\u0101s p\u0101rnesumk\u0101rbas, t\u0101rpu reduktori, rindas spir\u0101lveida zobratu reduktori, paral\u0113lo v\u0101rpstu spir\u0101lveida zobratu reduktori, spir\u0101lveida konusveida zobratu reduktori, spir\u0101lveida t\u0101rpu reduktori, lauksaimniec\u012bbas p\u0101rnesumk\u0101rbas, traktoru p\u0101rnesumk\u0101rbas, automobi\u013cu p\u0101rnesumk\u0101rbas, jaudas izejas v\u0101rpstas un specializ\u0113tie reduktori. Turkl\u0101t m\u0113s pied\u0101v\u0101jam pla\u0161u papildino\u0161u komponentu kl\u0101stu, piem\u0113ram, zobratus, hidraulisk\u0101s sist\u0113mas, vakuuma s\u016bk\u0146us, hidrauliskos savienojumus, zobstie\u0146us, \u0137\u0113des, zobratus, UDL transmisijas, \u0137\u012b\u013csiksnu skrieme\u013cus, hidrauliskos cilindrus, zobratu s\u016bk\u0146us, skr\u016bvju gaisa kompresorus un mazas br\u012bvkust\u012bbas t\u0101rpu reduktorus, k\u0101 ar\u012b citus.<\/p>\n<p><strong>Piel\u0101goti risin\u0101jumi katrai vajadz\u012bbai<\/strong><\/p>\n<p>Uz\u0146\u0113mum\u0101 FMP m\u0113s saprotam, ka katrs pielietojums ir unik\u0101ls. T\u0101p\u0113c m\u0113s pied\u0101v\u0101jam piln\u012bb\u0101 piel\u0101gojamus risin\u0101jumus, tostarp individu\u0101li izgatavotas transmisijas, reduktormotorus, hidraulisk\u0101s sist\u0113mas un motorus, kas izstr\u0101d\u0101ti, lai atbilstu m\u016bsu klientu \u012bpa\u0161aj\u0101m pras\u012bb\u0101m. M\u016bsu elast\u012bg\u0101s ra\u017eo\u0161anas iesp\u0113jas \u013cauj mums rad\u012bt prec\u012bzi konstru\u0113tus produktus, kas piel\u0101goti, lai nodro\u0161in\u0101tu maksim\u0101lu efektivit\u0101ti un optim\u0101lu veiktsp\u0113ju jebkuram pielietojumam.<\/p>\n<p><strong>Ap\u0146em\u0161an\u0101s nodro\u0161in\u0101t kvalit\u0101ti un inov\u0101cijas<\/strong><\/p>\n<p>M\u0113s esam dzi\u013ci ap\u0146\u0113mu\u0161ies uztur\u0113t augst\u0101kos kvalit\u0101tes un uzticam\u012bbas standartus katr\u0101 ra\u017eotaj\u0101 produkt\u0101. M\u016bsu modernais test\u0113\u0161anas un p\u0101rbaudes apr\u012bkojums, k\u0101 ar\u012b augsti kvalific\u0113ta tehnisk\u0101 komanda nodro\u0161ina, ka katrs produkts atbilst stingriem nozares standartiem. Neatkar\u012bgi no t\u0101, vai tiek pied\u0101v\u0101ti standarta risin\u0101jumi vai rad\u012bti individu\u0101li izstr\u0101d\u0101ti produkti, FMP ir ap\u0146\u0113mies nodro\u0161in\u0101t augst\u0101k\u0101s kvalit\u0101tes rezult\u0101tus, kas izcili darbojas pat vispras\u012bg\u0101kaj\u0101s vid\u0113s.<\/p>\n<p>P\u0113d\u0113jos gados FMP ir piedz\u012bvojis strauju izaugsmi, pateicoties m\u016bsu pla\u0161ajai ra\u017eo\u0161anas pieredzei, sp\u0113c\u012bgaj\u0101m vad\u012bbas sist\u0113m\u0101m un sp\u0113c\u012bgajai tehniskajai pieredzei. M\u016bsu filozofija \"kvalit\u0101te izdz\u012bvo\u0161anai un inov\u0101cija att\u012bst\u012bbai\" ir bijusi m\u016bsu pan\u0101kumu st\u016brakmens, kas veicina nep\u0101rtrauktu uzlabo\u0161anos un izaugsmi.<\/p>\n<p><strong>Partner\u012bba pan\u0101kumiem<\/strong><\/p>\n<p>FMP m\u0113s priorit\u0101ti pie\u0161\u0137iram sadarb\u012bbai un ilgtermi\u0146a partnerattiec\u012bb\u0101m ar saviem klientiem. M\u0113s cie\u0161i sadarbojamies ar saviem klientiem, lai sniegtu inovat\u012bvus un uzticamus risin\u0101jumus, kas p\u0101rsniedz cer\u012bbas. M\u016bsu m\u0113r\u0137is ir ne tikai apmierin\u0101t klientu vajadz\u012bbas, bet ar\u012b veidot ilgsto\u0161as \u200b\u200battiec\u012bbas, kuru pamat\u0101 ir uztic\u0113\u0161an\u0101s, kvalit\u0101te un abpus\u0113ji pan\u0101kumi.<\/p>\n<p>Koncentr\u0113joties uz prec\u012bzu in\u017eenieriju, uzticam\u012bbu un piel\u0101gotiem pakalpojumiem, FMP ir uzticams partneris vis\u0101m j\u016bsu meh\u0101niskaj\u0101m un hidrauliskaj\u0101m transmisij\u0101m. M\u0113s ceram uz sadarb\u012bbu ar jums, lai kop\u012bgi g\u016btu pan\u0101kumus un sasniegtu izcil\u012bbu.<\/p>\n<p><img loading=\"lazy\" decoding=\"async\" class=\"alignnone size-full wp-image-3678\" src=\"https:\/\/fmp-components.com\/wp-content\/uploads\/2025\/01\/worm-gearbox-factory1.webp\" alt=\"t\u0101rpu p\u0101rnesumk\u0101rbas r\u016bpn\u012bca\" width=\"1024\" height=\"888\" title=\"\" srcset=\"https:\/\/fmp-components.com\/wp-content\/uploads\/2025\/01\/worm-gearbox-factory1.webp 1024w, https:\/\/fmp-components.com\/wp-content\/uploads\/2025\/01\/worm-gearbox-factory1-980x850.webp 980w, https:\/\/fmp-components.com\/wp-content\/uploads\/2025\/01\/worm-gearbox-factory1-480x416.webp 480w\" sizes=\"(min-width: 0px) and (max-width: 480px) 480px, (min-width: 481px) and (max-width: 980px) 980px, (min-width: 981px) 1024px, 100vw\" \/><\/p>\n<p>Autors: CX<\/p>","protected":false},"excerpt":{"rendered":"<p>Location of the Wheel Drive on a Rough Terrain Scissor Lift The wheel drive on a rough terrain scissor lift is typically located at the lower portion of the lift&#8217;s chassis, integrated into the drive wheels. These drives are essential for powering the wheels that allow the lift to move across uneven, rugged surfaces often [&hellip;]<\/p>","protected":false},"featured_media":3682,"comment_status":"open","ping_status":"closed","template":"","meta":{"_et_pb_use_builder":"","_et_pb_old_content":"","_et_gb_content_width":""},"product_brand":[],"product_cat":[90],"product_tag":[],"class_list":{"0":"post-3679","1":"product","2":"type-product","3":"status-publish","4":"has-post-thumbnail","6":"product_cat-planetary-gearbox","8":"first","9":"instock","10":"shipping-taxable","11":"product-type-simple"},"_links":{"self":[{"href":"https:\/\/fmp-components.com\/lv\/wp-json\/wp\/v2\/product\/3679","targetHints":{"allow":["GET"]}}],"collection":[{"href":"https:\/\/fmp-components.com\/lv\/wp-json\/wp\/v2\/product"}],"about":[{"href":"https:\/\/fmp-components.com\/lv\/wp-json\/wp\/v2\/types\/product"}],"replies":[{"embeddable":true,"href":"https:\/\/fmp-components.com\/lv\/wp-json\/wp\/v2\/comments?post=3679"}],"wp:featuredmedia":[{"embeddable":true,"href":"https:\/\/fmp-components.com\/lv\/wp-json\/wp\/v2\/media\/3682"}],"wp:attachment":[{"href":"https:\/\/fmp-components.com\/lv\/wp-json\/wp\/v2\/media?parent=3679"}],"wp:term":[{"taxonomy":"product_brand","embeddable":true,"href":"https:\/\/fmp-components.com\/lv\/wp-json\/wp\/v2\/product_brand?post=3679"},{"taxonomy":"product_cat","embeddable":true,"href":"https:\/\/fmp-components.com\/lv\/wp-json\/wp\/v2\/product_cat?post=3679"},{"taxonomy":"product_tag","embeddable":true,"href":"https:\/\/fmp-components.com\/lv\/wp-json\/wp\/v2\/product_tag?post=3679"}],"curies":[{"name":"wp","href":"https:\/\/api.w.org\/{rel}","templated":true}]}}