{"id":3668,"date":"2025-01-09T03:46:28","date_gmt":"2025-01-09T03:46:28","guid":{"rendered":"https:\/\/fmp-components.com\/?page_id=8"},"modified":"2025-01-09T03:46:29","modified_gmt":"2025-01-09T03:46:29","slug":"spindle-motor-used-for-cnc-spindle-jszd202-2","status":"publish","type":"product","link":"https:\/\/fmp-components.com\/lv\/product\/spindle-motor-used-for-cnc-spindle-jszd202-2\/","title":{"rendered":"V\u0101rpstas motors, ko izmanto CNC v\u0101rpstai JSZD202"},"content":{"rendered":"<p><img loading=\"lazy\" decoding=\"async\" class=\"alignnone size-full wp-image-3671\" src=\"https:\/\/fmp-components.com\/wp-content\/uploads\/2025\/01\/spindle-motor-for-cnc-spindle-jszd202-2-1.webp\" alt=\"v\u0101rpstas-motors-cnc-v\u0101rpstai-jszd202-2 (1)\" width=\"1104\" height=\"642\" title=\"\" srcset=\"https:\/\/fmp-components.com\/wp-content\/uploads\/2025\/01\/spindle-motor-for-cnc-spindle-jszd202-2-1.webp 1104w, https:\/\/fmp-components.com\/wp-content\/uploads\/2025\/01\/spindle-motor-for-cnc-spindle-jszd202-2-1-980x570.webp 980w, https:\/\/fmp-components.com\/wp-content\/uploads\/2025\/01\/spindle-motor-for-cnc-spindle-jszd202-2-1-480x279.webp 480w\" sizes=\"(min-width: 0px) and (max-width: 480px) 480px, (min-width: 481px) and (max-width: 980px) 980px, (min-width: 981px) 1104px, 100vw\" \/><\/p>\n<p><img loading=\"lazy\" decoding=\"async\" class=\"alignnone size-full wp-image-3672\" src=\"https:\/\/fmp-components.com\/wp-content\/uploads\/2025\/01\/spindle-motor-for-cnc-spindle-jszd202-3-1.webp\" alt=\"v\u0101rpstas-motors-cnc-v\u0101rpstai-jszd202-3 (1)\" width=\"1115\" height=\"450\" title=\"\" srcset=\"https:\/\/fmp-components.com\/wp-content\/uploads\/2025\/01\/spindle-motor-for-cnc-spindle-jszd202-3-1.webp 1115w, https:\/\/fmp-components.com\/wp-content\/uploads\/2025\/01\/spindle-motor-for-cnc-spindle-jszd202-3-1-980x396.webp 980w, https:\/\/fmp-components.com\/wp-content\/uploads\/2025\/01\/spindle-motor-for-cnc-spindle-jszd202-3-1-480x194.webp 480w\" sizes=\"(min-width: 0px) and (max-width: 480px) 480px, (min-width: 481px) and (max-width: 980px) 980px, (min-width: 981px) 1115px, 100vw\" \/><\/p>\n<h2>Izejai ir divi veidi: viens ir nemain\u012bgs griezes moments, bet otrs ir nemain\u012bga jauda, \u200b\u200bk\u0101 nor\u0101d\u012bts t\u0101l\u0101k:<\/h2>\n<p><img loading=\"lazy\" decoding=\"async\" class=\"alignnone size-full wp-image-3573\" src=\"https:\/\/fmp-components.com\/wp-content\/uploads\/2025\/01\/spindle-motor-1.webp\" alt=\"v\u0101rpstas motors-1\" width=\"973\" height=\"551\" title=\"\" srcset=\"https:\/\/fmp-components.com\/wp-content\/uploads\/2025\/01\/spindle-motor-1.webp 973w, https:\/\/fmp-components.com\/wp-content\/uploads\/2025\/01\/spindle-motor-1-480x272.webp 480w\" sizes=\"(min-width: 0px) and (max-width: 480px) 480px, (min-width: 481px) 973px, 100vw\" \/><\/p>\n<h2>Motora v\u0101rpstas nomenklat\u016bras skaidrojums<\/h2>\n<p><img loading=\"lazy\" decoding=\"async\" class=\"alignnone size-full wp-image-3574\" src=\"https:\/\/fmp-components.com\/wp-content\/uploads\/2025\/01\/spindle-motor-2.webp\" alt=\"v\u0101rpstas motors-2\" width=\"666\" height=\"351\" title=\"\" srcset=\"https:\/\/fmp-components.com\/wp-content\/uploads\/2025\/01\/spindle-motor-2.webp 666w, https:\/\/fmp-components.com\/wp-content\/uploads\/2025\/01\/spindle-motor-2-480x253.webp 480w\" sizes=\"(min-width: 0px) and (max-width: 480px) 480px, (min-width: 481px) 666px, 100vw\" \/><\/p>\n<h2>V\u0101rpstas savienojuma gals<\/h2>\n<p>Tam ir daudz da\u017e\u0101du savienojuma veidu atkar\u012bb\u0101 no v\u0101rpstas mode\u013ca; l\u016bdzu, skatiet tabulu zem\u0101k.<\/p>\n<p><img loading=\"lazy\" decoding=\"async\" class=\"alignnone wp-image-3575\" src=\"https:\/\/fmp-components.com\/wp-content\/uploads\/2025\/01\/spindle-motor-3.webp\" alt=\"v\u0101rpstas motors\" width=\"885\" height=\"231\" title=\"\" srcset=\"https:\/\/fmp-components.com\/wp-content\/uploads\/2025\/01\/spindle-motor-3.webp 885w, https:\/\/fmp-components.com\/wp-content\/uploads\/2025\/01\/spindle-motor-3-480x125.webp 480w\" sizes=\"(min-width: 0px) and (max-width: 480px) 480px, (min-width: 481px) 885px, 100vw\" \/><\/p>\n<h2>V\u0101rpstas instrukcija<\/h2>\n<div><span id=\"spin1\">1<\/span>Frekvences p\u0101rveidot\u0101js\u00a0<span id=\"spin2\">ir j\u0101<\/span>\u00a0atbilst\u00a0<span id=\"spin3\">elektrisk\u0101<\/span>\u00a0v\u0101rpstas bloks.\u00a0<span id=\"spin4\">pamata<\/span>\u00a0frekvence\u00a0<span id=\"spin5\">vai pat<\/span>\u00a0nomin\u0101l\u0101 frekvence\u00a0<span id=\"spin6\">k\u0101 ar\u012b<\/span>\u00a0spriegums\u00a0<span id=\"spin7\">b\u016bs j\u0101<\/span>\u00a0atbilst tehniskajiem parametriem\u00a0<span id=\"spin8\">no<\/span>\u00a0<span id=\"spin9\">elektrisk\u0101s<\/span>\u00a0v\u0101rpsta.<br \/>\n<span id=\"spin10\">2<\/span>.\u00a0<span id=\"spin11\">Elektrisks<\/span>\u00a0v\u0101rpsta\u00a0<span id=\"spin12\">parasti ir<\/span>\u00a0atdzes\u0113ts ar cirkul\u0113jo\u0161u \u016bdeni. Dzes\u0113\u0161anas \u016bdens\u00a0<span id=\"spin13\">vajag b\u016bt<\/span>\u00a0ner\u016bs\u0113jo\u0161s un filtr\u0113ts t\u012brs. Kad\u00a0<span id=\"spin14\">ieg\u016b\u0161ana<\/span>\u00a0\u016bdens, iepl\u016bde\u00a0<span id=\"spin15\">j\u0101b\u016bt<\/span>\u00a0<span id=\"spin16\">zem<\/span>\u00a0tas\u00a0<span id=\"spin17\">elektrisk\u0101<\/span>\u00a0v\u0101rpsta.<br \/>\n<span id=\"spin18\">tr\u012bs<\/span>Kad\u00a0<span id=\"spin19\">str\u0101d\u0101jot ar<\/span>\u00a0ar e\u013c\u013cas miglu e\u013c\u013cota v\u0101rpsta,\u00a0<span id=\"spin20\">stress<\/span>\u00a0regul\u0113\u0161anas v\u0101rsts\u00a0<span id=\"spin21\">uz<\/span>\u00a0e\u013c\u013cas migla\u00a0<span id=\"spin22\">s\u012bkr\u012bks<\/span>\u00a0<span id=\"spin23\">vajadz\u0113tu b\u016bt<\/span>\u00a0noregul\u0113ts uz 0,25\u20130,3 MPA miglas\u00a0<span id=\"spin25\">spiediens<\/span>\u00a0<span id=\"spin26\">vajadz\u0113tu b\u016bt<\/span>\u00a00,1\u20130,2 MPa\u00a0<span id=\"spin28\">un<\/span>\u00a0<span id=\"spin29\">da\u017e\u0101das<\/span>\u00a0e\u013c\u013cas pilieni\u00a0<span id=\"spin30\">j\u0101b\u016bt<\/span>\u00a060\u201370 pilieni\/min\u016bt\u0113.\u00a0<span id=\"spin31\">un ar\u012b<\/span>\u00a0sm\u0113re\u013c\u013ca\u00a0<span id=\"spin32\">vajadz\u0113tu b\u016bt<\/span>\u00a0zvanu e\u013c\u013ca vai turb\u012bnu e\u013c\u013ca Nr.\u00a0<span id=\"spin33\">20<\/span>.<br \/>\n<span id=\"spin34\">\u010detri<\/span>. The\u00a0<span id=\"spin35\">\u0101trums<\/span>\u00a0<span id=\"spin36\">ap<\/span>\u00a0motoriz\u0113ta v\u0101rpsta\u00a0<span id=\"spin37\">ce\u013cvedis<\/span>\u00a0<span id=\"spin38\">noteikti ir<\/span>\u00a0augst\u0101kais\u00a0<span id=\"spin39\">\u0101trums<\/span>un\u00a0<span id=\"spin40\">tas var<\/span>\u00a0neb\u016bt\u00a0<span id=\"spin41\">paaugstin\u0101ts<\/span>,\u00a0<span id=\"spin42\">tom\u0113r tas<\/span>\u00a0<span id=\"spin43\">var b\u016bt<\/span>\u00a0<span id=\"spin44\">nodarbin\u0101ts<\/span>\u00a0<span id=\"spin45\">samazin\u0101t<\/span><br \/>\ntas\u00a0<span id=\"spin46\">temps,<\/span>\u00a0spriegums un frekvence ir\u00a0<span id=\"spin47\">samazin\u0101ts<\/span>\u00a0<span id=\"spin48\">reiz<\/span>\u00a0<span id=\"spin49\">\u0101trums<\/span>\u00a0ir pazemin\u0101ts.<br \/>\n<span id=\"spin50\">5<\/span>Rot\u0101cija\u00a0<span id=\"spin51\">kurss<\/span>\u00a0<span id=\"spin52\">ar<\/span>\u00a0motoriz\u0113ta v\u0101rpsta\u00a0<span id=\"spin53\">parasti ir<\/span>\u00a0pret\u0113ji pulkste\u0146r\u0101d\u012bt\u0101ja virzienam (skat\u012bt\u00a0<span id=\"spin54\">iek\u0161\u0101<\/span>\u00a0v\u0101rpsta). iz\u0146emot\u00a0<span id=\"spin55\">ekskluz\u012bvs<\/span><br \/>\n<span id=\"spin56\">pras\u012bbas<\/span>.<br \/>\n<span id=\"spin57\">6<\/span>Motoriz\u0113t\u0101 v\u0101rpsta, kas iee\u013c\u013cota ar e\u013c\u013cas miglu.\u00a0<span id=\"spin58\">ir j\u0101b\u016bt<\/span>\u00a0<span id=\"spin59\">saist\u012bts<\/span>\u00a0ar \u016bdeni un\u00a0<span id=\"spin60\">benz\u012bns<\/span>\u00a0<span id=\"spin61\">pirms<\/span>\u00a0<span id=\"spin62\">tas, iesp\u0113jams, var\u0113tu<\/span>\u00a0<span id=\"spin63\">s\u0101kt<\/span>\u00a0un\u00a0<span id=\"spin64\">p\u0101rtraukt<\/span>\u00a0\u016bdens un\u00a0<span id=\"spin65\">degviela\u00a0<\/span><span id=\"spin66\">pieg\u0101de<\/span>\u00a0<span id=\"spin67\">p\u0113c<\/span>\u00a0izsl\u0113g\u0161ana.<br \/>\nPaskaidrojums:\u00a0<span id=\"spin68\">unik\u0101ls<\/span>\u00a0oper\u0101cija\u00a0<span id=\"spin69\">ir nepiecie\u0161ams<\/span>\u00a0<span id=\"spin70\">saska\u0146\u0101 ar<\/span>\u00a0<span id=\"spin71\">uz<\/span>\u00a0<span id=\"spin72\">elektrisk\u0101<\/span>\u00a0v\u0101rpsta\u00a0<span id=\"spin73\">vadl\u012bnijas<\/span>.<\/div>\n<div>\n<div class=\"flex max-w-full flex-col flex-grow\">\n<div class=\"min-h-8 text-message flex w-full flex-col items-end gap-2 whitespace-normal break-words text-start [.text-message+&amp;]:mt-5\" dir=\"auto\" data-message-author-role=\"assistant\" data-message-id=\"fbdee532-4424-41b2-a093-d85f55f880e4\" data-message-model-slug=\"gpt-4o-mini\">\n<div class=\"flex w-full flex-col gap-1 empty:hidden first:pt-[3px]\">\n<div class=\"markdown prose w-full break-words dark:prose-invert light\">\n<h2>Par FMP<\/h2>\n<p>FMP ir vado\u0161ais ra\u017eot\u0101js, kas specializ\u0113jas meh\u0101nisko komponentu, tostarp spir\u0101lveida konusveida t\u0101rpu reduktoru, zobratu, konusveida buksu, zobratu, savienojumu un citu transmisijas deta\u013cu, ra\u017eo\u0161an\u0101. Ar sp\u0113c\u012bgu eksporta fokusu vair\u0101k nek\u0101 651\u00a0TP4\u00a0T m\u016bsu produktu tiek pieg\u0101d\u0101ti uz Eiropas tirgiem, piem\u0113ram, V\u0101ciju, Apvienoto Karalisti un Franciju, radot gada eksporta v\u0113rt\u012bbu 1TP5\u00a0T18\u00a0miljonu apm\u0113r\u0101. M\u016bsu kop\u0113j\u0101 gada ra\u017eo\u0161anas v\u0113rt\u012bba sasniedz 200\u00a0miljonus RMB.<\/p>\n<p>Visi FMP produkti ir izstr\u0101d\u0101ti un ra\u017eoti saska\u0146\u0101 ar starptautiskajiem, Eiropas un ASV r\u016bpniec\u012bbas standartiem. M\u0113s izmantojam modernu prec\u012bzijas apstr\u0101des apr\u012bkojumu, iev\u0113rojam optimiz\u0113tus ra\u017eo\u0161anas procesus un uzturam elast\u012bgu, efekt\u012bvu vad\u012bbas sist\u0113mu. M\u016bsu stabil\u0101 kvalit\u0101tes vad\u012bbas sist\u0113ma nodro\u0161ina augstus produktu standartus, vienlaikus saglab\u0101jot m\u016bsu cenu konkur\u0113tsp\u0113ju.<\/p>\n<p>Uz\u0146\u0113mum\u0101 FMP m\u0113s iev\u0113rojam \u0161\u0101das pamatv\u0113rt\u012bbas: \u201cKvalit\u0101te: uz\u0146\u0113m\u0113jdarb\u012bbas ilgtsp\u0113j\u012bbas st\u016brakmens; Integrit\u0101te: uz\u0146\u0113m\u0113jdarb\u012bbas izaugsmes virz\u012bt\u0101jsp\u0113ks; Apkalpo\u0161ana: att\u012bst\u012bbas pamats; un Pieejam\u012bba: pan\u0101kumu atsl\u0113ga.\u201d M\u0113s atzin\u012bgi v\u0113rt\u0113jam sadarb\u012bbu gan ar viet\u0113jiem, gan starptautiskiem klientiem un esam ap\u0146\u0113mu\u0161ies veicin\u0101t savstarp\u0113ju izaugsmi un pan\u0101kumus.<\/p>\n<\/div>\n<\/div>\n<\/div>\n<\/div>\n<p><img loading=\"lazy\" decoding=\"async\" class=\"alignnone wp-image-3563\" src=\"https:\/\/fmp-components.com\/wp-content\/uploads\/2025\/01\/company-2.webp\" alt=\"uz\u0146\u0113mums\" width=\"873\" height=\"790\" title=\"\" srcset=\"https:\/\/fmp-components.com\/wp-content\/uploads\/2025\/01\/company-2.webp 873w, https:\/\/fmp-components.com\/wp-content\/uploads\/2025\/01\/company-2-480x435.webp 480w\" sizes=\"(min-width: 0px) and (max-width: 480px) 480px, (min-width: 481px) 873px, 100vw\" \/> <img loading=\"lazy\" decoding=\"async\" class=\"alignnone wp-image-3564\" src=\"https:\/\/fmp-components.com\/wp-content\/uploads\/2025\/01\/company-3.webp\" alt=\"uz\u0146\u0113mums\" width=\"873\" height=\"776\" title=\"\" srcset=\"https:\/\/fmp-components.com\/wp-content\/uploads\/2025\/01\/company-3.webp 873w, https:\/\/fmp-components.com\/wp-content\/uploads\/2025\/01\/company-3-480x427.webp 480w\" sizes=\"(min-width: 0px) and (max-width: 480px) 480px, (min-width: 481px) 873px, 100vw\" \/> <img loading=\"lazy\" decoding=\"async\" class=\"alignnone wp-image-3565\" src=\"https:\/\/fmp-components.com\/wp-content\/uploads\/2025\/01\/company-1.webp\" alt=\"uz\u0146\u0113mums\" width=\"877\" height=\"225\" title=\"\" srcset=\"https:\/\/fmp-components.com\/wp-content\/uploads\/2025\/01\/company-1.webp 877w, https:\/\/fmp-components.com\/wp-content\/uploads\/2025\/01\/company-1-480x123.webp 480w\" sizes=\"(min-width: 0px) and (max-width: 480px) 480px, (min-width: 481px) 877px, 100vw\" \/><\/p>\n<p>Autors: CX<\/p>\n<\/div>","protected":false},"excerpt":{"rendered":"<p>There are Two Ways for the Output One is Constant Torque, and Another is Constant Power as Below: Nomenclature Explanation of Motor Spindle The End of the Spindle Connection Its have many different types of connection, depending on the different model spindle, please refer to the table below. Spindle Instruction 1. The frequency converter\u00a0has to\u00a0match [&hellip;]<\/p>","protected":false},"featured_media":3673,"comment_status":"open","ping_status":"closed","template":"","meta":{"_et_pb_use_builder":"","_et_pb_old_content":"","_et_gb_content_width":""},"product_brand":[],"product_cat":[89],"product_tag":[],"class_list":{"0":"post-3668","1":"product","2":"type-product","3":"status-publish","4":"has-post-thumbnail","6":"product_cat-spindle-motor","8":"first","9":"instock","10":"shipping-taxable","11":"product-type-simple"},"_links":{"self":[{"href":"https:\/\/fmp-components.com\/lv\/wp-json\/wp\/v2\/product\/3668","targetHints":{"allow":["GET"]}}],"collection":[{"href":"https:\/\/fmp-components.com\/lv\/wp-json\/wp\/v2\/product"}],"about":[{"href":"https:\/\/fmp-components.com\/lv\/wp-json\/wp\/v2\/types\/product"}],"replies":[{"embeddable":true,"href":"https:\/\/fmp-components.com\/lv\/wp-json\/wp\/v2\/comments?post=3668"}],"wp:featuredmedia":[{"embeddable":true,"href":"https:\/\/fmp-components.com\/lv\/wp-json\/wp\/v2\/media\/3673"}],"wp:attachment":[{"href":"https:\/\/fmp-components.com\/lv\/wp-json\/wp\/v2\/media?parent=3668"}],"wp:term":[{"taxonomy":"product_brand","embeddable":true,"href":"https:\/\/fmp-components.com\/lv\/wp-json\/wp\/v2\/product_brand?post=3668"},{"taxonomy":"product_cat","embeddable":true,"href":"https:\/\/fmp-components.com\/lv\/wp-json\/wp\/v2\/product_cat?post=3668"},{"taxonomy":"product_tag","embeddable":true,"href":"https:\/\/fmp-components.com\/lv\/wp-json\/wp\/v2\/product_tag?post=3668"}],"curies":[{"name":"wp","href":"https:\/\/api.w.org\/{rel}","templated":true}]}}