{"id":360,"date":"2024-12-09T08:28:19","date_gmt":"2024-12-09T08:28:19","guid":{"rendered":"https:\/\/fmp-components.com\/?page_id=8"},"modified":"2024-12-10T03:04:10","modified_gmt":"2024-12-10T03:04:10","slug":"boom-aerial-work-vehicle-lower-arm-hydraulic-cylinder","status":"publish","type":"product","link":"https:\/\/fmp-components.com\/lv\/product\/boom-aerial-work-vehicle-lower-arm-hydraulic-cylinder\/","title":{"rendered":"Str\u0113les pac\u0113l\u0101ja darba transportl\u012bdzek\u013ca apak\u0161\u0113j\u0101s sviras hidrauliskais cilindrs"},"content":{"rendered":"<p style=\"text-align: center;\"><span style=\"font-size: 18pt;\">Str\u0113les pac\u0113l\u0101ja darba transportl\u012bdzek\u013ca apak\u0161\u0113j\u0101s sviras hidrauliskais cilindrs<\/span><\/p>\n<p>Str\u0113les pac\u0113l\u0101ja darba transportl\u012bdzek\u013ca apak\u0161\u0113j\u0101s sviras hidrauliskais cilindrs ir b\u016btiska sast\u0101vda\u013ca, kas izstr\u0101d\u0101ta optim\u0101lai veiktsp\u0113jai pac\u0113l\u0101ja darba platform\u0101s. \u0160is hidrauliskais cilindrs ir atbild\u012bgs par str\u0113les apak\u0161\u0113j\u0101s sviras cel\u0161anas sp\u0113ka un stabilit\u0101tes nodro\u0161in\u0101\u0161anu, \u013caujot operatoriem prec\u012bzi un dro\u0161i piek\u013c\u016bt pacelt\u0101m darba zon\u0101m.<\/p>\n<h4>Galven\u0101s iez\u012bmes:<\/h4>\n<ul>\n<li>Augstas iztur\u012bbas konstrukcija: Izgatavots no iztur\u012bgiem materi\u0101liem, \u0161is hidrauliskais cilindrs ir paredz\u0113ts, lai iztur\u0113tu lielas slodzes un skarbus ekspluat\u0101cijas apst\u0101k\u013cus, nodro\u0161inot ilgsto\u0161u veiktsp\u0113ju un uzticam\u012bbu.<\/li>\n<li>Vienm\u0113r\u012bga hidraulisk\u0101 darb\u012bba: Uzlabot\u0101 hidraulisk\u0101 sist\u0113ma nodro\u0161ina vienm\u0113r\u012bgas pacel\u0161anas un nolai\u0161anas darb\u012bbas, \u013caujot prec\u012bzi kontrol\u0113t darb\u012bbas laik\u0101 un samazinot p\u0113k\u0161\u0146u kust\u012bbu risku.<\/li>\n<li>Uzlabota stabilit\u0101te: \u0160im cilindram ir b\u016btiska loma str\u0113les stabilit\u0101tes saglab\u0101\u0161an\u0101, veicinot dro\u0161\u0101ku darb\u012bbu, str\u0101d\u0101jot augstum\u0101.<\/li>\n<li>Daudzpus\u012bgs pielietojums: \u0160is hidrauliskais cilindrs ir ide\u0101li piem\u0113rots da\u017e\u0101d\u0101m nozar\u0113m, tostarp b\u016bvniec\u012bbai, apkopei, komun\u0101lajiem pakalpojumiem un izklaidei, un atbalsta t\u0101dus uzdevumus k\u0101 armat\u016bras uzst\u0101d\u012b\u0161ana, remonta veik\u0161ana un p\u0101rbau\u017eu veik\u0161ana.<\/li>\n<li>Vienk\u0101r\u0161a integr\u0101cija: Apak\u0161\u0113j\u0101s sviras hidrauliskais cilindrs, kas paredz\u0113ts vienk\u0101r\u0161ai uzst\u0101d\u012b\u0161anai, var tikt neman\u0101mi integr\u0113ts eso\u0161aj\u0101s str\u0113les pacel\u0161anas sist\u0113m\u0101s, samazinot d\u012bkst\u0101ves laiku un atvieglojot \u0101tru izvieto\u0161anu.<\/li>\n<\/ul>\n<h4>Ieguvumi:<\/h4>\n<ul>\n<li>Paaugstin\u0101ta produktivit\u0101te: Hidraulisk\u0101 cilindra uzticam\u0101s cel\u0161anas iesp\u0113jas uzlabo pacel\u0161anas gais\u0101 efektivit\u0101ti, \u013caujot operatoriem paveikt darbus \u0101tr\u0101k un efekt\u012bv\u0101k.<\/li>\n<li>Operatora p\u0101rliec\u012bba: Pateicoties t\u0101 iztur\u012bgajai konstrukcijai un vienm\u0113r\u012bgajai darb\u012bbai, cilindrs \u013cauj operatoriem str\u0101d\u0101t ar p\u0101rliec\u012bbu, samazinot nogurumu un uzlabojot darba apmierin\u0101t\u012bbu.<\/li>\n<li>Izmaksu zi\u0146\u0101 efekt\u012bvs risin\u0101jums: Hidraulisk\u0101 cilindra iztur\u012bba un efektivit\u0101te nodro\u0161ina zem\u0101kas apkopes izmaksas un samazina d\u012bkst\u0101ves laiku, padarot to par gudru ieguld\u012bjumu jebkuram gaisa darbu transportl\u012bdzek\u013cu parkam.<\/li>\n<\/ul>\n<p>Rezum\u0113jot, pac\u0113l\u0101ja darba platformas apak\u0161\u0113j\u0101s sviras hidrauliskais cilindrs ir b\u016btiska sast\u0101vda\u013ca, kas uzlabo pac\u0113l\u0101ju funkcionalit\u0101ti, dro\u0161\u012bbu un efektivit\u0101ti. T\u0101 uzticam\u0101 veiktsp\u0113ja padara to neaizst\u0101jamu pla\u0161am pielietojumu kl\u0101stam, nodro\u0161inot, ka operatori var efekt\u012bvi un dro\u0161i veikt savus uzdevumus augstum\u0101.<\/p>\n<h2>Str\u0113les pac\u0113l\u0101ja darba transportl\u012bdzek\u013ca apak\u0161\u0113j\u0101s sviras hidraulisk\u0101 cilindra izm\u0113ri:<\/h2>\n<table>\n<tbody>\n<tr>\n<td><img loading=\"lazy\" decoding=\"async\" class=\"size-large wp-image-316554 aligncenter\" src=\"https:\/\/hzpt.com\/wp-content\/uploads\/2023\/08\/Boom-Aerial-Work-Vehicle-Lower-Arm-Hydraulic-Cylinder-Dimensions-1-1024x379.webp\" sizes=\"(min-width: 0px) and (max-width: 480px) 480px, (min-width: 481px) and (max-width: 980px) 980px, (min-width: 981px) 1024px, 100vw\" srcset=\"https:\/\/images.hzpt.com\/2023\/08\/FMNqWZJ8-Boom-Aerial-Work-Vehicle-Lower-Arm-Hydraulic-Cylinder-Dimensions-1-980x363.webp 980w, https:\/\/images.hzpt.com\/2023\/08\/FMNqWZJ8-Boom-Aerial-Work-Vehicle-Lower-Arm-Hydraulic-Cylinder-Dimensions-1-480x178.webp 480w\" alt=\"Str\u0113les pac\u0113l\u0101ja darba transportl\u012bdzek\u013ca apak\u0161\u0113j\u0101s sviras hidraulisk\u0101 cilindra izm\u0113ri\" width=\"1024\" height=\"379\" title=\"\"><\/td>\n<td><img loading=\"lazy\" decoding=\"async\" class=\"size-large wp-image-316555 aligncenter\" src=\"https:\/\/hzpt.com\/wp-content\/uploads\/2023\/08\/Boom-Aerial-Work-Vehicle-Lower-Arm-Hydraulic-Cylinder-Dimensions-2-1024x379.webp\" sizes=\"(min-width: 0px) and (max-width: 480px) 480px, (min-width: 481px) and (max-width: 980px) 980px, (min-width: 981px) 1024px, 100vw\" srcset=\"https:\/\/images.hzpt.com\/2023\/08\/Vym6PmKH-Boom-Aerial-Work-Vehicle-Lower-Arm-Hydraulic-Cylinder-Dimensions-2-980x363.webp 980w, https:\/\/images.hzpt.com\/2023\/08\/Vym6PmKH-Boom-Aerial-Work-Vehicle-Lower-Arm-Hydraulic-Cylinder-Dimensions-2-480x178.webp 480w\" alt=\"Str\u0113les pac\u0113l\u0101ja darba transportl\u012bdzek\u013ca apak\u0161\u0113j\u0101s sviras hidraulisk\u0101 cilindra izm\u0113ri\" width=\"1024\" height=\"379\" title=\"\"><\/td>\n<\/tr>\n<\/tbody>\n<\/table>\n<table border=\"1\" cellspacing=\"0\" cellpadding=\"0\">\n<tbody>\n<tr>\n<td width=\"246\">Cilindra nosaukums<\/td>\n<td width=\"336\">Z\u012bm\u0113juma numurs<\/td>\n<td width=\"126\">Urbuma diametrs (D)<\/td>\n<td width=\"123\">Stie\u0146a diametrs (d)<\/td>\n<td width=\"114\">G\u0101jiens (S)<\/td>\n<td width=\"170\">Uzst\u0101d\u012b\u0161anas att\u0101lums (L)<\/td>\n<td width=\"172\">Darba spiediens<\/td>\n<td width=\"366\">Saskarnes izm\u0113ri (M)<\/td>\n<td width=\"96\">Svars<\/td>\n<\/tr>\n<tr>\n<td class=\"et3\" width=\"246\" height=\"190\">Apak\u0161\u0113j\u0101s sviras cilindrs<\/td>\n<td class=\"et4\" width=\"336\">GTHZ210C-620400-000<\/td>\n<td class=\"et4\" width=\"126\">\u03a6100<\/td>\n<td class=\"et4\" width=\"123\">\u03a680<\/td>\n<td class=\"et4\" width=\"114\">1458<\/td>\n<td class=\"et4\" width=\"170\">1899<\/td>\n<td class=\"et4\" width=\"172\">21MPa<\/td>\n<td class=\"et4\" width=\"366\">2-\u03a69<\/td>\n<td class=\"et4\" width=\"96\">137 kg<\/td>\n<\/tr>\n<\/tbody>\n<\/table>\n<h2>Pieejamie hidrauliskie cilindri Z\u012bmols un mode\u013ci:<\/h2>\n<table border=\"1\" cellspacing=\"0\" cellpadding=\"0\">\n<tbody>\n<tr>\n<td><b data-spm-anchor-id=\"a2700.details.0.i43.45d84a73e99C9z\">KOMATSU (PC)<\/b><\/td>\n<td>PC30, PC40, PC50, PC56, PC60, PC78, PC100, PC110, PC120, PC130, PC160, PC200-3\/5\/6\/7\/8\/8MO, PC210, PC220-5\/6\/7\/8\/8MO, PC240, PC300\/350\/360-5\/6\/7\/8\/8MO, PC400\/450-5\/6\/7\/8\/8MO, PC800, PC850<\/td>\n<\/tr>\n<tr>\n<td><b>K\u0100P\u0112RS (E)<\/b><\/td>\n<td>E301.5, E302, E305.5, E306, E307V1\/V2\/B\/C\/D\/E\/F, E308B\/C, E120B, E312V1\/V2\/B\/C\/D, E313D2, E312D2, E315D,<br \/>\nE200B,E320V1\/V2\/A\/B\/C\/D,E324D,E325C\/D,E329D,E330\/336C\/D,E345C,E349D,E365C,E374,E390<\/td>\n<\/tr>\n<tr>\n<td><b>KOBELCO (SK)<\/b><\/td>\n<td>SK60-3\/5\/8, SK75-8\/SR, SK100 ,SK120-3\/5, SK135-8\/SR, SK140-8, SK200-3\/5\/6\/6E, SK210-3\/5\/6\/6E,<br \/>\nSK230\/250-6E,SK250-8,SK260-8,SK350-8\/S8,SK460\/480-8<\/td>\n<\/tr>\n<tr>\n<td><b>HYUNDAI (R)<\/b><\/td>\n<td>R55-5\/7, R60-5\/7, R80, R110, R130, R200-5, R210-5, R215-5\/7, R220-5\/7\/9, R225-5\/7\/9, R250, R260, R265, R290, R305, R445, R485, R505<\/td>\n<\/tr>\n<tr>\n<td><b data-spm-anchor-id=\"a2700.details.0.i53.45d84a73e99C9z\">HITACHI (EX.ZX)<\/b><\/td>\n<td>EX60, EX100-1\/2\/3, EX120-1\/3\/5\/6, EX200-1\/3\/5, EX230-5, EX300-1, EX400<br \/>\nZAX60, ZAX70, ZA120-6, ZAX200\/210-1\/3\/5\/5K, ZAX240, ZAX250, ZAX260, ZAX330-3\/5\/6, ZAX450\/470, ZAX650\/670, ZAX850\/870<\/td>\n<\/tr>\n<tr>\n<td>\n<div class=\"magic-32\"><b data-spm-anchor-id=\"a2700.details.0.i55.45d84a73e99C9z\">DOOSAN (DH\/DX)<\/b><\/div>\n<\/td>\n<td>\n<div class=\"magic-33\"><span class=\"magic-34\">DH55, DH60, DH80, DH150, DH215-5\/7, DH220-5, DH225-5\/7, DH258, DH300-5\/7, DH370, DH420, DH500<br \/>\nDX55, DX60, DX75, DX130, DX225-9, DX300, DX380, DX420, DX500<\/span><\/div>\n<\/td>\n<\/tr>\n<tr>\n<td>\n<div class=\"magic-32\"><b>VOLVO (EK)<\/b><\/div>\n<\/td>\n<td>\n<div class=\"magic-33\"><span class=\"magic-34\">EC55, EC60, EC75, EC80, EC140, EC210B\/D, EC220D, EC240, EC250, EC290, EC300, EC360, EC380, EC460, EC480, EC700, EC750, EC950<\/span><\/div>\n<\/td>\n<\/tr>\n<tr>\n<td>\n<div class=\"magic-32\"><b>KATO (HD)<\/b><\/div>\n<\/td>\n<td>\n<div class=\"magic-33\"><span class=\"magic-34\">HD307\/308, HD450, HD512, HD700-5\/7, HD820-1\/2\/3\/5\/R, HD1023-1\/3, HD1430-1\/3<\/span><\/div>\n<\/td>\n<\/tr>\n<tr>\n<td>\n<div class=\"magic-32\"><b>CITS Z\u012aMOLS<\/b><\/div>\n<\/td>\n<td>\n<div class=\"magic-33\"><span class=\"magic-34\">XCMG,LIUGONG,KUBOTA,CASE,YANMAR,SUNWARD,ZOOMLION,LISHIDE,LIEHERR<\/span><\/div>\n<\/td>\n<\/tr>\n<\/tbody>\n<\/table>\n<h3>Str\u0113les pac\u0113l\u0101ja transportl\u012bdzek\u013ca apak\u0161\u0113j\u0101s sviras hidraulisk\u0101 cilindra priek\u0161roc\u012bbas<\/h3>\n<p>Str\u0113les pac\u0113l\u0101ja darba transportl\u012bdzek\u013ca apak\u0161\u0113j\u0101s sviras hidrauliskais cilindrs pied\u0101v\u0101 daudzas priek\u0161roc\u012bbas, kas uzlabo pac\u0113l\u0101ju veiktsp\u0113ju un dro\u0161\u012bbu. \u0160eit ir da\u017eas galven\u0101s priek\u0161roc\u012bbas:<\/p>\n<h4>1. Uzlabota celtsp\u0113ja<\/h4>\n<p>Hidrauliskais cilindrs nodro\u0161ina iev\u0113rojamu celtsp\u0113ju, \u013caujot str\u0113lei viegli tikt gal\u0101 ar smag\u0101m krav\u0101m. \u0160\u012b iesp\u0113ja \u013cauj operatoriem efekt\u012bvi veikt pla\u0161\u0101ku uzdevumu kl\u0101stu, s\u0101kot no b\u016bvniec\u012bbas l\u012bdz apkopei.<\/p>\n<h4>2. Prec\u012bza kontrole<\/h4>\n<p>Pateicoties vienm\u0113r\u012bgajai hidrauliskajai darb\u012bbai, cilindrs \u013cauj prec\u012bzi kontrol\u0113t str\u0113les kust\u012bbu. Operatori var viegli regul\u0113t augstumu un le\u0146\u0137i, nodro\u0161inot prec\u012bzu pozicion\u0113\u0161anu da\u017e\u0101diem pielietojumiem.<\/p>\n<h4>3. Uzlabota stabilit\u0101te<\/h4>\n<p>Apak\u0161\u0113j\u0101s sviras hidrauliskais cilindrs veicina pac\u0113l\u0101ja visp\u0101r\u0113jo stabilit\u0101ti. Saglab\u0101jot l\u012bdzsvaru pacel\u0161anas un nolai\u0161anas laik\u0101, tas uzlabo gan operatora, gan apk\u0101rt\u0113jo person\u0101la dro\u0161\u012bbu.<\/p>\n<h4>4. Iztur\u012bga konstrukcija<\/h4>\n<p>Hidrauliskais cilindrs ir izgatavots no augstas iztur\u012bbas materi\u0101liem, lai iztur\u0113tu skarbus darba apst\u0101k\u013cus un intens\u012bvu lieto\u0161anu. \u0160\u012b iztur\u012bba noz\u012bm\u0113 ilg\u0101ku kalpo\u0161anas laiku un samazin\u0101tas apkopes vajadz\u012bbas.<\/p>\n<h4>5. Daudzpus\u012bba lietojumprogramm\u0101s<\/h4>\n<p>Hidrauliskais cilindrs ir piem\u0113rots da\u017e\u0101d\u0101m nozar\u0113m, tostarp b\u016bvniec\u012bbai, komun\u0101lajiem pakalpojumiem, apkopei un pas\u0101kumu iek\u0101rto\u0161anai. T\u0101 daudzpus\u012bba padara to par neaizst\u0101jamu instrumentu, lai piek\u013c\u016btu paaugstin\u0101t\u0101m darba viet\u0101m da\u017e\u0101d\u0101s vid\u0113s.<\/p>\n<h4>6. \u0100tra instal\u0113\u0161ana un integr\u0101cija<\/h4>\n<p>Apak\u0161\u0113j\u0101s sviras hidrauliskais cilindrs ir paredz\u0113ts vienk\u0101r\u0161ai uzst\u0101d\u012b\u0161anai, un to var neman\u0101mi integr\u0113t eso\u0161aj\u0101s pac\u0113l\u0101jplatform\u0101s. \u0160\u012b funkcija samazina d\u012bkst\u0101ves laiku un \u013cauj \u0101tri izvietot platformu uz lauka.<\/p>\n<h4>7. Izmaksu efektivit\u0101te<\/h4>\n<p>Hidraulisk\u0101 cilindra efektivit\u0101te un uzticam\u012bba samazina ekspluat\u0101cijas izmaksas. Samazin\u0101ta apkope un d\u012bkst\u0101ves laiks veicina kop\u0113jos ietaup\u012bjumus, padarot to par rentablu risin\u0101jumu uz\u0146\u0113mumiem.<\/p>\n<h4>8. Dro\u0161\u012bbas funkcijas<\/h4>\n<p>Daudziem hidrauliskajiem cilindriem ir dro\u0161\u012bbas meh\u0101nismi, piem\u0113ram, aizsardz\u012bba pret p\u0101rslodzi, kas nov\u0113r\u0161 negad\u012bjumus darb\u012bbas laik\u0101. \u0160\u012bs funkcijas uzlabo gaisa darba transportl\u012bdzek\u013cu dro\u0161\u012bbu, nodro\u0161inot operatoru sirdsmieru.<\/p>\n<h4>9. Operatora komforts<\/h4>\n<p>Hidraulisk\u0101 cilindra nodro\u0161in\u0101t\u0101 viegl\u0101 darb\u012bba samazina operatora fizisko slodzi. \u0160is komforts \u013cauj str\u0101d\u0101t ilg\u0101k bez noguruma, uzlabojot produktivit\u0101ti darba viet\u0101.<\/p>\n<p>Str\u0113les darba platformas apak\u0161\u0113j\u0101s sviras hidrauliskais cilindrs ir b\u016btiska sast\u0101vda\u013ca, kas ne tikai uzlabo darba platformu funkcionalit\u0101ti, bet ar\u012b uzlabo dro\u0161\u012bbu un efektivit\u0101ti. T\u0101s priek\u0161roc\u012bbas padara to par b\u016btisku izv\u0113li jebkurai organiz\u0101cijai, kas sav\u0101 darb\u012bb\u0101 izmanto darba platformas.<\/p>\n<table style=\"width: 99.9612%; height: 437px;\" width=\"290\">\n<tbody>\n<tr style=\"height: 437px;\">\n<td style=\"width: 51.7046%; height: 437px;\" width=\"226\">\n<h2><img loading=\"lazy\" decoding=\"async\" class=\"alignnone size-full wp-image-363\" src=\"https:\/\/fmp-components.com\/wp-content\/uploads\/2024\/12\/Boom-Aerial-Work-Vehicle-Lower-Arm-Hydraulic-Cylinder-Installation-2.webp\" alt=\"Str\u0113les-Gaisa-Darba-Transportl\u012bdzek\u013ca-Apak\u0161\u0113j\u0101s-Sviras-Hidrauliskais-Cilindrs\" width=\"1024\" height=\"849\" title=\"\" srcset=\"https:\/\/fmp-components.com\/wp-content\/uploads\/2024\/12\/Boom-Aerial-Work-Vehicle-Lower-Arm-Hydraulic-Cylinder-Installation-2.webp 1024w, https:\/\/fmp-components.com\/wp-content\/uploads\/2024\/12\/Boom-Aerial-Work-Vehicle-Lower-Arm-Hydraulic-Cylinder-Installation-2-980x813.webp 980w, https:\/\/fmp-components.com\/wp-content\/uploads\/2024\/12\/Boom-Aerial-Work-Vehicle-Lower-Arm-Hydraulic-Cylinder-Installation-2-480x398.webp 480w\" sizes=\"(min-width: 0px) and (max-width: 480px) 480px, (min-width: 481px) and (max-width: 980px) 980px, (min-width: 981px) 1024px, 100vw\" \/><\/h2>\n<\/td>\n<td style=\"width: 98.3102%; height: 437px;\" width=\"64\">\n<h2><img loading=\"lazy\" decoding=\"async\" class=\"alignnone size-full wp-image-362\" src=\"https:\/\/fmp-components.com\/wp-content\/uploads\/2024\/12\/Boom-Aerial-Work-Vehicle-Lower-Arm-Hydraulic-Cylinder-Installation-1.webp\" alt=\"Str\u0113les-Gaisa-Darba-Transportl\u012bdzek\u013ca-Apak\u0161\u0113j\u0101s-Sviras-Hidrauliskais-Cilindrs\" width=\"1024\" height=\"849\" title=\"\" srcset=\"https:\/\/fmp-components.com\/wp-content\/uploads\/2024\/12\/Boom-Aerial-Work-Vehicle-Lower-Arm-Hydraulic-Cylinder-Installation-1.webp 1024w, https:\/\/fmp-components.com\/wp-content\/uploads\/2024\/12\/Boom-Aerial-Work-Vehicle-Lower-Arm-Hydraulic-Cylinder-Installation-1-980x813.webp 980w, https:\/\/fmp-components.com\/wp-content\/uploads\/2024\/12\/Boom-Aerial-Work-Vehicle-Lower-Arm-Hydraulic-Cylinder-Installation-1-480x398.webp 480w\" sizes=\"(min-width: 0px) and (max-width: 480px) 480px, (min-width: 481px) and (max-width: 980px) 980px, (min-width: 981px) 1024px, 100vw\" \/><\/h2>\n<\/td>\n<\/tr>\n<\/tbody>\n<\/table>\n<h2>Par FMP<\/h2>\n<p>FMP ir specializ\u0113ts hidraulisko cilindru ra\u017eot\u0101js, kas ir paz\u012bstams ar savu sp\u0113c\u012bgo uzsvaru uz p\u0113tniec\u012bbu un ra\u017eo\u0161anas izcil\u012bbu. Kop\u0161 dibin\u0101\u0161anas uz\u0146\u0113mums ir velt\u012bjis sevi hidraulisko cilindru tehnolo\u0123iju nep\u0101rtrauktai att\u012bst\u012bbai. S\u0101kotn\u0113ji FMP ra\u017eoja da\u017e\u0101dus produktus ra\u017eas nov\u0101k\u0161anas un celtniec\u012bbas tehnikai; tom\u0113r kop\u0161 t\u0101 laika tas ir \u012bpa\u0161i koncentr\u0113jies uz lauksaimniec\u012bbas traktoru deta\u013c\u0101m.<\/p>\n<p>Ar vair\u0101k nek\u0101 desmit gadu ra\u017eo\u0161anas pieredzi FMP apvieno pla\u0161u vad\u012bbas pieredzi ar progres\u012bv\u0101m ra\u017eo\u0161anas tehnolo\u0123ij\u0101m, lai nodro\u0161in\u0101tu augst\u0101kos kvalit\u0101tes standartus savos produktos. Uz\u0146\u0113mums ir izveidojis visaptvero\u0161u apstr\u0101des ra\u017eo\u0161anas l\u012bniju, mont\u0101\u017eas l\u012bniju un p\u0101rkl\u0101\u0161anas l\u012bniju, kas \u013cauj tam nodro\u0161in\u0101t uzticamus un efekt\u012bvus ra\u017eo\u0161anas procesus.<\/p>\n<p>FMP izaugsmi ir atbalst\u012bjusi \u012bpa\u0161a komanda, kur\u0101 ir pieredz\u0113ju\u0161i vad\u012bbas darbinieki, prasm\u012bgi meh\u0101niskie konstruktori un augsti kvalific\u0113ti tehni\u0137i. \u0160\u012b sadarb\u012bbas pieeja nodro\u0161ina nemain\u012bgu produktu kvalit\u0101ti un efekt\u012bvi p\u0101rvalda procesu nep\u0101rtraukt\u012bbu, uzlabojot kop\u0113jo ra\u017eo\u0161anas efektivit\u0101ti.<\/p>\n<p>FMP filozofijas pamat\u0101 ir v\u0113rt\u012bbas \u201cTehnolo\u0123isk\u0101s inov\u0101cijas virza progresu\u201d, \u201cKvalit\u0101te rada z\u012bmolus\u201d, \u201cMeistar\u012bba nodro\u0161ina kvalit\u0101ti\u201d un \u201cIlgtermi\u0146a, abpus\u0113ji izdev\u012bgu attiec\u012bbu veido\u0161ana\u201d. Uz\u0146\u0113mums ir ap\u0146\u0113mies nodro\u0161in\u0101t augstas kvalit\u0101tes produktus, vienlaikus sniedzot izcilu klientu apkalpo\u0161anu. FMP past\u0101v\u012bgi cen\u0161as piel\u0101goties main\u012bgaj\u0101m tirgus vajadz\u012bb\u0101m, pozicion\u0113jot sevi k\u0101 uzticamu partneri lauksaimniec\u012bbas tehnikas nozar\u0113. Ar savu ap\u0146em\u0161anos nodro\u0161in\u0101t inov\u0101cijas un kvalit\u0101ti FMP m\u0113r\u0137is ir sniegt iev\u0113rojamu ieguld\u012bjumu hidraulisk\u0101s tehnolo\u0123ijas att\u012bst\u012bb\u0101 lauksaimniec\u012bbas nozar\u0113.<\/p>\n<p><img loading=\"lazy\" decoding=\"async\" class=\"alignnone wp-image-359\" src=\"https:\/\/fmp-components.com\/wp-content\/uploads\/2024\/12\/fmp-factory-3.webp\" alt=\"fmp-factory\" width=\"914\" height=\"612\" title=\"\" srcset=\"https:\/\/fmp-components.com\/wp-content\/uploads\/2024\/12\/fmp-factory-3.webp 914w, https:\/\/fmp-components.com\/wp-content\/uploads\/2024\/12\/fmp-factory-3-480x321.webp 480w\" sizes=\"(min-width: 0px) and (max-width: 480px) 480px, (min-width: 481px) 914px, 100vw\" \/><\/p>\n<p>Autors: CX<\/p>","protected":false},"excerpt":{"rendered":"<p>Str\u0113les pac\u0113l\u0101ja transportl\u012bdzek\u013ca apak\u0161\u0113j\u0101s sviras hidrauliskais cilindrs ir b\u016btiska sast\u0101vda\u013ca, kas nodro\u0161ina nepiecie\u0161amo celtsp\u0113ju un stabilit\u0101ti pac\u0113l\u0101jplatform\u0101m. \u0160is hidrauliskais cilindrs, kas paredz\u0113ts str\u0113les apak\u0161\u0113j\u0101s sviras atbalstam, nodro\u0161ina prec\u012bzu vad\u012bbu un kust\u012bbu, \u013caujot operatoriem dro\u0161i piek\u013c\u016bt pacelt\u0101m darba zon\u0101m. Izgatavots no augstas stipr\u012bbas materi\u0101liem, tas nodro\u0161ina iztur\u012bbu un uzticam\u012bbu liel\u0101s slodz\u0113s un sare\u017e\u0123\u012btos apst\u0101k\u013cos. T\u0101 vienm\u0113r\u012bg\u0101 hidraulisk\u0101 darb\u012bba atvieglo efekt\u012bvas vertik\u0101las un horizont\u0101las kust\u012bbas, uzlabojot produktivit\u0101ti un dro\u0161\u012bbu t\u0101du uzdevumu laik\u0101 k\u0101 apkope, b\u016bvniec\u012bba un p\u0101rbaudes. \u0160is hidrauliskais cilindrs ir b\u016btisks, lai optimiz\u0113tu str\u0113les pacel\u0161anas transportl\u012bdzek\u013cu veiktsp\u0113ju da\u017e\u0101dos pielietojumos.<\/p>","protected":false},"featured_media":356,"comment_status":"open","ping_status":"closed","template":"","meta":{"_et_pb_use_builder":"","_et_pb_old_content":"","_et_gb_content_width":""},"product_brand":[],"product_cat":[22],"product_tag":[],"class_list":{"0":"post-360","1":"product","2":"type-product","3":"status-publish","4":"has-post-thumbnail","6":"product_cat-aerial-work-vehicle-hydraulic-cylinders","8":"first","9":"instock","10":"shipping-taxable","11":"product-type-simple"},"_links":{"self":[{"href":"https:\/\/fmp-components.com\/lv\/wp-json\/wp\/v2\/product\/360","targetHints":{"allow":["GET"]}}],"collection":[{"href":"https:\/\/fmp-components.com\/lv\/wp-json\/wp\/v2\/product"}],"about":[{"href":"https:\/\/fmp-components.com\/lv\/wp-json\/wp\/v2\/types\/product"}],"replies":[{"embeddable":true,"href":"https:\/\/fmp-components.com\/lv\/wp-json\/wp\/v2\/comments?post=360"}],"wp:featuredmedia":[{"embeddable":true,"href":"https:\/\/fmp-components.com\/lv\/wp-json\/wp\/v2\/media\/356"}],"wp:attachment":[{"href":"https:\/\/fmp-components.com\/lv\/wp-json\/wp\/v2\/media?parent=360"}],"wp:term":[{"taxonomy":"product_brand","embeddable":true,"href":"https:\/\/fmp-components.com\/lv\/wp-json\/wp\/v2\/product_brand?post=360"},{"taxonomy":"product_cat","embeddable":true,"href":"https:\/\/fmp-components.com\/lv\/wp-json\/wp\/v2\/product_cat?post=360"},{"taxonomy":"product_tag","embeddable":true,"href":"https:\/\/fmp-components.com\/lv\/wp-json\/wp\/v2\/product_tag?post=360"}],"curies":[{"name":"wp","href":"https:\/\/api.w.org\/{rel}","templated":true}]}}