{"id":3584,"date":"2025-01-08T08:08:35","date_gmt":"2025-01-08T08:08:35","guid":{"rendered":"https:\/\/fmp-components.com\/?page_id=8"},"modified":"2025-01-08T08:08:35","modified_gmt":"2025-01-08T08:08:35","slug":"spindle-motor-used-for-lathe-jszd150h","status":"publish","type":"product","link":"https:\/\/fmp-components.com\/lv\/product\/spindle-motor-used-for-lathe-jszd150h\/","title":{"rendered":"V\u0101rpstas motors, ko izmanto virpai JSZD150H"},"content":{"rendered":"<p style=\"text-align: center;\"><span style=\"font-size: 18pt;\">V\u0101rpstas motors, ko izmanto virpai JSZD150H<\/span><\/p>\n<p>V\u0101rpstas motoriem ir daudz priek\u0161roc\u012bbu sal\u012bdzin\u0101jum\u0101 ar cita veida motoriem, tostarp mazs izm\u0113rs, augsta uzticam\u012bba un zems ener\u0123ijas pat\u0113ri\u0146\u0161. Tie var darboties ar\u012b t\u016bksto\u0161iem stundu bez probl\u0113m\u0101m un ir \u013coti klusi. Tas \u013cauj tos uzst\u0101d\u012bt maz\u0101k\u0101s telp\u0101s, un sliedes aiz\u0146em maz\u0101k vietas. Sliedes ir koncentriski magn\u0113tiska materi\u0101la ap\u013ci ap v\u0101rpstas motora v\u0101rpstu.<\/p>\n<p><img loading=\"lazy\" decoding=\"async\" class=\"alignnone size-full wp-image-3590\" src=\"https:\/\/fmp-components.com\/wp-content\/uploads\/2025\/01\/spindle-motor-used-for-lathe-jszd220-2.webp\" alt=\"v\u0101rpstas-motors-izmantots-virpai-jszd220-2\" width=\"847\" height=\"518\" title=\"\" srcset=\"https:\/\/fmp-components.com\/wp-content\/uploads\/2025\/01\/spindle-motor-used-for-lathe-jszd220-2.webp 847w, https:\/\/fmp-components.com\/wp-content\/uploads\/2025\/01\/spindle-motor-used-for-lathe-jszd220-2-480x294.webp 480w\" sizes=\"(min-width: 0px) and (max-width: 480px) 480px, (min-width: 481px) 847px, 100vw\" \/> <img loading=\"lazy\" decoding=\"async\" class=\"alignnone size-full wp-image-3589\" src=\"https:\/\/fmp-components.com\/wp-content\/uploads\/2025\/01\/spindle-motor-used-for-lathe-jszd220-3.webp\" alt=\"v\u0101rpstas-motors-izmantots-virpai-jszd220-3\" width=\"856\" height=\"192\" title=\"\" srcset=\"https:\/\/fmp-components.com\/wp-content\/uploads\/2025\/01\/spindle-motor-used-for-lathe-jszd220-3.webp 856w, https:\/\/fmp-components.com\/wp-content\/uploads\/2025\/01\/spindle-motor-used-for-lathe-jszd220-3-480x108.webp 480w\" sizes=\"(min-width: 0px) and (max-width: 480px) 480px, (min-width: 481px) 856px, 100vw\" \/><\/p>\n<h3>Virpo\u0161anai izmantoto v\u0101rpstu \u012bpa\u0161\u012bbas<\/h3>\n<ol>\n<li><strong>Augsts griezes moments un jaudas p\u0101rvade<\/strong><br \/>\nVirp\u0101s izmantot\u0101s v\u0101rpstas ir konstru\u0113tas t\u0101, lai nodro\u0161in\u0101tu vienm\u0113r\u012bgu augstu griezes momentu, \u013caujot efekt\u012bvi no\u0146emt materi\u0101lu pat pie liel\u0101m grie\u0161anas slodz\u0113m. Tas nodro\u0161ina vienm\u0113r\u012bgu darb\u012bbu un sp\u0113ju apstr\u0101d\u0101t cietus materi\u0101lus, nezaud\u0113jot veiktsp\u0113ju.<\/li>\n<li><strong>Main\u012bga \u0101truma kontrole<\/strong><br \/>\nVirpo\u0161anas v\u0101rpst\u0101m bie\u017ei ir main\u0101ma \u0101truma iesp\u0113jas, kas \u013cauj operatoriem piel\u0101got v\u0101rpstas \u0101trumu da\u017e\u0101diem apstr\u0101des uzdevumiem. \u0160\u012b elast\u012bba ir \u013coti svar\u012bga da\u017e\u0101du materi\u0101lu, s\u0101kot no met\u0101liem l\u012bdz plastmasai, apstr\u0101dei un nodro\u0161ina optim\u0101lus grie\u0161anas apst\u0101k\u013cus prec\u012bzam darbam.<\/li>\n<li><strong>Precizit\u0101te un stabilit\u0101te<\/strong><br \/>\nVirpo\u0161anas v\u0101rpstas ir konstru\u0113tas augstai precizit\u0101tei un minim\u0101lai izvirz\u012b\u0161anai, nodro\u0161inot, ka sagatave prec\u012bzi rot\u0113 ap savu asi. \u0160\u012b precizit\u0101te ir kritiski svar\u012bga deta\u013cu ra\u017eo\u0161an\u0101 ar stingr\u0101m pielaid\u0113m un smalkas virsmas apdares pan\u0101k\u0161an\u0101, \u012bpa\u0161i augstas klases pielietojumos, piem\u0113ram, kosmosa vai automobi\u013cu ra\u017eo\u0161an\u0101.<\/li>\n<li><strong>Iztur\u012bba un karstumiztur\u012bba<\/strong><br \/>\n\u0145emot v\u0113r\u0101 virpo\u0161anas pras\u012bgo raksturu, v\u0101rpstas ir konstru\u0113tas t\u0101, lai iztur\u0113tu ilgsto\u0161u lieto\u0161anu liel\u0101 \u0101trum\u0101 un ar main\u012bg\u0101m slodz\u0113m. Daudzas virpo\u0161anas v\u0101rpstas ir apr\u012bkotas ar modern\u0101m dzes\u0113\u0161anas sist\u0113m\u0101m, piem\u0113ram, gaisa vai \u0161\u0137idruma dzes\u0113\u0161anu, lai izklied\u0113tu siltumu un nodro\u0161in\u0101tu stabilu darb\u012bbu ilgsto\u0161\u0101 laika period\u0101.<\/li>\n<li><strong>Zema vibr\u0101cija un troksnis<\/strong><br \/>\nAugstas kvalit\u0101tes virpas v\u0101rpstas ir konstru\u0113tas t\u0101, lai samazin\u0101tu vibr\u0101cijas un troksni, kas ir \u013coti svar\u012bgi deta\u013cu precizit\u0101tes saglab\u0101\u0161anai un klus\u0101kas darba vides rad\u012b\u0161anai. Zems vibr\u0101cijas l\u012bmenis ar\u012b veicina lab\u0101ku instrumenta kalpo\u0161anas laiku un sagataves kvalit\u0101ti.<\/li>\n<\/ol>\n<p>Kopum\u0101 virpu v\u0101rpstas ir paredz\u0113tas uzticam\u012bbai, precizit\u0101tei un daudzpus\u012bbai, padarot t\u0101s par b\u016btisku sast\u0101vda\u013cu, lai nodro\u0161in\u0101tu virpu ma\u0161\u012bnu augstu veiktsp\u0113ju un efektivit\u0101ti pla\u0161\u0101 pielietojumu kl\u0101st\u0101.<\/p>\n<h2>Izejai ir divi veidi: viens ir nemain\u012bgs griezes moments, bet otrs ir nemain\u012bga jauda, \u200b\u200bk\u0101 nor\u0101d\u012bts t\u0101l\u0101k:<\/h2>\n<p><img loading=\"lazy\" decoding=\"async\" class=\"alignnone size-full wp-image-3573\" src=\"https:\/\/fmp-components.com\/wp-content\/uploads\/2025\/01\/spindle-motor-1.webp\" alt=\"v\u0101rpstas motors-1\" width=\"973\" height=\"551\" title=\"\" srcset=\"https:\/\/fmp-components.com\/wp-content\/uploads\/2025\/01\/spindle-motor-1.webp 973w, https:\/\/fmp-components.com\/wp-content\/uploads\/2025\/01\/spindle-motor-1-480x272.webp 480w\" sizes=\"(min-width: 0px) and (max-width: 480px) 480px, (min-width: 481px) 973px, 100vw\" \/><\/p>\n<h2>Motora v\u0101rpstas nomenklat\u016bras skaidrojums<\/h2>\n<p><img loading=\"lazy\" decoding=\"async\" class=\"alignnone size-full wp-image-3574\" src=\"https:\/\/fmp-components.com\/wp-content\/uploads\/2025\/01\/spindle-motor-2.webp\" alt=\"v\u0101rpstas motors-2\" width=\"666\" height=\"351\" title=\"\" srcset=\"https:\/\/fmp-components.com\/wp-content\/uploads\/2025\/01\/spindle-motor-2.webp 666w, https:\/\/fmp-components.com\/wp-content\/uploads\/2025\/01\/spindle-motor-2-480x253.webp 480w\" sizes=\"(min-width: 0px) and (max-width: 480px) 480px, (min-width: 481px) 666px, 100vw\" \/><\/p>\n<h2>V\u0101rpstas savienojuma gals<\/h2>\n<p>Tam ir daudz da\u017e\u0101du savienojuma veidu atkar\u012bb\u0101 no v\u0101rpstas mode\u013ca; l\u016bdzu, skatiet tabulu zem\u0101k.<\/p>\n<p><img loading=\"lazy\" decoding=\"async\" class=\"alignnone wp-image-3575\" src=\"https:\/\/fmp-components.com\/wp-content\/uploads\/2025\/01\/spindle-motor-3.webp\" alt=\"v\u0101rpstas motors\" width=\"885\" height=\"231\" title=\"\" srcset=\"https:\/\/fmp-components.com\/wp-content\/uploads\/2025\/01\/spindle-motor-3.webp 885w, https:\/\/fmp-components.com\/wp-content\/uploads\/2025\/01\/spindle-motor-3-480x125.webp 480w\" sizes=\"(min-width: 0px) and (max-width: 480px) 480px, (min-width: 481px) 885px, 100vw\" \/><\/p>\n<h2>V\u0101rpstas instrukcija<\/h2>\n<div><span id=\"spin1\">1<\/span>Frekvences p\u0101rveidot\u0101js\u00a0<span id=\"spin2\">ir j\u0101<\/span>\u00a0atbilst\u00a0<span id=\"spin3\">elektrisk\u0101<\/span>\u00a0v\u0101rpstas bloks.\u00a0<span id=\"spin4\">pamata<\/span>\u00a0frekvence\u00a0<span id=\"spin5\">vai pat<\/span>\u00a0nomin\u0101l\u0101 frekvence\u00a0<span id=\"spin6\">k\u0101 ar\u012b<\/span>\u00a0spriegums\u00a0<span id=\"spin7\">b\u016bs j\u0101<\/span>\u00a0atbilst tehniskajiem parametriem\u00a0<span id=\"spin8\">no<\/span>\u00a0<span id=\"spin9\">elektrisk\u0101s<\/span>\u00a0v\u0101rpsta.<br \/>\n<span id=\"spin10\">2<\/span>.\u00a0<span id=\"spin11\">Elektrisks<\/span>\u00a0v\u0101rpsta\u00a0<span id=\"spin12\">parasti ir<\/span>\u00a0atdzes\u0113ts ar cirkul\u0113jo\u0161u \u016bdeni. Dzes\u0113\u0161anas \u016bdens\u00a0<span id=\"spin13\">vajag b\u016bt<\/span>\u00a0ner\u016bs\u0113jo\u0161s un filtr\u0113ts t\u012brs. Kad\u00a0<span id=\"spin14\">ieg\u016b\u0161ana<\/span>\u00a0\u016bdens, iepl\u016bde\u00a0<span id=\"spin15\">j\u0101b\u016bt<\/span>\u00a0<span id=\"spin16\">zem<\/span>\u00a0tas\u00a0<span id=\"spin17\">elektrisk\u0101<\/span>\u00a0v\u0101rpsta.<br \/>\n<span id=\"spin18\">tr\u012bs<\/span>Kad\u00a0<span id=\"spin19\">str\u0101d\u0101jot ar<\/span>\u00a0ar e\u013c\u013cas miglu e\u013c\u013cota v\u0101rpsta,\u00a0<span id=\"spin20\">stress<\/span>\u00a0regul\u0113\u0161anas v\u0101rsts\u00a0<span id=\"spin21\">uz<\/span>\u00a0e\u013c\u013cas migla\u00a0<span id=\"spin22\">s\u012bkr\u012bks<\/span>\u00a0<span id=\"spin23\">vajadz\u0113tu b\u016bt<\/span>\u00a0noregul\u0113ts uz 0,25\u20130,3 MPA miglas\u00a0<span id=\"spin25\">spiediens<\/span>\u00a0<span id=\"spin26\">vajadz\u0113tu b\u016bt<\/span>\u00a00,1\u20130,2 MPa\u00a0<span id=\"spin28\">un<\/span>\u00a0<span id=\"spin29\">da\u017e\u0101das<\/span>\u00a0e\u013c\u013cas pilieni\u00a0<span id=\"spin30\">j\u0101b\u016bt<\/span>\u00a060\u201370 pilieni\/min\u016bt\u0113.\u00a0<span id=\"spin31\">un ar\u012b<\/span>\u00a0sm\u0113re\u013c\u013ca\u00a0<span id=\"spin32\">vajadz\u0113tu b\u016bt<\/span>\u00a0zvanu e\u013c\u013ca vai turb\u012bnu e\u013c\u013ca Nr.\u00a0<span id=\"spin33\">20<\/span>.<br \/>\n<span id=\"spin34\">\u010detri<\/span>. The\u00a0<span id=\"spin35\">\u0101trums<\/span>\u00a0<span id=\"spin36\">ap<\/span>\u00a0motoriz\u0113ta v\u0101rpsta\u00a0<span id=\"spin37\">ce\u013cvedis<\/span>\u00a0<span id=\"spin38\">noteikti ir<\/span>\u00a0augst\u0101kais\u00a0<span id=\"spin39\">\u0101trums<\/span>un\u00a0<span id=\"spin40\">tas var<\/span>\u00a0neb\u016bt\u00a0<span id=\"spin41\">paaugstin\u0101ts<\/span>,\u00a0<span id=\"spin42\">tom\u0113r tas<\/span>\u00a0<span id=\"spin43\">var b\u016bt<\/span>\u00a0<span id=\"spin44\">nodarbin\u0101ts<\/span>\u00a0<span id=\"spin45\">samazin\u0101t<\/span><br \/>\ntas\u00a0<span id=\"spin46\">temps,<\/span>\u00a0spriegums un frekvence ir\u00a0<span id=\"spin47\">samazin\u0101ts<\/span>\u00a0<span id=\"spin48\">reiz<\/span>\u00a0<span id=\"spin49\">\u0101trums<\/span>\u00a0ir pazemin\u0101ts.<br \/>\n<span id=\"spin50\">5<\/span>Rot\u0101cija\u00a0<span id=\"spin51\">kurss<\/span>\u00a0<span id=\"spin52\">ar<\/span>\u00a0motoriz\u0113ta v\u0101rpsta\u00a0<span id=\"spin53\">parasti ir<\/span>\u00a0pret\u0113ji pulkste\u0146r\u0101d\u012bt\u0101ja virzienam (skat\u012bt\u00a0<span id=\"spin54\">iek\u0161\u0101<\/span>\u00a0v\u0101rpsta). iz\u0146emot\u00a0<span id=\"spin55\">ekskluz\u012bvs<\/span><br \/>\n<span id=\"spin56\">pras\u012bbas<\/span>.<br \/>\n<span id=\"spin57\">6<\/span>Motoriz\u0113t\u0101 v\u0101rpsta, kas iee\u013c\u013cota ar e\u013c\u013cas miglu.\u00a0<span id=\"spin58\">ir j\u0101b\u016bt<\/span>\u00a0<span id=\"spin59\">saist\u012bts<\/span>\u00a0ar \u016bdeni un\u00a0<span id=\"spin60\">benz\u012bns<\/span>\u00a0<span id=\"spin61\">pirms<\/span>\u00a0<span id=\"spin62\">tas, iesp\u0113jams, var\u0113tu<\/span>\u00a0<span id=\"spin63\">s\u0101kt<\/span>\u00a0un\u00a0<span id=\"spin64\">p\u0101rtraukt<\/span>\u00a0\u016bdens un\u00a0<span id=\"spin65\">degviela\u00a0<\/span><span id=\"spin66\">pieg\u0101de<\/span>\u00a0<span id=\"spin67\">p\u0113c<\/span>\u00a0izsl\u0113g\u0161ana.<br \/>\nPaskaidrojums:\u00a0<span id=\"spin68\">unik\u0101ls<\/span>\u00a0oper\u0101cija\u00a0<span id=\"spin69\">ir nepiecie\u0161ams<\/span>\u00a0<span id=\"spin70\">saska\u0146\u0101 ar<\/span>\u00a0<span id=\"spin71\">uz<\/span>\u00a0<span id=\"spin72\">elektrisk\u0101<\/span>\u00a0v\u0101rpsta\u00a0<span id=\"spin73\">vadl\u012bnijas<\/span>.<\/div>\n<div>\n<div class=\"flex max-w-full flex-col flex-grow\">\n<div class=\"min-h-8 text-message flex w-full flex-col items-end gap-2 whitespace-normal break-words text-start [.text-message+&amp;]:mt-5\" dir=\"auto\" data-message-author-role=\"assistant\" data-message-id=\"fbdee532-4424-41b2-a093-d85f55f880e4\" data-message-model-slug=\"gpt-4o-mini\">\n<div class=\"flex w-full flex-col gap-1 empty:hidden first:pt-[3px]\">\n<div class=\"markdown prose w-full break-words dark:prose-invert light\">\n<h2>Par FMP<\/h2>\n<p>FMP ir vado\u0161ais ra\u017eot\u0101js, kas specializ\u0113jas meh\u0101nisko komponentu, tostarp spir\u0101lveida konusveida t\u0101rpu reduktoru, zobratu, konusveida buksu, zobratu, savienojumu un citu transmisijas deta\u013cu, ra\u017eo\u0161an\u0101. Ar sp\u0113c\u012bgu eksporta fokusu vair\u0101k nek\u0101 651\u00a0TP4\u00a0T m\u016bsu produktu tiek pieg\u0101d\u0101ti uz Eiropas tirgiem, piem\u0113ram, V\u0101ciju, Apvienoto Karalisti un Franciju, radot gada eksporta v\u0113rt\u012bbu 1TP5\u00a0T18\u00a0miljonu apm\u0113r\u0101. M\u016bsu kop\u0113j\u0101 gada ra\u017eo\u0161anas v\u0113rt\u012bba sasniedz 200\u00a0miljonus RMB.<\/p>\n<p>Visi FMP produkti ir izstr\u0101d\u0101ti un ra\u017eoti saska\u0146\u0101 ar starptautiskajiem, Eiropas un ASV r\u016bpniec\u012bbas standartiem. M\u0113s izmantojam modernu prec\u012bzijas apstr\u0101des apr\u012bkojumu, iev\u0113rojam optimiz\u0113tus ra\u017eo\u0161anas procesus un uzturam elast\u012bgu, efekt\u012bvu vad\u012bbas sist\u0113mu. M\u016bsu stabil\u0101 kvalit\u0101tes vad\u012bbas sist\u0113ma nodro\u0161ina augstus produktu standartus, vienlaikus saglab\u0101jot m\u016bsu cenu konkur\u0113tsp\u0113ju.<\/p>\n<p>Uz\u0146\u0113mum\u0101 FMP m\u0113s iev\u0113rojam \u0161\u0101das pamatv\u0113rt\u012bbas: \u201cKvalit\u0101te: uz\u0146\u0113m\u0113jdarb\u012bbas ilgtsp\u0113j\u012bbas st\u016brakmens; Integrit\u0101te: uz\u0146\u0113m\u0113jdarb\u012bbas izaugsmes virz\u012bt\u0101jsp\u0113ks; Apkalpo\u0161ana: att\u012bst\u012bbas pamats; un Pieejam\u012bba: pan\u0101kumu atsl\u0113ga.\u201d M\u0113s atzin\u012bgi v\u0113rt\u0113jam sadarb\u012bbu gan ar viet\u0113jiem, gan starptautiskiem klientiem un esam ap\u0146\u0113mu\u0161ies veicin\u0101t savstarp\u0113ju izaugsmi un pan\u0101kumus.<\/p>\n<\/div>\n<\/div>\n<\/div>\n<\/div>\n<p><img loading=\"lazy\" decoding=\"async\" class=\"alignnone wp-image-3563\" src=\"https:\/\/fmp-components.com\/wp-content\/uploads\/2025\/01\/company-2.webp\" alt=\"uz\u0146\u0113mums\" width=\"873\" height=\"790\" title=\"\" srcset=\"https:\/\/fmp-components.com\/wp-content\/uploads\/2025\/01\/company-2.webp 873w, https:\/\/fmp-components.com\/wp-content\/uploads\/2025\/01\/company-2-480x435.webp 480w\" sizes=\"(min-width: 0px) and (max-width: 480px) 480px, (min-width: 481px) 873px, 100vw\" \/> <img loading=\"lazy\" decoding=\"async\" class=\"alignnone wp-image-3564\" src=\"https:\/\/fmp-components.com\/wp-content\/uploads\/2025\/01\/company-3.webp\" alt=\"uz\u0146\u0113mums\" width=\"873\" height=\"776\" title=\"\" srcset=\"https:\/\/fmp-components.com\/wp-content\/uploads\/2025\/01\/company-3.webp 873w, https:\/\/fmp-components.com\/wp-content\/uploads\/2025\/01\/company-3-480x427.webp 480w\" sizes=\"(min-width: 0px) and (max-width: 480px) 480px, (min-width: 481px) 873px, 100vw\" \/> <img loading=\"lazy\" decoding=\"async\" class=\"alignnone wp-image-3565\" src=\"https:\/\/fmp-components.com\/wp-content\/uploads\/2025\/01\/company-1.webp\" alt=\"uz\u0146\u0113mums\" width=\"877\" height=\"225\" title=\"\" srcset=\"https:\/\/fmp-components.com\/wp-content\/uploads\/2025\/01\/company-1.webp 877w, https:\/\/fmp-components.com\/wp-content\/uploads\/2025\/01\/company-1-480x123.webp 480w\" sizes=\"(min-width: 0px) and (max-width: 480px) 480px, (min-width: 481px) 877px, 100vw\" \/><\/p>\n<p>Autors: CX<\/p>\n<\/div>","protected":false},"excerpt":{"rendered":"<p>Spindle Motor Used for Lathe JSZD150H Spindle motors have many advantages over other types of motors, including small size, high reliability, and low power consumption. They can also run for thousands of hours without trouble and are very quiet. This allows them to be installed in smaller spaces, and the tracks take up less space. [&hellip;]<\/p>","protected":false},"featured_media":3588,"comment_status":"open","ping_status":"closed","template":"","meta":{"_et_pb_use_builder":"","_et_pb_old_content":"","_et_gb_content_width":""},"product_brand":[],"product_cat":[89],"product_tag":[],"class_list":{"0":"post-3584","1":"product","2":"type-product","3":"status-publish","4":"has-post-thumbnail","6":"product_cat-spindle-motor","8":"first","9":"instock","10":"shipping-taxable","11":"product-type-simple"},"_links":{"self":[{"href":"https:\/\/fmp-components.com\/lv\/wp-json\/wp\/v2\/product\/3584","targetHints":{"allow":["GET"]}}],"collection":[{"href":"https:\/\/fmp-components.com\/lv\/wp-json\/wp\/v2\/product"}],"about":[{"href":"https:\/\/fmp-components.com\/lv\/wp-json\/wp\/v2\/types\/product"}],"replies":[{"embeddable":true,"href":"https:\/\/fmp-components.com\/lv\/wp-json\/wp\/v2\/comments?post=3584"}],"wp:featuredmedia":[{"embeddable":true,"href":"https:\/\/fmp-components.com\/lv\/wp-json\/wp\/v2\/media\/3588"}],"wp:attachment":[{"href":"https:\/\/fmp-components.com\/lv\/wp-json\/wp\/v2\/media?parent=3584"}],"wp:term":[{"taxonomy":"product_brand","embeddable":true,"href":"https:\/\/fmp-components.com\/lv\/wp-json\/wp\/v2\/product_brand?post=3584"},{"taxonomy":"product_cat","embeddable":true,"href":"https:\/\/fmp-components.com\/lv\/wp-json\/wp\/v2\/product_cat?post=3584"},{"taxonomy":"product_tag","embeddable":true,"href":"https:\/\/fmp-components.com\/lv\/wp-json\/wp\/v2\/product_tag?post=3584"}],"curies":[{"name":"wp","href":"https:\/\/api.w.org\/{rel}","templated":true}]}}