{"id":3569,"date":"2025-01-08T06:24:56","date_gmt":"2025-01-08T06:24:56","guid":{"rendered":"https:\/\/fmp-components.com\/?page_id=8"},"modified":"2025-01-08T07:57:44","modified_gmt":"2025-01-08T07:57:44","slug":"electrical-spindle-for-special-usage","status":"publish","type":"product","link":"https:\/\/fmp-components.com\/lv\/product\/electrical-spindle-for-special-usage\/","title":{"rendered":"Elektrisk\u0101 v\u0101rpsta \u012bpa\u0161am lietojumam"},"content":{"rendered":"<p><img loading=\"lazy\" decoding=\"async\" class=\"size-full wp-image-3577 aligncenter\" src=\"https:\/\/fmp-components.com\/wp-content\/uploads\/2025\/01\/electrical-spindle-for-special-usage-2.webp\" alt=\"elektrisk\u0101 v\u0101rpsta \u012bpa\u0161am lietojumam 2\" width=\"652\" height=\"256\" title=\"\" srcset=\"https:\/\/fmp-components.com\/wp-content\/uploads\/2025\/01\/electrical-spindle-for-special-usage-2.webp 652w, https:\/\/fmp-components.com\/wp-content\/uploads\/2025\/01\/electrical-spindle-for-special-usage-2-480x188.webp 480w\" sizes=\"(min-width: 0px) and (max-width: 480px) 480px, (min-width: 481px) 652px, 100vw\" \/>\u00a0<img loading=\"lazy\" decoding=\"async\" class=\"alignnone wp-image-3571\" src=\"https:\/\/fmp-components.com\/wp-content\/uploads\/2025\/01\/electrical-spindle-for-special-usage-3.webp\" alt=\"elektrisk\u0101 v\u0101rpsta \u012bpa\u0161am lietojumam 3\" width=\"895\" height=\"87\" title=\"\" srcset=\"https:\/\/fmp-components.com\/wp-content\/uploads\/2025\/01\/electrical-spindle-for-special-usage-3.webp 895w, https:\/\/fmp-components.com\/wp-content\/uploads\/2025\/01\/electrical-spindle-for-special-usage-3-480x47.webp 480w\" sizes=\"(min-width: 0px) and (max-width: 480px) 480px, (min-width: 481px) 895px, 100vw\" \/><\/p>\n<p><img loading=\"lazy\" decoding=\"async\" class=\"size-full wp-image-3576 aligncenter\" src=\"https:\/\/fmp-components.com\/wp-content\/uploads\/2025\/01\/electrical-spindle-for-special-usage-4.webp\" alt=\"elektrisk\u0101 v\u0101rpsta \u012bpa\u0161am lietojumam-4\" width=\"493\" height=\"246\" title=\"\" srcset=\"https:\/\/fmp-components.com\/wp-content\/uploads\/2025\/01\/electrical-spindle-for-special-usage-4.webp 493w, https:\/\/fmp-components.com\/wp-content\/uploads\/2025\/01\/electrical-spindle-for-special-usage-4-480x240.webp 480w\" sizes=\"(min-width: 0px) and (max-width: 480px) 480px, (min-width: 481px) 493px, 100vw\" \/> <img loading=\"lazy\" decoding=\"async\" class=\"alignnone wp-image-3572\" src=\"https:\/\/fmp-components.com\/wp-content\/uploads\/2025\/01\/electrical-spindle-for-special-usage-5.webp\" alt=\"elektrisk\u0101 v\u0101rpsta \u012bpa\u0161am lietojumam 5\" width=\"922\" height=\"128\" title=\"\" srcset=\"https:\/\/fmp-components.com\/wp-content\/uploads\/2025\/01\/electrical-spindle-for-special-usage-5.webp 922w, https:\/\/fmp-components.com\/wp-content\/uploads\/2025\/01\/electrical-spindle-for-special-usage-5-480x67.webp 480w\" sizes=\"(min-width: 0px) and (max-width: 480px) 480px, (min-width: 481px) 922px, 100vw\" \/><\/p>\n<p>Piem\u0113ri: JSZD120-12\/15 motoriz\u0113t\u0101 v\u0101rpsta galvenok\u0101rt tiek izmantota kr\u0101saino met\u0101lu s\u012bku deta\u013cu apstr\u0101dei. Klienta pa\u0161a padeves meh\u0101nisms, v\u0101rpstas doba padeve, priek\u0161\u0113j\u0101 elast\u012bg\u0101 skava, nulles apstr\u0101des kvalit\u0101te. Tai ir zems raupjums, laba izm\u0113ru stabilit\u0101te un augsta efektivit\u0101te.<\/p>\n<div class=\"flex max-w-full flex-col flex-grow\">\n<div class=\"min-h-8 text-message flex w-full flex-col items-end gap-2 whitespace-normal break-words text-start [.text-message+&amp;]:mt-5\" dir=\"auto\" data-message-author-role=\"assistant\" data-message-id=\"876c8b08-b709-4638-9f07-28b349cfff1a\" data-message-model-slug=\"gpt-4o\">\n<div class=\"flex w-full flex-col gap-1 empty:hidden first:pt-[3px]\">\n<div class=\"markdown prose w-full break-words dark:prose-invert light\">\n<h3>Elektrisk\u0101s v\u0101rpstas priek\u0161roc\u012bbas \u012bpa\u0161am lietojumam<\/h3>\n<p>Elektrisk\u0101s v\u0101rpstas pied\u0101v\u0101 vair\u0101kas at\u0161\u0137ir\u012bgas priek\u0161roc\u012bbas specializ\u0113tiem lietojumiem t\u0101d\u0101s nozar\u0113s k\u0101 CNC apstr\u0101de, automatiz\u0101cija un prec\u012bz\u0101 in\u017eenierija. T\u0101l\u0101k ir nor\u0101d\u012btas galven\u0101s priek\u0161roc\u012bbas, ko sniedz elektrisk\u0101s v\u0101rpstas izmanto\u0161ana \u012bpa\u0161am lietojumam:<\/p>\n<ol>\n<li><strong>Augsta precizit\u0101te un pareiz\u012bba<\/strong><br \/>\nElektrisk\u0101s v\u0101rpstas ir paz\u012bstamas ar savu augsto rot\u0101cijas precizit\u0101ti, kas ir \u013coti svar\u012bgi specializ\u0113tiem lietojumiem, kuriem nepiecie\u0161amas stingras pielaides. T\u0101s nodro\u0161ina prec\u012bzu \u0101truma un griezes momenta kontroli, nodro\u0161inot vienm\u0113r\u012bgu un prec\u012bzu apstr\u0101di vai darb\u012bbas.<\/li>\n<li><strong>Kompakts dizains un telpas efektivit\u0101te<\/strong><br \/>\nElektrisk\u0101s v\u0101rpstas parasti ir kompakt\u0101kas nek\u0101 tradicion\u0101l\u0101s meh\u0101nisk\u0101s v\u0101rpstas. Tas padara t\u0101s ide\u0101li piem\u0113rotas lietojumiem ar ierobe\u017eotu vietu, kur ir nepiecie\u0161ams maz\u0101ks izm\u0113rs, neapdraudot veiktsp\u0113ju.<\/li>\n<li><strong>Uzlabota \u0101truma kontrole un daudzpus\u012bba<\/strong><br \/>\nElektrisko v\u0101rpstu \u0101trumu var viegli kontrol\u0113t un regul\u0113t, izmantojot elektronisk\u0101s vad\u012bbas ier\u012bces, kas pied\u0101v\u0101 pla\u0161u darb\u012bbas \u0101trumu diapazonu. \u0160\u012b piel\u0101gojam\u012bba \u013cauj t\u0101m piel\u0101goties da\u017e\u0101diem materi\u0101liem un apstr\u0101des procesiem, s\u0101kot no \u0101trgaitas grie\u0161anas l\u012bdz l\u0113nas sl\u012bp\u0113\u0161anas.<\/li>\n<li><strong>Samazin\u0101ta apkope un palielin\u0101ts ilgm\u016b\u017e\u012bbas laiks<\/strong><br \/>\nElektriskaj\u0101m v\u0101rpst\u0101m, at\u0161\u0137ir\u012bb\u0101 no meh\u0101niskaj\u0101m v\u0101rpst\u0101m, ir maz\u0101k kust\u012bgu deta\u013cu un nav nepiecie\u0161amas sare\u017e\u0123\u012btas p\u0101rnesumu sist\u0113mas. \u0160is meh\u0101nisk\u0101 nodiluma samazin\u0101jums noz\u012bm\u0113 zem\u0101kas apkopes izmaksas un ilg\u0101ku ekspluat\u0101cijas laiku, padarot t\u0101s uzticam\u0101kas ilgsto\u0161ai lieto\u0161anai.<\/li>\n<li><strong>Uzlabota efektivit\u0101te<\/strong><br \/>\nElektrisk\u0101s v\u0101rpstas ir energoefekt\u012bv\u0101kas sal\u012bdzin\u0101jum\u0101 ar tradicion\u0101laj\u0101m v\u0101rpst\u0101m, jo \u200b\u200bt\u0101s p\u0101rveido elektrisko ener\u0123iju tie\u0161i rot\u0101cijas kust\u012bb\u0101 ar minim\u0101liem ener\u0123ijas zudumiem. Tas laika gait\u0101 samazina ekspluat\u0101cijas izmaksas, padarot t\u0101s par rentablu risin\u0101jumu \u012bpa\u0161iem, piepras\u012btiem lietojumiem.<\/li>\n<\/ol>\n<p>Kopum\u0101 elektrisk\u0101s v\u0101rpstas nodro\u0161ina izcilu veiktsp\u0113ju, efektivit\u0101ti un piel\u0101gojam\u012bbu \u012bpa\u0161iem lieto\u0161anas scen\u0101rijiem. To precizit\u0101te, samazin\u0101t\u0101s apkopes pras\u012bbas un sp\u0113ja integr\u0113ties progres\u012bv\u0101s sist\u0113m\u0101s padara t\u0101s par iecien\u012btu izv\u0113li augsto tehnolo\u0123iju nozar\u0113s.<\/p>\n<h2>Izejai ir divi veidi: viens ir nemain\u012bgs griezes moments, bet otrs ir nemain\u012bga jauda, \u200b\u200bk\u0101 nor\u0101d\u012bts t\u0101l\u0101k:<\/h2>\n<\/div>\n<\/div>\n<\/div>\n<\/div>\n<p><img loading=\"lazy\" decoding=\"async\" class=\"alignnone size-full wp-image-3573\" src=\"https:\/\/fmp-components.com\/wp-content\/uploads\/2025\/01\/spindle-motor-1.webp\" alt=\"v\u0101rpstas motors-1\" width=\"973\" height=\"551\" title=\"\" srcset=\"https:\/\/fmp-components.com\/wp-content\/uploads\/2025\/01\/spindle-motor-1.webp 973w, https:\/\/fmp-components.com\/wp-content\/uploads\/2025\/01\/spindle-motor-1-480x272.webp 480w\" sizes=\"(min-width: 0px) and (max-width: 480px) 480px, (min-width: 481px) 973px, 100vw\" \/><\/p>\n<h2>Motora v\u0101rpstas nomenklat\u016bras skaidrojums<\/h2>\n<p><img loading=\"lazy\" decoding=\"async\" class=\"alignnone size-full wp-image-3574\" src=\"https:\/\/fmp-components.com\/wp-content\/uploads\/2025\/01\/spindle-motor-2.webp\" alt=\"v\u0101rpstas motors-2\" width=\"666\" height=\"351\" title=\"\" srcset=\"https:\/\/fmp-components.com\/wp-content\/uploads\/2025\/01\/spindle-motor-2.webp 666w, https:\/\/fmp-components.com\/wp-content\/uploads\/2025\/01\/spindle-motor-2-480x253.webp 480w\" sizes=\"(min-width: 0px) and (max-width: 480px) 480px, (min-width: 481px) 666px, 100vw\" \/><\/p>\n<h2>V\u0101rpstas savienojuma gals<\/h2>\n<p>Tam ir daudz da\u017e\u0101du savienojuma veidu atkar\u012bb\u0101 no v\u0101rpstas mode\u013ca; l\u016bdzu, skatiet tabulu zem\u0101k.<\/p>\n<p><img loading=\"lazy\" decoding=\"async\" class=\"alignnone wp-image-3575\" src=\"https:\/\/fmp-components.com\/wp-content\/uploads\/2025\/01\/spindle-motor-3.webp\" alt=\"v\u0101rpstas motors\" width=\"885\" height=\"231\" title=\"\" srcset=\"https:\/\/fmp-components.com\/wp-content\/uploads\/2025\/01\/spindle-motor-3.webp 885w, https:\/\/fmp-components.com\/wp-content\/uploads\/2025\/01\/spindle-motor-3-480x125.webp 480w\" sizes=\"(min-width: 0px) and (max-width: 480px) 480px, (min-width: 481px) 885px, 100vw\" \/><\/p>\n<h2>V\u0101rpstas instrukcija<\/h2>\n<div><span id=\"spin1\">1<\/span>Frekvences p\u0101rveidot\u0101js\u00a0<span id=\"spin2\">ir j\u0101<\/span>\u00a0atbilst\u00a0<span id=\"spin3\">elektrisk\u0101<\/span>\u00a0v\u0101rpstas bloks.\u00a0<span id=\"spin4\">pamata<\/span>\u00a0frekvence\u00a0<span id=\"spin5\">vai pat<\/span>\u00a0nomin\u0101l\u0101 frekvence\u00a0<span id=\"spin6\">k\u0101 ar\u012b<\/span>\u00a0spriegums\u00a0<span id=\"spin7\">b\u016bs j\u0101<\/span>\u00a0atbilst tehniskajiem parametriem\u00a0<span id=\"spin8\">no<\/span>\u00a0<span id=\"spin9\">elektrisk\u0101s<\/span>\u00a0v\u0101rpsta.<br \/>\n<span id=\"spin10\">2<\/span>.\u00a0<span id=\"spin11\">Elektrisks<\/span>\u00a0v\u0101rpsta\u00a0<span id=\"spin12\">parasti ir<\/span>\u00a0atdzes\u0113ts ar cirkul\u0113jo\u0161u \u016bdeni. Dzes\u0113\u0161anas \u016bdens\u00a0<span id=\"spin13\">vajag b\u016bt<\/span>\u00a0ner\u016bs\u0113jo\u0161s un filtr\u0113ts t\u012brs. Kad\u00a0<span id=\"spin14\">ieg\u016b\u0161ana<\/span>\u00a0\u016bdens, iepl\u016bde\u00a0<span id=\"spin15\">j\u0101b\u016bt<\/span>\u00a0<span id=\"spin16\">zem<\/span>\u00a0tas\u00a0<span id=\"spin17\">elektrisk\u0101<\/span>\u00a0v\u0101rpsta.<br \/>\n<span id=\"spin18\">tr\u012bs<\/span>Kad\u00a0<span id=\"spin19\">str\u0101d\u0101jot ar<\/span>\u00a0ar e\u013c\u013cas miglu e\u013c\u013cota v\u0101rpsta,\u00a0<span id=\"spin20\">stress<\/span>\u00a0regul\u0113\u0161anas v\u0101rsts\u00a0<span id=\"spin21\">uz<\/span>\u00a0e\u013c\u013cas migla\u00a0<span id=\"spin22\">s\u012bkr\u012bks<\/span>\u00a0<span id=\"spin23\">vajadz\u0113tu b\u016bt<\/span>\u00a0noregul\u0113ts uz 0,25\u20130,3 MPA miglas\u00a0<span id=\"spin25\">spiediens<\/span>\u00a0<span id=\"spin26\">vajadz\u0113tu b\u016bt<\/span>\u00a00,1\u20130,2 MPa\u00a0<span id=\"spin28\">un<\/span>\u00a0<span id=\"spin29\">da\u017e\u0101das<\/span>\u00a0e\u013c\u013cas pilieni\u00a0<span id=\"spin30\">j\u0101b\u016bt<\/span>\u00a060\u201370 pilieni\/min\u016bt\u0113.\u00a0<span id=\"spin31\">un ar\u012b<\/span>\u00a0sm\u0113re\u013c\u013ca\u00a0<span id=\"spin32\">vajadz\u0113tu b\u016bt<\/span>\u00a0zvanu e\u013c\u013ca vai turb\u012bnu e\u013c\u013ca Nr.\u00a0<span id=\"spin33\">20<\/span>.<br \/>\n<span id=\"spin34\">\u010detri<\/span>. The\u00a0<span id=\"spin35\">\u0101trums<\/span>\u00a0<span id=\"spin36\">ap<\/span>\u00a0motoriz\u0113ta v\u0101rpsta\u00a0<span id=\"spin37\">ce\u013cvedis<\/span>\u00a0<span id=\"spin38\">noteikti ir<\/span>\u00a0augst\u0101kais\u00a0<span id=\"spin39\">\u0101trums<\/span>un\u00a0<span id=\"spin40\">tas var<\/span>\u00a0neb\u016bt\u00a0<span id=\"spin41\">paaugstin\u0101ts<\/span>,\u00a0<span id=\"spin42\">tom\u0113r tas<\/span>\u00a0<span id=\"spin43\">var b\u016bt<\/span>\u00a0<span id=\"spin44\">nodarbin\u0101ts<\/span>\u00a0<span id=\"spin45\">samazin\u0101t<\/span><br \/>\ntas\u00a0<span id=\"spin46\">temps,<\/span>\u00a0spriegums un frekvence ir\u00a0<span id=\"spin47\">samazin\u0101ts<\/span>\u00a0<span id=\"spin48\">reiz<\/span>\u00a0<span id=\"spin49\">\u0101trums<\/span>\u00a0ir pazemin\u0101ts.<br \/>\n<span id=\"spin50\">5<\/span>Rot\u0101cija\u00a0<span id=\"spin51\">kurss<\/span>\u00a0<span id=\"spin52\">ar<\/span>\u00a0motoriz\u0113ta v\u0101rpsta\u00a0<span id=\"spin53\">parasti ir<\/span>\u00a0pret\u0113ji pulkste\u0146r\u0101d\u012bt\u0101ja virzienam (skat\u012bt\u00a0<span id=\"spin54\">iek\u0161\u0101<\/span>\u00a0v\u0101rpsta). iz\u0146emot\u00a0<span id=\"spin55\">ekskluz\u012bvs<\/span><br \/>\n<span id=\"spin56\">pras\u012bbas<\/span>.<br \/>\n<span id=\"spin57\">6<\/span>Motoriz\u0113t\u0101 v\u0101rpsta, kas iee\u013c\u013cota ar e\u013c\u013cas miglu.\u00a0<span id=\"spin58\">ir j\u0101b\u016bt<\/span>\u00a0<span id=\"spin59\">saist\u012bts<\/span>\u00a0ar \u016bdeni un\u00a0<span id=\"spin60\">benz\u012bns<\/span>\u00a0<span id=\"spin61\">pirms<\/span>\u00a0<span id=\"spin62\">tas, iesp\u0113jams, var\u0113tu<\/span>\u00a0<span id=\"spin63\">s\u0101kt<\/span>\u00a0un\u00a0<span id=\"spin64\">p\u0101rtraukt<\/span>\u00a0\u016bdens un\u00a0<span id=\"spin65\">degviela\u00a0<\/span><span id=\"spin66\">pieg\u0101de<\/span>\u00a0<span id=\"spin67\">p\u0113c<\/span>\u00a0izsl\u0113g\u0161ana.<br \/>\nPaskaidrojums:\u00a0<span id=\"spin68\">unik\u0101ls<\/span>\u00a0oper\u0101cija\u00a0<span id=\"spin69\">ir nepiecie\u0161ams<\/span>\u00a0<span id=\"spin70\">saska\u0146\u0101 ar<\/span>\u00a0<span id=\"spin71\">uz<\/span>\u00a0<span id=\"spin72\">elektrisk\u0101<\/span>\u00a0v\u0101rpsta\u00a0<span id=\"spin73\">vadl\u012bnijas<\/span>.<\/div>\n<div class=\"flex max-w-full flex-col flex-grow\">\n<div class=\"min-h-8 text-message flex w-full flex-col items-end gap-2 whitespace-normal break-words text-start [.text-message+&amp;]:mt-5\" dir=\"auto\" data-message-author-role=\"assistant\" data-message-id=\"fbdee532-4424-41b2-a093-d85f55f880e4\" data-message-model-slug=\"gpt-4o-mini\">\n<div class=\"flex w-full flex-col gap-1 empty:hidden first:pt-[3px]\">\n<div class=\"markdown prose w-full break-words dark:prose-invert light\">\n<h2>Par FMP<\/h2>\n<p>FMP ir profesion\u0101ls ra\u017eot\u0101js, kas specializ\u0113jas meh\u0101nisko komponentu ra\u017eo\u0161an\u0101. M\u016bsu galvenie produkti ietver spir\u0101lveida konusveida t\u0101rpu reduktorus, zobratus, konusveida bukses, zobratus, savienojumus un citas transmisijas deta\u013cas. Ar sp\u0113c\u012bgu eksporta fokusu vair\u0101k nek\u0101 651\u00a0TP4\u00a0T m\u016bsu produktu tiek pieg\u0101d\u0101ti uz Eiropas tirgiem, tostarp V\u0101ciju, Apvienoto Karalisti un Franciju, sasniedzot gada eksporta apjomu 1TP5\u00a0T18\u00a0miljoni. M\u016bsu kop\u0113j\u0101 gada ra\u017eo\u0161anas v\u0113rt\u012bba sasniedz 200\u00a0miljonus RMB.<\/p>\n<p>Visi FMP produkti tiek ra\u017eoti saska\u0146\u0101 ar starptautiskajiem, Eiropas un ASV r\u016bpniec\u012bbas standartiem. M\u0113s izmantojam prec\u012bzas un augstas kvalit\u0101tes apstr\u0101des iek\u0101rtas, ievie\u0161am labi pl\u0101notus ra\u017eo\u0161anas procesus un iev\u0113rojam efekt\u012bvu un elast\u012bgu vad\u012bbas sist\u0113mu. M\u016bsu visaptvero\u0161\u0101 kvalit\u0101tes vad\u012bbas sist\u0113ma nodro\u0161ina izcilu produktu kvalit\u0101ti un konkur\u0113tsp\u0113j\u012bgas cenas.<\/p>\n<p>FMP darbojas p\u0113c \u0161\u0101diem pamatprincipiem: \u201cKvalit\u0101te: uz\u0146\u0113muma izdz\u012bvo\u0161anas pamats, Integrit\u0101te: uz\u0146\u0113muma att\u012bst\u012bbas virz\u012bt\u0101jsp\u0113ks, Apkalpo\u0161ana: uz\u0146\u0113muma izaugsmes avots un Pieejam\u012bba: uz\u0146\u0113muma pan\u0101kumu atsl\u0113ga.\u201d M\u0113s atzin\u012bgi v\u0113rt\u0113jam gan viet\u0113jos, gan starptautiskos klientus un ceram uz sadarb\u012bbu savstarp\u0113jai izaugsmei un pan\u0101kumiem.<\/p>\n<\/div>\n<\/div>\n<\/div>\n<\/div>\n<p><img loading=\"lazy\" decoding=\"async\" class=\"alignnone wp-image-3563\" src=\"https:\/\/fmp-components.com\/wp-content\/uploads\/2025\/01\/company-2.webp\" alt=\"uz\u0146\u0113mums\" width=\"873\" height=\"790\" title=\"\" srcset=\"https:\/\/fmp-components.com\/wp-content\/uploads\/2025\/01\/company-2.webp 873w, https:\/\/fmp-components.com\/wp-content\/uploads\/2025\/01\/company-2-480x435.webp 480w\" sizes=\"(min-width: 0px) and (max-width: 480px) 480px, (min-width: 481px) 873px, 100vw\" \/> <img loading=\"lazy\" decoding=\"async\" class=\"alignnone wp-image-3564\" src=\"https:\/\/fmp-components.com\/wp-content\/uploads\/2025\/01\/company-3.webp\" alt=\"uz\u0146\u0113mums\" width=\"873\" height=\"776\" title=\"\" srcset=\"https:\/\/fmp-components.com\/wp-content\/uploads\/2025\/01\/company-3.webp 873w, https:\/\/fmp-components.com\/wp-content\/uploads\/2025\/01\/company-3-480x427.webp 480w\" sizes=\"(min-width: 0px) and (max-width: 480px) 480px, (min-width: 481px) 873px, 100vw\" \/> <img loading=\"lazy\" decoding=\"async\" class=\"alignnone wp-image-3565\" src=\"https:\/\/fmp-components.com\/wp-content\/uploads\/2025\/01\/company-1.webp\" alt=\"uz\u0146\u0113mums\" width=\"877\" height=\"225\" title=\"\" srcset=\"https:\/\/fmp-components.com\/wp-content\/uploads\/2025\/01\/company-1.webp 877w, https:\/\/fmp-components.com\/wp-content\/uploads\/2025\/01\/company-1-480x123.webp 480w\" sizes=\"(min-width: 0px) and (max-width: 480px) 480px, (min-width: 481px) 877px, 100vw\" \/><\/p>\n<p>Autors: CX<\/p>","protected":false},"excerpt":{"rendered":"<p>\u00a0 Examples: JSZD120-12\/15 motorized spindle is mainly used for small parts processing of non-ferrous metals. Customers own\u3000feeding mechanism, spindle hollow feeding, front elastic clamping, processing zero. lt has low roughness\uff0c good dimensional\u3000stability, and high efficiency. Advantages of an Electrical Spindle for Special Usage Electrical spindles offer several distinct advantages for specialized applications in industries such [&hellip;]<\/p>","protected":false},"featured_media":3570,"comment_status":"open","ping_status":"closed","template":"","meta":{"_et_pb_use_builder":"","_et_pb_old_content":"","_et_gb_content_width":""},"product_brand":[],"product_cat":[88],"product_tag":[],"class_list":{"0":"post-3569","1":"product","2":"type-product","3":"status-publish","4":"has-post-thumbnail","6":"product_cat-stainless-steel-motors","8":"first","9":"instock","10":"shipping-taxable","11":"product-type-simple"},"_links":{"self":[{"href":"https:\/\/fmp-components.com\/lv\/wp-json\/wp\/v2\/product\/3569","targetHints":{"allow":["GET"]}}],"collection":[{"href":"https:\/\/fmp-components.com\/lv\/wp-json\/wp\/v2\/product"}],"about":[{"href":"https:\/\/fmp-components.com\/lv\/wp-json\/wp\/v2\/types\/product"}],"replies":[{"embeddable":true,"href":"https:\/\/fmp-components.com\/lv\/wp-json\/wp\/v2\/comments?post=3569"}],"wp:featuredmedia":[{"embeddable":true,"href":"https:\/\/fmp-components.com\/lv\/wp-json\/wp\/v2\/media\/3570"}],"wp:attachment":[{"href":"https:\/\/fmp-components.com\/lv\/wp-json\/wp\/v2\/media?parent=3569"}],"wp:term":[{"taxonomy":"product_brand","embeddable":true,"href":"https:\/\/fmp-components.com\/lv\/wp-json\/wp\/v2\/product_brand?post=3569"},{"taxonomy":"product_cat","embeddable":true,"href":"https:\/\/fmp-components.com\/lv\/wp-json\/wp\/v2\/product_cat?post=3569"},{"taxonomy":"product_tag","embeddable":true,"href":"https:\/\/fmp-components.com\/lv\/wp-json\/wp\/v2\/product_tag?post=3569"}],"curies":[{"name":"wp","href":"https:\/\/api.w.org\/{rel}","templated":true}]}}