{"id":3561,"date":"2025-01-08T06:10:35","date_gmt":"2025-01-08T06:10:35","guid":{"rendered":"https:\/\/fmp-components.com\/?page_id=8"},"modified":"2025-01-08T07:48:44","modified_gmt":"2025-01-08T07:48:44","slug":"pneumatic-unclamp-cylinder","status":"publish","type":"product","link":"https:\/\/fmp-components.com\/lv\/product\/pneumatic-unclamp-cylinder\/","title":{"rendered":"Pneimatiskais atskr\u016bv\u0113\u0161anas cilindrs"},"content":{"rendered":"<h3 style=\"text-align: center;\">Pneimatisk\u0101 atskr\u016bv\u0113jam\u0101 cilindra \u2014 produkta ievads<\/h3>\n<p>Pneimatiskais atskr\u016bv\u0113\u0161anas cilindrs ir specializ\u0113ta sast\u0101vda\u013ca, kas paredz\u0113ta izmanto\u0161anai da\u017e\u0101dos r\u016bpnieciskos pielietojumos, kur nepiecie\u0161ama autom\u0101tiska atskr\u016bv\u0113\u0161ana. \u0160\u0101da veida cilindrs izmanto saspiestu gaisu, lai nodro\u0161in\u0101tu nepiecie\u0161amo sp\u0113ku skavas atbr\u012bvo\u0161anai, t\u0101d\u0113j\u0101di nodro\u0161inot vienm\u0113r\u012bgu darb\u012bbu un augstu efektivit\u0101ti meh\u0101niskaj\u0101s sist\u0113m\u0101s.<\/p>\n<h4>Galven\u0101s iez\u012bmes:<\/h4>\n<ul>\n<li><strong>Pneimatisk\u0101 pievade<\/strong>Cilindrs darbojas, izmantojot saspiestu gaisu, pied\u0101v\u0101jot t\u012bru, efekt\u012bvu un rentablu risin\u0101jumu sal\u012bdzin\u0101jum\u0101 ar hidraulisk\u0101m vai manu\u0101l\u0101m sist\u0113m\u0101m.<\/li>\n<li><strong>Augsta sp\u0113ka jauda<\/strong>Izstr\u0101d\u0101ts, lai rad\u012btu iev\u0113rojamu sp\u0113ku atskr\u016bv\u0113\u0161anas darb\u012bb\u0101m, piem\u0113rots lieljaudas r\u016bpnieciskiem lietojumiem.<\/li>\n<li><strong>Iztur\u012bba<\/strong>Izgatavots no augstas kvalit\u0101tes materi\u0101liem, lai nodro\u0161in\u0101tu ilgu kalpo\u0161anas laiku pat sare\u017e\u0123\u012btos darba apst\u0101k\u013cos.<\/li>\n<li><strong>Prec\u012bzijas kontrole<\/strong>Nodro\u0161ina prec\u012bzu iesp\u012bl\u0113\u0161anas un atblo\u0137\u0113\u0161anas darb\u012bbu kontroli, uzlabojot automatiz\u0101cijas procesu precizit\u0101ti un uzticam\u012bbu.<\/li>\n<li><strong>Kompakts dizains<\/strong>Optimiz\u0113ts telpas efektivit\u0101tei, padarot to ide\u0101li piem\u0113rotu lieto\u0161anai vid\u0113s ar ierobe\u017eotu uzst\u0101d\u012b\u0161anas vietu.<\/li>\n<li><strong>Vienk\u0101r\u0161a integr\u0101cija<\/strong>Savietojams ar pla\u0161u iek\u0101rtu kl\u0101stu, pied\u0101v\u0101jot neman\u0101mu integr\u0101ciju eso\u0161aj\u0101s sist\u0113m\u0101s, lai atvieglotu jaunin\u0101\u0161anu un nomai\u0146u.<\/li>\n<li><strong>Korozijas iztur\u012bba<\/strong>Izgatavots, lai iztur\u0113tu skarbus vides apst\u0101k\u013cus, ar pretkorozijas apstr\u0101di, kas nodro\u0161ina uzticam\u012bbu sare\u017e\u0123\u012btos r\u016bpnieciskos apst\u0101k\u013cos.<\/li>\n<\/ul>\n<h4>Priek\u0161roc\u012bbas:<\/h4>\n<ul>\n<li><strong>Paaugstin\u0101ta efektivit\u0101te<\/strong>Automatiz\u0113jot atblo\u0137\u0113\u0161anas procesu, darb\u012bbas cikli tiek sa\u012bsin\u0101ti, t\u0101d\u0113j\u0101di palielinot caurlaidsp\u0113ju un samazinot d\u012bkst\u0101ves laiku.<\/li>\n<li><strong>Samazin\u0101ts darbasp\u0113ks<\/strong>Nepiecie\u0161ama maz\u0101ka manu\u0101la iejauk\u0161an\u0101s, t\u0101d\u0113j\u0101di samazinot k\u013c\u016bdu risku un uzlabojot dro\u0161\u012bbu darba viet\u0101.<\/li>\n<li><strong>Ener\u0123ijas taup\u012b\u0161ana<\/strong>Ar gaisu darbin\u0101mi cilindri parasti pat\u0113r\u0113 maz\u0101k ener\u0123ijas nek\u0101 hidraulisk\u0101s sist\u0113mas, t\u0101d\u0113j\u0101di nodro\u0161inot izmaksu zi\u0146\u0101 efekt\u012bvu darb\u012bbu laika gait\u0101.<\/li>\n<li><strong>Piel\u0101gojams<\/strong>Pieejams da\u017e\u0101dos izm\u0113ros, g\u0101jiena garumos un spiediena v\u0113rt\u012bb\u0101s, lai atbilstu da\u017e\u0101d\u0101m r\u016bpniecisk\u0101m vajadz\u012bb\u0101m un pielietojumiem.<\/li>\n<\/ul>\n<p>The <strong>Pneimatiskais atskr\u016bv\u0113\u0161anas cilindrs<\/strong> ir b\u016btiska sast\u0101vda\u013ca uz\u0146\u0113mumiem, kas v\u0113las uzlabot darb\u012bbas efektivit\u0101ti, samazin\u0101t manu\u0101lo darbu un nodro\u0161in\u0101t augstu precizit\u0101tes l\u012bmeni automatiz\u0113tajos procesos.<\/p>\n<p><img loading=\"lazy\" decoding=\"async\" class=\"alignnone size-full wp-image-3566\" src=\"https:\/\/fmp-components.com\/wp-content\/uploads\/2025\/01\/pneumatic-unclamp-cylinder-2.webp\" alt=\"pneimatisk\u0101 atblo\u0137\u0113\u0161anas cilindra 2\" width=\"1371\" height=\"652\" title=\"\" srcset=\"https:\/\/fmp-components.com\/wp-content\/uploads\/2025\/01\/pneumatic-unclamp-cylinder-2.webp 1371w, https:\/\/fmp-components.com\/wp-content\/uploads\/2025\/01\/pneumatic-unclamp-cylinder-2-1280x609.webp 1280w, https:\/\/fmp-components.com\/wp-content\/uploads\/2025\/01\/pneumatic-unclamp-cylinder-2-980x466.webp 980w, https:\/\/fmp-components.com\/wp-content\/uploads\/2025\/01\/pneumatic-unclamp-cylinder-2-480x228.webp 480w\" sizes=\"(min-width: 0px) and (max-width: 480px) 480px, (min-width: 481px) and (max-width: 980px) 980px, (min-width: 981px) and (max-width: 1280px) 1280px, (min-width: 1281px) 1371px, 100vw\" \/><\/p>\n<h2>Mode\u013cu saraksts<\/h2>\n<p><img loading=\"lazy\" decoding=\"async\" class=\"alignnone size-full wp-image-3568\" src=\"https:\/\/fmp-components.com\/wp-content\/uploads\/2025\/01\/pneumatic-unclamp-cylinder-3.webp\" alt=\"pneimatisk\u0101 atblo\u0137\u0113\u0161anas cilindra 2\" width=\"906\" height=\"158\" title=\"\" srcset=\"https:\/\/fmp-components.com\/wp-content\/uploads\/2025\/01\/pneumatic-unclamp-cylinder-3.webp 906w, https:\/\/fmp-components.com\/wp-content\/uploads\/2025\/01\/pneumatic-unclamp-cylinder-3-480x84.webp 480w\" sizes=\"(min-width: 0px) and (max-width: 480px) 480px, (min-width: 481px) 906px, 100vw\" \/><\/p>\n<p>PIEZ\u012aME:<br \/>\n1. Pneimatisko atskr\u016bv\u0113\u0161anas cilindru var uzst\u0101d\u012bt vertik\u0101li un horizont\u0101li, e\u013c\u013cas tvertnei j\u0101b\u016bt v\u0113rstai uz aug\u0161u.<br \/>\n2. Ievad\u012bt\u0101s g\u0101zes avots ir j\u0101apstr\u0101d\u0101 ar g\u0101zes avota tripletu. Sausam un t\u012bram gaisam minim\u0101lais spiediens ir 6 kgf\/cm\u00b2.<br \/>\n3. Minim\u0101lais dro\u0161ais e\u013c\u013cas saturs e\u013c\u013cas kr\u016bz\u012bt\u0113 ir 1\/5, bet augst\u0101kais e\u013c\u013cas saturs ir 4\/5.<\/p>\n<div class=\"flex max-w-full flex-col flex-grow\">\n<div class=\"min-h-8 text-message flex w-full flex-col items-end gap-2 whitespace-normal break-words text-start [.text-message+&amp;]:mt-5\" dir=\"auto\" data-message-author-role=\"assistant\" data-message-id=\"fbdee532-4424-41b2-a093-d85f55f880e4\" data-message-model-slug=\"gpt-4o-mini\">\n<div class=\"flex w-full flex-col gap-1 empty:hidden first:pt-[3px]\">\n<div class=\"markdown prose w-full break-words dark:prose-invert light\">\n<h2>Pneimatisko atskr\u016bv\u0113jamo cilindru veidi<\/h2>\n<p>Pneimatiskie atskr\u016bv\u0113\u0161anas cilindri ir pieejami da\u017e\u0101dos veidos, katrs no tiem ir paredz\u0113ts konkr\u0113tiem lietojumiem un ekspluat\u0101cijas pras\u012bb\u0101m. \u0160eit ir visizplat\u012bt\u0101kie veidi:<\/p>\n<h4>1. <strong>Vienvirziena darb\u012bbas pneimatiskais atskr\u016bv\u0113\u0161anas cilindrs<\/strong><\/h4>\n<ul>\n<li><strong>Apraksts<\/strong>Vienk\u0101r\u0161as darb\u012bbas pneimatiskais atskr\u016bv\u0113\u0161anas cilindrs darbojas ar gaisa spiedienu, kas tiek pielikts tikai vien\u0101 virzu\u013ca pus\u0113. Atgrie\u0161an\u0101s g\u0101jiens parasti tiek pan\u0101kts ar atsperi vai \u0101r\u0113ju sp\u0113ku.<\/li>\n<li><strong>Pieteikums<\/strong>Bie\u017ei sastopams vienk\u0101r\u0161\u0101k\u0101s sist\u0113m\u0101s, kur atskr\u016bv\u0113\u0161anas sp\u0113ks ir nepiecie\u0161ams vien\u0101 virzien\u0101, un atgrie\u0161an\u0101s g\u0101jienu var atbalst\u012bt ar atsperi.<\/li>\n<li><strong>Priek\u0161roc\u012bbas<\/strong>:\n<ul>\n<li>Izmaksu zi\u0146\u0101 efekt\u012bvs<\/li>\n<li>Vienk\u0101r\u0161s dizains un viegli kopjams<\/li>\n<li>Nepiecie\u0161ams maz\u0101ks gaisa pat\u0113ri\u0146\u0161<\/li>\n<\/ul>\n<\/li>\n<\/ul>\n<h4>2. <strong>Divk\u0101r\u0161as darb\u012bbas pneimatiskais atskr\u016bv\u0113\u0161anas cilindrs<\/strong><\/h4>\n<ul>\n<li><strong>Apraksts<\/strong>Divk\u0101r\u0161as darb\u012bbas pneimatiskaj\u0101 atblo\u0137\u0113\u0161anas cilindr\u0101 gaisa spiediens tiek pielikts ab\u0101s virzu\u013ca pus\u0113s gan saspie\u0161anas, gan atblo\u0137\u0113\u0161anas darb\u012bb\u0101m, kas \u013cauj lab\u0101k kontrol\u0113t cilindra kust\u012bbu.<\/li>\n<li><strong>Pieteikums<\/strong>Ide\u0101li piem\u0113rots lietojumiem, kuros nepiecie\u0161ams liel\u0101ks sp\u0113ks un prec\u012bz\u0101ka atskr\u016bv\u0113\u0161anas procesa kontrole, piem\u0113ram, automatiz\u0113t\u0101s ra\u017eo\u0161anas l\u012bnij\u0101s vai robotiz\u0113t\u0101s sist\u0113m\u0101s.<\/li>\n<li><strong>Priek\u0161roc\u012bbas<\/strong>:\n<ul>\n<li>Liel\u0101ks sp\u0113ks un \u0101tr\u0101ks reakcijas laiks<\/li>\n<li>Prec\u012bza kontrole gan p\u0101r iesp\u012bl\u0113\u0161anu, gan atbr\u012bvo\u0161anu<\/li>\n<li>Var izmantot sare\u017e\u0123\u012bt\u0101kiem lietojumiem<\/li>\n<\/ul>\n<\/li>\n<\/ul>\n<h4>3. <strong>Rot\u0101cijas pneimatiskais atskr\u016bv\u0113\u0161anas cilindrs<\/strong><\/h4>\n<ul>\n<li><strong>Apraksts<\/strong>\u0160\u0101da veida cilindrs ir paredz\u0113ts lietojumiem, kuros papildus line\u0101rai kust\u012bbai nepiecie\u0161ama ar\u012b rot\u0101cijas kust\u012bba. Tam ir rot\u0101cijas izpildmeh\u0101nisms, kas apvienots ar pneimatisko atblo\u0137\u0113\u0161anas meh\u0101nismu.<\/li>\n<li><strong>Pieteikums<\/strong>Bie\u017ei izmanto automatiz\u0113t\u0101s ier\u012bc\u0113s vai ma\u0161\u012bn\u0101s, kur skavas sist\u0113mai ir j\u0101grie\u017eas pirms vai p\u0113c skavas atvieno\u0161anas.<\/li>\n<li><strong>Priek\u0161roc\u012bbas<\/strong>:\n<ul>\n<li>Pied\u0101v\u0101 gan rot\u0101cijas, gan line\u0101ru kust\u012bbu<\/li>\n<li>Var veikt sare\u017e\u0123\u012btus uzdevumus, piem\u0113ram, deta\u013cu vai stiprin\u0101jumu pagrie\u0161anu p\u0113c to atskr\u016bv\u0113\u0161anas<\/li>\n<\/ul>\n<\/li>\n<\/ul>\n<h4>4. <strong>Kompakts pneimatiskais atskr\u016bv\u0113\u0161anas cilindrs<\/strong><\/h4>\n<ul>\n<li><strong>Apraksts<\/strong>\u0160iem cilindriem ir maz\u0101ks, kompakt\u0101ks dizains, vienlaikus saglab\u0101jot lielu sp\u0113ka jaudu. Tie ir piem\u0113roti \u0161aur\u0101m viet\u0101m, kur tradicion\u0101lie cilindri var neieder\u0113ties.<\/li>\n<li><strong>Pieteikums<\/strong>Izmanto lietojumos, kur ir ierobe\u017eota vieta, bet joproj\u0101m ir nepiecie\u0161ams sp\u0113c\u012bgs atskr\u016bv\u0113\u0161anas sp\u0113ks, piem\u0113ram, maza m\u0113roga automatiz\u0101cijas sist\u0113m\u0101s vai ma\u0161\u012bn\u0101s ar ierobe\u017eotu uzst\u0101d\u012b\u0161anas vietu.<\/li>\n<li><strong>Priek\u0161roc\u012bbas<\/strong>:\n<ul>\n<li>Vietu taupo\u0161s dizains<\/li>\n<li>Augsta veiktsp\u0113ja kompakt\u0101 iepakojum\u0101<\/li>\n<\/ul>\n<\/li>\n<\/ul>\n<h4>5. <strong>Divk\u0101r\u0161\u0101 stie\u0146a pneimatisk\u0101 atskr\u016bv\u0113jam\u0101 cilindra<\/strong><\/h4>\n<ul>\n<li><strong>Apraksts<\/strong>\u0160\u0101da veida cilindram ir stie\u0146i ab\u0101s virzu\u013ca pus\u0113s, kas nodro\u0161ina vienm\u0113r\u012bg\u0101ku sp\u0113ka sadal\u012bjumu un vienm\u0113r\u012bg\u0101ku kust\u012bbu atskr\u016bv\u0113\u0161anas un nospie\u0161anas laik\u0101.<\/li>\n<li><strong>Pieteikums<\/strong>Ide\u0101li piem\u0113rots lietojumiem, kuriem nepiecie\u0161ama augsta stabilit\u0101te, precizit\u0101te un l\u012bdzsvarota kust\u012bba, piem\u0113ram, augstas precizit\u0101tes ma\u0161\u012bn\u0101s un robotik\u0101.<\/li>\n<li><strong>Priek\u0161roc\u012bbas<\/strong>:\n<ul>\n<li>Liel\u0101ka stabilit\u0101te un slodzes sadal\u012bjums<\/li>\n<li>Piem\u0113rots augstas precizit\u0101tes pielietojumiem<\/li>\n<\/ul>\n<\/li>\n<\/ul>\n<ul>\n<li style=\"list-style-type: none;\"><\/li>\n<\/ul>\n<p>Katrs pneimatisk\u0101 atskr\u016bv\u0113\u0161anas cilindra veids atbilst konkr\u0113t\u0101m vajadz\u012bb\u0101m atkar\u012bb\u0101 no pielietojuma pras\u012bb\u0101m, vietas ierobe\u017eojumiem, nepiecie\u0161am\u0101 sp\u0113ka pras\u012bb\u0101m un nepiecie\u0161am\u0101s precizit\u0101tes. Pareiza pneimatisk\u0101 atskr\u016bv\u0113\u0161anas cilindra veida izv\u0113le nodro\u0161ina optim\u0101lu veiktsp\u0113ju un efektivit\u0101ti automatiz\u0113t\u0101s un meh\u0101nisk\u0101s sist\u0113m\u0101s.<\/p>\n<h2>Par FMP<\/h2>\n<p>FMP ir profesion\u0101ls ra\u017eot\u0101js, kas specializ\u0113jas meh\u0101nisko komponentu ra\u017eo\u0161an\u0101. M\u016bsu galvenie produkti ietver spir\u0101lveida konusveida t\u0101rpu reduktorus, zobratus, konusveida bukses, zobratus, savienojumus un citas transmisijas deta\u013cas. Ar sp\u0113c\u012bgu eksporta fokusu vair\u0101k nek\u0101 651\u00a0TP4\u00a0T m\u016bsu produktu tiek pieg\u0101d\u0101ti uz Eiropas tirgiem, tostarp V\u0101ciju, Apvienoto Karalisti un Franciju, sasniedzot gada eksporta apjomu 1TP5\u00a0T18\u00a0miljoni. M\u016bsu kop\u0113j\u0101 gada ra\u017eo\u0161anas v\u0113rt\u012bba sasniedz 200\u00a0miljonus RMB.<\/p>\n<p>Visi FMP produkti tiek ra\u017eoti saska\u0146\u0101 ar starptautiskajiem, Eiropas un ASV r\u016bpniec\u012bbas standartiem. M\u0113s izmantojam prec\u012bzas un augstas kvalit\u0101tes apstr\u0101des iek\u0101rtas, ievie\u0161am labi pl\u0101notus ra\u017eo\u0161anas procesus un iev\u0113rojam efekt\u012bvu un elast\u012bgu vad\u012bbas sist\u0113mu. M\u016bsu visaptvero\u0161\u0101 kvalit\u0101tes vad\u012bbas sist\u0113ma nodro\u0161ina izcilu produktu kvalit\u0101ti un konkur\u0113tsp\u0113j\u012bgas cenas.<\/p>\n<p>FMP darbojas p\u0113c \u0161\u0101diem pamatprincipiem: \u201cKvalit\u0101te: uz\u0146\u0113muma izdz\u012bvo\u0161anas pamats, Integrit\u0101te: uz\u0146\u0113muma att\u012bst\u012bbas virz\u012bt\u0101jsp\u0113ks, Apkalpo\u0161ana: uz\u0146\u0113muma izaugsmes avots un Pieejam\u012bba: uz\u0146\u0113muma pan\u0101kumu atsl\u0113ga.\u201d M\u0113s atzin\u012bgi v\u0113rt\u0113jam gan viet\u0113jos, gan starptautiskos klientus un ceram uz sadarb\u012bbu savstarp\u0113jai izaugsmei un pan\u0101kumiem.<\/p>\n<\/div>\n<\/div>\n<\/div>\n<\/div>\n<p><img loading=\"lazy\" decoding=\"async\" class=\"alignnone  wp-image-3563\" src=\"https:\/\/fmp-components.com\/wp-content\/uploads\/2025\/01\/company-2.webp\" alt=\"uz\u0146\u0113mums\" width=\"873\" height=\"790\" title=\"\" srcset=\"https:\/\/fmp-components.com\/wp-content\/uploads\/2025\/01\/company-2.webp 873w, https:\/\/fmp-components.com\/wp-content\/uploads\/2025\/01\/company-2-480x435.webp 480w\" sizes=\"(min-width: 0px) and (max-width: 480px) 480px, (min-width: 481px) 873px, 100vw\" \/> <img loading=\"lazy\" decoding=\"async\" class=\"alignnone  wp-image-3564\" src=\"https:\/\/fmp-components.com\/wp-content\/uploads\/2025\/01\/company-3.webp\" alt=\"uz\u0146\u0113mums\" width=\"873\" height=\"776\" title=\"\" srcset=\"https:\/\/fmp-components.com\/wp-content\/uploads\/2025\/01\/company-3.webp 873w, https:\/\/fmp-components.com\/wp-content\/uploads\/2025\/01\/company-3-480x427.webp 480w\" sizes=\"(min-width: 0px) and (max-width: 480px) 480px, (min-width: 481px) 873px, 100vw\" \/> <img loading=\"lazy\" decoding=\"async\" class=\"alignnone  wp-image-3565\" src=\"https:\/\/fmp-components.com\/wp-content\/uploads\/2025\/01\/company-1.webp\" alt=\"uz\u0146\u0113mums\" width=\"877\" height=\"225\" title=\"\" srcset=\"https:\/\/fmp-components.com\/wp-content\/uploads\/2025\/01\/company-1.webp 877w, https:\/\/fmp-components.com\/wp-content\/uploads\/2025\/01\/company-1-480x123.webp 480w\" sizes=\"(min-width: 0px) and (max-width: 480px) 480px, (min-width: 481px) 877px, 100vw\" \/><\/p>\n<p>Autors: CX<\/p>","protected":false},"excerpt":{"rendered":"<p>Pneumatic Unclamp Cylinder \u2013 Product Introduction The Pneumatic Unclamp Cylinder is a specialized component designed for use in various industrial applications where automated unclamping is necessary. This type of cylinder utilizes compressed air to provide the force required to release clamping mechanisms, ensuring smooth operation and high efficiency in mechanical systems. Key Features: Pneumatic Actuation: [&hellip;]<\/p>","protected":false},"featured_media":3567,"comment_status":"open","ping_status":"closed","template":"","meta":{"_et_pb_use_builder":"","_et_pb_old_content":"","_et_gb_content_width":""},"product_brand":[],"product_cat":[89],"product_tag":[],"class_list":{"0":"post-3561","1":"product","2":"type-product","3":"status-publish","4":"has-post-thumbnail","6":"product_cat-spindle-motor","8":"first","9":"instock","10":"shipping-taxable","11":"product-type-simple"},"_links":{"self":[{"href":"https:\/\/fmp-components.com\/lv\/wp-json\/wp\/v2\/product\/3561","targetHints":{"allow":["GET"]}}],"collection":[{"href":"https:\/\/fmp-components.com\/lv\/wp-json\/wp\/v2\/product"}],"about":[{"href":"https:\/\/fmp-components.com\/lv\/wp-json\/wp\/v2\/types\/product"}],"replies":[{"embeddable":true,"href":"https:\/\/fmp-components.com\/lv\/wp-json\/wp\/v2\/comments?post=3561"}],"wp:featuredmedia":[{"embeddable":true,"href":"https:\/\/fmp-components.com\/lv\/wp-json\/wp\/v2\/media\/3567"}],"wp:attachment":[{"href":"https:\/\/fmp-components.com\/lv\/wp-json\/wp\/v2\/media?parent=3561"}],"wp:term":[{"taxonomy":"product_brand","embeddable":true,"href":"https:\/\/fmp-components.com\/lv\/wp-json\/wp\/v2\/product_brand?post=3561"},{"taxonomy":"product_cat","embeddable":true,"href":"https:\/\/fmp-components.com\/lv\/wp-json\/wp\/v2\/product_cat?post=3561"},{"taxonomy":"product_tag","embeddable":true,"href":"https:\/\/fmp-components.com\/lv\/wp-json\/wp\/v2\/product_tag?post=3561"}],"curies":[{"name":"wp","href":"https:\/\/api.w.org\/{rel}","templated":true}]}}