{"id":3558,"date":"2025-01-08T05:55:51","date_gmt":"2025-01-08T05:55:51","guid":{"rendered":"https:\/\/fmp-components.com\/?page_id=8"},"modified":"2025-01-08T05:55:51","modified_gmt":"2025-01-08T05:55:51","slug":"iec-stainless-steel-motor-b3-foot-mounted-tenv","status":"publish","type":"product","link":"https:\/\/fmp-components.com\/lv\/product\/iec-stainless-steel-motor-b3-foot-mounted-tenv\/","title":{"rendered":"IEC ner\u016bs\u0113jo\u0161\u0101 t\u0113rauda motors B3, mont\u0113jams uz p\u0113das - TENV"},"content":{"rendered":"<p><img loading=\"lazy\" decoding=\"async\" class=\"alignnone  wp-image-3560\" src=\"https:\/\/fmp-components.com\/wp-content\/uploads\/2025\/01\/fmp_2.stainless-steel-motor-2.webp\" alt=\"fmp_2.ner\u016bs\u0113jo\u0161\u0101 t\u0113rauda motors-2\" width=\"910\" height=\"450\" title=\"\" srcset=\"https:\/\/fmp-components.com\/wp-content\/uploads\/2025\/01\/fmp_2.stainless-steel-motor-2.webp 910w, https:\/\/fmp-components.com\/wp-content\/uploads\/2025\/01\/fmp_2.stainless-steel-motor-2-480x237.webp 480w\" sizes=\"(min-width: 0px) and (max-width: 480px) 480px, (min-width: 481px) 910px, 100vw\" \/><\/p>\n<table style=\"width: 98.5196%;\" border=\"1\">\n<tbody>\n<tr>\n<td style=\"width: 14.0541%;\">R\u0101mja tips<\/td>\n<td style=\"width: 7.02703%;\">Po\u013ci<\/td>\n<td style=\"width: 4.86486%;\">A<\/td>\n<td style=\"width: 5.58559%;\">A\/2<\/td>\n<td style=\"width: 4.86486%;\">B<\/td>\n<td style=\"width: 3.42342%;\">C<\/td>\n<td style=\"width: 3.42342%;\">D<\/td>\n<td style=\"width: 3.42342%;\">E<\/td>\n<td style=\"width: 3.42342%;\">F<\/td>\n<td style=\"width: 5.58559%;\">G<\/td>\n<td style=\"width: 3.42342%;\">H<\/td>\n<td style=\"width: 3.42342%;\">K<\/td>\n<td style=\"width: 4.86486%;\">P<\/td>\n<td style=\"width: 12.4324%;\">V\u0101rpstas caurums<\/td>\n<td style=\"width: 4.86486%;\">AB<\/td>\n<td style=\"width: 4.86486%;\">Mai\u0146str\u0101va<\/td>\n<td style=\"width: 68.8288%;\">REKL\u0100MA<\/td>\n<\/tr>\n<tr>\n<td style=\"width: 14.0541%;\">63<\/td>\n<td style=\"width: 7.02703%;\">2, 4<\/td>\n<td style=\"width: 4.86486%;\">100<\/td>\n<td style=\"width: 5.58559%;\">50<\/td>\n<td style=\"width: 4.86486%;\">80<\/td>\n<td style=\"width: 3.42342%;\">40<\/td>\n<td style=\"width: 3.42342%;\">11<\/td>\n<td style=\"width: 3.42342%;\">23<\/td>\n<td style=\"width: 3.42342%;\">23<\/td>\n<td style=\"width: 5.58559%;\">8.5<\/td>\n<td style=\"width: 3.42342%;\">63<\/td>\n<td style=\"width: 3.42342%;\">7<\/td>\n<td style=\"width: 4.86486%;\">114<\/td>\n<td style=\"width: 12.4324%;\">M4<\/td>\n<td style=\"width: 4.86486%;\">125<\/td>\n<td style=\"width: 4.86486%;\">114<\/td>\n<td style=\"width: 68.8288%;\">117<\/td>\n<\/tr>\n<tr>\n<td style=\"width: 14.0541%;\">71<\/td>\n<td style=\"width: 7.02703%;\">2,4,6<\/td>\n<td style=\"width: 4.86486%;\">112<\/td>\n<td style=\"width: 5.58559%;\">56<\/td>\n<td style=\"width: 4.86486%;\">90<\/td>\n<td style=\"width: 3.42342%;\">45<\/td>\n<td style=\"width: 3.42342%;\">14<\/td>\n<td style=\"width: 3.42342%;\">30<\/td>\n<td style=\"width: 3.42342%;\">30<\/td>\n<td style=\"width: 5.58559%;\">11<\/td>\n<td style=\"width: 3.42342%;\">71<\/td>\n<td style=\"width: 3.42342%;\">7<\/td>\n<td style=\"width: 4.86486%;\">134<\/td>\n<td style=\"width: 12.4324%;\">M5<\/td>\n<td style=\"width: 4.86486%;\">140<\/td>\n<td style=\"width: 4.86486%;\">134<\/td>\n<td style=\"width: 68.8288%;\">129<\/td>\n<\/tr>\n<tr>\n<td style=\"width: 14.0541%;\">80<\/td>\n<td style=\"width: 7.02703%;\"><\/td>\n<td style=\"width: 4.86486%;\">125<\/td>\n<td style=\"width: 5.58559%;\">62.5<\/td>\n<td style=\"width: 4.86486%;\">100<\/td>\n<td style=\"width: 3.42342%;\">50<\/td>\n<td style=\"width: 3.42342%;\">19<\/td>\n<td style=\"width: 3.42342%;\">40<\/td>\n<td style=\"width: 3.42342%;\">40<\/td>\n<td style=\"width: 5.58559%;\">15.5<\/td>\n<td style=\"width: 3.42342%;\">80<\/td>\n<td style=\"width: 3.42342%;\">10<\/td>\n<td style=\"width: 4.86486%;\">144<\/td>\n<td style=\"width: 12.4324%;\">M6<\/td>\n<td style=\"width: 4.86486%;\">150<\/td>\n<td style=\"width: 4.86486%;\">144<\/td>\n<td style=\"width: 68.8288%;\">135<\/td>\n<\/tr>\n<tr>\n<td style=\"width: 14.0541%;\">90. gadi<\/td>\n<td style=\"width: 7.02703%;\"><\/td>\n<td style=\"width: 4.86486%;\">140<\/td>\n<td style=\"width: 5.58559%;\">70<\/td>\n<td style=\"width: 4.86486%;\">100<\/td>\n<td style=\"width: 3.42342%;\">56<\/td>\n<td style=\"width: 3.42342%;\">24<\/td>\n<td style=\"width: 3.42342%;\">50<\/td>\n<td style=\"width: 3.42342%;\">50<\/td>\n<td style=\"width: 5.58559%;\">20<\/td>\n<td style=\"width: 3.42342%;\">90<\/td>\n<td style=\"width: 3.42342%;\">9<\/td>\n<td style=\"width: 4.86486%;\">164<\/td>\n<td style=\"width: 12.4324%;\">M8<\/td>\n<td style=\"width: 4.86486%;\">164<\/td>\n<td style=\"width: 4.86486%;\">164<\/td>\n<td style=\"width: 68.8288%;\">147<\/td>\n<\/tr>\n<\/tbody>\n<\/table>\n<h2>IEC ner\u016bs\u0113jo\u0161\u0101 t\u0113rauda motora specifik\u0101cijas<\/h2>\n<table style=\"width: 98.4738%;\" border=\"1\">\n<tbody>\n<tr>\n<td style=\"width: 14.4262%;\">R\u0101mis<\/td>\n<td style=\"width: 24.918%;\">KW<\/td>\n<td style=\"width: 46.8852%;\">Mont\u0101\u017ea<\/td>\n<td style=\"width: 209.18%;\">IP adrese<\/td>\n<\/tr>\n<tr>\n<td style=\"width: 14.4262%;\">63<\/td>\n<td style=\"width: 24.918%;\">0.18<\/td>\n<td style=\"width: 46.8852%;\" rowspan=\"7\">B3, B5, B14, B34, B35<\/td>\n<td style=\"width: 209.18%;\" rowspan=\"7\">IP55<\/td>\n<\/tr>\n<tr>\n<td style=\"width: 14.4262%;\">71<\/td>\n<td style=\"width: 24.918%;\">0,25, 0,37<\/td>\n<\/tr>\n<tr>\n<td style=\"width: 14.4262%;\">80<\/td>\n<td style=\"width: 24.918%;\">0,55, 0,75<\/td>\n<\/tr>\n<tr>\n<td style=\"width: 14.4262%;\">90<\/td>\n<td style=\"width: 24.918%;\">1,1, 1,5<\/td>\n<\/tr>\n<tr>\n<td style=\"width: 14.4262%;\">100<\/td>\n<td style=\"width: 24.918%;\">2,2, 3,0<\/td>\n<\/tr>\n<tr>\n<td style=\"width: 14.4262%;\">112<\/td>\n<td style=\"width: 24.918%;\">4.0<\/td>\n<\/tr>\n<tr>\n<td style=\"width: 14.4262%;\">1332<\/td>\n<td style=\"width: 24.918%;\">5,5, 7,5<\/td>\n<\/tr>\n<\/tbody>\n<\/table>\n<p>Tas ir pieejams ar\u012b tad, ja jums ir k\u0101das \u012bpa\u0161as pras\u012bbas attiec\u012bb\u0101 uz motoru.<\/p>\n<h2>IEC ner\u016bs\u0113jo\u0161\u0101 t\u0113rauda motora \u012bpa\u0161\u012bbas<\/h2>\n<p>Ner\u016bs\u0113jo\u0161\u0101 t\u0113rauda servomotors, statiskais griezes moments no 0,45 l\u012bdz 20 nm, maksim\u0101lais griezes moments 64 nm<br \/>\nNer\u016bs\u0113jo\u0161\u0101 t\u0113rauda servo reduktors ar planet\u0101ro vai konisko zobratu<br \/>\nKorpuss ir izgatavots no ner\u016bs\u0113jo\u0161\u0101 t\u0113rauda V2a 1.4301 (AISI 304) vai V4A 1.4404 (AISI 316L) vai anod\u0113ta alum\u012bnija.<br \/>\nVirsmas un flan\u0161a uzst\u0101d\u012b\u0161ana (imb5, IMB14)<br \/>\nAizsardz\u012bbas klase l\u012bdz ip66k \/ ip69k skalo\u0161anas apst\u0101k\u013cos<br \/>\nLiels \u0101truma regul\u0113\u0161anas diapazons<br \/>\nUl\/CSA sertifik\u0101cija<br \/>\nEHEDG sertifik\u0101cija v\u0113l nav sa\u0146emta (paredz\u0113ta 2022. gad\u0101)<br \/>\nAtgriezenisk\u0101 saite, izmantojot iz\u0161\u0137irtsp\u0113jas vai priek\u0161skat\u012bjuma, EnDat vai piedzi\u0146as klip\u0161a kod\u0113t\u0101ju<br \/>\nViena kabe\u013ca tehnolo\u0123ija (OCT)<br \/>\nBremz\u0113\u0161anas iesp\u0113jas<br \/>\nMai\u0146str\u0101vas servomotors, l\u012bdzstr\u0101vas servomotors un mai\u0146str\u0101vas asinhronais motors<br \/>\nDecentraliz\u0113ts servomotors ar integr\u0113tu servo regulatoru<br \/>\nPieg\u0101d\u0101ts ar servo regulatoru vai frekvences p\u0101rveidot\u0101ju<br \/>\nPiel\u0101gots dizains<\/p>\n<h2>Saist\u012bts ner\u016bs\u0113jo\u0161\u0101 t\u0113rauda motors<\/h2>\n<table style=\"width: 100%;\" border=\"1\" width=\"100%\" cellspacing=\"0\" cellpadding=\"0\">\n<tbody>\n<tr>\n<td style=\"width: 26.8899%;\" align=\"right\" width=\"64\" height=\"18\"><img loading=\"lazy\" decoding=\"async\" class=\"alignnone size-full wp-image-3507\" src=\"https:\/\/fmp-components.com\/wp-content\/uploads\/2025\/01\/ep_stainless-steel-motor-1.webp\" sizes=\"(max-width: 379px) 100vw, 379px\" srcset=\"https:\/\/fmp-components.com\/wp-content\/uploads\/2025\/01\/ep_stainless-steel-motor-1.webp 379w, https:\/\/fmp-components.com\/wp-content\/uploads\/2025\/01\/ep_stainless-steel-motor-1-300x200.webp 300w, https:\/\/fmp-components.com\/wp-content\/uploads\/2025\/01\/ep_stainless-steel-motor-1-18x12.webp 18w\" alt=\"ner\u016bs\u0113jo\u0161\u0101 t\u0113rauda motors\" width=\"379\" height=\"253\" title=\"\"><\/td>\n<td style=\"width: 26.9977%;\" align=\"right\" width=\"64\"><img loading=\"lazy\" decoding=\"async\" class=\"alignnone size-full wp-image-3508\" src=\"https:\/\/fmp-components.com\/wp-content\/uploads\/2025\/01\/ep_stainless-steel-motor-2-2.webp\" sizes=\"(max-width: 379px) 100vw, 379px\" srcset=\"https:\/\/fmp-components.com\/wp-content\/uploads\/2025\/01\/ep_stainless-steel-motor-2-2.webp 379w, https:\/\/fmp-components.com\/wp-content\/uploads\/2025\/01\/ep_stainless-steel-motor-2-2-300x200.webp 300w, https:\/\/fmp-components.com\/wp-content\/uploads\/2025\/01\/ep_stainless-steel-motor-2-2-18x12.webp 18w\" alt=\"ner\u016bs\u0113jo\u0161\u0101 t\u0113rauda motors\" width=\"379\" height=\"253\" title=\"\"><\/td>\n<td style=\"width: 23.2182%;\" align=\"right\" width=\"64\"><img loading=\"lazy\" decoding=\"async\" class=\"alignnone size-full wp-image-3509\" src=\"https:\/\/fmp-components.com\/wp-content\/uploads\/2025\/01\/ep_stainless-steel-motor-6.webp\" sizes=\"(max-width: 379px) 100vw, 379px\" srcset=\"https:\/\/fmp-components.com\/wp-content\/uploads\/2025\/01\/ep_stainless-steel-motor-6.webp 379w, https:\/\/fmp-components.com\/wp-content\/uploads\/2025\/01\/ep_stainless-steel-motor-6-300x200.webp 300w, https:\/\/fmp-components.com\/wp-content\/uploads\/2025\/01\/ep_stainless-steel-motor-6-18x12.webp 18w\" alt=\"ner\u016bs\u0113jo\u0161\u0101 t\u0113rauda motors\" width=\"379\" height=\"253\" title=\"\"><\/td>\n<td style=\"width: 22.6782%;\" align=\"right\" width=\"64\"><img loading=\"lazy\" decoding=\"async\" class=\"alignnone size-full wp-image-3510\" src=\"https:\/\/fmp-components.com\/wp-content\/uploads\/2025\/01\/ep_stainless-steel-motor-300x200-1.webp\" sizes=\"(max-width: 300px) 100vw, 300px\" srcset=\"https:\/\/fmp-components.com\/wp-content\/uploads\/2025\/01\/ep_stainless-steel-motor-300x200-1.webp 300w, https:\/\/fmp-components.com\/wp-content\/uploads\/2025\/01\/ep_stainless-steel-motor-300x200-1-18x12.webp 18w\" alt=\"ner\u016bs\u0113jo\u0161\u0101 t\u0113rauda motors\" width=\"300\" height=\"200\" title=\"\"><\/td>\n<\/tr>\n<tr>\n<td style=\"width: 26.8899%;\" align=\"right\" height=\"18\">Ner\u016bs\u0113jo\u0161\u0101 t\u0113rauda past\u0101v\u012bg\u0101 magn\u0113ta motors<\/td>\n<td style=\"width: 26.9977%;\" align=\"right\">\u016adens dzes\u0113\u0161anas ner\u016bs\u0113jo\u0161\u0101 t\u0113rauda motors<\/td>\n<td style=\"width: 23.2182%;\" align=\"right\">P\u0101rtikas r\u016bpniec\u012bbas elektromotors<\/td>\n<td style=\"width: 22.6782%;\" align=\"right\">Ner\u016bs\u0113jo\u0161\u0101 t\u0113rauda motors<\/td>\n<\/tr>\n<tr>\n<td style=\"width: 26.8899%;\" align=\"right\" height=\"18\"><img loading=\"lazy\" decoding=\"async\" class=\"alignnone size-full wp-image-3511\" src=\"https:\/\/fmp-components.com\/wp-content\/uploads\/2025\/01\/ep_stainless-steel-motor-4.webp\" sizes=\"(max-width: 379px) 100vw, 379px\" srcset=\"https:\/\/fmp-components.com\/wp-content\/uploads\/2025\/01\/ep_stainless-steel-motor-4.webp 379w, https:\/\/fmp-components.com\/wp-content\/uploads\/2025\/01\/ep_stainless-steel-motor-4-300x200.webp 300w, https:\/\/fmp-components.com\/wp-content\/uploads\/2025\/01\/ep_stainless-steel-motor-4-18x12.webp 18w\" alt=\"ner\u016bs\u0113jo\u0161\u0101 t\u0113rauda motors\" width=\"379\" height=\"253\" title=\"\"><\/td>\n<td style=\"width: 26.9977%;\" align=\"right\"><img loading=\"lazy\" decoding=\"async\" class=\"alignnone size-full wp-image-3512\" src=\"https:\/\/fmp-components.com\/wp-content\/uploads\/2025\/01\/ep_stainless-steel-motor-3.webp\" sizes=\"(max-width: 379px) 100vw, 379px\" srcset=\"https:\/\/fmp-components.com\/wp-content\/uploads\/2025\/01\/ep_stainless-steel-motor-3.webp 379w, https:\/\/fmp-components.com\/wp-content\/uploads\/2025\/01\/ep_stainless-steel-motor-3-300x200.webp 300w, https:\/\/fmp-components.com\/wp-content\/uploads\/2025\/01\/ep_stainless-steel-motor-3-18x12.webp 18w\" alt=\"ner\u016bs\u0113jo\u0161\u0101 t\u0113rauda motors\" width=\"379\" height=\"253\" title=\"\"><\/td>\n<td style=\"width: 23.2182%;\" align=\"right\"><img loading=\"lazy\" decoding=\"async\" class=\"alignnone size-full wp-image-3513\" src=\"https:\/\/fmp-components.com\/wp-content\/uploads\/2025\/01\/ep_stainless-steel-motor-5.webp\" sizes=\"(max-width: 379px) 100vw, 379px\" srcset=\"https:\/\/fmp-components.com\/wp-content\/uploads\/2025\/01\/ep_stainless-steel-motor-5.webp 379w, https:\/\/fmp-components.com\/wp-content\/uploads\/2025\/01\/ep_stainless-steel-motor-5-300x200.webp 300w, https:\/\/fmp-components.com\/wp-content\/uploads\/2025\/01\/ep_stainless-steel-motor-5-18x12.webp 18w\" alt=\"ner\u016bs\u0113jo\u0161\u0101 t\u0113rauda motors\" width=\"379\" height=\"253\" title=\"\"><\/td>\n<td style=\"width: 22.6782%;\" align=\"right\"><img loading=\"lazy\" decoding=\"async\" class=\"alignnone size-full wp-image-3514\" src=\"https:\/\/fmp-components.com\/wp-content\/uploads\/2025\/01\/ep_stainless-steel-motor-6-1.webp\" sizes=\"(max-width: 379px) 100vw, 379px\" srcset=\"https:\/\/fmp-components.com\/wp-content\/uploads\/2025\/01\/ep_stainless-steel-motor-6-1.webp 379w, https:\/\/fmp-components.com\/wp-content\/uploads\/2025\/01\/ep_stainless-steel-motor-6-1-300x200.webp 300w, https:\/\/fmp-components.com\/wp-content\/uploads\/2025\/01\/ep_stainless-steel-motor-6-1-18x12.webp 18w\" alt=\"ner\u016bs\u0113jo\u0161\u0101 t\u0113rauda motors\" width=\"379\" height=\"253\" title=\"\"><\/td>\n<\/tr>\n<tr>\n<td style=\"width: 26.8899%;\" align=\"right\" height=\"18\">IEC emul\u0123\u0113tas p\u0101rtikas ma\u0161\u012bnas mai\u0146str\u0101vas motors<\/td>\n<td style=\"width: 26.9977%;\" align=\"right\">NEMA 56C asinhronais motors<\/td>\n<td style=\"width: 23.2182%;\" align=\"right\">IEC ner\u016bs\u0113jo\u0161\u0101 t\u0113rauda mai\u0146str\u0101vas motors<\/td>\n<td style=\"width: 22.6782%;\">IEC piln\u012bb\u0101 ner\u016bs\u0113jo\u0161\u0101 t\u0113rauda augstas efektivit\u0101tes motors<\/td>\n<\/tr>\n<tr>\n<td style=\"width: 26.8899%;\" align=\"right\" width=\"64\" height=\"18\"><img loading=\"lazy\" decoding=\"async\" class=\"alignnone size-full wp-image-3515\" src=\"https:\/\/fmp-components.com\/wp-content\/uploads\/2025\/01\/ep_stainless-steel-motor-2.webp\" sizes=\"(max-width: 379px) 100vw, 379px\" srcset=\"https:\/\/fmp-components.com\/wp-content\/uploads\/2025\/01\/ep_stainless-steel-motor-2.webp 379w, https:\/\/fmp-components.com\/wp-content\/uploads\/2025\/01\/ep_stainless-steel-motor-2-300x200.webp 300w, https:\/\/fmp-components.com\/wp-content\/uploads\/2025\/01\/ep_stainless-steel-motor-2-18x12.webp 18w\" alt=\"ner\u016bs\u0113jo\u0161\u0101 t\u0113rauda motors\" width=\"379\" height=\"253\" title=\"\"><\/td>\n<td style=\"width: 26.9977%;\" align=\"right\" width=\"64\"><img loading=\"lazy\" decoding=\"async\" class=\"alignnone size-full wp-image-3516\" src=\"https:\/\/fmp-components.com\/wp-content\/uploads\/2025\/01\/ep_stainless-steel-motor-8.webp\" sizes=\"(max-width: 379px) 100vw, 379px\" srcset=\"https:\/\/fmp-components.com\/wp-content\/uploads\/2025\/01\/ep_stainless-steel-motor-8.webp 379w, https:\/\/fmp-components.com\/wp-content\/uploads\/2025\/01\/ep_stainless-steel-motor-8-300x200.webp 300w, https:\/\/fmp-components.com\/wp-content\/uploads\/2025\/01\/ep_stainless-steel-motor-8-18x12.webp 18w\" alt=\"ner\u016bs\u0113jo\u0161\u0101 t\u0113rauda motors\" width=\"379\" height=\"253\" title=\"\"><\/td>\n<td style=\"width: 23.2182%;\" align=\"right\" width=\"64\"><img loading=\"lazy\" decoding=\"async\" class=\"alignnone size-full wp-image-3517\" src=\"https:\/\/fmp-components.com\/wp-content\/uploads\/2025\/01\/ep_stainless-steel-motor-7.webp\" sizes=\"(max-width: 379px) 100vw, 379px\" srcset=\"https:\/\/fmp-components.com\/wp-content\/uploads\/2025\/01\/ep_stainless-steel-motor-7.webp 379w, https:\/\/fmp-components.com\/wp-content\/uploads\/2025\/01\/ep_stainless-steel-motor-7-300x200.webp 300w, https:\/\/fmp-components.com\/wp-content\/uploads\/2025\/01\/ep_stainless-steel-motor-7-18x12.webp 18w\" alt=\"ner\u016bs\u0113jo\u0161\u0101 t\u0113rauda motors\" width=\"379\" height=\"253\" title=\"\"><\/td>\n<td style=\"width: 22.6782%;\" align=\"right\" width=\"64\"><\/td>\n<\/tr>\n<tr>\n<td style=\"width: 26.8899%;\" align=\"right\" height=\"18\">Vistas un p\u012bles depil\u0101cijas apr\u012bkojuma motors<\/td>\n<td style=\"width: 26.9977%;\" align=\"right\">NEMA p\u0101rtikas kvalit\u0101tes ner\u016bs\u0113jo\u0161\u0101 t\u0113rauda motors<\/td>\n<td style=\"width: 23.2182%;\" align=\"right\">P\u0101rtikas kvalit\u0101tes IEC ner\u016bs\u0113jo\u0161\u0101 t\u0113rauda motors<\/td>\n<td style=\"width: 22.6782%;\" align=\"right\"><\/td>\n<\/tr>\n<\/tbody>\n<\/table>\n<h2>Par FMP<\/h2>\n<p>FMP ir nacion\u0101ls augsto tehnolo\u0123iju uz\u0146\u0113mums, kas specializ\u0113jas modernu motoru un elektromeh\u0101nisko risin\u0101jumu projekt\u0113\u0161an\u0101, izstr\u0101d\u0113 un ra\u017eo\u0161an\u0101. M\u0113s koncentr\u0113jamies uz YE2, YE3 un YE4 s\u0113rijas motoru, k\u0101 ar\u012b da\u017e\u0101du atvasin\u0101tu produktu ra\u017eo\u0161anu. M\u016bsu produktu pied\u0101v\u0101jum\u0101 ietilpst ar\u012b tr\u012bsf\u0101\u017eu un vienf\u0101zes motori hidrauliskajiem s\u016bk\u0146iem, alum\u012bnija korpusa motori, nestandarta motori hidrauliskajiem s\u016bk\u0146iem, elektromeh\u0101nisk\u0101s integr\u0101cijas turb\u012bnu p\u0101rnesumu reduktori un citi specializ\u0113ti motori.<\/p>\n<p>FMP produkti tiek pla\u0161i izmantoti r\u016bpnieciskaj\u0101 automatiz\u0101cij\u0101, apkalpojot t\u0101das galven\u0101s nozares k\u0101 CNC virpas, apavu ra\u017eo\u0161anas iek\u0101rtas, kokapstr\u0101des iek\u0101rtas, met\u0101lapstr\u0101des iek\u0101rtas, plastmasas ra\u017eo\u0161anas iek\u0101rtas un celtniec\u012bbas iek\u0101rtas. Ar stingru ap\u0146em\u0161anos iev\u0113rot inov\u0101cijas un kvalit\u0101ti FMP nodro\u0161ina, ka visi produkti atbilst augst\u0101kajiem veiktsp\u0113jas standartiem.<\/p>\n<p>Papildus m\u016bsu pla\u0161ajam produktu kl\u0101stam m\u0113s lepojamies pied\u0101v\u0101t ar\u012b piel\u0101gotus risin\u0101jumus, kas piel\u0101goti m\u016bsu klientu \u012bpa\u0161aj\u0101m vajadz\u012bb\u0101m. Neatkar\u012bgi no t\u0101, vai jums nepiecie\u0161ami specializ\u0113ti motori, nestandarta produkti vai integr\u0113tas sist\u0113mas, FMP cie\u0161i sadarbojas ar klientiem, lai nodro\u0161in\u0101tu augstas kvalit\u0101tes, individu\u0101li piel\u0101gotus risin\u0101jumus. M\u016bsu uzman\u012bbas centr\u0101 ir prec\u012bza in\u017eenierija un klientu apmierin\u0101t\u012bba, kas nodro\u0161ina m\u016bsu nep\u0101rtrauktos pan\u0101kumus pasaules tirgos.<\/p>\n<p>FMP m\u0113s esam ap\u0146\u0113mu\u0161ies veidot ilgtermi\u0146a, abpus\u0113ji izdev\u012bgas partnerattiec\u012bbas, atbalstot m\u016bsu klientu pan\u0101kumus katr\u0101 projekt\u0101.<\/p>\n<table style=\"width: 100.629%;\" border=\"0\" width=\"128\" cellspacing=\"0\" cellpadding=\"0\">\n<tbody>\n<tr>\n<td style=\"width: 49.2308%;\" align=\"right\" width=\"64\" height=\"18\"><img loading=\"lazy\" decoding=\"async\" class=\"alignnone size-full wp-image-3398\" src=\"https:\/\/fmp-components.com\/wp-content\/uploads\/2025\/01\/Three-Phase-Motor-Factory.webp\" sizes=\"(min-width: 0px) and (max-width: 480px) 480px, (min-width: 481px) 900px, 100vw\" srcset=\"https:\/\/fmp-components.com\/wp-content\/uploads\/2025\/01\/Three-Phase-Motor-Factory.webp 900w, https:\/\/fmp-components.com\/wp-content\/uploads\/2025\/01\/Three-Phase-Motor-Factory-480x320.webp 480w\" alt=\"Tr\u012bsf\u0101\u017eu motoru r\u016bpn\u012bca\" width=\"900\" height=\"600\" title=\"\"><\/td>\n<td style=\"width: 659.231%;\" align=\"right\" width=\"64\"><img loading=\"lazy\" decoding=\"async\" class=\"alignnone size-full wp-image-3399\" src=\"https:\/\/fmp-components.com\/wp-content\/uploads\/2025\/01\/Three-Phase-Motor-Factory-2.webp\" sizes=\"(min-width: 0px) and (max-width: 480px) 480px, (min-width: 481px) 900px, 100vw\" srcset=\"https:\/\/fmp-components.com\/wp-content\/uploads\/2025\/01\/Three-Phase-Motor-Factory-2.webp 900w, https:\/\/fmp-components.com\/wp-content\/uploads\/2025\/01\/Three-Phase-Motor-Factory-2-480x320.webp 480w\" alt=\"Tr\u012bsf\u0101\u017eu motoru r\u016bpn\u012bca 2\" width=\"900\" height=\"600\" title=\"\"><\/td>\n<\/tr>\n<tr>\n<td style=\"width: 49.2308%;\" align=\"right\" height=\"18\"><img loading=\"lazy\" decoding=\"async\" class=\"alignnone size-full wp-image-3400\" src=\"https:\/\/fmp-components.com\/wp-content\/uploads\/2025\/01\/China-Three-Phase-Motor-Factory-1.webp\" sizes=\"(min-width: 0px) and (max-width: 480px) 480px, (min-width: 481px) 900px, 100vw\" srcset=\"https:\/\/fmp-components.com\/wp-content\/uploads\/2025\/01\/China-Three-Phase-Motor-Factory-1.webp 900w, https:\/\/fmp-components.com\/wp-content\/uploads\/2025\/01\/China-Three-Phase-Motor-Factory-1-480x320.webp 480w\" alt=\"Tr\u012bsf\u0101\u017eu motoru r\u016bpn\u012bca-1\" width=\"900\" height=\"600\" title=\"\"><\/td>\n<td style=\"width: 659.231%;\" align=\"right\"><img loading=\"lazy\" decoding=\"async\" class=\"alignnone size-full wp-image-3401\" src=\"https:\/\/fmp-components.com\/wp-content\/uploads\/2025\/01\/Three-Phase-Motor-Factory-3.webp\" sizes=\"(min-width: 0px) and (max-width: 480px) 480px, (min-width: 481px) 900px, 100vw\" srcset=\"https:\/\/fmp-components.com\/wp-content\/uploads\/2025\/01\/Three-Phase-Motor-Factory-3.webp 900w, https:\/\/fmp-components.com\/wp-content\/uploads\/2025\/01\/Three-Phase-Motor-Factory-3-480x320.webp 480w\" alt=\"Tr\u012bsf\u0101\u017eu motoru r\u016bpn\u012bca-3\" width=\"900\" height=\"600\" title=\"\"><\/td>\n<\/tr>\n<tr>\n<td style=\"width: 49.2308%;\"><img loading=\"lazy\" decoding=\"async\" class=\"alignnone size-full wp-image-3471\" src=\"https:\/\/fmp-components.com\/wp-content\/uploads\/2025\/01\/Single-Phase-Induction-Motor-Suppliers.webp\" sizes=\"(min-width: 0px) and (max-width: 480px) 480px, (min-width: 481px) 900px, 100vw\" srcset=\"https:\/\/fmp-components.com\/wp-content\/uploads\/2025\/01\/Single-Phase-Induction-Motor-Suppliers.webp 900w, https:\/\/fmp-components.com\/wp-content\/uploads\/2025\/01\/Single-Phase-Induction-Motor-Suppliers-480x320.webp 480w\" alt=\"Vienf\u0101zes indukcijas motoru pieg\u0101d\u0101t\u0101ji\" width=\"900\" height=\"600\" title=\"\"><\/td>\n<td style=\"width: 659.231%;\"><img loading=\"lazy\" decoding=\"async\" class=\"alignnone size-full wp-image-3470\" src=\"https:\/\/fmp-components.com\/wp-content\/uploads\/2025\/01\/Single-Phase-Induction-Motor-Manufacturers-1.webp\" sizes=\"(min-width: 0px) and (max-width: 480px) 480px, (min-width: 481px) 900px, 100vw\" srcset=\"https:\/\/fmp-components.com\/wp-content\/uploads\/2025\/01\/Single-Phase-Induction-Motor-Manufacturers-1.webp 900w, https:\/\/fmp-components.com\/wp-content\/uploads\/2025\/01\/Single-Phase-Induction-Motor-Manufacturers-1-480x320.webp 480w\" alt=\"Vienf\u0101zes indukcijas motoru ra\u017eot\u0101ji-1\" width=\"900\" height=\"600\" title=\"\"><\/td>\n<\/tr>\n<tr>\n<td style=\"width: 49.2308%;\"><img loading=\"lazy\" decoding=\"async\" class=\"alignnone size-full wp-image-3472\" src=\"https:\/\/fmp-components.com\/wp-content\/uploads\/2025\/01\/Single-Phase-Induction-Motor-Manufacturers.webp\" sizes=\"(min-width: 0px) and (max-width: 480px) 480px, (min-width: 481px) 900px, 100vw\" srcset=\"https:\/\/fmp-components.com\/wp-content\/uploads\/2025\/01\/Single-Phase-Induction-Motor-Manufacturers.webp 900w, https:\/\/fmp-components.com\/wp-content\/uploads\/2025\/01\/Single-Phase-Induction-Motor-Manufacturers-480x320.webp 480w\" alt=\"Vienf\u0101zes indukcijas motoru ra\u017eot\u0101ji\" width=\"900\" height=\"600\" title=\"\"><\/td>\n<td style=\"width: 659.231%;\"><img loading=\"lazy\" decoding=\"async\" class=\"alignnone size-full wp-image-3473\" src=\"https:\/\/fmp-components.com\/wp-content\/uploads\/2025\/01\/Single-Phase-Induction-Motor-for-Sale.webp\" sizes=\"(min-width: 0px) and (max-width: 480px) 480px, (min-width: 481px) 900px, 100vw\" srcset=\"https:\/\/fmp-components.com\/wp-content\/uploads\/2025\/01\/Single-Phase-Induction-Motor-for-Sale.webp 900w, https:\/\/fmp-components.com\/wp-content\/uploads\/2025\/01\/Single-Phase-Induction-Motor-for-Sale-480x320.webp 480w\" alt=\"Vienf\u0101zes indukcijas motors p\u0101rdo\u0161anai\" width=\"900\" height=\"600\" title=\"\"><\/td>\n<\/tr>\n<\/tbody>\n<\/table>\n<p>Autors: CX<\/p>\n<p>&nbsp;<\/p>","protected":false},"excerpt":{"rendered":"<p>Frame Type Poles A A\/2 B C D E F G H K P Shaft Hole AB AC AD 63 2, 4 100 50 80 40 11 23 23 8.5 63 7 114 M4 125 114 117 71 2,4,6 112 56 90 45 14 30 30 11 71 7 134 M5 140 134 129 80 [&hellip;]<\/p>","protected":false},"featured_media":3559,"comment_status":"open","ping_status":"closed","template":"","meta":{"_et_pb_use_builder":"","_et_pb_old_content":"","_et_gb_content_width":""},"product_brand":[],"product_cat":[88],"product_tag":[],"class_list":{"0":"post-3558","1":"product","2":"type-product","3":"status-publish","4":"has-post-thumbnail","6":"product_cat-stainless-steel-motors","8":"first","9":"instock","10":"shipping-taxable","11":"product-type-simple"},"_links":{"self":[{"href":"https:\/\/fmp-components.com\/lv\/wp-json\/wp\/v2\/product\/3558","targetHints":{"allow":["GET"]}}],"collection":[{"href":"https:\/\/fmp-components.com\/lv\/wp-json\/wp\/v2\/product"}],"about":[{"href":"https:\/\/fmp-components.com\/lv\/wp-json\/wp\/v2\/types\/product"}],"replies":[{"embeddable":true,"href":"https:\/\/fmp-components.com\/lv\/wp-json\/wp\/v2\/comments?post=3558"}],"wp:featuredmedia":[{"embeddable":true,"href":"https:\/\/fmp-components.com\/lv\/wp-json\/wp\/v2\/media\/3559"}],"wp:attachment":[{"href":"https:\/\/fmp-components.com\/lv\/wp-json\/wp\/v2\/media?parent=3558"}],"wp:term":[{"taxonomy":"product_brand","embeddable":true,"href":"https:\/\/fmp-components.com\/lv\/wp-json\/wp\/v2\/product_brand?post=3558"},{"taxonomy":"product_cat","embeddable":true,"href":"https:\/\/fmp-components.com\/lv\/wp-json\/wp\/v2\/product_cat?post=3558"},{"taxonomy":"product_tag","embeddable":true,"href":"https:\/\/fmp-components.com\/lv\/wp-json\/wp\/v2\/product_tag?post=3558"}],"curies":[{"name":"wp","href":"https:\/\/api.w.org\/{rel}","templated":true}]}}