{"id":3548,"date":"2025-01-08T05:13:09","date_gmt":"2025-01-08T05:13:09","guid":{"rendered":"https:\/\/fmp-components.com\/?page_id=8"},"modified":"2025-01-08T05:13:10","modified_gmt":"2025-01-08T05:13:10","slug":"iec-motor-b5t-flange-mounted-stainless-steel-motor-tenv-replacement-of-sew-motor","status":"publish","type":"product","link":"https:\/\/fmp-components.com\/lv\/product\/iec-motor-b5t-flange-mounted-stainless-steel-motor-tenv-replacement-of-sew-motor\/","title":{"rendered":"IEC motors B5T uz atloka mont\u0113jams ner\u016bs\u0113jo\u0161\u0101 t\u0113rauda motors TENV SEW motora nomai\u0146a"},"content":{"rendered":"<p><img loading=\"lazy\" decoding=\"async\" class=\"alignnone size-full wp-image-3539\" src=\"https:\/\/fmp-components.com\/wp-content\/uploads\/2025\/01\/fmp_0.stainless-steel-motor-2.webp\" alt=\"fmp_0.ner\u016bs\u0113jo\u0161\u0101 t\u0113rauda motors-2\" width=\"1579\" height=\"608\" title=\"\" srcset=\"https:\/\/fmp-components.com\/wp-content\/uploads\/2025\/01\/fmp_0.stainless-steel-motor-2.webp 1579w, https:\/\/fmp-components.com\/wp-content\/uploads\/2025\/01\/fmp_0.stainless-steel-motor-2-1280x493.webp 1280w, https:\/\/fmp-components.com\/wp-content\/uploads\/2025\/01\/fmp_0.stainless-steel-motor-2-980x377.webp 980w, https:\/\/fmp-components.com\/wp-content\/uploads\/2025\/01\/fmp_0.stainless-steel-motor-2-480x185.webp 480w\" sizes=\"(min-width: 0px) and (max-width: 480px) 480px, (min-width: 481px) and (max-width: 980px) 980px, (min-width: 981px) and (max-width: 1280px) 1280px, (min-width: 1281px) 1579px, 100vw\" \/><\/p>\n<p><span style=\"font-size: 18pt;\">IEC Motors B5T atloka stiprin\u0101juma ner\u016bs\u0113jo\u0161\u0101 t\u0113rauda motori \u2014 TENV nomai\u0146a SEW motoriem<\/span><\/p>\n<p>FMP standarta ner\u016bs\u0113jo\u0161\u0101 t\u0113rauda skalo\u0161anas motori ir izstr\u0101d\u0101ti, lai atbilstu m\u016bsdienu p\u0101rtikas p\u0101rstr\u0101des, farm\u0101cijas, iepako\u0161anas un dz\u0113rienu r\u016bpniec\u012bbas ekstrem\u0101laj\u0101m un stingraj\u0101m higi\u0113nas pras\u012bb\u0101m. FMP p\u0101rtikas dro\u0161ie ner\u016bs\u0113jo\u0161\u0101 t\u0113rauda motori, kas ir p\u0101rbaud\u012bti atbilsto\u0161i stingraj\u0101m IP69K specifik\u0101cij\u0101m un nodro\u0161ina ilgsto\u0161u aizsardz\u012bbu pret vissmag\u0101kajiem kod\u012bgajiem skalo\u0161anas apst\u0101k\u013ciem, vienlaikus saglab\u0101jot higi\u0113nas l\u012bmeni, lai nodro\u0161in\u0101tu, ka p\u0101rtikas dro\u0161\u012bba netiek apdraud\u0113ta.<\/p>\n<p><img loading=\"lazy\" decoding=\"async\" class=\"alignnone  wp-image-3549\" src=\"https:\/\/fmp-components.com\/wp-content\/uploads\/2025\/01\/fmp_4.stainless-steel-motor-2.webp\" alt=\"fmp_4.ner\u016bs\u0113jo\u0161\u0101 t\u0113rauda motors-2\" width=\"917\" height=\"431\" title=\"\" srcset=\"https:\/\/fmp-components.com\/wp-content\/uploads\/2025\/01\/fmp_4.stainless-steel-motor-2.webp 400w, https:\/\/fmp-components.com\/wp-content\/uploads\/2025\/01\/fmp_4.stainless-steel-motor-2-300x141.webp 300w, https:\/\/fmp-components.com\/wp-content\/uploads\/2025\/01\/fmp_4.stainless-steel-motor-2-18x8.webp 18w\" sizes=\"(max-width: 917px) 100vw, 917px\" \/><\/p>\n<table style=\"width: 100.22%; height: 109px;\" border=\"1\">\n<tbody>\n<tr>\n<td>R\u0101mja tips<\/td>\n<td>atloks<br \/>\ntips<\/td>\n<td>Po\u013ci<\/td>\n<td>D<\/td>\n<td>E<\/td>\n<td>F<\/td>\n<td>G<\/td>\n<td>M<\/td>\n<td>N<\/td>\n<td>P<\/td>\n<td>R<\/td>\n<td>S<\/td>\n<td>T<\/td>\n<td>atloks<br \/>\nCaurums<\/td>\n<td>Mai\u0146str\u0101va<\/td>\n<td>REKL\u0100MA<\/td>\n<\/tr>\n<tr>\n<td>71<\/td>\n<td>B5T<\/td>\n<td>4<\/td>\n<td>10<\/td>\n<td>35<\/td>\n<td>2<\/td>\n<td>8.6<\/td>\n<td>100<\/td>\n<td>80<\/td>\n<td>120<\/td>\n<td>16.5<\/td>\n<td>7<\/td>\n<td>3<\/td>\n<td>4<\/td>\n<td>134<\/td>\n<td>129<\/td>\n<\/tr>\n<tr>\n<td>80<\/td>\n<td>B5T<\/td>\n<td>4<\/td>\n<td>12<\/td>\n<td>35<\/td>\n<td>3<\/td>\n<td>10<\/td>\n<td>100<\/td>\n<td>80<\/td>\n<td>120<\/td>\n<td>14.5<\/td>\n<td>7<\/td>\n<td>3<\/td>\n<td>4<\/td>\n<td>134<\/td>\n<td>135<\/td>\n<\/tr>\n<\/tbody>\n<\/table>\n<h2>IEC motors B5T ar atloku mont\u0113jams ner\u016bs\u0113jo\u0161\u0101 t\u0113rauda motors<\/h2>\n<ol>\n<li><strong>Korozijiztur\u012bga konstrukcija<\/strong><br \/>\nIEC B5T atloka stiprin\u0101juma ner\u016bs\u0113jo\u0161\u0101 t\u0113rauda motors ir izgatavots no augstas kvalit\u0101tes ner\u016bs\u0113jo\u0161\u0101 t\u0113rauda, \u200b\u200bkas nodro\u0161ina izcilu iztur\u012bbu pret koroziju, r\u016bsu un nodilumu. Tas padara to ide\u0101li piem\u0113rotu lieto\u0161anai skarbos apst\u0101k\u013cos, piem\u0113ram, p\u0101rtikas p\u0101rstr\u0101des, farm\u0101cijas un \u0137\u012bmiskaj\u0101 r\u016bpniec\u012bb\u0101, kur bie\u017ei sastopama mitruma un agres\u012bvu vielu iedarb\u012bba.<\/li>\n<li><strong>Atloka stiprin\u0101jums vienk\u0101r\u0161ai uzst\u0101d\u012b\u0161anai<\/strong><br \/>\nMotors ir konstru\u0113ts ar B5T atloka stiprin\u0101jumu, kas nodro\u0161ina vienk\u0101r\u0161u un dro\u0161u uzst\u0101d\u012b\u0161anu uz ma\u0161\u012bn\u0101m. \u0160is mont\u0101\u017eas veids nodro\u0161ina kompaktu integr\u0101ciju eso\u0161aj\u0101s sist\u0113m\u0101s, samazinot nepiecie\u0161am\u012bbu p\u0113c papildu atbalsta konstrukcij\u0101m vai sare\u017e\u0123\u012bt\u0101m mont\u0101\u017eas proced\u016br\u0101m.<\/li>\n<li><strong>Higi\u0113niska un viegli t\u012br\u0101ma virsma<\/strong><br \/>\nPateicoties gludai, bez\u0161uvju virsmai, motoru ir viegli t\u012br\u012bt un uztur\u0113t. Nav atkl\u0101tu spraugu vai savienojumu, kur var\u0113tu uzkr\u0101ties net\u012brumi, putek\u013ci vai p\u0101rtikas atliekas, padarot to piem\u0113rotu sanit\u0101raj\u0101m vajadz\u012bb\u0101m, kur higi\u0113na ir galven\u0101 priorit\u0101te. Motora konstrukcija pal\u012bdz nov\u0113rst pies\u0101r\u0146ojumu, nodro\u0161inot augstu t\u012br\u012bbas l\u012bmeni.<\/li>\n<li><strong>IP69K aizsardz\u012bbas v\u0113rt\u0113jums<\/strong><br \/>\n\u0160im motoram ir IP69K aizsardz\u012bbas klase, kas nodro\u0161ina izcilu iztur\u012bbu pret \u016bdens un putek\u013cu iek\u013c\u016b\u0161anu. Motors var iztur\u0113t augstspiediena \u016bdens str\u016bklas, padarot to ide\u0101li piem\u0113rotu mazg\u0101\u0161anas vid\u0113m, kur nepiecie\u0161ama bie\u017ea t\u012br\u012b\u0161ana ar \u016bdeni un sp\u0113c\u012bg\u0101m \u0137\u012bmisk\u0101m viel\u0101m.<\/li>\n<li><strong>Efekt\u012bva veiktsp\u0113ja<\/strong><br \/>\nNer\u016bs\u0113jo\u0161\u0101 t\u0113rauda motors atbilst augstas efektivit\u0101tes standartiem, nodro\u0161inot optim\u0101lu veiktsp\u0113ju, vienlaikus samazinot ener\u0123ijas pat\u0113ri\u0146u. T\u0101 prec\u012bzi konstru\u0113t\u0101s sast\u0101vda\u013cas un efekt\u012bv\u0101 termisk\u0101s p\u0101rvald\u012bbas sist\u0113ma pal\u012bdz samazin\u0101t siltuma uzkr\u0101\u0161anos, garant\u0113jot ilgsto\u0161u un uzticamu darb\u012bbu.<\/li>\n<\/ol>\n<p>\u0160\u012bs \u012bpa\u0161\u012bbas padara IEC B5T atloka stiprin\u0101mo ner\u016bs\u0113jo\u0161\u0101 t\u0113rauda motoru par ide\u0101lu izv\u0113li lietojumiem, kuriem nepiecie\u0161ama iztur\u012bba, higi\u0113na un augsta veiktsp\u0113ja sare\u017e\u0123\u012btos r\u016bpnieciskos apst\u0101k\u013cos.<\/p>\n<h2>Saist\u012bts ner\u016bs\u0113jo\u0161\u0101 t\u0113rauda motors<\/h2>\n<table style=\"width: 100%;\" border=\"1\" width=\"100%\" cellspacing=\"0\" cellpadding=\"0\">\n<tbody>\n<tr>\n<td style=\"width: 25.8099%;\" align=\"right\" width=\"64\" height=\"18\"><img loading=\"lazy\" decoding=\"async\" class=\"alignnone size-full wp-image-3507\" src=\"https:\/\/fmp-components.com\/wp-content\/uploads\/2025\/01\/ep_stainless-steel-motor-1.webp\" sizes=\"(max-width: 379px) 100vw, 379px\" srcset=\"https:\/\/fmp-components.com\/wp-content\/uploads\/2025\/01\/ep_stainless-steel-motor-1.webp 379w, https:\/\/fmp-components.com\/wp-content\/uploads\/2025\/01\/ep_stainless-steel-motor-1-300x200.webp 300w, https:\/\/fmp-components.com\/wp-content\/uploads\/2025\/01\/ep_stainless-steel-motor-1-18x12.webp 18w\" alt=\"ner\u016bs\u0113jo\u0161\u0101 t\u0113rauda motors\" width=\"379\" height=\"253\" title=\"\"><\/td>\n<td style=\"width: 26.134%;\" align=\"right\" width=\"64\"><img loading=\"lazy\" decoding=\"async\" class=\"alignnone size-full wp-image-3508\" src=\"https:\/\/fmp-components.com\/wp-content\/uploads\/2025\/01\/ep_stainless-steel-motor-2-2.webp\" sizes=\"(max-width: 379px) 100vw, 379px\" srcset=\"https:\/\/fmp-components.com\/wp-content\/uploads\/2025\/01\/ep_stainless-steel-motor-2-2.webp 379w, https:\/\/fmp-components.com\/wp-content\/uploads\/2025\/01\/ep_stainless-steel-motor-2-2-300x200.webp 300w, https:\/\/fmp-components.com\/wp-content\/uploads\/2025\/01\/ep_stainless-steel-motor-2-2-18x12.webp 18w\" alt=\"ner\u016bs\u0113jo\u0161\u0101 t\u0113rauda motors\" width=\"379\" height=\"253\" title=\"\"><\/td>\n<td style=\"width: 25.162%;\" align=\"right\" width=\"64\"><img loading=\"lazy\" decoding=\"async\" class=\"alignnone size-full wp-image-3509\" src=\"https:\/\/fmp-components.com\/wp-content\/uploads\/2025\/01\/ep_stainless-steel-motor-6.webp\" sizes=\"(max-width: 379px) 100vw, 379px\" srcset=\"https:\/\/fmp-components.com\/wp-content\/uploads\/2025\/01\/ep_stainless-steel-motor-6.webp 379w, https:\/\/fmp-components.com\/wp-content\/uploads\/2025\/01\/ep_stainless-steel-motor-6-300x200.webp 300w, https:\/\/fmp-components.com\/wp-content\/uploads\/2025\/01\/ep_stainless-steel-motor-6-18x12.webp 18w\" alt=\"ner\u016bs\u0113jo\u0161\u0101 t\u0113rauda motors\" width=\"379\" height=\"253\" title=\"\"><\/td>\n<td style=\"width: 22.6782%;\" align=\"right\" width=\"64\"><img loading=\"lazy\" decoding=\"async\" class=\"alignnone size-full wp-image-3510\" src=\"https:\/\/fmp-components.com\/wp-content\/uploads\/2025\/01\/ep_stainless-steel-motor-300x200-1.webp\" sizes=\"(max-width: 300px) 100vw, 300px\" srcset=\"https:\/\/fmp-components.com\/wp-content\/uploads\/2025\/01\/ep_stainless-steel-motor-300x200-1.webp 300w, https:\/\/fmp-components.com\/wp-content\/uploads\/2025\/01\/ep_stainless-steel-motor-300x200-1-18x12.webp 18w\" alt=\"ner\u016bs\u0113jo\u0161\u0101 t\u0113rauda motors\" width=\"300\" height=\"200\" title=\"\"><\/td>\n<\/tr>\n<tr>\n<td style=\"width: 25.8099%;\" align=\"right\" height=\"18\">Ner\u016bs\u0113jo\u0161\u0101 t\u0113rauda past\u0101v\u012bg\u0101 magn\u0113ta motors<\/td>\n<td style=\"width: 26.134%;\" align=\"right\">\u016adens dzes\u0113\u0161anas ner\u016bs\u0113jo\u0161\u0101 t\u0113rauda motors<\/td>\n<td style=\"width: 25.162%;\" align=\"right\">P\u0101rtikas r\u016bpniec\u012bbas elektromotors<\/td>\n<td style=\"width: 22.6782%;\" align=\"right\">Ner\u016bs\u0113jo\u0161\u0101 t\u0113rauda motors<\/td>\n<\/tr>\n<tr>\n<td style=\"width: 25.8099%;\" align=\"right\" height=\"18\"><img loading=\"lazy\" decoding=\"async\" class=\"alignnone size-full wp-image-3511\" src=\"https:\/\/fmp-components.com\/wp-content\/uploads\/2025\/01\/ep_stainless-steel-motor-4.webp\" sizes=\"(max-width: 379px) 100vw, 379px\" srcset=\"https:\/\/fmp-components.com\/wp-content\/uploads\/2025\/01\/ep_stainless-steel-motor-4.webp 379w, https:\/\/fmp-components.com\/wp-content\/uploads\/2025\/01\/ep_stainless-steel-motor-4-300x200.webp 300w, https:\/\/fmp-components.com\/wp-content\/uploads\/2025\/01\/ep_stainless-steel-motor-4-18x12.webp 18w\" alt=\"ner\u016bs\u0113jo\u0161\u0101 t\u0113rauda motors\" width=\"379\" height=\"253\" title=\"\"><\/td>\n<td style=\"width: 26.134%;\" align=\"right\"><img loading=\"lazy\" decoding=\"async\" class=\"alignnone size-full wp-image-3512\" src=\"https:\/\/fmp-components.com\/wp-content\/uploads\/2025\/01\/ep_stainless-steel-motor-3.webp\" sizes=\"(max-width: 379px) 100vw, 379px\" srcset=\"https:\/\/fmp-components.com\/wp-content\/uploads\/2025\/01\/ep_stainless-steel-motor-3.webp 379w, https:\/\/fmp-components.com\/wp-content\/uploads\/2025\/01\/ep_stainless-steel-motor-3-300x200.webp 300w, https:\/\/fmp-components.com\/wp-content\/uploads\/2025\/01\/ep_stainless-steel-motor-3-18x12.webp 18w\" alt=\"ner\u016bs\u0113jo\u0161\u0101 t\u0113rauda motors\" width=\"379\" height=\"253\" title=\"\"><\/td>\n<td style=\"width: 25.162%;\" align=\"right\"><img loading=\"lazy\" decoding=\"async\" class=\"alignnone size-full wp-image-3513\" src=\"https:\/\/fmp-components.com\/wp-content\/uploads\/2025\/01\/ep_stainless-steel-motor-5.webp\" sizes=\"(max-width: 379px) 100vw, 379px\" srcset=\"https:\/\/fmp-components.com\/wp-content\/uploads\/2025\/01\/ep_stainless-steel-motor-5.webp 379w, https:\/\/fmp-components.com\/wp-content\/uploads\/2025\/01\/ep_stainless-steel-motor-5-300x200.webp 300w, https:\/\/fmp-components.com\/wp-content\/uploads\/2025\/01\/ep_stainless-steel-motor-5-18x12.webp 18w\" alt=\"ner\u016bs\u0113jo\u0161\u0101 t\u0113rauda motors\" width=\"379\" height=\"253\" title=\"\"><\/td>\n<td style=\"width: 22.6782%;\" align=\"right\"><img loading=\"lazy\" decoding=\"async\" class=\"alignnone wp-image-3514\" src=\"https:\/\/fmp-components.com\/wp-content\/uploads\/2025\/01\/ep_stainless-steel-motor-6-1.webp\" sizes=\"(max-width: 379px) 100vw, 379px\" srcset=\"https:\/\/fmp-components.com\/wp-content\/uploads\/2025\/01\/ep_stainless-steel-motor-6-1.webp 379w, https:\/\/fmp-components.com\/wp-content\/uploads\/2025\/01\/ep_stainless-steel-motor-6-1-300x200.webp 300w, https:\/\/fmp-components.com\/wp-content\/uploads\/2025\/01\/ep_stainless-steel-motor-6-1-18x12.webp 18w\" alt=\"ner\u016bs\u0113jo\u0161\u0101 t\u0113rauda motors\" width=\"220\" height=\"147\" title=\"\"><\/td>\n<\/tr>\n<tr>\n<td style=\"width: 25.8099%;\" align=\"right\" height=\"18\">IEC emul\u0123\u0113tas p\u0101rtikas ma\u0161\u012bnas mai\u0146str\u0101vas motors<\/td>\n<td style=\"width: 26.134%;\" align=\"right\">NEMA 56C asinhronais motors<\/td>\n<td style=\"width: 25.162%;\" align=\"right\">IEC ner\u016bs\u0113jo\u0161\u0101 t\u0113rauda mai\u0146str\u0101vas motors<\/td>\n<td style=\"width: 22.6782%;\">IEC piln\u012bb\u0101 ner\u016bs\u0113jo\u0161\u0101 t\u0113rauda augstas efektivit\u0101tes motors<\/td>\n<\/tr>\n<tr>\n<td style=\"width: 25.8099%;\" align=\"right\" width=\"64\" height=\"18\"><img loading=\"lazy\" decoding=\"async\" class=\"alignnone size-full wp-image-3515\" src=\"https:\/\/fmp-components.com\/wp-content\/uploads\/2025\/01\/ep_stainless-steel-motor-2.webp\" sizes=\"(max-width: 379px) 100vw, 379px\" srcset=\"https:\/\/fmp-components.com\/wp-content\/uploads\/2025\/01\/ep_stainless-steel-motor-2.webp 379w, https:\/\/fmp-components.com\/wp-content\/uploads\/2025\/01\/ep_stainless-steel-motor-2-300x200.webp 300w, https:\/\/fmp-components.com\/wp-content\/uploads\/2025\/01\/ep_stainless-steel-motor-2-18x12.webp 18w\" alt=\"ner\u016bs\u0113jo\u0161\u0101 t\u0113rauda motors\" width=\"379\" height=\"253\" title=\"\"><\/td>\n<td style=\"width: 26.134%;\" align=\"right\" width=\"64\"><img loading=\"lazy\" decoding=\"async\" class=\"alignnone size-full wp-image-3516\" src=\"https:\/\/fmp-components.com\/wp-content\/uploads\/2025\/01\/ep_stainless-steel-motor-8.webp\" sizes=\"(max-width: 379px) 100vw, 379px\" srcset=\"https:\/\/fmp-components.com\/wp-content\/uploads\/2025\/01\/ep_stainless-steel-motor-8.webp 379w, https:\/\/fmp-components.com\/wp-content\/uploads\/2025\/01\/ep_stainless-steel-motor-8-300x200.webp 300w, https:\/\/fmp-components.com\/wp-content\/uploads\/2025\/01\/ep_stainless-steel-motor-8-18x12.webp 18w\" alt=\"ner\u016bs\u0113jo\u0161\u0101 t\u0113rauda motors\" width=\"379\" height=\"253\" title=\"\"><\/td>\n<td style=\"width: 25.162%;\" align=\"right\" width=\"64\"><img loading=\"lazy\" decoding=\"async\" class=\"alignnone size-full wp-image-3517\" src=\"https:\/\/fmp-components.com\/wp-content\/uploads\/2025\/01\/ep_stainless-steel-motor-7.webp\" sizes=\"(max-width: 379px) 100vw, 379px\" srcset=\"https:\/\/fmp-components.com\/wp-content\/uploads\/2025\/01\/ep_stainless-steel-motor-7.webp 379w, https:\/\/fmp-components.com\/wp-content\/uploads\/2025\/01\/ep_stainless-steel-motor-7-300x200.webp 300w, https:\/\/fmp-components.com\/wp-content\/uploads\/2025\/01\/ep_stainless-steel-motor-7-18x12.webp 18w\" alt=\"ner\u016bs\u0113jo\u0161\u0101 t\u0113rauda motors\" width=\"379\" height=\"253\" title=\"\"><\/td>\n<td style=\"width: 22.6782%;\" align=\"right\" width=\"64\"><\/td>\n<\/tr>\n<tr>\n<td style=\"width: 25.8099%;\" align=\"right\" height=\"18\">Vistas un p\u012bles depil\u0101cijas apr\u012bkojuma motors<\/td>\n<td style=\"width: 26.134%;\" align=\"right\">NEMA p\u0101rtikas kvalit\u0101tes ner\u016bs\u0113jo\u0161\u0101 t\u0113rauda motors<\/td>\n<td style=\"width: 25.162%;\" align=\"right\">P\u0101rtikas kvalit\u0101tes IEC ner\u016bs\u0113jo\u0161\u0101 t\u0113rauda motors<\/td>\n<td style=\"width: 22.6782%;\" align=\"right\"><\/td>\n<\/tr>\n<\/tbody>\n<\/table>\n<h2>Par FMP<\/h2>\n<p>FMP ir vado\u0161ais augsto tehnolo\u0123iju uz\u0146\u0113mums, kas specializ\u0113jas modernu motoru un elektromeh\u0101nisko risin\u0101jumu projekt\u0113\u0161an\u0101, izstr\u0101d\u0113 un ra\u017eo\u0161an\u0101. M\u016bsu produktu portfel\u012b ietilpst YE2, YE3 un YE4 s\u0113rijas motori, k\u0101 ar\u012b pla\u0161s atvasin\u0101to produktu kl\u0101sts. M\u0113s pied\u0101v\u0101jam ar\u012b specializ\u0113tus motorus hidrauliskajiem s\u016bk\u0146iem, tostarp gan tr\u012bsf\u0101\u017eu, gan vienf\u0101zes opcijas, motorus ar alum\u012bnija korpusu, nestandarta motorus, elektromeh\u0101nisk\u0101s integr\u0101cijas turb\u012bnu p\u0101rnesumu reduktorus un citus piel\u0101gotus motoru risin\u0101jumus.<\/p>\n<p>M\u016bsu produkti tiek pla\u0161i izmantoti da\u017e\u0101d\u0101s nozar\u0113s, tostarp r\u016bpnieciskaj\u0101 automatiz\u0101cij\u0101, CNC apstr\u0101d\u0113, apavu ra\u017eo\u0161an\u0101, kokapstr\u0101d\u0113, met\u0101lapstr\u0101d\u0113, plastmasas un celtniec\u012bbas ma\u0161\u012bnu ra\u017eo\u0161an\u0101. FMP ap\u0146em\u0161an\u0101s ieviest inov\u0101cijas un kvalit\u0101ti nodro\u0161ina, ka visi produkti atbilst augst\u0101kajiem veiktsp\u0113jas un uzticam\u012bbas standartiem.<\/p>\n<p>Papildus m\u016bsu standarta pied\u0101v\u0101jumiem m\u0113s lepojamies ar to, ka pied\u0101v\u0101jam individu\u0101li izstr\u0101d\u0101tus risin\u0101jumus, kas piel\u0101goti m\u016bsu klientu unik\u0101laj\u0101m vajadz\u012bb\u0101m. Neatkar\u012bgi no t\u0101, vai jums nepiecie\u0161ami specializ\u0113ti motori, nestandarta produkti vai piln\u012bb\u0101 integr\u0113tas sist\u0113mas, FMP cie\u0161i sadarbojas ar klientiem, lai nodro\u0161in\u0101tu prec\u012bzus un augstas kvalit\u0101tes risin\u0101jumus. M\u016bsu uzsvars uz prec\u012bzu in\u017eenieriju un klientu apmierin\u0101t\u012bbu veicina m\u016bsu nep\u0101rtraukto izaugsmi un pan\u0101kumus pasaules tirgos.<\/p>\n<p>Uz\u0146\u0113mum\u0101 FMP m\u0113s koncentr\u0113jamies uz ilgtermi\u0146a, abpus\u0113ji izdev\u012bgu partnerattiec\u012bbu veido\u0161anu. M\u0113s esam ap\u0146\u0113mu\u0161ies atbalst\u012bt m\u016bsu klientu pan\u0101kumus, nodro\u0161inot, ka katrs projekts sniedz izcilus rezult\u0101tus un stiprina m\u016bsu glob\u0101lo kl\u0101tb\u016btni.<\/p>\n<table style=\"width: 100.629%;\" border=\"0\" width=\"128\" cellspacing=\"0\" cellpadding=\"0\">\n<tbody>\n<tr>\n<td style=\"width: 49.2308%;\" align=\"right\" width=\"64\" height=\"18\"><img loading=\"lazy\" decoding=\"async\" class=\"alignnone size-full wp-image-3398\" src=\"https:\/\/fmp-components.com\/wp-content\/uploads\/2025\/01\/Three-Phase-Motor-Factory.webp\" sizes=\"(min-width: 0px) and (max-width: 480px) 480px, (min-width: 481px) 900px, 100vw\" srcset=\"https:\/\/fmp-components.com\/wp-content\/uploads\/2025\/01\/Three-Phase-Motor-Factory.webp 900w, https:\/\/fmp-components.com\/wp-content\/uploads\/2025\/01\/Three-Phase-Motor-Factory-480x320.webp 480w\" alt=\"Tr\u012bsf\u0101\u017eu motoru r\u016bpn\u012bca\" width=\"900\" height=\"600\" title=\"\"><\/td>\n<td style=\"width: 659.231%;\" align=\"right\" width=\"64\"><img loading=\"lazy\" decoding=\"async\" class=\"alignnone size-full wp-image-3399\" src=\"https:\/\/fmp-components.com\/wp-content\/uploads\/2025\/01\/Three-Phase-Motor-Factory-2.webp\" sizes=\"(min-width: 0px) and (max-width: 480px) 480px, (min-width: 481px) 900px, 100vw\" srcset=\"https:\/\/fmp-components.com\/wp-content\/uploads\/2025\/01\/Three-Phase-Motor-Factory-2.webp 900w, https:\/\/fmp-components.com\/wp-content\/uploads\/2025\/01\/Three-Phase-Motor-Factory-2-480x320.webp 480w\" alt=\"Tr\u012bsf\u0101\u017eu motoru r\u016bpn\u012bca 2\" width=\"900\" height=\"600\" title=\"\"><\/td>\n<\/tr>\n<tr>\n<td style=\"width: 49.2308%;\" align=\"right\" height=\"18\"><img loading=\"lazy\" decoding=\"async\" class=\"alignnone size-full wp-image-3400\" src=\"https:\/\/fmp-components.com\/wp-content\/uploads\/2025\/01\/China-Three-Phase-Motor-Factory-1.webp\" sizes=\"(min-width: 0px) and (max-width: 480px) 480px, (min-width: 481px) 900px, 100vw\" srcset=\"https:\/\/fmp-components.com\/wp-content\/uploads\/2025\/01\/China-Three-Phase-Motor-Factory-1.webp 900w, https:\/\/fmp-components.com\/wp-content\/uploads\/2025\/01\/China-Three-Phase-Motor-Factory-1-480x320.webp 480w\" alt=\"Tr\u012bsf\u0101\u017eu motoru r\u016bpn\u012bca-1\" width=\"900\" height=\"600\" title=\"\"><\/td>\n<td style=\"width: 659.231%;\" align=\"right\"><img loading=\"lazy\" decoding=\"async\" class=\"alignnone size-full wp-image-3401\" src=\"https:\/\/fmp-components.com\/wp-content\/uploads\/2025\/01\/Three-Phase-Motor-Factory-3.webp\" sizes=\"(min-width: 0px) and (max-width: 480px) 480px, (min-width: 481px) 900px, 100vw\" srcset=\"https:\/\/fmp-components.com\/wp-content\/uploads\/2025\/01\/Three-Phase-Motor-Factory-3.webp 900w, https:\/\/fmp-components.com\/wp-content\/uploads\/2025\/01\/Three-Phase-Motor-Factory-3-480x320.webp 480w\" alt=\"Tr\u012bsf\u0101\u017eu motoru r\u016bpn\u012bca-3\" width=\"900\" height=\"600\" title=\"\"><\/td>\n<\/tr>\n<tr>\n<td style=\"width: 49.2308%;\"><img loading=\"lazy\" decoding=\"async\" class=\"alignnone size-full wp-image-3471\" src=\"https:\/\/fmp-components.com\/wp-content\/uploads\/2025\/01\/Single-Phase-Induction-Motor-Suppliers.webp\" sizes=\"(min-width: 0px) and (max-width: 480px) 480px, (min-width: 481px) 900px, 100vw\" srcset=\"https:\/\/fmp-components.com\/wp-content\/uploads\/2025\/01\/Single-Phase-Induction-Motor-Suppliers.webp 900w, https:\/\/fmp-components.com\/wp-content\/uploads\/2025\/01\/Single-Phase-Induction-Motor-Suppliers-480x320.webp 480w\" alt=\"Vienf\u0101zes indukcijas motoru pieg\u0101d\u0101t\u0101ji\" width=\"900\" height=\"600\" title=\"\"><\/td>\n<td style=\"width: 659.231%;\"><img loading=\"lazy\" decoding=\"async\" class=\"alignnone size-full wp-image-3470\" src=\"https:\/\/fmp-components.com\/wp-content\/uploads\/2025\/01\/Single-Phase-Induction-Motor-Manufacturers-1.webp\" sizes=\"(min-width: 0px) and (max-width: 480px) 480px, (min-width: 481px) 900px, 100vw\" srcset=\"https:\/\/fmp-components.com\/wp-content\/uploads\/2025\/01\/Single-Phase-Induction-Motor-Manufacturers-1.webp 900w, https:\/\/fmp-components.com\/wp-content\/uploads\/2025\/01\/Single-Phase-Induction-Motor-Manufacturers-1-480x320.webp 480w\" alt=\"Vienf\u0101zes indukcijas motoru ra\u017eot\u0101ji-1\" width=\"900\" height=\"600\" title=\"\"><\/td>\n<\/tr>\n<tr>\n<td style=\"width: 49.2308%;\"><img loading=\"lazy\" decoding=\"async\" class=\"alignnone size-full wp-image-3472\" src=\"https:\/\/fmp-components.com\/wp-content\/uploads\/2025\/01\/Single-Phase-Induction-Motor-Manufacturers.webp\" sizes=\"(min-width: 0px) and (max-width: 480px) 480px, (min-width: 481px) 900px, 100vw\" srcset=\"https:\/\/fmp-components.com\/wp-content\/uploads\/2025\/01\/Single-Phase-Induction-Motor-Manufacturers.webp 900w, https:\/\/fmp-components.com\/wp-content\/uploads\/2025\/01\/Single-Phase-Induction-Motor-Manufacturers-480x320.webp 480w\" alt=\"Vienf\u0101zes indukcijas motoru ra\u017eot\u0101ji\" width=\"900\" height=\"600\" title=\"\"><\/td>\n<td style=\"width: 659.231%;\"><img loading=\"lazy\" decoding=\"async\" class=\"alignnone size-full wp-image-3473\" src=\"https:\/\/fmp-components.com\/wp-content\/uploads\/2025\/01\/Single-Phase-Induction-Motor-for-Sale.webp\" sizes=\"(min-width: 0px) and (max-width: 480px) 480px, (min-width: 481px) 900px, 100vw\" srcset=\"https:\/\/fmp-components.com\/wp-content\/uploads\/2025\/01\/Single-Phase-Induction-Motor-for-Sale.webp 900w, https:\/\/fmp-components.com\/wp-content\/uploads\/2025\/01\/Single-Phase-Induction-Motor-for-Sale-480x320.webp 480w\" alt=\"Vienf\u0101zes indukcijas motors p\u0101rdo\u0161anai\" width=\"900\" height=\"600\" title=\"\"><\/td>\n<\/tr>\n<\/tbody>\n<\/table>\n<p>Autors: CX<\/p>","protected":false},"excerpt":{"rendered":"<p>IEC Motors B5T Flange Mount Stainless Steel Motors &#8211; TENV Replacement for SEW Motors FMP standard stainless steel washdown motors are designed to meet the extreme and stringent hygiene requirements of today&#8217;s food processing, pharmaceutical, packaging and beverage industries. High pressure steam and water tested to stringent IP69K specifications, FMP&#8217;s food safe stainless steel motors [&hellip;]<\/p>","protected":false},"featured_media":3550,"comment_status":"open","ping_status":"closed","template":"","meta":{"_et_pb_use_builder":"","_et_pb_old_content":"","_et_gb_content_width":""},"product_brand":[],"product_cat":[88],"product_tag":[],"class_list":{"0":"post-3548","1":"product","2":"type-product","3":"status-publish","4":"has-post-thumbnail","6":"product_cat-stainless-steel-motors","8":"first","9":"instock","10":"shipping-taxable","11":"product-type-simple"},"_links":{"self":[{"href":"https:\/\/fmp-components.com\/lv\/wp-json\/wp\/v2\/product\/3548","targetHints":{"allow":["GET"]}}],"collection":[{"href":"https:\/\/fmp-components.com\/lv\/wp-json\/wp\/v2\/product"}],"about":[{"href":"https:\/\/fmp-components.com\/lv\/wp-json\/wp\/v2\/types\/product"}],"replies":[{"embeddable":true,"href":"https:\/\/fmp-components.com\/lv\/wp-json\/wp\/v2\/comments?post=3548"}],"wp:featuredmedia":[{"embeddable":true,"href":"https:\/\/fmp-components.com\/lv\/wp-json\/wp\/v2\/media\/3550"}],"wp:attachment":[{"href":"https:\/\/fmp-components.com\/lv\/wp-json\/wp\/v2\/media?parent=3548"}],"wp:term":[{"taxonomy":"product_brand","embeddable":true,"href":"https:\/\/fmp-components.com\/lv\/wp-json\/wp\/v2\/product_brand?post=3548"},{"taxonomy":"product_cat","embeddable":true,"href":"https:\/\/fmp-components.com\/lv\/wp-json\/wp\/v2\/product_cat?post=3548"},{"taxonomy":"product_tag","embeddable":true,"href":"https:\/\/fmp-components.com\/lv\/wp-json\/wp\/v2\/product_tag?post=3548"}],"curies":[{"name":"wp","href":"https:\/\/api.w.org\/{rel}","templated":true}]}}