{"id":3477,"date":"2025-01-07T08:54:52","date_gmt":"2025-01-07T08:54:52","guid":{"rendered":"https:\/\/fmp-components.com\/?page_id=8"},"modified":"2025-01-08T01:12:44","modified_gmt":"2025-01-08T01:12:44","slug":"yvf2-series-frequency-variable-speed-regulation-three-phase-asynchronous-motor","status":"publish","type":"product","link":"https:\/\/fmp-components.com\/lv\/product\/yvf2-series-frequency-variable-speed-regulation-three-phase-asynchronous-motor\/","title":{"rendered":"YVF2 s\u0113rijas frekvences main\u012bga \u0101truma regul\u0113\u0161anas tr\u012bsf\u0101\u017eu asinhronais motors"},"content":{"rendered":"<h2>YVF2 s\u0113rijas (ip54) tr\u012bsf\u0101\u017eu asinhrono motoru lieto\u0161anas nosac\u012bjumi<\/h2>\n<table style=\"width: 100%;\" border=\"1\" width=\"100%\" cellspacing=\"0\" cellpadding=\"0\">\n<tbody>\n<tr>\n<th>Augstums<\/th>\n<td>B\u016bt zem\u0101k par 1000 metriem<\/td>\n<\/tr>\n<tr>\n<th>Apk\u0101rt\u0113j\u0101s vides temperat\u016bra<\/th>\n<td>-15 \u2103 \u2264 0 \u2264 40 \u2103<\/td>\n<\/tr>\n<tr>\n<th>Relat\u012bvais mitrums<\/th>\n<td>Ne augst\u0101ks par 90%<\/td>\n<\/tr>\n<tr>\n<th>Darb\u012bbas re\u017e\u012bms<\/th>\n<td>S1<\/td>\n<\/tr>\n<tr>\n<th>Izol\u0101cijas pak\u0101pe<\/th>\n<td>F<\/td>\n<\/tr>\n<tr>\n<th>Nomin\u0101lais spriegums<\/th>\n<td>380 V<\/td>\n<\/tr>\n<tr>\n<th>Bie\u017eums<\/th>\n<td>50 Hz<\/td>\n<\/tr>\n<tr>\n<th>Dzes\u0113\u0161anas metode<\/th>\n<td>IC416<\/td>\n<\/tr>\n<\/tbody>\n<\/table>\n<h2>YVF2 s\u0113rijas asinhrono motoru tehniskie dati<\/h2>\n<p>Vibr\u0101cij\u0101m un trok\u0161\u0146iem bez slodzes un frekven\u010du main\u012bgas iek\u0101rtas baro\u0161anas laik\u0101 j\u0101b\u016bt \u2264 sarakst\u0101 nor\u0101d\u012btajiem datiem:<\/p>\n<p><img loading=\"lazy\" decoding=\"async\" class=\"alignnone size-full wp-image-3490\" src=\"https:\/\/fmp-components.com\/wp-content\/uploads\/2025\/01\/yvf2-technical-data.webp\" alt=\"yvf2-tehniskie-dati\" width=\"911\" height=\"110\" title=\"\" srcset=\"https:\/\/fmp-components.com\/wp-content\/uploads\/2025\/01\/yvf2-technical-data.webp 911w, https:\/\/fmp-components.com\/wp-content\/uploads\/2025\/01\/yvf2-technical-data-480x58.webp 480w\" sizes=\"(min-width: 0px) and (max-width: 480px) 480px, (min-width: 481px) 911px, 100vw\" \/><\/p>\n<p>Invertora motora iedarbin\u0101\u0161anas proces\u0101 pie nomin\u0101l\u0101 sprieguma un nomin\u0101l\u0101s frekvences (pamata frekvences) blo\u0137\u0113t\u0101 rotora griezes momenta, maksim\u0101l\u0101 griezes momenta un minim\u0101l\u0101 griezes momenta attiec\u012bbai pret nomin\u0101lo griezes momentu j\u0101b\u016bt \u2265 v\u0113rt\u012bbai, kas nor\u0101d\u012bta \u0161aj\u0101 tabul\u0101:<\/p>\n<p><img loading=\"lazy\" decoding=\"async\" class=\"alignnone size-full wp-image-3489\" src=\"https:\/\/fmp-components.com\/wp-content\/uploads\/2025\/01\/yvf2-technical-data-2.webp\" alt=\"yvf2-tehniskie-dati\" width=\"911\" height=\"240\" title=\"\" srcset=\"https:\/\/fmp-components.com\/wp-content\/uploads\/2025\/01\/yvf2-technical-data-2.webp 911w, https:\/\/fmp-components.com\/wp-content\/uploads\/2025\/01\/yvf2-technical-data-2-480x126.webp 480w\" sizes=\"(min-width: 0px) and (max-width: 480px) 480px, (min-width: 481px) 911px, 100vw\" \/><\/p>\n<p>Frekvences main\u012bga motora korpuss, nomin\u0101l\u0101 izejas jauda, \u200b\u200bpilnas slodzes griezes moments un frekvences main\u012bgas robe\u017eas ir nor\u0101d\u012btas t\u0101l\u0101k.<\/p>\n<p><img loading=\"lazy\" decoding=\"async\" class=\"alignnone size-full wp-image-3488\" src=\"https:\/\/fmp-components.com\/wp-content\/uploads\/2025\/01\/yvf2-technical-data-3.webp\" alt=\"yvf2-tehniskie-dati\" width=\"911\" height=\"650\" title=\"\" srcset=\"https:\/\/fmp-components.com\/wp-content\/uploads\/2025\/01\/yvf2-technical-data-3.webp 911w, https:\/\/fmp-components.com\/wp-content\/uploads\/2025\/01\/yvf2-technical-data-3-480x342.webp 480w\" sizes=\"(min-width: 0px) and (max-width: 480px) 480px, (min-width: 481px) 911px, 100vw\" \/><\/p>\n<p>Frekvences main\u012bga motora saska\u0146ota frekvences main\u012bga ier\u012bce un gult\u0146u ventilatora jauda.<\/p>\n<p><img loading=\"lazy\" decoding=\"async\" class=\"alignnone size-full wp-image-3487\" src=\"https:\/\/fmp-components.com\/wp-content\/uploads\/2025\/01\/yvf2-technical-data-4.webp\" alt=\"yvf2-tehniskie-dati\" width=\"911\" height=\"648\" title=\"\" srcset=\"https:\/\/fmp-components.com\/wp-content\/uploads\/2025\/01\/yvf2-technical-data-4.webp 911w, https:\/\/fmp-components.com\/wp-content\/uploads\/2025\/01\/yvf2-technical-data-4-480x341.webp 480w\" sizes=\"(min-width: 0px) and (max-width: 480px) 480px, (min-width: 481px) 911px, 100vw\" \/><\/p>\n<p>R\u0101mis ar k\u0101j\u0101m un gala vairogu bez atloka -IMB3<\/p>\n<p><img loading=\"lazy\" decoding=\"async\" class=\"alignnone size-full wp-image-3486\" src=\"https:\/\/fmp-components.com\/wp-content\/uploads\/2025\/01\/yvf2-technical-data-5.webp\" alt=\"yvf2-tehniskie-dati\" width=\"911\" height=\"586\" title=\"\" srcset=\"https:\/\/fmp-components.com\/wp-content\/uploads\/2025\/01\/yvf2-technical-data-5.webp 911w, https:\/\/fmp-components.com\/wp-content\/uploads\/2025\/01\/yvf2-technical-data-5-480x309.webp 480w\" sizes=\"(min-width: 0px) and (max-width: 480px) 480px, (min-width: 481px) 911px, 100vw\" \/><\/p>\n<p><img loading=\"lazy\" decoding=\"async\" class=\"alignnone size-full wp-image-3485\" src=\"https:\/\/fmp-components.com\/wp-content\/uploads\/2025\/01\/yvf2-technical-data-6.webp\" alt=\"yvf2-tehniskie-dati\" width=\"911\" height=\"564\" title=\"\" srcset=\"https:\/\/fmp-components.com\/wp-content\/uploads\/2025\/01\/yvf2-technical-data-6.webp 911w, https:\/\/fmp-components.com\/wp-content\/uploads\/2025\/01\/yvf2-technical-data-6-480x297.webp 480w\" sizes=\"(min-width: 0px) and (max-width: 480px) 480px, (min-width: 481px) 911px, 100vw\" \/><\/p>\n<p>R\u0101mis ar k\u0101j\u0101m un gala vairogs ar atloku (ar vienk\u0101r\u0161iem caurumiem) -IMB35<\/p>\n<p><img loading=\"lazy\" decoding=\"async\" class=\"alignnone size-full wp-image-3484\" src=\"https:\/\/fmp-components.com\/wp-content\/uploads\/2025\/01\/yvf2-technical-data-7.webp\" alt=\"yvf2-tehniskie-dati\" width=\"911\" height=\"577\" title=\"\" srcset=\"https:\/\/fmp-components.com\/wp-content\/uploads\/2025\/01\/yvf2-technical-data-7.webp 911w, https:\/\/fmp-components.com\/wp-content\/uploads\/2025\/01\/yvf2-technical-data-7-480x304.webp 480w\" sizes=\"(min-width: 0px) and (max-width: 480px) 480px, (min-width: 481px) 911px, 100vw\" \/><\/p>\n<p><img loading=\"lazy\" decoding=\"async\" class=\"alignnone size-full wp-image-3483\" src=\"https:\/\/fmp-components.com\/wp-content\/uploads\/2025\/01\/yvf2-technical-data-8.webp\" alt=\"yvf2-tehniskie-dati\" width=\"911\" height=\"566\" title=\"\" srcset=\"https:\/\/fmp-components.com\/wp-content\/uploads\/2025\/01\/yvf2-technical-data-8.webp 911w, https:\/\/fmp-components.com\/wp-content\/uploads\/2025\/01\/yvf2-technical-data-8-480x298.webp 480w\" sizes=\"(min-width: 0px) and (max-width: 480px) 480px, (min-width: 481px) 911px, 100vw\" \/><\/p>\n<p>R\u0101mis bez k\u0101j\u0101m un gala vairogs ar atloku (ar vienk\u0101r\u0161iem caurumiem) -IMB5<\/p>\n<p><img loading=\"lazy\" decoding=\"async\" class=\"alignnone size-full wp-image-3482\" src=\"https:\/\/fmp-components.com\/wp-content\/uploads\/2025\/01\/yvf2-technical-data-9.webp\" alt=\"yvf2-tehniskie-dati-9\" width=\"911\" height=\"150\" title=\"\" srcset=\"https:\/\/fmp-components.com\/wp-content\/uploads\/2025\/01\/yvf2-technical-data-9.webp 911w, https:\/\/fmp-components.com\/wp-content\/uploads\/2025\/01\/yvf2-technical-data-9-480x79.webp 480w\" sizes=\"(min-width: 0px) and (max-width: 480px) 480px, (min-width: 481px) 911px, 100vw\" \/><\/p>\n<p><img loading=\"lazy\" decoding=\"async\" class=\"alignnone size-full wp-image-3481\" src=\"https:\/\/fmp-components.com\/wp-content\/uploads\/2025\/01\/yvf2-technical-data-10.webp\" alt=\"yvf2-tehniskie-dati\" width=\"911\" height=\"549\" title=\"\" srcset=\"https:\/\/fmp-components.com\/wp-content\/uploads\/2025\/01\/yvf2-technical-data-10.webp 911w, https:\/\/fmp-components.com\/wp-content\/uploads\/2025\/01\/yvf2-technical-data-10-480x289.webp 480w\" sizes=\"(min-width: 0px) and (max-width: 480px) 480px, (min-width: 481px) 911px, 100vw\" \/><\/p>\n<h2>Par FMP<\/h2>\n<p>FMP ir nacion\u0101ls augsto tehnolo\u0123iju uz\u0146\u0113mums, kas specializ\u0113jas modernu motoru un elektromeh\u0101nisko risin\u0101jumu projekt\u0113\u0161an\u0101, izstr\u0101d\u0113 un ra\u017eo\u0161an\u0101. M\u0113s koncentr\u0113jamies uz YE2, YE3 un YE4 s\u0113rijas motoru, k\u0101 ar\u012b da\u017e\u0101du atvasin\u0101tu produktu ra\u017eo\u0161anu. M\u016bsu produktu pied\u0101v\u0101jum\u0101 ietilpst ar\u012b tr\u012bsf\u0101\u017eu un vienf\u0101zes motori hidrauliskajiem s\u016bk\u0146iem, alum\u012bnija korpusa motori, nestandarta motori hidrauliskajiem s\u016bk\u0146iem, elektromeh\u0101nisk\u0101s integr\u0101cijas turb\u012bnu p\u0101rnesumu reduktori un citi specializ\u0113ti motori.<\/p>\n<p>FMP produkti tiek pla\u0161i izmantoti r\u016bpnieciskaj\u0101 automatiz\u0101cij\u0101, apkalpojot t\u0101das galven\u0101s nozares k\u0101 CNC virpas, apavu ra\u017eo\u0161anas iek\u0101rtas, kokapstr\u0101des iek\u0101rtas, met\u0101lapstr\u0101des iek\u0101rtas, plastmasas ra\u017eo\u0161anas iek\u0101rtas un celtniec\u012bbas iek\u0101rtas. Ar stingru ap\u0146em\u0161anos iev\u0113rot inov\u0101cijas un kvalit\u0101ti FMP nodro\u0161ina, ka visi produkti atbilst augst\u0101kajiem veiktsp\u0113jas standartiem.<\/p>\n<p>Papildus m\u016bsu pla\u0161ajam produktu kl\u0101stam m\u0113s lepojamies pied\u0101v\u0101t ar\u012b piel\u0101gotus risin\u0101jumus, kas piel\u0101goti m\u016bsu klientu \u012bpa\u0161aj\u0101m vajadz\u012bb\u0101m. Neatkar\u012bgi no t\u0101, vai jums nepiecie\u0161ami specializ\u0113ti motori, nestandarta produkti vai integr\u0113tas sist\u0113mas, FMP cie\u0161i sadarbojas ar klientiem, lai nodro\u0161in\u0101tu augstas kvalit\u0101tes, individu\u0101li piel\u0101gotus risin\u0101jumus. M\u016bsu uzman\u012bbas centr\u0101 ir prec\u012bza in\u017eenierija un klientu apmierin\u0101t\u012bba, kas nodro\u0161ina m\u016bsu nep\u0101rtrauktos pan\u0101kumus pasaules tirgos.<\/p>\n<p>FMP m\u0113s esam ap\u0146\u0113mu\u0161ies veidot ilgtermi\u0146a, abpus\u0113ji izdev\u012bgas partnerattiec\u012bbas, atbalstot m\u016bsu klientu pan\u0101kumus katr\u0101 projekt\u0101.<\/p>\n<table style=\"border-collapse: collapse; width: 100.882%; height: 23px;\" border=\"0\" width=\"128\" cellspacing=\"0\" cellpadding=\"0\">\n<tbody>\n<tr style=\"height: 13.8pt;\">\n<td style=\"height: 10px; width: 50.3922%;\" align=\"right\" width=\"64\" height=\"18\"><img loading=\"lazy\" decoding=\"async\" class=\"alignnone size-full wp-image-3398\" src=\"https:\/\/fmp-components.com\/wp-content\/uploads\/2025\/01\/Three-Phase-Motor-Factory.webp\" alt=\"Tr\u012bsf\u0101\u017eu motoru r\u016bpn\u012bca\" width=\"900\" height=\"600\" title=\"\" srcset=\"https:\/\/fmp-components.com\/wp-content\/uploads\/2025\/01\/Three-Phase-Motor-Factory.webp 900w, https:\/\/fmp-components.com\/wp-content\/uploads\/2025\/01\/Three-Phase-Motor-Factory-480x320.webp 480w\" sizes=\"(min-width: 0px) and (max-width: 480px) 480px, (min-width: 481px) 900px, 100vw\" \/><\/td>\n<td style=\"width: 604.224%; height: 10px;\" align=\"right\" width=\"64\"><img loading=\"lazy\" decoding=\"async\" class=\"alignnone size-full wp-image-3399\" src=\"https:\/\/fmp-components.com\/wp-content\/uploads\/2025\/01\/Three-Phase-Motor-Factory-2.webp\" alt=\"Tr\u012bsf\u0101\u017eu motoru r\u016bpn\u012bca 2\" width=\"900\" height=\"600\" title=\"\" srcset=\"https:\/\/fmp-components.com\/wp-content\/uploads\/2025\/01\/Three-Phase-Motor-Factory-2.webp 900w, https:\/\/fmp-components.com\/wp-content\/uploads\/2025\/01\/Three-Phase-Motor-Factory-2-480x320.webp 480w\" sizes=\"(min-width: 0px) and (max-width: 480px) 480px, (min-width: 481px) 900px, 100vw\" \/><\/td>\n<\/tr>\n<tr style=\"height: 13.8pt;\">\n<td style=\"height: 13px; width: 50.3922%;\" align=\"right\" height=\"18\"><img loading=\"lazy\" decoding=\"async\" class=\"alignnone size-full wp-image-3400\" src=\"https:\/\/fmp-components.com\/wp-content\/uploads\/2025\/01\/China-Three-Phase-Motor-Factory-1.webp\" alt=\"Tr\u012bsf\u0101\u017eu motoru r\u016bpn\u012bca-1\" width=\"900\" height=\"600\" title=\"\" srcset=\"https:\/\/fmp-components.com\/wp-content\/uploads\/2025\/01\/China-Three-Phase-Motor-Factory-1.webp 900w, https:\/\/fmp-components.com\/wp-content\/uploads\/2025\/01\/China-Three-Phase-Motor-Factory-1-480x320.webp 480w\" sizes=\"(min-width: 0px) and (max-width: 480px) 480px, (min-width: 481px) 900px, 100vw\" \/><\/td>\n<td style=\"width: 604.224%; height: 13px;\" align=\"right\"><img loading=\"lazy\" decoding=\"async\" class=\"alignnone size-full wp-image-3401\" src=\"https:\/\/fmp-components.com\/wp-content\/uploads\/2025\/01\/Three-Phase-Motor-Factory-3.webp\" alt=\"Tr\u012bsf\u0101\u017eu motoru r\u016bpn\u012bca-3\" width=\"900\" height=\"600\" title=\"\" srcset=\"https:\/\/fmp-components.com\/wp-content\/uploads\/2025\/01\/Three-Phase-Motor-Factory-3.webp 900w, https:\/\/fmp-components.com\/wp-content\/uploads\/2025\/01\/Three-Phase-Motor-Factory-3-480x320.webp 480w\" sizes=\"(min-width: 0px) and (max-width: 480px) 480px, (min-width: 481px) 900px, 100vw\" \/><\/td>\n<\/tr>\n<tr>\n<td><img loading=\"lazy\" decoding=\"async\" class=\"alignnone size-full wp-image-3471\" src=\"https:\/\/fmp-components.com\/wp-content\/uploads\/2025\/01\/Single-Phase-Induction-Motor-Suppliers.webp\" alt=\"Vienf\u0101zes indukcijas motoru pieg\u0101d\u0101t\u0101ji\" width=\"900\" height=\"600\" title=\"\" srcset=\"https:\/\/fmp-components.com\/wp-content\/uploads\/2025\/01\/Single-Phase-Induction-Motor-Suppliers.webp 900w, https:\/\/fmp-components.com\/wp-content\/uploads\/2025\/01\/Single-Phase-Induction-Motor-Suppliers-480x320.webp 480w\" sizes=\"(min-width: 0px) and (max-width: 480px) 480px, (min-width: 481px) 900px, 100vw\" \/><\/td>\n<td><img loading=\"lazy\" decoding=\"async\" class=\"alignnone size-full wp-image-3470\" src=\"https:\/\/fmp-components.com\/wp-content\/uploads\/2025\/01\/Single-Phase-Induction-Motor-Manufacturers-1.webp\" alt=\"Vienf\u0101zes indukcijas motoru ra\u017eot\u0101ji-1\" width=\"900\" height=\"600\" title=\"\" srcset=\"https:\/\/fmp-components.com\/wp-content\/uploads\/2025\/01\/Single-Phase-Induction-Motor-Manufacturers-1.webp 900w, https:\/\/fmp-components.com\/wp-content\/uploads\/2025\/01\/Single-Phase-Induction-Motor-Manufacturers-1-480x320.webp 480w\" sizes=\"(min-width: 0px) and (max-width: 480px) 480px, (min-width: 481px) 900px, 100vw\" \/><\/td>\n<\/tr>\n<tr>\n<td><img loading=\"lazy\" decoding=\"async\" class=\"alignnone size-full wp-image-3472\" src=\"https:\/\/fmp-components.com\/wp-content\/uploads\/2025\/01\/Single-Phase-Induction-Motor-Manufacturers.webp\" alt=\"Vienf\u0101zes indukcijas motoru ra\u017eot\u0101ji\" width=\"900\" height=\"600\" title=\"\" srcset=\"https:\/\/fmp-components.com\/wp-content\/uploads\/2025\/01\/Single-Phase-Induction-Motor-Manufacturers.webp 900w, https:\/\/fmp-components.com\/wp-content\/uploads\/2025\/01\/Single-Phase-Induction-Motor-Manufacturers-480x320.webp 480w\" sizes=\"(min-width: 0px) and (max-width: 480px) 480px, (min-width: 481px) 900px, 100vw\" \/><\/td>\n<td><img loading=\"lazy\" decoding=\"async\" class=\"alignnone size-full wp-image-3473\" src=\"https:\/\/fmp-components.com\/wp-content\/uploads\/2025\/01\/Single-Phase-Induction-Motor-for-Sale.webp\" alt=\"Vienf\u0101zes indukcijas motors p\u0101rdo\u0161anai\" width=\"900\" height=\"600\" title=\"\" srcset=\"https:\/\/fmp-components.com\/wp-content\/uploads\/2025\/01\/Single-Phase-Induction-Motor-for-Sale.webp 900w, https:\/\/fmp-components.com\/wp-content\/uploads\/2025\/01\/Single-Phase-Induction-Motor-for-Sale-480x320.webp 480w\" sizes=\"(min-width: 0px) and (max-width: 480px) 480px, (min-width: 481px) 900px, 100vw\" \/><\/td>\n<\/tr>\n<\/tbody>\n<\/table>\n<p>Autors: CX<\/p>","protected":false},"excerpt":{"rendered":"<p>YVF2 Series(ip54) Three-phase Asynchronous Motors Application Conditions Elevation Be lower than 1000 meters Ambient Temperature -15\u2103 \u2264 0 \u2264 40\u2103 Relative Humidity Not higher than 90% Operating Mode S1 Insulation Degree F Rated Voltage 380 V Frequency 50 Hz Cooling Method IC416 Technical Data of YVF2 Series Asynchronous Motors Vibrations and noise while unloaded and [&hellip;]<\/p>","protected":false},"featured_media":3478,"comment_status":"open","ping_status":"closed","template":"","meta":{"_et_pb_use_builder":"","_et_pb_old_content":"","_et_gb_content_width":""},"product_brand":[],"product_cat":[86],"product_tag":[],"class_list":{"0":"post-3477","1":"product","2":"type-product","3":"status-publish","4":"has-post-thumbnail","6":"product_cat-ac-motors","8":"first","9":"instock","10":"shipping-taxable","11":"product-type-simple"},"_links":{"self":[{"href":"https:\/\/fmp-components.com\/lv\/wp-json\/wp\/v2\/product\/3477","targetHints":{"allow":["GET"]}}],"collection":[{"href":"https:\/\/fmp-components.com\/lv\/wp-json\/wp\/v2\/product"}],"about":[{"href":"https:\/\/fmp-components.com\/lv\/wp-json\/wp\/v2\/types\/product"}],"replies":[{"embeddable":true,"href":"https:\/\/fmp-components.com\/lv\/wp-json\/wp\/v2\/comments?post=3477"}],"wp:featuredmedia":[{"embeddable":true,"href":"https:\/\/fmp-components.com\/lv\/wp-json\/wp\/v2\/media\/3478"}],"wp:attachment":[{"href":"https:\/\/fmp-components.com\/lv\/wp-json\/wp\/v2\/media?parent=3477"}],"wp:term":[{"taxonomy":"product_brand","embeddable":true,"href":"https:\/\/fmp-components.com\/lv\/wp-json\/wp\/v2\/product_brand?post=3477"},{"taxonomy":"product_cat","embeddable":true,"href":"https:\/\/fmp-components.com\/lv\/wp-json\/wp\/v2\/product_cat?post=3477"},{"taxonomy":"product_tag","embeddable":true,"href":"https:\/\/fmp-components.com\/lv\/wp-json\/wp\/v2\/product_tag?post=3477"}],"curies":[{"name":"wp","href":"https:\/\/api.w.org\/{rel}","templated":true}]}}