{"id":3348,"date":"2025-01-07T01:30:15","date_gmt":"2025-01-07T01:30:15","guid":{"rendered":"https:\/\/fmp-components.com\/?page_id=8"},"modified":"2025-01-07T01:30:15","modified_gmt":"2025-01-07T01:30:15","slug":"low-noise-basic-dc-toy-motor-for-toy-car-tgp02s-a130","status":"publish","type":"product","link":"https:\/\/fmp-components.com\/lv\/product\/low-noise-basic-dc-toy-motor-for-toy-car-tgp02s-a130\/","title":{"rendered":"Zema trok\u0161\u0146a l\u012bme\u0146a pamata l\u012bdzstr\u0101vas rota\u013cu motors rota\u013cu automa\u0161\u012bnai TGP02S-A130"},"content":{"rendered":"<h2>Pamata l\u012bdzstr\u0101vas rota\u013clietu motora rakstz\u012bmes<\/h2>\n<p>1. Viena v\u0101rpsta. Mazs izm\u0113rs 42,2 mm * 45,5 mm * 23 mm<br \/>\n2. L\u012bdzstr\u0101vas plastmasas reduktora motors ar mazu \u0101trumu un lielu griezes momentu<br \/>\n3. Piem\u0113rots maza diametra, zema trok\u0161\u0146a un liela griezes momenta pielietojumam<br \/>\n4. Samazin\u0101\u0161anas koeficients: 48,120,180,220,288<\/p>\n<p><img loading=\"lazy\" decoding=\"async\" class=\"alignnone  wp-image-3352\" src=\"https:\/\/fmp-components.com\/wp-content\/uploads\/2025\/01\/fmp_4.TGP010-A130-2.webp\" alt=\"fmp_4.TGP010-A130-2\" width=\"918\" height=\"421\" title=\"\" srcset=\"https:\/\/fmp-components.com\/wp-content\/uploads\/2025\/01\/fmp_4.TGP010-A130-2.webp 918w, https:\/\/fmp-components.com\/wp-content\/uploads\/2025\/01\/fmp_4.TGP010-A130-2-480x220.webp 480w\" sizes=\"(min-width: 0px) and (max-width: 480px) 480px, (min-width: 481px) 918px, 100vw\" \/><\/p>\n<h2>Mini l\u012bdzstr\u0101vas motora tehniskie dati<\/h2>\n<table style=\"width: 98.042%; height: 144px;\" border=\"1\">\n<tbody>\n<tr>\n<td style=\"width: 21.3647%;\">Motora mode\u013ca Nr.<\/td>\n<td style=\"width: 15.8837%;\">Nomin\u0101lais spriegums<br \/>\nL\u012bdzstr\u0101va<\/td>\n<td style=\"width: 16.6667%;\">\u0100trums bez slodzes<br \/>\napgr.\/min<\/td>\n<td style=\"width: 17.6734%;\">Bezslodzes str\u0101va<br \/>\nmA<\/td>\n<td style=\"width: 13.0872%;\">Apst\u0101\u0161an\u0101s griezes moments<br \/>\ng.cm<\/td>\n<td style=\"width: 15.3244%;\">Apst\u0101\u0161an\u0101s str\u0101va<br \/>\nA<\/td>\n<\/tr>\n<tr>\n<td style=\"width: 21.3647%;\">TFE-130RA-12215<\/td>\n<td style=\"width: 15.8837%;\">6.0<\/td>\n<td style=\"width: 16.6667%;\">11500<\/td>\n<td style=\"width: 17.6734%;\">120<\/td>\n<td style=\"width: 13.0872%;\">20<\/td>\n<td style=\"width: 15.3244%;\">0.85<\/td>\n<\/tr>\n<tr>\n<td style=\"width: 21.3647%;\">TFE-130RA-14175<\/td>\n<td style=\"width: 15.8837%;\">3.0<\/td>\n<td style=\"width: 16.6667%;\">8000<\/td>\n<td style=\"width: 17.6734%;\">120<\/td>\n<td style=\"width: 13.0872%;\">13<\/td>\n<td style=\"width: 15.3244%;\">0.70<\/td>\n<\/tr>\n<tr>\n<td style=\"width: 21.3647%;\">TFE-130RA-18100<\/td>\n<td style=\"width: 15.8837%;\">3.0<\/td>\n<td style=\"width: 16.6667%;\">11500<\/td>\n<td style=\"width: 17.6734%;\">250<\/td>\n<td style=\"width: 13.0872%;\">20<\/td>\n<td style=\"width: 15.3244%;\">1.80<\/td>\n<\/tr>\n<\/tbody>\n<\/table>\n<h2>Reduktora motora tehniskie dati<\/h2>\n<table style=\"width: 98.042%; height: 120px;\" border=\"1\">\n<tbody>\n<tr style=\"height: 30px;\">\n<th style=\"height: 30px; width: 32.774%; text-align: left;\">\u0100trumk\u0101rbas modelis<\/th>\n<td style=\"height: 30px; width: 68.0089%;\">TGP01D-A130-12215-XXX<\/td>\n<\/tr>\n<tr style=\"height: 30px;\">\n<th style=\"height: 30px; width: 32.774%; text-align: left;\">Samazin\u0101\u0161anas koeficienti<\/th>\n<td style=\"height: 30px; width: 68.0089%;\">48, 120, 180, 220, 288<\/td>\n<\/tr>\n<tr style=\"height: 30px;\">\n<th style=\"height: 30px; width: 32.774%; text-align: left;\">\u0100trumi bez slodzes (apgr.\/min)<\/th>\n<td style=\"height: 30px; width: 68.0089%;\">230, 90, 60, 50, 38<\/td>\n<\/tr>\n<tr style=\"height: 30px;\">\n<th style=\"height: 30px; width: 32.774%; text-align: left;\">Maksim\u0101l\u0101 moment\u0101n\u0101 pielaides griezes momenta v\u0113rt\u012bba (kg.cm)<\/th>\n<td style=\"height: 30px; width: 68.0089%;\">0.7, 1.4, 2.0, 2.2, 2.8<\/td>\n<\/tr>\n<\/tbody>\n<\/table>\n<h2>\u0100trumk\u0101rba ar motoru<\/h2>\n<table style=\"width: 98.7983%; height: 96px;\" border=\"1\">\n<tbody>\n<tr style=\"height: 24px;\">\n<th style=\"height: 24px; text-align: left; width: 38.4787%;\">\u0100trumk\u0101rbas modelis<\/th>\n<td style=\"height: 24px; width: 63.0872%;\">TGP01D-A130-14175-XXX<\/td>\n<\/tr>\n<tr style=\"height: 24px;\">\n<th style=\"height: 24px; text-align: left; width: 38.4787%;\">Samazin\u0101\u0161anas koeficienti<\/th>\n<td style=\"height: 24px; width: 63.0872%;\">48, 120, 180, 220, 288<\/td>\n<\/tr>\n<tr style=\"height: 24px;\">\n<th style=\"height: 24px; text-align: left; width: 38.4787%;\">\u0100trumi bez slodzes (apgr.\/min)<\/th>\n<td style=\"height: 24px; width: 63.0872%;\">150, 60, 40, 33, 25<\/td>\n<\/tr>\n<tr style=\"height: 24px;\">\n<th style=\"height: 24px; text-align: left; width: 38.4787%;\">Maksim\u0101l\u0101 moment\u0101n\u0101 pielaides griezes momenta v\u0113rt\u012bba (kg.cm)<\/th>\n<td style=\"height: 24px; width: 63.0872%;\">0.5, 0.9, 1.2, 1.4, 1.8<\/td>\n<\/tr>\n<\/tbody>\n<\/table>\n<table style=\"color: #666666; font-size: 14px; width: 98.9666%; height: 142px;\" border=\"1\">\n<tbody>\n<tr style=\"height: 24px;\">\n<th style=\"text-align: left; width: 38.5906%; height: 24px;\">\u0100trumk\u0101rbas modelis<\/th>\n<td style=\"width: 61.8421%; height: 24px;\">TGP01D-A130-18100-XXX<\/td>\n<\/tr>\n<tr style=\"height: 24px;\">\n<th style=\"text-align: left; width: 38.5906%; height: 24px;\">Samazin\u0101\u0161anas koeficienti<\/th>\n<td style=\"width: 61.8421%; height: 24px;\">48, 120, 180, 220, 288<\/td>\n<\/tr>\n<tr style=\"height: 24px;\">\n<th style=\"text-align: left; width: 38.5906%; height: 24px;\">\u0100trumi bez slodzes (apgr.\/min)<\/th>\n<td style=\"width: 61.8421%; height: 24px;\">230, 90, 60, 50, 38<\/td>\n<\/tr>\n<tr style=\"height: 24px;\">\n<th style=\"text-align: left; width: 38.5906%; height: 24px;\">Maksim\u0101l\u0101 moment\u0101n\u0101 pielaides griezes momenta v\u0113rt\u012bba (kg.cm)<\/th>\n<td style=\"width: 61.8421%; height: 24px;\">0.7, 1.4, 2.0, 2.2, 2.8<\/td>\n<\/tr>\n<\/tbody>\n<\/table>\n<h2>Cits Plastmasas \u0101trumk\u0101rba plus A130 l\u012bdzstr\u0101vas motors<\/h2>\n<table style=\"width: 100%; height: 71px;\" border=\"1\" width=\"100%\" cellspacing=\"0\" cellpadding=\"0\">\n<tbody>\n<tr style=\"height: 13.8pt;\">\n<td style=\"height: 13px; width: 49.892%;\" align=\"right\" width=\"64\" height=\"18\"><img loading=\"lazy\" decoding=\"async\" class=\"alignnone size-full wp-image-3344\" src=\"https:\/\/fmp-components.com\/wp-content\/uploads\/2025\/01\/fmp_1.TGP010-A130-1-1.webp\" alt=\"fmp_1.TGP010-A130-1-1\" width=\"600\" height=\"600\" title=\"\" srcset=\"https:\/\/fmp-components.com\/wp-content\/uploads\/2025\/01\/fmp_1.TGP010-A130-1-1.webp 600w, https:\/\/fmp-components.com\/wp-content\/uploads\/2025\/01\/fmp_1.TGP010-A130-1-1-480x480.webp 480w\" sizes=\"(min-width: 0px) and (max-width: 480px) 480px, (min-width: 481px) 600px, 100vw\" \/><\/td>\n<td style=\"width: 49.892%; height: 13px;\" align=\"right\" width=\"64\"><img loading=\"lazy\" decoding=\"async\" class=\"alignnone size-full wp-image-3345\" src=\"https:\/\/fmp-components.com\/wp-content\/uploads\/2025\/01\/fmp_2.TGP010-A130-1-1.webp\" alt=\"fmp_2.TGP010-A130-1-1\" width=\"600\" height=\"600\" title=\"\" srcset=\"https:\/\/fmp-components.com\/wp-content\/uploads\/2025\/01\/fmp_2.TGP010-A130-1-1.webp 600w, https:\/\/fmp-components.com\/wp-content\/uploads\/2025\/01\/fmp_2.TGP010-A130-1-1-480x480.webp 480w\" sizes=\"(min-width: 0px) and (max-width: 480px) 480px, (min-width: 481px) 600px, 100vw\" \/><\/td>\n<\/tr>\n<tr style=\"height: 22px;\">\n<td style=\"height: 22px; text-align: center;\"><strong>TGP01D-A130<\/strong><\/td>\n<td style=\"height: 22px; text-align: center;\"><strong>TGP01S-A130<\/strong><\/td>\n<\/tr>\n<tr style=\"height: 13.8pt;\">\n<td style=\"height: 13px; width: 49.892%;\" align=\"right\" height=\"18\"><img loading=\"lazy\" decoding=\"async\" class=\"alignnone size-full wp-image-3346\" src=\"https:\/\/fmp-components.com\/wp-content\/uploads\/2025\/01\/fmp_3.TGP010-A130-1.webp\" alt=\"fmp_3.TGP010-A130-1\" width=\"600\" height=\"600\" title=\"\" srcset=\"https:\/\/fmp-components.com\/wp-content\/uploads\/2025\/01\/fmp_3.TGP010-A130-1.webp 600w, https:\/\/fmp-components.com\/wp-content\/uploads\/2025\/01\/fmp_3.TGP010-A130-1-480x480.webp 480w\" sizes=\"(min-width: 0px) and (max-width: 480px) 480px, (min-width: 481px) 600px, 100vw\" \/><\/td>\n<td style=\"width: 49.892%; height: 13px;\" align=\"right\"><img loading=\"lazy\" decoding=\"async\" class=\"alignnone size-full wp-image-3347\" src=\"https:\/\/fmp-components.com\/wp-content\/uploads\/2025\/01\/fmp_4.TGP010-A130-1.webp\" alt=\"fmp_4.TGP010-A130-1\" width=\"600\" height=\"600\" title=\"\" srcset=\"https:\/\/fmp-components.com\/wp-content\/uploads\/2025\/01\/fmp_4.TGP010-A130-1.webp 600w, https:\/\/fmp-components.com\/wp-content\/uploads\/2025\/01\/fmp_4.TGP010-A130-1-480x480.webp 480w\" sizes=\"(min-width: 0px) and (max-width: 480px) 480px, (min-width: 481px) 600px, 100vw\" \/><\/td>\n<\/tr>\n<tr style=\"height: 23px;\">\n<td style=\"height: 23px; text-align: center;\"><strong>TGP02D-A130<\/strong><\/td>\n<td style=\"height: 23px; text-align: center;\"><strong>TGP02S-A130<\/strong><\/td>\n<\/tr>\n<\/tbody>\n<\/table>\n<h2 data-pm-slice=\"0 0 []\">Zema trok\u0161\u0146a pamata l\u012bdzstr\u0101vas rota\u013clietu motora \u012bpa\u0161\u012bbas<\/h2>\n<p>Zema trok\u0161\u0146a l\u012bme\u0146a pamata l\u012bdzstr\u0101vas rota\u013clietu motors ir izstr\u0101d\u0101ts, lai nodro\u0161in\u0101tu uzticamu veiktsp\u0113ju ar minim\u0101lu darb\u012bbas troksni, padarot to ide\u0101li piem\u0113rotu lieto\u0161anai da\u017e\u0101d\u0101s rota\u013clietu lietojumprogramm\u0101s un mazjaudas ier\u012bc\u0113s. T\u0101l\u0101k ir nor\u0101d\u012btas \u0161\u012b motora galven\u0101s iez\u012bmes:<\/p>\n<p>1. <strong>Zema trok\u0161\u0146a darb\u012bba<\/strong><\/p>\n<ul>\n<li>Motors ir \u012bpa\u0161i izstr\u0101d\u0101ts klusai darb\u012bbai, nodro\u0161inot minim\u0101lu darb\u012bbas laik\u0101 rad\u012bto troksni. \u0160\u012b funkcija ir \u012bpa\u0161i noder\u012bga rota\u013cliet\u0101m un ier\u012bc\u0113m, kur\u0101s v\u0113lama klusa darb\u012bba.<\/li>\n<\/ul>\n<p>2. <strong>Kompakts dizains<\/strong><\/p>\n<ul>\n<li>Motors ir izstr\u0101d\u0101ts, dom\u0101jot par vietas taup\u012b\u0161anu, un tam ir mazs, viegls dizains, ko ir viegli integr\u0113t da\u017e\u0101dos rota\u013clietu dizainos, nepalielinot nevajadz\u012bgu apjomu.<\/li>\n<\/ul>\n<p>3. <strong>Energoefektivit\u0101te<\/strong><\/p>\n<ul>\n<li>Motors nodro\u0161ina efekt\u012bvu ener\u0123ijas pat\u0113ri\u0146u attiec\u012bb\u0101 pret t\u0101 izm\u0113ru un jaudu, padarot to par ide\u0101lu izv\u0113li rota\u013cliet\u0101m, kas darbojas ar baterij\u0101m, vai cit\u0101m maz\u0101m ier\u012bc\u0113m, kur\u0101m nepiecie\u0161ams zems ener\u0123ijas pat\u0113ri\u0146\u0161.<\/li>\n<\/ul>\n<p>4. <strong>Iztur\u012bba<\/strong><\/p>\n<ul>\n<li>Motors ir izgatavots no augstas kvalit\u0101tes materi\u0101liem, lai kalpotu ilgi, nodro\u0161inot ilgtermi\u0146a uzticam\u012bbu un nemain\u012bgu veiktsp\u0113ju tipiskos ekspluat\u0101cijas apst\u0101k\u013cos.<\/li>\n<\/ul>\n<p><strong>5. Zems ener\u0123ijas pat\u0113ri\u0146\u0161<\/strong><\/p>\n<ul>\n<li>Motors ir paredz\u0113ts efekt\u012bvai darb\u012bbai ar maziem baro\u0161anas avotiem (piem\u0113ram, AA baterij\u0101m vai nelieliem l\u012bdzstr\u0101vas avotiem), un tas pat\u0113r\u0113 maz ener\u0123ijas, t\u0101d\u0113j\u0101di pal\u012bdzot pagarin\u0101t akumulatora darb\u012bbas laiku rota\u013cliet\u0101s vai cit\u0101s lietojumprogramm\u0101s.<\/li>\n<\/ul>\n<p>\u0160is motors ir ide\u0101li piem\u0113rots lieto\u0161anai rota\u013cu automa\u0161\u012bn\u0101s, mazos robotos, m\u0101c\u012bbu komplektos un cit\u0101s ier\u012bc\u0113s, kur\u0101m nepiecie\u0161ams kluss, energoefekt\u012bvs un uzticams motors maza m\u0113roga lietojumiem.<\/p>\n<h2>Par FMP<\/h2>\n<p>FMP ir vado\u0161ais ra\u017eot\u0101js, kas specializ\u0113jas augstas precizit\u0101tes p\u0101rnesumk\u0101rbu, hidraulisko cilindru, motoru, kard\u0101nv\u0101rpstu, mikromotoru un pla\u0161a kl\u0101sta citu svar\u012bgu komponentu projekt\u0113\u0161an\u0101, izstr\u0101d\u0113 un ra\u017eo\u0161an\u0101. Pateicoties m\u016bsu prasm\u012bg\u0101s komandas cent\u012bbai un smagajam darbam, m\u0113s esam pozicion\u0113ju\u0161i sevi k\u0101 nozares l\u012bderi. M\u016bsu produkti ir pla\u0161i izplat\u012bti Eirop\u0101, Zieme\u013camerik\u0101, Dienvidaustrum\u0101zij\u0101 un citos galvenajos tirgos, ieg\u016bstot sp\u0113c\u012bgu reput\u0101ciju kvalit\u0101tes un izcil\u012bbas jom\u0101. M\u016bsu klienti past\u0101v\u012bgi slav\u0113 m\u016bsu produktu veiktsp\u0113ju un uzticam\u012bbu.<\/p>\n<p>FMP ir pieejamas modern\u0101k\u0101s ra\u017eo\u0161anas iek\u0101rtas, tostarp pla\u0161as ra\u017eo\u0161anas darbn\u012bcas, biroja telpas un darbinieku m\u012btnes. Mums ir ar\u012b vismodern\u0101k\u0101s p\u0113tniec\u012bbas un att\u012bst\u012bbas, ra\u017eo\u0161anas un test\u0113\u0161anas iek\u0101rtas. M\u016bsu specializ\u0113t\u0101s in\u017eenierijas, veid\u0146u ra\u017eo\u0161anas un mont\u0101\u017eas noda\u013cas ir labi apr\u012bkotas, lai sniegtu piln\u012bb\u0101 piel\u0101gotus risin\u0101jumus, kas atbilst katra klienta unik\u0101laj\u0101m vajadz\u012bb\u0101m. Ar stabilu tehnisko pamatu, racionaliz\u0113tiem ra\u017eo\u0161anas procesiem un efekt\u012bvu vad\u012bbas sist\u0113mu FMP nodro\u0161ina, ka visi produkti atbilst augst\u0101kajiem nozares standartiem.<\/p>\n<p>Kvalit\u0101te ir m\u016bsu darb\u012bbas pamat\u0101. S\u0101kot ar materi\u0101lu izv\u0113li un dizainu un beidzot ar ra\u017eo\u0161anu, pieg\u0101di un klientu atsauksm\u0113m, m\u0113s piev\u0113r\u0161am \u012bpa\u0161u uzman\u012bbu katrai deta\u013cai. Klientu apmierin\u0101t\u012bba ir m\u016bsu galven\u0101 priorit\u0101te, un m\u0113s esam ap\u0146\u0113mu\u0161ies pied\u0101v\u0101t izcilu servisu katr\u0101 procesa posm\u0101. FMP nekoncentr\u0113jas uz p\u0101rm\u0113r\u012bgu pe\u013c\u0146u, bet gan uz ilgtermi\u0146a, abpus\u0113ji izdev\u012bgu partnerattiec\u012bbu veido\u0161anu ar m\u016bsu klientiem, nodro\u0161inot ilgtsp\u0113j\u012bgu izaugsmi un pan\u0101kumus.<\/p>\n<p>M\u0113s atzin\u012bgi v\u0113rt\u0113jam sadarb\u012bbas iesp\u0113jas un ceram veidot gai\u0161\u0101ku n\u0101kotni kop\u0101 ar m\u016bsu partneriem. M\u016bsu piel\u0101gotie risin\u0101jumi ir izstr\u0101d\u0101ti, lai apmierin\u0101tu m\u016bsu klientu main\u012bg\u0101s pras\u012bbas, nodro\u0161inot, ka katrs projekts sa\u0146em pilnu uzman\u012bbu un zin\u0101\u0161anas, ko tas ir peln\u012bjis. Neatkar\u012bgi no t\u0101, vai mekl\u0113jat standarta produktus vai individu\u0101li piel\u0101gotus risin\u0101jumus, FMP ir ap\u0146\u0113mies atbalst\u012bt j\u016bsu pan\u0101kumus ik uz so\u013ca.<\/p>\n<p><img loading=\"lazy\" decoding=\"async\" class=\"alignnone size-full wp-image-3335\" src=\"https:\/\/fmp-components.com\/wp-content\/uploads\/2025\/01\/DC-motor-tgp01d-a130-product-1.webp\" alt=\"L\u012bdzstr\u0101vas motors-tgp01d-a130\" width=\"883\" height=\"574\" title=\"\" srcset=\"https:\/\/fmp-components.com\/wp-content\/uploads\/2025\/01\/DC-motor-tgp01d-a130-product-1.webp 883w, https:\/\/fmp-components.com\/wp-content\/uploads\/2025\/01\/DC-motor-tgp01d-a130-product-1-480x312.webp 480w\" sizes=\"(min-width: 0px) and (max-width: 480px) 480px, (min-width: 481px) 883px, 100vw\" \/><\/p>\n<p>Autors: CX<\/p>","protected":false},"excerpt":{"rendered":"<p>Characters Of Basic DC Toy Motor 1. Single shaft.Small size 42.2mm*45.5mm*23mm 2. DC plastic gear motor with low speed and big torque 3. Suitable for small diameter, low noise, and big toque application 4. Reduction Ratio: 48\u3001120\u3001180\u3001220\u3001288 Mini DC Motor Technical Data Motor model No Rated voltage VDC No-load speed r\/min No-load current mA Stall [&hellip;]<\/p>","protected":false},"featured_media":3353,"comment_status":"open","ping_status":"closed","template":"","meta":{"_et_pb_use_builder":"","_et_pb_old_content":"","_et_gb_content_width":""},"product_brand":[],"product_cat":[85],"product_tag":[],"class_list":{"0":"post-3348","1":"product","2":"type-product","3":"status-publish","4":"has-post-thumbnail","6":"product_cat-dc-motors","8":"first","9":"instock","10":"shipping-taxable","11":"product-type-simple"},"_links":{"self":[{"href":"https:\/\/fmp-components.com\/lv\/wp-json\/wp\/v2\/product\/3348","targetHints":{"allow":["GET"]}}],"collection":[{"href":"https:\/\/fmp-components.com\/lv\/wp-json\/wp\/v2\/product"}],"about":[{"href":"https:\/\/fmp-components.com\/lv\/wp-json\/wp\/v2\/types\/product"}],"replies":[{"embeddable":true,"href":"https:\/\/fmp-components.com\/lv\/wp-json\/wp\/v2\/comments?post=3348"}],"wp:featuredmedia":[{"embeddable":true,"href":"https:\/\/fmp-components.com\/lv\/wp-json\/wp\/v2\/media\/3353"}],"wp:attachment":[{"href":"https:\/\/fmp-components.com\/lv\/wp-json\/wp\/v2\/media?parent=3348"}],"wp:term":[{"taxonomy":"product_brand","embeddable":true,"href":"https:\/\/fmp-components.com\/lv\/wp-json\/wp\/v2\/product_brand?post=3348"},{"taxonomy":"product_cat","embeddable":true,"href":"https:\/\/fmp-components.com\/lv\/wp-json\/wp\/v2\/product_cat?post=3348"},{"taxonomy":"product_tag","embeddable":true,"href":"https:\/\/fmp-components.com\/lv\/wp-json\/wp\/v2\/product_tag?post=3348"}],"curies":[{"name":"wp","href":"https:\/\/api.w.org\/{rel}","templated":true}]}}