{"id":3341,"date":"2025-01-07T01:06:38","date_gmt":"2025-01-07T01:06:38","guid":{"rendered":"https:\/\/fmp-components.com\/?page_id=8"},"modified":"2025-01-07T01:16:32","modified_gmt":"2025-01-07T01:16:32","slug":"plastic-gearbox-motor-tgp02d-a130-for-toy-robot-remote-control-toy-cars","status":"publish","type":"product","link":"https:\/\/fmp-components.com\/lv\/product\/plastic-gearbox-motor-tgp02d-a130-for-toy-robot-remote-control-toy-cars\/","title":{"rendered":"Plastmasas p\u0101rnesumk\u0101rbas motors TGP02D-A130 rota\u013cu robotu t\u0101lvad\u012bbas rota\u013cu automa\u0161\u012bn\u0101m"},"content":{"rendered":"<h2>Person\u0101\u017ei:<\/h2>\n<p>1. Dubult\u0101 v\u0101rpsta. Mazs izm\u0113rs 42,2 mm * 45,5 mm * 23 mm<br \/>\n2. L\u012bdzstr\u0101vas plastmasas reduktora motors ar mazu \u0101trumu un lielu griezes momentu<br \/>\n3. Piem\u0113rots maza diametra, zema trok\u0161\u0146a un liela griezes momenta pielietojumam<br \/>\n4. Samazin\u0101\u0161anas koeficients: 48,120,180,220,288<\/p>\n<p><img loading=\"lazy\" decoding=\"async\" class=\"alignnone wp-image-3349\" src=\"https:\/\/fmp-components.com\/wp-content\/uploads\/2025\/01\/fmp_3.TGP010-A130-2.webp\" alt=\"fmp_3.TGP010-A130-2\" width=\"909\" height=\"423\" title=\"\" srcset=\"https:\/\/fmp-components.com\/wp-content\/uploads\/2025\/01\/fmp_3.TGP010-A130-2.webp 909w, https:\/\/fmp-components.com\/wp-content\/uploads\/2025\/01\/fmp_3.TGP010-A130-2-480x223.webp 480w\" sizes=\"(min-width: 0px) and (max-width: 480px) 480px, (min-width: 481px) 909px, 100vw\" \/><\/p>\n<h2>Mini l\u012bdzstr\u0101vas motora tehniskie dati<\/h2>\n<table style=\"width: 98.042%; height: 144px;\" border=\"1\">\n<tbody>\n<tr>\n<td style=\"width: 21.3647%;\">Motora mode\u013ca Nr.<\/td>\n<td style=\"width: 15.8837%;\">Nomin\u0101lais spriegums<br \/>\nL\u012bdzstr\u0101va<\/td>\n<td style=\"width: 16.6667%;\">\u0100trums bez slodzes<br \/>\napgr.\/min<\/td>\n<td style=\"width: 17.6734%;\">Bezslodzes str\u0101va<br \/>\nmA<\/td>\n<td style=\"width: 13.0872%;\">Apst\u0101\u0161an\u0101s griezes moments<br \/>\ng.cm<\/td>\n<td style=\"width: 15.3244%;\">Apst\u0101\u0161an\u0101s str\u0101va<br \/>\nA<\/td>\n<\/tr>\n<tr>\n<td style=\"width: 21.3647%;\">TFE-130RA-12215<\/td>\n<td style=\"width: 15.8837%;\">6.0<\/td>\n<td style=\"width: 16.6667%;\">11500<\/td>\n<td style=\"width: 17.6734%;\">120<\/td>\n<td style=\"width: 13.0872%;\">20<\/td>\n<td style=\"width: 15.3244%;\">0.85<\/td>\n<\/tr>\n<tr>\n<td style=\"width: 21.3647%;\">TFE-130RA-14175<\/td>\n<td style=\"width: 15.8837%;\">3.0<\/td>\n<td style=\"width: 16.6667%;\">8000<\/td>\n<td style=\"width: 17.6734%;\">120<\/td>\n<td style=\"width: 13.0872%;\">13<\/td>\n<td style=\"width: 15.3244%;\">0.70<\/td>\n<\/tr>\n<tr>\n<td style=\"width: 21.3647%;\">TFE-130RA-18100<\/td>\n<td style=\"width: 15.8837%;\">3.0<\/td>\n<td style=\"width: 16.6667%;\">11500<\/td>\n<td style=\"width: 17.6734%;\">250<\/td>\n<td style=\"width: 13.0872%;\">20<\/td>\n<td style=\"width: 15.3244%;\">1.80<\/td>\n<\/tr>\n<\/tbody>\n<\/table>\n<h2>Reduktora motora tehniskie dati<\/h2>\n<table style=\"width: 98.042%; height: 120px;\" border=\"1\">\n<tbody>\n<tr style=\"height: 30px;\">\n<th style=\"height: 30px; width: 32.774%; text-align: left;\">\u0100trumk\u0101rbas modelis<\/th>\n<td style=\"height: 30px; width: 68.0089%;\">TGP01D-A130-12215-XXX<\/td>\n<\/tr>\n<tr style=\"height: 30px;\">\n<th style=\"height: 30px; width: 32.774%; text-align: left;\">Samazin\u0101\u0161anas koeficienti<\/th>\n<td style=\"height: 30px; width: 68.0089%;\">48, 120, 180, 220, 288<\/td>\n<\/tr>\n<tr style=\"height: 30px;\">\n<th style=\"height: 30px; width: 32.774%; text-align: left;\">\u0100trumi bez slodzes (apgr.\/min)<\/th>\n<td style=\"height: 30px; width: 68.0089%;\">230, 90, 60, 50, 38<\/td>\n<\/tr>\n<tr style=\"height: 30px;\">\n<th style=\"height: 30px; width: 32.774%; text-align: left;\">Maksim\u0101l\u0101 moment\u0101n\u0101 pielaides griezes momenta v\u0113rt\u012bba (kg.cm)<\/th>\n<td style=\"height: 30px; width: 68.0089%;\">0.7, 1.4, 2.0, 2.2, 2.8<\/td>\n<\/tr>\n<\/tbody>\n<\/table>\n<h2>\u0100trumk\u0101rba ar motoru<\/h2>\n<table style=\"width: 98.7983%; height: 96px;\" border=\"1\">\n<tbody>\n<tr style=\"height: 24px;\">\n<th style=\"height: 24px; text-align: left; width: 38.4787%;\">\u0100trumk\u0101rbas modelis<\/th>\n<td style=\"height: 24px; width: 63.0872%;\">TGP01D-A130-14175-XXX<\/td>\n<\/tr>\n<tr style=\"height: 24px;\">\n<th style=\"height: 24px; text-align: left; width: 38.4787%;\">Samazin\u0101\u0161anas koeficienti<\/th>\n<td style=\"height: 24px; width: 63.0872%;\">48, 120, 180, 220, 288<\/td>\n<\/tr>\n<tr style=\"height: 24px;\">\n<th style=\"height: 24px; text-align: left; width: 38.4787%;\">\u0100trumi bez slodzes (apgr.\/min)<\/th>\n<td style=\"height: 24px; width: 63.0872%;\">150, 60, 40, 33, 25<\/td>\n<\/tr>\n<tr style=\"height: 24px;\">\n<th style=\"height: 24px; text-align: left; width: 38.4787%;\">Maksim\u0101l\u0101 moment\u0101n\u0101 pielaides griezes momenta v\u0113rt\u012bba (kg.cm)<\/th>\n<td style=\"height: 24px; width: 63.0872%;\">0.5, 0.9, 1.2, 1.4, 1.8<\/td>\n<\/tr>\n<\/tbody>\n<\/table>\n<table style=\"color: #666666; font-size: 14px; width: 98.9666%; height: 142px;\" border=\"1\">\n<tbody>\n<tr style=\"height: 24px;\">\n<th style=\"text-align: left; width: 38.5906%; height: 24px;\">\u0100trumk\u0101rbas modelis<\/th>\n<td style=\"width: 61.8421%; height: 24px;\">TGP01D-A130-18100-XXX<\/td>\n<\/tr>\n<tr style=\"height: 24px;\">\n<th style=\"text-align: left; width: 38.5906%; height: 24px;\">Samazin\u0101\u0161anas koeficienti<\/th>\n<td style=\"width: 61.8421%; height: 24px;\">48, 120, 180, 220, 288<\/td>\n<\/tr>\n<tr style=\"height: 24px;\">\n<th style=\"text-align: left; width: 38.5906%; height: 24px;\">\u0100trumi bez slodzes (apgr.\/min)<\/th>\n<td style=\"width: 61.8421%; height: 24px;\">230, 90, 60, 50, 38<\/td>\n<\/tr>\n<tr style=\"height: 24px;\">\n<th style=\"text-align: left; width: 38.5906%; height: 24px;\">Maksim\u0101l\u0101 moment\u0101n\u0101 pielaides griezes momenta v\u0113rt\u012bba (kg.cm)<\/th>\n<td style=\"width: 61.8421%; height: 24px;\">0.7, 1.4, 2.0, 2.2, 2.8<\/td>\n<\/tr>\n<\/tbody>\n<\/table>\n<p>&nbsp;<\/p>\n<table border=\"1\" width=\"100%\" cellspacing=\"0\" cellpadding=\"0\">\n<tbody>\n<tr>\n<td colspan=\"2\" rowspan=\"3\" width=\"131\" height=\"65\" data-spm-anchor-id=\"a2700.details.0.i21.659d3e61kGVPBR\">MODELIS<\/td>\n<td rowspan=\"3\" width=\"75\">SAMAZIN\u0100\u0160ANAS KOEFICIENTS<\/td>\n<td colspan=\"2\" width=\"133\">SPRIEGUMS<\/td>\n<td colspan=\"2\" width=\"117\">BEZ SLODZES<\/td>\n<td colspan=\"4\" width=\"228\">AR MAKSIM\u0100LU EFEKTIVIT\u0100TI<\/td>\n<td colspan=\"2\" width=\"118\">STENDS<\/td>\n<\/tr>\n<tr>\n<td rowspan=\"2\" width=\"75\">DARB\u012aBAS DIAPAZONS<\/td>\n<td width=\"58\">NOMIN\u0100LAIS<\/td>\n<td width=\"55\">\u0100TRUMS<\/td>\n<td width=\"62\">PA\u0160REIZ\u0112JAIS<\/td>\n<td width=\"55\">\u0100TRUMS<\/td>\n<td width=\"62\">PA\u0160REIZ\u0112JAIS<\/td>\n<td width=\"56\">GRIEZES MOMENTS<\/td>\n<td width=\"55\">IZVADE<\/td>\n<td width=\"56\">GRIEZES MOMENTS<\/td>\n<td width=\"62\">PA\u0160REIZ\u0112JAIS<\/td>\n<\/tr>\n<tr>\n<td width=\"58\">V<\/td>\n<td width=\"55\">apgr.\/min<\/td>\n<td width=\"62\">A<\/td>\n<td width=\"55\">apgr.\/min<\/td>\n<td width=\"62\">A<\/td>\n<td width=\"56\">kg.cm<\/td>\n<td width=\"55\">R<\/td>\n<td width=\"56\">kg.cm<\/td>\n<td width=\"62\">A<\/td>\n<\/tr>\n<tr>\n<td colspan=\"2\" width=\"131\" height=\"24\">T130-02-06500<\/td>\n<td width=\"75\">48\/1<\/td>\n<td width=\"75\">3.0~7.0<\/td>\n<td width=\"58\">6.0<\/td>\n<td width=\"55\">500<\/td>\n<td width=\"62\">0.21<\/td>\n<td width=\"55\">416<\/td>\n<td width=\"62\">1.04<\/td>\n<td width=\"56\">0.4<\/td>\n<td width=\"55\">1.71<\/td>\n<td width=\"56\">2.4<\/td>\n<td width=\"62\">5.2<\/td>\n<\/tr>\n<tr>\n<td colspan=\"2\" width=\"131\" height=\"24\">T130-02-06200<\/td>\n<td width=\"75\">120\/1<\/td>\n<td width=\"75\">3.0~7.0<\/td>\n<td width=\"58\">6.0<\/td>\n<td width=\"55\">200<\/td>\n<td width=\"62\">0.21<\/td>\n<td width=\"55\">415<\/td>\n<td width=\"62\">1.06<\/td>\n<td width=\"56\">1.0<\/td>\n<td width=\"55\">4.26<\/td>\n<td width=\"56\">5.9<\/td>\n<td width=\"62\">5.2<\/td>\n<\/tr>\n<tr>\n<td colspan=\"2\" width=\"131\" height=\"24\">T130-02-09175<\/td>\n<td width=\"75\">48\/1<\/td>\n<td width=\"75\">3.0~10.0<\/td>\n<td width=\"58\">9.0<\/td>\n<td width=\"55\">175<\/td>\n<td width=\"62\">0.09<\/td>\n<td width=\"55\">133<\/td>\n<td width=\"62\">0.17<\/td>\n<td width=\"56\">0.3<\/td>\n<td width=\"55\">0.41<\/td>\n<td width=\"56\">1.3<\/td>\n<td width=\"62\">0.55<\/td>\n<\/tr>\n<tr>\n<td colspan=\"2\" width=\"131\" height=\"24\">T130-02-0938<\/td>\n<td width=\"75\">220\/1<\/td>\n<td width=\"75\">3.0~10.0<\/td>\n<td width=\"58\">9.0<\/td>\n<td width=\"55\">38<\/td>\n<td width=\"62\">0.09<\/td>\n<td width=\"55\">31<\/td>\n<td width=\"62\">0.14<\/td>\n<td width=\"56\">1.0<\/td>\n<td width=\"55\">0.32<\/td>\n<td width=\"56\">5.8<\/td>\n<td width=\"62\">0.55<\/td>\n<\/tr>\n<tr>\n<td colspan=\"2\" width=\"131\" height=\"24\">T130-02-1260<\/td>\n<td width=\"75\">220\/1<\/td>\n<td width=\"75\">3.0~13.0<\/td>\n<td width=\"58\">12.0<\/td>\n<td width=\"55\">60<\/td>\n<td width=\"62\">0.05<\/td>\n<td width=\"55\">48<\/td>\n<td width=\"62\">0.2<\/td>\n<td width=\"56\">1.5<\/td>\n<td width=\"55\">0.74<\/td>\n<td width=\"56\">5.8<\/td>\n<td width=\"62\">0.85<\/td>\n<\/tr>\n<\/tbody>\n<\/table>\n<h2>Cits Plastmasas \u0101trumk\u0101rba plus A130 l\u012bdzstr\u0101vas motors<\/h2>\n<table style=\"width: 100%; height: 71px;\" border=\"1\" width=\"100%\" cellspacing=\"0\" cellpadding=\"0\">\n<tbody>\n<tr style=\"height: 13.8pt;\">\n<td style=\"height: 13px; width: 49.892%;\" align=\"right\" width=\"64\" height=\"18\"><img loading=\"lazy\" decoding=\"async\" class=\"alignnone size-full wp-image-3344\" src=\"https:\/\/fmp-components.com\/wp-content\/uploads\/2025\/01\/fmp_1.TGP010-A130-1-1.webp\" alt=\"fmp_1.TGP010-A130-1-1\" width=\"600\" height=\"600\" title=\"\" srcset=\"https:\/\/fmp-components.com\/wp-content\/uploads\/2025\/01\/fmp_1.TGP010-A130-1-1.webp 600w, https:\/\/fmp-components.com\/wp-content\/uploads\/2025\/01\/fmp_1.TGP010-A130-1-1-480x480.webp 480w\" sizes=\"(min-width: 0px) and (max-width: 480px) 480px, (min-width: 481px) 600px, 100vw\" \/><\/td>\n<td style=\"width: 49.892%; height: 13px;\" align=\"right\" width=\"64\"><img loading=\"lazy\" decoding=\"async\" class=\"alignnone size-full wp-image-3345\" src=\"https:\/\/fmp-components.com\/wp-content\/uploads\/2025\/01\/fmp_2.TGP010-A130-1-1.webp\" alt=\"fmp_2.TGP010-A130-1-1\" width=\"600\" height=\"600\" title=\"\" srcset=\"https:\/\/fmp-components.com\/wp-content\/uploads\/2025\/01\/fmp_2.TGP010-A130-1-1.webp 600w, https:\/\/fmp-components.com\/wp-content\/uploads\/2025\/01\/fmp_2.TGP010-A130-1-1-480x480.webp 480w\" sizes=\"(min-width: 0px) and (max-width: 480px) 480px, (min-width: 481px) 600px, 100vw\" \/><\/td>\n<\/tr>\n<tr style=\"height: 22px;\">\n<td style=\"height: 22px; text-align: center;\"><strong>TGP01D-A130<\/strong><\/td>\n<td style=\"height: 22px; text-align: center;\"><strong>TGP01S-A130<\/strong><\/td>\n<\/tr>\n<tr style=\"height: 13.8pt;\">\n<td style=\"height: 13px; width: 49.892%;\" align=\"right\" height=\"18\"><img loading=\"lazy\" decoding=\"async\" class=\"alignnone size-full wp-image-3346\" src=\"https:\/\/fmp-components.com\/wp-content\/uploads\/2025\/01\/fmp_3.TGP010-A130-1.webp\" alt=\"fmp_3.TGP010-A130-1\" width=\"600\" height=\"600\" title=\"\" srcset=\"https:\/\/fmp-components.com\/wp-content\/uploads\/2025\/01\/fmp_3.TGP010-A130-1.webp 600w, https:\/\/fmp-components.com\/wp-content\/uploads\/2025\/01\/fmp_3.TGP010-A130-1-480x480.webp 480w\" sizes=\"(min-width: 0px) and (max-width: 480px) 480px, (min-width: 481px) 600px, 100vw\" \/><\/td>\n<td style=\"width: 49.892%; height: 13px;\" align=\"right\"><img loading=\"lazy\" decoding=\"async\" class=\"alignnone size-full wp-image-3347\" src=\"https:\/\/fmp-components.com\/wp-content\/uploads\/2025\/01\/fmp_4.TGP010-A130-1.webp\" alt=\"fmp_4.TGP010-A130-1\" width=\"600\" height=\"600\" title=\"\" srcset=\"https:\/\/fmp-components.com\/wp-content\/uploads\/2025\/01\/fmp_4.TGP010-A130-1.webp 600w, https:\/\/fmp-components.com\/wp-content\/uploads\/2025\/01\/fmp_4.TGP010-A130-1-480x480.webp 480w\" sizes=\"(min-width: 0px) and (max-width: 480px) 480px, (min-width: 481px) 600px, 100vw\" \/><\/td>\n<\/tr>\n<tr style=\"height: 23px;\">\n<td style=\"height: 23px; text-align: center;\"><strong>TGP02D-A130<\/strong><\/td>\n<td style=\"height: 23px; text-align: center;\"><strong>TGP02S-A130<\/strong><\/td>\n<\/tr>\n<\/tbody>\n<\/table>\n<h2>Pieteikums:<\/h2>\n<table style=\"width: 100%;\" border=\"1\" width=\"100%\" cellspacing=\"0\" cellpadding=\"0\">\n<tbody>\n<tr>\n<th>Pielietojuma jomas<\/th>\n<td><strong>Biznesa ma\u0161\u012bnas:<\/strong> Bankom\u0101ti, kop\u0113t\u0101ji un skeneri, val\u016btas apstr\u0101de, tirdzniec\u012bbas vietas, printeri, tirdzniec\u012bbas autom\u0101ti.<br \/>\n<strong>\u0112diens un dz\u0113rieni:<\/strong> Dz\u0113rienu doz\u0113\u0161ana, rokas blenderi, blenderi, mikseri, kafijas autom\u0101ti, virtuves kombaini, sulu spiedes, fritieri, ledus autom\u0101ti, sojas pupi\u0146u piena autom\u0101ti.<br \/>\n<strong>Kamera un optika:<\/strong> Video, kameras, projektori.<br \/>\n<strong>Elektroinstrumenti:<\/strong> Urbjma\u0161\u012bnas un skr\u016bvgrie\u017ei, sl\u012bpma\u0161\u012bnas, sl\u012bpma\u0161\u012bnas, pul\u0113t\u0101ji, z\u0101\u0123i.<br \/>\n<strong>Z\u0101liens un d\u0101rzs:<\/strong> Z\u0101les p\u013c\u0101v\u0113ji, sniega p\u016bt\u0113ji, trimmeri, lapu p\u016bt\u0113ji.<\/td>\n<\/tr>\n<\/tbody>\n<\/table>\n<h2 data-pm-slice=\"0 0 []\">Plastmasas p\u0101rnesumk\u0101rbas motora TGP02D-A130 \u012bpa\u0161\u012bbas<\/h2>\n<p>TGP02D-A130 ir augstas veiktsp\u0113jas plastmasas p\u0101rnesumk\u0101rbas motors, kas pied\u0101v\u0101 daudzpus\u012bgu un uzticamu risin\u0101jumu pla\u0161am pielietojumu kl\u0101stam. \u0160is motors apvieno iztur\u012bgu plastmasas p\u0101rnesumk\u0101rbu ar efekt\u012bvu l\u012bdzstr\u0101vas motoru, padarot to ide\u0101li piem\u0113rotu da\u017e\u0101d\u0101m zema l\u012bdz vid\u0113ja griezes momenta pras\u012bb\u0101m. T\u0101l\u0101k ir nor\u0101d\u012btas TGP02D-A130 galven\u0101s iez\u012bmes:<\/p>\n<ol>\n<li><strong>Kompakts dizains<\/strong>Plastmasas p\u0101rnesumk\u0101rbas motoram ir kompakts izm\u0113rs, kas \u013cauj to viegli integr\u0113t telp\u0101s ar ierobe\u017eotu plat\u012bbu, neapdraudot jaudu.<\/li>\n<li><strong>Efekt\u012bva veiktsp\u0113ja<\/strong>Apr\u012bkots ar jaud\u012bgu l\u012bdzstr\u0101vas motoru, TGP02D-A130 nodro\u0161ina vienm\u0113r\u012bgu un efekt\u012bvu darb\u012bbu, nodro\u0161inot nemain\u012bgu griezes momentu un \u0101trumu, kas piem\u0113rots da\u017e\u0101diem lietojumiem.<\/li>\n<li><strong>Iztur\u012bga plastmasas p\u0101rnesumk\u0101rba<\/strong>Motors ir savienots ar iztur\u012bgu plastmasas p\u0101rnesumk\u0101rbu, kas nodro\u0161ina ilgsto\u0161u veiktsp\u0113ju un samazina kop\u0113jo konstrukcijas svaru, kas ir \u012bpa\u0161i izdev\u012bgi vieglajiem lietojumiem.<\/li>\n<li><strong>Zema trok\u0161\u0146a darb\u012bba<\/strong>TGP02D-A130 ir paredz\u0113ts klusai darb\u012bbai un ir ide\u0101li piem\u0113rots lietojumiem, kuros trok\u0161\u0146u samazin\u0101\u0161ana ir kritiski svar\u012bga, piem\u0113ram, sadz\u012bves tehnik\u0101 un rota\u013cliet\u0101s.<\/li>\n<li><strong>Daudzpus\u012bba<\/strong>\u0160is motors ir \u013coti daudzpus\u012bgs un to var izmantot pla\u0161\u0101 ier\u012b\u010du kl\u0101st\u0101, tostarp robotiz\u0113t\u0101s sist\u0113m\u0101s, mode\u013cos, maz\u0101s ma\u0161\u012bn\u0101s un cit\u0101s iek\u0101rt\u0101s, kur\u0101m nepiecie\u0161ama prec\u012bza kust\u012bbas vad\u012bba.<\/li>\n<\/ol>\n<p>Rezum\u0113jot, TGP02D-A130 plastmasas p\u0101rnesumk\u0101rbas motors ir uzticams, rentabls un efekt\u012bvs risin\u0101jums da\u017e\u0101diem mazas un vid\u0113jas jaudas lietojumiem. Tas apvieno plastmasas p\u0101rnesumk\u0101rbas iztur\u012bbu ar l\u012bdzstr\u0101vas motora precizit\u0101ti, pied\u0101v\u0101jot augstu veiktsp\u0113ju kompakt\u0101 un daudzpus\u012bg\u0101 konstrukcij\u0101.<\/p>\n<h2>Par FMP<\/h2>\n<p>FMP ir vado\u0161ais ra\u017eot\u0101js, kas ir paz\u012bstams ar savu pieredzi augstas precizit\u0101tes p\u0101rnesumk\u0101rbu, hidraulisko cilindru, motoru, kard\u0101nv\u0101rpstu, mikromotoru un pla\u0161a kl\u0101sta citu b\u016btisku komponentu projekt\u0113\u0161an\u0101, izstr\u0101d\u0113 un ra\u017eo\u0161an\u0101. Pateicoties m\u016bsu prasm\u012bg\u0101s komandas cent\u012bbai un zin\u0101\u0161an\u0101m, m\u0113s esam k\u013cuvu\u0161i par iev\u0113rojamu nozares dal\u012bbnieku. M\u016bsu produkti tiek izplat\u012bti vis\u0101 Eirop\u0101, Zieme\u013camerik\u0101, Dienvidaustrum\u0101zij\u0101 un citos galvenajos pasaules tirgos, kur tie ir ieguvu\u0161i izcilu reput\u0101ciju kvalit\u0101tes, uzticam\u012bbas un veiktsp\u0113jas zi\u0146\u0101.<\/p>\n<p>FMP ir pieejamas modernas ra\u017eo\u0161anas iek\u0101rtas, tostarp pla\u0161as ra\u017eo\u0161anas darbn\u012bcas, modernas biroja telpas un darbinieku izmitin\u0101\u0161anas telpas. M\u016bsu modern\u0101kais p\u0113tniec\u012bbas un att\u012bst\u012bbas, ra\u017eo\u0161anas un test\u0113\u0161anas apr\u012bkojums \u013cauj mums nodro\u0161in\u0101t m\u016bsu klientiem augsti specializ\u0113tus, piel\u0101gotus risin\u0101jumus. Ar sp\u0113c\u012bg\u0101m tehniskaj\u0101m iesp\u0113j\u0101m, efekt\u012bviem ra\u017eo\u0161anas procesiem un stabilu vad\u012bbas sist\u0113mu m\u0113s nodro\u0161in\u0101m, ka katrs produkts atbilst vai p\u0101rsniedz augst\u0101kos nozares standartus.<\/p>\n<p>Kvalit\u0101te ir m\u016bsu darb\u012bbas pamat\u0101. S\u0101kot ar materi\u0101lu izv\u0113li un dizainu un beidzot ar ra\u017eo\u0161anu, pieg\u0101di un klientu atsauksm\u0113m, m\u0113s r\u016bp\u012bgi piev\u0113r\u0161am uzman\u012bbu deta\u013c\u0101m. Klientu apmierin\u0101t\u012bba ir m\u016bsu galvenais m\u0113r\u0137is, un m\u0113s esam ap\u0146\u0113mu\u0161ies pied\u0101v\u0101t izcilu servisu vis\u0101 proces\u0101. FMP priorit\u0101ti pie\u0161\u0137ir ilgtermi\u0146a, abpus\u0113ji izdev\u012bg\u0101m attiec\u012bb\u0101m ar m\u016bsu klientiem, veicinot izaugsmi un pan\u0101kumus, nevis \u012bstermi\u0146a pe\u013c\u0146u.<\/p>\n<p>M\u0113s vienm\u0113r esam atv\u0113rti sadarb\u012bbai un ceram veidot gai\u0161\u0101ku n\u0101kotni kop\u0101 ar saviem partneriem. M\u016bsu piel\u0101gotie risin\u0101jumi ir izstr\u0101d\u0101ti, lai piel\u0101gotos m\u016bsu klientu main\u012bgaj\u0101m vajadz\u012bb\u0101m, nodro\u0161inot, ka katrs projekts sa\u0146em pilnu uzman\u012bbu un zin\u0101\u0161anas, ko tas ir peln\u012bjis. Neatkar\u012bgi no t\u0101, vai jums ir nepiecie\u0161ami standarta produkti vai individu\u0101li risin\u0101jumi, FMP ir ap\u0146\u0113mies atbalst\u012bt j\u016bsu pan\u0101kumus katr\u0101 ce\u013cojuma sol\u012b.<\/p>\n<p><img loading=\"lazy\" decoding=\"async\" class=\"alignnone size-full wp-image-3335\" src=\"https:\/\/fmp-components.com\/wp-content\/uploads\/2025\/01\/DC-motor-tgp01d-a130-product-1.webp\" alt=\"L\u012bdzstr\u0101vas motors-tgp01d-a130\" width=\"883\" height=\"574\" title=\"\" srcset=\"https:\/\/fmp-components.com\/wp-content\/uploads\/2025\/01\/DC-motor-tgp01d-a130-product-1.webp 883w, https:\/\/fmp-components.com\/wp-content\/uploads\/2025\/01\/DC-motor-tgp01d-a130-product-1-480x312.webp 480w\" sizes=\"(min-width: 0px) and (max-width: 480px) 480px, (min-width: 481px) 883px, 100vw\" \/><\/p>\n<p>Autors: CX<\/p>","protected":false},"excerpt":{"rendered":"<p>Characters: 1. Double shaft.Small size 42.2mm*45.5mm*23mm 2. DC plastic gear motor with low speed and big torque 3. Suitable for small diameter, low noise, and big toque application 4. Reduction Ratio: 48\u3001120\u3001180\u3001220\u3001288 Mini DC Motor Technical Data Motor model No Rated voltage VDC No-load speed r\/min No-load current mA Stall torque g.cm Stall current A [&hellip;]<\/p>","protected":false},"featured_media":3351,"comment_status":"open","ping_status":"closed","template":"","meta":{"_et_pb_use_builder":"","_et_pb_old_content":"","_et_gb_content_width":""},"product_brand":[],"product_cat":[85],"product_tag":[],"class_list":{"0":"post-3341","1":"product","2":"type-product","3":"status-publish","4":"has-post-thumbnail","6":"product_cat-dc-motors","8":"first","9":"instock","10":"shipping-taxable","11":"product-type-simple"},"_links":{"self":[{"href":"https:\/\/fmp-components.com\/lv\/wp-json\/wp\/v2\/product\/3341","targetHints":{"allow":["GET"]}}],"collection":[{"href":"https:\/\/fmp-components.com\/lv\/wp-json\/wp\/v2\/product"}],"about":[{"href":"https:\/\/fmp-components.com\/lv\/wp-json\/wp\/v2\/types\/product"}],"replies":[{"embeddable":true,"href":"https:\/\/fmp-components.com\/lv\/wp-json\/wp\/v2\/comments?post=3341"}],"wp:featuredmedia":[{"embeddable":true,"href":"https:\/\/fmp-components.com\/lv\/wp-json\/wp\/v2\/media\/3351"}],"wp:attachment":[{"href":"https:\/\/fmp-components.com\/lv\/wp-json\/wp\/v2\/media?parent=3341"}],"wp:term":[{"taxonomy":"product_brand","embeddable":true,"href":"https:\/\/fmp-components.com\/lv\/wp-json\/wp\/v2\/product_brand?post=3341"},{"taxonomy":"product_cat","embeddable":true,"href":"https:\/\/fmp-components.com\/lv\/wp-json\/wp\/v2\/product_cat?post=3341"},{"taxonomy":"product_tag","embeddable":true,"href":"https:\/\/fmp-components.com\/lv\/wp-json\/wp\/v2\/product_tag?post=3341"}],"curies":[{"name":"wp","href":"https:\/\/api.w.org\/{rel}","templated":true}]}}