{"id":3331,"date":"2025-01-06T08:18:18","date_gmt":"2025-01-06T08:18:18","guid":{"rendered":"https:\/\/fmp-components.com\/?page_id=8"},"modified":"2025-01-06T08:34:45","modified_gmt":"2025-01-06T08:34:45","slug":"italy-supplier-mini-dc-motor-tgp01d-a130-plastic-gearbox-plus-a130","status":"publish","type":"product","link":"https:\/\/fmp-components.com\/lv\/product\/italy-supplier-mini-dc-motor-tgp01d-a130-plastic-gearbox-plus-a130\/","title":{"rendered":"It\u0101lijas pieg\u0101d\u0101t\u0101js Mini DC Motor TGP01D-A130 plastmasas p\u0101rnesumk\u0101rba Plus A130"},"content":{"rendered":"<p><img loading=\"lazy\" decoding=\"async\" class=\"wp-image-3334 aligncenter\" src=\"https:\/\/fmp-components.com\/wp-content\/uploads\/2025\/01\/DC-motor-tgp01d-a130-1.webp\" alt=\"L\u012bdzstr\u0101vas motors-tgp01d-a130\" width=\"524\" height=\"539\" title=\"\" srcset=\"https:\/\/fmp-components.com\/wp-content\/uploads\/2025\/01\/DC-motor-tgp01d-a130-1.webp 524w, https:\/\/fmp-components.com\/wp-content\/uploads\/2025\/01\/DC-motor-tgp01d-a130-1-480x494.webp 480w\" sizes=\"(min-width: 0px) and (max-width: 480px) 480px, (min-width: 481px) 524px, 100vw\" \/><\/p>\n<h2>Specifik\u0101cija<\/h2>\n<table style=\"width: 100%;\" border=\"1\" width=\"100%\" cellspacing=\"0\" cellpadding=\"0\">\n<tbody>\n<tr>\n<th>Motora tips<\/th>\n<td>Maza izm\u0113ra l\u012bdzstr\u0101vas p\u0101rnesumu motors<\/td>\n<\/tr>\n<tr>\n<th>Raksturojums<\/th>\n<td>Zems \u0101trums, liels griezes moments, zems trok\u0161\u0146a l\u012bmenis<\/td>\n<\/tr>\n<tr>\n<th>Samazin\u0101\u0161anas koeficienti<\/th>\n<td>48, 120, 180, 220, 288<\/td>\n<\/tr>\n<tr>\n<th>Pieteikumi<\/th>\n<td>Motoriz\u0113ta rota\u013clieta, Braucam\u0101 rota\u013clieta, Robots<\/td>\n<\/tr>\n<\/tbody>\n<\/table>\n<h2>Reduktora motora izm\u0113rs (mm)<\/h2>\n<p><img loading=\"lazy\" decoding=\"async\" class=\"alignnone size-full wp-image-3332\" src=\"https:\/\/fmp-components.com\/wp-content\/uploads\/2025\/01\/fmp_1.TGP010-A130-2.webp\" alt=\"fmp_1.TGP010-A130-2\" width=\"922\" height=\"512\" title=\"\" srcset=\"https:\/\/fmp-components.com\/wp-content\/uploads\/2025\/01\/fmp_1.TGP010-A130-2.webp 922w, https:\/\/fmp-components.com\/wp-content\/uploads\/2025\/01\/fmp_1.TGP010-A130-2-480x267.webp 480w\" sizes=\"(min-width: 0px) and (max-width: 480px) 480px, (min-width: 481px) 922px, 100vw\" \/><\/p>\n<h2>Mini l\u012bdzstr\u0101vas motora tehniskie dati<\/h2>\n<table style=\"width: 96.6375%; height: 144px;\" border=\"1\">\n<tbody>\n<tr>\n<td>Motora mode\u013ca Nr.<\/td>\n<td>Nomin\u0101lais spriegums<br \/>\nL\u012bdzstr\u0101va<\/td>\n<td>\u0100trums bez slodzes<br \/>\napgr.\/min<\/td>\n<td>Bezslodzes str\u0101va<br \/>\nmA<\/td>\n<td>Apst\u0101\u0161an\u0101s griezes moments<br \/>\ng.cm<\/td>\n<td>Apst\u0101\u0161an\u0101s str\u0101va<br \/>\nA<\/td>\n<\/tr>\n<tr>\n<td>TFE-130RA-12215<\/td>\n<td>6.0<\/td>\n<td>11500<\/td>\n<td>120<\/td>\n<td>20<\/td>\n<td>0.85<\/td>\n<\/tr>\n<tr>\n<td>TFE-130RA-14175<\/td>\n<td>3.0<\/td>\n<td>8000<\/td>\n<td>120<\/td>\n<td>13<\/td>\n<td>0.70<\/td>\n<\/tr>\n<tr>\n<td>TFE-130RA-18100<\/td>\n<td>3.0<\/td>\n<td>11500<\/td>\n<td>250<\/td>\n<td>20<\/td>\n<td>1.80<\/td>\n<\/tr>\n<\/tbody>\n<\/table>\n<h2>Reduktora motora tehniskie dati<\/h2>\n<table style=\"width: 96.6375%; height: 120px;\" border=\"1\">\n<tbody>\n<tr style=\"height: 30px;\">\n<th style=\"height: 30px; width: 32.774%; text-align: left;\">\u0100trumk\u0101rbas modelis<\/th>\n<td style=\"height: 30px; width: 66.5548%;\">TGP01D-A130-12215-XXX<\/td>\n<\/tr>\n<tr style=\"height: 30px;\">\n<th style=\"height: 30px; width: 32.774%; text-align: left;\">Samazin\u0101\u0161anas koeficienti<\/th>\n<td style=\"height: 30px; width: 66.5548%;\">48, 120, 180, 220, 288<\/td>\n<\/tr>\n<tr style=\"height: 30px;\">\n<th style=\"height: 30px; width: 32.774%; text-align: left;\">\u0100trumi bez slodzes (apgr.\/min)<\/th>\n<td style=\"height: 30px; width: 66.5548%;\">230, 90, 60, 50, 38<\/td>\n<\/tr>\n<tr style=\"height: 30px;\">\n<th style=\"height: 30px; width: 32.774%; text-align: left;\">Maksim\u0101l\u0101 moment\u0101n\u0101 pielaides griezes momenta v\u0113rt\u012bba (kg.cm)<\/th>\n<td style=\"height: 30px; width: 66.5548%;\">0.7, 1.4, 2.0, 2.2, 2.8<\/td>\n<\/tr>\n<\/tbody>\n<\/table>\n<h2>\u0100trumk\u0101rba ar motoru<\/h2>\n<table style=\"width: 96.6375%; height: 96px;\" border=\"1\">\n<tbody>\n<tr style=\"height: 24px;\">\n<th style=\"height: 24px; text-align: left; width: 38.4787%;\">\u0100trumk\u0101rbas modelis<\/th>\n<td style=\"height: 24px; width: 60.8501%;\">TGP01D-A130-14175-XXX<\/td>\n<\/tr>\n<tr style=\"height: 24px;\">\n<th style=\"height: 24px; text-align: left; width: 38.4787%;\">Samazin\u0101\u0161anas koeficienti<\/th>\n<td style=\"height: 24px; width: 60.8501%;\">48, 120, 180, 220, 288<\/td>\n<\/tr>\n<tr style=\"height: 24px;\">\n<th style=\"height: 24px; text-align: left; width: 38.4787%;\">\u0100trumi bez slodzes (apgr.\/min)<\/th>\n<td style=\"height: 24px; width: 60.8501%;\">150, 60, 40, 33, 25<\/td>\n<\/tr>\n<tr style=\"height: 24px;\">\n<th style=\"height: 24px; text-align: left; width: 38.4787%;\">Maksim\u0101l\u0101 moment\u0101n\u0101 pielaides griezes momenta v\u0113rt\u012bba (kg.cm)<\/th>\n<td style=\"height: 24px; width: 60.8501%;\">0.5, 0.9, 1.2, 1.4, 1.8<\/td>\n<\/tr>\n<\/tbody>\n<\/table>\n<table style=\"width: 96.6375%; height: 120px;\" border=\"1\">\n<tbody>\n<tr>\n<th style=\"text-align: left; width: 38.5906%;\">\u0100trumk\u0101rbas modelis<\/th>\n<td style=\"width: 60.7383%;\">TGP01D-A130-18100-XXX<\/td>\n<\/tr>\n<tr>\n<th style=\"text-align: left; width: 38.5906%;\">Samazin\u0101\u0161anas koeficienti<\/th>\n<td style=\"width: 60.7383%;\">48, 120, 180, 220, 288<\/td>\n<\/tr>\n<tr>\n<th style=\"text-align: left; width: 38.5906%;\">\u0100trumi bez slodzes (apgr.\/min)<\/th>\n<td style=\"width: 60.7383%;\">230, 90, 60, 50, 38<\/td>\n<\/tr>\n<tr>\n<th style=\"text-align: left; width: 38.5906%;\">Maksim\u0101l\u0101 moment\u0101n\u0101 pielaides griezes momenta v\u0113rt\u012bba (kg.cm)<\/th>\n<td style=\"width: 60.7383%;\">0.7, 1.4, 2.0, 2.2, 2.8<\/td>\n<\/tr>\n<\/tbody>\n<\/table>\n<h2 data-pm-slice=\"0 0 []\">Mini l\u012bdzstr\u0101vas motora TGP01D-A130 \u012bpa\u0161\u012bbas<\/h2>\n<p>Mini l\u012bdzstr\u0101vas motors TGP01D-A130 ir kompakts un efekt\u012bvs motors, kas paredz\u0113ts da\u017e\u0101diem lietojumiem, kuros vietas ierobe\u017eojumi un veiktsp\u0113ja ir galvenie apsv\u0113rumi. T\u0101l\u0101k ir nor\u0101d\u012btas \u0161\u012b motora iev\u0113rojam\u0101k\u0101s \u012bpa\u0161\u012bbas:<\/p>\n<ol>\n<li><strong>Kompakts izm\u0113rs<\/strong>:\n<ul>\n<li>Izstr\u0101d\u0101ts, lai ietilptu neliel\u0101s telp\u0101s, padarot to ide\u0101li piem\u0113rotu lietojumiem, kuros izm\u0113rs ir kritisks faktors, piem\u0113ram, p\u0101rn\u0113s\u0101jam\u0101m ier\u012bc\u0113m vai miniat\u016br\u0101m ma\u0161\u012bn\u0101m.<\/li>\n<\/ul>\n<\/li>\n<li><strong>Augsta efektivit\u0101te<\/strong>:\n<ul>\n<li>Izstr\u0101d\u0101ts efekt\u012bvai veiktsp\u0113jai, nodro\u0161inot optim\u0101lu ener\u0123ijas pat\u0113ri\u0146u un samazinot siltuma veido\u0161anos darb\u012bbas laik\u0101.<\/li>\n<\/ul>\n<\/li>\n<li><strong>Iztur\u012bba<\/strong>:\n<ul>\n<li>TGP01D-A130 ir izgatavots no augstas kvalit\u0101tes materi\u0101liem, un tas pied\u0101v\u0101 ilgsto\u0161u iztur\u012bbu un uzticam\u012bbu, garant\u0113jot ilgu ekspluat\u0101cijas laiku pat m\u0113renas vai intens\u012bvas lieto\u0161anas apst\u0101k\u013cos.<\/li>\n<\/ul>\n<\/li>\n<li><strong>Zems ener\u0123ijas pat\u0113ri\u0146\u0161<\/strong>:\n<ul>\n<li>Motors darbojas ar minim\u0101lu ener\u0123ijas pat\u0113ri\u0146u, padarot to \u013coti energoefekt\u012bvu un piem\u0113rotu ier\u012bc\u0113m, ko darbina ar akumulatoru.<\/li>\n<\/ul>\n<\/li>\n<li><strong>Vienm\u0113r\u012bga un klusa darb\u012bba<\/strong>:\n<ul>\n<li>Izstr\u0101d\u0101ts vienm\u0113r\u012bgai un klusai darb\u012bbai, padarot to ide\u0101li piem\u0113rotu lietojumiem, kuros nepiecie\u0161ams zems trok\u0161\u0146a l\u012bmenis, piem\u0113ram, medic\u012bnas ier\u012bc\u0113s, rota\u013cliet\u0101s un maz\u0101 elektronik\u0101.<\/li>\n<\/ul>\n<\/li>\n<\/ol>\n<p>Rezum\u0113jot, Mini DC Motor TGP01D-A130 ir daudzpus\u012bgs, iztur\u012bgs un efekt\u012bvs risin\u0101jums lietojumprogramm\u0101m, kur\u0101s b\u016btiska noz\u012bme ir izm\u0113ram, energoefektivit\u0101tei un uzticam\u012bbai.<\/p>\n<p><img loading=\"lazy\" decoding=\"async\" class=\"alignnone size-full wp-image-3336\" src=\"https:\/\/fmp-components.com\/wp-content\/uploads\/2025\/01\/DC-motor-tgp01d-a130-product.webp\" alt=\"L\u012bdzstr\u0101vas motors-tgp01d-a130\" width=\"1071\" height=\"742\" title=\"\" srcset=\"https:\/\/fmp-components.com\/wp-content\/uploads\/2025\/01\/DC-motor-tgp01d-a130-product.webp 1071w, https:\/\/fmp-components.com\/wp-content\/uploads\/2025\/01\/DC-motor-tgp01d-a130-product-980x679.webp 980w, https:\/\/fmp-components.com\/wp-content\/uploads\/2025\/01\/DC-motor-tgp01d-a130-product-480x333.webp 480w\" sizes=\"(min-width: 0px) and (max-width: 480px) 480px, (min-width: 481px) and (max-width: 980px) 980px, (min-width: 981px) 1071px, 100vw\" \/><\/p>\n<h2>Par FMP<\/h2>\n<p>FMP ir vado\u0161ais ra\u017eot\u0101js, kas specializ\u0113jas augstas precizit\u0101tes p\u0101rnesumk\u0101rbu, hidraulisko cilindru, motoru, kard\u0101nv\u0101rpstu, mikromotoru un pla\u0161a spektra citu b\u016btisku komponentu projekt\u0113\u0161an\u0101, izstr\u0101d\u0113 un ra\u017eo\u0161an\u0101. Pateicoties visas m\u016bsu komandas nep\u0101rtrauktajai cent\u012bbai un smagajam darbam, m\u0113s esam pozicion\u0113ju\u0161i sevi k\u0101 vienu no nozares l\u012bderiem. M\u016bsu produkti tiek eksport\u0113ti vis\u0101 pasaul\u0113, un mums ir sp\u0113c\u012bga kl\u0101tb\u016btne Eirop\u0101, Zieme\u013camerik\u0101, Dienvidaustrum\u0101zij\u0101 un citos re\u0123ionos. M\u0113s esam ieguvu\u0161i izcilas kvalit\u0101tes reput\u0101ciju, un m\u016bsu produktus augstu v\u0113rt\u0113 klienti vis\u0101 pasaul\u0113.<\/p>\n<p>FMP ir pieejamas liela m\u0113roga ra\u017eo\u0161anas darbn\u012bcas, biroju \u0113kas un darbinieku kopm\u012btnes. Mums ir ar\u012b modernas p\u0113tniec\u012bbas un att\u012bst\u012bbas, ra\u017eo\u0161anas un test\u0113\u0161anas iek\u0101rtas. M\u016bsu profesion\u0101l\u0101 produktu in\u017eenierijas noda\u013ca, veid\u0146u ra\u017eo\u0161ana un mont\u0101\u017eas centrs \u013cauj mums pied\u0101v\u0101t piln\u012bb\u0101 piel\u0101gotus risin\u0101jumus, kas piel\u0101goti m\u016bsu klientu \u012bpa\u0161aj\u0101m vajadz\u012bb\u0101m. Ar sp\u0113c\u012bgu tehnisko pamatu, efekt\u012bviem ra\u017eo\u0161anas procesiem un stabilu vad\u012bbas sist\u0113mu FMP izce\u013cas ar t\u0101du produktu pieg\u0101di, kas atbilst augst\u0101kajiem standartiem.<\/p>\n<p>M\u016bsu ap\u0146em\u0161an\u0101s nodro\u0161in\u0101t kvalit\u0101ti atspogu\u013cojas ikvien\u0101 m\u016bsu darb\u012bbas deta\u013c\u0101, s\u0101kot no materi\u0101lu izv\u0113les, dizaina un ra\u017eo\u0161anas l\u012bdz pieg\u0101dei un klientu atsauksm\u0113m. M\u0113s priorit\u0101ri r\u016bp\u0113jamies par klientu apmierin\u0101t\u012bbu un cen\u0161amies nodro\u0161in\u0101t izcilu servisu katr\u0101 procesa posm\u0101. FMP netiecas p\u0113c p\u0101rm\u0113r\u012bgas pe\u013c\u0146as, bet gan koncentr\u0113jas uz ilgtermi\u0146a, abpus\u0113ji izdev\u012bgu partnerattiec\u012bbu veido\u0161anu un uztur\u0113\u0161anu ar m\u016bsu klientiem.<\/p>\n<p>M\u0113s vienm\u0113r esam atv\u0113rti sadarb\u012bbai un ceram kop\u0101 ar saviem partneriem veidot gai\u0161u n\u0101kotni. M\u016bsu piel\u0101gotie risin\u0101jumi ir izstr\u0101d\u0101ti, lai apmierin\u0101tu m\u016bsu klientu main\u012bg\u0101s vajadz\u012bbas, nodro\u0161inot, ka katram projektam tiek piev\u0113rsta visaugst\u0101k\u0101 uzman\u012bba un zin\u0101\u0161anas. Neatkar\u012bgi no t\u0101, vai jums ir nepiecie\u0161ami standarta produkti vai piel\u0101goti risin\u0101jumi, FMP ir ap\u0146\u0113mies atbalst\u012bt j\u016bsu pan\u0101kumus.<\/p>\n<p><img loading=\"lazy\" decoding=\"async\" class=\"alignnone size-full wp-image-3335\" src=\"https:\/\/fmp-components.com\/wp-content\/uploads\/2025\/01\/DC-motor-tgp01d-a130-product-1.webp\" alt=\"L\u012bdzstr\u0101vas motors-tgp01d-a130\" width=\"883\" height=\"574\" title=\"\" srcset=\"https:\/\/fmp-components.com\/wp-content\/uploads\/2025\/01\/DC-motor-tgp01d-a130-product-1.webp 883w, https:\/\/fmp-components.com\/wp-content\/uploads\/2025\/01\/DC-motor-tgp01d-a130-product-1-480x312.webp 480w\" sizes=\"(min-width: 0px) and (max-width: 480px) 480px, (min-width: 481px) 883px, 100vw\" \/><\/p>\n<p>Autors: CX<\/p>","protected":false},"excerpt":{"rendered":"<p>Specification Motor Type Small Size DC Gear Motor Characteristics Low Speed, Big Torque, Low Noise Reduction Ratios 48, 120, 180, 220, 288 Applications Motorized Toy, Ride-on Toy, Robot Gear motor dimension (mm) Mini DC Motor Technical Data Motor model No Rated voltage VDC No-load speed r\/min No-load current mA Stall torque g.cm Stall current A [&hellip;]<\/p>","protected":false},"featured_media":3337,"comment_status":"open","ping_status":"closed","template":"","meta":{"_et_pb_use_builder":"","_et_pb_old_content":"","_et_gb_content_width":""},"product_brand":[],"product_cat":[85],"product_tag":[],"class_list":{"0":"post-3331","1":"product","2":"type-product","3":"status-publish","4":"has-post-thumbnail","6":"product_cat-dc-motors","8":"first","9":"instock","10":"shipping-taxable","11":"product-type-simple"},"_links":{"self":[{"href":"https:\/\/fmp-components.com\/lv\/wp-json\/wp\/v2\/product\/3331","targetHints":{"allow":["GET"]}}],"collection":[{"href":"https:\/\/fmp-components.com\/lv\/wp-json\/wp\/v2\/product"}],"about":[{"href":"https:\/\/fmp-components.com\/lv\/wp-json\/wp\/v2\/types\/product"}],"replies":[{"embeddable":true,"href":"https:\/\/fmp-components.com\/lv\/wp-json\/wp\/v2\/comments?post=3331"}],"wp:featuredmedia":[{"embeddable":true,"href":"https:\/\/fmp-components.com\/lv\/wp-json\/wp\/v2\/media\/3337"}],"wp:attachment":[{"href":"https:\/\/fmp-components.com\/lv\/wp-json\/wp\/v2\/media?parent=3331"}],"wp:term":[{"taxonomy":"product_brand","embeddable":true,"href":"https:\/\/fmp-components.com\/lv\/wp-json\/wp\/v2\/product_brand?post=3331"},{"taxonomy":"product_cat","embeddable":true,"href":"https:\/\/fmp-components.com\/lv\/wp-json\/wp\/v2\/product_cat?post=3331"},{"taxonomy":"product_tag","embeddable":true,"href":"https:\/\/fmp-components.com\/lv\/wp-json\/wp\/v2\/product_tag?post=3331"}],"curies":[{"name":"wp","href":"https:\/\/api.w.org\/{rel}","templated":true}]}}