{"id":3312,"date":"2025-01-06T05:35:19","date_gmt":"2025-01-06T05:35:19","guid":{"rendered":"https:\/\/fmp-components.com\/?page_id=8"},"modified":"2025-01-06T05:35:20","modified_gmt":"2025-01-06T05:35:20","slug":"agitators-gearbox-for-sewage-fmp22","status":"publish","type":"product","link":"https:\/\/fmp-components.com\/lv\/product\/agitators-gearbox-for-sewage-fmp22\/","title":{"rendered":"Mais\u012bt\u0101ju \u0101trumk\u0101rba notek\u016bde\u0146iem FMP22"},"content":{"rendered":"<h2>Mais\u012bt\u0101ju p\u0101rnesumk\u0101rbas specifik\u0101cija<\/h2>\n<p><img loading=\"lazy\" decoding=\"async\" class=\"alignnone wp-image-3315\" src=\"https:\/\/fmp-components.com\/wp-content\/uploads\/2025\/01\/agricutural-gearbox-FMP22.png\" alt=\"lauksaimniec\u012bbas p\u0101rnesumk\u0101rba-FMP22\" width=\"817\" height=\"740\" title=\"\" srcset=\"https:\/\/fmp-components.com\/wp-content\/uploads\/2025\/01\/agricutural-gearbox-FMP22.png 817w, https:\/\/fmp-components.com\/wp-content\/uploads\/2025\/01\/agricutural-gearbox-FMP22-480x435.png 480w\" sizes=\"(min-width: 0px) and (max-width: 480px) 480px, (min-width: 481px) 817px, 100vw\" \/><\/p>\n<table style=\"width: 88.6601%;\" border=\"1\" width=\"100%\" cellspacing=\"0\" cellpadding=\"0\">\n<tbody>\n<tr>\n<th style=\"width: 41.843%;\">Attiec\u012bba<\/th>\n<td style=\"width: 46.6019%;\">1:1, 1:1.25<\/td>\n<\/tr>\n<tr>\n<th style=\"width: 41.843%;\">Ievades \u0101trumi (apgr.\/min)<\/th>\n<td style=\"width: 46.6019%;\">3200, 3500, 1750<\/td>\n<\/tr>\n<tr>\n<th style=\"width: 41.843%;\">Ievades v\u0101rpsta<\/th>\n<td style=\"width: 46.6019%;\">Z<\/td>\n<\/tr>\n<\/tbody>\n<\/table>\n<h2 data-pm-slice=\"0 0 []\">Notek\u016bde\u0146u mais\u012bt\u0101ja p\u0101rnesumk\u0101rbas \u012bpa\u0161\u012bbas<\/h2>\n<ol>\n<li><strong>Iztur\u012bga konstrukcija<\/strong><br \/>\nNotek\u016bde\u0146u mais\u012bt\u0101ja p\u0101rnesumk\u0101rba, kas izstr\u0101d\u0101ta no iztur\u012bgiem materi\u0101liem, ir veidota t\u0101, lai iztur\u0113tu skarbu un pras\u012bgu vidi, tostarp \u0137\u012bmisku vielu, abraz\u012bvu un kod\u012bgu vielu iedarb\u012bbu, kas parasti sastopama notek\u016bde\u0146u un notek\u016bde\u0146u att\u012br\u012b\u0161anas procesos.<\/li>\n<li><strong>Augsta griezes momenta jauda<\/strong><br \/>\nP\u0101rnesumk\u0101rba ir konstru\u0113ta t\u0101, lai nodro\u0161in\u0101tu augstu griezes momentu, garant\u0113jot efekt\u012bvu un uzticamu darb\u012bbu pat lielas slodzes apst\u0101k\u013cos. Tas ir svar\u012bgi lielu mais\u012bt\u0101ju vad\u012b\u0161anai, kas apstr\u0101d\u0101 biezus, viskozus materi\u0101lus notek\u016bde\u0146u att\u012br\u012b\u0161anas iek\u0101rt\u0101s.<\/li>\n<li><strong>Korozijiztur\u012bgi p\u0101rkl\u0101jumi<\/strong><br \/>\nP\u0101rnesumk\u0101rbai ir korozijiztur\u012bgi p\u0101rkl\u0101jumi vai ner\u016bs\u0113jo\u0161\u0101 t\u0113rauda deta\u013cas, lai nov\u0113rstu boj\u0101jumus, ko rada \u016bdens, notek\u016bde\u0146u un citu kod\u012bgu materi\u0101lu iedarb\u012bba, nodro\u0161inot ilgsto\u0161u iztur\u012bbu un samazinot apkopes izmaksas.<\/li>\n<li><strong>Kompakts un telpu taupo\u0161s dizains<\/strong><br \/>\nNeskatoties uz smago veiktsp\u0113ju, p\u0101rnesumk\u0101rba ir konstru\u0113ta kompakti un telpu taupo\u0161i, padarot to ide\u0101li piem\u0113rotu uzst\u0101d\u012b\u0161anai ierobe\u017eot\u0101 telp\u0101, piem\u0113ram, notek\u016bde\u0146u att\u012br\u012b\u0161anas iek\u0101rt\u0101s vai kanaliz\u0101cijas s\u016bk\u0146u stacij\u0101s.<\/li>\n<li><strong>Prec\u012bzijas in\u017eenierija<\/strong><br \/>\nIzgatavots ar augstu precizit\u0101ti, lai nodro\u0161in\u0101tu vienm\u0113r\u012bgu p\u0101rnesumu darb\u012bbu un samazin\u0101tu nodilumu laika gait\u0101. Tas nodro\u0161ina ar\u012b klus\u0101ku un efekt\u012bv\u0101ku darb\u012bbu ar minim\u0101lu vibr\u0101ciju un troksni pat intens\u012bvas lieto\u0161anas laik\u0101.<\/li>\n<\/ol>\n<p>\u0160\u012bs \u012bpa\u0161\u012bbas nodro\u0161ina, ka notek\u016bde\u0146u mais\u012bt\u0101ja p\u0101rnesumk\u0101rba var dro\u0161i tikt gal\u0101 ar notek\u016bde\u0146u att\u012br\u012b\u0161anas iek\u0101rtu skarbajiem apst\u0101k\u013ciem, vienlaikus saglab\u0101jot augstu efektivit\u0101ti, iztur\u012bbu un minim\u0101lu apkopi.<\/p>\n<h2>Par FMP<\/h2>\n<p>FMP galven\u0101 m\u012btne atrodas It\u0101lij\u0101, un tas ir vado\u0161ais ra\u017eot\u0101js, kas specializ\u0113jas augstas veiktsp\u0113jas p\u0101rnesumk\u0101rbu projekt\u0113\u0161an\u0101, izstr\u0101d\u0113 un ra\u017eo\u0161an\u0101, galvenok\u0101rt koncentr\u0113joties uz lauksaimniec\u012bbas tehnikas sektoru. Atz\u012bts par m\u016bsu prec\u012bzo in\u017eenieriju, inovat\u012bvajiem risin\u0101jumiem un nelok\u0101mo uzticam\u012bbu, FMP ir k\u013cuvis par uzticamu partneri gan lauksaimniec\u012bbas, gan r\u016bpniec\u012bbas tirgos. M\u016bsu pla\u0161aj\u0101 kl\u0101st\u0101 ietilpst z\u0101les p\u013c\u0101v\u0113ju p\u0101rnesumk\u0101rbas, j\u016bgv\u0101rpstas un pla\u0161s b\u016btisku komponentu kl\u0101sts, kas visi ir izstr\u0101d\u0101ti ar r\u016bp\u012bgu uzman\u012bbu, lai apmierin\u0101tu da\u017e\u0101du pielietojumu unik\u0101l\u0101s pras\u012bbas.<\/p>\n<p>Uz\u0146\u0113mum\u0101 FMP m\u0113s saprotam, ka katrs klients saskaras ar at\u0161\u0137ir\u012bgiem izaicin\u0101jumiem, t\u0101p\u0113c m\u0113s esam ap\u0146\u0113mu\u0161ies sniegt piel\u0101gotus risin\u0101jumus. Neatkar\u012bgi no t\u0101, vai tas ir atsevi\u0161\u0137s komponents vai piln\u012bb\u0101 integr\u0113ta sist\u0113ma, m\u0113s cie\u0161i sadarbojamies ar saviem klientiem, lai nodro\u0161in\u0101tu, ka katrs risin\u0101jums ne tikai atbilst vi\u0146u \u012bpa\u0161aj\u0101m vajadz\u012bb\u0101m, bet ar\u012b uzlabo veiktsp\u0113ju un palielina kop\u0113jo v\u0113rt\u012bbu. M\u016bsu ap\u0146em\u0161an\u0101s sniegt savlaic\u012bgas, profesion\u0101las atbildes un ekspertu nor\u0101d\u012bjumus nodro\u0161ina, ka katrs piepras\u012bjums tiek apstr\u0101d\u0101ts prec\u012bzi, past\u0101v\u012bgi sasniedzot optim\u0101lus rezult\u0101tus.<\/p>\n<p>M\u0113s uzsveram caursp\u012bd\u012bgu komunik\u0101ciju un sadarb\u012bbu vis\u0101 produktu izstr\u0101des proces\u0101. M\u016bsu pieredz\u0113jus\u012b komanda cie\u0161i sadarbojas ar klientiem, lai piln\u012bb\u0101 izprastu vi\u0146u pras\u012bbas, sniedzot v\u0113rt\u012bgas atzi\u0146as un praktiskus ieteikumus, lai sasniegtu vislab\u0101kos iesp\u0113jamos rezult\u0101tus. Neatkar\u012bgi no t\u0101, vai m\u0113s projekt\u0113jam modernus produktus vai izpild\u0101m ikdienas pas\u016bt\u012bjumus, FMP ir ap\u0146\u0113mies vienm\u0113r savlaic\u012bgi pieg\u0101d\u0101t augstas kvalit\u0101tes, prec\u012bzi izstr\u0101d\u0101tus risin\u0101jumus. M\u016bsu m\u0113r\u0137is ir past\u0101v\u012bgi p\u0101rsniegt klientu cer\u012bbas, nodro\u0161inot izcilu servisu un izcilus rezult\u0101tus katr\u0101 projekt\u0101.<\/p>\n<p>FMP darb\u012bbas pamat\u0101 ir nelok\u0101ma ap\u0146em\u0161an\u0101s nodro\u0161in\u0101t kvalit\u0101ti. M\u0113s iev\u0113rojam augst\u0101kos ra\u017eo\u0161anas standartus un ievie\u0161am stingras kvalit\u0101tes kontroles procesus, lai nodro\u0161in\u0101tu, ka katrs produkts ne tikai atbilst, bet ar\u012b p\u0101rsniedz nozares standartus. \u0160\u012b koncentr\u0113\u0161an\u0101s uz izcil\u012bbu apvienojum\u0101 ar m\u016bsu pamatv\u0113rt\u012bb\u0101m \u2013 godpr\u0101t\u012bbu, komandas darbu un neatlaid\u012bbu \u2013 ir \u013c\u0101vusi mums veidot ilgsto\u0161as, uz uztic\u012bbu balst\u012btas attiec\u012bbas ar klientiem gandr\u012bz 30 valst\u012bs vis\u0101 pasaul\u0113.<\/p>\n<p>FMP ir ap\u0146\u0113mies veicin\u0101t glob\u0101las partner\u012bbas, pied\u0101v\u0101jot ekspertu padomus un piel\u0101gotus risin\u0101jumus, kas piel\u0101gojas m\u016bsu klientu main\u012bgaj\u0101m vajadz\u012bb\u0101m. M\u0113s cen\u0161amies veidot ilgsto\u0161as, abpus\u0113ji izdev\u012bgas attiec\u012bbas, kas veicina katra projekta pan\u0101kumus. Neatkar\u012bgi no t\u0101, vai mekl\u0113jat inovat\u012bvus risin\u0101jumus jaunai iniciat\u012bvai vai past\u0101v\u012bgu atbalstu eso\u0161ai sist\u0113mai, FMP ir \u0161eit, lai pal\u012bdz\u0113tu jums p\u0101rvar\u0113t tehniskas probl\u0113mas un nodro\u0161in\u0101tu j\u016bsu turpm\u0101kus pan\u0101kumus.<\/p>\n<p><img loading=\"lazy\" decoding=\"async\" class=\"alignnone wp-image-2695\" src=\"https:\/\/fmp-components.com\/wp-content\/uploads\/2025\/01\/agricultural-gearbox3.webp\" alt=\"lauksaimniec\u012bbas p\u0101rnesumk\u0101rba\" width=\"1140\" height=\"1138\" title=\"\" srcset=\"https:\/\/fmp-components.com\/wp-content\/uploads\/2025\/01\/agricultural-gearbox3.webp 1140w, https:\/\/fmp-components.com\/wp-content\/uploads\/2025\/01\/agricultural-gearbox3-480x479.webp 480w\" sizes=\"(min-width: 0px) and (max-width: 480px) 480px, (min-width: 481px) 1140px, 100vw\" \/><\/p>\n<p>Autors: CX<\/p>","protected":false},"excerpt":{"rendered":"<p>Specification of Agitators Gearbox Ratio 1:1, 1:1.25 Input Speeds (rpm) 3200, 3500, 1750 Input Shaft Z Features of Sewage Mixer Gearbox Heavy-Duty Construction Designed with robust materials, the sewage mixer gearbox is built to withstand harsh and demanding environments, including exposure to chemicals, abrasives, and corrosive substances commonly found in sewage and wastewater treatment processes. [&hellip;]<\/p>","protected":false},"featured_media":3314,"comment_status":"open","ping_status":"closed","template":"","meta":{"_et_pb_use_builder":"","_et_pb_old_content":"","_et_gb_content_width":""},"product_brand":[],"product_cat":[82],"product_tag":[],"class_list":{"0":"post-3312","1":"product","2":"type-product","3":"status-publish","4":"has-post-thumbnail","6":"product_cat-agitators-gearbox-for-sewage","8":"first","9":"instock","10":"shipping-taxable","11":"product-type-simple"},"_links":{"self":[{"href":"https:\/\/fmp-components.com\/lv\/wp-json\/wp\/v2\/product\/3312","targetHints":{"allow":["GET"]}}],"collection":[{"href":"https:\/\/fmp-components.com\/lv\/wp-json\/wp\/v2\/product"}],"about":[{"href":"https:\/\/fmp-components.com\/lv\/wp-json\/wp\/v2\/types\/product"}],"replies":[{"embeddable":true,"href":"https:\/\/fmp-components.com\/lv\/wp-json\/wp\/v2\/comments?post=3312"}],"wp:featuredmedia":[{"embeddable":true,"href":"https:\/\/fmp-components.com\/lv\/wp-json\/wp\/v2\/media\/3314"}],"wp:attachment":[{"href":"https:\/\/fmp-components.com\/lv\/wp-json\/wp\/v2\/media?parent=3312"}],"wp:term":[{"taxonomy":"product_brand","embeddable":true,"href":"https:\/\/fmp-components.com\/lv\/wp-json\/wp\/v2\/product_brand?post=3312"},{"taxonomy":"product_cat","embeddable":true,"href":"https:\/\/fmp-components.com\/lv\/wp-json\/wp\/v2\/product_cat?post=3312"},{"taxonomy":"product_tag","embeddable":true,"href":"https:\/\/fmp-components.com\/lv\/wp-json\/wp\/v2\/product_tag?post=3312"}],"curies":[{"name":"wp","href":"https:\/\/api.w.org\/{rel}","templated":true}]}}