{"id":3308,"date":"2025-01-06T05:16:18","date_gmt":"2025-01-06T05:16:18","guid":{"rendered":"https:\/\/fmp-components.com\/?page_id=8"},"modified":"2025-01-06T05:16:18","modified_gmt":"2025-01-06T05:16:18","slug":"fmp11-series-agricultural-micro-tiller-gearbox","status":"publish","type":"product","link":"https:\/\/fmp-components.com\/lv\/product\/fmp11-series-agricultural-micro-tiller-gearbox\/","title":{"rendered":"FMP11 s\u0113rijas lauksaimniec\u012bbas mikrokultivatora p\u0101rnesumk\u0101rba"},"content":{"rendered":"<h2>Micro Tiller p\u0101rnesumk\u0101rbas specifik\u0101cija<\/h2>\n<p><img loading=\"lazy\" decoding=\"async\" class=\"alignnone  wp-image-3310\" src=\"https:\/\/fmp-components.com\/wp-content\/uploads\/2025\/01\/agricutural-gearbox-FMP11.png\" alt=\"lauksaimniec\u012bbas-p\u0101rnesumk\u0101rba-FMP11\" width=\"892\" height=\"936\" title=\"\" srcset=\"https:\/\/fmp-components.com\/wp-content\/uploads\/2025\/01\/agricutural-gearbox-FMP11.png 892w, https:\/\/fmp-components.com\/wp-content\/uploads\/2025\/01\/agricutural-gearbox-FMP11-480x504.png 480w\" sizes=\"(min-width: 0px) and (max-width: 480px) 480px, (min-width: 481px) 892px, 100vw\" \/><\/p>\n<table style=\"width: 100%;\" border=\"1\" width=\"100%\" cellspacing=\"0\" cellpadding=\"0\">\n<tbody>\n<tr>\n<th>Attiec\u012bba<\/th>\n<td>3.38:1<\/td>\n<\/tr>\n<tr>\n<th>Ievades \u0101trums<\/th>\n<td>540 apgr.\/min<\/td>\n<\/tr>\n<tr>\n<th>Ievades v\u0101rpsta<\/th>\n<td>X\/Y<\/td>\n<\/tr>\n<tr>\n<th>Ievades jauda<\/th>\n<td>16,9 kW, 23 ZS<\/td>\n<\/tr>\n<tr>\n<th>Izejas griezes moments<\/th>\n<td>985 Nm<\/td>\n<\/tr>\n<\/tbody>\n<\/table>\n<h2>Micro Tiller \u0101trumk\u0101rbas priek\u0161roc\u012bbas<\/h2>\n<p>Micro Tiller \u0101trumk\u0101rba pied\u0101v\u0101 vair\u0101kas priek\u0161roc\u012bbas, padarot to par b\u016btisku sast\u0101vda\u013cu maza m\u0113roga lauksaimniec\u012bbas un d\u0101rzkop\u012bbas tehnik\u0101. \u0160\u012bs priek\u0161roc\u012bbas nodro\u0161ina vienm\u0113r\u012bg\u0101ku darb\u012bbu, paaugstin\u0101tu efektivit\u0101ti un uzlabotu iztur\u012bbu, padarot to ide\u0101li piem\u0113rotu t\u0101diem uzdevumiem k\u0101 augsnes apstr\u0101de, augsnes sagatavo\u0161ana un citas l\u012bdz\u012bgas lauksaimniec\u012bbas darb\u012bbas. \u0160eit ir galven\u0101s priek\u0161roc\u012bbas:<\/p>\n<p>1. <strong>Kompakts un viegls dizains<\/strong><\/p>\n<ul>\n<li>Mikro kultivatora p\u0101rnesumk\u0101rba ir konstru\u0113ta kompakti un viegli, kas uzlabo augsnes apstr\u0101des tehnikas manevr\u0113tsp\u0113ju un p\u0101rnesam\u012bbu. T\u0101 ir ide\u0101li piem\u0113rota lieto\u0161anai maz\u0101k\u0101s, sl\u0113gt\u0101s telp\u0101s, piem\u0113ram, d\u0101rzos, aug\u013cu d\u0101rzos vai mazos zemes gabalos, kur lielas tehnikas b\u016btu apgr\u016btino\u0161as.<\/li>\n<\/ul>\n<p>2. <strong>Uzlabots griezes moments un jaudas p\u0101rvade<\/strong><\/p>\n<ul>\n<li>Mikro kultivatora p\u0101rnesumk\u0101rbas ir konstru\u0113tas, lai efekt\u012bvi p\u0101rnestu jaudu no dzin\u0113ja uz augsnes apstr\u0101des instrumentiem, nodro\u0161inot nepiecie\u0161amo griezes momentu augsnes rak\u0161anai. Tas nodro\u0161ina lab\u0101ku augsnes apstr\u0101des dzi\u013cumu un augsnes aer\u0101ciju, \u013caujot efekt\u012bv\u0101k sagatavot augsni st\u0101d\u012b\u0161anai.<\/li>\n<\/ul>\n<p>3. <strong>Iztur\u012bba un ilgm\u016b\u017e\u012bba<\/strong><\/p>\n<ul>\n<li>Mikro kultivatora p\u0101rnesumk\u0101rbas, kas izgatavotas no augstas kvalit\u0101tes materi\u0101liem, piem\u0113ram, r\u016bd\u012bta t\u0113rauda, \u200b\u200bir paredz\u0113tas nep\u0101rtrauktas lieto\u0161anas slodzei. To iztur\u012bg\u0101 konstrukcija pal\u012bdz nov\u0113rst priek\u0161laic\u012bgu nodilumu, samazinot apkopes bie\u017eumu un pagarinot p\u0101rnesumk\u0101rbas un kultivatora kop\u0113jo kalpo\u0161anas laiku.<\/li>\n<\/ul>\n<p>4. <strong>Energoefektivit\u0101te<\/strong><\/p>\n<ul>\n<li>\u0160\u012bs p\u0101rnesumk\u0101rbas ir izstr\u0101d\u0101tas, lai optimiz\u0113tu jaudas izmanto\u0161anu, nodro\u0161inot dzin\u0113ja efekt\u012bvu darb\u012bbu un maz\u0101ku degvielas pat\u0113ri\u0146u. Tas samazina ekspluat\u0101cijas izmaksas, padarot to par videi draudz\u012bg\u0101ku izv\u0113li maz\u0101k\u0101m lauksaimniec\u012bbas vai d\u0101rzkop\u012bbas darb\u012bb\u0101m.<\/li>\n<\/ul>\n<p>5. <strong>Lieto\u0161anas \u0113rtums<\/strong><\/p>\n<ul>\n<li>P\u0101rnesumk\u0101rba ir izstr\u0101d\u0101ta vienk\u0101r\u0161ai integr\u0101cijai ar maziem kultivatoriem, \u013caujot lietot\u0101jiem vad\u012bt tehniku \u200b\u200bar minim\u0101lu piep\u016bli. Kompaktais dizains ar\u012b samazina ma\u0161\u012bnas kop\u0113jo svaru, uzlabojot vad\u0101m\u012bbu un samazinot operatora nogurumu.<\/li>\n<\/ul>\n<p>Micro Tiller Gearbox ir nenov\u0113rt\u0113jama sast\u0101vda\u013ca maza m\u0113roga augsnes apstr\u0101des iek\u0101rt\u0101m, pied\u0101v\u0101jot iztur\u012bbas, efektivit\u0101tes un izmaksu zi\u0146\u0101 lietder\u012bbas kombin\u0101ciju, kas atbilst gan hobiju, gan profesion\u0101lu d\u0101rznieku vajadz\u012bb\u0101m.<\/p>\n<p><img loading=\"lazy\" decoding=\"async\" class=\"alignnone size-full wp-image-3311\" src=\"https:\/\/fmp-components.com\/wp-content\/uploads\/2025\/01\/tractor-pto-shaft-1.jpg\" alt=\"traktora j\u016bgv\u0101rpsta\" width=\"960\" height=\"360\" title=\"\" srcset=\"https:\/\/fmp-components.com\/wp-content\/uploads\/2025\/01\/tractor-pto-shaft-1.jpg 960w, https:\/\/fmp-components.com\/wp-content\/uploads\/2025\/01\/tractor-pto-shaft-1-480x180.jpg 480w\" sizes=\"(min-width: 0px) and (max-width: 480px) 480px, (min-width: 481px) 960px, 100vw\" \/><\/p>\n<h2>Par FMP<\/h2>\n<p>FMP galven\u0101 m\u012btne atrodas It\u0101lij\u0101, un tas ir vado\u0161ais ra\u017eot\u0101js, kas atz\u012bts par savu pieredzi augstas veiktsp\u0113jas p\u0101rnesumk\u0101rbu projekt\u0113\u0161an\u0101, izstr\u0101d\u0113 un ra\u017eo\u0161an\u0101, \u012bpa\u0161i koncentr\u0113joties uz lauksaimniec\u012bbas tehnikas sektoru. FMP, kas ir paz\u012bstams ar savu prec\u012bzo in\u017eenieriju, inovat\u012bvajiem risin\u0101jumiem un nelok\u0101mo uzticam\u012bbu, ir izveidojis sp\u0113c\u012bgu reput\u0101ciju k\u0101 uzticams partneris gan lauksaimniec\u012bbas, gan r\u016bpniec\u012bbas tirgos. M\u016bsu pla\u0161aj\u0101 kl\u0101st\u0101 ietilpst z\u0101les p\u013c\u0101v\u0113ju p\u0101rnesumk\u0101rbas, j\u016bgv\u0101rpstas un pla\u0161s citu svar\u012bgu komponentu kl\u0101sts, kas visi ir r\u016bp\u012bgi izstr\u0101d\u0101ti, lai atbilstu da\u017e\u0101du pielietojumu \u012bpa\u0161aj\u0101m pras\u012bb\u0101m.<\/p>\n<p>Uz\u0146\u0113mum\u0101 FMP m\u0113s saprotam, ka katrs klients saskaras ar unik\u0101liem izaicin\u0101jumiem. \u0160\u012b izpratne ir pamat\u0101 m\u016bsu ap\u0146em\u0161an\u0101s sniegt piel\u0101gotus risin\u0101jumus gan atsevi\u0161\u0137iem komponentiem, gan piln\u012bb\u0101 integr\u0113t\u0101m sist\u0113m\u0101m. Cie\u0161i sadarbojoties ar klientiem, m\u0113s nodro\u0161in\u0101m, ka katrs risin\u0101jums ne tikai prec\u012bzi atbilst vi\u0146u vajadz\u012bb\u0101m, bet ar\u012b optimiz\u0113 veiktsp\u0113ju un palielina v\u0113rt\u012bbu. M\u016bsu ap\u0146em\u0161an\u0101s sniegt savlaic\u012bgas, profesion\u0101las atbildes un ekspertu nor\u0101d\u012bjumus garant\u0113, ka katrs piepras\u012bjums tiek apstr\u0101d\u0101ts prec\u012bzi, vienm\u0113r nodro\u0161inot optim\u0101lus rezult\u0101tus.<\/p>\n<p>M\u0113s pie\u0161\u0137iram priorit\u0101ti p\u0101rredzamai un nep\u0101rtrauktai komunik\u0101cijai vis\u0101 produktu izstr\u0101des proces\u0101. M\u016bsu \u012bpa\u0161i izveidot\u0101 komanda cie\u0161i sadarbojas ar klientiem, lai piln\u012bb\u0101 izprastu vi\u0146u pras\u012bbas, sniedzot v\u0113rt\u012bgas atzi\u0146as un ekspertu ieteikumus, lai nodro\u0161in\u0101tu vislab\u0101kos rezult\u0101tus. Neatkar\u012bgi no t\u0101, vai m\u0113s izstr\u0101d\u0101jam modernus produktus vai izpild\u0101m ikdienas pas\u016bt\u012bjumus, FMP ir ap\u0146\u0113mies vienm\u0113r savlaic\u012bgi pieg\u0101d\u0101t augstas kvalit\u0101tes, prec\u012bzi izstr\u0101d\u0101tus risin\u0101jumus. M\u016bsu m\u0113r\u0137is ir past\u0101v\u012bgi p\u0101rsniegt klientu cer\u012bbas, nodro\u0161inot izcilu servisu un izcilus rezult\u0101tus katr\u0101 projekt\u0101.<\/p>\n<p>FMP darb\u012bbas pamat\u0101 ir nelok\u0101ma ap\u0146em\u0161an\u0101s nodro\u0161in\u0101t kvalit\u0101ti. M\u0113s iev\u0113rojam augst\u0101kos ra\u017eo\u0161anas standartus un ievie\u0161am stingrus kvalit\u0101tes kontroles pas\u0101kumus, lai nodro\u0161in\u0101tu, ka katrs produkts ne tikai atbilst, bet ar\u012b p\u0101rsniedz nozares standartus. \u0160\u012b ap\u0146em\u0161an\u0101s nodro\u0161in\u0101t izcil\u012bbu apvienojum\u0101 ar m\u016bsu pamatv\u0113rt\u012bb\u0101m \u2013 integrit\u0101ti, komandas darbu un neatlaid\u012bbu \u2013 ir \u013c\u0101vusi mums veidot ilgsto\u0161as, uz uztic\u012bbu balst\u012btas attiec\u012bbas ar klientiem gandr\u012bz 30 valst\u012bs vis\u0101 pasaul\u0113.<\/p>\n<p>FMP ir ap\u0146\u0113mies veicin\u0101t glob\u0101las partner\u012bbas, pied\u0101v\u0101jot ekspertu padomus un piel\u0101gotus risin\u0101jumus, kas atbilst m\u016bsu klientu main\u012bgaj\u0101m vajadz\u012bb\u0101m. M\u016bsu m\u0113r\u0137is ir veidot ilgsto\u0161as, abpus\u0113ji izdev\u012bgas attiec\u012bbas, kas veicina katra projekta pan\u0101kumus. Neatkar\u012bgi no t\u0101, vai mekl\u0113jat inovat\u012bvus risin\u0101jumus jaunai iniciat\u012bvai vai nepiecie\u0161ams past\u0101v\u012bgs atbalsts eso\u0161ai sist\u0113mai, FMP ir gatavs pal\u012bdz\u0113t jums p\u0101rvar\u0113t tehniskas probl\u0113mas un nodro\u0161in\u0101t j\u016bsu turpm\u0101kus pan\u0101kumus.<\/p>\n<p><img loading=\"lazy\" decoding=\"async\" class=\"alignnone wp-image-2695\" src=\"https:\/\/fmp-components.com\/wp-content\/uploads\/2025\/01\/agricultural-gearbox3.webp\" alt=\"lauksaimniec\u012bbas p\u0101rnesumk\u0101rba\" width=\"1140\" height=\"1138\" title=\"\" srcset=\"https:\/\/fmp-components.com\/wp-content\/uploads\/2025\/01\/agricultural-gearbox3.webp 1140w, https:\/\/fmp-components.com\/wp-content\/uploads\/2025\/01\/agricultural-gearbox3-480x479.webp 480w\" sizes=\"(min-width: 0px) and (max-width: 480px) 480px, (min-width: 481px) 1140px, 100vw\" \/><\/p>\n<p>Autors: CX<\/p>","protected":false},"excerpt":{"rendered":"<p>Micro Tiller Gearbox Specification Ratio 3.38:1 Input Speed 540 rpm Input Shaft X\/Y Input Power 16.9 kW, 23 hp Output Torque 985 Nm Benefits of Micro Tiller Gearbox The Micro Tiller Gearbox offers several benefits, making it an essential component in small-scale farming and gardening machinery. These advantages ensure smoother operation, increased efficiency, and enhanced [&hellip;]<\/p>","protected":false},"featured_media":3309,"comment_status":"open","ping_status":"closed","template":"","meta":{"_et_pb_use_builder":"","_et_pb_old_content":"","_et_gb_content_width":""},"product_brand":[],"product_cat":[81],"product_tag":[],"class_list":{"0":"post-3308","1":"product","2":"type-product","3":"status-publish","4":"has-post-thumbnail","6":"product_cat-micro-tiller-gearbox","8":"first","9":"instock","10":"shipping-taxable","11":"product-type-simple"},"_links":{"self":[{"href":"https:\/\/fmp-components.com\/lv\/wp-json\/wp\/v2\/product\/3308","targetHints":{"allow":["GET"]}}],"collection":[{"href":"https:\/\/fmp-components.com\/lv\/wp-json\/wp\/v2\/product"}],"about":[{"href":"https:\/\/fmp-components.com\/lv\/wp-json\/wp\/v2\/types\/product"}],"replies":[{"embeddable":true,"href":"https:\/\/fmp-components.com\/lv\/wp-json\/wp\/v2\/comments?post=3308"}],"wp:featuredmedia":[{"embeddable":true,"href":"https:\/\/fmp-components.com\/lv\/wp-json\/wp\/v2\/media\/3309"}],"wp:attachment":[{"href":"https:\/\/fmp-components.com\/lv\/wp-json\/wp\/v2\/media?parent=3308"}],"wp:term":[{"taxonomy":"product_brand","embeddable":true,"href":"https:\/\/fmp-components.com\/lv\/wp-json\/wp\/v2\/product_brand?post=3308"},{"taxonomy":"product_cat","embeddable":true,"href":"https:\/\/fmp-components.com\/lv\/wp-json\/wp\/v2\/product_cat?post=3308"},{"taxonomy":"product_tag","embeddable":true,"href":"https:\/\/fmp-components.com\/lv\/wp-json\/wp\/v2\/product_tag?post=3308"}],"curies":[{"name":"wp","href":"https:\/\/api.w.org\/{rel}","templated":true}]}}