{"id":3301,"date":"2025-01-06T03:26:44","date_gmt":"2025-01-06T03:26:44","guid":{"rendered":"https:\/\/fmp-components.com\/?page_id=8"},"modified":"2025-01-06T05:18:30","modified_gmt":"2025-01-06T05:18:30","slug":"salt-spreader-gearbox-with-sprocket-for-road-snow-removal","status":"publish","type":"product","link":"https:\/\/fmp-components.com\/lv\/product\/salt-spreader-gearbox-with-sprocket-for-road-snow-removal\/","title":{"rendered":"S\u0101ls izklied\u0113t\u0101ja \u0101trumk\u0101rba ar zobratu ce\u013ca sniega t\u012br\u012b\u0161anai"},"content":{"rendered":"<table style=\"border-collapse: collapse; width: 99.5312%; height: 39px;\" border=\"0\" width=\"128\" cellspacing=\"0\" cellpadding=\"0\">\n<tbody>\n<tr style=\"height: 13.8pt;\">\n<td style=\"height: 13.8pt; width: 48pt;\" align=\"right\" width=\"64\" height=\"18\"><img loading=\"lazy\" decoding=\"async\" class=\"alignnone size-full wp-image-3306\" src=\"https:\/\/fmp-components.com\/wp-content\/uploads\/2025\/01\/Salt-Spreader-Gearbox-1-1.webp\" alt=\"S\u0101ls kais\u012bt\u0101ja p\u0101rnesumk\u0101rba\" width=\"600\" height=\"600\" title=\"\" srcset=\"https:\/\/fmp-components.com\/wp-content\/uploads\/2025\/01\/Salt-Spreader-Gearbox-1-1.webp 600w, https:\/\/fmp-components.com\/wp-content\/uploads\/2025\/01\/Salt-Spreader-Gearbox-1-1-480x480.webp 480w\" sizes=\"(min-width: 0px) and (max-width: 480px) 480px, (min-width: 481px) 600px, 100vw\" \/><\/td>\n<td style=\"width: 48pt;\" align=\"right\" width=\"64\"><img loading=\"lazy\" decoding=\"async\" class=\"alignnone size-full wp-image-3305\" src=\"https:\/\/fmp-components.com\/wp-content\/uploads\/2025\/01\/Salt-Spreader-Gearbox-2.webp\" alt=\"S\u0101ls kais\u012bt\u0101ja p\u0101rnesumk\u0101rba\" width=\"600\" height=\"600\" title=\"\" srcset=\"https:\/\/fmp-components.com\/wp-content\/uploads\/2025\/01\/Salt-Spreader-Gearbox-2.webp 600w, https:\/\/fmp-components.com\/wp-content\/uploads\/2025\/01\/Salt-Spreader-Gearbox-2-480x480.webp 480w\" sizes=\"(min-width: 0px) and (max-width: 480px) 480px, (min-width: 481px) 600px, 100vw\" \/><\/td>\n<\/tr>\n<\/tbody>\n<\/table>\n<h2>S\u0101ls izklied\u0113t\u0101ja \u0101trumk\u0101rbas ar zobratu specifik\u0101cija<\/h2>\n<table border=\"1\" cellspacing=\"0\" cellpadding=\"0\">\n<tbody>\n<tr>\n<td>Produkta nosaukums<\/td>\n<td>S\u0101ls izklied\u0113t\u0101ja \u0101trumk\u0101rba ar zobratu ce\u013ca sniega t\u012br\u012b\u0161anai<\/td>\n<\/tr>\n<tr>\n<td>Der:<\/td>\n<td>SaltDogg izklied\u0113t\u0101ji SCH072SS, SCH072SSX, SCH096C, SCH096CX, SCH096SS, SCH096SSX, SCH120SS un SCH120SSX<\/td>\n<\/tr>\n<tr>\n<td>Diametrs<\/td>\n<td>6.000<\/td>\n<\/tr>\n<tr>\n<td>V\u0101rpstas diametrs<\/td>\n<td>1.000<\/td>\n<\/tr>\n<tr>\n<td>Mont\u0101\u017eas sh\u0113ma<\/td>\n<td>4 skr\u016bves @ 5,42 collas<\/td>\n<\/tr>\n<tr>\n<td>Rot\u0101cija<\/td>\n<td>Pulkste\u0146r\u0101d\u012bt\u0101ja virzien\u0101<\/td>\n<\/tr>\n<tr>\n<td>\u0100trums<\/td>\n<td>900 apgr.\/min<\/td>\n<\/tr>\n<tr>\n<td>Garantija<\/td>\n<td>1 gads<\/td>\n<\/tr>\n<\/tbody>\n<\/table>\n<h2>S\u0101ls izklied\u0113t\u0101ja \u0101trumk\u0101rbas darb\u012bbas princips ce\u013cu sniega t\u012br\u012b\u0161anai<\/h2>\n<p>S\u0101ls kais\u012bt\u0101ja p\u0101rnesumk\u0101rbas darb\u012bbas princips sniega t\u012br\u012b\u0161anai uz ce\u013ciem ietver meh\u0101nisk\u0101s jaudas p\u0101rveido\u0161anu un p\u0101rraidi no transportl\u012bdzek\u013ca dzin\u0113ja uz kais\u012bt\u0101ja meh\u0101nismu. P\u0101rnesumk\u0101rba nodro\u0161ina, ka s\u0101ls sniega t\u012br\u012b\u0161anas laik\u0101 tiek vienm\u0113r\u012bgi izklied\u0113ts pa ce\u013ca segumu. Zem\u0101k ir sniegts \u0161\u012bs sist\u0113mas darb\u012bbas skaidrojums:<\/p>\n<p>1. <strong>Jaudas p\u0101rne\u0161ana no dzin\u0113ja uz p\u0101rnesumk\u0101rbu<\/strong><\/p>\n<ul>\n<li>S\u0101ls kais\u012bt\u0101ja p\u0101rnesumk\u0101rba parasti ir savienota ar transportl\u012bdzek\u013ca j\u016bgv\u0101rpstu (PTO) vai tie\u0161i ar transportl\u012bdzek\u013ca dzin\u0113ja jaudu. Kad dzin\u0113js darbojas, tas \u0123ener\u0113 jaudu, kas tiek p\u0101rnesta uz p\u0101rnesumk\u0101rbu caur v\u0101rpstu vai j\u016bgv\u0101rpstas savienojumu.<\/li>\n<li>J\u016bgv\u0101rpsta caur piedzi\u0146as v\u0101rpstu p\u0101rnes rot\u0101cijas jaudu no transportl\u012bdzek\u013ca dzin\u0113ja uz p\u0101rnesumk\u0101rbu.<\/li>\n<\/ul>\n<p>2. <strong>\u0100truma samazin\u0101\u0161ana un griezes momenta regul\u0113\u0161ana<\/strong><\/p>\n<ul>\n<li>P\u0101rnesumk\u0101rbas iek\u0161pus\u0113 zobratu sist\u0113ma (bie\u017ei vien spir\u0101lveida konusveida, spir\u0101lveida vai cilindriski zobrati) darbojas, lai samazin\u0101tu \u0101trumu un palielin\u0101tu griezes momentu, kas nepiecie\u0161ams s\u0101ls izklied\u0113t\u0101ja efekt\u012bvai darb\u012bbai.<\/li>\n<li>\u0100truma samazin\u0101\u0161ana ir \u013coti svar\u012bga, jo dzin\u0113js darbojas ar daudz liel\u0101ku \u0101trumu sal\u012bdzin\u0101jum\u0101 ar izklied\u0113t\u0101ja nepiecie\u0161amo rot\u0101cijas \u0101trumu. Piel\u0101gojot p\u0101rnesumu skait\u013cus, p\u0101rnesumk\u0101rba kontrol\u0113 izklied\u0113t\u0101ja komponentu grie\u0161an\u0101s \u0101trumu.<\/li>\n<\/ul>\n<p>3. <strong>Izklied\u0113t\u0101ja meh\u0101nisma aktiviz\u0113\u0161ana<\/strong><\/p>\n<ul>\n<li>P\u0101rnesumk\u0101rba s\u0101ls izklied\u0113t\u0101j\u0101 darbina vair\u0101kus meh\u0101nismus, jo \u012bpa\u0161i v\u0113rp\u0161anas meh\u0101nismu un glieme\u017etransportieri (vai konveijera lenti).\n<ul>\n<li><strong>Augers<\/strong>Glieme\u017etransportieris tiek izmantots s\u0101ls transport\u0113\u0161anai no tvertnes uz griez\u0113jinstrumentu. P\u0101rnesumk\u0101rba nodro\u0161ina, ka glieme\u017etransportieris grie\u017eas ar pareizu \u0101trumu, lai nodro\u0161in\u0101tu vienm\u0113r\u012bgu s\u0101ls pl\u016bsmu.<\/li>\n<li><strong>V\u0113rp\u0113js<\/strong>S\u0101ls izklied\u0113t\u0101js ir rot\u0113jo\u0161s disks, kas izkaisa s\u0101li uz ce\u013ca. Tas vienm\u0113r\u012bgi izklied\u0113 s\u0101li pa virsmu. P\u0101rnesumk\u0101rba kontrol\u0113 s\u0101\u013ca grie\u0161an\u0101s \u0101trumu un virzienu, lai nodro\u0161in\u0101tu vienm\u0113r\u012bgu sadal\u012bjumu.<\/li>\n<\/ul>\n<\/li>\n<\/ul>\n<p><strong>4. Izklied\u0113\u0161anas \u0101truma regul\u0113\u0161ana<\/strong><\/p>\n<ul>\n<li>P\u0101rnesumk\u0101rba \u013cauj regul\u0113t izklied\u0113\u0161anas \u0101trumu, mainot glieme\u017etransportiera un griez\u0113jrotora grie\u0161an\u0101s \u0101trumu. Izklied\u0113\u0161anas \u0101trumu var regul\u0113t atkar\u012bb\u0101 no ce\u013ca apst\u0101k\u013ciem, sniega uzkr\u0101\u0161an\u0101s un transportl\u012bdzek\u013ca \u0101truma.<\/li>\n<li>Da\u017e\u0101s uzlabot\u0101s p\u0101rnesumk\u0101rb\u0101s var b\u016bt iek\u013cauti main\u012bga \u0101truma kontroles meh\u0101nismi, kas \u013cauj operatoram prec\u012bzi noregul\u0113t izklied\u0113t\u0101ja jaudu optim\u0101lai veiktsp\u0113jai, pamatojoties uz re\u0101llaika apst\u0101k\u013ciem.<\/li>\n<\/ul>\n<p>5. <strong>Jaudas p\u0101rvade uz izklied\u0113t\u0101ja komponentiem<\/strong><\/p>\n<ul>\n<li>P\u0101rnesumk\u0101rba p\u0101rnes jaudu uz rot\u0113jo\u0161\u0101s v\u0101rpstas, kas grie\u017e rot\u0113jo\u0161o disku un izklied\u0113 s\u0101li. \u0160\u012b rot\u0101cija ir \u013coti svar\u012bga, lai vienm\u0113r\u012bgi un efekt\u012bvi izklied\u0113tu s\u0101li pa ce\u013ca virsmu.<\/li>\n<li>Turkl\u0101t glieme\u017etransportieri vai konveijera lentes sist\u0113mu, kas p\u0101rvieto s\u0101li no tvertnes uz griez\u0113jinstrumentu, darbina p\u0101rnesumk\u0101rba. P\u0101rnesumk\u0101rba nodro\u0161ina, ka glieme\u017etransportieris p\u0101rvietojas ar vienm\u0113r\u012bgu \u0101trumu, lai nodro\u0161in\u0101tu vienm\u0113r\u012bgu s\u0101ls pl\u016bsmu uz griez\u0113jinstrumentu.<\/li>\n<\/ul>\n<p>Veicot \u0161\u012bs funkcijas, s\u0101ls kais\u012bt\u0101ja p\u0101rnesumk\u0101rba nodro\u0161ina efekt\u012bvu ce\u013ca seguma apstr\u0101di, uzlabojot ce\u013cu satiksmes dro\u0161\u012bbu un nodro\u0161inot efekt\u012bvu sniega un ledus t\u012br\u012b\u0161anu ziemas ce\u013cu uztur\u0113\u0161anas laik\u0101.<\/p>\n<p><img loading=\"lazy\" decoding=\"async\" class=\"alignnone size-full wp-image-3302\" src=\"https:\/\/fmp-components.com\/wp-content\/uploads\/2025\/01\/Salt-Spreader-Gearbox-for-Road-Snow-Removal1.jpg\" alt=\"S\u0101ls kais\u012bt\u0101ja \u0101trumk\u0101rba ce\u013ca sniega t\u012br\u012b\u0161anai\" width=\"1000\" height=\"557\" title=\"\" srcset=\"https:\/\/fmp-components.com\/wp-content\/uploads\/2025\/01\/Salt-Spreader-Gearbox-for-Road-Snow-Removal1.jpg 1000w, https:\/\/fmp-components.com\/wp-content\/uploads\/2025\/01\/Salt-Spreader-Gearbox-for-Road-Snow-Removal1-980x546.jpg 980w, https:\/\/fmp-components.com\/wp-content\/uploads\/2025\/01\/Salt-Spreader-Gearbox-for-Road-Snow-Removal1-480x267.jpg 480w\" sizes=\"(min-width: 0px) and (max-width: 480px) 480px, (min-width: 481px) and (max-width: 980px) 980px, (min-width: 981px) 1000px, 100vw\" \/><\/p>\n<h2>Lauksaimniec\u012bbas j\u016bgv\u0101rpsta s\u0101ls izklied\u0113t\u0101ja p\u0101rnesumk\u0101rbai<\/h2>\n<p>Lauksaimniec\u012bbas j\u016bgv\u0101rpstai s\u0101ls izklied\u0113t\u0101ja p\u0101rnesumk\u0101rbai ir iz\u0161\u0137iro\u0161a noz\u012bme meh\u0101nisk\u0101s jaudas p\u0101rnes\u0113 no traktora vai transportl\u012bdzek\u013ca dzin\u0113ja uz s\u0101ls izklied\u0113t\u0101ja p\u0101rnesumk\u0101rbu, kas ir atbild\u012bga par izklied\u0113\u0161anas meh\u0101nisma vad\u012b\u0161anu. J\u016bgv\u0101rpsta (jaudas no\u0146em\u0161anas v\u0101rpsta) ir galven\u0101 saikne jaudas p\u0101rvades sist\u0113m\u0101, kas nodro\u0161ina izklied\u0113t\u0101ja pareizu darb\u012bbu, darbinot glieme\u017etransportieri, griez\u0113jv\u0101rpstu un citas sast\u0101vda\u013cas, kas atbild par s\u0101ls sadali. Zem\u0101k ir sniegts skaidrojums par to, k\u0101 j\u016bgv\u0101rpsta ir integr\u0113ta s\u0101ls izklied\u0113t\u0101ja sist\u0113m\u0101 un t\u0101s funkcijas:<\/p>\n<ol>\n<li><strong>Jaudas p\u0101rraide:<\/strong>\n<ul>\n<li>J\u016bgv\u0101rpsta p\u0101rnes jaudu no traktora vai transportl\u012bdzek\u013ca dzin\u0113ja uz s\u0101ls izklied\u0113t\u0101ja p\u0101rnesumk\u0101rbu, \u013caujot p\u0101rnesumk\u0101rbai darbin\u0101t glieme\u017etransportiera, konveijera un v\u0113rp\u0161anas iek\u0101rtas komponentus.<\/li>\n<li>\u0160\u012b jaudas p\u0101rvade ir b\u016btiska izklied\u0113t\u0101ja efekt\u012bvai darb\u012bbai, nodro\u0161inot s\u0101ls vienm\u0113r\u012bgu izklied\u0113\u0161anu pa ce\u013ca virsmu.<\/li>\n<\/ul>\n<\/li>\n<li><strong>Iztur\u012bba un sp\u0113ks:<\/strong>\n<ul>\n<li>Kard\u0101nv\u0101rpstas ir paredz\u0113tas lielu griezes momentu slod\u017eu un skarbu darba apst\u0101k\u013cu apstr\u0101dei, padarot t\u0101s piem\u0113rotas lielai slodzei lauksaimniec\u012bbas tehnik\u0101, tostarp s\u0101ls kais\u012bt\u0101jos.<\/li>\n<li>Izgatavota no augstas stipr\u012bbas materi\u0101liem, piem\u0113ram, t\u0113rauda, \u200b\u200bv\u0101rpsta ir paredz\u0113ta, lai iztur\u0113tu ekstrem\u0101lus laikapst\u0101k\u013cus, vibr\u0101cijas un fizisku slodzi ce\u013cu att\u012br\u012b\u0161anas oper\u0101ciju laik\u0101 skarbos ziemas apst\u0101k\u013cos.<\/li>\n<\/ul>\n<\/li>\n<li><strong>\u0100tra savieno\u0161ana un atvieno\u0161ana:<\/strong>\n<ul>\n<li>Kard\u0101nv\u0101rpstas ir paredz\u0113tas vienk\u0101r\u0161ai pievieno\u0161anai un atvieno\u0161anai no transportl\u012bdzek\u013ca vai traktora j\u016bgv\u0101rpstas. Tas \u013cauj t\u0101s \u0101tri pievienot, kad nepiecie\u0161ams, un viegli no\u0146emt, kad t\u0101s netiek izmantotas, t\u0101d\u0113j\u0101di uzlabojot \u0113rt\u012bbas un darb\u012bbas efektivit\u0101ti.<\/li>\n<li>Savienojum\u0101 bie\u017ei tiek izmantota rievota v\u0101rpsta vai \u0101tr\u0101s savieno\u0161anas savienojums, kas operatoriem atvieglo v\u0101rpstas dro\u0161u piestiprin\u0101\u0161anu pie s\u0101ls izklied\u0113t\u0101ja p\u0101rnesumk\u0101rbas.<\/li>\n<\/ul>\n<\/li>\n<li><strong>Kard\u0101na savienojums (U veida savienojums):<\/strong>\n<ul>\n<li>Kard\u0101nv\u0101rpstai parasti ir kard\u0101na savienojumi (U veida savienojumi), kas nodro\u0161ina jaudas p\u0101rnesi pat tad, ja v\u0101rpsta atrodas le\u0146\u0137\u012b. \u0160\u012b elast\u012bba \u013cauj kard\u0101nv\u0101rpstai savienoties ar s\u0101ls izklied\u0113t\u0101ja p\u0101rnesumk\u0101rbu, ko var novietot da\u017e\u0101dos le\u0146\u0137os atkar\u012bb\u0101 no izklied\u0113t\u0101ja konstrukcijas.<\/li>\n<li>Kard\u0101na savienojumi nodro\u0161ina vienm\u0113r\u012bgu jaudas p\u0101rvadi bez efektivit\u0101tes zuduma pat main\u012bgos ekspluat\u0101cijas apst\u0101k\u013cos, piem\u0113ram, nel\u012bdzen\u0101 reljef\u0101 vai uz nel\u012bdzenas ce\u013ca virsmas.<\/li>\n<\/ul>\n<\/li>\n<li><strong>Aizsardz\u012bba pret p\u0101rslodzi:<\/strong>\n<ul>\n<li>Daudzas s\u0101ls izklied\u0113t\u0101ju p\u0101rnesumk\u0101rbu kard\u0101nv\u0101rpstas ir apr\u012bkotas ar b\u012bdes tap\u0101m, saj\u016bgiem vai griezes momenta ierobe\u017eot\u0101jiem, kas aizsarg\u0101 tehniku \u200b\u200bno p\u0101rslodzes situ\u0101cij\u0101m. \u0160\u012bs aizsargier\u012bces nov\u0113r\u0161 v\u0101rpstas, p\u0101rnesumk\u0101rbas vai citu savienoto da\u013cu boj\u0101jumus, ja izklied\u0113t\u0101js sastopas ar \u0161\u0137\u0113rsli vai pretest\u012bbu.<\/li>\n<li>\u0160ie dro\u0161\u012bbas meh\u0101nismi ir vit\u0101li svar\u012bgi, lai nodro\u0161in\u0101tu kard\u0101nv\u0101rpstas un p\u0101rnesumk\u0101rbas ilgm\u016b\u017e\u012bbu ilgsto\u0161as \u200b\u200blieto\u0161anas laik\u0101 sare\u017e\u0123\u012btos laika apst\u0101k\u013cos.<\/li>\n<\/ul>\n<\/li>\n<\/ol>\n<p>Lauksaimniec\u012bbas j\u016bgv\u0101rpsta s\u0101ls kais\u012bt\u0101ja p\u0101rnesumk\u0101rbai ir b\u016btiska sast\u0101vda\u013ca meh\u0101nisk\u0101s jaudas p\u0101rne\u0161anai no traktora dzin\u0113ja uz p\u0101rnesumk\u0101rbu, nodro\u0161inot pareizu s\u0101ls kais\u012bt\u0101ja darb\u012bbu. J\u016bgv\u0101rpsta, kas paredz\u0113ta iztur\u012bbai, elast\u012bbai un dro\u0161\u012bbai, pal\u012bdz darbin\u0101t kais\u012bt\u0101ja kritisk\u0101s sast\u0101vda\u013cas, nodro\u0161inot efekt\u012bvu un uzticamu ce\u013cu apstr\u0101di sniega un ledus t\u012br\u012b\u0161anai ziemas darbos. Iztur\u012bbas, lieto\u0161anas vienk\u0101r\u0161\u012bbas un aizsardz\u012bbas pret p\u0101rslodzi apvienojums nodro\u0161ina, ka j\u016bgv\u0101rpsta var iztur\u0113t skarbus apst\u0101k\u013cus un nodro\u0161in\u0101t optim\u0101lu veiktsp\u0113ju ce\u013cu uztur\u0113\u0161anas darbos.<\/p>\n<p><img loading=\"lazy\" decoding=\"async\" class=\"alignnone size-full wp-image-3303\" src=\"https:\/\/fmp-components.com\/wp-content\/uploads\/2025\/01\/Agricultural-PTO-Shaft-for-Salt-Spreader-Gearbox.webp\" alt=\"Lauksaimniec\u012bbas j\u016bgv\u0101rpsta s\u0101ls izklied\u0113t\u0101ja p\u0101rnesumk\u0101rbai\" width=\"1024\" height=\"500\" title=\"\" srcset=\"https:\/\/fmp-components.com\/wp-content\/uploads\/2025\/01\/Agricultural-PTO-Shaft-for-Salt-Spreader-Gearbox.webp 1024w, https:\/\/fmp-components.com\/wp-content\/uploads\/2025\/01\/Agricultural-PTO-Shaft-for-Salt-Spreader-Gearbox-980x479.webp 980w, https:\/\/fmp-components.com\/wp-content\/uploads\/2025\/01\/Agricultural-PTO-Shaft-for-Salt-Spreader-Gearbox-480x234.webp 480w\" sizes=\"(min-width: 0px) and (max-width: 480px) 480px, (min-width: 481px) and (max-width: 980px) 980px, (min-width: 981px) 1024px, 100vw\" \/><\/p>\n<h2>Par FMP<\/h2>\n<p>FMP galven\u0101 m\u012btne atrodas It\u0101lij\u0101, un tas ir vado\u0161ais ra\u017eot\u0101js, kas specializ\u0113jas augstas veiktsp\u0113jas p\u0101rnesumk\u0101rbu projekt\u0113\u0161an\u0101, izstr\u0101d\u0113 un ra\u017eo\u0161an\u0101, galvenok\u0101rt koncentr\u0113joties uz lauksaimniec\u012bbas tehnikas sektoru. FMP, kas ir paz\u012bstams ar savu prec\u012bzo in\u017eenieriju, inovat\u012bvajiem risin\u0101jumiem un past\u0101v\u012bgo uzticam\u012bbu, ir ieguvis uzticama partnera reput\u0101ciju gan lauksaimniec\u012bbas, gan r\u016bpniec\u012bbas tirgos. M\u016bsu pla\u0161aj\u0101 kl\u0101st\u0101 ietilpst z\u0101les p\u013c\u0101v\u0113ju, j\u016bgv\u0101rpstu un citu svar\u012bgu komponentu p\u0101rnesumk\u0101rbas p\u0113c pas\u016bt\u012bjuma, katra no t\u0101m r\u016bp\u012bgi izstr\u0101d\u0101ta, lai apmierin\u0101tu da\u017e\u0101du pielietojumu unik\u0101l\u0101s pras\u012bbas.<\/p>\n<p>FMP m\u0113s saprotam, ka katrs klients saskaras ar at\u0161\u0137ir\u012bgiem izaicin\u0101jumiem, t\u0101p\u0113c esam ap\u0146\u0113mu\u0161ies nodro\u0161in\u0101t piel\u0101gotus risin\u0101jumus. Neatkar\u012bgi no t\u0101, vai runa ir par atsevi\u0161\u0137\u0101m komponent\u0113m vai piln\u012bb\u0101 integr\u0113t\u0101m sist\u0113m\u0101m, m\u0113s cie\u0161i sadarbojamies ar saviem klientiem, lai nodro\u0161in\u0101tu, ka katrs risin\u0101jums ne tikai atbilst vi\u0146u \u012bpa\u0161aj\u0101m pras\u012bb\u0101m, bet ar\u012b maksim\u0101li palielina veiktsp\u0113ju un v\u0113rt\u012bbu. M\u016bsu uzman\u012bbas centr\u0101 ir \u0101tras, profesion\u0101las atbildes un ekspertu konsult\u0101cijas, kas nodro\u0161ina, ka katrs piepras\u012bjums tiek apstr\u0101d\u0101ts prec\u012bzi, past\u0101v\u012bgi nodro\u0161inot optim\u0101lus rezult\u0101tus.<\/p>\n<p>M\u0113s pie\u0161\u0137iram priorit\u0101ti p\u0101rredzamai un nep\u0101rtrauktai komunik\u0101cijai vis\u0101 produktu izstr\u0101des cikl\u0101. M\u016bsu \u012bpa\u0161i izveidot\u0101 komanda cie\u0161i sadarbojas ar klientiem, lai piln\u012bb\u0101 izprastu vi\u0146u vajadz\u012bbas, sniedzot noder\u012bgus ieteikumus lab\u0101ko iesp\u0113jamo rezult\u0101tu sasnieg\u0161anai. Neatkar\u012bgi no t\u0101, vai tiek izstr\u0101d\u0101ti vismodern\u0101kie produkti vai izpild\u012bti ikdienas pas\u016bt\u012bjumi, FMP ir ap\u0146\u0113musies vienm\u0113r savlaic\u012bgi pieg\u0101d\u0101t augstas kvalit\u0101tes, prec\u012bzi izstr\u0101d\u0101tus risin\u0101jumus. M\u016bsu misija ir past\u0101v\u012bgi p\u0101rsniegt klientu cer\u012bbas, nodro\u0161inot izcilu servisu un izcilus rezult\u0101tus katr\u0101 projekt\u0101.<\/p>\n<p>FMP darb\u012bbas pamat\u0101 ir ap\u0146em\u0161an\u0101s nodro\u0161in\u0101t kvalit\u0101ti. M\u0113s iev\u0113rojam augst\u0101kos ra\u017eo\u0161anas standartus un ievie\u0161am stingras kvalit\u0101tes kontroles procesus, lai nodro\u0161in\u0101tu, ka katrs produkts atbilst un bie\u017ei vien p\u0101rsniedz nozares standartus. \u0160\u012b nelok\u0101m\u0101 ap\u0146em\u0161an\u0101s sasniegt izcil\u012bbu apvienojum\u0101 ar m\u016bsu pamatv\u0113rt\u012bb\u0101m \u2013 integrit\u0101ti, komandas darbu un neatlaid\u012bbu \u2013 ir \u013c\u0101vusi mums veidot ilgsto\u0161as, uz uztic\u012bbu balst\u012btas attiec\u012bbas ar klientiem gandr\u012bz 30 valst\u012bs vis\u0101 pasaul\u0113.<\/p>\n<p>FMP ir ap\u0146\u0113musies veicin\u0101t glob\u0101las partner\u012bbas, pied\u0101v\u0101jot ekspertu padomus un piel\u0101gotus risin\u0101jumus, kas atbilst m\u016bsu klientu main\u012bgaj\u0101m vajadz\u012bb\u0101m. M\u016bsu m\u0113r\u0137is ir veidot ilgtermi\u0146a, abpus\u0113ji izdev\u012bgas attiec\u012bbas, kas veicina katra projekta pan\u0101kumus. Neatkar\u012bgi no t\u0101, vai jums ir nepiecie\u0161ami inovat\u012bvi risin\u0101jumi jaunai iniciat\u012bvai vai past\u0101v\u012bgs atbalsts eso\u0161ai sist\u0113mai, FMP ir \u0161eit, lai pal\u012bdz\u0113tu jums p\u0101rvar\u0113t tehniskas probl\u0113mas un nodro\u0161in\u0101tu j\u016bsu turpm\u0101kus pan\u0101kumus.<\/p>\n<p><img loading=\"lazy\" decoding=\"async\" class=\"alignnone wp-image-2695\" src=\"https:\/\/fmp-components.com\/wp-content\/uploads\/2025\/01\/agricultural-gearbox3.webp\" alt=\"lauksaimniec\u012bbas p\u0101rnesumk\u0101rba\" width=\"1140\" height=\"1138\" title=\"\" srcset=\"https:\/\/fmp-components.com\/wp-content\/uploads\/2025\/01\/agricultural-gearbox3.webp 1140w, https:\/\/fmp-components.com\/wp-content\/uploads\/2025\/01\/agricultural-gearbox3-480x479.webp 480w\" sizes=\"(min-width: 0px) and (max-width: 480px) 480px, (min-width: 481px) 1140px, 100vw\" \/><\/p>\n<p>Autors: CX<\/p>","protected":false},"excerpt":{"rendered":"<p>Specification of Salt Spreader Gearbox with Sprocket Product Name Salt Spreader Gearbox with Sprocket for Road Snow Removal Fits: SaltDogg SCH072SS, SCH072SSX, SCH096C, SCH096CX, SCH096SS, SCH096SSX, SCH120SS and SCH120SSX Spreaders Diameter 6.000 Shaft Diameter 1.000 Mounting Pattern 4 Bolt @ 5.42&#8243; Rotation Clockwise Speed 900 RPM Warranty 1 Year Working Principle of Salt Spreader Gearbox [&hellip;]<\/p>","protected":false},"featured_media":3305,"comment_status":"open","ping_status":"closed","template":"","meta":{"_et_pb_use_builder":"","_et_pb_old_content":"","_et_gb_content_width":""},"product_brand":[],"product_cat":[80],"product_tag":[],"class_list":{"0":"post-3301","1":"product","2":"type-product","3":"status-publish","4":"has-post-thumbnail","6":"product_cat-snowblower-gearbox","8":"first","9":"instock","10":"shipping-taxable","11":"product-type-simple"},"_links":{"self":[{"href":"https:\/\/fmp-components.com\/lv\/wp-json\/wp\/v2\/product\/3301","targetHints":{"allow":["GET"]}}],"collection":[{"href":"https:\/\/fmp-components.com\/lv\/wp-json\/wp\/v2\/product"}],"about":[{"href":"https:\/\/fmp-components.com\/lv\/wp-json\/wp\/v2\/types\/product"}],"replies":[{"embeddable":true,"href":"https:\/\/fmp-components.com\/lv\/wp-json\/wp\/v2\/comments?post=3301"}],"wp:featuredmedia":[{"embeddable":true,"href":"https:\/\/fmp-components.com\/lv\/wp-json\/wp\/v2\/media\/3305"}],"wp:attachment":[{"href":"https:\/\/fmp-components.com\/lv\/wp-json\/wp\/v2\/media?parent=3301"}],"wp:term":[{"taxonomy":"product_brand","embeddable":true,"href":"https:\/\/fmp-components.com\/lv\/wp-json\/wp\/v2\/product_brand?post=3301"},{"taxonomy":"product_cat","embeddable":true,"href":"https:\/\/fmp-components.com\/lv\/wp-json\/wp\/v2\/product_cat?post=3301"},{"taxonomy":"product_tag","embeddable":true,"href":"https:\/\/fmp-components.com\/lv\/wp-json\/wp\/v2\/product_tag?post=3301"}],"curies":[{"name":"wp","href":"https:\/\/api.w.org\/{rel}","templated":true}]}}