{"id":3291,"date":"2025-01-06T03:05:06","date_gmt":"2025-01-06T03:05:06","guid":{"rendered":"https:\/\/fmp-components.com\/?page_id=8"},"modified":"2025-01-06T03:15:19","modified_gmt":"2025-01-06T03:15:19","slug":"fmp-01-229-snow-plow-gearbox-for-spreader","status":"publish","type":"product","link":"https:\/\/fmp-components.com\/lv\/product\/fmp-01-229-snow-plow-gearbox-for-spreader\/","title":{"rendered":"FMP-01-229 sniega arkla p\u0101rnesumk\u0101rba izklied\u0113t\u0101jam"},"content":{"rendered":"<h2>Sniega arkla p\u0101rnesumk\u0101rbas specifik\u0101cijas<\/h2>\n<p><img loading=\"lazy\" decoding=\"async\" class=\"alignnone  wp-image-3297\" src=\"https:\/\/fmp-components.com\/wp-content\/uploads\/2025\/01\/fmp_Snow-plow-gearbox-draw1.webp\" alt=\"fmp_Sniega arkla-p\u0101rnesumk\u0101rbas-vilk\u0161ana(1)\" width=\"877\" height=\"748\" title=\"\" srcset=\"https:\/\/fmp-components.com\/wp-content\/uploads\/2025\/01\/fmp_Snow-plow-gearbox-draw1.webp 877w, https:\/\/fmp-components.com\/wp-content\/uploads\/2025\/01\/fmp_Snow-plow-gearbox-draw1-480x410.webp 480w\" sizes=\"(min-width: 0px) and (max-width: 480px) 480px, (min-width: 481px) 877px, 100vw\" \/><\/p>\n<table style=\"width: 100.071%; height: 460px;\" border=\"1\">\n<tbody>\n<tr style=\"height: 23px;\">\n<td style=\"width: 28.7257%; text-align: center; height: 23px;\"><strong>PRECE<\/strong><\/td>\n<td style=\"width: 70.6263%; height: 23px;\">FMP-01-229<\/td>\n<\/tr>\n<tr style=\"height: 23px;\">\n<td style=\"width: 28.7257%; text-align: center; height: 23px;\"><strong>Attiec\u012bba<\/strong><\/td>\n<td style=\"width: 70.6263%; height: 23px;\">1:1.35<\/td>\n<\/tr>\n<tr style=\"height: 23px;\">\n<td style=\"width: 28.7257%; text-align: center; height: 23px;\"><strong>Zobi<\/strong><\/td>\n<td style=\"width: 70.6263%; height: 23px;\">16\/16<\/td>\n<\/tr>\n<tr style=\"height: 23px;\">\n<td style=\"width: 28.7257%; text-align: center; height: 23px;\"><strong>Modulis<\/strong><\/td>\n<td style=\"width: 70.6263%; height: 23px;\">4.5<\/td>\n<\/tr>\n<tr style=\"height: 23px;\">\n<td style=\"width: 28.7257%; text-align: center; height: 23px;\"><strong>Jauda (ZS)<\/strong><\/td>\n<td style=\"width: 70.6263%; height: 23px;\">&#8211;<\/td>\n<\/tr>\n<tr style=\"height: 23px;\">\n<td style=\"width: 28.7257%; text-align: center; height: 23px;\"><strong>Nomin\u0101l\u0101 ieeja<\/strong><\/td>\n<td style=\"width: 70.6263%; height: 23px;\">540 apgr.\/min<\/td>\n<\/tr>\n<tr style=\"height: 23px;\">\n<td style=\"width: 28.7257%; height: 23px; text-align: center;\"><strong>Ievades\/izvades apraksts<\/strong><\/td>\n<td style=\"width: 70.6263%; height: 23px;\">1 3\/8 Z6 \u03c625 Optisk\u0101 ass<\/td>\n<\/tr>\n<tr style=\"height: 23px;\">\n<td style=\"width: 28.7257%; height: 23px; text-align: center;\"><strong>Svars (ZR)<\/strong><\/td>\n<td style=\"width: 70.6263%; height: 23px;\">13 kg<\/td>\n<\/tr>\n<tr style=\"height: 23px;\">\n<th style=\"height: 23px;\">Ievades v\u0101rpsta<\/th>\n<td style=\"height: 23px;\">1-3\/8 collas (6 rievu)<\/td>\n<\/tr>\n<tr style=\"height: 23px;\">\n<th style=\"height: 23px;\">V\u0101rpstas garums (ievade)<\/th>\n<td style=\"height: 23px;\">3-1\/2&#8243;<\/td>\n<\/tr>\n<tr style=\"height: 23px;\">\n<th style=\"height: 23px;\">Izejas v\u0101rpsta<\/th>\n<td style=\"height: 23px;\">1&#8243;<\/td>\n<\/tr>\n<tr style=\"height: 23px;\">\n<th style=\"height: 23px;\">V\u0101rpstas garums (izeja)<\/th>\n<td style=\"height: 23px;\">3&#8243;<\/td>\n<\/tr>\n<tr style=\"height: 23px;\">\n<th style=\"height: 23px;\">Caurumi izejas v\u0101rpst\u0101<\/th>\n<td style=\"height: 23px;\">1-1\/2 collas no centra l\u012bdz centram<\/td>\n<\/tr>\n<tr style=\"height: 23px;\">\n<th style=\"height: 23px;\">Mont\u0101\u017eas caurumu skaits<\/th>\n<td style=\"height: 23px;\">6<\/td>\n<\/tr>\n<tr style=\"height: 23px;\">\n<th style=\"height: 23px;\">Kop\u0113jais garums (OL)<\/th>\n<td style=\"height: 23px;\">11&#8243;<\/td>\n<\/tr>\n<tr style=\"height: 23px;\">\n<th style=\"height: 23px;\">Kop\u0113jais augstums (OH)<\/th>\n<td style=\"height: 23px;\">9&#8243;<\/td>\n<\/tr>\n<tr style=\"height: 23px;\">\n<th style=\"height: 23px;\">P\u0101rnesumu attiec\u012bba<\/th>\n<td style=\"height: 23px;\">1:1<\/td>\n<\/tr>\n<tr style=\"height: 23px;\">\n<th style=\"height: 23px;\">Skr\u016bvju caurumu atstatums (gar\u0101 puse)<\/th>\n<td style=\"height: 23px;\">2-3\/8\u2033 no centra l\u012bdz centram<\/td>\n<\/tr>\n<tr style=\"height: 23px;\">\n<th style=\"height: 23px;\">Skr\u016bvju caurumu atstarpe (platums)<\/th>\n<td style=\"height: 23px;\">3-3\/4 collas no centra l\u012bdz centram<\/td>\n<\/tr>\n<tr style=\"height: 23px;\">\n<th style=\"height: 23px;\">\u0100trumk\u0101rbas funkcija<\/th>\n<td style=\"height: 23px;\">Ir cirks<\/td>\n<\/tr>\n<\/tbody>\n<\/table>\n<h2>Sniega arkla p\u0101rnesumk\u0101rbas \u012bpa\u0161\u012bbas<\/h2>\n<ol>\n<li><strong>Iztur\u012bgu m\u0101jok\u013cu b\u016bvniec\u012bba<\/strong>\n<ul>\n<li>Parasti izgatavots no augstas stipr\u012bbas \u010duguna vai alum\u012bnija sakaus\u0113jumiem, lai nodro\u0161in\u0101tu ilgsto\u0161u iztur\u012bbu un iztur\u012bbu pret skarbiem ekspluat\u0101cijas apst\u0101k\u013ciem, piem\u0113ram, zemu temperat\u016bru un sp\u0113c\u012bgu triecienu vidi.<\/li>\n<\/ul>\n<\/li>\n<li><strong>Augsta griezes momenta jauda<\/strong>\n<ul>\n<li>P\u0101rnesumk\u0101rba, kas paredz\u0113ta lieljaudas sniega t\u012br\u012b\u0161anas darbiem, ir veidota t\u0101, lai efekt\u012bvi p\u0101rvad\u012btu augstu griezes momentu, \u013caujot sniega arklam efekt\u012bvi p\u0101rvietoties pa bl\u012bvu sniegu un ledu.<\/li>\n<\/ul>\n<\/li>\n<li><strong>Prec\u012bzi konstru\u0113ti zobrati<\/strong>\n<ul>\n<li>Apr\u012bkots ar prec\u012bzi grieztiem zobratiem, kas nodro\u0161ina vienm\u0113r\u012bgu jaudas p\u0101rnesi, samazina berzi un garant\u0113 nemain\u012bgu veiktsp\u0113ju pat pie liel\u0101m slodz\u0113m.<\/li>\n<\/ul>\n<\/li>\n<li><strong>Laikapst\u0101k\u013ciem iztur\u012bgi bl\u012bv\u0113jumi<\/strong>\n<ul>\n<li>Apr\u012bkots ar uzlabotiem bl\u012bv\u0113jumiem, lai nov\u0113rstu mitruma, sniega un ledus iek\u013c\u016b\u0161anu p\u0101rnesumk\u0101rb\u0101, nodro\u0161inot optim\u0101lu funkcionalit\u0101ti un aizsardz\u012bbu pret koroziju un nodilumu.<\/li>\n<\/ul>\n<\/li>\n<li><strong>Piel\u0101gojami p\u0101rnesumu skait\u013ci<\/strong>\n<ul>\n<li>P\u0101rnesumk\u0101rbas ir pieejamas da\u017e\u0101d\u0101s attiec\u012bb\u0101s, lai nodro\u0161in\u0101tu nepiecie\u0161amo \u0101trumu un jaudu da\u017e\u0101diem sniega t\u012br\u012b\u0161anas darbiem, \u013caujot piel\u0101goties da\u017e\u0101diem ma\u0161\u012bnu mode\u013ciem un reljefam.<\/li>\n<\/ul>\n<\/li>\n<\/ol>\n<p>\u0160\u012bs funkcijas nodro\u0161ina, ka sniega arkla p\u0101rnesumk\u0101rba nodro\u0161ina maksim\u0101lu iztur\u012bbu, efektivit\u0101ti un uzticam\u012bbu, lai tiktu gal\u0101 ar sare\u017e\u0123\u012btiem ziemas laikapst\u0101k\u013ciem un nodro\u0161in\u0101tu vienm\u0113r\u012bgu, nep\u0101rtrauktu darb\u012bbu vis\u0101 sniega t\u012br\u012b\u0161anas sezon\u0101.<\/p>\n<p><img loading=\"lazy\" decoding=\"async\" class=\"alignnone  wp-image-3299\" src=\"https:\/\/fmp-components.com\/wp-content\/uploads\/2025\/01\/FMP-gearbox1.jpg\" alt=\"FMP p\u0101rnesumk\u0101rba\" width=\"931\" height=\"623\" title=\"\" srcset=\"https:\/\/fmp-components.com\/wp-content\/uploads\/2025\/01\/FMP-gearbox1.jpg 931w, https:\/\/fmp-components.com\/wp-content\/uploads\/2025\/01\/FMP-gearbox1-480x321.jpg 480w\" sizes=\"(min-width: 0px) and (max-width: 480px) 480px, (min-width: 481px) 931px, 100vw\" \/><\/p>\n<h2>Par FMP<\/h2>\n<p>FMP galven\u0101 m\u012btne atrodas It\u0101lij\u0101, un tas ir vado\u0161ais ra\u017eot\u0101js, kas paz\u012bstams ar savu pieredzi augstas veiktsp\u0113jas p\u0101rnesumk\u0101rbu projekt\u0113\u0161an\u0101, izstr\u0101d\u0113 un ra\u017eo\u0161an\u0101, specializ\u0113joties lauksaimniec\u012bbas tehnikas nozar\u0113. FMP, kas paz\u012bstams ar savu prec\u012bzo in\u017eenieriju, inovat\u012bvajiem risin\u0101jumiem un nelok\u0101mo uzticam\u012bbu, ir ieguvis sp\u0113c\u012bgu reput\u0101ciju k\u0101 uzticams partneris gan lauksaimniec\u012bbas, gan r\u016bpniec\u012bbas tirgos. M\u016bsu pla\u0161aj\u0101 kl\u0101st\u0101 ietilpst z\u0101les p\u013c\u0101v\u0113ju p\u0101rnesumk\u0101rbas, j\u016bgv\u0101rpstas un pla\u0161s kritiski svar\u012bgu komponentu kl\u0101sts, kas visi ir izstr\u0101d\u0101ti ar r\u016bp\u012bgu uzman\u012bbu deta\u013c\u0101m, lai apmierin\u0101tu da\u017e\u0101du pielietojumu unik\u0101l\u0101s pras\u012bbas.<\/p>\n<p>Uz\u0146\u0113mum\u0101 FMP m\u0113s saprotam, ka katrs klients saskaras ar at\u0161\u0137ir\u012bgiem izaicin\u0101jumiem. \u0160\u012b izpratne ir pamat\u0101 m\u016bsu ap\u0146em\u0161an\u0101s sniegt piel\u0101gotus risin\u0101jumus gan atsevi\u0161\u0137iem komponentiem, gan piln\u012bb\u0101 integr\u0113t\u0101m sist\u0113m\u0101m. Cie\u0161i sadarbojoties ar klientiem, m\u0113s nodro\u0161in\u0101m, ka katrs risin\u0101jums ne tikai atbilst vi\u0146u prec\u012bzaj\u0101m vajadz\u012bb\u0101m, bet ar\u012b optimiz\u0113 veiktsp\u0113ju un sniedz izcilu v\u0113rt\u012bbu. M\u016bsu ap\u0146em\u0161an\u0101s sniegt atsauc\u012bgus, profesion\u0101lus pakalpojumus un ekspertu nor\u0101d\u012bjumus nodro\u0161ina, ka katrs piepras\u012bjums tiek apstr\u0101d\u0101ts prec\u012bzi, sasniedzot vislab\u0101kos iesp\u0113jamos rezult\u0101tus.<\/p>\n<p>M\u0113s uzsveram p\u0101rredzamu un nep\u0101rtrauktu komunik\u0101ciju vis\u0101 produktu izstr\u0101des proces\u0101. M\u016bsu komanda cie\u0161i sadarbojas ar klientiem, lai piln\u012bb\u0101 izprastu vi\u0146u pras\u012bbas, pied\u0101v\u0101jot v\u0113rt\u012bgas atzi\u0146as un praktiski \u012bstenojamus ieteikumus optim\u0101lu rezult\u0101tu sasnieg\u0161anai. Neatkar\u012bgi no t\u0101, vai izstr\u0101d\u0101jam modernus risin\u0101jumus vai izpild\u0101m ikdienas pas\u016bt\u012bjumus, FMP ir ap\u0146\u0113mies vienm\u0113r pieg\u0101d\u0101t augstas kvalit\u0101tes, prec\u012bzi konstru\u0113tus produktus laik\u0101. M\u016bsu misija ir past\u0101v\u012bgi p\u0101rsniegt klientu cer\u012bbas, nodro\u0161inot izcilu servisu un izcilus rezult\u0101tus katr\u0101 projekt\u0101.<\/p>\n<p>FMP darb\u012bbas pamat\u0101 ir nelok\u0101ma ap\u0146em\u0161an\u0101s nodro\u0161in\u0101t kvalit\u0101ti. M\u0113s iev\u0113rojam augst\u0101kos ra\u017eo\u0161anas standartus un ievie\u0161am stingrus kvalit\u0101tes kontroles pas\u0101kumus, lai nodro\u0161in\u0101tu, ka katrs produkts ne tikai atbilst, bet ar\u012b p\u0101rsniedz nozares standartus. \u0160\u012b ap\u0146em\u0161an\u0101s nodro\u0161in\u0101t izcil\u012bbu apvienojum\u0101 ar m\u016bsu pamatv\u0113rt\u012bb\u0101m \u2013 integrit\u0101ti, komandas darbu un neatlaid\u012bbu \u2013 ir \u013c\u0101vusi mums veidot ilgsto\u0161as, uz uztic\u012bbu balst\u012btas attiec\u012bbas ar klientiem gandr\u012bz 30 valst\u012bs vis\u0101 pasaul\u0113.<\/p>\n<p>FMP ir ap\u0146\u0113musies veicin\u0101t glob\u0101las partner\u012bbas, pied\u0101v\u0101jot ekspertu padomus un piel\u0101gotus risin\u0101jumus, kas atbilst m\u016bsu klientu main\u012bgaj\u0101m vajadz\u012bb\u0101m. M\u016bsu m\u0113r\u0137is ir veidot ilgtermi\u0146a, abpus\u0113ji izdev\u012bgas attiec\u012bbas, kas veicina katra projekta pan\u0101kumus. Neatkar\u012bgi no t\u0101, vai mekl\u0113jat inovat\u012bvus risin\u0101jumus jaunai iniciat\u012bvai vai past\u0101v\u012bgu atbalstu eso\u0161ai sist\u0113mai, FMP ir \u0161eit, lai pal\u012bdz\u0113tu jums p\u0101rvar\u0113t tehniskas probl\u0113mas un nodro\u0161in\u0101tu j\u016bsu turpm\u0101kus pan\u0101kumus.<\/p>\n<p><img loading=\"lazy\" decoding=\"async\" class=\"alignnone wp-image-2695\" src=\"https:\/\/fmp-components.com\/wp-content\/uploads\/2025\/01\/agricultural-gearbox3.webp\" alt=\"lauksaimniec\u012bbas p\u0101rnesumk\u0101rba\" width=\"1140\" height=\"1138\" title=\"\" srcset=\"https:\/\/fmp-components.com\/wp-content\/uploads\/2025\/01\/agricultural-gearbox3.webp 1140w, https:\/\/fmp-components.com\/wp-content\/uploads\/2025\/01\/agricultural-gearbox3-480x479.webp 480w\" sizes=\"(min-width: 0px) and (max-width: 480px) 480px, (min-width: 481px) 1140px, 100vw\" \/><\/p>\n<p>Autors: CX<\/p>","protected":false},"excerpt":{"rendered":"<p>Specifications of snow plow gearbox ITEM FMP-01-229 Ratio 1:1.35 Teeth 16\/16 Module 4.5 Power\uff08HP\uff09 &#8211; Rated Input 540rpm Input\/Output description 1 3\/8 Z6 \u03c625 Optic axis Weight\uff08N.W\uff09 13Kg Input Shaft 1-3\/8&#8243; (6 spline) Shaft Length (Input) 3-1\/2&#8243; Output Shaft 1&#8243; Shaft Length (Output) 3&#8243; Holes in Output Shaft 1-1\/2&#8243; center to center Number of Mounting [&hellip;]<\/p>","protected":false},"featured_media":3298,"comment_status":"open","ping_status":"closed","template":"","meta":{"_et_pb_use_builder":"","_et_pb_old_content":"","_et_gb_content_width":""},"product_brand":[],"product_cat":[80],"product_tag":[],"class_list":{"0":"post-3291","1":"product","2":"type-product","3":"status-publish","4":"has-post-thumbnail","6":"product_cat-snowblower-gearbox","8":"first","9":"instock","10":"shipping-taxable","11":"product-type-simple"},"_links":{"self":[{"href":"https:\/\/fmp-components.com\/lv\/wp-json\/wp\/v2\/product\/3291","targetHints":{"allow":["GET"]}}],"collection":[{"href":"https:\/\/fmp-components.com\/lv\/wp-json\/wp\/v2\/product"}],"about":[{"href":"https:\/\/fmp-components.com\/lv\/wp-json\/wp\/v2\/types\/product"}],"replies":[{"embeddable":true,"href":"https:\/\/fmp-components.com\/lv\/wp-json\/wp\/v2\/comments?post=3291"}],"wp:featuredmedia":[{"embeddable":true,"href":"https:\/\/fmp-components.com\/lv\/wp-json\/wp\/v2\/media\/3298"}],"wp:attachment":[{"href":"https:\/\/fmp-components.com\/lv\/wp-json\/wp\/v2\/media?parent=3291"}],"wp:term":[{"taxonomy":"product_brand","embeddable":true,"href":"https:\/\/fmp-components.com\/lv\/wp-json\/wp\/v2\/product_brand?post=3291"},{"taxonomy":"product_cat","embeddable":true,"href":"https:\/\/fmp-components.com\/lv\/wp-json\/wp\/v2\/product_cat?post=3291"},{"taxonomy":"product_tag","embeddable":true,"href":"https:\/\/fmp-components.com\/lv\/wp-json\/wp\/v2\/product_tag?post=3291"}],"curies":[{"name":"wp","href":"https:\/\/api.w.org\/{rel}","templated":true}]}}