{"id":3259,"date":"2025-01-06T01:36:46","date_gmt":"2025-01-06T01:36:46","guid":{"rendered":"https:\/\/fmp-components.com\/?page_id=8"},"modified":"2025-01-06T01:36:47","modified_gmt":"2025-01-06T01:36:47","slug":"gearbox-for-agricultural-machinery-700-series","status":"publish","type":"product","link":"https:\/\/fmp-components.com\/lv\/product\/gearbox-for-agricultural-machinery-700-series\/","title":{"rendered":"Lauksaimniec\u012bbas tehnikas 700. s\u0113rijas p\u0101rnesumk\u0101rba"},"content":{"rendered":"<h2>700. s\u0113rijas ras\u0113jums<\/h2>\n<p><img loading=\"lazy\" decoding=\"async\" class=\"alignnone  wp-image-3263\" src=\"https:\/\/fmp-components.com\/wp-content\/uploads\/2025\/01\/R700-Spec-1.webp\" alt=\"R700-Spec-1\" width=\"900\" height=\"1126\" title=\"\" srcset=\"https:\/\/fmp-components.com\/wp-content\/uploads\/2025\/01\/R700-Spec-1.webp 900w, https:\/\/fmp-components.com\/wp-content\/uploads\/2025\/01\/R700-Spec-1-480x601.webp 480w\" sizes=\"(min-width: 0px) and (max-width: 480px) 480px, (min-width: 481px) 900px, 100vw\" \/><\/p>\n<h3>V\u0101rpstas rot\u0101cijas izl\u012bdzin\u0101\u0161ana 700. s\u0113rijai<\/h3>\n<p><img loading=\"lazy\" decoding=\"async\" class=\"alignnone size-full wp-image-3262\" src=\"https:\/\/fmp-components.com\/wp-content\/uploads\/2025\/01\/R700-Rotation.webp\" alt=\"R700-Rot\u0101cija\" width=\"1024\" height=\"345\" title=\"\" srcset=\"https:\/\/fmp-components.com\/wp-content\/uploads\/2025\/01\/R700-Rotation.webp 1024w, https:\/\/fmp-components.com\/wp-content\/uploads\/2025\/01\/R700-Rotation-980x330.webp 980w, https:\/\/fmp-components.com\/wp-content\/uploads\/2025\/01\/R700-Rotation-480x162.webp 480w\" sizes=\"(min-width: 0px) and (max-width: 480px) 480px, (min-width: 481px) and (max-width: 980px) 980px, (min-width: 981px) 1024px, 100vw\" \/><\/p>\n<h3>V\u0113rt\u0113jumu diagrammas<\/h3>\n<p><img loading=\"lazy\" decoding=\"async\" class=\"alignnone  wp-image-3264\" src=\"https:\/\/fmp-components.com\/wp-content\/uploads\/2025\/01\/R700-rating-charts.webp\" alt=\"R700 reitingu diagrammas\" width=\"862\" height=\"397\" title=\"\" srcset=\"https:\/\/fmp-components.com\/wp-content\/uploads\/2025\/01\/R700-rating-charts.webp 393w, https:\/\/fmp-components.com\/wp-content\/uploads\/2025\/01\/R700-rating-charts-300x138.webp 300w, https:\/\/fmp-components.com\/wp-content\/uploads\/2025\/01\/R700-rating-charts-18x8.webp 18w\" sizes=\"(max-width: 862px) 100vw, 862px\" \/><\/p>\n<h3>Lauksaimniec\u012bbas tehnikas 700. s\u0113rijas p\u0101rnesumk\u0101rba<\/h3>\n<p><strong>Funkcijas:<\/strong><\/p>\n<ul>\n<li><strong>Divda\u013c\u012bgs alum\u012bnija korpuss<\/strong>\u0160is korpuss ir izgatavots no augstas stipr\u012bbas alum\u012bnija, kas nodro\u0161ina izcilu <strong>iztur\u012bba pret koroziju<\/strong> un <strong>siltumietilp\u012bba<\/strong>, padarot to \u013coti iztur\u012bgu pras\u012bg\u0101m lauksaimniec\u012bbas vid\u0113m.<\/li>\n<li><strong>Prec\u012bzi apstr\u0101d\u0101ti komponenti<\/strong>Katra p\u0101rnesumk\u0101rba ir prec\u012bzi apstr\u0101d\u0101ta, lai garant\u0113tu perfektu p\u0101rnesumu sasl\u0113g\u0161anos un <strong>gult\u0146a priek\u0161slodze<\/strong>, nodro\u0161inot vienm\u0113r\u012bgu un efekt\u012bvu darb\u012bbu lielas slodzes apst\u0101k\u013cos.<\/li>\n<li><strong>Kalti zobrati<\/strong>700. s\u0113rijai ir prec\u012bzi kalti zobrati, kas tiek pied\u0101v\u0101ti <strong>3:1 p\u0101rnesumskaitlis<\/strong>, nodro\u0161inot izcilu griezes momenta p\u0101rnesi un darb\u012bbas efektivit\u0101ti.<\/li>\n<li><strong>Konusveida rull\u012b\u0161u gult\u0146i<\/strong>\u0160ie gult\u0146i ir paredz\u0113ti, lai uzlabotu <strong>kravnes\u012bba<\/strong> un pagarin\u0101t <strong>gult\u0146a kalpo\u0161anas laiks<\/strong>, nodro\u0161inot ilgsto\u0161u veiktsp\u0113ju pat augstas slodzes apst\u0101k\u013cos.<\/li>\n<li><strong>Augstas stipr\u012bbas t\u0113rauda v\u0101rpstas<\/strong>The <strong>1,75 collu ieejas v\u0101rpsta<\/strong> un <strong>2,75 collu izejas v\u0101rpsta<\/strong> ir izgatavoti no augstas stipr\u012bbas t\u0113rauda, \u200b\u200bnodro\u0161inot iztur\u012bbu un uzticam\u012bbu smag\u0101s slodzes apst\u0101k\u013cos.<\/li>\n<li><strong>80W90 p\u0101rnesumu sm\u0113rviela<\/strong>: Pild\u012bts ar augstas kvalit\u0101tes <strong>80W90 p\u0101rnesumu sm\u0113rviela<\/strong>, p\u0101rnesumk\u0101rba pirms pieg\u0101des tiek r\u016bp\u012bgi p\u0101rbaud\u012bta uz herm\u0113tiskumu, nodro\u0161inot optim\u0101lu darb\u012bbu jau no pirm\u0101s dienas.<\/li>\n<li><strong>Herm\u0113tiskuma p\u0101rbaude<\/strong>Katrai iek\u0101rtai tiek veikta visaptvero\u0161a herm\u0113tiskuma p\u0101rbaude, lai nodro\u0161in\u0101tu nulles nopl\u016bdi, garant\u0113jot uzticam\u012bbu un samazinot apkopes nepiecie\u0161am\u012bbu laika gait\u0101.<\/li>\n<li><strong>Svars<\/strong>700. s\u0113rijas p\u0101rnesumk\u0101rba sver aptuveni <strong>120 m\u0101rci\u0146as<\/strong>, ieskaitot sm\u0113rvielu, padarot to iztur\u012bgu un sp\u0113j\u012bgu tikt gal\u0101 ar vissare\u017e\u0123\u012bt\u0101kajiem lauksaimniec\u012bbas tehnikas uzdevumiem.<\/li>\n<\/ul>\n<h3>Papildu priek\u0161roc\u012bbas:<\/h3>\n<ul>\n<li><strong>Optim\u0101la termisk\u0101 p\u0101rvald\u012bba<\/strong>Alum\u012bnija korpuss ne tikai nodro\u0161ina iztur\u012bbu, bet ar\u012b pal\u012bdz efekt\u012bvi izklied\u0113t siltumu, saglab\u0101jot nemain\u012bgu veiktsp\u0113ju pat ilgsto\u0161as \u200b\u200blieto\u0161anas laik\u0101 sare\u017e\u0123\u012btos apst\u0101k\u013cos.<\/li>\n<li><strong>Iztur\u012bba un ilgm\u016b\u017e\u012bba<\/strong>700. s\u0113rija, kas paredz\u0113ta nep\u0101rtrauktai, lielas slodzes lauksaimniec\u012bbas lieto\u0161anai, ir veidota t\u0101, lai iztur\u0113tu skarbus ekspluat\u0101cijas apst\u0101k\u013cus, nodro\u0161inot ilg\u0101ku kalpo\u0161anas laiku un minim\u0101lu d\u012bkst\u0101vi.<\/li>\n<li><strong>Efektivit\u0101te m\u0113rog\u0101<\/strong>3:1 p\u0101rnesumskaitlis ir ide\u0101li piem\u0113rots liel\u0101k\u0101m lauksaimniec\u012bbas ma\u0161\u012bn\u0101m, nodro\u0161inot, ka p\u0101rnesumk\u0101rba maksim\u0101li palielina efektivit\u0101ti, efekt\u012bvi p\u0101rnesot jaudu optim\u0101lai darb\u012bbai uz lauka.<\/li>\n<\/ul>\n<p>700. s\u0113rijas p\u0101rnesumk\u0101rba ir izstr\u0101d\u0101ta, lai nodro\u0161in\u0101tu izcilu uzticam\u012bbu, veiktsp\u0113ju un iztur\u012bbu vissare\u017e\u0123\u012bt\u0101kajos lauksaimniec\u012bbas apst\u0101k\u013cos. Neatkar\u012bgi no t\u0101, vai str\u0101d\u0101jat ar lieliem traktoriem, kombainiem vai citu lieljaudas tehniku, 700. s\u0113rija nodro\u0161ina jaudu un iztur\u012bbu, kas nepiecie\u0161ama efekt\u012bvai darb\u012bbai un ilgtermi\u0146a uzticam\u012bbai.<\/p>\n<h3>Par FMP<\/h3>\n<p>FMP galven\u0101 m\u012btne atrodas It\u0101lij\u0101, un tas ir iev\u0113rojams ra\u017eot\u0101js, kas paz\u012bstams ar savu pieredzi augstas veiktsp\u0113jas p\u0101rnesumk\u0101rbu projekt\u0113\u0161an\u0101, izstr\u0101d\u0113 un ra\u017eo\u0161an\u0101, \u012bpa\u0161i koncentr\u0113joties uz lauksaimniec\u012bbas tehnikas sektoru. FMP, kas paz\u012bstams ar savu prec\u012bzo in\u017eenieriju, inovat\u012bvajiem risin\u0101jumiem un nelok\u0101mo uzticam\u012bbu, ir ieguvis sp\u0113c\u012bgu reput\u0101ciju k\u0101 uzticams partneris gan lauksaimniec\u012bbas, gan r\u016bpniec\u012bbas tirgos. M\u016bsu visaptvero\u0161aj\u0101 portfel\u012b ietilpst z\u0101les p\u013c\u0101v\u0113jiem paredz\u0113tas p\u0101rnesumk\u0101rbas, j\u016bgv\u0101rpstas un pla\u0161s citu svar\u012bgu komponentu kl\u0101sts, kas visi ir r\u016bp\u012bgi izstr\u0101d\u0101ti, lai atbilstu da\u017e\u0101du pielietojumu \u012bpa\u0161aj\u0101m pras\u012bb\u0101m.<\/p>\n<p>Uz\u0146\u0113mum\u0101 FMP m\u0113s saprotam, ka katrs klients saskaras ar unik\u0101liem izaicin\u0101jumiem, un tas veicina m\u016bsu ap\u0146em\u0161anos sniegt piel\u0101gotus risin\u0101jumus. Neatkar\u012bgi no t\u0101, vai t\u0101 ir atsevi\u0161\u0137a komponente vai visa integr\u0113ta sist\u0113ma, m\u0113s cie\u0161i sadarbojamies ar saviem klientiem, lai nodro\u0161in\u0101tu, ka katrs risin\u0101jums ne tikai atbilst vi\u0146u pras\u012bb\u0101m, bet ar\u012b uzlabo veiktsp\u0113ju un palielina kop\u0113jo v\u0113rt\u012bbu. M\u016bsu ap\u0146em\u0161an\u0101s sniegt \u0101tras un profesion\u0101las atbildes un ekspertu nor\u0101d\u012bjumus garant\u0113, ka katrs piepras\u012bjums tiek risin\u0101ts prec\u012bzi, vienm\u0113r nodro\u0161inot optim\u0101lus rezult\u0101tus.<\/p>\n<p>M\u0113s iev\u0113rojamu uzsvaru liekam uz p\u0101rredzamu un nep\u0101rtrauktu komunik\u0101ciju vis\u0101 produktu izstr\u0101des proces\u0101. M\u016bsu \u012bpa\u0161i izveidot\u0101 komanda cie\u0161i sadarbojas ar klientiem, lai piln\u012bb\u0101 izprastu vi\u0146u vajadz\u012bbas, sniedzot v\u0113rt\u012bgas atzi\u0146as un praktiski \u012bstenojamus ieteikumus, lai nodro\u0161in\u0101tu vislab\u0101kos iesp\u0113jamos rezult\u0101tus. Neatkar\u012bgi no t\u0101, vai m\u0113s izstr\u0101d\u0101jam inovat\u012bvus produktus vai izpild\u0101m ikdienas pas\u016bt\u012bjumus, FMP ir ap\u0146\u0113mies vienm\u0113r savlaic\u012bgi pieg\u0101d\u0101t augstas kvalit\u0101tes, prec\u012bzi izstr\u0101d\u0101tus risin\u0101jumus. M\u016bsu m\u0113r\u0137is ir p\u0101rsniegt klientu cer\u012bbas, nodro\u0161inot izcilu servisu un izcilus rezult\u0101tus katr\u0101 projekt\u0101.<\/p>\n<p>FMP darb\u012bbas pamat\u0101 ir nelok\u0101ma ap\u0146em\u0161an\u0101s nodro\u0161in\u0101t kvalit\u0101ti. M\u0113s iev\u0113rojam augst\u0101kos ra\u017eo\u0161anas standartus un ievie\u0161am stingras kvalit\u0101tes kontroles procesus, lai nodro\u0161in\u0101tu, ka katrs produkts ne tikai atbilst, bet ar\u012b p\u0101rsniedz nozares standartus. \u0160\u012b ap\u0146em\u0161an\u0101s nodro\u0161in\u0101t izcil\u012bbu apvienojum\u0101 ar m\u016bsu pamatv\u0113rt\u012bb\u0101m \u2013 integrit\u0101ti, komandas darbu un neatlaid\u012bbu \u2013 ir \u013c\u0101vusi mums veidot ilgsto\u0161as, uz uztic\u012bbu balst\u012btas attiec\u012bbas ar klientiem gandr\u012bz 30 valst\u012bs vis\u0101 pasaul\u0113.<\/p>\n<p>FMP ir ap\u0146\u0113mies veicin\u0101t glob\u0101las partner\u012bbas, pied\u0101v\u0101jot ekspertu padomus un piel\u0101gotus risin\u0101jumus, kas att\u012bst\u0101s l\u012bdz ar m\u016bsu klientu dinamiskaj\u0101m vajadz\u012bb\u0101m. M\u0113s cen\u0161amies veidot ilgtermi\u0146a, abpus\u0113ji izdev\u012bgas attiec\u012bbas, kas veicina katra projekta pan\u0101kumus. Neatkar\u012bgi no t\u0101, vai mekl\u0113jat inovat\u012bvus risin\u0101jumus jaunai iniciat\u012bvai vai nepiecie\u0161ams past\u0101v\u012bgs atbalsts eso\u0161ai sist\u0113mai, FMP ir gatavs pal\u012bdz\u0113t jums p\u0101rvar\u0113t tehniskas probl\u0113mas un nodro\u0161in\u0101t j\u016bsu turpm\u0101kus pan\u0101kumus.<\/p>\n<p><img loading=\"lazy\" decoding=\"async\" class=\"alignnone wp-image-2695\" src=\"https:\/\/fmp-components.com\/wp-content\/uploads\/2025\/01\/agricultural-gearbox3.webp\" alt=\"lauksaimniec\u012bbas p\u0101rnesumk\u0101rba\" width=\"1140\" height=\"1138\" title=\"\" srcset=\"https:\/\/fmp-components.com\/wp-content\/uploads\/2025\/01\/agricultural-gearbox3.webp 1140w, https:\/\/fmp-components.com\/wp-content\/uploads\/2025\/01\/agricultural-gearbox3-480x479.webp 480w\" sizes=\"(min-width: 0px) and (max-width: 480px) 480px, (min-width: 481px) 1140px, 100vw\" \/><\/p>\n<p>Autors: CX<\/p>","protected":false},"excerpt":{"rendered":"<p>Drawing For 700 Series Shaft Rotation Alignment For 700 Series Rating Charts Gearbox for Agricultural Machinery 700 Series Features: Two-Piece Aluminum Housing: Constructed with high-strength aluminum, this housing ensures superior corrosion resistance and thermal capacity, making it highly durable for demanding agricultural environments. Precision Machined Components: Each gearbox is precision-machined to guarantee perfect gear meshing [&hellip;]<\/p>","protected":false},"featured_media":3260,"comment_status":"open","ping_status":"closed","template":"","meta":{"_et_pb_use_builder":"","_et_pb_old_content":"","_et_gb_content_width":""},"product_brand":[],"product_cat":[78],"product_tag":[],"class_list":{"0":"post-3259","1":"product","2":"type-product","3":"status-publish","4":"has-post-thumbnail","6":"product_cat-gearbox-for-agricultural-machinery","8":"first","9":"instock","10":"shipping-taxable","11":"product-type-simple"},"_links":{"self":[{"href":"https:\/\/fmp-components.com\/lv\/wp-json\/wp\/v2\/product\/3259","targetHints":{"allow":["GET"]}}],"collection":[{"href":"https:\/\/fmp-components.com\/lv\/wp-json\/wp\/v2\/product"}],"about":[{"href":"https:\/\/fmp-components.com\/lv\/wp-json\/wp\/v2\/types\/product"}],"replies":[{"embeddable":true,"href":"https:\/\/fmp-components.com\/lv\/wp-json\/wp\/v2\/comments?post=3259"}],"wp:featuredmedia":[{"embeddable":true,"href":"https:\/\/fmp-components.com\/lv\/wp-json\/wp\/v2\/media\/3260"}],"wp:attachment":[{"href":"https:\/\/fmp-components.com\/lv\/wp-json\/wp\/v2\/media?parent=3259"}],"wp:term":[{"taxonomy":"product_brand","embeddable":true,"href":"https:\/\/fmp-components.com\/lv\/wp-json\/wp\/v2\/product_brand?post=3259"},{"taxonomy":"product_cat","embeddable":true,"href":"https:\/\/fmp-components.com\/lv\/wp-json\/wp\/v2\/product_cat?post=3259"},{"taxonomy":"product_tag","embeddable":true,"href":"https:\/\/fmp-components.com\/lv\/wp-json\/wp\/v2\/product_tag?post=3259"}],"curies":[{"name":"wp","href":"https:\/\/api.w.org\/{rel}","templated":true}]}}