{"id":3253,"date":"2025-01-06T01:10:21","date_gmt":"2025-01-06T01:10:21","guid":{"rendered":"https:\/\/fmp-components.com\/?page_id=8"},"modified":"2025-01-06T01:15:31","modified_gmt":"2025-01-06T01:15:31","slug":"gearbox-for-agricultural-machinery-600-series","status":"publish","type":"product","link":"https:\/\/fmp-components.com\/lv\/product\/gearbox-for-agricultural-machinery-600-series\/","title":{"rendered":"Lauksaimniec\u012bbas tehnikas 600. s\u0113rijas p\u0101rnesumk\u0101rba"},"content":{"rendered":"<h2>V\u0113rt\u0113jumu tabula<\/h2>\n<p><img loading=\"lazy\" decoding=\"async\" class=\"alignnone wp-image-3255\" src=\"https:\/\/fmp-components.com\/wp-content\/uploads\/2025\/01\/R600-rating-charts.webp\" alt=\"R600 reitingu diagrammas\" width=\"844\" height=\"1536\" title=\"\" srcset=\"https:\/\/fmp-components.com\/wp-content\/uploads\/2025\/01\/R600-rating-charts.webp 339w, https:\/\/fmp-components.com\/wp-content\/uploads\/2025\/01\/R600-rating-charts-165x300.webp 165w, https:\/\/fmp-components.com\/wp-content\/uploads\/2025\/01\/R600-rating-charts-7x12.webp 7w\" sizes=\"(max-width: 844px) 100vw, 844px\" \/><\/p>\n<h3>600. s\u0113rijas ras\u0113jums<\/h3>\n<p><img loading=\"lazy\" decoding=\"async\" class=\"alignnone wp-image-3254\" src=\"https:\/\/fmp-components.com\/wp-content\/uploads\/2025\/01\/600drawing.webp\" alt=\"600z\u012bm\u0113\u0161ana\" width=\"889\" height=\"1149\" title=\"\" srcset=\"https:\/\/fmp-components.com\/wp-content\/uploads\/2025\/01\/600drawing.webp 889w, https:\/\/fmp-components.com\/wp-content\/uploads\/2025\/01\/600drawing-480x621.webp 480w\" sizes=\"(min-width: 0px) and (max-width: 480px) 480px, (min-width: 481px) 889px, 100vw\" \/><\/p>\n<h3>V\u0101rpstas rot\u0101cijas izl\u012bdzin\u0101\u0161ana 600. s\u0113rijai<\/h3>\n<p><img loading=\"lazy\" decoding=\"async\" class=\"alignnone size-full wp-image-3257\" src=\"https:\/\/fmp-components.com\/wp-content\/uploads\/2025\/01\/R400-600Rotation.webp\" alt=\"R400-600Rot\u0101cija\" width=\"1024\" height=\"384\" title=\"\" srcset=\"https:\/\/fmp-components.com\/wp-content\/uploads\/2025\/01\/R400-600Rotation.webp 1024w, https:\/\/fmp-components.com\/wp-content\/uploads\/2025\/01\/R400-600Rotation-980x368.webp 980w, https:\/\/fmp-components.com\/wp-content\/uploads\/2025\/01\/R400-600Rotation-480x180.webp 480w\" sizes=\"(min-width: 0px) and (max-width: 480px) 480px, (min-width: 481px) and (max-width: 980px) 980px, (min-width: 981px) 1024px, 100vw\" \/><\/p>\n<h3>Lauksaimniec\u012bbas tehnikas p\u0101rnesumk\u0101rbas galven\u0101s iez\u012bmes \u2013 600. s\u0113rija<\/h3>\n<p>600. s\u0113rijas p\u0101rnesumk\u0101rba ir izstr\u0101d\u0101ta pras\u012bgiem lauksaimniec\u012bbas darbiem, lai nodro\u0161in\u0101tu izcilu veiktsp\u0113ju un iztur\u012bbu. \u0160\u012b p\u0101rnesumk\u0101rba, kas izgatavota no iztur\u012bga divda\u013c\u012bga alum\u012bnija korpusa, pied\u0101v\u0101 izcilu iztur\u012bbu, iztur\u012bbu pret koroziju un siltumietilp\u012bbu, nodro\u0161inot uzticamu darb\u012bbu pat sare\u017e\u0123\u012btos apst\u0101k\u013cos. Neatkar\u012bgi no t\u0101, vai to izmanto lauksaimniec\u012bbas tehnik\u0101 vai cit\u0101 lieljaudas iek\u0101rt\u0101, \u0161\u012b p\u0101rnesumk\u0101rba ir izstr\u0101d\u0101ta ilgsto\u0161ai uzticam\u012bbai un efektivit\u0101tei.<\/p>\n<ul>\n<li><strong>Divda\u013c\u012bgs alum\u012bnija korpuss<\/strong>Korpuss ir izgatavots no augstas kvalit\u0101tes alum\u012bnija, kas pied\u0101v\u0101 optim\u0101lu iztur\u012bbas un viegl\u0101 svara kombin\u0101ciju. Tas ir iztur\u012bgs pret koroziju un tam ir augsta siltumietilp\u012bba, padarot to ide\u0101li piem\u0113rotu ilgsto\u0161ai darb\u012bbai un skarbiem apst\u0101k\u013ciem.<\/li>\n<li><strong>Prec\u012bzi apstr\u0101d\u0101ti komponenti<\/strong>Katra deta\u013ca, ieskaitot zobratus un gult\u0146us, ir prec\u012bzi apstr\u0101d\u0101ta, lai nodro\u0161in\u0101tu prec\u012bzu zobratu sazobi un gult\u0146u priek\u0161spriegumu, samazinot berzi un nodilumu. Tas uzlabo p\u0101rnesumk\u0101rbas ilgm\u016b\u017e\u012bbu un veiktsp\u0113ju.<\/li>\n<li><strong>Pla\u0161s p\u0101rnesumu attiec\u012bbu diapazons<\/strong>P\u0101rnesumk\u0101rbai ir se\u0161i prec\u012bzi kalti p\u0101rnesumu skait\u013ci:\n<ul>\n<li>1:1<\/li>\n<li>1.18:1<\/li>\n<li>1.35:1<\/li>\n<li>1.5:1<\/li>\n<li>1.86:1<\/li>\n<li>2:1 \u0160\u012b da\u017e\u0101d\u012bba nodro\u0161ina elast\u012bbu, \u013caujot piel\u0101got p\u0101rnesumk\u0101rbu da\u017e\u0101du lauksaimniec\u012bbas ma\u0161\u012bnu \u012bpa\u0161aj\u0101m jaudas p\u0101rvades pras\u012bb\u0101m.<\/li>\n<\/ul>\n<\/li>\n<li><strong>Konusveida rull\u012b\u0161u gult\u0146i<\/strong>Ar koniskiem rull\u012b\u0161u gult\u0146iem apr\u012bkot\u0101 p\u0101rnesumk\u0101rba pied\u0101v\u0101 palielin\u0101tu kravnes\u012bbu un pagarina gult\u0146u kalpo\u0161anas laiku pat sare\u017e\u0123\u012btos apst\u0101k\u013cos. \u0160\u012b funkcija pal\u012bdz samazin\u0101t d\u012bkst\u0101ves laiku un apkopes izmaksas.<\/li>\n<li><strong>Augstas stipr\u012bbas t\u0113rauda v\u0101rpsta<\/strong>1,75 collu v\u0101rpsta ir izgatavota no augstas stipr\u012bbas t\u0113rauda, \u200b\u200bkas nodro\u0161ina izcilu iztur\u012bbu un notur\u012bbu, lai iztur\u0113tu lielas slodzes un skarbus apst\u0101k\u013cus, garant\u0113jot stabilu veiktsp\u0113ju laika gait\u0101.<\/li>\n<li><strong>E\u013c\u013co\u0161ana un test\u0113\u0161ana<\/strong>P\u0101rnesumk\u0101rba ir iepriek\u0161 uzpild\u012bta ar 80W90 p\u0101rnesumu sm\u0113rvielu optim\u0101lai e\u013c\u013co\u0161anai, samazinot nodilumu darb\u012bbas laik\u0101. Pirms pieg\u0101des t\u0101 tiek ar\u012b p\u0101rbaud\u012bta uz herm\u0113tiskumu, lai nodro\u0161in\u0101tu uzticam\u012bbu un nov\u0113rstu potenci\u0101las darb\u012bbas probl\u0113mas.<\/li>\n<li><strong>Svars<\/strong>600. s\u0113rija sver 60\u201370 m\u0101rci\u0146as (apm\u0113ram 27\u201331 kg).<strong>.<\/strong>, ieskaitot e\u013c\u013cu, nodro\u0161inot l\u012bdzsvarotu svaru vieglai uzst\u0101d\u012b\u0161anai un stabilu atbalstu lieljaudas lauksaimniec\u012bbas tehnikai.<\/li>\n<\/ul>\n<p>600. s\u0113rijas p\u0101rnesumk\u0101rba ir ide\u0101li piem\u0113rota pla\u0161am lauksaimniec\u012bbas tehnikas kl\u0101stam, piem\u0113ram, kombainiem, arkliem un traktoriem. T\u0101s augst\u0101 nestsp\u0113ja un prec\u012bz\u0101 in\u017eenierija nodro\u0161ina, ka t\u0101 sp\u0113j tikt gal\u0101 ar m\u016bsdienu lauksaimniec\u012bbas darb\u012bbu stingraj\u0101m pras\u012bb\u0101m, nodro\u0161inot optim\u0101lu veiktsp\u0113ju un ilgm\u016b\u017e\u012bbu kritiski svar\u012bgam apr\u012bkojumam.<\/p>\n<p>Ar savu iztur\u012bgo konstrukciju, daudzpus\u012bgajiem p\u0101rnesumu skait\u013ciem un augst\u0101k\u0101s kvalit\u0101tes komponentiem 600. s\u0113rijas p\u0101rnesumk\u0101rba izce\u013cas k\u0101 uzticama izv\u0113le lauksaimniec\u012bbas tehnikai. T\u0101 ir izstr\u0101d\u0101ta, lai iztur\u0113tu skarbus darba apst\u0101k\u013cus, vienlaikus nodro\u0161inot efekt\u012bvu jaudas p\u0101rvadi, un t\u0101 ir b\u016btiska sast\u0101vda\u013ca ikvienam, kur\u0161 lauksaimniec\u012bbas nozar\u0113 mekl\u0113 ilgsto\u0161as, augstas veiktsp\u0113jas p\u0101rnesumk\u0101rbas.<\/p>\n<h3>Par FMP<\/h3>\n<p>FMP galven\u0101 m\u012btne atrodas It\u0101lij\u0101, un tas ir vado\u0161ais ra\u017eot\u0101js, kas paz\u012bstams ar savu pieredzi augstas veiktsp\u0113jas p\u0101rnesumk\u0101rbu projekt\u0113\u0161an\u0101, izstr\u0101d\u0113 un ra\u017eo\u0161an\u0101, \u012bpa\u0161i koncentr\u0113joties uz lauksaimniec\u012bbas tehnikas sektoru. FMP ir izveidojis sp\u0113c\u012bgu reput\u0101ciju prec\u012bzas in\u017eenierijas, inovat\u012bvu risin\u0101jumu un nelok\u0101mas uzticam\u012bbas jom\u0101, nostiprinot sevi k\u0101 uzticamu partneri gan lauksaimniec\u012bbas, gan r\u016bpniec\u012bbas tirgos. M\u016bsu pla\u0161aj\u0101 kl\u0101st\u0101 ietilpst z\u0101les p\u013c\u0101v\u0113ju, j\u016bgv\u0101rpstu un citu svar\u012bgu komponentu p\u0101rnesumk\u0101rbas p\u0113c pas\u016bt\u012bjuma, katra no t\u0101m r\u016bp\u012bgi izstr\u0101d\u0101ta, lai atbilstu da\u017e\u0101du pielietojumu prec\u012bzaj\u0101m pras\u012bb\u0101m.<\/p>\n<p>Uz\u0146\u0113mum\u0101 FMP m\u0113s saprotam, ka katrs klients saskaras ar at\u0161\u0137ir\u012bgiem izaicin\u0101jumiem. \u0160\u012b izpratne ir pamat\u0101 m\u016bsu ap\u0146em\u0161an\u0101s sniegt piel\u0101gotus risin\u0101jumus gan atsevi\u0161\u0137iem komponentiem, gan piln\u012bb\u0101 integr\u0113t\u0101m sist\u0113m\u0101m. Cie\u0161i sadarbojoties ar klientiem, m\u0113s nodro\u0161in\u0101m, ka katrs risin\u0101jums ne tikai atbilst vi\u0146u prec\u012bzaj\u0101m pras\u012bb\u0101m, bet ar\u012b maksim\u0101li palielina veiktsp\u0113ju un v\u0113rt\u012bbu. M\u016bsu ap\u0146em\u0161an\u0101s sniegt \u0101tras, profesion\u0101las atbildes un ekspertu nor\u0101d\u012bjumus garant\u0113, ka katrs piepras\u012bjums tiek apstr\u0101d\u0101ts prec\u012bzi, vienm\u0113r nodro\u0161inot optim\u0101lus rezult\u0101tus.<\/p>\n<p>M\u0113s uzsveram p\u0101rredzamu un nep\u0101rtrauktu komunik\u0101ciju katr\u0101 produktu izstr\u0101des cikla posm\u0101. M\u016bsu \u012bpa\u0161i izveidot\u0101 komanda str\u0101d\u0101 tie\u0161i ar klientiem, lai r\u016bp\u012bgi izprastu vi\u0146u vajadz\u012bbas, sniedzot v\u0113rt\u012bgas atzi\u0146as un ekspertu ieteikumus, lai nodro\u0161in\u0101tu vislab\u0101kos rezult\u0101tus. Neatkar\u012bgi no t\u0101, vai m\u0113s projekt\u0113jam modernus produktus vai izpild\u0101m ikdienas pas\u016bt\u012bjumus, FMP ir ap\u0146\u0113mies vienm\u0113r savlaic\u012bgi pieg\u0101d\u0101t augstas kvalit\u0101tes, prec\u012bzi izstr\u0101d\u0101tus risin\u0101jumus. M\u016bsu m\u0113r\u0137is ir past\u0101v\u012bgi p\u0101rsniegt klientu cer\u012bbas, nodro\u0161inot izcilu servisu un sasniedzot izcilus rezult\u0101tus katr\u0101 projekt\u0101.<\/p>\n<p>FMP darb\u012bbas pamat\u0101 ir nelok\u0101ma ap\u0146em\u0161an\u0101s nodro\u0161in\u0101t kvalit\u0101ti. M\u0113s iev\u0113rojam augst\u0101kos ra\u017eo\u0161anas standartus un ievie\u0161am stingras kvalit\u0101tes kontroles procesus, lai nodro\u0161in\u0101tu, ka katrs produkts ne tikai atbilst, bet ar\u012b p\u0101rsniedz nozares standartus. \u0160\u012b ap\u0146em\u0161an\u0101s nodro\u0161in\u0101t izcil\u012bbu apvienojum\u0101 ar m\u016bsu pamatv\u0113rt\u012bb\u0101m \u2013 integrit\u0101ti, komandas darbu un neatlaid\u012bbu \u2013 ir \u013c\u0101vusi mums veidot ilgsto\u0161as, uz uztic\u012bbu balst\u012btas attiec\u012bbas ar klientiem gandr\u012bz 30 valst\u012bs vis\u0101 pasaul\u0113.<\/p>\n<p>FMP ir ap\u0146\u0113mies veicin\u0101t glob\u0101las partner\u012bbas, pied\u0101v\u0101jot ekspertu padomus un piel\u0101gotus risin\u0101jumus, kas atbilst m\u016bsu klientu main\u012bgaj\u0101m vajadz\u012bb\u0101m. M\u0113s cen\u0161amies veidot ilgtermi\u0146a, abpus\u0113ji izdev\u012bgas attiec\u012bbas, kas veicina katra projekta pan\u0101kumus. Neatkar\u012bgi no t\u0101, vai mekl\u0113jat inovat\u012bvus risin\u0101jumus jaunai iniciat\u012bvai vai past\u0101v\u012bgu atbalstu eso\u0161ai sist\u0113mai, FMP ir \u0161eit, lai pal\u012bdz\u0113tu jums p\u0101rvar\u0113t tehniskas probl\u0113mas un nodro\u0161in\u0101tu j\u016bsu turpm\u0101kus pan\u0101kumus.<\/p>\n<p><img loading=\"lazy\" decoding=\"async\" class=\"alignnone wp-image-2695\" src=\"https:\/\/fmp-components.com\/wp-content\/uploads\/2025\/01\/agricultural-gearbox3.webp\" alt=\"lauksaimniec\u012bbas p\u0101rnesumk\u0101rba\" width=\"1140\" height=\"1138\" title=\"\" srcset=\"https:\/\/fmp-components.com\/wp-content\/uploads\/2025\/01\/agricultural-gearbox3.webp 1140w, https:\/\/fmp-components.com\/wp-content\/uploads\/2025\/01\/agricultural-gearbox3-480x479.webp 480w\" sizes=\"(min-width: 0px) and (max-width: 480px) 480px, (min-width: 481px) 1140px, 100vw\" \/><\/p>\n<p>Autors: CX<\/p>","protected":false},"excerpt":{"rendered":"<p>Rating Chart Drawing For 600 Series Shaft Rotation Alignment For 600 Series Key Features of Gearbox for Agricultural Machinery &#8211; 600 Series The 600 Series Gearbox is engineered for demanding agricultural applications, designed to deliver exceptional performance and durability. Built with a robust two-piece aluminum housing, this gearbox offers superior strength, corrosion resistance, and thermal [&hellip;]<\/p>","protected":false},"featured_media":3258,"comment_status":"open","ping_status":"closed","template":"","meta":{"_et_pb_use_builder":"","_et_pb_old_content":"","_et_gb_content_width":""},"product_brand":[],"product_cat":[78],"product_tag":[],"class_list":{"0":"post-3253","1":"product","2":"type-product","3":"status-publish","4":"has-post-thumbnail","6":"product_cat-gearbox-for-agricultural-machinery","8":"first","9":"instock","10":"shipping-taxable","11":"product-type-simple"},"_links":{"self":[{"href":"https:\/\/fmp-components.com\/lv\/wp-json\/wp\/v2\/product\/3253","targetHints":{"allow":["GET"]}}],"collection":[{"href":"https:\/\/fmp-components.com\/lv\/wp-json\/wp\/v2\/product"}],"about":[{"href":"https:\/\/fmp-components.com\/lv\/wp-json\/wp\/v2\/types\/product"}],"replies":[{"embeddable":true,"href":"https:\/\/fmp-components.com\/lv\/wp-json\/wp\/v2\/comments?post=3253"}],"wp:featuredmedia":[{"embeddable":true,"href":"https:\/\/fmp-components.com\/lv\/wp-json\/wp\/v2\/media\/3258"}],"wp:attachment":[{"href":"https:\/\/fmp-components.com\/lv\/wp-json\/wp\/v2\/media?parent=3253"}],"wp:term":[{"taxonomy":"product_brand","embeddable":true,"href":"https:\/\/fmp-components.com\/lv\/wp-json\/wp\/v2\/product_brand?post=3253"},{"taxonomy":"product_cat","embeddable":true,"href":"https:\/\/fmp-components.com\/lv\/wp-json\/wp\/v2\/product_cat?post=3253"},{"taxonomy":"product_tag","embeddable":true,"href":"https:\/\/fmp-components.com\/lv\/wp-json\/wp\/v2\/product_tag?post=3253"}],"curies":[{"name":"wp","href":"https:\/\/api.w.org\/{rel}","templated":true}]}}