{"id":3242,"date":"2025-01-06T00:58:53","date_gmt":"2025-01-06T00:58:53","guid":{"rendered":"https:\/\/fmp-components.com\/?page_id=8"},"modified":"2025-01-06T00:58:53","modified_gmt":"2025-01-06T00:58:53","slug":"gearbox-for-agricultural-machinery-500-series","status":"publish","type":"product","link":"https:\/\/fmp-components.com\/lv\/product\/gearbox-for-agricultural-machinery-500-series\/","title":{"rendered":"Lauksaimniec\u012bbas tehnikas 500. s\u0113rijas p\u0101rnesumk\u0101rba"},"content":{"rendered":"<h2>V\u0113rt\u0113jumu tabula<\/h2>\n<p><img loading=\"lazy\" decoding=\"async\" class=\"alignnone  wp-image-3250\" src=\"https:\/\/fmp-components.com\/wp-content\/uploads\/2025\/01\/R500-rating-charts.webp\" alt=\"R500 reitingu diagrammas\" width=\"870\" height=\"1106\" title=\"\" srcset=\"https:\/\/fmp-components.com\/wp-content\/uploads\/2025\/01\/R500-rating-charts.webp 394w, https:\/\/fmp-components.com\/wp-content\/uploads\/2025\/01\/R500-rating-charts-236x300.webp 236w, https:\/\/fmp-components.com\/wp-content\/uploads\/2025\/01\/R500-rating-charts-9x12.webp 9w\" sizes=\"(max-width: 870px) 100vw, 870px\" \/><\/p>\n<h3>500. s\u0113rijas ras\u0113jums<\/h3>\n<p><img loading=\"lazy\" decoding=\"async\" class=\"alignnone  wp-image-3249\" src=\"https:\/\/fmp-components.com\/wp-content\/uploads\/2025\/01\/500drawing.webp\" alt=\"500z\u012bm\u0113\u0161ana\" width=\"888\" height=\"1150\" title=\"\" srcset=\"https:\/\/fmp-components.com\/wp-content\/uploads\/2025\/01\/500drawing.webp 888w, https:\/\/fmp-components.com\/wp-content\/uploads\/2025\/01\/500drawing-480x621.webp 480w\" sizes=\"(min-width: 0px) and (max-width: 480px) 480px, (min-width: 481px) 888px, 100vw\" \/><\/p>\n<h3>V\u0101rpstas rot\u0101cijas izl\u012bdzin\u0101\u0161ana 500. s\u0113rijai<\/h3>\n<p><img loading=\"lazy\" decoding=\"async\" class=\"alignnone size-full wp-image-3251\" src=\"https:\/\/fmp-components.com\/wp-content\/uploads\/2025\/01\/500-rotation-option.webp\" alt=\"500-apgriezienu-opcija\" width=\"1024\" height=\"384\" title=\"\" srcset=\"https:\/\/fmp-components.com\/wp-content\/uploads\/2025\/01\/500-rotation-option.webp 1024w, https:\/\/fmp-components.com\/wp-content\/uploads\/2025\/01\/500-rotation-option-980x368.webp 980w, https:\/\/fmp-components.com\/wp-content\/uploads\/2025\/01\/500-rotation-option-480x180.webp 480w\" sizes=\"(min-width: 0px) and (max-width: 480px) 480px, (min-width: 481px) and (max-width: 980px) 980px, (min-width: 981px) 1024px, 100vw\" \/><\/p>\n<h3>500. s\u0113rijas p\u0101rnesumk\u0101rba lauksaimniec\u012bbas tehnikai<\/h3>\n<p><strong>Funkcijas un priek\u0161roc\u012bbas:<\/strong><\/p>\n<ul>\n<li><strong>Divda\u013c\u012bgs alum\u012bnija korpuss:<\/strong> Korpuss, kas izgatavots no augstas stipr\u012bbas alum\u012bnija, pied\u0101v\u0101 izcilu iztur\u012bbu, iztur\u012bbu pret koroziju un izcilu siltumietilp\u012bbu. Tas nodro\u0161ina optim\u0101lu veiktsp\u0113ju pat ekstrem\u0101los ekspluat\u0101cijas apst\u0101k\u013cos, padarot to \u013coti piem\u0113rotu lauksaimniec\u012bbas videi.<\/li>\n<li><strong>Prec\u012bza apstr\u0101de:<\/strong> Katra deta\u013ca ir prec\u012bzi apstr\u0101d\u0101ta, lai nodro\u0161in\u0101tu perfektu zobratu sasl\u0113g\u0161anos un prec\u012bzu gult\u0146u priek\u0161spriegumu. \u0160\u012b uzman\u012bba deta\u013c\u0101m veicina vienm\u0113r\u012bg\u0101ku darb\u012bbu, samazina berzi un uzlabo p\u0101rnesumk\u0101rbas ilgm\u016b\u017e\u012bbu.<\/li>\n<li><strong>Daudzpus\u012bgi p\u0101rnesumu skait\u013ci:<\/strong> 500. s\u0113rijai ir prec\u012bzi kalti zobrati, kas pieejami \u010detr\u0101s attiec\u012bb\u0101s: 1:1, 1,35:1, 1,5:1 un 2:1, sniedzot jums pla\u0161u iesp\u0113ju kl\u0101stu, lai atbilstu da\u017e\u0101d\u0101m pielietojuma vajadz\u012bb\u0101m. Turkl\u0101t ir pieejams spir\u0101lveida konusveida zobrats ar attiec\u012bbu 1:1, kas v\u0113l vair\u0101k papla\u0161ina p\u0101rnesumk\u0101rbas piel\u0101go\u0161an\u0101s iesp\u0113jas da\u017e\u0101diem uzdevumiem.<\/li>\n<li><strong>Konusveida rull\u012b\u0161u gult\u0146i:<\/strong> Augstas kvalit\u0101tes konusveida rull\u012b\u0161u gult\u0146i nodro\u0161ina palielin\u0101tu kravnes\u012bbu un ilg\u0101ku gult\u0146u kalpo\u0161anas laiku, garant\u0113jot past\u0101v\u012bgu un uzticamu veiktsp\u0113ju pat sare\u017e\u0123\u012btos apst\u0101k\u013cos. \u0160ie gult\u0146i ir paredz\u0113ti liel\u0101ku radi\u0101lo un aksi\u0101lo slod\u017eu iztur\u0113\u0161anai, padarot tos ide\u0101li piem\u0113rotus lieljaudas lauksaimniec\u012bbas tehnikai.<\/li>\n<li><strong>Augstas stipr\u012bbas t\u0113rauda v\u0101rpsta:<\/strong> 500. s\u0113rijas p\u0101rnesumk\u0101rbai ir 1,375 collu v\u0101rpsta, kas izgatavota no augstas stipr\u012bbas t\u0113rauda, \u200b\u200bnodro\u0161inot uzlabotu iztur\u012bbu un nodilumiztur\u012bbu. \u0160\u012b robust\u0101 v\u0101rpstas konstrukcija nodro\u0161ina uzticamu jaudas p\u0101rvadi ilgsto\u0161i, pat skarbos apst\u0101k\u013cos.<\/li>\n<li><strong>E\u013c\u013co\u0161ana un herm\u0113tiskuma p\u0101rbaude:<\/strong> P\u0101rnesumk\u0101rba ir iepriek\u0161 uzpild\u012bta ar 80W90 p\u0101rnesumu sm\u0113rvielu, kas nodro\u0161ina vienm\u0113r\u012bgu un efekt\u012bvu darb\u012bbu jau no pa\u0161a s\u0101kuma. Katra iek\u0101rta pirms nos\u016bt\u012b\u0161anas tiek r\u016bp\u012bgi p\u0101rbaud\u012bta uz herm\u0113tiskumu, lai garant\u0113tu, ka pieg\u0101des br\u012bd\u012b produkts nav nopl\u016bdis.<\/li>\n<li><strong>Svars un lieto\u0161anas \u0113rtums:<\/strong> 500. s\u0113rijas p\u0101rnesumk\u0101rba sver no 25 l\u012bdz 30 m\u0101rci\u0146\u0101m (11,5 l\u012bdz 13,6 kg).<strong>.<\/strong>, ieskaitot transmisijas e\u013c\u013cu. \u0160is svars ir r\u016bp\u012bgi l\u012bdzsvarots, lai nodro\u0161in\u0101tu iztur\u012bbu, vienlaikus saglab\u0101jot vieglu uzst\u0101d\u012b\u0161anu un ekspluat\u0101ciju.<\/li>\n<\/ul>\n<p>500. s\u0113rijas p\u0101rnesumk\u0101rba ir ide\u0101ls risin\u0101jums lauksaimniec\u012bbas tehnikai, pied\u0101v\u0101jot uzlabotu iztur\u012bbu, efekt\u012bvu veiktsp\u0113ju un daudzpus\u012bbu da\u017e\u0101diem pielietojumiem. Neatkar\u012bgi no t\u0101, vai to izmanto augsnes apstr\u0101des, st\u0101d\u012b\u0161anas vai ra\u017eas nov\u0101k\u0161anas tehnik\u0101, \u0161\u012b p\u0101rnesumk\u0101rba nodro\u0161ina uzticamu darb\u012bbu pat vissare\u017e\u0123\u012bt\u0101kajos darba apst\u0101k\u013cos. Iztur\u012bg\u0101 konstrukcija un augstas kvalit\u0101tes materi\u0101li padara to par uzticamu izv\u0113li lauksaimniec\u012bbas nozares ra\u017eot\u0101jiem un operatoriem, kuri mekl\u0113 ilgsto\u0161us un uzticamus p\u0101rnesumk\u0101rbu risin\u0101jumus.<\/p>\n<h2>Par FMP<\/h2>\n<p>FMP galven\u0101 m\u012btne atrodas It\u0101lij\u0101, un tas ir iev\u0113rojams ra\u017eot\u0101js, kas specializ\u0113jas augstas veiktsp\u0113jas p\u0101rnesumk\u0101rbu projekt\u0113\u0161an\u0101, izstr\u0101d\u0113 un ra\u017eo\u0161an\u0101. Ar sp\u0113c\u012bgu uzsvaru uz lauksaimniec\u012bbas tehnikas sektoru, FMP ir paz\u012bstams ar savu prec\u012bzo in\u017eenieriju, inovat\u012bviem risin\u0101jumiem un nelok\u0101mu uzticam\u012bbu. Gadu gait\u0101 FMP ir ieguvis stabilu reput\u0101ciju k\u0101 uzticams partneris gan lauksaimniec\u012bbas, gan r\u016bpniec\u012bbas tirgos. M\u016bsu pla\u0161aj\u0101 kl\u0101st\u0101 ietilpst p\u0113c pas\u016bt\u012bjuma izgatavotas p\u0101rnesumk\u0101rbas, kard\u0101nv\u0101rpstas un da\u017e\u0101das citas svar\u012bgas sast\u0101vda\u013cas, kas visas ir r\u016bp\u012bgi izstr\u0101d\u0101tas, lai atbilstu da\u017e\u0101du pielietojumu \u012bpa\u0161aj\u0101m pras\u012bb\u0101m.<\/p>\n<p>Uz\u0146\u0113mum\u0101 FMP m\u0113s apzin\u0101mies, ka katram klientam ir unik\u0101las pras\u012bbas. \u0160\u012b izpratne ir pamat\u0101 m\u016bsu ap\u0146\u0113m\u012bbai nodro\u0161in\u0101t piel\u0101gotus risin\u0101jumus, kas ir izstr\u0101d\u0101ti, lai risin\u0101tu gan atsevi\u0161\u0137u komponentu, gan piln\u012bb\u0101 integr\u0113tu sist\u0113mu probl\u0113mas. Cie\u0161i sadarbojoties ar klientiem, m\u0113s nodro\u0161in\u0101m, ka katrs risin\u0101jums ne tikai atbilst vi\u0146u \u012bpa\u0161aj\u0101m vajadz\u012bb\u0101m, bet ar\u012b uzlabo veiktsp\u0113ju, efektivit\u0101ti un v\u0113rt\u012bbu. M\u016bsu ap\u0146em\u0161an\u0101s sniegt \u0101tras, profesion\u0101las atbildes un ekspertu nor\u0101d\u012bjumus nodro\u0161ina, ka katrs piepras\u012bjums tiek prec\u012bzi izpild\u012bts, sniedzot optim\u0101lus rezult\u0101tus.<\/p>\n<p>Skaidra un p\u0101rredzama komunik\u0101cija ir m\u016bsu pieejas pamat\u0101. S\u0101kot no s\u0101kotn\u0113j\u0101s projekt\u0113\u0161anas f\u0101zes l\u012bdz pat produkta pieg\u0101dei, m\u016bsu \u012bpa\u0161i izveidot\u0101 komanda str\u0101d\u0101 plecu pie pleca ar klientiem, ieg\u016bstot piln\u012bgu izpratni par vi\u0146u izaicin\u0101jumiem. \u0160\u012b sadarb\u012bbas pieeja \u013cauj mums sniegt v\u0113rt\u012bgas atzi\u0146as, dal\u012bties ar inovat\u012bviem risin\u0101jumiem un galu gal\u0101 sasniegt lab\u0101kos rezult\u0101tus. Neatkar\u012bgi no t\u0101, vai str\u0101d\u0101jam pie revolucion\u0101riem projektiem vai izpild\u0101m ikdienas pas\u016bt\u012bjumus, FMP ir ap\u0146\u0113mies vienm\u0113r savlaic\u012bgi pieg\u0101d\u0101t augstas kvalit\u0101tes, prec\u012bzi izstr\u0101d\u0101tus risin\u0101jumus. M\u016bsu m\u0113r\u0137is ir past\u0101v\u012bgi p\u0101rsniegt klientu cer\u012bbas, nodro\u0161inot izcilu servisu un izcilus rezult\u0101tus katr\u0101 projekt\u0101.<\/p>\n<p>FMP darb\u012bbas pamat\u0101 ir nelok\u0101ma ap\u0146em\u0161an\u0101s nodro\u0161in\u0101t kvalit\u0101ti. M\u0113s iev\u0113rojam augst\u0101kos ra\u017eo\u0161anas standartus un ievie\u0161am stingras kvalit\u0101tes kontroles procesus, lai nodro\u0161in\u0101tu, ka katrs produkts p\u0101rsniedz nozares standartus. \u0160\u012b ap\u0146em\u0161an\u0101s izcil\u012bbai l\u012bdz\u0101s m\u016bsu pamatv\u0113rt\u012bb\u0101m \u2013 godpr\u0101t\u012bbai, komandas darbam un neatlaid\u012bbai \u2013 ir \u013c\u0101vusi mums veidot ilgsto\u0161as, uz uztic\u012bbu balst\u012btas attiec\u012bbas ar klientiem vair\u0101k nek\u0101 30 valst\u012bs vis\u0101 pasaul\u0113.<\/p>\n<p>FMP vienm\u0113r koncentr\u0113jas uz glob\u0101lu partner\u012bbu veicin\u0101\u0161anu, ekspertu padomu snieg\u0161anu un piel\u0101gotu risin\u0101jumu nodro\u0161in\u0101\u0161anu, kas att\u012bst\u0101s atbilsto\u0161i m\u016bsu klientu vajadz\u012bb\u0101m. M\u016bsu m\u0113r\u0137is ir veidot ilgtermi\u0146a, abpus\u0113ji izdev\u012bgas attiec\u012bbas, kas veicina katra projekta pan\u0101kumus. Neatkar\u012bgi no t\u0101, vai mekl\u0113jat inovat\u012bvus risin\u0101jumus jaunam uz\u0146\u0113mumam vai nepiecie\u0161ams past\u0101v\u012bgs atbalsts jau eso\u0161ai sist\u0113mai, FMP ir gatavs pal\u012bdz\u0113t jums p\u0101rvar\u0113t tehniskas probl\u0113mas un nodro\u0161in\u0101t j\u016bsu turpm\u0101kus pan\u0101kumus.<\/p>\n<p><img loading=\"lazy\" decoding=\"async\" class=\"alignnone wp-image-2695\" src=\"https:\/\/fmp-components.com\/wp-content\/uploads\/2025\/01\/agricultural-gearbox3.webp\" alt=\"lauksaimniec\u012bbas p\u0101rnesumk\u0101rba\" width=\"1140\" height=\"1138\" title=\"\" srcset=\"https:\/\/fmp-components.com\/wp-content\/uploads\/2025\/01\/agricultural-gearbox3.webp 1140w, https:\/\/fmp-components.com\/wp-content\/uploads\/2025\/01\/agricultural-gearbox3-480x479.webp 480w\" sizes=\"(min-width: 0px) and (max-width: 480px) 480px, (min-width: 481px) 1140px, 100vw\" \/><\/p>\n<p>Autors: CX<\/p>","protected":false},"excerpt":{"rendered":"<p>Rating Chart Drawing For 500 Series Shaft Rotation Alignment For 500 Series 500 Series Gearbox for Agricultural Machinery Features and Benefits: Two-Piece Aluminum Housing: Crafted with high-strength aluminum, the housing offers exceptional durability, corrosion resistance, and superior thermal capacity. This ensures optimal performance even under extreme operational conditions, making it highly suited for agricultural environments. [&hellip;]<\/p>","protected":false},"featured_media":3252,"comment_status":"open","ping_status":"closed","template":"","meta":{"_et_pb_use_builder":"","_et_pb_old_content":"","_et_gb_content_width":""},"product_brand":[],"product_cat":[78],"product_tag":[],"class_list":{"0":"post-3242","1":"product","2":"type-product","3":"status-publish","4":"has-post-thumbnail","6":"product_cat-gearbox-for-agricultural-machinery","8":"first","9":"instock","10":"shipping-taxable","11":"product-type-simple"},"_links":{"self":[{"href":"https:\/\/fmp-components.com\/lv\/wp-json\/wp\/v2\/product\/3242","targetHints":{"allow":["GET"]}}],"collection":[{"href":"https:\/\/fmp-components.com\/lv\/wp-json\/wp\/v2\/product"}],"about":[{"href":"https:\/\/fmp-components.com\/lv\/wp-json\/wp\/v2\/types\/product"}],"replies":[{"embeddable":true,"href":"https:\/\/fmp-components.com\/lv\/wp-json\/wp\/v2\/comments?post=3242"}],"wp:featuredmedia":[{"embeddable":true,"href":"https:\/\/fmp-components.com\/lv\/wp-json\/wp\/v2\/media\/3252"}],"wp:attachment":[{"href":"https:\/\/fmp-components.com\/lv\/wp-json\/wp\/v2\/media?parent=3242"}],"wp:term":[{"taxonomy":"product_brand","embeddable":true,"href":"https:\/\/fmp-components.com\/lv\/wp-json\/wp\/v2\/product_brand?post=3242"},{"taxonomy":"product_cat","embeddable":true,"href":"https:\/\/fmp-components.com\/lv\/wp-json\/wp\/v2\/product_cat?post=3242"},{"taxonomy":"product_tag","embeddable":true,"href":"https:\/\/fmp-components.com\/lv\/wp-json\/wp\/v2\/product_tag?post=3242"}],"curies":[{"name":"wp","href":"https:\/\/api.w.org\/{rel}","templated":true}]}}