{"id":3241,"date":"2025-01-06T00:37:34","date_gmt":"2025-01-06T00:37:34","guid":{"rendered":"https:\/\/fmp-components.com\/?page_id=8"},"modified":"2025-01-06T06:53:06","modified_gmt":"2025-01-06T06:53:06","slug":"gearbox-for-agricultural-machinery-200-series","status":"publish","type":"product","link":"https:\/\/fmp-components.com\/lv\/product\/gearbox-for-agricultural-machinery-200-series\/","title":{"rendered":"Lauksaimniec\u012bbas tehnikas 200. s\u0113rijas p\u0101rnesumk\u0101rba"},"content":{"rendered":"<h2>V\u0113rt\u0113jumu tabula<\/h2>\n<p><img loading=\"lazy\" decoding=\"async\" class=\"alignnone wp-image-3245\" src=\"https:\/\/fmp-components.com\/wp-content\/uploads\/2025\/01\/R200-rating-charts.webp\" alt=\"R200 reitingu diagrammas\" width=\"917\" height=\"863\" title=\"\" srcset=\"https:\/\/fmp-components.com\/wp-content\/uploads\/2025\/01\/R200-rating-charts.webp 441w, https:\/\/fmp-components.com\/wp-content\/uploads\/2025\/01\/R200-rating-charts-300x282.webp 300w, https:\/\/fmp-components.com\/wp-content\/uploads\/2025\/01\/R200-rating-charts-13x12.webp 13w\" sizes=\"(max-width: 917px) 100vw, 917px\" \/><\/p>\n<h3>200. s\u0113rijas ras\u0113jums<\/h3>\n<p><img loading=\"lazy\" decoding=\"async\" class=\"wp-image-3246 alignnone\" src=\"https:\/\/fmp-components.com\/wp-content\/uploads\/2025\/01\/200drawing.webp\" alt=\"200z\u012bm\u0113\u0161ana\" width=\"876\" height=\"1134\" title=\"\" srcset=\"https:\/\/fmp-components.com\/wp-content\/uploads\/2025\/01\/200drawing.webp 876w, https:\/\/fmp-components.com\/wp-content\/uploads\/2025\/01\/200drawing-480x621.webp 480w\" sizes=\"(min-width: 0px) and (max-width: 480px) 480px, (min-width: 481px) 876px, 100vw\" \/><\/p>\n<h3>V\u0101rpstas rot\u0101cijas izl\u012bdzin\u0101\u0161ana 200. s\u0113rijai<\/h3>\n<p><img loading=\"lazy\" decoding=\"async\" class=\"alignnone wp-image-3247\" src=\"https:\/\/fmp-components.com\/wp-content\/uploads\/2025\/01\/100shaft-1.webp\" alt=\"100 v\u0101rpstas\" width=\"842\" height=\"255\" title=\"\" srcset=\"https:\/\/fmp-components.com\/wp-content\/uploads\/2025\/01\/100shaft-1.webp 360w, https:\/\/fmp-components.com\/wp-content\/uploads\/2025\/01\/100shaft-1-300x91.webp 300w, https:\/\/fmp-components.com\/wp-content\/uploads\/2025\/01\/100shaft-1-18x5.webp 18w\" sizes=\"(max-width: 842px) 100vw, 842px\" \/><\/p>\n<h3>200. s\u0113rijas \u0101trumk\u0101rba lauksaimniec\u012bbas tehnikai<\/h3>\n<p>200. s\u0113rijas p\u0101rnesumk\u0101rba ir izstr\u0101d\u0101ta, lai apmierin\u0101tu lauksaimniec\u012bbas tehnikas pras\u012bbas, pied\u0101v\u0101jot stabilu veiktsp\u0113ju, uzlabotu iztur\u012bbu un izcilu efektivit\u0101ti. \u0160\u012b p\u0101rnesumk\u0101rba, kas rad\u012bta da\u017e\u0101diem lauksaimniec\u012bbas lietojumiem, apvieno prec\u012bzu in\u017eenieriju ar augstas kvalit\u0101tes materi\u0101liem, lai nodro\u0161in\u0101tu izcilu uzticam\u012bbu sare\u017e\u0123\u012btos apst\u0101k\u013cos.<\/p>\n<h4>Funkcijas:<\/h4>\n<ul>\n<li><strong>Divda\u013c\u012bgs alum\u012bnija korpuss<\/strong>Izgatavots no iztur\u012bga, viegla alum\u012bnija, divda\u013c\u012bgais korpuss nodro\u0161ina <strong>izcils sp\u0113ks<\/strong>, <strong>iztur\u012bba pret koroziju<\/strong>un <strong>siltumietilp\u012bba<\/strong>, padarot to labi piem\u0113rotu lauksaimniec\u012bbas videi, kur bie\u017ei sastopama saskare ar skarbiem apst\u0101k\u013ciem.<\/li>\n<li><strong>Prec\u012bza apstr\u0101de<\/strong>P\u0101rnesumk\u0101rba ir <strong>prec\u012bzi apstr\u0101d\u0101ts<\/strong> lai nodro\u0161in\u0101tu perfektu zobratu sazobi un gult\u0146u priek\u0161spriegumu, optimiz\u0113jot efektivit\u0101ti un samazinot nodilumu. \u0160is r\u016bp\u012bgais process nodro\u0161ina uzticamu un klusu darb\u012bbu ilgsto\u0161\u0101 laika period\u0101.<\/li>\n<li><strong>Kalti zobrati vair\u0101k\u0101s proporcij\u0101s<\/strong>: 200. s\u0113rijas p\u0101rnesumk\u0101rba ir apr\u012bkota ar <strong>prec\u012bzi kalti zobrati<\/strong> pieejams tr\u012bs proporcij\u0101s: <strong>1:1<\/strong>, <strong>1.5:1<\/strong>un <strong>2:1<\/strong>, nodro\u0161inot elast\u012bbu da\u017e\u0101dos pielietojumos, garant\u0113jot pareizo \u0101truma un griezes momenta l\u012bdzsvaru da\u017e\u0101diem lauksaimniec\u012bbas uzdevumiem.<\/li>\n<li><strong>Konusveida rull\u012b\u0161u gult\u0146i<\/strong>: <strong>Koniskie rull\u012b\u0161u gult\u0146i<\/strong> ir integr\u0113ti dizain\u0101, lai nodro\u0161in\u0101tu liel\u0101ku <strong>kravnes\u012bba<\/strong> un <strong>ilg\u0101ks gult\u0146u kalpo\u0161anas laiks<\/strong>, nodro\u0161inot stabilu darb\u012bbu un iztur\u012bbu pat pie liel\u0101m slodz\u0113m un liela sprieguma.<\/li>\n<li><strong>Augstas iztur\u012bbas 1 collas v\u0101rpsta<\/strong>P\u0101rnesumk\u0101rbai ir <strong>1 collas v\u0101rpsta<\/strong> izgatavots no <strong>augstas stipr\u012bbas t\u0113rauds<\/strong>, kas paredz\u0113ti skarbiem lauksaimniec\u012bbas darbiem, nodro\u0161inot nepiecie\u0161amo iztur\u012bbu un uzticam\u012bbu darbam sare\u017e\u0123\u012btos apst\u0101k\u013cos.<\/li>\n<li><strong>E\u013c\u013co\u0161ana un herm\u0113tiskuma p\u0101rbaude<\/strong>Iepriek\u0161 piepild\u012bts ar <strong>80W90 p\u0101rnesumu sm\u0113rviela<\/strong>, katra p\u0101rnesumk\u0101rba ir r\u016bp\u012bgi <strong>herm\u0113tiskuma p\u0101rbaude<\/strong> pirms nos\u016bt\u012b\u0161anas, lai nodro\u0161in\u0101tu pareizu bl\u012bv\u0113jumu un garant\u0113tu, ka tas darbojas nevainojami bez probl\u0113m\u0101m jau no pa\u0161a s\u0101kuma.<\/li>\n<li><strong>Svars<\/strong>200. s\u0113rijas svars ir aptuveni <strong>12 l\u012bdz 15 m\u0101rci\u0146as<\/strong>, ieskaitot e\u013c\u013cu, nodro\u0161inot l\u012bdzsvaru starp iztur\u012bbu un vieglu konstrukciju, lai samazin\u0101tu slodzi uz lauksaimniec\u012bbas tehniku.<\/li>\n<\/ul>\n<p>200. s\u0113rijas p\u0101rnesumk\u0101rba ir \u013coti daudzpus\u012bgs risin\u0101jums lauksaimniec\u012bbas tehnikai, kas pied\u0101v\u0101 lielisku jaudas p\u0101rvadi, ilgsto\u0161u iztur\u012bbu un minim\u0101las apkopes pras\u012bbas. Neatkar\u012bgi no t\u0101, vai t\u0101 ir augsnes apstr\u0101de, ra\u017eas nov\u0101k\u0161ana vai citi lauksaimniec\u012bbas darbi, 200. s\u0113rija nodro\u0161ina vienm\u0113r\u012bgu un efekt\u012bvu darb\u012bbu jebkuros apst\u0101k\u013cos.<\/p>\n<p>Ja jums ir \u012bpa\u0161as pras\u012bbas vai nepiecie\u0161ams piel\u0101gots risin\u0101jums, FMP ir gatavs pal\u012bdz\u0113t ar ekspertu padomiem un piel\u0101gotiem risin\u0101jumiem. \u013baujiet mums pal\u012bdz\u0113t jums optimiz\u0113t j\u016bsu lauksaimniec\u012bbas tehnikas veiktsp\u0113ju ar pareizo p\u0101rnesumk\u0101rbu atbilsto\u0161i j\u016bsu vajadz\u012bb\u0101m.<\/p>\n<h2>Par FMP<\/h2>\n<p>FMP galven\u0101 m\u012btne atrodas It\u0101lij\u0101, un tas ir iev\u0113rojams l\u012bderis augstas veiktsp\u0113jas p\u0101rnesumk\u0101rbu projekt\u0113\u0161an\u0101, izstr\u0101d\u0113 un ra\u017eo\u0161an\u0101, \u012bpa\u0161i uzsverot lauksaimniec\u012bbas tehnikas sektora apkalpo\u0161anu. Atz\u012bts par m\u016bsu ap\u0146em\u0161anos attiec\u012bb\u0101 uz prec\u012bzu in\u017eenieriju, inovat\u012bviem risin\u0101jumiem un past\u0101v\u012bgu uzticam\u012bbu, FMP ir ieguvis cien\u012bjamu poz\u012bciju k\u0101 uzticams partneris gan lauksaimniec\u012bbas, gan r\u016bpniec\u012bbas nozar\u0113. M\u016bsu daudzveid\u012bgais produktu kl\u0101sts ietver z\u0101les p\u013c\u0101v\u0113ju, j\u016bgv\u0101rpstu un citu svar\u012bgu komponentu p\u0101rnesumk\u0101rbas p\u0113c pas\u016bt\u012bjuma, kas visas ir r\u016bp\u012bgi izstr\u0101d\u0101tas, lai apmierin\u0101tu pla\u0161a pielietojuma kl\u0101sta unik\u0101l\u0101s pras\u012bbas.<\/p>\n<p>Uz\u0146\u0113mum\u0101 FMP m\u0113s saprotam, ka katram klientam ir at\u0161\u0137ir\u012bgas pras\u012bbas un izaicin\u0101jumi. Tas mudina m\u016bs koncentr\u0113ties uz piel\u0101gotu risin\u0101jumu snieg\u0161anu gan atsevi\u0161\u0137iem komponentiem, gan piln\u012bb\u0101 integr\u0113t\u0101m sist\u0113m\u0101m. Cie\u0161i sadarbojoties ar klientiem, m\u0113s nodro\u0161in\u0101m, ka katrs risin\u0101jums ir piln\u012bb\u0101 saska\u0146ots ar vi\u0146u \u012bpa\u0161aj\u0101m vajadz\u012bb\u0101m, optimiz\u0113jot veiktsp\u0113ju un palielinot v\u0113rt\u012bbu. M\u016bsu ap\u0146em\u0161an\u0101s sniegt savlaic\u012bgas atbildes, profesion\u0101lu vad\u012bbu un ekspertu l\u012bme\u0146a izpildi garant\u0113, ka katrs projekts tiek \u012bstenots prec\u012bzi, past\u0101v\u012bgi sasniedzot vislab\u0101kos iesp\u0113jamos rezult\u0101tus.<\/p>\n<p>M\u0113s pie\u0161\u0137iram augstu priorit\u0101ti skaidrai un nep\u0101rtrauktai komunik\u0101cijai vis\u0101 produktu izstr\u0101des proces\u0101. M\u016bsu \u012bpa\u0161i izveidot\u0101 komanda cie\u0161i sadarbojas ar klientiem, lai piln\u012bb\u0101 izprastu vi\u0146u pras\u012bbas, sniedzot v\u0113rt\u012bgas atzi\u0146as un ieteikumus optim\u0101lu rezult\u0101tu sasnieg\u0161anai. Neatkar\u012bgi no t\u0101, vai tiek izstr\u0101d\u0101ti vismodern\u0101kie produkti vai izpild\u012bti ikdienas pas\u016bt\u012bjumi, FMP stingri turas pie savas ap\u0146em\u0161an\u0101s vienm\u0113r savlaic\u012bgi pieg\u0101d\u0101t augstas kvalit\u0101tes, prec\u012bzi izstr\u0101d\u0101tus risin\u0101jumus. M\u016bsu m\u0113r\u0137is ir p\u0101rsniegt klientu cer\u012bbas, nodro\u0161inot izcilu servisu un rezult\u0101tus katr\u0101 m\u016bsu uzs\u0101ktaj\u0101 projekt\u0101.<\/p>\n<p>FMP pamat\u0101 ir nelok\u0101ma ap\u0146em\u0161an\u0101s nodro\u0161in\u0101t kvalit\u0101ti. M\u0113s iev\u0113rojam augst\u0101kos nozares standartus un ievie\u0161am stingras kvalit\u0101tes kontroles procesus, lai nodro\u0161in\u0101tu, ka katrs produkts ne tikai atbilst, bet ar\u012b p\u0101rsniedz nozares standartus. \u0160\u012b ap\u0146em\u0161an\u0101s sasniegt izcil\u012bbu apvienojum\u0101 ar m\u016bsu pamatv\u0113rt\u012bb\u0101m \u2013 integrit\u0101ti, komandas darbu un neatlaid\u012bbu \u2013 ir \u013c\u0101vusi mums veidot ilgsto\u0161as, uz uztic\u012bbu balst\u012btas attiec\u012bbas ar klientiem gandr\u012bz 30 valst\u012bs vis\u0101 pasaul\u0113.<\/p>\n<p>FMP aizraut\u012bgi veicina glob\u0101las partnerattiec\u012bbas, pied\u0101v\u0101jot ekspertu padomus un piel\u0101gotus risin\u0101jumus, kas att\u012bst\u0101s l\u012bdzi main\u012bgaj\u0101m m\u016bsu klientu vajadz\u012bb\u0101m. M\u016bsu m\u0113r\u0137is ir veidot ilgtermi\u0146a, abpus\u0113ji izdev\u012bgas attiec\u012bbas, kas veicina katra projekta pan\u0101kumus. Neatkar\u012bgi no t\u0101, vai jums ir nepiecie\u0161ami inovat\u012bvi risin\u0101jumi jaunai iniciat\u012bvai vai past\u0101v\u012bgs atbalsts eso\u0161ai sist\u0113mai, FMP ir ap\u0146\u0113mies pal\u012bdz\u0113t jums p\u0101rvar\u0113t tehniskas probl\u0113mas un nodro\u0161in\u0101t j\u016bsu turpm\u0101kus pan\u0101kumus.<\/p>\n<p><img loading=\"lazy\" decoding=\"async\" class=\"alignnone wp-image-2695\" src=\"https:\/\/fmp-components.com\/wp-content\/uploads\/2025\/01\/agricultural-gearbox3.webp\" alt=\"lauksaimniec\u012bbas p\u0101rnesumk\u0101rba\" width=\"1140\" height=\"1138\" title=\"\" srcset=\"https:\/\/fmp-components.com\/wp-content\/uploads\/2025\/01\/agricultural-gearbox3.webp 1140w, https:\/\/fmp-components.com\/wp-content\/uploads\/2025\/01\/agricultural-gearbox3-480x479.webp 480w\" sizes=\"(min-width: 0px) and (max-width: 480px) 480px, (min-width: 481px) 1140px, 100vw\" \/><\/p>\n<p>Autors: CX<\/p>","protected":false},"excerpt":{"rendered":"<p>Rating Chart Drawing for 200 Series Shaft Rotation Alignment For 200 Series 200 Series Gearbox for Agricultural Machinery The 200 Series Gearbox is engineered to meet the demanding needs of agricultural machinery, offering robust performance, enhanced durability, and excellent efficiency. Built for a range of agricultural applications, this gearbox combines precision engineering with high-quality materials [&hellip;]<\/p>","protected":false},"featured_media":3244,"comment_status":"open","ping_status":"closed","template":"","meta":{"_et_pb_use_builder":"","_et_pb_old_content":"","_et_gb_content_width":""},"product_brand":[],"product_cat":[78],"product_tag":[],"class_list":{"0":"post-3241","1":"product","2":"type-product","3":"status-publish","4":"has-post-thumbnail","6":"product_cat-gearbox-for-agricultural-machinery","8":"first","9":"instock","10":"shipping-taxable","11":"product-type-simple"},"_links":{"self":[{"href":"https:\/\/fmp-components.com\/lv\/wp-json\/wp\/v2\/product\/3241","targetHints":{"allow":["GET"]}}],"collection":[{"href":"https:\/\/fmp-components.com\/lv\/wp-json\/wp\/v2\/product"}],"about":[{"href":"https:\/\/fmp-components.com\/lv\/wp-json\/wp\/v2\/types\/product"}],"replies":[{"embeddable":true,"href":"https:\/\/fmp-components.com\/lv\/wp-json\/wp\/v2\/comments?post=3241"}],"wp:featuredmedia":[{"embeddable":true,"href":"https:\/\/fmp-components.com\/lv\/wp-json\/wp\/v2\/media\/3244"}],"wp:attachment":[{"href":"https:\/\/fmp-components.com\/lv\/wp-json\/wp\/v2\/media?parent=3241"}],"wp:term":[{"taxonomy":"product_brand","embeddable":true,"href":"https:\/\/fmp-components.com\/lv\/wp-json\/wp\/v2\/product_brand?post=3241"},{"taxonomy":"product_cat","embeddable":true,"href":"https:\/\/fmp-components.com\/lv\/wp-json\/wp\/v2\/product_cat?post=3241"},{"taxonomy":"product_tag","embeddable":true,"href":"https:\/\/fmp-components.com\/lv\/wp-json\/wp\/v2\/product_tag?post=3241"}],"curies":[{"name":"wp","href":"https:\/\/api.w.org\/{rel}","templated":true}]}}