{"id":3236,"date":"2025-01-05T08:24:05","date_gmt":"2025-01-05T08:24:05","guid":{"rendered":"https:\/\/fmp-components.com\/?page_id=8"},"modified":"2025-01-05T08:24:05","modified_gmt":"2025-01-05T08:24:05","slug":"gearbox-for-agricultural-machinery-100-series","status":"publish","type":"product","link":"https:\/\/fmp-components.com\/lv\/product\/gearbox-for-agricultural-machinery-100-series\/","title":{"rendered":"Lauksaimniec\u012bbas tehnikas 100. s\u0113rijas p\u0101rnesumk\u0101rba"},"content":{"rendered":"<h3><span class=\"ws12\">V\u0112RT\u0112JUMU TABULA<\/span><\/h3>\n<p><img loading=\"lazy\" decoding=\"async\" class=\"alignnone  wp-image-3237\" src=\"https:\/\/fmp-components.com\/wp-content\/uploads\/2025\/01\/100drawing.webp\" alt=\"100z\u012bm\u0113\u0161ana\" width=\"886\" height=\"1250\" title=\"\" srcset=\"https:\/\/fmp-components.com\/wp-content\/uploads\/2025\/01\/100drawing.webp 886w, https:\/\/fmp-components.com\/wp-content\/uploads\/2025\/01\/100drawing-480x677.webp 480w\" sizes=\"(min-width: 0px) and (max-width: 480px) 480px, (min-width: 481px) 886px, 100vw\" \/><\/p>\n<h3>Z\u012aM\u0112JUMS 100. S\u0112RIJAI<\/h3>\n<p><img loading=\"lazy\" decoding=\"async\" class=\"alignnone  wp-image-3239\" src=\"https:\/\/fmp-components.com\/wp-content\/uploads\/2025\/01\/R100-rating-charts.webp\" alt=\"R100 reitingu diagrammas\" width=\"843\" height=\"661\" title=\"\" srcset=\"https:\/\/fmp-components.com\/wp-content\/uploads\/2025\/01\/R100-rating-charts.webp 843w, https:\/\/fmp-components.com\/wp-content\/uploads\/2025\/01\/R100-rating-charts-480x376.webp 480w\" sizes=\"(min-width: 0px) and (max-width: 480px) 480px, (min-width: 481px) 843px, 100vw\" \/><\/p>\n<h3>V\u0100RPSTAS ROT\u0100CIJAS IZL\u012aDZIN\u0100\u0160ANA 100. S\u0112RIJAI<\/h3>\n<p><img loading=\"lazy\" decoding=\"async\" class=\"alignnone  wp-image-3238\" src=\"https:\/\/fmp-components.com\/wp-content\/uploads\/2025\/01\/100shaft.webp\" alt=\"100 v\u0101rpstas\" width=\"830\" height=\"251\" title=\"\" srcset=\"https:\/\/fmp-components.com\/wp-content\/uploads\/2025\/01\/100shaft.webp 360w, https:\/\/fmp-components.com\/wp-content\/uploads\/2025\/01\/100shaft-300x91.webp 300w, https:\/\/fmp-components.com\/wp-content\/uploads\/2025\/01\/100shaft-18x5.webp 18w\" sizes=\"(max-width: 830px) 100vw, 830px\" \/><\/p>\n<h3>100. s\u0113rijas \u0101trumk\u0101rba lauksaimniec\u012bbas tehnikai<\/h3>\n<p>100. s\u0113rijas p\u0101rnesumk\u0101rba ir \u012bpa\u0161i izstr\u0101d\u0101ta lauksaimniec\u012bbas tehnikai, nodro\u0161inot optim\u0101lu veiktsp\u0113ju, iztur\u012bbu un efektivit\u0101ti. Izstr\u0101d\u0101ta ar iztur\u012bgu konstrukciju un uzlabot\u0101m funkcij\u0101m, t\u0101 nodro\u0161ina uzticam\u012bbu pat sare\u017e\u0123\u012btos lauksaimniec\u012bbas apst\u0101k\u013cos. P\u0101rnesumk\u0101rba ir b\u016btiska sast\u0101vda\u013ca pla\u0161am lauksaimniec\u012bbas tehnikas kl\u0101stam, piem\u0113ram, augsnes fr\u0113z\u0113m, p\u013caujma\u0161\u012bn\u0101m un cit\u0101m ma\u0161\u012bn\u0101m, kur\u0101m nepiecie\u0161ama uzticama jaudas p\u0101rvade.<\/p>\n<p><strong>Galven\u0101s iez\u012bmes:<\/strong><\/p>\n<ul>\n<li><strong>Divda\u013c\u012bgs alum\u012bnija korpuss<\/strong><br \/>\nP\u0101rnesumk\u0101rbai ir divda\u013c\u012bgs alum\u012bnija korpuss, kas paredz\u0113ts uzlabotai iztur\u012bbai un korozijas iztur\u012bbai. Korpuss pied\u0101v\u0101 ar\u012b izcilu <strong>siltumietilp\u012bba<\/strong>, padarot to ide\u0101li piem\u0113rotu nep\u0101rtrauktai darb\u012bbai skarbos lauksaimniec\u012bbas apst\u0101k\u013cos.<\/li>\n<li><strong>Prec\u012bza apstr\u0101de optim\u0101lai veiktsp\u0113jai<\/strong><br \/>\nKatra vien\u012bba ir prec\u012bzi apstr\u0101d\u0101ta, lai nodro\u0161in\u0101tu perfektu zobratu sazobi un gult\u0146u priek\u0161spriegumu, garant\u0113jot vienm\u0113r\u012bgu darb\u012bbu un minim\u0101lu nodilumu.<strong>r<\/strong> laika gait\u0101. \u0160is augstais meistar\u012bbas l\u012bmenis uzlabo p\u0101rnesumk\u0101rbas efektivit\u0101ti un ilgm\u016b\u017e\u012bbu.<\/li>\n<li><strong>Kalti zobrati ar vair\u0101k\u0101m p\u0101rnesumu attiec\u012bb\u0101m<\/strong><br \/>\nP\u0101rnesumk\u0101rb\u0101 tiek izmantoti prec\u012bzi kalti zobrati, kas pieejami tr\u012bs da\u017e\u0101dos p\u0101rnesumskait\u013cos: 1:1, 1,1:1 un 1,43:1. \u0160\u012bs opcijas nodro\u0161ina elast\u012bbu, \u013caujot lietot\u0101jiem izv\u0113l\u0113ties ide\u0101lo p\u0101rnesumskaitli atbilsto\u0161i konkr\u0113tajam apr\u012bkojumam un ekspluat\u0101cijas pras\u012bb\u0101m.<\/li>\n<li><strong>Koniskie rull\u012b\u0161u gult\u0146i uzlabotai slodzes iztur\u012bbai<\/strong><br \/>\n100. s\u0113rijas p\u0101rnesumk\u0101rba, kas apr\u012bkota ar koniskiem rull\u012b\u0161u gult\u0146iem, pied\u0101v\u0101 palielin\u0101tu kravnes\u012bbu un iev\u0113rojami pagarina gult\u0146u kalpo\u0161anas laiku. \u0160\u012b \u012bpa\u0161\u012bba padara to \u012bpa\u0161i piem\u0113rotu augstas slodzes lietojumiem, nodro\u0161inot, ka p\u0101rnesumk\u0101rba var iztur\u0113t smagas lauksaimniec\u012bbas ekspluat\u0101cijas pras\u012bbas.<\/li>\n<li><strong>Augstas stipr\u012bbas t\u0113rauda v\u0101rpsta<\/strong><br \/>\nP\u0101rnesumk\u0101rba ir apr\u012bkota ar <strong>1 collas v\u0101rpsta<\/strong> Izgatavots no augstas stipr\u012bbas t\u0113rauda \u2014 standarta funkcija, kas paredz\u0113ta iztur\u012bbas uzlabo\u0161anai un vienm\u0113r\u012bgas veiktsp\u0113jas nodro\u0161in\u0101\u0161anai da\u017e\u0101dos darba apst\u0101k\u013cos. \u0160\u012b iztur\u012bg\u0101 v\u0101rpsta nodro\u0161ina p\u0101rnesumk\u0101rbas vienm\u0113r\u012bgu darb\u012bbu pat sare\u017e\u0123\u012btos apst\u0101k\u013cos.<\/li>\n<li><strong>80W90 p\u0101rnesumu sm\u0113rviela<\/strong><br \/>\n100. s\u0113rijas p\u0101rnesumk\u0101rba, kas iepriek\u0161 uzpild\u012bta ar 80W90 p\u0101rnesumu sm\u0113rvielu, ir gatava t\u016bl\u012bt\u0113jai lieto\u0161anai. Sm\u0113rviela nodro\u0161ina vienm\u0113r\u012bgu p\u0101rnesumu iesl\u0113g\u0161anos un efekt\u012bvu siltuma izkliedi. Katra p\u0101rnesumk\u0101rba pirms pieg\u0101des tiek pak\u013cauta herm\u0113tiskuma p\u0101rbaudei, lai nodro\u0161in\u0101tu, ka t\u0101 ir perfekti nosl\u0113gta un gatava uzst\u0101d\u012b\u0161anai.<\/li>\n<li><strong>Viegls, bet iztur\u012bgs dizains<\/strong><br \/>\n100. s\u0113rija, kas sver tikai 3\u20134,5 kg, ieskaitot e\u013c\u013cu, ir viegla, lai to b\u016btu viegli uzst\u0101d\u012bt un lietot. Neskatoties uz mazo svaru, p\u0101rnesumk\u0101rba saglab\u0101 savu iztur\u012bbu un ilgm\u016b\u017e\u012bbu, padarot to par lielisku izv\u0113li da\u017e\u0101diem lauksaimniec\u012bbas darbiem.<\/li>\n<\/ul>\n<p><strong>Lietojumi:<\/strong><br \/>\n100. s\u0113rijas p\u0101rnesumk\u0101rba ir daudzpus\u012bga un to var izmantot da\u017e\u0101d\u0101s lauksaimniec\u012bbas tehnik\u0101, tostarp p\u013caujma\u0161\u012bn\u0101s, kultivatoros un izklied\u0113t\u0101jos. T\u0101s prec\u012bz\u0101 in\u017eenierija padara to ide\u0101li piem\u0113rotu uzdevumiem, kuriem nepiecie\u0161ama past\u0101v\u012bga jaudas p\u0101rvade un uzticama veiktsp\u0113ja, nodro\u0161inot vienm\u0113r\u012bgu darb\u012bbu da\u017e\u0101dos lauksaimniec\u012bbas uzdevumos.<\/p>\n<p>100. s\u0113rijas p\u0101rnesumk\u0101rba lauksaimniec\u012bbas tehnikai nodro\u0161ina augstu veiktsp\u0113ju, iztur\u012bbu un elast\u012bbu, padarot to par uzticamu izv\u0113li m\u016bsdien\u012bgai lauksaimniec\u012bbas tehnikai. Neatkar\u012bgi no t\u0101, vai mekl\u0113jat precizit\u0101ti, nestsp\u0113ju vai piel\u0101go\u0161anas iesp\u0113jas, \u0161\u012b p\u0101rnesumk\u0101rba nodro\u0161ina visu nepiecie\u0161amo nevainojamai darb\u012bbai uz lauka.<\/p>\n<h3>Par FMP<\/h3>\n<p>FMP galven\u0101 m\u012btne atrodas It\u0101lij\u0101, un tas ir iev\u0113rojams ra\u017eot\u0101js, kas specializ\u0113jas augstas veiktsp\u0113jas p\u0101rnesumk\u0101rbu projekt\u0113\u0161an\u0101, izstr\u0101d\u0113 un ra\u017eo\u0161an\u0101, galvenok\u0101rt koncentr\u0113joties uz lauksaimniec\u012bbas tehnikas sektoru. FMP, kas ir paz\u012bstams ar savu prec\u012bzo in\u017eenieriju, inovat\u012bvajiem risin\u0101jumiem un nelok\u0101mo uzticam\u012bbu, ir ieguvis stabilu reput\u0101ciju k\u0101 uzticams partneris gan lauksaimniec\u012bbas, gan r\u016bpniec\u012bbas tirgos. M\u016bsu pla\u0161aj\u0101 kl\u0101st\u0101 ietilpst z\u0101les p\u013c\u0101v\u0113ju, j\u016bgv\u0101rpstu un citu svar\u012bgu komponentu individu\u0101li izstr\u0101d\u0101tas p\u0101rnesumk\u0101rbas, kas visas ir izstr\u0101d\u0101tas, lai apmierin\u0101tu da\u017e\u0101du pielietojumu \u012bpa\u0161\u0101s vajadz\u012bbas.<\/p>\n<p>Uz\u0146\u0113mum\u0101 FMP m\u0113s apzin\u0101mies, ka katrs klients saskaras ar at\u0161\u0137ir\u012bgiem izaicin\u0101jumiem. \u0160\u012b izpratne nosaka m\u016bsu pieeju piel\u0101gotu risin\u0101jumu snieg\u0161anai \u2014 gan atsevi\u0161\u0137iem komponentiem, gan piln\u012bb\u0101 integr\u0113t\u0101m sist\u0113m\u0101m. Cie\u0161i sadarbojoties ar klientiem, m\u0113s nodro\u0161in\u0101m, ka katrs risin\u0101jums ir r\u016bp\u012bgi saska\u0146ots ar vi\u0146u pras\u012bb\u0101m, optimiz\u0113jot veiktsp\u0113ju un vienlaikus palielinot v\u0113rt\u012bbu. M\u016bsu ap\u0146em\u0161an\u0101s nodro\u0161in\u0101t \u0101tru rea\u0123\u0113\u0161anas laiku, profesion\u0101lu vad\u012bbu un prec\u012bzu izpildi nodro\u0161ina, ka katrs piepras\u012bjums tiek apstr\u0101d\u0101ts profesion\u0101li, nodro\u0161inot vislab\u0101kos iesp\u0113jamos rezult\u0101tus.<\/p>\n<p>Skaidra un nep\u0101rtraukta komunik\u0101cija ir m\u016bsu pieejas pamatelements vis\u0101 produktu izstr\u0101des cikl\u0101. M\u016bsu \u012bpa\u0161i izveidot\u0101 komanda str\u0101d\u0101 tie\u0161i ar klientiem, lai ieg\u016btu visaptvero\u0161u izpratni par vi\u0146u vajadz\u012bb\u0101m, un sniedz v\u0113rt\u012bgas atzi\u0146as un ieteikumus, lai sasniegtu visizdev\u012bg\u0101kos rezult\u0101tus. Neatkar\u012bgi no t\u0101, vai m\u0113s projekt\u0113jam modernus produktus vai izpild\u0101m ikdienas pas\u016bt\u012bjumus, FMP ir ap\u0146\u0113mies vienm\u0113r savlaic\u012bgi pieg\u0101d\u0101t augstas kvalit\u0101tes, prec\u012bzi izstr\u0101d\u0101tus risin\u0101jumus. M\u016bsu m\u0113r\u0137is ir p\u0101rsniegt klientu cer\u012bbas, nodro\u0161inot izcilu servisu un izcilus rezult\u0101tus katr\u0101 projekt\u0101.<\/p>\n<p>Kvalit\u0101te ir FMP darb\u012bbas st\u016brakmens. M\u0113s iev\u0113rojam augst\u0101kos ra\u017eo\u0161anas standartus un ievie\u0161am stingrus kvalit\u0101tes kontroles pas\u0101kumus, lai nodro\u0161in\u0101tu, ka katrs produkts ne tikai atbilst, bet ar\u012b p\u0101rsniedz nozares standartus. \u0160\u012b ap\u0146em\u0161an\u0101s sasniegt izcil\u012bbu apvienojum\u0101 ar m\u016bsu pamatv\u0113rt\u012bb\u0101m \u2013 integrit\u0101ti, komandas darbu un neatlaid\u012bbu \u2013 ir \u013c\u0101vusi mums veidot ilgsto\u0161as, uz uztic\u012bbu balst\u012btas attiec\u012bbas ar klientiem gandr\u012bz 30 valst\u012bs vis\u0101 pasaul\u0113.<\/p>\n<p>FMP ir ap\u0146\u0113mies veicin\u0101t glob\u0101las partnerattiec\u012bbas, pied\u0101v\u0101jot ekspertu padomus un piel\u0101gotus risin\u0101jumus, kas att\u012bst\u0101s l\u012bdz ar m\u016bsu klientu vajadz\u012bb\u0101m. M\u0113s cen\u0161amies veidot ilgtermi\u0146a, abpus\u0113ji izdev\u012bgas attiec\u012bbas, kas veicina katra projekta past\u0101v\u012bgus pan\u0101kumus. Neatkar\u012bgi no t\u0101, vai mekl\u0113jat inovat\u012bvus risin\u0101jumus jaunam uz\u0146\u0113mumam vai nepiecie\u0161ams nep\u0101rtraukts atbalsts eso\u0161ai sist\u0113mai, FMP ir \u0161eit, lai pal\u012bdz\u0113tu jums risin\u0101t tehniskas probl\u0113mas un nodro\u0161in\u0101tu j\u016bsu ilgtermi\u0146a pan\u0101kumus.<\/p>\n<p><img loading=\"lazy\" decoding=\"async\" class=\"alignnone wp-image-2695\" src=\"https:\/\/fmp-components.com\/wp-content\/uploads\/2025\/01\/agricultural-gearbox3.webp\" alt=\"lauksaimniec\u012bbas p\u0101rnesumk\u0101rba\" width=\"1140\" height=\"1138\" title=\"\" srcset=\"https:\/\/fmp-components.com\/wp-content\/uploads\/2025\/01\/agricultural-gearbox3.webp 1140w, https:\/\/fmp-components.com\/wp-content\/uploads\/2025\/01\/agricultural-gearbox3-480x479.webp 480w\" sizes=\"(min-width: 0px) and (max-width: 480px) 480px, (min-width: 481px) 1140px, 100vw\" \/><\/p>\n<p>Autors: CX<\/p>","protected":false},"excerpt":{"rendered":"<p>RATING CHART DRAWING FOR 100 SERIES SHAFT ROTATION ALIGNMENT FOR 100\u00a0SERIES 100 Series Gearbox for Agricultural Machinery The 100 Series Gearbox is designed specifically for agricultural machinery, providing optimal performance, durability, and efficiency. Engineered with a robust construction and advanced features, it ensures reliability even in demanding agricultural environments. The gearbox is an essential component [&hellip;]<\/p>","protected":false},"featured_media":3240,"comment_status":"open","ping_status":"closed","template":"","meta":{"_et_pb_use_builder":"","_et_pb_old_content":"","_et_gb_content_width":""},"product_brand":[],"product_cat":[78],"product_tag":[],"class_list":{"0":"post-3236","1":"product","2":"type-product","3":"status-publish","4":"has-post-thumbnail","6":"product_cat-gearbox-for-agricultural-machinery","8":"first","9":"instock","10":"shipping-taxable","11":"product-type-simple"},"_links":{"self":[{"href":"https:\/\/fmp-components.com\/lv\/wp-json\/wp\/v2\/product\/3236","targetHints":{"allow":["GET"]}}],"collection":[{"href":"https:\/\/fmp-components.com\/lv\/wp-json\/wp\/v2\/product"}],"about":[{"href":"https:\/\/fmp-components.com\/lv\/wp-json\/wp\/v2\/types\/product"}],"replies":[{"embeddable":true,"href":"https:\/\/fmp-components.com\/lv\/wp-json\/wp\/v2\/comments?post=3236"}],"wp:featuredmedia":[{"embeddable":true,"href":"https:\/\/fmp-components.com\/lv\/wp-json\/wp\/v2\/media\/3240"}],"wp:attachment":[{"href":"https:\/\/fmp-components.com\/lv\/wp-json\/wp\/v2\/media?parent=3236"}],"wp:term":[{"taxonomy":"product_brand","embeddable":true,"href":"https:\/\/fmp-components.com\/lv\/wp-json\/wp\/v2\/product_brand?post=3236"},{"taxonomy":"product_cat","embeddable":true,"href":"https:\/\/fmp-components.com\/lv\/wp-json\/wp\/v2\/product_cat?post=3236"},{"taxonomy":"product_tag","embeddable":true,"href":"https:\/\/fmp-components.com\/lv\/wp-json\/wp\/v2\/product_tag?post=3236"}],"curies":[{"name":"wp","href":"https:\/\/api.w.org\/{rel}","templated":true}]}}