{"id":323,"date":"2024-12-09T06:38:13","date_gmt":"2024-12-09T06:38:13","guid":{"rendered":"https:\/\/fmp-components.com\/?page_id=8"},"modified":"2024-12-09T06:51:12","modified_gmt":"2024-12-09T06:51:12","slug":"forklift-short-lifting-hydraulic-cylinder","status":"publish","type":"product","link":"https:\/\/fmp-components.com\/lv\/product\/forklift-short-lifting-hydraulic-cylinder\/","title":{"rendered":"Iekr\u0101v\u0113ja \u012bsais pacel\u0161anas hidrauliskais cilindrs"},"content":{"rendered":"<p style=\"text-align: center;\"><span style=\"font-size: 18pt;\">Iekr\u0101v\u0113ja \u012bsais pacel\u0161anas hidrauliskais cilindrs<\/span><\/p>\n<p><img loading=\"lazy\" decoding=\"async\" class=\"size-full wp-image-331 aligncenter\" src=\"https:\/\/fmp-components.com\/wp-content\/uploads\/2024\/12\/Forklift-Short-Lifting-Hydraulic-Cylinder.webp\" alt=\"Iekr\u0101v\u0113ja \u012bsais pacel\u0161anas hidrauliskais cilindrs\" width=\"500\" height=\"500\" title=\"\" srcset=\"https:\/\/fmp-components.com\/wp-content\/uploads\/2024\/12\/Forklift-Short-Lifting-Hydraulic-Cylinder.webp 500w, https:\/\/fmp-components.com\/wp-content\/uploads\/2024\/12\/Forklift-Short-Lifting-Hydraulic-Cylinder-480x480.webp 480w\" sizes=\"(min-width: 0px) and (max-width: 480px) 480px, (min-width: 481px) 500px, 100vw\" \/><\/p>\n<p>&nbsp;<\/p>\n<h2>Iekr\u0101v\u0113ja \u012bs\u0101s pacel\u0161anas hidraulisk\u0101 cilindra deta\u013cas:<\/h2>\n<p><img loading=\"lazy\" decoding=\"async\" class=\"alignnone size-full wp-image-328\" src=\"https:\/\/fmp-components.com\/wp-content\/uploads\/2024\/12\/Forklift-Short-Lifting-Hydraulic-Cylinder-Parts.webp\" alt=\"Iekr\u0101v\u0113ja \u012bs\u0101s pacel\u0161anas hidraulisko cilindru deta\u013cas\" width=\"1024\" height=\"593\" title=\"\" srcset=\"https:\/\/fmp-components.com\/wp-content\/uploads\/2024\/12\/Forklift-Short-Lifting-Hydraulic-Cylinder-Parts.webp 1024w, https:\/\/fmp-components.com\/wp-content\/uploads\/2024\/12\/Forklift-Short-Lifting-Hydraulic-Cylinder-Parts-980x568.webp 980w, https:\/\/fmp-components.com\/wp-content\/uploads\/2024\/12\/Forklift-Short-Lifting-Hydraulic-Cylinder-Parts-480x278.webp 480w\" sizes=\"(min-width: 0px) and (max-width: 480px) 480px, (min-width: 481px) and (max-width: 980px) 980px, (min-width: 981px) 1024px, 100vw\" \/><\/p>\n<table style=\"width: 100%; height: 253px;\" border=\"1\" width=\"100%\" cellspacing=\"0\" cellpadding=\"0\">\n<tbody>\n<tr style=\"height: 47px;\">\n<td style=\"height: 31px;\">\n<div class=\"magic-27\" data-spm-anchor-id=\"a2700.details.0.i24.71f03c42bHjEJ9\">1<\/div>\n<\/td>\n<td style=\"height: 31px;\">\n<div class=\"magic-28\">Cilindra korpuss<\/div>\n<\/td>\n<td style=\"height: 31px;\">\n<div class=\"magic-29\">11<\/div>\n<\/td>\n<td style=\"height: 31px;\">\n<div class=\"magic-30\">Zobrata s\u0113deklis<\/div>\n<\/td>\n<td style=\"height: 31px;\">\n<div class=\"magic-29\">21<\/div>\n<\/td>\n<td style=\"height: 31px;\">\n<div class=\"magic-31\">O veida gredzens<\/div>\n<\/td>\n<\/tr>\n<tr style=\"height: 47px;\">\n<td style=\"height: 32px;\">\n<div class=\"magic-27\">2<\/div>\n<\/td>\n<td style=\"height: 32px;\">\n<div class=\"magic-28\">Virzulis<\/div>\n<\/td>\n<td style=\"height: 32px;\">\n<div class=\"magic-29\">12<\/div>\n<\/td>\n<td style=\"height: 32px;\">\n<div class=\"magic-30\">Zobrata p\u0101rsegs<\/div>\n<\/td>\n<td style=\"height: 32px;\">\n<div class=\"magic-29\">22<\/div>\n<\/td>\n<td style=\"height: 32px;\">\n<div class=\"magic-31\">Tauku nipelis<\/div>\n<\/td>\n<\/tr>\n<tr style=\"height: 47px;\">\n<td style=\"height: 29px;\">\n<div class=\"magic-27\">3<\/div>\n<\/td>\n<td style=\"height: 29px;\">\n<div class=\"magic-28\">E\u013c\u013cas caurule<\/div>\n<\/td>\n<td style=\"height: 29px;\">\n<div class=\"magic-29\">13<\/div>\n<\/td>\n<td style=\"height: 29px;\">\n<div class=\"magic-30\">Atsperu papl\u0101ksnes<\/div>\n<\/td>\n<td style=\"height: 29px;\">\n<div class=\"magic-29\">23<\/div>\n<\/td>\n<td style=\"height: 29px;\">\n<div class=\"magic-31\">O veida gredzens<\/div>\n<\/td>\n<\/tr>\n<tr style=\"height: 23px;\">\n<td style=\"height: 23px;\">\n<div class=\"magic-27\">4<\/div>\n<\/td>\n<td style=\"height: 23px;\">\n<div class=\"magic-28\">Pretv\u0101rsts<\/div>\n<\/td>\n<td style=\"height: 23px;\">\n<div class=\"magic-29\">14<\/div>\n<\/td>\n<td style=\"height: 23px;\">\n<div class=\"magic-30\">Se\u0161st\u016bra skr\u016bve<\/div>\n<\/td>\n<td style=\"height: 23px;\">\n<div class=\"magic-29\">24<\/div>\n<\/td>\n<td style=\"height: 23px;\">\n<div class=\"magic-31\">ve\u013cas ma\u0161\u012bna<\/div>\n<\/td>\n<\/tr>\n<tr style=\"height: 23px;\">\n<td style=\"height: 23px;\">\n<div class=\"magic-27\">5<\/div>\n<\/td>\n<td style=\"height: 23px;\">\n<div class=\"magic-28\">Sprostgredzeni caurumam<\/div>\n<\/td>\n<td style=\"height: 23px;\">\n<div class=\"magic-29\">15<\/div>\n<\/td>\n<td style=\"height: 23px;\">\n<div class=\"magic-30\">Du Bu\u0161s<\/div>\n<\/td>\n<td style=\"height: 23px;\">\n<div class=\"magic-29\">25<\/div>\n<\/td>\n<td style=\"height: 23px;\">\n<div class=\"magic-31\">Skr\u016bves<\/div>\n<\/td>\n<\/tr>\n<tr style=\"height: 23px;\">\n<td style=\"height: 23px;\">\n<div class=\"magic-27\">6<\/div>\n<\/td>\n<td style=\"height: 23px;\">\n<div class=\"magic-28\">O veida gredzens<\/div>\n<\/td>\n<td style=\"height: 23px;\">\n<div class=\"magic-29\">16<\/div>\n<\/td>\n<td style=\"height: 23px;\">\n<div class=\"magic-30\">Aizmugur\u0113jais gredzens<\/div>\n<\/td>\n<td style=\"height: 23px;\">\n<div class=\"magic-29\">26<\/div>\n<\/td>\n<td style=\"height: 23px;\">\n<div class=\"magic-31\">Virzu\u013ca stienis<\/div>\n<\/td>\n<\/tr>\n<tr style=\"height: 23px;\">\n<td style=\"height: 23px;\">\n<div class=\"magic-27\">7<\/div>\n<\/td>\n<td style=\"height: 23px;\">\n<div class=\"magic-28\">Nodiluma gredzens<\/div>\n<\/td>\n<td style=\"height: 23px;\">\n<div class=\"magic-29\">17<\/div>\n<\/td>\n<td style=\"height: 23px;\">\n<div class=\"magic-30\">Stie\u0146a bl\u012bv\u0113jums<\/div>\n<\/td>\n<td style=\"height: 23px;\">\n<div class=\"magic-29\">27<\/div>\n<\/td>\n<td style=\"height: 23px;\">\n<div class=\"magic-31\">Kontaktdak\u0161a<\/div>\n<\/td>\n<\/tr>\n<tr style=\"height: 23px;\">\n<td style=\"height: 23px;\">\n<div class=\"magic-27\">8<\/div>\n<\/td>\n<td style=\"height: 23px;\">\n<div class=\"magic-28\">Caurumu bl\u012bv\u0113jums<\/div>\n<\/td>\n<td style=\"height: 23px;\">\n<div class=\"magic-29\">18<\/div>\n<\/td>\n<td style=\"height: 23px;\">\n<div class=\"magic-30\">Putek\u013cu t\u012br\u012bt\u0101js<\/div>\n<\/td>\n<td style=\"height: 23px;\"><\/td>\n<td style=\"height: 23px;\"><\/td>\n<\/tr>\n<tr style=\"height: 23px;\">\n<td style=\"height: 23px;\">\n<div class=\"magic-27\">9<\/div>\n<\/td>\n<td style=\"height: 23px;\">\n<div class=\"magic-28\">Apa\u013ca stieple<\/div>\n<\/td>\n<td style=\"height: 23px;\">\n<div class=\"magic-29\">19<\/div>\n<\/td>\n<td style=\"height: 23px;\">\n<div class=\"magic-30\">Aizmugur\u0113jais gredzens<\/div>\n<\/td>\n<td style=\"height: 23px;\"><\/td>\n<td style=\"height: 23px;\"><\/td>\n<\/tr>\n<tr style=\"height: 23px;\">\n<td style=\"height: 23px;\">\n<div class=\"magic-27\">10<\/div>\n<\/td>\n<td style=\"height: 23px;\">\n<div class=\"magic-28\">Gids Bu\u0161s<\/div>\n<\/td>\n<td style=\"height: 23px;\">\n<div class=\"magic-29\">20<\/div>\n<\/td>\n<td style=\"height: 23px;\">\n<div class=\"magic-30\">O veida gredzens<\/div>\n<\/td>\n<td style=\"height: 23px;\"><\/td>\n<td style=\"height: 23px;\"><\/td>\n<\/tr>\n<\/tbody>\n<\/table>\n<h2><strong>Iekr\u0101v\u0113ja \u012bs\u0101 pacel\u0161anas hidraulisk\u0101 cilindra izm\u0113ri:<\/strong><\/h2>\n<table>\n<tbody>\n<tr>\n<td><img loading=\"lazy\" decoding=\"async\" class=\"alignnone size-full wp-image-324\" src=\"https:\/\/fmp-components.com\/wp-content\/uploads\/2024\/12\/Forklift-Short-Lifting-Hydraulic-Cylinder-Dimensions-1.webp\" alt=\"Iekr\u0101v\u0113ja \u012bs\u0101s pacel\u0161anas hidraulisk\u0101 cilindra izm\u0113ri\" width=\"681\" height=\"281\" title=\"\" srcset=\"https:\/\/fmp-components.com\/wp-content\/uploads\/2024\/12\/Forklift-Short-Lifting-Hydraulic-Cylinder-Dimensions-1.webp 681w, https:\/\/fmp-components.com\/wp-content\/uploads\/2024\/12\/Forklift-Short-Lifting-Hydraulic-Cylinder-Dimensions-1-480x198.webp 480w\" sizes=\"(min-width: 0px) and (max-width: 480px) 480px, (min-width: 481px) 681px, 100vw\" \/><\/td>\n<td><img loading=\"lazy\" decoding=\"async\" class=\"alignnone size-full wp-image-325\" src=\"https:\/\/fmp-components.com\/wp-content\/uploads\/2024\/12\/Forklift-Short-Lifting-Hydraulic-Cylinder-Dimensions-2.webp\" alt=\"Iekr\u0101v\u0113ja \u012bs\u0101s pacel\u0161anas hidraulisk\u0101 cilindra izm\u0113ri\" width=\"681\" height=\"281\" title=\"\" srcset=\"https:\/\/fmp-components.com\/wp-content\/uploads\/2024\/12\/Forklift-Short-Lifting-Hydraulic-Cylinder-Dimensions-2.webp 681w, https:\/\/fmp-components.com\/wp-content\/uploads\/2024\/12\/Forklift-Short-Lifting-Hydraulic-Cylinder-Dimensions-2-480x198.webp 480w\" sizes=\"(min-width: 0px) and (max-width: 480px) 480px, (min-width: 481px) 681px, 100vw\" \/><\/td>\n<\/tr>\n<\/tbody>\n<\/table>\n<table border=\"1\" cellspacing=\"0\" cellpadding=\"0\">\n<tbody>\n<tr>\n<td width=\"246\">Cilindra nosaukums<\/td>\n<td width=\"336\">Z\u012bm\u0113juma numurs<\/td>\n<td width=\"126\">Urbuma diametrs (D)<\/td>\n<td width=\"123\">Stie\u0146a diametrs (d)<\/td>\n<td width=\"114\">G\u0101jiens (S)<\/td>\n<td width=\"170\">Uzst\u0101d\u012b\u0161anas att\u0101lums (L)<\/td>\n<td width=\"172\">Darba spiediens<\/td>\n<td width=\"366\">Saskarnes izm\u0113ri (M)<\/td>\n<td width=\"96\">Svars<\/td>\n<\/tr>\n<tr>\n<td class=\"et3\" width=\"246\" height=\"225\">\u012ass pacel\u0161anas cilindrs<\/td>\n<td class=\"et4\" width=\"336\">RC25N480-800000-000A<\/td>\n<td class=\"et4\" width=\"126\">\u03a675<\/td>\n<td class=\"et4\" width=\"123\">\u03a660<\/td>\n<td class=\"et4\" width=\"114\">800<\/td>\n<td class=\"et4\" width=\"170\">1065<\/td>\n<td class=\"et4\" width=\"172\">18,1 MPa<\/td>\n<td class=\"et4\" width=\"366\">M22*1,5<\/td>\n<td class=\"et4\" width=\"96\">36 kg<\/td>\n<\/tr>\n<tr>\n<td class=\"et3\" width=\"246\" height=\"225\">\u012ass pacel\u0161anas cilindrs<\/td>\n<td class=\"et4\">X35N480-800000-001A<\/td>\n<td class=\"et4\">\u03a695<\/td>\n<td class=\"et4\">\u03a680<\/td>\n<td class=\"et4\">800<\/td>\n<td class=\"et4\">1065<\/td>\n<td class=\"et4\">18,1 MPa<\/td>\n<td class=\"et4\">M22*1,5<\/td>\n<td class=\"et4\">48,7 kg<\/td>\n<\/tr>\n<\/tbody>\n<\/table>\n<table>\n<tbody>\n<tr>\n<td><img loading=\"lazy\" decoding=\"async\" class=\"alignnone size-full wp-image-326\" src=\"https:\/\/fmp-components.com\/wp-content\/uploads\/2024\/12\/Forklift-Short-Lifting-Hydraulic-Cylinder-Dimensions-3.webp\" alt=\"Iekr\u0101v\u0113ja \u012bs\u0101s pacel\u0161anas hidraulisk\u0101 cilindra izm\u0113ri\" width=\"600\" height=\"295\" title=\"\" srcset=\"https:\/\/fmp-components.com\/wp-content\/uploads\/2024\/12\/Forklift-Short-Lifting-Hydraulic-Cylinder-Dimensions-3.webp 600w, https:\/\/fmp-components.com\/wp-content\/uploads\/2024\/12\/Forklift-Short-Lifting-Hydraulic-Cylinder-Dimensions-3-480x236.webp 480w\" sizes=\"(min-width: 0px) and (max-width: 480px) 480px, (min-width: 481px) 600px, 100vw\" \/><\/td>\n<td><img loading=\"lazy\" decoding=\"async\" class=\"alignnone size-full wp-image-327\" src=\"https:\/\/fmp-components.com\/wp-content\/uploads\/2024\/12\/Forklift-Short-Lifting-Hydraulic-Cylinder-Dimensions-4.webp\" alt=\"Iekr\u0101v\u0113ja \u012bs\u0101s pacel\u0161anas hidraulisk\u0101 cilindra izm\u0113ri\" width=\"600\" height=\"295\" title=\"\" srcset=\"https:\/\/fmp-components.com\/wp-content\/uploads\/2024\/12\/Forklift-Short-Lifting-Hydraulic-Cylinder-Dimensions-4.webp 600w, https:\/\/fmp-components.com\/wp-content\/uploads\/2024\/12\/Forklift-Short-Lifting-Hydraulic-Cylinder-Dimensions-4-480x236.webp 480w\" sizes=\"(min-width: 0px) and (max-width: 480px) 480px, (min-width: 481px) 600px, 100vw\" \/><\/td>\n<\/tr>\n<\/tbody>\n<\/table>\n<table border=\"1\" cellspacing=\"0\" cellpadding=\"0\">\n<tbody>\n<tr>\n<td width=\"246\">Cilindra nosaukums<\/td>\n<td width=\"336\">Z\u012bm\u0113juma numurs<\/td>\n<td width=\"126\">Urbuma diametrs (D)<\/td>\n<td width=\"123\">Stie\u0146a diametrs (d)<\/td>\n<td width=\"114\">G\u0101jiens (S)<\/td>\n<td width=\"170\">Uzst\u0101d\u012b\u0161anas att\u0101lums (L)<\/td>\n<td width=\"172\">Darba spiediens<\/td>\n<td width=\"366\">Saskarnes izm\u0113ri (M)<\/td>\n<td width=\"96\">Svars<\/td>\n<\/tr>\n<tr>\n<td class=\"et3\" width=\"246\" height=\"170\">\u012ass pacel\u0161anas cilindrs<\/td>\n<td class=\"et4\" width=\"336\">N30N450-800000-002A<\/td>\n<td class=\"et4\" width=\"126\">\u03a685<\/td>\n<td class=\"et4\" width=\"123\">\u03a670<\/td>\n<td class=\"et4\" width=\"114\">777<\/td>\n<td class=\"et4\" width=\"170\">1015<\/td>\n<td class=\"et4\" width=\"172\">18,1 MPa<\/td>\n<td class=\"et4\" width=\"366\">M22*1,5<\/td>\n<td class=\"et4\" width=\"96\">45,5 kg<\/td>\n<\/tr>\n<tr>\n<td class=\"et3\" width=\"246\" height=\"170\">\u012ass pacel\u0161anas cilindrs<\/td>\n<td class=\"et4\">3U3H-800000-001A<\/td>\n<td class=\"et4\">\u03a685<\/td>\n<td class=\"et4\">\u03a670<\/td>\n<td class=\"et4\">777<\/td>\n<td class=\"et4\">1015<\/td>\n<td class=\"et4\">18,1 MPa<\/td>\n<td class=\"et4\">M22*1,5<\/td>\n<td class=\"et4\">45,5 kg<\/td>\n<\/tr>\n<tr>\n<td class=\"et3\" width=\"246\" height=\"170\">\u012ass pacel\u0161anas cilindrs<\/td>\n<td class=\"et4\">N35N450-800000-003A<\/td>\n<td class=\"et4\">\u03a695<\/td>\n<td class=\"et4\">\u03a680<\/td>\n<td class=\"et4\">775<\/td>\n<td class=\"et4\">1013<\/td>\n<td class=\"et4\">18,1 MPa<\/td>\n<td class=\"et4\">M22*1,5<\/td>\n<td class=\"et4\">54 kg<\/td>\n<\/tr>\n<\/tbody>\n<\/table>\n<h2>Pieejamie hidrauliskie cilindri Z\u012bmols un mode\u013ci:<\/h2>\n<table border=\"1\" cellspacing=\"0\" cellpadding=\"0\">\n<tbody>\n<tr>\n<td><b data-spm-anchor-id=\"a2700.details.0.i43.45d84a73e99C9z\">KOMATSU (PC)<\/b><\/td>\n<td>PC30, PC40, PC50, PC56, PC60, PC78, PC100, PC110, PC120, PC130, PC160, PC200-3\/5\/6\/7\/8\/8MO, PC210, PC220-5\/6\/7\/8\/8MO, PC240, PC300\/350\/360-5\/6\/7\/8\/8MO, PC400\/450-5\/6\/7\/8\/8MO, PC800, PC850<\/td>\n<\/tr>\n<tr>\n<td><b>K\u0100P\u0112RS (E)<\/b><\/td>\n<td>E301.5, E302, E305.5, E306, E307V1\/V2\/B\/C\/D\/E\/F, E308B\/C, E120B, E312V1\/V2\/B\/C\/D, E313D2, E312D2, E315D,<br \/>\nE200B,E320V1\/V2\/A\/B\/C\/D,E324D,E325C\/D,E329D,E330\/336C\/D,E345C,E349D,E365C,E374,E390<\/td>\n<\/tr>\n<tr>\n<td><b>KOBELCO (SK)<\/b><\/td>\n<td>SK60-3\/5\/8, SK75-8\/SR, SK100 ,SK120-3\/5, SK135-8\/SR, SK140-8, SK200-3\/5\/6\/6E, SK210-3\/5\/6\/6E,<br \/>\nSK230\/250-6E,SK250-8,SK260-8,SK350-8\/S8,SK460\/480-8<\/td>\n<\/tr>\n<tr>\n<td><b>HYUNDAI (R)<\/b><\/td>\n<td>R55-5\/7, R60-5\/7, R80, R110, R130, R200-5, R210-5, R215-5\/7, R220-5\/7\/9, R225-5\/7\/9, R250, R260, R265, R290, R305, R445, R485, R505<\/td>\n<\/tr>\n<tr>\n<td><b data-spm-anchor-id=\"a2700.details.0.i53.45d84a73e99C9z\">HITACHI (EX.ZX)<\/b><\/td>\n<td>EX60, EX100-1\/2\/3, EX120-1\/3\/5\/6, EX200-1\/3\/5, EX230-5, EX300-1, EX400<br \/>\nZAX60, ZAX70, ZA120-6, ZAX200\/210-1\/3\/5\/5K, ZAX240, ZAX250, ZAX260, ZAX330-3\/5\/6, ZAX450\/470, ZAX650\/670, ZAX850\/870<\/td>\n<\/tr>\n<tr>\n<td>\n<div class=\"magic-32\"><b data-spm-anchor-id=\"a2700.details.0.i55.45d84a73e99C9z\">DOOSAN (DH\/DX)<\/b><\/div>\n<\/td>\n<td>\n<div class=\"magic-33\"><span class=\"magic-34\">DH55, DH60, DH80, DH150, DH215-5\/7, DH220-5, DH225-5\/7, DH258, DH300-5\/7, DH370, DH420, DH500<br \/>\nDX55, DX60, DX75, DX130, DX225-9, DX300, DX380, DX420, DX500<\/span><\/div>\n<\/td>\n<\/tr>\n<tr>\n<td>\n<div class=\"magic-32\"><b>VOLVO (EK)<\/b><\/div>\n<\/td>\n<td>\n<div class=\"magic-33\"><span class=\"magic-34\">EC55, EC60, EC75, EC80, EC140, EC210B\/D, EC220D, EC240, EC250, EC290, EC300, EC360, EC380, EC460, EC480, EC700, EC750, EC950<\/span><\/div>\n<\/td>\n<\/tr>\n<tr>\n<td>\n<div class=\"magic-32\"><b>KATO (HD)<\/b><\/div>\n<\/td>\n<td>\n<div class=\"magic-33\"><span class=\"magic-34\">HD307\/308, HD450, HD512, HD700-5\/7, HD820-1\/2\/3\/5\/R, HD1023-1\/3, HD1430-1\/3<\/span><\/div>\n<\/td>\n<\/tr>\n<tr>\n<td>\n<div class=\"magic-32\"><b>CITS Z\u012aMOLS<\/b><\/div>\n<\/td>\n<td>\n<div class=\"magic-33\"><span class=\"magic-34\">XCMG,LIUGONG,KUBOTA,CASE,YANMAR,SUNWARD,ZOOMLION,LISHIDE,LIEHERR<\/span><\/div>\n<\/td>\n<\/tr>\n<\/tbody>\n<\/table>\n<h3>Iekr\u0101v\u0113ja \u012bs\u0101 pacel\u0161anas hidraulisk\u0101 cilindra \u012bpa\u0161\u012bbas<\/h3>\n<p><strong>Kompakts dizains telpas efektivit\u0101tei<\/strong><br \/>\nIekr\u0101v\u0113ja \u012bsais pacel\u0161anas hidrauliskais cilindrs ir konstru\u0113ts kompakti, padarot to ide\u0101li piem\u0113rotu lietojumiem ar ierobe\u017eotu vietu. T\u0101 \u012bs\u0101ks g\u0101jiens un maz\u0101ks izm\u0113rs \u013cauj to ievietot \u0161aur\u0101s telp\u0101s, piem\u0113ram, \u0161aur\u0101s ej\u0101s vai sl\u0113gt\u0101s darba zon\u0101s noliktav\u0101s un uzglab\u0101\u0161anas telp\u0101s. \u0160\u012b vietu taupo\u0161\u0101 funkcija \u013cauj iekr\u0101v\u0113jiem efekt\u012bvi darboties vid\u0113, kur tradicion\u0101lie pacel\u0161anas cilindri var\u0113tu b\u016bt p\u0101r\u0101k lieli vai apgr\u016btino\u0161i.<\/p>\n<p><strong>Augsta celtsp\u0113ja, neskatoties uz maz\u0101ku izm\u0113ru<\/strong><br \/>\nNeskatoties uz kompakto dizainu, iekr\u0101v\u0113ja \u012bs\u0101s pacel\u0161anas hidrauliskais cilindrs ir izstr\u0101d\u0101ts, lai nodro\u0161in\u0101tu augstu celtsp\u0113ju. Tas nodro\u0161ina nepiecie\u0161amo jaudu, lai prec\u012bzi paceltu un nolaistu vid\u0113jas slodzes, padarot to piem\u0113rotu da\u017e\u0101du materi\u0101lu un pre\u010du apstr\u0101dei. \u0160is iztur\u012bbas un kompaktuma l\u012bdzsvars \u013cauj efekt\u012bvi apstr\u0101d\u0101t kravas maz\u0101k\u0101s vai ierobe\u017eot\u0101k\u0101s vid\u0113s, nezaud\u0113jot veiktsp\u0113ju.<\/p>\n<p><strong>Vienm\u0113r\u012bga un kontrol\u0113ta darb\u012bba<\/strong><br \/>\nIekr\u0101v\u0113ja \u012bsais pacel\u0161anas hidrauliskais cilindrs nodro\u0161ina vienm\u0113r\u012bgas un kontrol\u0113tas pacel\u0161anas un nolai\u0161anas kust\u012bbas, veicinot dro\u0161u un efekt\u012bvu darb\u012bbu. Tas \u013cauj veikt pak\u0101peniskas, prec\u012bzas korekcijas, apstr\u0101d\u0101jot kravas, samazinot saraust\u012btu kust\u012bbu vai p\u0113k\u0161\u0146u nob\u012b\u017eu risku, kas var\u0113tu destabiliz\u0113t kravu. \u0160\u012b funkcija ir \u012bpa\u0161i svar\u012bga vid\u0113, kur nepiecie\u0161ama delik\u0101ta apstr\u0101de vai r\u016bp\u012bga kravas pozicion\u0113\u0161ana.<\/p>\n<p><strong>Iztur\u012bba un uzticam\u012bba<\/strong><br \/>\nIzgatavots no iztur\u012bgiem materi\u0101liem un paredz\u0113ts regul\u0101ras, intens\u012bvas lieto\u0161anas apst\u0101k\u013ciem, autoiekr\u0101v\u0113ja \u012bs\u0101s pacel\u0161anas hidrauliskais cilindrs pied\u0101v\u0101 ilgsto\u0161u veiktsp\u0113ju. Tas sp\u0113j iztur\u0113t sare\u017e\u0123\u012btus apst\u0101k\u013cus, tostarp past\u0101v\u012bgu spiedienu un augstfrekvences cel\u0161anas ciklus, padarot to par uzticamu sast\u0101vda\u013cu ikdienas darb\u012bb\u0101. T\u0101 iztur\u012bg\u0101 konstrukcija nodro\u0161ina, ka tas var turpin\u0101t efekt\u012bvi darboties laika gait\u0101 ar minim\u0101lu apkopi.<\/p>\n<p><strong>Uzlabota manevr\u0113tsp\u0113ja \u0161aur\u0101s telp\u0101s<\/strong><br \/>\nIekr\u0101v\u0113ja \u012bs\u0101 pacel\u0161anas hidraulisk\u0101 cilindra kompaktais dizains un augst\u0101 efektivit\u0101te uzlabo iekr\u0101v\u0113ju manevr\u0113tsp\u0113ju \u0161aur\u0101s vai p\u0101rpild\u012bt\u0101s viet\u0101s. Ar \u0161o cilindru iekr\u0101v\u0113ji var veikt cel\u0161anas darb\u012bbas \u0161aur\u0101s ej\u0101s, maz\u0101k\u0101s noliktavu telp\u0101s vai zon\u0101s ar ierobe\u017eotu br\u012bvu gabar\u012btu, padarot to par ide\u0101lu izv\u0113li t\u0101d\u0101m vid\u0113m k\u0101 kompaktas noliktavas, mazumtirdzniec\u012bbas noliktavas vai nelielas ra\u017eo\u0161anas telpas.<\/p>\n<h3>Par FMP<\/h3>\n<p>FMP ir specializ\u0113ts hidraulisko cilindru ra\u017eot\u0101js, kas koncentr\u0113jas uz p\u0113tniec\u012bbu un ra\u017eo\u0161anu. Kop\u0161 dibin\u0101\u0161anas uz\u0146\u0113mums ir past\u0101v\u012bgi koncentr\u0113jies uz hidraulisko cilindru izstr\u0101di, att\u012bstoties no da\u017e\u0101du produktu, piem\u0113ram, ra\u017eas nov\u0101k\u0161anas un celtniec\u012bbas tehnikas, ra\u017eo\u0161anas l\u012bdz specializ\u0101cijai lauksaimniec\u012bbas traktoru deta\u013c\u0101s. Ar vair\u0101k nek\u0101 desmit gadu ra\u017eo\u0161anas pieredzi, vad\u012bbas pieredzi un progres\u012bv\u0101m ra\u017eo\u0161anas tehnolo\u0123ij\u0101m FMP garant\u0113 visaugst\u0101ko kvalit\u0101ti savos produktos.<\/p>\n<p>Uz\u0146\u0113mumam augot profesion\u0101li, tas ir izveidojis visaptvero\u0161u apstr\u0101des ra\u017eo\u0161anas l\u012bniju, mont\u0101\u017eas l\u012bniju un p\u0101rkl\u0101\u0161anas l\u012bniju. FMP atbalsta \u012bpa\u0161a pieredz\u0113ju\u0161u vad\u012bbas person\u0101la, kvalific\u0113tu meh\u0101nisko konstruktoru un augsti kvalific\u0113tu tehnisko darbinieku komanda. Tas nodro\u0161ina stabilu produktu kvalit\u0101ti, vienlaikus efekt\u012bvi kontrol\u0113jot procesa nep\u0101rtraukt\u012bbu un kop\u0113jo ra\u017eo\u0161anas efektivit\u0101ti.<\/p>\n<p>FMP iev\u0113ro pamatv\u0113rt\u012bbas: \u201cTehnolo\u0123isk\u0101s inov\u0101cijas virza progresu, kvalit\u0101ti rada z\u012bmoli, meistar\u012bba nodro\u0161ina kvalit\u0101ti un veido ilgtermi\u0146a abpus\u0113ji izdev\u012bgas attiec\u012bbas.\u201d Uz\u0146\u0113mums joproj\u0101m ir ap\u0146\u0113mies nodro\u0161in\u0101t augstas kvalit\u0101tes produktus, vienlaikus sniedzot izcilu klientu apkalpo\u0161anu, vienm\u0113r cen\u0161oties apmierin\u0101t main\u012bg\u0101s tirgus vajadz\u012bbas.<\/p>\n<p><img loading=\"lazy\" decoding=\"async\" class=\"alignnone wp-image-303\" src=\"https:\/\/fmp-components.com\/wp-content\/uploads\/2024\/12\/hydraulic-cylinder-factory-11_1.webp\" alt=\"hidraulisko cilindru r\u016bpn\u012bca\" width=\"917\" height=\"1003\" title=\"\" srcset=\"https:\/\/fmp-components.com\/wp-content\/uploads\/2024\/12\/hydraulic-cylinder-factory-11_1.webp 917w, https:\/\/fmp-components.com\/wp-content\/uploads\/2024\/12\/hydraulic-cylinder-factory-11_1-480x525.webp 480w\" sizes=\"(min-width: 0px) and (max-width: 480px) 480px, (min-width: 481px) 917px, 100vw\" \/><\/p>\n<table style=\"width: 100%;\" border=\"1\" width=\"100%\" cellspacing=\"0\" cellpadding=\"0\">\n<tbody>\n<tr>\n<td style=\"width: 41.9294%;\" width=\"226\"><img loading=\"lazy\" decoding=\"async\" class=\"alignnone size-full wp-image-309\" src=\"https:\/\/fmp-components.com\/wp-content\/uploads\/2024\/12\/Forklift-Tilt-Hydraulic-Cylinder.webp\" alt=\"Iekr\u0101v\u0113ja sl\u012bpuma hidrauliskais cilindrs\" width=\"1000\" height=\"750\" title=\"\" srcset=\"https:\/\/fmp-components.com\/wp-content\/uploads\/2024\/12\/Forklift-Tilt-Hydraulic-Cylinder.webp 1000w, https:\/\/fmp-components.com\/wp-content\/uploads\/2024\/12\/Forklift-Tilt-Hydraulic-Cylinder-980x735.webp 980w, https:\/\/fmp-components.com\/wp-content\/uploads\/2024\/12\/Forklift-Tilt-Hydraulic-Cylinder-480x360.webp 480w\" sizes=\"(min-width: 0px) and (max-width: 480px) 480px, (min-width: 481px) and (max-width: 980px) 980px, (min-width: 981px) 1000px, 100vw\" \/><\/td>\n<td style=\"width: 55.6484%;\" width=\"64\"><img loading=\"lazy\" decoding=\"async\" class=\"alignnone wp-image-283\" src=\"https:\/\/fmp-components.com\/wp-content\/uploads\/2024\/12\/hydraulic-cylinder-factory-5.webp\" alt=\"hidraulisko cilindru r\u016bpn\u012bca\" width=\"542\" height=\"312\" title=\"\"><\/td>\n<\/tr>\n<\/tbody>\n<\/table>\n<p>Autors: CX<\/p>","protected":false},"excerpt":{"rendered":"<p>Iekr\u0101v\u0113ja \u012bsais pacel\u0161anas hidrauliskais cilindrs ir \u012bpa\u0161i izstr\u0101d\u0101ts kompakt\u0101m un efekt\u012bv\u0101m pacel\u0161anas oper\u0101cij\u0101m \u0161aur\u0101s telp\u0101s. Ar \u012bs\u0101ku g\u0101jienu un kompaktu dizainu \u0161\u0101da veida hidrauliskais cilindrs ir ide\u0101li piem\u0113rots iekr\u0101v\u0113jiem, kuriem j\u0101darbojas sl\u0113gt\u0101s telp\u0101s, kur tradicion\u0101lie garie pacel\u0161anas cilindri var\u0113tu neb\u016bt piem\u0113roti vai efekt\u012bvi. Neskatoties uz maz\u0101ko izm\u0113ru, \u012bsais pacel\u0161anas hidrauliskais cilindrs nodro\u0161ina nepiecie\u0161amo pacel\u0161anas jaudu, lai prec\u012bzi un stabili apstr\u0101d\u0101tu vid\u0113ja svara kravas. Tas nodro\u0161ina vienm\u0113r\u012bgu un kontrol\u0113tu cel\u0161anu, padarot to ide\u0101li piem\u0113rotu lieto\u0161anai noliktav\u0101s ar \u0161aur\u0101m ej\u0101m vai maz\u0101ku kravu apstr\u0101dei, kur galven\u0101s priorit\u0101tes ir vietas taup\u012b\u0161ana un augsta manevr\u0113tsp\u0113ja.<\/p>","protected":false},"featured_media":331,"comment_status":"open","ping_status":"closed","template":"","meta":{"_et_pb_use_builder":"","_et_pb_old_content":"","_et_gb_content_width":""},"product_brand":[],"product_cat":[20],"product_tag":[],"class_list":{"0":"post-323","1":"product","2":"type-product","3":"status-publish","4":"has-post-thumbnail","6":"product_cat-forklift-hydraulic-cylinders","8":"first","9":"instock","10":"shipping-taxable","11":"product-type-simple"},"_links":{"self":[{"href":"https:\/\/fmp-components.com\/lv\/wp-json\/wp\/v2\/product\/323","targetHints":{"allow":["GET"]}}],"collection":[{"href":"https:\/\/fmp-components.com\/lv\/wp-json\/wp\/v2\/product"}],"about":[{"href":"https:\/\/fmp-components.com\/lv\/wp-json\/wp\/v2\/types\/product"}],"replies":[{"embeddable":true,"href":"https:\/\/fmp-components.com\/lv\/wp-json\/wp\/v2\/comments?post=323"}],"wp:featuredmedia":[{"embeddable":true,"href":"https:\/\/fmp-components.com\/lv\/wp-json\/wp\/v2\/media\/331"}],"wp:attachment":[{"href":"https:\/\/fmp-components.com\/lv\/wp-json\/wp\/v2\/media?parent=323"}],"wp:term":[{"taxonomy":"product_brand","embeddable":true,"href":"https:\/\/fmp-components.com\/lv\/wp-json\/wp\/v2\/product_brand?post=323"},{"taxonomy":"product_cat","embeddable":true,"href":"https:\/\/fmp-components.com\/lv\/wp-json\/wp\/v2\/product_cat?post=323"},{"taxonomy":"product_tag","embeddable":true,"href":"https:\/\/fmp-components.com\/lv\/wp-json\/wp\/v2\/product_tag?post=323"}],"curies":[{"name":"wp","href":"https:\/\/api.w.org\/{rel}","templated":true}]}}