{"id":3189,"date":"2025-01-05T06:08:04","date_gmt":"2025-01-05T06:08:04","guid":{"rendered":"https:\/\/fmp-components.com\/?page_id=8"},"modified":"2026-03-31T07:29:18","modified_gmt":"2026-03-31T07:29:18","slug":"corn-header-gearbox-replacement-of-comer-code-m-767a","status":"publish","type":"product","link":"https:\/\/fmp-components.com\/lv\/product\/corn-header-gearbox-replacement-of-comer-code-m-767a\/","title":{"rendered":"Kukur\u016bzas hedera p\u0101rnesumk\u0101rba \u2013 Comer koda M-767A nomai\u0146a"},"content":{"rendered":"<h2>Kukur\u016bzas hedera p\u0101rnesumk\u0101rbas M-767A specifik\u0101cijas<\/h2>\n<p><img loading=\"lazy\" decoding=\"async\" class=\"alignnone size-full wp-image-3190\" src=\"https:\/\/fmp-components.com\/wp-content\/uploads\/2025\/01\/corn-header-gearbox-m767a-specification.webp\" alt=\"kukur\u016bzas-head-reduktora-m767a-specifik\u0101cija\" width=\"958\" height=\"577\" title=\"\" srcset=\"https:\/\/fmp-components.com\/wp-content\/uploads\/2025\/01\/corn-header-gearbox-m767a-specification.webp 958w, https:\/\/fmp-components.com\/wp-content\/uploads\/2025\/01\/corn-header-gearbox-m767a-specification-480x289.webp 480w\" sizes=\"(min-width: 0px) and (max-width: 480px) 480px, (min-width: 481px) 958px, 100vw\" \/><\/p>\n<table style=\"width: 93.4311%; height: 237px;\" border=\"1\">\n<tbody>\n<tr>\n<td style=\"width: 35.1675%;\"><strong>es<\/strong><\/td>\n<td style=\"width: 64.1148%;\">1.6<\/td>\n<\/tr>\n<tr>\n<td style=\"width: 35.1675%;\"><strong>N<sub>1<\/sub>[apgr.\/min]<\/strong><\/td>\n<td style=\"width: 64.1148%;\">540<\/td>\n<\/tr>\n<tr>\n<td style=\"width: 35.1675%;\"><strong>P<sub>1<\/sub>[kW]<\/strong><\/td>\n<td style=\"width: 64.1148%;\">44.1<\/td>\n<\/tr>\n<tr>\n<td style=\"width: 35.1675%;\"><strong>M<sub>2<\/sub>[Nm]<\/strong><\/td>\n<td style=\"width: 64.1148%;\">473<\/td>\n<\/tr>\n<tr>\n<td style=\"width: 35.1675%;\"><strong>X tipa v\u0101rpsta<\/strong><\/td>\n<td style=\"width: 64.1148%;\">1\u201d 3\/8 Z6<\/td>\n<\/tr>\n<tr>\n<td style=\"width: 35.1675%;\"><strong>Z tipa v\u0101rpsta<\/strong><\/td>\n<td style=\"width: 64.1148%;\">1\u201d 3\/8 Z6<\/td>\n<\/tr>\n<tr>\n<td style=\"width: 35.1675%;\"><strong>Ievade<\/strong><\/td>\n<td style=\"width: 64.1148%;\">Z<\/td>\n<\/tr>\n<\/tbody>\n<\/table>\n<h2>Kukur\u016bzas hedera reduktora apkope<\/h2>\n<p>Pareiza kukur\u016bzas p\u013caujma\u0161\u012bnas p\u0101rnesumk\u0101rbas apkope ir b\u016btiska, lai nodro\u0161in\u0101tu iek\u0101rtas efekt\u012bvu darb\u012bbu un kalpotu daudzas sezonas. Labi uztur\u0113ta p\u0101rnesumk\u0101rba uzlabo kukur\u016bzas p\u013caujma\u0161\u012bnas veiktsp\u0113ju, samazina boj\u0101jumu iesp\u0113jam\u012bbu un pagarina ma\u0161\u012bnas kop\u0113jo kalpo\u0161anas laiku. T\u0101l\u0101k ir nor\u0101d\u012btas galven\u0101s apkopes prakses, lai kukur\u016bzas p\u013caujma\u0161\u012bnas p\u0101rnesumk\u0101rba b\u016btu optim\u0101l\u0101 darba st\u0101vokl\u012b.<\/p>\n<p><strong>1. Regul\u0101ra e\u013c\u013co\u0161ana un e\u013c\u013cas mai\u0146a<\/strong><\/p>\n<ul>\n<li><strong>E\u013c\u013co\u0161ana:<\/strong> Kukur\u016bzas p\u013caujma\u0161\u012bnu p\u0101rnesumk\u0101rb\u0101m ir nepiecie\u0161ama atbilsto\u0161a e\u013c\u013co\u0161ana, lai samazin\u0101tu berzi un nov\u0113rstu nodilumu starp iek\u0161\u0113jiem zobratiem un gult\u0146iem. Regul\u0101ri p\u0101rbaudiet e\u013c\u013cas l\u012bmeni un p\u0101rliecinieties, ka p\u0101rnesumk\u0101rba ir labi iee\u013c\u013cota.\n<ul>\n<li><strong>P\u0101rbaudiet e\u013c\u013cas l\u012bmeni:<\/strong> Periodiski p\u0101rbaudiet e\u013c\u013cas l\u012bmeni p\u0101rnesumk\u0101rb\u0101 un, ja nepiecie\u0161ams, papildiniet to.<\/li>\n<li><strong>E\u013c\u013cas kvalit\u0101te:<\/strong> Nomainiet e\u013c\u013cu, ja t\u0101 ir pies\u0101r\u0146ota ar gru\u017eiem vai ja tai ir nolieto\u0161an\u0101s paz\u012bmes. Laika gait\u0101 e\u013c\u013ca var zaud\u0113t savu efektivit\u0101ti, k\u0101 rezult\u0101t\u0101 palielin\u0101s berze un nodilums.<\/li>\n<li><strong>Izmantojiet pareizo e\u013c\u013cu:<\/strong> Lai nodro\u0161in\u0101tu pareizu darb\u012bbu, vienm\u0113r izmantojiet ra\u017eot\u0101ja ieteikto sm\u0113rvielu. Nepareizs e\u013c\u013cas veids var izrais\u012bt deta\u013cu p\u0101rkar\u0161anu vai boj\u0101jumus.<\/li>\n<\/ul>\n<\/li>\n<li><strong>E\u013c\u013cas mai\u0146a:<\/strong> Iev\u0113rojiet ra\u017eot\u0101ja ieteiktos e\u013c\u013cas mai\u0146as interv\u0101lus, parasti ik p\u0113c 100\u2013200 lieto\u0161anas stund\u0101m. Vec\u0101s e\u013c\u013cas izle\u0161ana un t\u0101s nomai\u0146a ar svaigu e\u013c\u013cu pal\u012bdz\u0113s uztur\u0113t pareizu e\u013c\u013co\u0161anu un pagarin\u0101s p\u0101rnesumk\u0101rbas kalpo\u0161anas laiku.<\/li>\n<\/ul>\n<p><strong>2. P\u0101rbaudiet un uzturiet j\u016bgv\u0101rpstas savienojumu<\/strong><\/p>\n<p>J\u016bgv\u0101rpsta (j\u016bgv\u0101rpsta) ir atbild\u012bga par jaudas p\u0101rs\u016bt\u012b\u0161anu no traktora uz kukur\u016bzas p\u013caujma\u0161\u012bnas p\u0101rnesumk\u0101rbu. Boj\u0101ta j\u016bgv\u0101rpsta var saboj\u0101t p\u0101rnesumk\u0101rbu, t\u0101p\u0113c ir \u013coti svar\u012bgi to regul\u0101ri p\u0101rbaud\u012bt.<\/p>\n<ul>\n<li><strong>Nodiluma p\u0101rbaude:<\/strong> P\u0101rbaudiet j\u016bgv\u0101rpstu, vai nav nodiluma vai boj\u0101jumu paz\u012bmju, tostarp plaisu, l\u012bkumu vai salauztu deta\u013cu. Nekav\u0113joties nomainiet visas boj\u0101t\u0101s deta\u013cas.<\/li>\n<li><strong>Iee\u013c\u013cojiet j\u016bgv\u0101rpstu:<\/strong> Regul\u0101ri iee\u013c\u013cojiet j\u016bgv\u0101rpstu, lai nodro\u0161in\u0101tu vienm\u0113r\u012bgu darb\u012bbu un nov\u0113rstu r\u016bs\u0113\u0161anu vai koroziju. Piev\u0113rsiet uzman\u012bbu U veida savienojumiem un b\u012bd\u0101maj\u0101m da\u013c\u0101m.<\/li>\n<li><strong>Pareiza izl\u012bdzin\u0101\u0161ana:<\/strong> P\u0101rliecinieties, vai j\u016bgv\u0101rpsta ir pareizi izl\u012bdzin\u0101ta ar p\u0101rnesumk\u0101rbas ieejas v\u0101rpstu. Nepareiza izl\u012bdzin\u0101\u0161ana var rad\u012bt p\u0101rm\u0113r\u012bgu slodzi uz p\u0101rnesumk\u0101rbu un j\u016bgv\u0101rpstu, k\u0101 rezult\u0101t\u0101 rodas priek\u0161laic\u012bga nodiluma paz\u012bmes.<\/li>\n<\/ul>\n<p><strong>3. Not\u012briet p\u0101rnesumk\u0101rbu un \u0101r\u0113j\u0101s sast\u0101vda\u013cas<\/strong><\/p>\n<p>Net\u012brumi, gru\u017ei un kult\u016braugu atliekas var uzkr\u0101ties p\u0101rnesumk\u0101rbas \u0101rpus\u0113 un apk\u0101rt\u0113j\u0101s deta\u013c\u0101s, izraisot ventil\u0101cijas zonu p\u0101rkar\u0161anu vai aizsprosto\u0161anos.<\/p>\n<ul>\n<li><strong>T\u012bra p\u0101rnesumk\u0101rba:<\/strong> Regul\u0101ri t\u012briet p\u0101rnesumk\u0101rbas korpusu, lai no\u0146emtu putek\u013cus, net\u012brumus vai augu atliekas. Gr\u016bti sasniedzamu vietu t\u012br\u012b\u0161anai izmantojiet saspiestu gaisu vai m\u012bkstu birsti.<\/li>\n<li><strong>P\u0101rbaudiet ventil\u0101cijas atveres un dzes\u0113\u0161anas ribas:<\/strong> P\u0101rliecinieties, vai visas dzes\u0113\u0161anas atveres un ribas nav aizsprostotas, lai uztur\u0113tu atbilsto\u0161u gaisa pl\u016bsmu. P\u0101rkar\u0161ana var izrais\u012bt p\u0101rnesumk\u0101rbas boj\u0101jumus.<\/li>\n<li><strong>Izvairieties no \u016bdens iek\u013c\u016b\u0161anas:<\/strong> P\u0113c t\u012br\u012b\u0161anas p\u0101rliecinieties, ka p\u0101rnesumk\u0101rb\u0101 neiek\u013c\u016bst \u016bdens. \u016adens pies\u0101r\u0146ojums var izrais\u012bt koroziju un samazin\u0101t e\u013c\u013co\u0161anas efektivit\u0101ti.<\/li>\n<\/ul>\n<p><strong>4. P\u0101rnesumk\u0101rbas temperat\u016bras uzraudz\u012bba<\/strong><\/p>\n<p>P\u0101rkar\u0161ana ir bie\u017ei sastopams p\u0101rnesumk\u0101rbas atteices c\u0113lonis. Vienm\u0113r uzraugiet p\u0101rnesumk\u0101rbas temperat\u016bru darb\u012bbas laik\u0101, \u012bpa\u0161i lielas slodzes apst\u0101k\u013cos.<\/p>\n<ul>\n<li><strong>P\u0101rm\u0113r\u012bgs karstums:<\/strong> Ja p\u0101rnesumk\u0101rba k\u013c\u016bst neparasti karsta, tas var liecin\u0101t par zemu e\u013c\u013cas l\u012bmeni, sliktu e\u013c\u013co\u0161anu vai p\u0101rm\u0113r\u012bgu slodzi. Nekav\u0113joties nov\u0113rsiet probl\u0113mu, lai nov\u0113rstu boj\u0101jumus.<\/li>\n<li><strong>Dzes\u0113\u0161anas sist\u0113mas:<\/strong> Da\u017eas kukur\u016bzas p\u013caujma\u0161\u012bnu p\u0101rnesumk\u0101rbas ir apr\u012bkotas ar dzes\u0113\u0161anas sist\u0113m\u0101m. P\u0101rliecinieties, vai t\u0101s darbojas pareizi, un p\u0101rbaudiet, vai dzes\u0113\u0161anas l\u012bnij\u0101s nav aizsprostojumu vai nopl\u016b\u017eu.<\/li>\n<\/ul>\n<p><strong>5. P\u0101rbaudiet un pievelciet skr\u016bves un stiprin\u0101jumus<\/strong><\/p>\n<p>P\u0101rnesumk\u0101rbas deta\u013cas laika gait\u0101 var atsl\u0101bt vibr\u0101ciju un sp\u0113ku d\u0113\u013c, kas rodas darb\u012bbas laik\u0101. Va\u013c\u012bgas skr\u016bves vai stiprin\u0101jumi var izrais\u012bt nepareizu izl\u012bdzin\u0101\u0161anu, p\u0101rm\u0113r\u012bgu nodilumu vai pat piln\u012bgu p\u0101rnesumk\u0101rbas atteici.<\/p>\n<ul>\n<li><strong>P\u0101rbaudiet skr\u016bves:<\/strong> Regul\u0101ri p\u0101rbaudiet visas p\u0101rnesumk\u0101rbas skr\u016bves un stiprin\u0101jumus, \u012bpa\u0161i ap ieejas un izejas v\u0101rpst\u0101m.<\/li>\n<li><strong>Pievelciet p\u0113c nepiecie\u0161am\u012bbas:<\/strong> Pievelciet visas va\u013c\u012bg\u0101s skr\u016bves un stiprin\u0101jumus, lai p\u0101rliecin\u0101tos, ka visas deta\u013cas ir dro\u0161i sav\u0101s viet\u0101s. Tas ar\u012b pal\u012bdz nov\u0113rst nevajadz\u012bgas vibr\u0101cijas, kas laika gait\u0101 var izrais\u012bt boj\u0101jumus.<\/li>\n<\/ul>\n<p>Regul\u0101ra kukur\u016bzas p\u013caujma\u0161\u012bnas p\u0101rnesumk\u0101rbas apkope ir b\u016btiska, lai maksim\u0101li palielin\u0101tu t\u0101s kalpo\u0161anas laiku, veiktsp\u0113ju un efektivit\u0101ti. Iev\u0113rojot atbilsto\u0161us e\u013c\u013co\u0161anas grafikus, veicot vizu\u0101las p\u0101rbaudes un nekav\u0113joties nov\u0113r\u0161ot visas iesp\u0113jam\u0101s probl\u0113mas, j\u016bs varat nodro\u0161in\u0101t, ka j\u016bsu p\u0101rnesumk\u0101rba darbojas nevainojami vis\u0101 ra\u017eas nov\u0101k\u0161anas sezon\u0101. Pareiza p\u0101rnesumk\u0101rbas un j\u016bgv\u0101rpstas kop\u0161ana un uzman\u012bba ar\u012b samazin\u0101s d\u0101rgu remontu iesp\u0113jam\u012bbu un d\u012bkst\u0101ves laiku, \u013caujot jums koncentr\u0113ties uz produktivit\u0101tes palielin\u0101\u0161anu ra\u017eas nov\u0101k\u0161anas laik\u0101.<\/p>\n<p><img loading=\"lazy\" decoding=\"async\" class=\"wp-image-3191 aligncenter\" src=\"https:\/\/fmp-components.com\/wp-content\/uploads\/2025\/01\/corn-header-gearbox-m767a1.webp\" alt=\"kukur\u016bzas-head-reduktora-m767a-specifik\u0101cija\" width=\"780\" height=\"780\" title=\"\" srcset=\"https:\/\/fmp-components.com\/wp-content\/uploads\/2025\/01\/corn-header-gearbox-m767a1.webp 300w, https:\/\/fmp-components.com\/wp-content\/uploads\/2025\/01\/corn-header-gearbox-m767a1-150x150.webp 150w, https:\/\/fmp-components.com\/wp-content\/uploads\/2025\/01\/corn-header-gearbox-m767a1-12x12.webp 12w, https:\/\/fmp-components.com\/wp-content\/uploads\/2025\/01\/corn-header-gearbox-m767a1-100x100.webp 100w\" sizes=\"(max-width: 780px) 100vw, 780px\" \/><\/p>\n<h2>Par FMP<\/h2>\n<p>FMP galven\u0101 m\u012btne atrodas It\u0101lij\u0101, un tas ir vado\u0161ais ra\u017eot\u0101js, kas specializ\u0113jas augstas veiktsp\u0113jas p\u0101rnesumk\u0101rbu projekt\u0113\u0161an\u0101, izstr\u0101d\u0113 un ra\u017eo\u0161an\u0101, galvenok\u0101rt lauksaimniec\u012bbas tehnikas sektoram. FMP, kas ir paz\u012bstams ar prec\u012bzu in\u017eenieriju, inovat\u012bviem risin\u0101jumiem un past\u0101v\u012bgu uzticam\u012bbu, ir izveidojis sp\u0113c\u012bgu reput\u0101ciju k\u0101 uzticams partneris gan lauksaimniec\u012bbas, gan r\u016bpniec\u012bbas tirgos. M\u016bsu visaptvero\u0161aj\u0101 kl\u0101st\u0101 ietilpst z\u0101les p\u013c\u0101v\u0113ju, j\u016bgv\u0101rpstu un citu svar\u012bgu komponentu p\u0101rnesumk\u0101rbas p\u0113c pas\u016bt\u012bjuma, kas visas ir paredz\u0113tas da\u017e\u0101du pielietojumu \u012bpa\u0161aj\u0101m pras\u012bb\u0101m.<\/p>\n<p>Uz\u0146\u0113mum\u0101 FMP m\u0113s saprotam, ka katrs klients saskaras ar unik\u0101liem izaicin\u0101jumiem. Tas mudina m\u016bs koncentr\u0113ties uz piel\u0101gotu risin\u0101jumu snieg\u0161anu gan atsevi\u0161\u0137iem komponentiem, gan piln\u012bb\u0101 integr\u0113t\u0101m sist\u0113m\u0101m. Cie\u0161i sadarbojoties ar klientiem, m\u0113s nodro\u0161in\u0101m, ka katrs risin\u0101jums atbilst vi\u0146u vajadz\u012bb\u0101m, vienlaikus optimiz\u0113jot veiktsp\u0113ju un maksim\u0101li palielinot v\u0113rt\u012bbu. M\u016bsu ap\u0146em\u0161an\u0101s sniegt savlaic\u012bgas, profesion\u0101las atbildes un ekspertu nor\u0101d\u012bjumus nodro\u0161ina, ka katrs piepras\u012bjums tiek apstr\u0101d\u0101ts prec\u012bzi, nodro\u0161inot optim\u0101lus rezult\u0101tus.<\/p>\n<p>M\u0113s pie\u0161\u0137iram priorit\u0101ti p\u0101rredzamai un nep\u0101rtrauktai komunik\u0101cijai vis\u0101 produktu izstr\u0101des proces\u0101. M\u016bsu \u012bpa\u0161i izveidot\u0101 komanda cie\u0161i sadarbojas ar klientiem, lai piln\u012bb\u0101 izprastu vi\u0146u pras\u012bbas, sniedzot v\u0113rt\u012bgas atzi\u0146as un ieteikumus lab\u0101ko rezult\u0101tu sasnieg\u0161anai. Neatkar\u012bgi no t\u0101, vai izstr\u0101d\u0101jam inovat\u012bvus produktus vai izpild\u0101m ikdienas pas\u016bt\u012bjumus, FMP ir ap\u0146\u0113musies vienm\u0113r savlaic\u012bgi pieg\u0101d\u0101t augstas kvalit\u0101tes, prec\u012bzi izstr\u0101d\u0101tus risin\u0101jumus. M\u016bsu m\u0113r\u0137is ir p\u0101rsniegt klientu cer\u012bbas un nodro\u0161in\u0101t izcilu servisu katr\u0101 projekt\u0101.<\/p>\n<p>FMP darb\u012bbas pamat\u0101 ir nelok\u0101ma ap\u0146em\u0161an\u0101s nodro\u0161in\u0101t kvalit\u0101ti. M\u0113s iev\u0113rojam augst\u0101kos ra\u017eo\u0161anas standartus un stingras kvalit\u0101tes kontroles procesus, lai nodro\u0161in\u0101tu, ka katrs produkts p\u0101rsniedz nozares standartus. \u0160\u012b ap\u0146em\u0161an\u0101s nodro\u0161in\u0101t izcil\u012bbu apvienojum\u0101 ar m\u016bsu v\u0113rt\u012bb\u0101m \u2013 integrit\u0101ti, komandas darbu un neatlaid\u012bbu \u2013 ir \u013c\u0101vusi mums veidot ilgsto\u0161as, uz uztic\u012bbu balst\u012btas attiec\u012bbas ar klientiem gandr\u012bz 30 valst\u012bs vis\u0101 pasaul\u0113.<\/p>\n<p>FMP ir ap\u0146\u0113mies veicin\u0101t glob\u0101las partner\u012bbas, pied\u0101v\u0101jot ekspertu padomus un piel\u0101gotus risin\u0101jumus, kas atbilst m\u016bsu klientu main\u012bgaj\u0101m vajadz\u012bb\u0101m. M\u016bsu m\u0113r\u0137is ir veidot ilgtermi\u0146a, abpus\u0113ji izdev\u012bgas attiec\u012bbas, kas veicina katra projekta pan\u0101kumus. Neatkar\u012bgi no t\u0101, vai jums ir nepiecie\u0161ami inovat\u012bvi risin\u0101jumi jaunai iniciat\u012bvai vai past\u0101v\u012bgs atbalsts eso\u0161ai sist\u0113mai, FMP ir \u0161eit, lai pal\u012bdz\u0113tu jums p\u0101rvar\u0113t tehniskas probl\u0113mas un nodro\u0161in\u0101tu j\u016bsu turpm\u0101kus pan\u0101kumus.<\/p>\n<p><img loading=\"lazy\" decoding=\"async\" class=\"alignnone wp-image-2695\" src=\"https:\/\/fmp-components.com\/wp-content\/uploads\/2025\/01\/agricultural-gearbox3.webp\" alt=\"lauksaimniec\u012bbas p\u0101rnesumk\u0101rba\" width=\"1140\" height=\"1138\" title=\"\" srcset=\"https:\/\/fmp-components.com\/wp-content\/uploads\/2025\/01\/agricultural-gearbox3.webp 1140w, https:\/\/fmp-components.com\/wp-content\/uploads\/2025\/01\/agricultural-gearbox3-480x479.webp 480w\" sizes=\"(min-width: 0px) and (max-width: 480px) 480px, (min-width: 481px) 1140px, 100vw\" \/><\/p>\n<p>Autors: CX<\/p>","protected":false},"excerpt":{"rendered":"<p>Corn Header Gearbox M-767A Specifications i 1.6 N1[rpm] 540 P1[kW] 44.1 M2[Nm] 473 Shaft Type X 1&#8221; 3\/8 Z6 Shaft Type Z 1&#8221; 3\/8 Z6 Input Z Maintenance of Corn Header Gearbox Proper maintenance of the corn header gearbox is essential to ensure the equipment operates efficiently and lasts for many seasons. A well-maintained gearbox [&hellip;]<\/p>","protected":false},"featured_media":3191,"comment_status":"open","ping_status":"closed","template":"","meta":{"_et_pb_use_builder":"","_et_pb_old_content":"","_et_gb_content_width":""},"product_brand":[],"product_cat":[77],"product_tag":[],"class_list":{"0":"post-3189","1":"product","2":"type-product","3":"status-publish","4":"has-post-thumbnail","6":"product_cat-corn-headers-gearbox","8":"first","9":"instock","10":"shipping-taxable","11":"product-type-simple"},"_links":{"self":[{"href":"https:\/\/fmp-components.com\/lv\/wp-json\/wp\/v2\/product\/3189","targetHints":{"allow":["GET"]}}],"collection":[{"href":"https:\/\/fmp-components.com\/lv\/wp-json\/wp\/v2\/product"}],"about":[{"href":"https:\/\/fmp-components.com\/lv\/wp-json\/wp\/v2\/types\/product"}],"replies":[{"embeddable":true,"href":"https:\/\/fmp-components.com\/lv\/wp-json\/wp\/v2\/comments?post=3189"}],"wp:featuredmedia":[{"embeddable":true,"href":"https:\/\/fmp-components.com\/lv\/wp-json\/wp\/v2\/media\/3191"}],"wp:attachment":[{"href":"https:\/\/fmp-components.com\/lv\/wp-json\/wp\/v2\/media?parent=3189"}],"wp:term":[{"taxonomy":"product_brand","embeddable":true,"href":"https:\/\/fmp-components.com\/lv\/wp-json\/wp\/v2\/product_brand?post=3189"},{"taxonomy":"product_cat","embeddable":true,"href":"https:\/\/fmp-components.com\/lv\/wp-json\/wp\/v2\/product_cat?post=3189"},{"taxonomy":"product_tag","embeddable":true,"href":"https:\/\/fmp-components.com\/lv\/wp-json\/wp\/v2\/product_tag?post=3189"}],"curies":[{"name":"wp","href":"https:\/\/api.w.org\/{rel}","templated":true}]}}