{"id":3185,"date":"2025-01-05T05:56:59","date_gmt":"2025-01-05T05:56:59","guid":{"rendered":"https:\/\/fmp-components.com\/?page_id=8"},"modified":"2025-01-06T02:16:30","modified_gmt":"2025-01-06T02:16:30","slug":"corn-header-gearbox-replacement-of-comer-code-t-304a","status":"publish","type":"product","link":"https:\/\/fmp-components.com\/lv\/product\/corn-header-gearbox-replacement-of-comer-code-t-304a\/","title":{"rendered":"Kukur\u016bzas hedera p\u0101rnesumk\u0101rba \u2013 Comer koda T-304A nomai\u0146a"},"content":{"rendered":"<h2>Kukur\u016bzas hedera p\u0101rnesumk\u0101rbas T-304A specifik\u0101cijas<\/h2>\n<p><img loading=\"lazy\" decoding=\"async\" class=\"alignnone size-full wp-image-3187\" src=\"https:\/\/fmp-components.com\/wp-content\/uploads\/2025\/01\/corn-header-gearbox-specification-t304a.webp\" alt=\"Kukur\u016bzas-headera-reduktora-specifik\u0101cija-t304a\" width=\"971\" height=\"483\" title=\"\" srcset=\"https:\/\/fmp-components.com\/wp-content\/uploads\/2025\/01\/corn-header-gearbox-specification-t304a.webp 971w, https:\/\/fmp-components.com\/wp-content\/uploads\/2025\/01\/corn-header-gearbox-specification-t304a-480x239.webp 480w\" sizes=\"(min-width: 0px) and (max-width: 480px) 480px, (min-width: 481px) 971px, 100vw\" \/><\/p>\n<table class=\"kh-1xzm1su\" border=\"1\" data-intent=\"lists-product-attributes\" data-test-id=\"attributes-list\">\n<tbody class=\"kh-1ago99h\">\n<tr id=\"attProductDetails\" class=\"kh-bwvum6\" data-test-id=\"attribute-row\">\n<th class=\"kh-10oizfy\">Produkta inform\u0101cija<\/th>\n<td class=\"kh-1f5nhat\">\n<ul>\n<li class=\"kh-16zd49f\">Visas p\u0101rnesumk\u0101rbas tiek pieg\u0101d\u0101tas bez e\u013c\u013cas.<\/li>\n<li class=\"kh-16zd49f\">Pirm\u0101 e\u013c\u013cas mai\u0146a p\u0113c 50\u201370 darba stund\u0101m, p\u0113c tam p\u0113c 500\u2013700 darba stund\u0101m vai vismaz reizi gad\u0101.<\/li>\n<li class=\"kh-16zd49f\">Sazinieties ar mums, lai uzzin\u0101tu par jaudu ar citu apgriezienu skaitu min\u016bt\u0113.<\/li>\n<\/ul>\n<\/td>\n<\/tr>\n<tr id=\"attApplicationRange\" class=\"kh-bwvum6\" data-test-id=\"attribute-row\">\n<th class=\"kh-10oizfy\">Pielietojuma diapazons<\/th>\n<td class=\"kh-1f5nhat\">\n<ul>\n<li class=\"kh-16zd49f\">Da\u017e\u0101di (lauksaimniec\u012bbas) pielietojumi<\/li>\n<li class=\"kh-16zd49f\">Urbjma\u0161\u012bna<\/li>\n<\/ul>\n<\/td>\n<\/tr>\n<tr id=\"attConsistsOf\" class=\"kh-bwvum6\" data-test-id=\"attribute-row\">\n<th class=\"kh-10oizfy\">Sast\u0101v no<\/th>\n<td class=\"kh-1f5nhat\">\n<ul>\n<li class=\"kh-16zd49f\">\u0100trumk\u0101rba<\/li>\n<li class=\"kh-16zd49f\">Bez e\u013c\u013cas<\/li>\n<\/ul>\n<\/td>\n<\/tr>\n<\/tbody>\n<\/table>\n<h2>Kukur\u016bzas hederu p\u0101rnesumk\u0101rbu raksturojums<\/h2>\n<ol>\n<li><strong>Augsta griezes momenta jauda<\/strong><br \/>\nKukur\u016bzas p\u013caujma\u0161\u012bnas p\u0101rnesumk\u0101rbas ir paredz\u0113tas lielu griezes momenta slod\u017eu apstr\u0101dei, nodro\u0161inot efekt\u012bvu jaudas p\u0101rnesi no traktora uz p\u013caujma\u0161\u012bnas meh\u0101nismu. Tas ir \u012bpa\u0161i svar\u012bgi kukur\u016bzas nov\u0101k\u0161an\u0101, jo p\u0101rnesumk\u0101rbai ir j\u0101iztur meh\u0101nisk\u0101 slodze, kas rodas, p\u013caujot un sav\u0101cot ra\u017eu.<\/li>\n<li><strong>Iztur\u012bga konstrukcija<\/strong><br \/>\nKukur\u016bzas p\u013caujma\u0161\u012bnu p\u0101rnesumk\u0101rbas, kas izgatavotas no iztur\u012bgiem materi\u0101liem, piem\u0113ram, augstas kvalit\u0101tes t\u0113rauda vai \u010duguna, ir konstru\u0113tas iztur\u012bbai un ilgm\u016b\u017e\u012bbai. \u0160\u012bs p\u0101rnesumk\u0101rbas sp\u0113j darboties sare\u017e\u0123\u012btos lauksaimniec\u012bbas apst\u0101k\u013cos, izturot skarbus laikapst\u0101k\u013cus un ilgas darba stundas.<\/li>\n<li><strong>Prec\u012bzijas in\u017eenierija<\/strong><br \/>\nKukur\u016bzas p\u013caujma\u0161\u012bnu p\u0101rnesumk\u0101rbas ir prec\u012bzi konstru\u0113tas, lai nodro\u0161in\u0101tu vienm\u0113r\u012bgu un uzticamu darb\u012bbu. P\u0101rnesumk\u0101rbas zobrati ir izgatavoti ar stingr\u0101m pielaid\u0113m, samazinot berzi un palielinot efektivit\u0101ti, kas savuk\u0101rt uzlabo visas ra\u017eas nov\u0101k\u0161anas sist\u0113mas veiktsp\u0113ju.<\/li>\n<li><strong>Kompakts un efekt\u012bvs dizains<\/strong><br \/>\n\u0160\u012bs p\u0101rnesumk\u0101rbas ir kompaktas, tom\u0113r jaud\u012bgas, padarot t\u0101s ide\u0101li piem\u0113rotas integr\u0101cijai kukur\u016bzas nov\u0101k\u0161anas ma\u0161\u012bn\u0101s, kur ir ierobe\u017eota vieta. Neskatoties uz mazo izm\u0113ru, t\u0101s ir paredz\u0113tas iev\u0113rojamu jaudas slod\u017eu apstr\u0101dei, vienlaikus saglab\u0101jot darb\u012bbas efektivit\u0101ti.<\/li>\n<li><strong>P\u0101rnesumu skait\u013ci<\/strong><br \/>\nKukur\u016bzas p\u013caujma\u0161\u012bnu p\u0101rnesumk\u0101rb\u0101m parasti ir \u012bpa\u0161i p\u0101rnesumu skait\u013ci, kas optimiz\u0113ti kukur\u016bzas nov\u0101k\u0161anas vajadz\u012bb\u0101m. Pareizais p\u0101rnesumskaitlis nodro\u0161ina pareizo \u0101trumu un jaudu, kas atbilst p\u013cau\u0161anas un sav\u0101k\u0161anas darb\u012bb\u0101m, uzlabojot p\u013caujma\u0161\u012bnas kop\u0113jo produktivit\u0101ti un veiktsp\u0113ju.<\/li>\n<\/ol>\n<p>Rezum\u0113jot, kard\u0101nv\u0101rpstas ir b\u016btiskas sast\u0101vda\u013cas, kas savieno traktoru ar kukur\u016bzas p\u013caujma\u0161\u012bnas p\u0101rnesumk\u0101rbu, nodro\u0161inot efekt\u012bvu jaudas p\u0101rvadi ra\u017eas nov\u0101k\u0161anas proces\u0101. Pareiza kard\u0101nv\u0101rpsta nodro\u0161ina uzticamu, dro\u0161u un efekt\u012bvu darb\u012bbu, veicinot augst\u0101ku produktivit\u0101ti un samazinot d\u012bkst\u0101ves laiku ra\u017eas nov\u0101k\u0161anas laik\u0101.<\/p>\n<p><img loading=\"lazy\" decoding=\"async\" class=\"wp-image-3186 aligncenter\" src=\"https:\/\/fmp-components.com\/wp-content\/uploads\/2025\/01\/corn-header-gearbox-t304a1.webp\" alt=\"kukur\u016bzas-p\u013caujma\u0161\u012bnas-reduktors-t304a(1)\" width=\"576\" height=\"576\" title=\"\" srcset=\"https:\/\/fmp-components.com\/wp-content\/uploads\/2025\/01\/corn-header-gearbox-t304a1.webp 300w, https:\/\/fmp-components.com\/wp-content\/uploads\/2025\/01\/corn-header-gearbox-t304a1-150x150.webp 150w, https:\/\/fmp-components.com\/wp-content\/uploads\/2025\/01\/corn-header-gearbox-t304a1-12x12.webp 12w, https:\/\/fmp-components.com\/wp-content\/uploads\/2025\/01\/corn-header-gearbox-t304a1-100x100.webp 100w\" sizes=\"(max-width: 576px) 100vw, 576px\" \/><\/p>\n<h3><strong>Kukur\u016bzas hedera p\u0101rnesumk\u0101rbas j\u016bgv\u0101rpstas<\/strong><\/h3>\n<p>J\u016bgv\u0101rpstas (j\u016bgv\u0101rpstas) ir kritiski svar\u012bgas sast\u0101vda\u013cas, ko izmanto, lai p\u0101rnestu meh\u0101nisko jaudu no traktora dzin\u0113ja uz kukur\u016bzas p\u013caujma\u0161\u012bnas p\u0101rnesumk\u0101rbu. J\u016bgv\u0101rpsta savieno traktora j\u016bgv\u0101rpstas izeju ar kukur\u016bzas p\u013caujma\u0161\u012bnas p\u0101rnesumk\u0101rbu, \u013caujot efekt\u012bvi p\u0101rs\u016bt\u012bt jaudu, lai darbin\u0101tu p\u013cau\u0161anas un sav\u0101k\u0161anas meh\u0101nismus. \u0160eit ir p\u0101rskats par \u012bpa\u0161\u012bb\u0101m un apsv\u0113rumiem, izv\u0113loties j\u016bgv\u0101rpstas kukur\u016bzas p\u013caujma\u0161\u012bnas p\u0101rnesumk\u0101rb\u0101m:<\/p>\n<ol>\n<li><strong>Augsta griezes momenta transmisija<\/strong><br \/>\nKukur\u016bzas p\u013caujma\u0161\u012bnas p\u0101rnesumk\u0101rbu kard\u0101nv\u0101rpstas ir paredz\u0113tas, lai iztur\u0113tu lielu griezes momentu, kas nepiecie\u0161ams kukur\u016bzas p\u013caujma\u0161\u012bnas grie\u0161anas, sav\u0101k\u0161anas un kul\u0161anas meh\u0101nismu darb\u012bbai. V\u0101rpstai ir j\u0101p\u0101rnes iev\u0113rojama jauda no traktora uz p\u0101rnesumk\u0101rbu, vienlaikus saglab\u0101jot vienm\u0113r\u012bgu darb\u012bbu.<\/li>\n<li><strong>Iztur\u012bba un sp\u0113ks<\/strong><br \/>\n\u0160\u012bs kard\u0101nv\u0101rpstas ir izgatavotas no augstas kvalit\u0101tes materi\u0101liem, piem\u0113ram, augstas stipr\u012bbas t\u0113rauda vai le\u0123\u0113tiem met\u0101liem, un t\u0101s ir konstru\u0113tas ilgam kalpo\u0161anas laikam. T\u0101s ir paredz\u0113tas, lai iztur\u0113tu nodilumu lauksaimniec\u012bbas tehnikas intens\u012bv\u0101s slodzes apst\u0101k\u013cos, nodro\u0161inot ilgu kalpo\u0161anas laiku.<\/li>\n<li><strong>Univers\u0101la sader\u012bba<\/strong><br \/>\nKukur\u016bzas p\u013caujma\u0161\u012bnu p\u0101rnesumk\u0101rbu kard\u0101nv\u0101rpstas bie\u017ei tiek konstru\u0113tas ar kard\u0101na savienojumiem, kas \u013cauj t\u0101m b\u016bt sader\u012bg\u0101m ar da\u017e\u0101diem traktoru mode\u013ciem un kukur\u016bzas p\u013caujma\u0161\u012bnu z\u012bmoliem. \u0160\u012b piel\u0101gojam\u012bba nodro\u0161ina, ka kard\u0101nv\u0101rpstu var viegli integr\u0113t da\u017e\u0101d\u0101s ma\u0161\u012bn\u0101s un darb\u012bbas iestat\u012bjumos.<\/li>\n<li><strong>Elast\u012bba un piel\u0101gojam\u012bba<\/strong><br \/>\nJ\u016bgv\u0101rpstas bie\u017ei ir apr\u012bkotas ar teleskopisk\u0101m sekcij\u0101m, kas nodro\u0161ina elast\u012bbu un \u0113rtu regul\u0113\u0161anu. \u0160\u012b funkcija \u013cauj operatoriem piel\u0101got v\u0101rpstas garumu da\u017e\u0101diem att\u0101lumiem no traktora l\u012bdz p\u013caujma\u0161\u012bnai, t\u0101d\u0113j\u0101di veicinot pareizu izl\u012bdzin\u0101\u0161anu un samazinot slodzi uz v\u0101rpstu un p\u0101rnesumk\u0101rbu.<\/li>\n<li><strong>Efekt\u012bva jaudas p\u0101rne\u0161ana<\/strong><br \/>\n\u0160\u012bs v\u0101rpstas ir konstru\u0113tas t\u0101, lai samazin\u0101tu ener\u0123ijas zudumus jaudas p\u0101rneses laik\u0101. Labi konstru\u0113ta j\u016bgv\u0101rpsta nodro\u0161ina, ka traktora dzin\u0113ja maksim\u0101l\u0101 jauda tiek efekt\u012bvi p\u0101rnesta uz kukur\u016bzas p\u013caujma\u0161\u012bnas p\u0101rnesumk\u0101rbu, uzlabojot ra\u017eas nov\u0101k\u0161anas procesa kop\u0113jo efektivit\u0101ti.<\/li>\n<\/ol>\n<p>Rezum\u0113jot, kard\u0101nv\u0101rpstas ir b\u016btiskas sast\u0101vda\u013cas, kas savieno traktoru ar kukur\u016bzas p\u013caujma\u0161\u012bnas p\u0101rnesumk\u0101rbu, nodro\u0161inot efekt\u012bvu jaudas p\u0101rvadi ra\u017eas nov\u0101k\u0161anas proces\u0101. Pareiza kard\u0101nv\u0101rpsta nodro\u0161ina uzticamu, dro\u0161u un efekt\u012bvu darb\u012bbu, veicinot augst\u0101ku produktivit\u0101ti un samazinot d\u012bkst\u0101ves laiku ra\u017eas nov\u0101k\u0161anas laik\u0101.<\/p>\n<p><img loading=\"lazy\" decoding=\"async\" class=\"wp-image-3188 aligncenter\" src=\"https:\/\/fmp-components.com\/wp-content\/uploads\/2025\/01\/corn-header-gearbox-t304a-11.webp\" alt=\"kukur\u016bzas-p\u013caujma\u0161\u012bnas-reduktors-t304a-1(1)\" width=\"690\" height=\"690\" title=\"\" srcset=\"https:\/\/fmp-components.com\/wp-content\/uploads\/2025\/01\/corn-header-gearbox-t304a-11.webp 300w, https:\/\/fmp-components.com\/wp-content\/uploads\/2025\/01\/corn-header-gearbox-t304a-11-150x150.webp 150w, https:\/\/fmp-components.com\/wp-content\/uploads\/2025\/01\/corn-header-gearbox-t304a-11-12x12.webp 12w, https:\/\/fmp-components.com\/wp-content\/uploads\/2025\/01\/corn-header-gearbox-t304a-11-100x100.webp 100w\" sizes=\"(max-width: 690px) 100vw, 690px\" \/><\/p>\n<h3>Par FMP<\/h3>\n<p>FMP galven\u0101 m\u012btne atrodas It\u0101lij\u0101, un tas ir iev\u0113rojams ra\u017eot\u0101js, kas atz\u012bts par savu pieredzi augstas veiktsp\u0113jas p\u0101rnesumk\u0101rbu projekt\u0113\u0161an\u0101, izstr\u0101d\u0113 un ra\u017eo\u0161an\u0101, galvenok\u0101rt koncentr\u0113joties uz lauksaimniec\u012bbas tehnikas sektoru. FMP, kas ir paz\u012bstams ar savu prec\u012bzo in\u017eenieriju, inovat\u012bvajiem risin\u0101jumiem un past\u0101v\u012bgo uzticam\u012bbu, ir izveidojis sp\u0113c\u012bgu reput\u0101ciju k\u0101 uzticams partneris gan lauksaimniec\u012bbas, gan r\u016bpniec\u012bbas tirgos. M\u016bsu daudzveid\u012bgaj\u0101 portfel\u012b ietilpst z\u0101les p\u013c\u0101v\u0113jiem paredz\u0113tas p\u0101rnesumk\u0101rbas, j\u016bgv\u0101rpstas un pla\u0161s citu svar\u012bgu komponentu kl\u0101sts, katrs no tiem ir r\u016bp\u012bgi izstr\u0101d\u0101ts, lai atbilstu da\u017e\u0101du pielietojumu \u012bpa\u0161aj\u0101m pras\u012bb\u0101m.<\/p>\n<p>Uz\u0146\u0113mum\u0101 FMP m\u0113s apzin\u0101mies, ka katrs klients saskaras ar unik\u0101liem izaicin\u0101jumiem. \u0160\u012b izpratne ir pamat\u0101 m\u016bsu ap\u0146em\u0161an\u0101s sniegt piel\u0101gotus risin\u0101jumus gan atsevi\u0161\u0137iem komponentiem, gan piln\u012bb\u0101 integr\u0113t\u0101m sist\u0113m\u0101m. Cie\u0161i sadarbojoties ar klientiem, m\u0113s nodro\u0161in\u0101m, ka katrs risin\u0101jums ne tikai atbilst vi\u0146u \u012bpa\u0161aj\u0101m vajadz\u012bb\u0101m, bet ar\u012b optimiz\u0113 veiktsp\u0113ju un palielina v\u0113rt\u012bbu. M\u016bsu ap\u0146em\u0161an\u0101s sniegt savlaic\u012bgas, profesion\u0101las atbildes un ekspertu nor\u0101d\u012bjumus nodro\u0161ina, ka katrs piepras\u012bjums tiek apstr\u0101d\u0101ts prec\u012bzi, konsekventi nodro\u0161inot optim\u0101lus rezult\u0101tus.<\/p>\n<p>M\u0113s uzsveram p\u0101rredzamu un nep\u0101rtrauktu komunik\u0101ciju vis\u0101 produktu izstr\u0101des cikl\u0101. M\u016bsu \u012bpa\u0161i izveidot\u0101 komanda cie\u0161i sadarbojas ar klientiem, lai piln\u012bb\u0101 izprastu vi\u0146u pras\u012bbas un sniegtu v\u0113rt\u012bgu ieskatu un ieteikumus lab\u0101ko rezult\u0101tu sasnieg\u0161anai. Neatkar\u012bgi no t\u0101, vai tiek izstr\u0101d\u0101ti vismodern\u0101kie produkti vai izpild\u012bti ikdienas pas\u016bt\u012bjumi, FMP ir ap\u0146\u0113mies vienm\u0113r savlaic\u012bgi pieg\u0101d\u0101t augstas kvalit\u0101tes, prec\u012bzi izstr\u0101d\u0101tus risin\u0101jumus. M\u016bsu m\u0113r\u0137is ir p\u0101rsniegt klientu cer\u012bbas, nodro\u0161inot izcilu servisu un rezult\u0101tus katr\u0101 projekt\u0101.<\/p>\n<p>FMP darb\u012bbas pamat\u0101 ir nelok\u0101ma ap\u0146em\u0161an\u0101s nodro\u0161in\u0101t kvalit\u0101ti. M\u0113s iev\u0113rojam augst\u0101kos ra\u017eo\u0161anas standartus un ievie\u0161am stingras kvalit\u0101tes kontroles procesus, lai nodro\u0161in\u0101tu, ka katrs produkts ne tikai atbilst, bet ar\u012b p\u0101rsniedz nozares standartus. \u0160\u012b nelok\u0101m\u0101 koncentr\u0113\u0161an\u0101s uz izcil\u012bbu apvienojum\u0101 ar m\u016bsu pamatv\u0113rt\u012bb\u0101m \u2013 godpr\u0101t\u012bbu, komandas darbu un neatlaid\u012bbu \u2013 ir \u013c\u0101vusi mums veidot ilgsto\u0161as, uz uztic\u012bbu balst\u012btas attiec\u012bbas ar klientiem gandr\u012bz 30 valst\u012bs vis\u0101 pasaul\u0113.<\/p>\n<p>FMP m\u0113s vienm\u0113r v\u0113lamies veicin\u0101t glob\u0101las partner\u012bbas, pied\u0101v\u0101jot ekspertu padomus un piel\u0101gotus risin\u0101jumus, kas atbilst m\u016bsu klientu nep\u0101rtraukti main\u012bgaj\u0101m vajadz\u012bb\u0101m. M\u0113s cen\u0161amies veidot ilgtermi\u0146a, abpus\u0113ji izdev\u012bgas attiec\u012bbas, kas veicina katra projekta pan\u0101kumus. Neatkar\u012bgi no t\u0101, vai mekl\u0113jat inovat\u012bvus risin\u0101jumus jaunai iniciat\u012bvai vai past\u0101v\u012bgu atbalstu eso\u0161ai sist\u0113mai, FMP ir gatavs pal\u012bdz\u0113t jums p\u0101rvar\u0113t tehniskas probl\u0113mas un nodro\u0161in\u0101t j\u016bsu turpm\u0101kos pan\u0101kumus.<\/p>\n<p><img loading=\"lazy\" decoding=\"async\" class=\"alignnone wp-image-2695\" src=\"https:\/\/fmp-components.com\/wp-content\/uploads\/2025\/01\/agricultural-gearbox3.webp\" alt=\"lauksaimniec\u012bbas p\u0101rnesumk\u0101rba\" width=\"1140\" height=\"1138\" title=\"\" srcset=\"https:\/\/fmp-components.com\/wp-content\/uploads\/2025\/01\/agricultural-gearbox3.webp 1140w, https:\/\/fmp-components.com\/wp-content\/uploads\/2025\/01\/agricultural-gearbox3-480x479.webp 480w\" sizes=\"(min-width: 0px) and (max-width: 480px) 480px, (min-width: 481px) 1140px, 100vw\" \/><\/p>\n<p>Autors: CX<\/p>","protected":false},"excerpt":{"rendered":"<p>Kukur\u016bzas hedera reduktora T-304A specifik\u0101cijas Produkta inform\u0101cija Visas reduktores tiek pieg\u0101d\u0101tas bez e\u013c\u013cas. Pirm\u0101 e\u013c\u013cas mai\u0146a p\u0113c 50\u201370 darba stund\u0101m, p\u0113c tam p\u0113c 500\u2013700 darba stund\u0101m vai vismaz reizi gad\u0101. Sazinieties ar mums, lai uzzin\u0101tu jaudu pie citiem apgriezieniem min\u016bt\u0113. Pielietojuma diapazons Da\u017e\u0101di (lauksaimniec\u012bbas) pielietojumi Urb\u0161anas urbis Sast\u0101v no reduktora Bez e\u013c\u013cas Kukur\u016bzas hedera raksturojums [\u2026]<\/p>","protected":false},"featured_media":3186,"comment_status":"open","ping_status":"closed","template":"","meta":{"_et_pb_use_builder":"","_et_pb_old_content":"","_et_gb_content_width":""},"product_brand":[],"product_cat":[78],"product_tag":[],"class_list":{"0":"post-3185","1":"product","2":"type-product","3":"status-publish","4":"has-post-thumbnail","6":"product_cat-gearbox-for-agricultural-machinery","8":"first","9":"instock","10":"shipping-taxable","11":"product-type-simple"},"_links":{"self":[{"href":"https:\/\/fmp-components.com\/lv\/wp-json\/wp\/v2\/product\/3185","targetHints":{"allow":["GET"]}}],"collection":[{"href":"https:\/\/fmp-components.com\/lv\/wp-json\/wp\/v2\/product"}],"about":[{"href":"https:\/\/fmp-components.com\/lv\/wp-json\/wp\/v2\/types\/product"}],"replies":[{"embeddable":true,"href":"https:\/\/fmp-components.com\/lv\/wp-json\/wp\/v2\/comments?post=3185"}],"wp:featuredmedia":[{"embeddable":true,"href":"https:\/\/fmp-components.com\/lv\/wp-json\/wp\/v2\/media\/3186"}],"wp:attachment":[{"href":"https:\/\/fmp-components.com\/lv\/wp-json\/wp\/v2\/media?parent=3185"}],"wp:term":[{"taxonomy":"product_brand","embeddable":true,"href":"https:\/\/fmp-components.com\/lv\/wp-json\/wp\/v2\/product_brand?post=3185"},{"taxonomy":"product_cat","embeddable":true,"href":"https:\/\/fmp-components.com\/lv\/wp-json\/wp\/v2\/product_cat?post=3185"},{"taxonomy":"product_tag","embeddable":true,"href":"https:\/\/fmp-components.com\/lv\/wp-json\/wp\/v2\/product_tag?post=3185"}],"curies":[{"name":"wp","href":"https:\/\/api.w.org\/{rel}","templated":true}]}}