{"id":3170,"date":"2025-01-05T05:15:38","date_gmt":"2025-01-05T05:15:38","guid":{"rendered":"https:\/\/fmp-components.com\/?page_id=8"},"modified":"2025-01-05T05:39:04","modified_gmt":"2025-01-05T05:39:04","slug":"corn-headers-gearbox-replacement-of-comer-code-l170-b","status":"publish","type":"product","link":"https:\/\/fmp-components.com\/lv\/product\/corn-headers-gearbox-replacement-of-comer-code-l170-b\/","title":{"rendered":"Kukur\u016bzas hederu p\u0101rnesumk\u0101rba \u2014 st\u016bra koda L170-B nomai\u0146a"},"content":{"rendered":"<table style=\"border-collapse: collapse; width: 98.8846%;\" border=\"0\" width=\"128\" cellspacing=\"0\" cellpadding=\"0\">\n<tbody>\n<tr style=\"height: 13.8pt;\">\n<td style=\"height: 13.8pt; width: 49.2308%;\" align=\"right\" width=\"64\" height=\"18\"><img loading=\"lazy\" decoding=\"async\" class=\"alignnone size-full wp-image-3171\" src=\"https:\/\/fmp-components.com\/wp-content\/uploads\/2025\/01\/corn-header-gearbox-1.webp\" alt=\"kukur\u016bzas p\u013caujma\u0161\u012bnas p\u0101rnesumk\u0101rba\" width=\"500\" height=\"500\" title=\"\" srcset=\"https:\/\/fmp-components.com\/wp-content\/uploads\/2025\/01\/corn-header-gearbox-1.webp 500w, https:\/\/fmp-components.com\/wp-content\/uploads\/2025\/01\/corn-header-gearbox-1-480x480.webp 480w\" sizes=\"(min-width: 0px) and (max-width: 480px) 480px, (min-width: 481px) 500px, 100vw\" \/><\/td>\n<td style=\"width: 646.923%;\" align=\"right\" width=\"64\"><img loading=\"lazy\" decoding=\"async\" class=\"alignnone size-full wp-image-3172\" src=\"https:\/\/fmp-components.com\/wp-content\/uploads\/2025\/01\/corn-header-gearbox-2.webp\" alt=\"kukur\u016bzas p\u013caujma\u0161\u012bnas p\u0101rnesumk\u0101rba\" width=\"500\" height=\"500\" title=\"\" srcset=\"https:\/\/fmp-components.com\/wp-content\/uploads\/2025\/01\/corn-header-gearbox-2.webp 500w, https:\/\/fmp-components.com\/wp-content\/uploads\/2025\/01\/corn-header-gearbox-2-480x480.webp 480w\" sizes=\"(min-width: 0px) and (max-width: 480px) 480px, (min-width: 481px) 500px, 100vw\" \/><\/td>\n<\/tr>\n<\/tbody>\n<\/table>\n<h2>Kukur\u016bzas hederu p\u0101rnesumk\u0101rbas specifik\u0101cija <img loading=\"lazy\" decoding=\"async\" class=\"alignnone size-full wp-image-3174\" src=\"https:\/\/fmp-components.com\/wp-content\/uploads\/2025\/01\/corn-header-gearbox-L170b.webp\" alt=\"kukur\u016bzas p\u013caujma\u0161\u012bnas p\u0101rnesumk\u0101rba\" width=\"973\" height=\"575\" title=\"\" srcset=\"https:\/\/fmp-components.com\/wp-content\/uploads\/2025\/01\/corn-header-gearbox-L170b.webp 973w, https:\/\/fmp-components.com\/wp-content\/uploads\/2025\/01\/corn-header-gearbox-L170b-480x284.webp 480w\" sizes=\"(min-width: 0px) and (max-width: 480px) 480px, (min-width: 481px) 973px, 100vw\" \/><\/h2>\n<table style=\"border-collapse: collapse; width: 97.4772%; height: 118px;\" border=\"0\" width=\"128\" cellspacing=\"0\" cellpadding=\"0\">\n<tbody>\n<tr style=\"height: 13.8pt;\">\n<td style=\"height: 13.8pt; width: 42.7173%;\" align=\"right\" width=\"64\" height=\"18\">\n<h2><img loading=\"lazy\" decoding=\"async\" class=\"wp-image-3175 aligncenter\" src=\"https:\/\/fmp-components.com\/wp-content\/uploads\/2025\/01\/mounting.webp\" alt=\"kukur\u016bzas p\u013caujma\u0161\u012bnas p\u0101rnesumk\u0101rba\" width=\"362\" height=\"260\" title=\"\" srcset=\"https:\/\/fmp-components.com\/wp-content\/uploads\/2025\/01\/mounting.webp 184w, https:\/\/fmp-components.com\/wp-content\/uploads\/2025\/01\/mounting-18x12.webp 18w\" sizes=\"(max-width: 362px) 100vw, 362px\" \/><\/h2>\n<\/td>\n<td style=\"width: 55.3262%;\" align=\"right\" width=\"64\">\n<h2><img loading=\"lazy\" decoding=\"async\" class=\"wp-image-3176 aligncenter\" src=\"https:\/\/fmp-components.com\/wp-content\/uploads\/2025\/01\/replacement-of-comer-L170B.webp\" alt=\"kukur\u016bzas p\u013caujma\u0161\u012bnas p\u0101rnesumk\u0101rba\" width=\"431\" height=\"293\" title=\"\"><\/h2>\n<\/td>\n<\/tr>\n<\/tbody>\n<\/table>\n<h2><\/h2>\n<h2>Kukur\u016bzas hedera p\u0101rnesumk\u0101rbas \u012bpa\u0161\u012bbas<\/h2>\n<p>Kukur\u016bzas p\u013caujma\u0161\u012bnas p\u0101rnesumk\u0101rba ir b\u016btiska ra\u017eas nov\u0101k\u0161anas tehnikas sast\u0101vda\u013ca, ko izmanto, lai efekt\u012bvi nov\u0101ktu kukur\u016bzas ra\u017eu. T\u0101 nodro\u0161ina nepiecie\u0161amo jaudu un meh\u0101nisk\u0101s priek\u0161roc\u012bbas p\u013caujma\u0161\u012bnas sist\u0113mas darbin\u0101\u0161anai, garant\u0113jot optim\u0101lu veiktsp\u0113ju un produktivit\u0101ti. \u0160eit ir da\u017eas no kukur\u016bzas p\u013caujma\u0161\u012bnas p\u0101rnesumk\u0101rbas galvenaj\u0101m \u012bpa\u0161\u012bb\u0101m:<\/p>\n<p><strong>1. Augsta griezes momenta transmisija<\/strong><\/p>\n<ul>\n<li>P\u0101rnesumk\u0101rba ir paredz\u0113ta liela griezes momenta p\u0101rs\u016bt\u012b\u0161anai no traktora j\u016bgv\u0101rpstas uz kukur\u016bzas hederu. Tas nodro\u0161ina, ka da\u017e\u0101das hedera kust\u012bg\u0101s da\u013cas, piem\u0113ram, sav\u0101k\u0161anas \u0137\u0113des un no\u0146\u0113m\u0113ja pl\u0101ksnes, darbojas vienm\u0113r\u012bgi pat lielas slodzes apst\u0101k\u013cos.<\/li>\n<\/ul>\n<p><strong>2. Prec\u012bz\u0101 in\u017eenierija<\/strong><\/p>\n<ul>\n<li>Kukur\u016bzas p\u013caujma\u0161\u012bnu p\u0101rnesumk\u0101rbas ir prec\u012bzi konstru\u0113tas, lai nodro\u0161in\u0101tu vienm\u0113r\u012bgu darb\u012bbu un iztur\u012bbu. Sast\u0101vda\u013cas ir izstr\u0101d\u0101tas t\u0101, lai samazin\u0101tu nodilumu, nodro\u0161inot ilgm\u016b\u017e\u012bbu un nemain\u012bgu veiktsp\u0113ju.<\/li>\n<\/ul>\n<p><strong>3. Iztur\u012bba un sp\u0113ks<\/strong><\/p>\n<ul>\n<li>\u0160\u012bs p\u0101rnesumk\u0101rbas ir konstru\u0113tas t\u0101, lai iztur\u0113tu skarbus lauka apst\u0101k\u013cus, tostarp putek\u013cu, mitruma un ekstrem\u0101lu temperat\u016bru iedarb\u012bbu. Tiek izmantoti augstas kvalit\u0101tes materi\u0101li, lai nodro\u0161in\u0101tu, ka p\u0101rnesumk\u0101rba sp\u0113j iztur\u0113t nep\u0101rtrauktas lieto\u0161anas augst\u0101s pras\u012bbas ra\u017eas nov\u0101k\u0161anas sezon\u0101s.<\/li>\n<\/ul>\n<p><strong>4. Efekt\u012bva jaudas p\u0101rne\u0161ana<\/strong><\/p>\n<ul>\n<li>Kukur\u016bzas p\u013caujma\u0161\u012bnas p\u0101rnesumk\u0101rbas ir paredz\u0113tas, lai efekt\u012bvi p\u0101rnestu jaudu no traktora j\u016bgv\u0101rpstas uz p\u013caujma\u0161\u012bnas komponentiem, samazinot ener\u0123ijas zudumus un uzlabojot ra\u017eas nov\u0101k\u0161anas procesa efektivit\u0101ti.<\/li>\n<\/ul>\n<p><strong>5. Kompakts un iztur\u012bgs dizains<\/strong><\/p>\n<ul>\n<li>P\u0101rnesumk\u0101rbas parasti ir kompaktas, t\u0101p\u0113c t\u0101s ir viegli integr\u0113t hedera sist\u0113m\u0101, nepalielinot svaru vai apjomu. Iztur\u012bg\u0101 konstrukcija nodro\u0161ina, ka p\u0101rnesumk\u0101rba var tikt gal\u0101 ar past\u0101v\u012bgo lauksaimniec\u012bbas lieto\u0161anas nodilumu.<\/li>\n<\/ul>\n<p>Nosl\u0113gum\u0101 j\u0101saka, ka kukur\u016bzas p\u013caujma\u0161\u012bnas p\u0101rnesumk\u0101rba ir izstr\u0101d\u0101ta, lai nodro\u0161in\u0101tu jaudu, precizit\u0101ti un iztur\u012bbu sare\u017e\u0123\u012btos apst\u0101k\u013cos, uzlabojot kukur\u016bzas nov\u0101k\u0161anas procesa kop\u0113jo efektivit\u0101ti un uzticam\u012bbu.<\/p>\n<p><img loading=\"lazy\" decoding=\"async\" class=\"alignnone size-full wp-image-3177\" src=\"https:\/\/fmp-components.com\/wp-content\/uploads\/2025\/01\/Agricultural-Lawnmower-Gearbox-Production-Workshop.webp\" alt=\"kukur\u016bzas p\u013caujma\u0161\u012bnas p\u0101rnesumk\u0101rba\" width=\"1200\" height=\"620\" title=\"\" srcset=\"https:\/\/fmp-components.com\/wp-content\/uploads\/2025\/01\/Agricultural-Lawnmower-Gearbox-Production-Workshop.webp 1200w, https:\/\/fmp-components.com\/wp-content\/uploads\/2025\/01\/Agricultural-Lawnmower-Gearbox-Production-Workshop-980x506.webp 980w, https:\/\/fmp-components.com\/wp-content\/uploads\/2025\/01\/Agricultural-Lawnmower-Gearbox-Production-Workshop-480x248.webp 480w\" sizes=\"(min-width: 0px) and (max-width: 480px) 480px, (min-width: 481px) and (max-width: 980px) 980px, (min-width: 981px) 1200px, 100vw\" \/><\/p>\n<h2 data-pm-slice=\"1 1 []\">Kukur\u016bzas hederu p\u0101rnesumk\u0101rbas j\u016bgv\u0101rpstas<\/h2>\n<p>J\u016bgv\u0101rpsta (j\u016bgv\u0101rpsta) ir b\u016btiska sast\u0101vda\u013ca, kas savieno traktora jaudas sist\u0113mu ar kukur\u016bzas p\u013caujma\u0161\u012bnas p\u0101rnesumk\u0101rbu. T\u0101 p\u0101rnes meh\u0101nisko jaudu no traktora dzin\u0113ja uz p\u0101rnesumk\u0101rbu, nodro\u0161inot kukur\u016bzas p\u013caujma\u0161\u012bnas da\u017e\u0101do meh\u0101nismu efekt\u012bvu darb\u012bbu ra\u017eas nov\u0101k\u0161anas laik\u0101. \u0160eit ir galvenie j\u016bgv\u0101rpstu aspekti kukur\u016bzas p\u013caujma\u0161\u012bnas p\u0101rnesumk\u0101rb\u0101m:<\/p>\n<p>1. <strong>Jaudas p\u0101rne\u0161ana<\/strong><\/p>\n<ul>\n<li>J\u016bgv\u0101rpsta ir paredz\u0113ta meh\u0101nisk\u0101s jaudas p\u0101rne\u0161anai no traktora j\u016bgv\u0101rpstas uz kukur\u016bzas p\u013caujma\u0161\u012bnas p\u0101rnesumk\u0101rbu. \u0160\u012b jauda p\u0113c tam tiek sadal\u012bta starp p\u013caujma\u0161\u012bnas komponentiem, piem\u0113ram, sav\u0101k\u0161anas \u0137\u0113d\u0113m, glieme\u017etransportieriem un cit\u0101m kust\u012bg\u0101m da\u013c\u0101m, kas pal\u012bdz nov\u0101kt kukur\u016bzu.<\/li>\n<\/ul>\n<p>2. <strong>Augsta griezes momenta jauda<\/strong><\/p>\n<ul>\n<li>Kukur\u016bzas p\u013caujma\u0161\u012bnu p\u0101rnesumk\u0101rbu kard\u0101nv\u0101rpstas ir konstru\u0113tas t\u0101, lai iztur\u0113tu lielas griezes momenta slodzes. Kukur\u016bzas nov\u0101k\u0161ana ir augstas intensit\u0101tes darb\u012bba, t\u0101p\u0113c kard\u0101nv\u0101rpstai ir j\u0101tiek gal\u0101 ar iev\u0113rojamu jaudu bez atteices. V\u0101rpsta ir izgatavota no augstas iztur\u012bbas materi\u0101liem, lai nodro\u0161in\u0101tu efekt\u012bvu jaudas p\u0101rnesi pat pie liel\u0101m slodz\u0113m.<\/li>\n<\/ul>\n<p><strong>3. Kard\u0101na savienojuma konstrukcija<\/strong><\/p>\n<ul>\n<li>Kard\u0101nv\u0101rpsta ir apr\u012bkota ar <strong>univers\u0101lie savienojumi<\/strong> abos galos, \u013caujot tam p\u0101rvad\u012bt jaudu pat tad, ja starp traktora j\u016bgv\u0101rpstas izeju un kukur\u016bzas p\u013caujma\u0161\u012bnas p\u0101rnesumk\u0101rbu ir neliels le\u0146\u0137is vai nob\u012bde. \u0160\u012b elast\u012bba nodro\u0161ina vienm\u0113r\u012bgu un nep\u0101rtrauktu darb\u012bbu, vienlaikus samazinot nodiluma risku.<\/li>\n<\/ul>\n<p><strong>4. Iztur\u012bba un ilgm\u016b\u017e\u012bba<\/strong><\/p>\n<ul>\n<li>\u0160\u012bs kard\u0101nv\u0101rpstas ir konstru\u0113tas t\u0101, lai t\u0101s b\u016btu iztur\u012bgas un ilgm\u016b\u017e\u012bgas, jo t\u0101s ir pak\u013cautas skarbiem lauka apst\u0101k\u013ciem, piem\u0113ram, net\u012brumiem, mitrumam un meh\u0101niskai slodzei. V\u0101rpstas ir izgatavotas no augstas kvalit\u0101tes t\u0113rauda un bie\u017ei vien ir p\u0101rkl\u0101tas ar korozijiztur\u012bgiem p\u0101rkl\u0101jumiem, lai pagarin\u0101tu to kalpo\u0161anas laiku.<\/li>\n<\/ul>\n<p><strong>5. Regul\u0113jams garums<\/strong><\/p>\n<ul>\n<li>Kard\u0101nv\u0101rpstas garumu var regul\u0113t, lai piel\u0101gotos da\u017e\u0101diem iek\u0101rtu izm\u0113riem un konfigur\u0101cij\u0101m. \u0160\u012b regul\u0113jam\u012bba ir \u012bpa\u0161i noder\u012bga, pievienojot kard\u0101nv\u0101rpstu no traktora da\u017e\u0101diem kukur\u016bzas p\u013caujma\u0161\u012bnu mode\u013ciem, jo \u200b\u200bsavienojuma garums var at\u0161\u0137irties.<\/li>\n<\/ul>\n<p>Kukur\u016bzas p\u013caujma\u0161\u012bnu p\u0101rnesumk\u0101rbu kard\u0101nv\u0101rpstas ir svar\u012bgas sast\u0101vda\u013cas, kas atvieglo efekt\u012bvu jaudas p\u0101rnesi no traktora uz p\u013caujma\u0161\u012bnu. T\u0101s ir konstru\u0113tas t\u0101, lai b\u016btu iztur\u012bgas, dro\u0161as un daudzpus\u012bgas, nodro\u0161inot uzticamu veiktsp\u0113ju un samazinot d\u012bkst\u0101ves laiku sare\u017e\u0123\u012btos lauka apst\u0101k\u013cos.<\/p>\n<h3>Par FMP<\/h3>\n<p>FMP galven\u0101 m\u012btne atrodas It\u0101lij\u0101, un tas ir iev\u0113rojams ra\u017eot\u0101js, kas paz\u012bstams ar savu pieredzi augstas veiktsp\u0113jas p\u0101rnesumk\u0101rbu projekt\u0113\u0161an\u0101, izstr\u0101d\u0113 un ra\u017eo\u0161an\u0101, galvenok\u0101rt koncentr\u0113joties uz lauksaimniec\u012bbas tehniku. FMP, kas paz\u012bstams ar savu prec\u012bzo in\u017eenieriju, inovat\u012bvajiem risin\u0101jumiem un nelok\u0101mo uzticam\u012bbu, ir ieguvis uzticamu reput\u0101ciju gan lauksaimniec\u012bbas, gan r\u016bpniec\u012bbas nozar\u0113s. M\u016bsu pla\u0161aj\u0101 produktu kl\u0101st\u0101 ietilpst z\u0101les p\u013c\u0101v\u0113ju p\u0101rnesumk\u0101rbas, j\u016bgv\u0101rpstas un da\u017e\u0101das svar\u012bgas sast\u0101vda\u013cas, kas visas ir r\u016bp\u012bgi izstr\u0101d\u0101tas, lai atbilstu da\u017e\u0101du pielietojumu \u012bpa\u0161aj\u0101m vajadz\u012bb\u0101m.<\/p>\n<p>Uz\u0146\u0113mum\u0101 FMP m\u0113s apzin\u0101mies, ka katrs klients saskaras ar unik\u0101liem izaicin\u0101jumiem. T\u0101p\u0113c m\u0113s specializ\u0113jamies piel\u0101gotu risin\u0101jumu snieg\u0161an\u0101 \u2014 gan atsevi\u0161\u0137iem komponentiem, gan piln\u012bb\u0101 integr\u0113t\u0101m sist\u0113m\u0101m. Cie\u0161i sadarbojoties ar klientiem, m\u0113s nodro\u0161in\u0101m, ka katrs risin\u0101jums ne tikai atbilst vi\u0146u vajadz\u012bb\u0101m, bet ar\u012b uzlabo veiktsp\u0113ju un palielina v\u0113rt\u012bbu. M\u016bsu ap\u0146em\u0161an\u0101s sniegt savlaic\u012bgas, profesion\u0101las atbildes un ekspertu nor\u0101d\u012bjumus nodro\u0161ina, ka katrs piepras\u012bjums tiek apstr\u0101d\u0101ts prec\u012bzi, konsekventi nodro\u0161inot optim\u0101lus rezult\u0101tus.<\/p>\n<p>M\u0113s uzsveram skaidru un nep\u0101rtrauktu komunik\u0101ciju vis\u0101 produktu izstr\u0101des cikl\u0101. M\u016bsu \u012bpa\u0161i izveidot\u0101 komanda sadarbojas ar klientiem, lai piln\u012bb\u0101 izprastu vi\u0146u pras\u012bbas un sniegtu v\u0113rt\u012bgas atzi\u0146as un ieteikumus lab\u0101ko iesp\u0113jamo rezult\u0101tu sasnieg\u0161anai. Neatkar\u012bgi no t\u0101, vai tiek izstr\u0101d\u0101ti vismodern\u0101kie produkti vai izpild\u012bti ikdienas pas\u016bt\u012bjumi, FMP ir ap\u0146\u0113musies savlaic\u012bgi un konsekventi pieg\u0101d\u0101t augstas kvalit\u0101tes, prec\u012bzi izstr\u0101d\u0101tus risin\u0101jumus. M\u016bsu m\u0113r\u0137is ir past\u0101v\u012bgi p\u0101rsniegt klientu cer\u012bbas, nodro\u0161inot izcilu servisu un rezult\u0101tus katr\u0101 projekt\u0101.<\/p>\n<p>Kvalit\u0101te ir visa m\u016bsu FMP darb\u012bbas pamat\u0101. M\u0113s iev\u0113rojam augst\u0101kos ra\u017eo\u0161anas standartus un ievie\u0161am stingras kvalit\u0101tes kontroles procesus, lai nodro\u0161in\u0101tu, ka katrs produkts ne tikai atbilst, bet ar\u012b p\u0101rsniedz nozares standartus. \u0160\u012b ap\u0146em\u0161an\u0101s sasniegt izcil\u012bbu apvienojum\u0101 ar m\u016bsu pamatv\u0113rt\u012bb\u0101m \u2013 integrit\u0101ti, komandas darbu un neatlaid\u012bbu \u2013 ir \u013c\u0101vusi mums veidot ilgsto\u0161as, uz uztic\u012bbu balst\u012btas attiec\u012bbas ar klientiem gandr\u012bz 30 valst\u012bs vis\u0101 pasaul\u0113.<\/p>\n<p>FMP vienm\u0113r v\u0113las veidot glob\u0101las partner\u012bbas, pied\u0101v\u0101jot ekspertu padomus un piel\u0101gotus risin\u0101jumus, kas atbilst m\u016bsu klientu main\u012bgaj\u0101m vajadz\u012bb\u0101m. M\u016bsu m\u0113r\u0137is ir veidot ilgtermi\u0146a, abpus\u0113ji izdev\u012bgas attiec\u012bbas, kas veicina katra projekta pan\u0101kumus. Neatkar\u012bgi no t\u0101, vai mekl\u0113jat inovat\u012bvus risin\u0101jumus jaunai iniciat\u012bvai vai nepiecie\u0161ams past\u0101v\u012bgs atbalsts eso\u0161ai sist\u0113mai, FMP ir gatavs pal\u012bdz\u0113t jums p\u0101rvar\u0113t tehniskas probl\u0113mas un nodro\u0161in\u0101t j\u016bsu turpm\u0101kus pan\u0101kumus.<\/p>\n<p><img loading=\"lazy\" decoding=\"async\" class=\"alignnone wp-image-2695\" src=\"https:\/\/fmp-components.com\/wp-content\/uploads\/2025\/01\/agricultural-gearbox3.webp\" alt=\"lauksaimniec\u012bbas p\u0101rnesumk\u0101rba\" width=\"1140\" height=\"1138\" title=\"\" srcset=\"https:\/\/fmp-components.com\/wp-content\/uploads\/2025\/01\/agricultural-gearbox3.webp 1140w, https:\/\/fmp-components.com\/wp-content\/uploads\/2025\/01\/agricultural-gearbox3-480x479.webp 480w\" sizes=\"(min-width: 0px) and (max-width: 480px) 480px, (min-width: 481px) 1140px, 100vw\" \/><\/p>\n<p>Autors: CX<\/p>","protected":false},"excerpt":{"rendered":"<p>Specification of Corn Headers Gearbox Features of Corn Header Gearbox The corn header gearbox is a crucial component in the harvesting machinery used to efficiently harvest corn crops. It provides the necessary power and mechanical advantage to operate the header system, ensuring optimal performance and productivity. Here are some of the key features of a [&hellip;]<\/p>","protected":false},"featured_media":3173,"comment_status":"open","ping_status":"closed","template":"","meta":{"_et_pb_use_builder":"","_et_pb_old_content":"","_et_gb_content_width":""},"product_brand":[],"product_cat":[77],"product_tag":[],"class_list":{"0":"post-3170","1":"product","2":"type-product","3":"status-publish","4":"has-post-thumbnail","6":"product_cat-corn-headers-gearbox","8":"first","9":"instock","10":"shipping-taxable","11":"product-type-simple"},"_links":{"self":[{"href":"https:\/\/fmp-components.com\/lv\/wp-json\/wp\/v2\/product\/3170","targetHints":{"allow":["GET"]}}],"collection":[{"href":"https:\/\/fmp-components.com\/lv\/wp-json\/wp\/v2\/product"}],"about":[{"href":"https:\/\/fmp-components.com\/lv\/wp-json\/wp\/v2\/types\/product"}],"replies":[{"embeddable":true,"href":"https:\/\/fmp-components.com\/lv\/wp-json\/wp\/v2\/comments?post=3170"}],"wp:featuredmedia":[{"embeddable":true,"href":"https:\/\/fmp-components.com\/lv\/wp-json\/wp\/v2\/media\/3173"}],"wp:attachment":[{"href":"https:\/\/fmp-components.com\/lv\/wp-json\/wp\/v2\/media?parent=3170"}],"wp:term":[{"taxonomy":"product_brand","embeddable":true,"href":"https:\/\/fmp-components.com\/lv\/wp-json\/wp\/v2\/product_brand?post=3170"},{"taxonomy":"product_cat","embeddable":true,"href":"https:\/\/fmp-components.com\/lv\/wp-json\/wp\/v2\/product_cat?post=3170"},{"taxonomy":"product_tag","embeddable":true,"href":"https:\/\/fmp-components.com\/lv\/wp-json\/wp\/v2\/product_tag?post=3170"}],"curies":[{"name":"wp","href":"https:\/\/api.w.org\/{rel}","templated":true}]}}