{"id":3134,"date":"2025-01-05T02:56:27","date_gmt":"2025-01-05T02:56:27","guid":{"rendered":"https:\/\/fmp-components.com\/?page_id=8"},"modified":"2025-01-05T02:56:28","modified_gmt":"2025-01-05T02:56:28","slug":"agricultural-potato-harvester-gearbox-for-harvesting-potato","status":"publish","type":"product","link":"https:\/\/fmp-components.com\/lv\/product\/agricultural-potato-harvester-gearbox-for-harvesting-potato\/","title":{"rendered":"Lauksaimniec\u012bbas kartupe\u013cu kombaina \u0101trumk\u0101rba kartupe\u013cu nov\u0101k\u0161anai"},"content":{"rendered":"<p><img loading=\"lazy\" decoding=\"async\" class=\"alignnone size-full wp-image-3135\" src=\"https:\/\/fmp-components.com\/wp-content\/uploads\/2025\/01\/0_Potato-Harvester-Gearbox-6.webp\" alt=\"Kartupe\u013cu nov\u0101k\u0161anas \u0101trumk\u0101rba\" width=\"1534\" height=\"1138\" title=\"\" srcset=\"https:\/\/fmp-components.com\/wp-content\/uploads\/2025\/01\/0_Potato-Harvester-Gearbox-6.webp 1534w, https:\/\/fmp-components.com\/wp-content\/uploads\/2025\/01\/0_Potato-Harvester-Gearbox-6-1280x950.webp 1280w, https:\/\/fmp-components.com\/wp-content\/uploads\/2025\/01\/0_Potato-Harvester-Gearbox-6-980x727.webp 980w, https:\/\/fmp-components.com\/wp-content\/uploads\/2025\/01\/0_Potato-Harvester-Gearbox-6-480x356.webp 480w\" sizes=\"(min-width: 0px) and (max-width: 480px) 480px, (min-width: 481px) and (max-width: 980px) 980px, (min-width: 981px) and (max-width: 1280px) 1280px, (min-width: 1281px) 1534px, 100vw\" \/><\/p>\n<h2>Produkta specifik\u0101cijas:<\/h2>\n<p>&nbsp;<\/p>\n<table border=\"1\" width=\"100%\" cellspacing=\"0\" cellpadding=\"0\">\n<tbody>\n<tr>\n<td width=\"193\">Produkta nosaukums<\/td>\n<td width=\"461\">Kartupe\u013cu kombaina \u0101trumk\u0101rba<\/td>\n<\/tr>\n<tr>\n<td>Materi\u0101ls<\/td>\n<td>Dzelzs<\/td>\n<\/tr>\n<tr>\n<td>Tips<\/td>\n<td>FMP-LLTC-14<\/td>\n<\/tr>\n<tr>\n<td>Kr\u0101sa<\/td>\n<td>Piel\u0101go\u0161ana<\/td>\n<\/tr>\n<tr>\n<td>Nomin\u0101l\u0101 jauda<\/td>\n<td>15 kW<\/td>\n<\/tr>\n<tr>\n<td>Attiec\u012bba<\/td>\n<td>1:3.92<\/td>\n<\/tr>\n<tr>\n<td>Garantija<\/td>\n<td>Pusotru gadu<\/td>\n<\/tr>\n<tr>\n<td>Lietots<\/td>\n<td>Kartupe\u013cu kombains<\/td>\n<\/tr>\n<\/tbody>\n<\/table>\n<h2>Kartupe\u013cu kombaina \u0101trumk\u0101rbas priek\u0161roc\u012bbas<\/h2>\n<p>Kartupe\u013cu kombaina p\u0101rnesumk\u0101rba ir b\u016btiska m\u016bsdienu lauksaimniec\u012bbas tehnikas sast\u0101vda\u013ca, kas nodro\u0161ina vair\u0101kas priek\u0161roc\u012bbas, kas uzlabo kartupe\u013cu nov\u0101k\u0161anas darb\u012bbu veiktsp\u0113ju, efektivit\u0101ti un iztur\u012bbu. T\u0101l\u0101k ir min\u0113tas da\u017eas no galvenaj\u0101m kartupe\u013cu kombaina p\u0101rnesumk\u0101rbas izmanto\u0161anas priek\u0161roc\u012bb\u0101m:<\/p>\n<p><strong>1. Optimiz\u0113ta jaudas p\u0101rvade<\/strong><\/p>\n<ul>\n<li>Kartupe\u013cu kombaina p\u0101rnesumk\u0101rbas ir paredz\u0113tas, lai efekt\u012bvi p\u0101rnestu jaudu no traktora j\u016bgv\u0101rpstas (jaudas no\u0146em\u0161anas v\u0101rpstas) uz da\u017e\u0101d\u0101m kombaina sast\u0101vda\u013c\u0101m. Tas nodro\u0161ina vienm\u0113r\u012bgu darb\u012bbu un nemain\u012bgu veiktsp\u0113ju, \u012bpa\u0161i str\u0101d\u0101jot ar smag\u0101m krav\u0101m sare\u017e\u0123\u012btos lauka apst\u0101k\u013cos.<\/li>\n<\/ul>\n<p><strong>2. Uzlabota iztur\u012bba<\/strong><\/p>\n<ul>\n<li>Kartupe\u013cu nov\u0101k\u0161anas kombainu p\u0101rnesumk\u0101rbas ir izstr\u0101d\u0101tas, lai iztur\u0113tu skarbus lauksaimniec\u012bbas apst\u0101k\u013cus, un t\u0101s ir konstru\u0113tas \u013coti iztur\u012bgas. Augstas iztur\u012bbas materi\u0101lu izmanto\u0161ana un prec\u012bza izgatavo\u0161ana nodro\u0161ina, ka t\u0101s sp\u0113j iztur\u0113t nep\u0101rtrauktas darb\u012bbas slodzi un slodzi uz lauka, samazinot boj\u0101jumu risku un palielinot ma\u0161\u012bnas kalpo\u0161anas laiku.<\/li>\n<\/ul>\n<p><strong>3. Precizit\u0101te un efektivit\u0101te<\/strong><\/p>\n<ul>\n<li>Kartupe\u013cu kombaina p\u0101rnesumk\u0101rba ir paredz\u0113ta, lai nodro\u0161in\u0101tu prec\u012bzu kontroli p\u0101r da\u017e\u0101diem ra\u017eas nov\u0101k\u0161anas meh\u0101nismiem, piem\u0113ram, kartupe\u013cu rak\u0161anu, atdal\u012b\u0161anu un transport\u0113\u0161anu. Optimiz\u0113jot rot\u0101cijas \u0101trumu un griezes momentu, p\u0101rnesumk\u0101rba pal\u012bdz uztur\u0113t efekt\u012bvu darb\u012bbu, nov\u0113r\u0161ot zudumus un nodro\u0161inot, ka kartupe\u013ci tiek nov\u0101kti ar minim\u0101liem boj\u0101jumiem.<\/li>\n<\/ul>\n<p><strong>4. Izmaksu zi\u0146\u0101 efekt\u012bva apkope<\/strong><\/p>\n<ul>\n<li>Kartupe\u013cu nov\u0101k\u0161anas kombaina p\u0101rnesumk\u0101rbas ir konstru\u0113tas t\u0101, lai t\u0101s b\u016btu viegli apkopjamas, kas pal\u012bdz samazin\u0101t kop\u0113j\u0101s ekspluat\u0101cijas izmaksas. Ar pien\u0101c\u012bgu kop\u0161anu un apkopi \u0161\u012bs p\u0101rnesumk\u0101rbas var kalpot ilg\u0101k, t\u0101d\u0113j\u0101di samazinot nepiecie\u0161am\u012bbu p\u0113c bie\u017eas nomai\u0146as. To modul\u0101r\u0101 konstrukcija ar\u012b atvieglo remontu, kas samazina d\u012bkst\u0101ves laiku ra\u017eas nov\u0101k\u0161anas sezon\u0101.<\/li>\n<\/ul>\n<p><strong>5. Daudzpus\u012bba un piel\u0101go\u0161an\u0101s sp\u0113ja<\/strong><\/p>\n<ul>\n<li>Daudzas kartupe\u013cu kombainu p\u0101rnesumk\u0101rbas ir konstru\u0113tas t\u0101, lai t\u0101s b\u016btu daudzpus\u012bgas un sp\u0113tu piel\u0101goties da\u017e\u0101diem kombainu mode\u013ciem un da\u017e\u0101diem lauka apst\u0101k\u013ciem. \u0160\u012b elast\u012bba nodro\u0161ina, ka t\u0101s var izmantot vair\u0101k\u0101s darb\u012bb\u0101s, sniedzot v\u0113rt\u012bbu lauksaimniekiem ar da\u017e\u0101d\u0101m vajadz\u012bb\u0101m.<\/li>\n<\/ul>\n<p>Izv\u0113loties kartupe\u013cu nov\u0101k\u0161anas kombainiem augstas kvalit\u0101tes p\u0101rnesumk\u0101rbas, lauksaimnieki var maksim\u0101li palielin\u0101t produktivit\u0101ti, samazin\u0101t ekspluat\u0101cijas izmaksas un nodro\u0161in\u0101t sava apr\u012bkojuma ilgm\u016b\u017e\u012bbu. P\u0101rnesumk\u0101rba ir b\u016btiska sast\u0101vda\u013ca, lai nodro\u0161in\u0101tu vienm\u0113r\u012bgu un efekt\u012bvu darb\u012bbu vis\u0101 ra\u017eas nov\u0101k\u0161anas sezon\u0101.<\/p>\n<table style=\"border-collapse: collapse; width: 100.404%; height: 407px;\" border=\"0\" width=\"128\" cellspacing=\"0\" cellpadding=\"0\">\n<tbody>\n<tr style=\"height: 13.8pt;\">\n<td style=\"height: 13.8pt; width: 40.9032%;\" align=\"right\" width=\"64\" height=\"18\"><img loading=\"lazy\" decoding=\"async\" class=\"alignnone size-full wp-image-3137\" src=\"https:\/\/fmp-components.com\/wp-content\/uploads\/2025\/01\/0_Potato-Harvester-Gearbox-22.webp\" alt=\"Kartupe\u013cu nov\u0101k\u0161anas \u0101trumk\u0101rba\" width=\"800\" height=\"800\" title=\"\" srcset=\"https:\/\/fmp-components.com\/wp-content\/uploads\/2025\/01\/0_Potato-Harvester-Gearbox-22.webp 800w, https:\/\/fmp-components.com\/wp-content\/uploads\/2025\/01\/0_Potato-Harvester-Gearbox-22-480x480.webp 480w\" sizes=\"(min-width: 0px) and (max-width: 480px) 480px, (min-width: 481px) 800px, 100vw\" \/><\/td>\n<td style=\"width: 58.9782%;\" align=\"right\" width=\"64\"><img loading=\"lazy\" decoding=\"async\" class=\"alignnone  wp-image-3136\" src=\"https:\/\/fmp-components.com\/wp-content\/uploads\/2025\/01\/0_Potato-Harvester-Gearbox-7.webp\" alt=\"Kartupe\u013cu nov\u0101k\u0161anas \u0101trumk\u0101rba\" width=\"547\" height=\"376\" title=\"\" srcset=\"https:\/\/fmp-components.com\/wp-content\/uploads\/2025\/01\/0_Potato-Harvester-Gearbox-7.webp 547w, https:\/\/fmp-components.com\/wp-content\/uploads\/2025\/01\/0_Potato-Harvester-Gearbox-7-480x330.webp 480w\" sizes=\"(min-width: 0px) and (max-width: 480px) 480px, (min-width: 481px) 547px, 100vw\" \/><\/td>\n<\/tr>\n<\/tbody>\n<\/table>\n<h2>Traktora j\u016bgv\u0101rpstas piedzi\u0146as kartupe\u013cu nov\u0101k\u0161anas p\u0101rnesumk\u0101rbas darb\u012bbas princips<\/h2>\n<p>J\u016bgv\u0101rpstas piedzi\u0146as kartupe\u013cu kombaina p\u0101rnesumk\u0101rbai ir iz\u0161\u0137iro\u0161a noz\u012bme efekt\u012bv\u0101 jaudas p\u0101rnes\u0113 no traktora jaudas no\u0146em\u0161anas (JG) sist\u0113mas uz da\u017e\u0101diem kartupe\u013cu nov\u0101k\u0161an\u0101 iesaist\u012btajiem meh\u0101nismiem. P\u0101rnesumk\u0101rba nodro\u0161ina kombaina optim\u0101lu veiktsp\u0113ju, regul\u0113jot un sadalot jaudu da\u017e\u0101d\u0101m ma\u0161\u012bnas da\u013c\u0101m, t\u0101d\u0113j\u0101di nodro\u0161inot vienm\u0113r\u012bgu, efekt\u012bvu un uzticamu darb\u012bbu. T\u0101l\u0101k ir sniegts p\u0101rskats par to, k\u0101 darbojas ar j\u016bgv\u0101rpstu piedzi\u0146as kartupe\u013cu kombaina p\u0101rnesumk\u0101rba:<\/p>\n<p><strong>1. Jaudas p\u0101rne\u0161ana no traktora uz p\u0101rnesumk\u0101rbu<\/strong><\/p>\n<ul>\n<li>J\u016bgv\u0101rpstas iesl\u0113g\u0161ana: Process s\u0101kas ar traktora dzin\u0113ja jaudas p\u0101rvadi caur j\u016bgv\u0101rpstu. Traktora j\u016bgv\u0101rpstas sist\u0113ma \u0123ener\u0113 meh\u0101nisko jaudu (rot\u0101cijas griezes momentu) un p\u0101rnes to caur j\u016bgv\u0101rpstu, kas savienota ar kombaina p\u0101rnesumk\u0101rbu.<\/li>\n<li>Rot\u0101cijas jauda: traktora dzin\u0113jam darbojoties, j\u016bgv\u0101rpsta grie\u017eas ar noteiktu \u0101trumu (parasti aptuveni 540 vai 1000 apgr.\/min atkar\u012bb\u0101 no traktora). \u0160\u012b rot\u0101cijas jauda p\u0113c tam tiek padota p\u0101rnesumk\u0101rbai, kur t\u0101 tiek apstr\u0101d\u0101ta un sadal\u012bta starp da\u017e\u0101d\u0101m kartupe\u013cu kombaina sast\u0101vda\u013c\u0101m.<\/li>\n<\/ul>\n<p><strong>2. P\u0101rnesumk\u0101rbas jaudas sadale<\/strong><\/p>\n<ul>\n<li>Samazin\u0101\u0161ana un \u0101truma kontrole: P\u0101rnesumk\u0101rbas galven\u0101 funkcija ir samazin\u0101t j\u016bgv\u0101rpstas ieejas rot\u0101cijas \u0101trumu l\u012bdz l\u012bmenim, kas ir piem\u0113rots kombaina darba meh\u0101nismiem. Traktora j\u016bgv\u0101rpsta parasti darbojas ar liel\u0101ku \u0101trumu (piem\u0113ram, 540 apgr.\/min.), ta\u010du da\u017e\u0101d\u0101m kombaina funkcij\u0101m, piem\u0113ram, rak\u0161anas, t\u012br\u012b\u0161anas un konveijeru sist\u0113m\u0101m, ir nepiecie\u0161ams maz\u0101ks \u0101trums. P\u0101rnesumk\u0101rba izmanto p\u0101rnesumu kombin\u0101ciju (piem\u0113ram, plan\u0113tu, konusveida vai spir\u0101lveida zobratus), lai samazin\u0101tu ieejas \u0101trumu un nodro\u0161in\u0101tu, ka katra da\u013ca darbojas ar pareizo \u0101trumu.<\/li>\n<li>Griezes momenta reizin\u0101\u0161ana: Papildus \u0101truma samazin\u0101\u0161anai p\u0101rnesumk\u0101rba bie\u017ei vien palielina griezes momentu, lai nodro\u0161in\u0101tu nepiecie\u0161amo jaudu kartupe\u013cu rak\u0161anai, cel\u0161anai un atdal\u012b\u0161anai no augsnes. Palielin\u0101tais griezes moments ir b\u016btisks kombaina meh\u0101nisko sist\u0113mu darbin\u0101\u0161anai, \u012bpa\u0161i str\u0101d\u0101jot sare\u017e\u0123\u012btos augsnes apst\u0101k\u013cos.<\/li>\n<\/ul>\n<p><strong>3. Jaudas p\u0101rvade uz da\u017e\u0101d\u0101m sast\u0101vda\u013c\u0101m<\/strong><\/p>\n<ul>\n<li>Rak\u0161anas meh\u0101nisms: P\u0101rnesumk\u0101rba p\u0101rnes jaudu uz rak\u0161anas komponentiem, kas sast\u0101v no rot\u0113jo\u0161u asme\u0146u vai leme\u0161u uzga\u013cu komplekta, kas irdina augsni un izrok kartupe\u013cus. Rot\u0101cijas kust\u012bba parasti tiek p\u0101rnesta caur \u0137\u0113des, siksnas vai v\u0101rpstas sist\u0113mu.<\/li>\n<li>Konveijera sist\u0113ma: P\u0101rnesumk\u0101rbas jauda darbina ar\u012b konveijera lenti vai elevatoru, kas nog\u0101d\u0101 nov\u0101ktos kartupe\u013cus no augsnes uz t\u012br\u012b\u0161anas un atdal\u012b\u0161anas sist\u0113m\u0101m. Konveijera sist\u0113mai ir nepiecie\u0161ama stabila un efekt\u012bva jaudas p\u0101rvade, lai p\u0101rvietotu kartupe\u013cus, tos neboj\u0101jot.<\/li>\n<li>Atdal\u012b\u0161anas un t\u012br\u012b\u0161anas meh\u0101nisms: P\u0101rnesumk\u0101rba darbina t\u012br\u012b\u0161anas sist\u0113mu, kas bie\u017ei vien ietver vibr\u0113jo\u0161us sietus vai rot\u0113jo\u0161us trumu\u013cus, kas atdala augsni, akme\u0146us un gru\u017eus no kartupe\u013ciem. Tas nodro\u0161ina, ka uzglab\u0101\u0161anai vai transport\u0113\u0161anai tiek sav\u0101kti tikai t\u012bri kartupe\u013ci.<\/li>\n<li>Papildu sist\u0113mas: Atkar\u012bb\u0101 no kombaina mode\u013ca p\u0101rnesumk\u0101rba var darbin\u0101t ar\u012b citas sist\u0113mas, piem\u0113ram, pacel\u0161anas meh\u0101nismus, augsnes sij\u0101\u0161anas iek\u0101rtas vai pal\u012bginstrumentus, kas paredz\u0113ti, lai uzlabotu kop\u0113jo ra\u017eas nov\u0101k\u0161anas efektivit\u0101ti.<\/li>\n<\/ul>\n<p><strong>4. Main\u012bga \u0101truma vad\u012bba (ja piem\u0113rojama)<\/strong><\/p>\n<ul>\n<li>Da\u017e\u0101m modern\u0101m kartupe\u013cu kombainu p\u0101rnesumk\u0101rb\u0101m ir main\u012bga \u0101truma regul\u0113\u0161anas funkcija, kas \u013cauj operatoriem piel\u0101got noteiktu komponentu (piem\u0113ram, konveijera lentu vai rak\u0161anas meh\u0101nismu) \u0101trumu da\u017e\u0101diem lauka apst\u0101k\u013ciem. \u0160\u012b funkcija optimiz\u0113 kombaina darb\u012bbu, nodro\u0161inot liel\u0101ku kontroli p\u0101r veiktsp\u0113ju, garant\u0113jot maksim\u0101lu efektivit\u0101ti da\u017e\u0101dos augsnes tipos un lauka apst\u0101k\u013cos.<\/li>\n<\/ul>\n<p><strong>5. Efektivit\u0101te un sinhroniz\u0101cija<\/strong><\/p>\n<ul>\n<li>P\u0101rnesumk\u0101rba nodro\u0161ina visu kartupe\u013cu kombaina komponentu perfektu sinhroniz\u0101ciju, \u013caujot ma\u0161\u012bnai str\u0101d\u0101t ar maksim\u0101lu efektivit\u0101ti. Piel\u0101gojot da\u017e\u0101du komponentu griezes momentu un rot\u0101cijas \u0101trumu, p\u0101rnesumk\u0101rba nodro\u0161ina, ka rak\u0161anas, transport\u0113\u0161anas un t\u012br\u012b\u0161anas procesi ir l\u012bdzsvaroti un efekt\u012bvi, samazinot ener\u0123ijas zudumus un optimiz\u0113jot degvielas pat\u0113ri\u0146u.<\/li>\n<\/ul>\n<p>B\u016bt\u012bb\u0101 ar j\u016bgv\u0101rpstu darbin\u0101m\u0101s kartupe\u013cu nov\u0101k\u0161anas p\u0101rnesumk\u0101rbas darb\u012bbas princips ir balst\u012bts uz traktora \u0101trgaitas j\u016bgv\u0101rpstas jaudas efekt\u012bvu p\u0101rveido\u0161anu kontrol\u0113t\u0101, uzticam\u0101 jaud\u0101, kas nepiecie\u0161ama da\u017e\u0101d\u0101m ra\u017eas nov\u0101k\u0161anas funkcij\u0101m, t\u0101d\u0113j\u0101di optimiz\u0113jot ma\u0161\u012bnas kop\u0113jo veiktsp\u0113ju.<\/p>\n<p><img loading=\"lazy\" decoding=\"async\" class=\"size-full wp-image-3138 aligncenter\" src=\"https:\/\/fmp-components.com\/wp-content\/uploads\/2025\/01\/0_Potato-Harvester-Gearbox-23.webp\" alt=\"Kartupe\u013cu nov\u0101k\u0161anas \u0101trumk\u0101rba\" width=\"800\" height=\"800\" title=\"\" srcset=\"https:\/\/fmp-components.com\/wp-content\/uploads\/2025\/01\/0_Potato-Harvester-Gearbox-23.webp 800w, https:\/\/fmp-components.com\/wp-content\/uploads\/2025\/01\/0_Potato-Harvester-Gearbox-23-480x480.webp 480w\" sizes=\"(min-width: 0px) and (max-width: 480px) 480px, (min-width: 481px) 800px, 100vw\" \/><\/p>\n<h3>Par FMP<\/h3>\n<p>FMP, kura galven\u0101 m\u012btne atrodas It\u0101lij\u0101, ir vado\u0161ais ra\u017eot\u0101js, kas specializ\u0113jas augstas veiktsp\u0113jas p\u0101rnesumk\u0101rbu projekt\u0113\u0161an\u0101, izstr\u0101d\u0113 un ra\u017eo\u0161an\u0101, galvenok\u0101rt koncentr\u0113joties uz lauksaimniec\u012bbas tehnikas sektoru. FMP, kas ir paz\u012bstams ar savu prec\u012bzo in\u017eenieriju, inovat\u012bvajiem risin\u0101jumiem un nelok\u0101mo uzticam\u012bbu, ir izveidojis sp\u0113c\u012bgu reput\u0101ciju k\u0101 uzticams partneris gan lauksaimniec\u012bbas, gan r\u016bpniec\u012bbas tirgos. M\u016bsu pla\u0161aj\u0101 produktu kl\u0101st\u0101 ietilpst z\u0101les p\u013c\u0101v\u0113jiem paredz\u0113tas p\u0101rnesumk\u0101rbas, j\u016bgv\u0101rpstas un da\u017e\u0101das svar\u012bgas sast\u0101vda\u013cas, katra no t\u0101m r\u016bp\u012bgi izstr\u0101d\u0101ta, lai atbilstu da\u017e\u0101du pielietojumu unik\u0101laj\u0101m pras\u012bb\u0101m.<\/p>\n<p>Uz\u0146\u0113mum\u0101 FMP m\u0113s apzin\u0101mies, ka katrs klients saskaras ar at\u0161\u0137ir\u012bgiem izaicin\u0101jumiem. \u0160\u012b izpratne ir pamat\u0101 m\u016bsu ap\u0146em\u0161an\u0101s sniegt piel\u0101gotus risin\u0101jumus gan atsevi\u0161\u0137iem komponentiem, gan piln\u012bb\u0101 integr\u0113t\u0101m sist\u0113m\u0101m. Cie\u0161i sadarbojoties ar klientiem, m\u0113s nodro\u0161in\u0101m, ka katrs risin\u0101jums ne tikai atbilst vi\u0146u \u012bpa\u0161aj\u0101m vajadz\u012bb\u0101m, bet ar\u012b uzlabo veiktsp\u0113ju un palielina v\u0113rt\u012bbu. M\u016bsu uzman\u012bbas centr\u0101 ir \u0101tras, profesion\u0101las atbildes un ekspertu konsult\u0101cijas, kas nodro\u0161ina, ka katrs piepras\u012bjums tiek prec\u012bzi risin\u0101ts, garant\u0113jot lab\u0101kos rezult\u0101tus katru reizi.<\/p>\n<p>M\u0113s uzsveram nep\u0101rtrauktu un p\u0101rredzamu komunik\u0101ciju vis\u0101 produktu izstr\u0101des proces\u0101. M\u016bsu \u012bpa\u0161i izveidot\u0101 komanda cie\u0161i sadarbojas ar klientiem, lai piln\u012bb\u0101 izprastu vi\u0146u pras\u012bbas un sniegtu v\u0113rt\u012bgas atzi\u0146as un ieteikumus optim\u0101lu rezult\u0101tu sasnieg\u0161anai. Neatkar\u012bgi no t\u0101, vai izstr\u0101d\u0101jam modernus produktus vai izpild\u0101m ikdienas pas\u016bt\u012bjumus, FMP ir ap\u0146\u0113musies savlaic\u012bgi un bez kompromisiem pieg\u0101d\u0101t augstas kvalit\u0101tes, prec\u012bzi konstru\u0113tus risin\u0101jumus. M\u016bsu misija ir past\u0101v\u012bgi p\u0101rsniegt klientu cer\u012bbas, nodro\u0161inot izcilu servisu un izcilus rezult\u0101tus katr\u0101 projekt\u0101.<\/p>\n<p>Kvalit\u0101te ir FMP darb\u012bbas st\u016brakmens. M\u0113s iev\u0113rojam augst\u0101kos ra\u017eo\u0161anas standartus un iev\u0113rojam stingrus kvalit\u0101tes kontroles pas\u0101kumus, lai nodro\u0161in\u0101tu, ka katrs produkts ne tikai atbilst, bet ar\u012b p\u0101rsniedz nozares standartus. \u0160\u012b nelok\u0101m\u0101 ap\u0146em\u0161an\u0101s sasniegt izcil\u012bbu apvienojum\u0101 ar m\u016bsu pamatv\u0113rt\u012bb\u0101m \u2013 integrit\u0101ti, komandas darbu un neatlaid\u012bbu \u2013 ir \u013c\u0101vusi mums izveidot ilgtermi\u0146a, uz uztic\u012bbu balst\u012btas attiec\u012bbas ar klientiem gandr\u012bz 30 valst\u012bs vis\u0101 pasaul\u0113.<\/p>\n<p>FMP vienm\u0113r v\u0113las veicin\u0101t glob\u0101las partner\u012bbas, sniedzot ekspertu padomus un piel\u0101gotus risin\u0101jumus, kas atbilst m\u016bsu klientu main\u012bgaj\u0101m vajadz\u012bb\u0101m. M\u0113s esam ap\u0146\u0113mu\u0161ies veidot ilgtermi\u0146a, abpus\u0113ji izdev\u012bgas attiec\u012bbas, kas veicina katra projekta pan\u0101kumus. Neatkar\u012bgi no t\u0101, vai jums ir nepiecie\u0161ami inovat\u012bvi risin\u0101jumi jaunai iniciat\u012bvai vai past\u0101v\u012bgs atbalsts eso\u0161ai sist\u0113mai, FMP ir gatavs pal\u012bdz\u0113t jums p\u0101rvar\u0113t tehniskas probl\u0113mas un nodro\u0161in\u0101t j\u016bsu turpm\u0101kos pan\u0101kumus.<\/p>\n<p><img loading=\"lazy\" decoding=\"async\" class=\"alignnone wp-image-2695\" src=\"https:\/\/fmp-components.com\/wp-content\/uploads\/2025\/01\/agricultural-gearbox3.webp\" alt=\"lauksaimniec\u012bbas p\u0101rnesumk\u0101rba\" width=\"1140\" height=\"1138\" title=\"\" srcset=\"https:\/\/fmp-components.com\/wp-content\/uploads\/2025\/01\/agricultural-gearbox3.webp 1140w, https:\/\/fmp-components.com\/wp-content\/uploads\/2025\/01\/agricultural-gearbox3-480x479.webp 480w\" sizes=\"(min-width: 0px) and (max-width: 480px) 480px, (min-width: 481px) 1140px, 100vw\" \/><\/p>\n<p>Autors: CX<\/p>","protected":false},"excerpt":{"rendered":"<p>Product Specifications: &nbsp; Product Name Potato Harvester Gearbox Material Iron Type FMP-LLTC-14 Color Customization Rated Power 15KW Ratio 1:3.92 Warranty One and half year Used Potato harvester Advantages of Potato Harvester Gearbox The potato harvester gearbox is a vital component in modern agricultural machinery, providing several benefits that enhance the performance, efficiency, and durability of [&hellip;]<\/p>","protected":false},"featured_media":3139,"comment_status":"open","ping_status":"closed","template":"","meta":{"_et_pb_use_builder":"","_et_pb_old_content":"","_et_gb_content_width":""},"product_brand":[],"product_cat":[75],"product_tag":[],"class_list":{"0":"post-3134","1":"product","2":"type-product","3":"status-publish","4":"has-post-thumbnail","6":"product_cat-potato-harvester-gearbox","8":"first","9":"instock","10":"shipping-taxable","11":"product-type-simple"},"_links":{"self":[{"href":"https:\/\/fmp-components.com\/lv\/wp-json\/wp\/v2\/product\/3134","targetHints":{"allow":["GET"]}}],"collection":[{"href":"https:\/\/fmp-components.com\/lv\/wp-json\/wp\/v2\/product"}],"about":[{"href":"https:\/\/fmp-components.com\/lv\/wp-json\/wp\/v2\/types\/product"}],"replies":[{"embeddable":true,"href":"https:\/\/fmp-components.com\/lv\/wp-json\/wp\/v2\/comments?post=3134"}],"wp:featuredmedia":[{"embeddable":true,"href":"https:\/\/fmp-components.com\/lv\/wp-json\/wp\/v2\/media\/3139"}],"wp:attachment":[{"href":"https:\/\/fmp-components.com\/lv\/wp-json\/wp\/v2\/media?parent=3134"}],"wp:term":[{"taxonomy":"product_brand","embeddable":true,"href":"https:\/\/fmp-components.com\/lv\/wp-json\/wp\/v2\/product_brand?post=3134"},{"taxonomy":"product_cat","embeddable":true,"href":"https:\/\/fmp-components.com\/lv\/wp-json\/wp\/v2\/product_cat?post=3134"},{"taxonomy":"product_tag","embeddable":true,"href":"https:\/\/fmp-components.com\/lv\/wp-json\/wp\/v2\/product_tag?post=3134"}],"curies":[{"name":"wp","href":"https:\/\/api.w.org\/{rel}","templated":true}]}}