{"id":3129,"date":"2025-01-05T02:44:39","date_gmt":"2025-01-05T02:44:39","guid":{"rendered":"https:\/\/fmp-components.com\/?page_id=8"},"modified":"2025-01-05T02:44:39","modified_gmt":"2025-01-05T02:44:39","slug":"grain-auger-gearbox-fmp-2390-for-agricultural-grain-storage-and-transportation","status":"publish","type":"product","link":"https:\/\/fmp-components.com\/lv\/product\/grain-auger-gearbox-fmp-2390-for-agricultural-grain-storage-and-transportation\/","title":{"rendered":"Graudu skr\u016bvju p\u0101rnesumk\u0101rba FMP-2390 lauksaimniec\u012bbas graudu uzglab\u0101\u0161anai un transport\u0113\u0161anai"},"content":{"rendered":"<h2>Graudu sv\u0101rpstas p\u0101rnesumk\u0101rba FMP-2390 specifik\u0101cijas<\/h2>\n<p><img loading=\"lazy\" decoding=\"async\" class=\"alignnone size-full wp-image-3131\" src=\"https:\/\/fmp-components.com\/wp-content\/uploads\/2025\/01\/Grain-Auger-Gearbox-EP-2390-Dimension.webp\" alt=\"Graudu-skr\u016bvgriezis-reduktors-EP-2390-izm\u0113rs\" width=\"1534\" height=\"1064\" title=\"\" srcset=\"https:\/\/fmp-components.com\/wp-content\/uploads\/2025\/01\/Grain-Auger-Gearbox-EP-2390-Dimension.webp 1534w, https:\/\/fmp-components.com\/wp-content\/uploads\/2025\/01\/Grain-Auger-Gearbox-EP-2390-Dimension-1280x888.webp 1280w, https:\/\/fmp-components.com\/wp-content\/uploads\/2025\/01\/Grain-Auger-Gearbox-EP-2390-Dimension-980x680.webp 980w, https:\/\/fmp-components.com\/wp-content\/uploads\/2025\/01\/Grain-Auger-Gearbox-EP-2390-Dimension-480x333.webp 480w\" sizes=\"(min-width: 0px) and (max-width: 480px) 480px, (min-width: 481px) and (max-width: 980px) 980px, (min-width: 981px) and (max-width: 1280px) 1280px, (min-width: 1281px) 1534px, 100vw\" \/><\/p>\n<table style=\"width: 95.8687%; height: 220px;\" border=\"1\" cellspacing=\"0\" cellpadding=\"0\">\n<tbody>\n<tr class=\"firstRow\">\n<td>Produkta nosaukums<\/td>\n<td>Graudu transportiera reduktors FMP-2390<\/td>\n<\/tr>\n<tr>\n<td>Materi\u0101ls<\/td>\n<td>Korpuss k\u0101 HT250, v\u0101rpsta k\u0101 20CrMnTi<\/td>\n<\/tr>\n<tr>\n<td>Kr\u0101sa<\/td>\n<td>Tum\u0161s vai sarkans vai p\u0113c pas\u016bt\u012bjuma<\/td>\n<\/tr>\n<tr>\n<td>Tips<\/td>\n<td>Koniskais zobrats<\/td>\n<\/tr>\n<tr>\n<td>Attiec\u012bba<\/td>\n<td>1:1<\/td>\n<\/tr>\n<tr>\n<td>Gultnis<\/td>\n<td>QC vai C&amp;U vai NTN<\/td>\n<\/tr>\n<tr>\n<td>Garantija<\/td>\n<td>pusotru gadu<\/td>\n<\/tr>\n<tr>\n<td>Lietots<\/td>\n<td>graudu uzglab\u0101\u0161ana<\/td>\n<\/tr>\n<\/tbody>\n<\/table>\n<h3>Graudu skr\u016bvju reduktora pielietojums graudu uzglab\u0101\u0161anai un transport\u0113\u0161anai<\/h3>\n<p>Graudu glieme\u017etransportieru p\u0101rnesumk\u0101rb\u0101m ir iz\u0161\u0137iro\u0161a noz\u012bme efekt\u012bv\u0101 graudu p\u0101rvieto\u0161an\u0101 un apstr\u0101d\u0113 uzglab\u0101\u0161anas un transport\u0113\u0161anas procesos. T\u0101l\u0101k ir nor\u0101d\u012bti galvenie graudu glieme\u017etransportieru p\u0101rnesumk\u0101rbu pielietojumi \u0161aj\u0101s nozar\u0113s:<\/p>\n<ol>\n<li><strong>Graudu uzglab\u0101\u0161anas silosi:<\/strong>\n<ul>\n<li><strong>Graudu elevatori:<\/strong> P\u0101rnesumk\u0101rba darbina graudu elevatoros izmantotos glieme\u017etransportierus, pace\u013cot graudus uz da\u017e\u0101diem uzglab\u0101\u0161anas l\u012bme\u0146iem silosos. Efekt\u012bva graudu p\u0101rvieto\u0161ana ir b\u016btiska, lai nov\u0113rstu salip\u0161anu vai boj\u0101jumus, nodro\u0161inot optim\u0101lus uzglab\u0101\u0161anas apst\u0101k\u013cus.<\/li>\n<li><strong>Izkrau\u0161anas sist\u0113mas:<\/strong> Glieme\u017etransportieri ir neat\u0146emama sast\u0101vda\u013ca graudu izkrau\u0161anai no uzglab\u0101\u0161anas tvertn\u0113m kravas automa\u0161\u012bn\u0101s, konveijeros vai cit\u0101s transporta sist\u0113m\u0101s. To precizit\u0101te nodro\u0161ina vienm\u0113r\u012bgu un past\u0101v\u012bgu graudu pl\u016bsmu, nov\u0113r\u0161ot aizsprostojumus vai kav\u0113\u0161anos.<\/li>\n<\/ul>\n<\/li>\n<li><strong>Graudu apstr\u0101des iek\u0101rtas:<\/strong>\n<ul>\n<li><strong>Konveijeru sist\u0113mas:<\/strong> Graudu apstr\u0101des iek\u0101rt\u0101s glieme\u017etransportierus, kas p\u0101rvieto graudus starp da\u017e\u0101d\u0101m p\u0101rstr\u0101des r\u016bpn\u012bcas da\u013c\u0101m, izmanto, lai darbin\u0101tu skr\u016bvkonveijerus. Tie nodro\u0161ina \u0101tru graudu transport\u0113\u0161anu starp uzglab\u0101\u0161anas, t\u012br\u012b\u0161anas un mal\u0161anas zon\u0101m.<\/li>\n<li><strong>\u017d\u0101v\u0113\u0161anas sist\u0113mas:<\/strong> Graudu glieme\u017etransportieru p\u0101rnesumk\u0101rbas izmanto \u017e\u0101v\u0113\u0161anas sist\u0113m\u0101s, kur glieme\u017etransportieri p\u0101rvieto graudus caur \u017e\u0101v\u0113\u0161anas kamer\u0101m, nodro\u0161inot vienm\u0113r\u012bgu gaisa pl\u016bsmu un mitruma samazin\u0101\u0161anu. Tas nodro\u0161ina, ka graudi saglab\u0101jas optim\u0101l\u0101 st\u0101vokl\u012b ilgsto\u0161ai uzglab\u0101\u0161anai.<\/li>\n<\/ul>\n<\/li>\n<li><strong>Graudu transport\u0113\u0161ana uz tirgu:<\/strong>\n<ul>\n<li><strong>Kravas automa\u0161\u012bnas iekrau\u0161ana:<\/strong> Glieme\u017etransportieru p\u0101rnesumk\u0101rbas ir b\u016btiskas kravas automa\u0161\u012bnu iekrau\u0161anas stacij\u0101s, kur t\u0101s tiek izmantotas graudu p\u0101rvieto\u0161anai no noliktav\u0101m vai transport\u0113\u0161anas tvertn\u0113m uz kravas automa\u0161\u012bn\u0101m t\u0101l\u0101kai izplat\u012b\u0161anai. P\u0101rnesumk\u0101rba nodro\u0161ina vienm\u0113r\u012bgu, \u0101tru un kontrol\u0113tu graudu p\u0101rvieto\u0161anu.<\/li>\n<li><strong>Lielapjoma graudu apstr\u0101de:<\/strong> Iek\u0101rt\u0101s, kas nodarbojas ar liela apjoma beramkravu apstr\u0101di, glieme\u017etransportieru p\u0101rnesumk\u0101rbas nodro\u0161ina nepiecie\u0161amo griezes momentu, lai efekt\u012bvi transport\u0113tu graudus, samazinot izbirumus un atkritumus, vienlaikus palielinot caurlaidsp\u0113ju.<\/li>\n<\/ul>\n<\/li>\n<li><strong>Graudu p\u0101rstr\u0101de un mal\u0161ana:<\/strong>\n<ul>\n<li><strong>T\u012br\u012b\u0161anas sist\u0113mas:<\/strong> Graudu transportieri, ko darbina reduktori, tiek izmantoti t\u012br\u012b\u0161anas sist\u0113m\u0101s, lai p\u0101rvietotu graudus caur da\u017e\u0101d\u0101m sij\u0101\u0161anas, \u0161\u0137iro\u0161anas un atdal\u012b\u0161anas iek\u0101rt\u0101m. \u0160ie transportieri pal\u012bdz no\u0146emt nev\u0113lamus gru\u017eus un nodro\u0161ina, ka graudi ir gatavi mal\u0161anai vai t\u0101l\u0101kai apstr\u0101dei.<\/li>\n<li><strong>Fr\u0113z\u0113\u0161anas vien\u012bbas:<\/strong> Glieme\u017ep\u0101rvadu reduktori atbalsta ar\u012b graudu transport\u0113\u0161anu caur mal\u0161anas iek\u0101rt\u0101m, kur graudi tiek samalti miltos vai p\u0101rstr\u0101d\u0101ti citiem m\u0113r\u0137iem. Tie nodro\u0161ina vienm\u0113r\u012bgu graudu padevi dzirnavi\u0146\u0101m vai drupin\u0101t\u0101jiem.<\/li>\n<\/ul>\n<\/li>\n<li><strong>Lieto\u0161ana saimniec\u012bb\u0101:<\/strong>\n<ul>\n<li><strong>Lauksaimniec\u012bbas urbji:<\/strong> Graudu transport\u0113\u0161anai no kombainiem uz uzglab\u0101\u0161anas tvertn\u0113m vai piekab\u0113m saimniec\u012bb\u0101s parasti izmanto glieme\u017etransportieru p\u0101rnesumk\u0101rbas. P\u0101rnesumk\u0101rbas nodro\u0161ina nepiecie\u0161amo griezes momentu un vad\u012bbu glieme\u017etransportieriem, padarot tos efekt\u012bvus graudu p\u0101rvieto\u0161anai ra\u017eas nov\u0101k\u0161anas sezon\u0101.<\/li>\n<li><strong>Graudu tvert\u0146u sist\u0113mas:<\/strong> Graudu tvertn\u0113s eso\u0161ie glieme\u017ep\u0101rvadi atvieglo graudu p\u0101rvieto\u0161anu uz da\u017e\u0101d\u0101m saimniec\u012bbas vai uzglab\u0101\u0161anas telpu zon\u0101m, nodro\u0161inot, ka graudi p\u0101rvieto\u0161anas proces\u0101 netiek boj\u0101ti.<\/li>\n<\/ul>\n<\/li>\n<\/ol>\n<p>Izmantojot graudu glieme\u017etransportieru p\u0101rnesumk\u0101rbas, lauksaimniec\u012bbas un uzglab\u0101\u0161anas iek\u0101rtas var racionaliz\u0113t darb\u012bbu, samazin\u0101t ekspluat\u0101cijas izmaksas un uztur\u0113t augstus graudu kvalit\u0101tes standartus.<\/p>\n<p><img loading=\"lazy\" decoding=\"async\" class=\"size-full wp-image-3132 aligncenter\" src=\"https:\/\/fmp-components.com\/wp-content\/uploads\/2025\/01\/Grain-Transportation-Gearbox-5.webp\" alt=\"Graudu p\u0101rvad\u0101\u0161ana-\u0101trumk\u0101rba-5\" width=\"800\" height=\"800\" title=\"\" srcset=\"https:\/\/fmp-components.com\/wp-content\/uploads\/2025\/01\/Grain-Transportation-Gearbox-5.webp 800w, https:\/\/fmp-components.com\/wp-content\/uploads\/2025\/01\/Grain-Transportation-Gearbox-5-480x480.webp 480w\" sizes=\"(min-width: 0px) and (max-width: 480px) 480px, (min-width: 481px) 800px, 100vw\" \/><\/p>\n<h2>Graudu skr\u016bvju reduktora galven\u0101s sast\u0101vda\u013cas<\/h2>\n<p>Graudu glieme\u017etransportiera p\u0101rnesumk\u0101rba ir kritiski svar\u012bga lauksaimniec\u012bbas un uzglab\u0101\u0161anas sist\u0113mu sast\u0101vda\u013ca, jo t\u0101 nodro\u0161ina efekt\u012bvu graudu p\u0101rvieto\u0161anu da\u017e\u0101dos procesos, piem\u0113ram, transport\u0113\u0161an\u0101, uzglab\u0101\u0161an\u0101 un mal\u0161an\u0101. Graudu glieme\u017etransportiera p\u0101rnesumk\u0101rbas galven\u0101s sast\u0101vda\u013cas ir paredz\u0113tas iztur\u012bbai, veiktsp\u0113jai un efektivit\u0101tei. \u0160eit ir galven\u0101s sast\u0101vda\u013cas:<\/p>\n<ol>\n<li><strong>Korpuss (p\u0101rnesumk\u0101rbas korpuss):<\/strong>\n<ul>\n<li>\u0100r\u0113jais apvalks vai korpuss aizsarg\u0101 p\u0101rnesumk\u0101rbas iek\u0161\u0113j\u0101s sast\u0101vda\u013cas. Parasti izgatavots no augstas stipr\u012bbas materi\u0101liem, piem\u0113ram, \u010duguna vai iztur\u012bga t\u0113rauda, \u200b\u200bkorpuss nodro\u0161ina, ka p\u0101rnesumk\u0101rba var iztur\u0113t skarbos lauksaimniec\u012bbas vides apst\u0101k\u013cus, tostarp putek\u013cu, mitruma un ekstrem\u0101lu temperat\u016bru iedarb\u012bbu.<\/li>\n<\/ul>\n<\/li>\n<li><strong>Ievades v\u0101rpsta:<\/strong>\n<ul>\n<li>Ieejas v\u0101rpsta ir deta\u013ca, kas sa\u0146em jaudu no piedzi\u0146as avota (piem\u0113ram, elektromotora, traktora j\u016bgv\u0101rpstas vai dzin\u0113ja). T\u0101 p\u0101rnes rot\u0101cijas kust\u012bbu uz p\u0101rnesumk\u0101rbu, kas p\u0113c tam tiek p\u0101rraid\u012bta uz glieme\u017etransportiera meh\u0101nismu. Ieejas v\u0101rpsta ir paredz\u0113ta, lai iztur\u0113tu lielus rot\u0101cijas \u0101trumus un griezes momenta slodzes.<\/li>\n<\/ul>\n<\/li>\n<li><strong>Izejas v\u0101rpsta:<\/strong>\n<ul>\n<li>Izejas v\u0101rpsta ir savienota ar glieme\u017etransportieri un p\u0101rnes p\u0101rnesumk\u0101rbas rad\u012bto rot\u0101cijas kust\u012bbu uz pa\u0161u glieme\u017etransportieri. Tai ir b\u016btiska loma, lai nodro\u0161in\u0101tu glieme\u017etransportiera vienm\u0113r\u012bgu darb\u012bbu graudu p\u0101rvieto\u0161anai. Izejas v\u0101rpsta parasti ir konstru\u0113ta ar \u012bpa\u0161i iztur\u012bgiem gult\u0146iem, lai atbalst\u012btu slodzi un nov\u0113rstu nodilumu ilgsto\u0161as \u200b\u200bdarb\u012bbas laik\u0101.<\/li>\n<\/ul>\n<\/li>\n<li><strong>P\u0101rnesumi:<\/strong>\n<ul>\n<li>P\u0101rnesumk\u0101rbas iek\u0161pus\u0113 eso\u0161ie zobrati ir galven\u0101s sast\u0101vda\u013cas, kas atbild par ieejas griezes momenta un \u0101truma p\u0101rveido\u0161anu v\u0113lamaj\u0101 izejas jaud\u0101. Graudu glieme\u017etransportieru p\u0101rnesumk\u0101rb\u0101s izmantotie zobratu veidi ir \u0161\u0101di:\n<ul>\n<li><strong>Spir\u0101lveida zobrati:<\/strong> Nodro\u0161ina vienm\u0113r\u012bgu un klusu darb\u012bbu ar uzlabotu efektivit\u0101ti.<\/li>\n<li><strong>Dzin\u0113ja zobrati:<\/strong> Vienk\u0101r\u0161\u0101ki un rentabl\u0101ki, bet parasti trok\u0161\u0146ain\u0101ki nek\u0101 spir\u0101lveida zobrati.<\/li>\n<li><strong>Konusveida zobrati:<\/strong> Izmanto grie\u0161an\u0101s virziena main\u012b\u0161anai, parasti atrodams taisnle\u0146\u0137a p\u0101rnesumk\u0101rb\u0101s.<\/li>\n<\/ul>\n<\/li>\n<li>P\u0101rnesumu veida izv\u0113le ir atkar\u012bga no nepiecie\u0161am\u0101 griezes momenta, \u0101truma un iztur\u012bbas.<\/li>\n<\/ul>\n<\/li>\n<li><strong>Gult\u0146i:<\/strong>\n<ul>\n<li>Gult\u0146i atbalsta rot\u0113jo\u0161\u0101s v\u0101rpstas p\u0101rnesumk\u0101rb\u0101, samazinot berzi un nodro\u0161inot vienm\u0113r\u012bgu darb\u012bbu. Tie ir \u013coti svar\u012bgi stabilit\u0101tes saglab\u0101\u0161anai un nodiluma samazin\u0101\u0161anai, \u012bpa\u0161i lielu slod\u017eu gad\u012bjum\u0101. Augstas kvalit\u0101tes gult\u0146i tiek izv\u0113l\u0113ti, lai pagarin\u0101tu p\u0101rnesumk\u0101rbas kalpo\u0161anas laiku un samazin\u0101tu nepiecie\u0161am\u012bbu p\u0113c apkopes.<\/li>\n<\/ul>\n<\/li>\n<\/ol>\n<p>Graudu glieme\u017etransportiera p\u0101rnesumk\u0101rbas galven\u0101s sast\u0101vda\u013cas darbojas kop\u0101, lai nodro\u0161in\u0101tu efekt\u012bvu un uzticamu veiktsp\u0113ju graudu apstr\u0101d\u0113 un transport\u0113\u0161an\u0101. Pareiza \u0161o sast\u0101vda\u013cu izv\u0113le, apkope un e\u013c\u013co\u0161ana ir b\u016btiska, lai nodro\u0161in\u0101tu optim\u0101lu funkcionalit\u0101ti un ilgu kalpo\u0161anas laiku, padarot graudu glieme\u017etransportieri par b\u016btisku m\u016bsdienu lauksaimniec\u012bbas un uzglab\u0101\u0161anas darb\u012bbu sast\u0101vda\u013cu.<\/p>\n<p><img loading=\"lazy\" decoding=\"async\" class=\"alignnone size-full wp-image-3133\" src=\"https:\/\/fmp-components.com\/wp-content\/uploads\/2025\/01\/Grain-Transportation-Gearbox-6.webp\" alt=\"Graudu p\u0101rvad\u0101\u0161anas p\u0101rnesumk\u0101rba-6\" width=\"1534\" height=\"1286\" title=\"\" srcset=\"https:\/\/fmp-components.com\/wp-content\/uploads\/2025\/01\/Grain-Transportation-Gearbox-6.webp 1534w, https:\/\/fmp-components.com\/wp-content\/uploads\/2025\/01\/Grain-Transportation-Gearbox-6-1280x1073.webp 1280w, https:\/\/fmp-components.com\/wp-content\/uploads\/2025\/01\/Grain-Transportation-Gearbox-6-980x822.webp 980w, https:\/\/fmp-components.com\/wp-content\/uploads\/2025\/01\/Grain-Transportation-Gearbox-6-480x402.webp 480w\" sizes=\"(min-width: 0px) and (max-width: 480px) 480px, (min-width: 481px) and (max-width: 980px) 980px, (min-width: 981px) and (max-width: 1280px) 1280px, (min-width: 1281px) 1534px, 100vw\" \/><\/p>\n<h2>Par FMP<\/h2>\n<p>FMP galven\u0101 m\u012btne atrodas It\u0101lij\u0101, un tas ir vado\u0161ais ra\u017eot\u0101js, kas paz\u012bstams ar savu pieredzi augstas veiktsp\u0113jas p\u0101rnesumk\u0101rbu projekt\u0113\u0161an\u0101, izstr\u0101d\u0113 un ra\u017eo\u0161an\u0101, galvenok\u0101rt koncentr\u0113joties uz lauksaimniec\u012bbas tehnikas sektoru. FMP, kas paz\u012bstams ar savu prec\u012bzo in\u017eenieriju, inovat\u012bvajiem risin\u0101jumiem un nelok\u0101mo uzticam\u012bbu, ir ieguvis uzticama partnera reput\u0101ciju gan lauksaimniec\u012bbas, gan r\u016bpniec\u012bbas tirgos. M\u016bsu visaptvero\u0161aj\u0101 kl\u0101st\u0101 ietilpst z\u0101les p\u013c\u0101v\u0113ju p\u0101rnesumk\u0101rbas, j\u016bgv\u0101rpstas un pla\u0161s b\u016btisku komponentu kl\u0101sts, kas visi ir r\u016bp\u012bgi izstr\u0101d\u0101ti, lai atbilstu da\u017e\u0101du pielietojumu \u012bpa\u0161aj\u0101m pras\u012bb\u0101m.<\/p>\n<p>Uz\u0146\u0113mum\u0101 FMP m\u0113s saprotam, ka katrs klients saskaras ar unik\u0101liem izaicin\u0101jumiem. T\u0101p\u0113c m\u0113s specializ\u0113jamies piel\u0101gotu risin\u0101jumu snieg\u0161an\u0101, neatkar\u012bgi no t\u0101, vai tie attiecas uz atsevi\u0161\u0137\u0101m komponent\u0113m vai piln\u012bb\u0101 integr\u0113t\u0101m sist\u0113m\u0101m. Cie\u0161i sadarbojoties ar m\u016bsu klientiem, m\u0113s nodro\u0161in\u0101m, ka katrs risin\u0101jums ne tikai atbilst vi\u0146u vajadz\u012bb\u0101m, bet ar\u012b optimiz\u0113 veiktsp\u0113ju un palielina v\u0113rt\u012bbu. M\u016bsu ap\u0146em\u0161an\u0101s sniegt \u0101tras un profesion\u0101las atbildes un ekspertu konsult\u0101cijas garant\u0113, ka katrs piepras\u012bjums tiek izskat\u012bts prec\u012bzi, nodro\u0161inot vislab\u0101kos rezult\u0101tus katru reizi.<\/p>\n<p>M\u0113s priorit\u0101ri r\u016bp\u0113jamies par skaidru un nep\u0101rtrauktu komunik\u0101ciju vis\u0101 produktu izstr\u0101des cikl\u0101. M\u016bsu \u012bpa\u0161i izveidot\u0101 komanda cie\u0161i sadarbojas ar klientiem, lai piln\u012bb\u0101 izprastu vi\u0146u pras\u012bbas un sniegtu v\u0113rt\u012bgas atzi\u0146as un ieteikumus optim\u0101lu rezult\u0101tu sasnieg\u0161anai. Neatkar\u012bgi no t\u0101, vai projekt\u0113jam modernus produktus vai izpild\u0101m ikdienas pas\u016bt\u012bjumus, FMP ir ap\u0146\u0113musies vienm\u0113r savlaic\u012bgi pieg\u0101d\u0101t augstas kvalit\u0101tes, prec\u012bzi izstr\u0101d\u0101tus risin\u0101jumus. M\u016bsu misija ir past\u0101v\u012bgi p\u0101rsniegt klientu cer\u012bbas, nodro\u0161inot izcilu servisu un rezult\u0101tus katr\u0101 projekt\u0101.<\/p>\n<p>Kvalit\u0101te ir FMP darb\u012bbas pamat\u0101. M\u0113s iev\u0113rojam augst\u0101kos ra\u017eo\u0161anas standartus un ievie\u0161am stingrus kvalit\u0101tes kontroles pas\u0101kumus, lai nodro\u0161in\u0101tu, ka katrs produkts atbilst un bie\u017ei vien p\u0101rsniedz nozares standartus. \u0160\u012b ap\u0146em\u0161an\u0101s sasniegt izcil\u012bbu, k\u0101 ar\u012b m\u016bsu pamatv\u0113rt\u012bbas \u2013 integrit\u0101te, komandas darbs un neatlaid\u012bba \u2013 ir \u013c\u0101vusi mums veidot ilgsto\u0161as, uz uztic\u012bbu balst\u012btas attiec\u012bbas ar klientiem gandr\u012bz 30 valst\u012bs vis\u0101 pasaul\u0113.<\/p>\n<p>FMP vienm\u0113r v\u0113las veidot glob\u0101las partner\u012bbas, pied\u0101v\u0101jot ekspertu padomus un piel\u0101gotus risin\u0101jumus, kas atbilst m\u016bsu klientu main\u012bgaj\u0101m vajadz\u012bb\u0101m. M\u0113s cen\u0161amies veidot ilgtermi\u0146a, abpus\u0113ji izdev\u012bgas attiec\u012bbas, kas veicina katra projekta pan\u0101kumus. Neatkar\u012bgi no t\u0101, vai jums ir nepiecie\u0161ami inovat\u012bvi risin\u0101jumi jaunai iniciat\u012bvai vai past\u0101v\u012bgs atbalsts eso\u0161ai sist\u0113mai, FMP ir gatavs pal\u012bdz\u0113t jums p\u0101rvar\u0113t tehniskas probl\u0113mas un nodro\u0161in\u0101t j\u016bsu turpm\u0101kos pan\u0101kumus.<\/p>\n<p><img loading=\"lazy\" decoding=\"async\" class=\"alignnone wp-image-2695\" src=\"https:\/\/fmp-components.com\/wp-content\/uploads\/2025\/01\/agricultural-gearbox3.webp\" alt=\"lauksaimniec\u012bbas p\u0101rnesumk\u0101rba\" width=\"1140\" height=\"1138\" title=\"\" srcset=\"https:\/\/fmp-components.com\/wp-content\/uploads\/2025\/01\/agricultural-gearbox3.webp 1140w, https:\/\/fmp-components.com\/wp-content\/uploads\/2025\/01\/agricultural-gearbox3-480x479.webp 480w\" sizes=\"(min-width: 0px) and (max-width: 480px) 480px, (min-width: 481px) 1140px, 100vw\" \/><\/p>\n<p>Autors: CX<\/p>","protected":false},"excerpt":{"rendered":"<p>Grain Auger Gearbox FMP-2390 Specifications Product Name Grain auger gearbox FMP-2390 Material Housing as HT250, Shaft as 20CrMnTi Color Dark or Red or as customized Type Bevel gear Ratio 1:1 Bearing QC or C&amp;U or NTN Warranty one and half year Used grain storage Applications of Grain Auger Gearbox for Grain Storage and Transportation Grain [&hellip;]<\/p>","protected":false},"featured_media":3130,"comment_status":"open","ping_status":"closed","template":"","meta":{"_et_pb_use_builder":"","_et_pb_old_content":"","_et_gb_content_width":""},"product_brand":[],"product_cat":[74],"product_tag":[],"class_list":{"0":"post-3129","1":"product","2":"type-product","3":"status-publish","4":"has-post-thumbnail","6":"product_cat-grain-transportation-gearbox","8":"first","9":"instock","10":"shipping-taxable","11":"product-type-simple"},"_links":{"self":[{"href":"https:\/\/fmp-components.com\/lv\/wp-json\/wp\/v2\/product\/3129","targetHints":{"allow":["GET"]}}],"collection":[{"href":"https:\/\/fmp-components.com\/lv\/wp-json\/wp\/v2\/product"}],"about":[{"href":"https:\/\/fmp-components.com\/lv\/wp-json\/wp\/v2\/types\/product"}],"replies":[{"embeddable":true,"href":"https:\/\/fmp-components.com\/lv\/wp-json\/wp\/v2\/comments?post=3129"}],"wp:featuredmedia":[{"embeddable":true,"href":"https:\/\/fmp-components.com\/lv\/wp-json\/wp\/v2\/media\/3130"}],"wp:attachment":[{"href":"https:\/\/fmp-components.com\/lv\/wp-json\/wp\/v2\/media?parent=3129"}],"wp:term":[{"taxonomy":"product_brand","embeddable":true,"href":"https:\/\/fmp-components.com\/lv\/wp-json\/wp\/v2\/product_brand?post=3129"},{"taxonomy":"product_cat","embeddable":true,"href":"https:\/\/fmp-components.com\/lv\/wp-json\/wp\/v2\/product_cat?post=3129"},{"taxonomy":"product_tag","embeddable":true,"href":"https:\/\/fmp-components.com\/lv\/wp-json\/wp\/v2\/product_tag?post=3129"}],"curies":[{"name":"wp","href":"https:\/\/api.w.org\/{rel}","templated":true}]}}