{"id":312,"date":"2024-12-09T06:27:40","date_gmt":"2024-12-09T06:27:40","guid":{"rendered":"https:\/\/fmp-components.com\/?page_id=8"},"modified":"2024-12-09T06:44:39","modified_gmt":"2024-12-09T06:44:39","slug":"forklift-steering-hydraulic-cylinder","status":"publish","type":"product","link":"https:\/\/fmp-components.com\/lv\/product\/forklift-steering-hydraulic-cylinder\/","title":{"rendered":"Iekr\u0101v\u0113ja st\u016bres hidrauliskais cilindrs"},"content":{"rendered":"<p style=\"text-align: center;\"><span style=\"font-size: 24pt;\">Iekr\u0101v\u0113ja st\u016bres hidrauliskais cilindrs<\/span><img loading=\"lazy\" decoding=\"async\" class=\"size-full wp-image-320 aligncenter\" src=\"https:\/\/fmp-components.com\/wp-content\/uploads\/2024\/12\/Forklift-Steering-Hydraulic-Cylinder-1.webp\" alt=\"Iekr\u0101v\u0113ja st\u016bres hidrauliskais cilindrs\" width=\"500\" height=\"500\" title=\"\" srcset=\"https:\/\/fmp-components.com\/wp-content\/uploads\/2024\/12\/Forklift-Steering-Hydraulic-Cylinder-1.webp 500w, https:\/\/fmp-components.com\/wp-content\/uploads\/2024\/12\/Forklift-Steering-Hydraulic-Cylinder-1-480x480.webp 480w\" sizes=\"(min-width: 0px) and (max-width: 480px) 480px, (min-width: 481px) 500px, 100vw\" \/><\/p>\n<h2 style=\"text-align: center;\">Iekr\u0101v\u0113ja st\u016bres hidraulisk\u0101 cilindra deta\u013cas:<\/h2>\n<p><img loading=\"lazy\" decoding=\"async\" class=\"alignnone size-full wp-image-319\" src=\"https:\/\/fmp-components.com\/wp-content\/uploads\/2024\/12\/Forklift-Steering-Hydraulic-Cylinder-Parts.webp\" alt=\"Iekr\u0101v\u0113ja st\u016bres hidraulisk\u0101 cilindra deta\u013cas\" width=\"1024\" height=\"594\" title=\"\" srcset=\"https:\/\/fmp-components.com\/wp-content\/uploads\/2024\/12\/Forklift-Steering-Hydraulic-Cylinder-Parts.webp 1024w, https:\/\/fmp-components.com\/wp-content\/uploads\/2024\/12\/Forklift-Steering-Hydraulic-Cylinder-Parts-980x568.webp 980w, https:\/\/fmp-components.com\/wp-content\/uploads\/2024\/12\/Forklift-Steering-Hydraulic-Cylinder-Parts-480x278.webp 480w\" sizes=\"(min-width: 0px) and (max-width: 480px) 480px, (min-width: 481px) and (max-width: 980px) 980px, (min-width: 981px) 1024px, 100vw\" \/><\/p>\n<table style=\"width: 100%;\" border=\"1\" width=\"100%\" cellspacing=\"0\" cellpadding=\"0\">\n<tbody>\n<tr>\n<td style=\"width: 7.61801%;\" colspan=\"1\" rowspan=\"1\">\n<div class=\"magic-27\" data-spm-anchor-id=\"a2700.details.0.i41.45d84a73e99C9z\">1<\/div>\n<\/td>\n<td style=\"width: 43.3478%;\" colspan=\"1\" rowspan=\"1\">\n<div class=\"magic-28\">Se\u0161st\u016bra skr\u016bve<\/div>\n<\/td>\n<td style=\"width: 7.0816%;\" colspan=\"1\" rowspan=\"1\">\n<div class=\"magic-29\">9<\/div>\n<\/td>\n<td style=\"width: 41.8455%;\" colspan=\"1\" rowspan=\"1\">\n<div class=\"magic-30\">Putek\u013cu t\u012br\u012bt\u0101js<\/div>\n<\/td>\n<\/tr>\n<tr>\n<td style=\"width: 7.61801%;\" colspan=\"1\" rowspan=\"1\">\n<div class=\"magic-27\">2<\/div>\n<\/td>\n<td style=\"width: 43.3478%;\" colspan=\"1\" rowspan=\"1\">\n<div class=\"magic-28\">Kl\u012bvisa<\/div>\n<\/td>\n<td style=\"width: 7.0816%;\" colspan=\"1\" rowspan=\"1\">\n<div class=\"magic-29\">10<\/div>\n<\/td>\n<td style=\"width: 41.8455%;\" colspan=\"1\" rowspan=\"1\">\n<div class=\"magic-30\">Stie\u0146a bl\u012bv\u0113jums<\/div>\n<\/td>\n<\/tr>\n<tr>\n<td style=\"width: 7.61801%;\" colspan=\"1\" rowspan=\"1\">\n<div class=\"magic-27\">3<\/div>\n<\/td>\n<td style=\"width: 43.3478%;\" colspan=\"1\" rowspan=\"1\">\n<div class=\"magic-28\">Atsperu papl\u0101ksnes<\/div>\n<\/td>\n<td style=\"width: 7.0816%;\" colspan=\"1\" rowspan=\"1\">\n<div class=\"magic-29\">11<\/div>\n<\/td>\n<td style=\"width: 41.8455%;\" colspan=\"1\" rowspan=\"1\">\n<div class=\"magic-30\">Du Bu\u0161s<\/div>\n<\/td>\n<\/tr>\n<tr>\n<td style=\"width: 7.61801%;\" colspan=\"1\" rowspan=\"1\">\n<div class=\"magic-27\">4<\/div>\n<\/td>\n<td style=\"width: 43.3478%;\" colspan=\"1\" rowspan=\"1\">\n<div class=\"magic-28\">Se\u0161st\u016bra uzgrieznis<\/div>\n<\/td>\n<td style=\"width: 7.0816%;\" colspan=\"1\" rowspan=\"1\">\n<div class=\"magic-29\">12<\/div>\n<\/td>\n<td style=\"width: 41.8455%;\" colspan=\"1\" rowspan=\"1\">\n<div class=\"magic-30\">Cilindra korpuss<\/div>\n<\/td>\n<\/tr>\n<tr>\n<td style=\"width: 7.61801%;\" colspan=\"1\" rowspan=\"1\">\n<div class=\"magic-27\">5<\/div>\n<\/td>\n<td style=\"width: 43.3478%;\" colspan=\"1\" rowspan=\"1\">\n<div class=\"magic-28\">Gids Bu\u0161s<\/div>\n<\/td>\n<td style=\"width: 7.0816%;\" colspan=\"1\" rowspan=\"1\">\n<div class=\"magic-29\">13<\/div>\n<\/td>\n<td style=\"width: 41.8455%;\" colspan=\"1\" rowspan=\"1\">\n<div class=\"magic-30\">Caurumu bl\u012bv\u0113jums<\/div>\n<\/td>\n<\/tr>\n<tr>\n<td style=\"width: 7.61801%;\" colspan=\"1\" rowspan=\"1\">\n<div class=\"magic-27\">6<\/div>\n<\/td>\n<td style=\"width: 43.3478%;\" colspan=\"1\" rowspan=\"1\">\n<div class=\"magic-28\">O veida gredzens<\/div>\n<\/td>\n<td style=\"width: 7.0816%;\" colspan=\"1\" rowspan=\"1\">\n<div class=\"magic-29\">14<\/div>\n<\/td>\n<td style=\"width: 41.8455%;\" colspan=\"1\" rowspan=\"1\">\n<div class=\"magic-30\">Virzulis<\/div>\n<\/td>\n<\/tr>\n<tr>\n<td style=\"width: 7.61801%;\" colspan=\"1\" rowspan=\"1\">\n<div class=\"magic-27\">7<\/div>\n<\/td>\n<td style=\"width: 43.3478%;\" colspan=\"1\" rowspan=\"1\">\n<div class=\"magic-28\">O veida gredzens<\/div>\n<\/td>\n<td style=\"width: 7.0816%;\" colspan=\"1\" rowspan=\"1\">\n<div class=\"magic-29\">15<\/div>\n<\/td>\n<td style=\"width: 41.8455%;\" colspan=\"1\" rowspan=\"1\">\n<div class=\"magic-30\">O veida gredzens<\/div>\n<\/td>\n<\/tr>\n<tr>\n<td style=\"width: 7.61801%;\" colspan=\"1\" rowspan=\"1\">\n<div class=\"magic-27\">8<\/div>\n<\/td>\n<td style=\"width: 43.3478%;\" colspan=\"1\" rowspan=\"1\">\n<div class=\"magic-28\">Apa\u013ca stieple<\/div>\n<\/td>\n<td style=\"width: 7.0816%;\" colspan=\"1\" rowspan=\"1\">\n<div class=\"magic-29\">16<\/div>\n<\/td>\n<td style=\"width: 41.8455%;\" colspan=\"1\" rowspan=\"1\">\n<div class=\"magic-30\">Virzu\u013ca stienis<\/div>\n<\/td>\n<\/tr>\n<\/tbody>\n<\/table>\n<h2>Iekr\u0101v\u0113ja st\u016bres hidraulisk\u0101 cilindra izm\u0113ri:<\/h2>\n<table>\n<tbody>\n<tr>\n<td><img loading=\"lazy\" decoding=\"async\" class=\"alignnone size-full wp-image-314\" src=\"https:\/\/fmp-components.com\/wp-content\/uploads\/2024\/12\/Forklift-Steering-Hydraulic-Cylinder-Dimensions-1.webp\" alt=\"Iekr\u0101v\u0113ja st\u016bres hidraulisk\u0101 cilindra izm\u0113ri-1\" width=\"600\" height=\"230\" title=\"\" srcset=\"https:\/\/fmp-components.com\/wp-content\/uploads\/2024\/12\/Forklift-Steering-Hydraulic-Cylinder-Dimensions-1.webp 600w, https:\/\/fmp-components.com\/wp-content\/uploads\/2024\/12\/Forklift-Steering-Hydraulic-Cylinder-Dimensions-1-480x184.webp 480w\" sizes=\"(min-width: 0px) and (max-width: 480px) 480px, (min-width: 481px) 600px, 100vw\" \/><\/td>\n<td><img loading=\"lazy\" decoding=\"async\" class=\"alignnone size-full wp-image-315\" src=\"https:\/\/fmp-components.com\/wp-content\/uploads\/2024\/12\/Forklift-Steering-Hydraulic-Cylinder-Dimensions-2.webp\" alt=\"Iekr\u0101v\u0113ja st\u016bres hidraulisk\u0101 cilindra izm\u0113ri 2\" width=\"600\" height=\"230\" title=\"\" srcset=\"https:\/\/fmp-components.com\/wp-content\/uploads\/2024\/12\/Forklift-Steering-Hydraulic-Cylinder-Dimensions-2.webp 600w, https:\/\/fmp-components.com\/wp-content\/uploads\/2024\/12\/Forklift-Steering-Hydraulic-Cylinder-Dimensions-2-480x184.webp 480w\" sizes=\"(min-width: 0px) and (max-width: 480px) 480px, (min-width: 481px) 600px, 100vw\" \/><\/td>\n<\/tr>\n<\/tbody>\n<\/table>\n<table border=\"1\" cellspacing=\"0\" cellpadding=\"0\">\n<tbody>\n<tr>\n<td width=\"246\">Cilindra nosaukums<\/td>\n<td width=\"336\">z\u012bm\u0113juma numurs<\/td>\n<td width=\"126\">urbuma diametrs (D)<\/td>\n<td width=\"123\">stie\u0146a diametrs (d)<\/td>\n<td width=\"114\">g\u0101jiens (S)<\/td>\n<td width=\"170\">Uzst\u0101d\u012b\u0161anas att\u0101lums (L)<\/td>\n<td width=\"172\">darba spiediens<\/td>\n<td width=\"366\">Saskarnes izm\u0113ri (M)<\/td>\n<td width=\"96\">svars<\/td>\n<\/tr>\n<tr>\n<td class=\"et3\" width=\"246\" height=\"325\">St\u016bres cilindrs<\/td>\n<td class=\"et4\" width=\"336\">R960-224000-001<\/td>\n<td class=\"et4\" width=\"126\">\u03a665<\/td>\n<td class=\"et4\" width=\"123\">\u03a640<\/td>\n<td class=\"et4\" width=\"114\">2*98<\/td>\n<td class=\"et4\" width=\"170\">672<\/td>\n<td class=\"et4\" width=\"172\">10,5 MPa<\/td>\n<td class=\"et4\" width=\"366\">2-G1\/4<\/td>\n<td class=\"et4\" width=\"96\">15 kg<\/td>\n<\/tr>\n<\/tbody>\n<\/table>\n<table>\n<tbody>\n<tr>\n<td><img loading=\"lazy\" decoding=\"async\" class=\"alignnone size-full wp-image-316\" src=\"https:\/\/fmp-components.com\/wp-content\/uploads\/2024\/12\/Forklift-Steering-Hydraulic-Cylinder-Dimensions-3.webp\" alt=\"Iekr\u0101v\u0113ja st\u016bres hidraulisk\u0101 cilindra izm\u0113ri\" width=\"600\" height=\"240\" title=\"\" srcset=\"https:\/\/fmp-components.com\/wp-content\/uploads\/2024\/12\/Forklift-Steering-Hydraulic-Cylinder-Dimensions-3.webp 600w, https:\/\/fmp-components.com\/wp-content\/uploads\/2024\/12\/Forklift-Steering-Hydraulic-Cylinder-Dimensions-3-480x192.webp 480w\" sizes=\"(min-width: 0px) and (max-width: 480px) 480px, (min-width: 481px) 600px, 100vw\" \/><\/td>\n<td><img loading=\"lazy\" decoding=\"async\" class=\"alignnone size-full wp-image-317\" src=\"https:\/\/fmp-components.com\/wp-content\/uploads\/2024\/12\/Forklift-Steering-Hydraulic-Cylinder-Dimensions-4.webp\" alt=\"Iekr\u0101v\u0113ja st\u016bres hidraulisk\u0101 cilindra izm\u0113ri\" width=\"600\" height=\"240\" title=\"\" srcset=\"https:\/\/fmp-components.com\/wp-content\/uploads\/2024\/12\/Forklift-Steering-Hydraulic-Cylinder-Dimensions-4.webp 600w, https:\/\/fmp-components.com\/wp-content\/uploads\/2024\/12\/Forklift-Steering-Hydraulic-Cylinder-Dimensions-4-480x192.webp 480w\" sizes=\"(min-width: 0px) and (max-width: 480px) 480px, (min-width: 481px) 600px, 100vw\" \/><\/td>\n<\/tr>\n<\/tbody>\n<\/table>\n<table border=\"1\" cellspacing=\"0\" cellpadding=\"0\">\n<tbody>\n<tr>\n<td width=\"246\">Cilindra nosaukums<\/td>\n<td width=\"336\">z\u012bm\u0113juma numurs<\/td>\n<td width=\"126\">urbuma diametrs (D)<\/td>\n<td width=\"123\">stie\u0146a diametrs (d)<\/td>\n<td width=\"114\">g\u0101jiens (S)<\/td>\n<td width=\"170\">Uzst\u0101d\u012b\u0161anas att\u0101lums (L)<\/td>\n<td width=\"172\">darba spiediens<\/td>\n<td width=\"366\">Saskarnes izm\u0113ri (M)<\/td>\n<td width=\"96\">svars<\/td>\n<\/tr>\n<tr>\n<td class=\"et3\" width=\"246\" height=\"325\">St\u016bres cilindrs<\/td>\n<td class=\"et4\" width=\"336\">A2A300-223000-000<\/td>\n<td class=\"et4\" width=\"126\">\u03a680<\/td>\n<td class=\"et4\" width=\"123\">\u03a650<\/td>\n<td class=\"et4\" width=\"114\">2*103<\/td>\n<td class=\"et4\" width=\"170\">652.2<\/td>\n<td class=\"et4\" width=\"172\">10MPa<\/td>\n<td class=\"et4\" width=\"366\">2-M16*1.5<\/td>\n<td class=\"et4\" width=\"96\">18 kg<\/td>\n<\/tr>\n<\/tbody>\n<\/table>\n<table>\n<tbody>\n<tr>\n<td><img loading=\"lazy\" decoding=\"async\" class=\"alignnone size-full wp-image-313\" src=\"https:\/\/fmp-components.com\/wp-content\/uploads\/2024\/12\/CUOJqIN9-Forklift-Steering-Hydraulic-Cylinder-Dimensions-5.webp\" alt=\"Iekr\u0101v\u0113ja st\u016bres hidraulisk\u0101 cilindra izm\u0113ri-5\" width=\"600\" height=\"250\" title=\"\" srcset=\"https:\/\/fmp-components.com\/wp-content\/uploads\/2024\/12\/CUOJqIN9-Forklift-Steering-Hydraulic-Cylinder-Dimensions-5.webp 600w, https:\/\/fmp-components.com\/wp-content\/uploads\/2024\/12\/CUOJqIN9-Forklift-Steering-Hydraulic-Cylinder-Dimensions-5-480x200.webp 480w\" sizes=\"(min-width: 0px) and (max-width: 480px) 480px, (min-width: 481px) 600px, 100vw\" \/><\/td>\n<td><img loading=\"lazy\" decoding=\"async\" class=\"alignnone size-full wp-image-318\" src=\"https:\/\/fmp-components.com\/wp-content\/uploads\/2024\/12\/Forklift-Steering-Hydraulic-Cylinder-Dimensions-6.webp\" alt=\"Iekr\u0101v\u0113ja st\u016bres hidraulisk\u0101 cilindra izm\u0113ri\" width=\"600\" height=\"250\" title=\"\" srcset=\"https:\/\/fmp-components.com\/wp-content\/uploads\/2024\/12\/Forklift-Steering-Hydraulic-Cylinder-Dimensions-6.webp 600w, https:\/\/fmp-components.com\/wp-content\/uploads\/2024\/12\/Forklift-Steering-Hydraulic-Cylinder-Dimensions-6-480x200.webp 480w\" sizes=\"(min-width: 0px) and (max-width: 480px) 480px, (min-width: 481px) 600px, 100vw\" \/><\/td>\n<\/tr>\n<\/tbody>\n<\/table>\n<table border=\"1\" cellspacing=\"0\" cellpadding=\"0\">\n<tbody>\n<tr>\n<td width=\"246\">Cilindra nosaukums<\/td>\n<td width=\"336\">z\u012bm\u0113juma numurs<\/td>\n<td width=\"126\">urbuma diametrs (D)<\/td>\n<td width=\"123\">stie\u0146a diametrs (d)<\/td>\n<td width=\"114\">g\u0101jiens (S)<\/td>\n<td width=\"170\">Uzst\u0101d\u012b\u0161anas att\u0101lums (L)<\/td>\n<td width=\"172\">darba spiediens<\/td>\n<td width=\"366\">Saskarnes izm\u0113ri (M)<\/td>\n<td width=\"96\">svars<\/td>\n<\/tr>\n<tr>\n<td class=\"et3\" width=\"246\" height=\"325\">St\u016bres cilindrs<\/td>\n<td class=\"et4\" width=\"336\">XF250-223000-500T<\/td>\n<td class=\"et4\" width=\"126\">\u03a680<\/td>\n<td class=\"et4\" width=\"123\">\u03a650<\/td>\n<td class=\"et4\" width=\"114\">2*94<\/td>\n<td class=\"et4\" width=\"170\">654<\/td>\n<td class=\"et4\" width=\"172\">16MPa<\/td>\n<td class=\"et4\" width=\"366\">2-M16*1.5<\/td>\n<td class=\"et4\" width=\"96\">20 kg<\/td>\n<\/tr>\n<\/tbody>\n<\/table>\n<h2>Pieejamie hidrauliskie cilindri Z\u012bmols un mode\u013ci:<\/h2>\n<table border=\"1\" cellspacing=\"0\" cellpadding=\"0\">\n<tbody>\n<tr>\n<td><b data-spm-anchor-id=\"a2700.details.0.i43.45d84a73e99C9z\">KOMATSU (PC)<\/b><\/td>\n<td>PC30, PC40, PC50, PC56, PC60, PC78, PC100, PC110, PC120, PC130, PC160, PC200-3\/5\/6\/7\/8\/8MO, PC210, PC220-5\/6\/7\/8\/8MO, PC240, PC300\/350\/360-5\/6\/7\/8\/8MO, PC400\/450-5\/6\/7\/8\/8MO, PC800, PC850<\/td>\n<\/tr>\n<tr>\n<td><b>K\u0100P\u0112RS (E)<\/b><\/td>\n<td>E301.5, E302, E305.5, E306, E307V1\/V2\/B\/C\/D\/E\/F, E308B\/C, E120B, E312V1\/V2\/B\/C\/D, E313D2, E312D2, E315D,<br \/>\nE200B,E320V1\/V2\/A\/B\/C\/D,E324D,E325C\/D,E329D,E330\/336C\/D,E345C,E349D,E365C,E374,E390<\/td>\n<\/tr>\n<tr>\n<td><b>KOBELCO (SK)<\/b><\/td>\n<td>SK60-3\/5\/8, SK75-8\/SR, SK100 ,SK120-3\/5, SK135-8\/SR, SK140-8, SK200-3\/5\/6\/6E, SK210-3\/5\/6\/6E,<br \/>\nSK230\/250-6E,SK250-8,SK260-8,SK350-8\/S8,SK460\/480-8<\/td>\n<\/tr>\n<tr>\n<td><b>HYUNDAI (R)<\/b><\/td>\n<td>R55-5\/7, R60-5\/7, R80, R110, R130, R200-5, R210-5, R215-5\/7, R220-5\/7\/9, R225-5\/7\/9, R250, R260, R265, R290, R305, R445, R485, R505<\/td>\n<\/tr>\n<tr>\n<td><b data-spm-anchor-id=\"a2700.details.0.i53.45d84a73e99C9z\">HITACHI (EX.ZX)<\/b><\/td>\n<td>EX60, EX100-1\/2\/3, EX120-1\/3\/5\/6, EX200-1\/3\/5, EX230-5, EX300-1, EX400<br \/>\nZAX60, ZAX70, ZA120-6, ZAX200\/210-1\/3\/5\/5K, ZAX240, ZAX250, ZAX260, ZAX330-3\/5\/6, ZAX450\/470, ZAX650\/670, ZAX850\/870<\/td>\n<\/tr>\n<tr>\n<td>\n<div class=\"magic-32\"><b data-spm-anchor-id=\"a2700.details.0.i55.45d84a73e99C9z\">DOOSAN (DH\/DX)<\/b><\/div>\n<\/td>\n<td>\n<div class=\"magic-33\"><span class=\"magic-34\">DH55, DH60, DH80, DH150, DH215-5\/7, DH220-5, DH225-5\/7, DH258, DH300-5\/7, DH370, DH420, DH500<br \/>\nDX55, DX60, DX75, DX130, DX225-9, DX300, DX380, DX420, DX500<\/span><\/div>\n<\/td>\n<\/tr>\n<tr>\n<td>\n<div class=\"magic-32\"><b>VOLVO (EK)<\/b><\/div>\n<\/td>\n<td>\n<div class=\"magic-33\"><span class=\"magic-34\">EC55, EC60, EC75, EC80, EC140, EC210B\/D, EC220D, EC240, EC250, EC290, EC300, EC360, EC380, EC460, EC480, EC700, EC750, EC950<\/span><\/div>\n<\/td>\n<\/tr>\n<tr>\n<td>\n<div class=\"magic-32\"><b>KATO (HD)<\/b><\/div>\n<\/td>\n<td>\n<div class=\"magic-33\"><span class=\"magic-34\">HD307\/308, HD450, HD512, HD700-5\/7, HD820-1\/2\/3\/5\/R, HD1023-1\/3, HD1430-1\/3<\/span><\/div>\n<\/td>\n<\/tr>\n<tr>\n<td>\n<div class=\"magic-32\"><b>CITS Z\u012aMOLS<\/b><\/div>\n<\/td>\n<td>\n<div class=\"magic-33\"><span class=\"magic-34\">XCMG,LIUGONG,KUBOTA,CASE,YANMAR,SUNWARD,ZOOMLION,LISHIDE,LIEHERR<\/span><\/div>\n<\/td>\n<\/tr>\n<\/tbody>\n<\/table>\n<h3>Iekr\u0101v\u0113ja st\u016bres hidraulisk\u0101 cilindra pielietojums<\/h3>\n<p><strong>Prec\u012bza st\u016br\u0113\u0161anas vad\u012bba<\/strong><br \/>\nIekr\u0101v\u0113ja st\u016bres hidrauliskajam cilindram ir iz\u0161\u0137iro\u0161a noz\u012bme prec\u012bzas iekr\u0101v\u0113ja st\u016bres meh\u0101nisma vad\u012bbas nodro\u0161in\u0101\u0161an\u0101. Izmantojot hidraulisko spiedienu, tas nodro\u0161ina vienm\u0113r\u012bgu un prec\u012bzu iekr\u0101v\u0113ja pagrie\u0161anos, \u013caujot operatoriem viegli p\u0101rvietoties \u0161aur\u0101s telp\u0101s un \u0161aur\u0101s ej\u0101s. \u0160\u012b precizit\u0101te ir b\u016btiska vid\u0113s, kur iekr\u0101v\u0113jiem ir j\u0101manevr\u0113 \u0101tri un dro\u0161i, piem\u0113ram, p\u0101rpild\u012bt\u0101s noliktav\u0101s, izplat\u012b\u0161anas centros vai iekrau\u0161anas platform\u0101s.<\/p>\n<p><strong>Paaugstin\u0101ta manevr\u0113tsp\u0113ja<\/strong><br \/>\nViena no galvenaj\u0101m iekr\u0101v\u0113ja st\u016bres hidraulisk\u0101 cilindra priek\u0161roc\u012bb\u0101m ir t\u0101 sp\u0113ja uzlabot manevr\u0113tsp\u0113ju. P\u0101rveidojot hidraulisko jaudu st\u016br\u0113\u0161anas kust\u012bb\u0101, tas \u013cauj iekr\u0101v\u0113jam veikt asus pagriezienus ar minim\u0101lu operatora piep\u016bli. Tas ir \u012bpa\u0161i izdev\u012bgi vid\u0113s, kur iekr\u0101v\u0113jiem bie\u017ei j\u0101maina virziens vai j\u0101darbojas ierobe\u017eotas telpas zon\u0101s. St\u016br\u0113\u0161anas vieglums samazina operatora nogurumu un uzlabo kop\u0113jo efektivit\u0101ti, \u013caujot iekr\u0101v\u0113jiem str\u0101d\u0101t sl\u0113gt\u0101s vai p\u0101rpild\u012bt\u0101s viet\u0101s, nezaud\u0113jot \u0101trumu vai precizit\u0101ti.<\/p>\n<p><strong>Uzlabota stabilit\u0101te un dro\u0161\u012bba<\/strong><br \/>\nAr hidraulisko st\u016bres sist\u0113mu apr\u012bkotiem iekr\u0101v\u0113jiem ir uzlabota stabilit\u0101te ekspluat\u0101cijas laik\u0101. Hidrauliskais st\u016bres cilindrs pal\u012bdz uztur\u0113t pareizu izl\u012bdzin\u0101jumu un kontroli, nov\u0113r\u0161ot negaid\u012btas virziena mai\u0146as, kas var\u0113tu izrais\u012bt kravas stabilit\u0101tes zudumu vai pat apg\u0101\u0161anos. Kontrol\u0113t\u0101 st\u016bres kust\u012bba nodro\u0161ina vienm\u0113r\u012bg\u0101kas p\u0101rejas starp pagriezieniem, samazinot negad\u012bjumu risku. \u0160\u012b uzlabot\u0101 stabilit\u0101te ir \u013coti svar\u012bga, str\u0101d\u0101jot liel\u0101 \u0101trum\u0101 vai p\u0101rvad\u0101jot smagas kravas, jo t\u0101 pal\u012bdz nodro\u0161in\u0101t, ka iekr\u0101v\u0113js saglab\u0101 l\u012bdzsvaru un dro\u0161\u012bbu.<\/p>\n<p><strong>Iztur\u012bba skarbos apst\u0101k\u013cos<\/strong><br \/>\nIekr\u0101v\u0113ja st\u016bres hidrauliskais cilindrs ir izstr\u0101d\u0101ts, lai iztur\u0113tu lielas slodzes oper\u0101ciju pras\u012bbas. Izgatavots no iztur\u012bgiem materi\u0101liem un konstru\u0113ts augsta spiediena apst\u0101k\u013ciem, cilindrs sp\u0113j iztur\u0113t past\u0101v\u012bgu nodilumu sare\u017e\u0123\u012btos apst\u0101k\u013cos. Tas ir paredz\u0113ts darbam da\u017e\u0101dos laika apst\u0101k\u013cos un vid\u0113, tostarp ekstrem\u0101l\u0101s temperat\u016br\u0101s, mitrum\u0101 un net\u012brumu vai \u0137\u012bmisku vielu iedarb\u012bb\u0101. \u0160\u012b iztur\u012bba nodro\u0161ina, ka iekr\u0101v\u0113js var turpin\u0101t dro\u0161i darboties ilgsto\u0161i, ar minim\u0101lu boj\u0101jumu vai apkopes probl\u0113mu risku.<\/p>\n<p><strong>Zema apkope un ilgs kalpo\u0161anas laiks<\/strong><br \/>\nPateicoties iztur\u012bgajai konstrukcijai un efekt\u012bvajam dizainam, iekr\u0101v\u0113ja st\u016bres hidrauliskajam cilindram ir nepiecie\u0161ama minim\u0101la apkope un tas nodro\u0161ina ilgu ekspluat\u0101cijas laiku. Sist\u0113ma ir konstru\u0113ta k\u0101 autonoma, samazinot \u0101r\u0113ju boj\u0101jumu vai pies\u0101r\u0146ojuma risku. Regul\u0101ras \u0161\u0137idruma l\u012bme\u0146a un bl\u012bv\u0113jumu p\u0101rbaudes parasti ir pietiekamas, lai uztur\u0113tu optim\u0101lu veiktsp\u0113ju. Ar pien\u0101c\u012bgu apkopi hidrauliskais st\u016bres cilindrs var nodro\u0161in\u0101t past\u0101v\u012bgu un uzticamu veiktsp\u0113ju vis\u0101 iekr\u0101v\u0113ja kalpo\u0161anas laik\u0101, pal\u012bdzot samazin\u0101t d\u012bkst\u0101ves laiku un kop\u0113j\u0101s ekspluat\u0101cijas izmaksas.<\/p>\n<h3><img loading=\"lazy\" decoding=\"async\" class=\"alignnone wp-image-322\" src=\"https:\/\/fmp-components.com\/wp-content\/uploads\/2024\/12\/Forklift-Steering-Hydraulic-Cylinder_1.webp\" alt=\"Iekr\u0101v\u0113ja st\u016bres hidrauliskais cilindrs_1\" width=\"864\" height=\"696\" title=\"\" srcset=\"https:\/\/fmp-components.com\/wp-content\/uploads\/2024\/12\/Forklift-Steering-Hydraulic-Cylinder_1.webp 864w, https:\/\/fmp-components.com\/wp-content\/uploads\/2024\/12\/Forklift-Steering-Hydraulic-Cylinder_1-480x387.webp 480w\" sizes=\"(min-width: 0px) and (max-width: 480px) 480px, (min-width: 481px) 864px, 100vw\" \/><\/h3>\n<h3>Par FMP<\/h3>\n<p>FMP ir specializ\u0113ts hidraulisko cilindru ra\u017eot\u0101js, kas koncentr\u0113jas uz p\u0113tniec\u012bbu un ra\u017eo\u0161anu. Kop\u0161 dibin\u0101\u0161anas uz\u0146\u0113mums ir past\u0101v\u012bgi koncentr\u0113jies uz hidraulisko cilindru izstr\u0101di, att\u012bstoties no da\u017e\u0101du produktu, piem\u0113ram, ra\u017eas nov\u0101k\u0161anas un celtniec\u012bbas tehnikas, ra\u017eo\u0161anas l\u012bdz specializ\u0101cijai lauksaimniec\u012bbas traktoru deta\u013c\u0101s. Ar vair\u0101k nek\u0101 desmit gadu ra\u017eo\u0161anas pieredzi, vad\u012bbas pieredzi un progres\u012bv\u0101m ra\u017eo\u0161anas tehnolo\u0123ij\u0101m FMP garant\u0113 visaugst\u0101ko kvalit\u0101ti savos produktos.<\/p>\n<p>Uz\u0146\u0113mumam augot profesion\u0101li, tas ir izveidojis visaptvero\u0161u apstr\u0101des ra\u017eo\u0161anas l\u012bniju, mont\u0101\u017eas l\u012bniju un p\u0101rkl\u0101\u0161anas l\u012bniju. FMP atbalsta \u012bpa\u0161a pieredz\u0113ju\u0161u vad\u012bbas person\u0101la, kvalific\u0113tu meh\u0101nisko konstruktoru un augsti kvalific\u0113tu tehnisko darbinieku komanda. Tas nodro\u0161ina stabilu produktu kvalit\u0101ti, vienlaikus efekt\u012bvi kontrol\u0113jot procesa nep\u0101rtraukt\u012bbu un kop\u0113jo ra\u017eo\u0161anas efektivit\u0101ti.<\/p>\n<p>FMP iev\u0113ro pamatv\u0113rt\u012bbas: \u201cTehnolo\u0123isk\u0101s inov\u0101cijas virza progresu, kvalit\u0101ti rada z\u012bmoli, meistar\u012bba nodro\u0161ina kvalit\u0101ti un veido ilgtermi\u0146a abpus\u0113ji izdev\u012bgas attiec\u012bbas.\u201d Uz\u0146\u0113mums joproj\u0101m ir ap\u0146\u0113mies nodro\u0161in\u0101t augstas kvalit\u0101tes produktus, vienlaikus sniedzot izcilu klientu apkalpo\u0161anu, vienm\u0113r cen\u0161oties apmierin\u0101t main\u012bg\u0101s tirgus vajadz\u012bbas.<\/p>\n<p><img loading=\"lazy\" decoding=\"async\" class=\"alignnone wp-image-303\" src=\"https:\/\/fmp-components.com\/wp-content\/uploads\/2024\/12\/hydraulic-cylinder-factory-11_1.webp\" alt=\"hidraulisko cilindru r\u016bpn\u012bca\" width=\"917\" height=\"1003\" title=\"\" srcset=\"https:\/\/fmp-components.com\/wp-content\/uploads\/2024\/12\/hydraulic-cylinder-factory-11_1.webp 917w, https:\/\/fmp-components.com\/wp-content\/uploads\/2024\/12\/hydraulic-cylinder-factory-11_1-480x525.webp 480w\" sizes=\"(min-width: 0px) and (max-width: 480px) 480px, (min-width: 481px) 917px, 100vw\" \/><\/p>\n<table style=\"width: 100%;\" border=\"1\" width=\"100%\" cellspacing=\"0\" cellpadding=\"0\">\n<tbody>\n<tr>\n<td style=\"width: 41.9294%;\" width=\"226\"><img loading=\"lazy\" decoding=\"async\" class=\"alignnone size-full wp-image-309\" src=\"https:\/\/fmp-components.com\/wp-content\/uploads\/2024\/12\/Forklift-Tilt-Hydraulic-Cylinder.webp\" alt=\"Iekr\u0101v\u0113ja sl\u012bpuma hidrauliskais cilindrs\" width=\"1000\" height=\"750\" title=\"\" srcset=\"https:\/\/fmp-components.com\/wp-content\/uploads\/2024\/12\/Forklift-Tilt-Hydraulic-Cylinder.webp 1000w, https:\/\/fmp-components.com\/wp-content\/uploads\/2024\/12\/Forklift-Tilt-Hydraulic-Cylinder-980x735.webp 980w, https:\/\/fmp-components.com\/wp-content\/uploads\/2024\/12\/Forklift-Tilt-Hydraulic-Cylinder-480x360.webp 480w\" sizes=\"(min-width: 0px) and (max-width: 480px) 480px, (min-width: 481px) and (max-width: 980px) 980px, (min-width: 981px) 1000px, 100vw\" \/><\/td>\n<td style=\"width: 55.6484%;\" width=\"64\"><img loading=\"lazy\" decoding=\"async\" class=\"alignnone wp-image-283\" src=\"https:\/\/fmp-components.com\/wp-content\/uploads\/2024\/12\/hydraulic-cylinder-factory-5.webp\" alt=\"hidraulisko cilindru r\u016bpn\u012bca\" width=\"542\" height=\"312\" title=\"\"><\/td>\n<\/tr>\n<\/tbody>\n<\/table>\n<p>Autors: CX<\/p>","protected":false},"excerpt":{"rendered":"<p>Iekr\u0101v\u0113ja st\u016bres hidrauliskais cilindrs ir galven\u0101 st\u016bres sist\u0113mas sast\u0101vda\u013ca, kas nodro\u0161ina vienm\u0113r\u012bgu un prec\u012bzu iekr\u0101v\u0113ja virziena vad\u012bbu. P\u0101rveidojot hidraulisko spiedienu st\u016br\u0113\u0161anas sp\u0113k\u0101, tas \u013cauj operatoram viegli pagriezt iekr\u0101v\u0113ja rite\u0146us, nodro\u0161inot lielisku manevr\u0113tsp\u0113ju pat \u0161aur\u0101s vai p\u0101rpild\u012bt\u0101s telp\u0101s. Hidrauliskais st\u016bres cilindrs pal\u012bdz samazin\u0101t operatora piep\u016bli, vienlaikus uzlabojot st\u016br\u0113\u0161anas precizit\u0101ti, padarot to ide\u0101li piem\u0113rotu vid\u0113m, kur iekr\u0101v\u0113jiem j\u0101p\u0101rvietojas \u0161aur\u0101s ej\u0101s vai darba zon\u0101s. T\u0101 iztur\u012bg\u0101 konstrukcija nodro\u0161ina uzticamu veiktsp\u0113ju smag\u0101 darba apst\u0101k\u013cos, veicinot iekr\u0101v\u0113ja visp\u0101r\u0113jo stabilit\u0101ti, dro\u0161\u012bbu un darb\u012bbas efektivit\u0101ti.<\/p>","protected":false},"featured_media":320,"comment_status":"open","ping_status":"closed","template":"","meta":{"_et_pb_use_builder":"","_et_pb_old_content":"","_et_gb_content_width":""},"product_brand":[],"product_cat":[20],"product_tag":[],"class_list":{"0":"post-312","1":"product","2":"type-product","3":"status-publish","4":"has-post-thumbnail","6":"product_cat-forklift-hydraulic-cylinders","8":"first","9":"instock","10":"shipping-taxable","11":"product-type-simple"},"_links":{"self":[{"href":"https:\/\/fmp-components.com\/lv\/wp-json\/wp\/v2\/product\/312","targetHints":{"allow":["GET"]}}],"collection":[{"href":"https:\/\/fmp-components.com\/lv\/wp-json\/wp\/v2\/product"}],"about":[{"href":"https:\/\/fmp-components.com\/lv\/wp-json\/wp\/v2\/types\/product"}],"replies":[{"embeddable":true,"href":"https:\/\/fmp-components.com\/lv\/wp-json\/wp\/v2\/comments?post=312"}],"wp:featuredmedia":[{"embeddable":true,"href":"https:\/\/fmp-components.com\/lv\/wp-json\/wp\/v2\/media\/320"}],"wp:attachment":[{"href":"https:\/\/fmp-components.com\/lv\/wp-json\/wp\/v2\/media?parent=312"}],"wp:term":[{"taxonomy":"product_brand","embeddable":true,"href":"https:\/\/fmp-components.com\/lv\/wp-json\/wp\/v2\/product_brand?post=312"},{"taxonomy":"product_cat","embeddable":true,"href":"https:\/\/fmp-components.com\/lv\/wp-json\/wp\/v2\/product_cat?post=312"},{"taxonomy":"product_tag","embeddable":true,"href":"https:\/\/fmp-components.com\/lv\/wp-json\/wp\/v2\/product_tag?post=312"}],"curies":[{"name":"wp","href":"https:\/\/api.w.org\/{rel}","templated":true}]}}