{"id":3119,"date":"2025-01-05T02:26:27","date_gmt":"2025-01-05T02:26:27","guid":{"rendered":"https:\/\/fmp-components.com\/?page_id=8"},"modified":"2025-01-05T02:26:27","modified_gmt":"2025-01-05T02:26:27","slug":"grain-transportation-gearbox-fmp-1002-for-agricultural-grain-transportation","status":"publish","type":"product","link":"https:\/\/fmp-components.com\/lv\/product\/grain-transportation-gearbox-fmp-1002-for-agricultural-grain-transportation\/","title":{"rendered":"Graudu p\u0101rvad\u0101\u0161anas \u0101trumk\u0101rba FMP-1002 lauksaimniec\u012bbas graudu p\u0101rvad\u0101\u0161anai"},"content":{"rendered":"<h2>Graudu transport\u0113\u0161anas p\u0101rnesumk\u0101rbas FMP-1002 specifik\u0101cijas<\/h2>\n<table border=\"1\" width=\"100%\" cellspacing=\"0\" cellpadding=\"0\">\n<tbody>\n<tr>\n<td>Produkta nosaukums<\/td>\n<td>Graudu transport\u0113\u0161anas p\u0101rnesumk\u0101rba<\/td>\n<\/tr>\n<tr>\n<td>Modelis<\/td>\n<td>EP-1002<\/td>\n<\/tr>\n<tr>\n<td>Kr\u0101sa<\/td>\n<td>Piel\u0101go\u0161ana<\/td>\n<\/tr>\n<tr>\n<td>Materi\u0101ls<\/td>\n<td>Korpusam HT250, zobrata v\u0101rpstai 20CrMnTi.<\/td>\n<\/tr>\n<tr>\n<td>Lietots<\/td>\n<td>Graudu p\u0101rvad\u0101\u0161ana<\/td>\n<\/tr>\n<\/tbody>\n<\/table>\n<h2>Graudu transport\u0113\u0161anas p\u0101rnesumk\u0101rbas FMP-1002 galven\u0101s sast\u0101vda\u013cas<\/h2>\n<p>Graudu transport\u0113\u0161anas p\u0101rnesumk\u0101rba FMP-1002 ir izstr\u0101d\u0101ta, lai nodro\u0161in\u0101tu optim\u0101lu veiktsp\u0113ju graudu transport\u0113\u0161anas sist\u0113m\u0101m, piem\u0113ram, konveijeriem un glieme\u017etransportieriem. \u0160\u012bs p\u0101rnesumk\u0101rbas galven\u0101s sast\u0101vda\u013cas ir:<\/p>\n<p><strong>1. M\u0101joklis:<\/strong><\/p>\n<ul>\n<li>Materi\u0101ls: Korpuss parasti ir izgatavots no augstas kvalit\u0101tes \u010duguna vai iztur\u012bgiem sakaus\u0113jumiem, un tas kalpo k\u0101 galvenais iek\u0161\u0113jo komponentu aizsargapvalks.<\/li>\n<li>Funkcija: Nodro\u0161ina struktur\u0101lu atbalstu un aizsardz\u012bbu pret \u0101r\u0113ju nodilumu, vienlaikus nodro\u0161inot pareizu iek\u0161\u0113jo zobratu izl\u012bdzin\u0101\u0161anu.<\/li>\n<\/ul>\n<p><strong>2. P\u0101rnesumi:<\/strong><\/p>\n<ul>\n<li>Spir\u0101lveida zobrati: Spir\u0101lveida zobrati, ko parasti izmanto to efektivit\u0101tes un klus\u0101kas darb\u012bbas d\u0113\u013c, nodro\u0161ina vienm\u0113r\u012bg\u0101kas p\u0101rejas starp zobiem, samazinot troksni un uzlabojot p\u0101rnesumk\u0101rbas kop\u0113jo veiktsp\u0113ju.<\/li>\n<li>Koniskie zobrati: Da\u017eos dizainos koniskie zobrati tiek izmantoti, lai main\u012btu jaudas pl\u016bsmas virzienu, un tie \u013cauj p\u0101rnesumk\u0101rbai darboties le\u0146\u0137\u012b, nodro\u0161inot daudzpus\u012bgu pielietojumu.<\/li>\n<li>Materi\u0101ls: Zobrati bie\u017ei tiek izgatavoti no r\u016bd\u012bta t\u0113rauda vai citiem iztur\u012bgiem materi\u0101liem, lai iztur\u0113tu lielo griezes momentu un meh\u0101nisk\u0101s slodzes, kas rodas darb\u012bbas laik\u0101.<\/li>\n<\/ul>\n<p><strong>3. V\u0101rpstas:<\/strong><\/p>\n<ul>\n<li>Ieejas un izejas v\u0101rpstas: \u0160\u012bs v\u0101rpstas ir galven\u0101 meh\u0101nisk\u0101 saikne starp motoru, p\u0101rnesumk\u0101rbu un graudu transport\u0113\u0161anas sist\u0113mu.<\/li>\n<li>Materi\u0101ls: R\u016bd\u012bta t\u0113rauda v\u0101rpstas nodro\u0161ina iztur\u012bbu un ilgm\u016b\u017e\u012bbu lielas slodzes apst\u0101k\u013cos.<\/li>\n<\/ul>\n<p><strong>4. Gult\u0146i:<\/strong><\/p>\n<ul>\n<li>Rull\u012b\u0161u vai lod\u012b\u0161u gult\u0146i: Gult\u0146i samazina berzi starp rot\u0113jo\u0161\u0101m deta\u013c\u0101m, nodro\u0161inot vienm\u0113r\u012bgu darb\u012bbu un samazinot nodilumu.<\/li>\n<li>Funkcija: Gult\u0146i atbalsta rot\u0113jo\u0161\u0101s deta\u013cas, \u013caujot zobratiem un v\u0101rpst\u0101m br\u012bvi un efekt\u012bvi griezties, vienlaikus saglab\u0101jot pareizu izl\u012bdzin\u0101jumu.<\/li>\n<\/ul>\n<p><strong>5. Bl\u012bves un bl\u012bves:<\/strong><\/p>\n<ul>\n<li>Funkcija: Nov\u0113r\u0161 sm\u0113rvielas nopl\u016bdi un aizsarg\u0101 iek\u0161\u0113j\u0101s deta\u013cas no pies\u0101r\u0146ot\u0101jiem, piem\u0113ram, putek\u013ciem, net\u012brumiem un mitruma. Bl\u012bv\u0113jumi pal\u012bdz uztur\u0113t p\u0101rnesumk\u0101rbas efektivit\u0101ti un nov\u0113r\u0161 priek\u0161laic\u012bgu nodilumu.<\/li>\n<\/ul>\n<p>Apvienojot \u0161\u012bs sast\u0101vda\u013cas, FMP-1002 graudu transport\u0113\u0161anas \u0101trumk\u0101rba nodro\u0161ina uzticamu un efekt\u012bvu jaudas p\u0101rvadi graudu transport\u0113\u0161anas sist\u0113m\u0101m, garant\u0113jot vienm\u0113r\u012bgu un vienm\u0113r\u012bgu darb\u012bbu pat pie liel\u0101m slodz\u0113m.<\/p>\n<h2><img loading=\"lazy\" decoding=\"async\" class=\"alignnone size-full wp-image-3120\" src=\"https:\/\/fmp-components.com\/wp-content\/uploads\/2025\/01\/Grain-Transportation-Gearbox-3.webp\" alt=\"Graudu p\u0101rvad\u0101\u0161ana-\u0101trumk\u0101rba-3\" width=\"1534\" height=\"1286\" title=\"\" srcset=\"https:\/\/fmp-components.com\/wp-content\/uploads\/2025\/01\/Grain-Transportation-Gearbox-3.webp 1534w, https:\/\/fmp-components.com\/wp-content\/uploads\/2025\/01\/Grain-Transportation-Gearbox-3-1280x1073.webp 1280w, https:\/\/fmp-components.com\/wp-content\/uploads\/2025\/01\/Grain-Transportation-Gearbox-3-980x822.webp 980w, https:\/\/fmp-components.com\/wp-content\/uploads\/2025\/01\/Grain-Transportation-Gearbox-3-480x402.webp 480w\" sizes=\"(min-width: 0px) and (max-width: 480px) 480px, (min-width: 481px) and (max-width: 980px) 980px, (min-width: 981px) and (max-width: 1280px) 1280px, (min-width: 1281px) 1534px, 100vw\" \/>\u00a0Graudu transport\u0113\u0161anas p\u0101rnesumk\u0101rbas FMP-1002 pielietojums<\/h2>\n<p>Graudu transport\u0113\u0161anas p\u0101rnesumk\u0101rba FMP-1002 ir izstr\u0101d\u0101ta optim\u0101lai veiktsp\u0113jai da\u017e\u0101dos lauksaimniec\u012bbas un r\u016bpniec\u012bbas pielietojumos, kuros tiek transport\u0113ti graudi un citi beramkravu materi\u0101li. T\u0101s uzticam\u0101 jaudas p\u0101rvade un iztur\u012bba padara to ide\u0101li piem\u0113rotu \u0161\u0101diem galvenajiem pielietojumiem:<\/p>\n<p><strong>1. Graudu elevatori<\/strong><\/p>\n<ul>\n<li>Pielietojums: Izmanto graudu elevatoros graudu pacel\u0161anai un p\u0101rvieto\u0161anai no viena l\u012bme\u0146a uz citu.<\/li>\n<li>Loma: P\u0101rnesumk\u0101rba p\u0101rnes jaudu no motora uz elevatora konveijeru sist\u0113mu, nodro\u0161inot graudu vertik\u0101lu transport\u0113\u0161anu uzglab\u0101\u0161anas vai p\u0101rstr\u0101des telp\u0101s.<\/li>\n<\/ul>\n<p><strong>2. Konveijeru sist\u0113mas<\/strong><\/p>\n<ul>\n<li>Lietojums: Graudu transport\u0113\u0161anas p\u0101rnesumk\u0101rbas ir b\u016btiskas konveijeru sist\u0113m\u0101s, kuras parasti izmanto graudu p\u0101rvieto\u0161anai da\u017e\u0101dos att\u0101lumos p\u0101rstr\u0101des r\u016bpn\u012bc\u0101s, tvertn\u0113s vai uzglab\u0101\u0161anas zon\u0101s.<\/li>\n<li>Loma: P\u0101rnesumk\u0101rba darbina konveijera lenti, nodro\u0161inot vienm\u0113r\u012bgu un vienm\u0113r\u012bgu graudu kust\u012bbu da\u017e\u0101dos att\u0101lumos un da\u017e\u0101dos apstr\u0101des posmos.<\/li>\n<\/ul>\n<p><strong>3. Glieme\u017ev\u0101ki un skr\u016bvju konveijeri<\/strong><\/p>\n<ul>\n<li>Pielietojums: Izmanto glieme\u017etransportieros un skr\u016bvkonveijeros, lai efekt\u012bvi p\u0101rvietotu graudus un citus beramkravu materi\u0101lus lauksaimniec\u012bbas un r\u016bpniec\u012bbas vid\u0113.<\/li>\n<li>Loma: P\u0101rnesumk\u0101rba darbina skr\u016bves meh\u0101nismu, \u013caujot transport\u0113t graudus no viena konteinera uz citu vai starp da\u017e\u0101diem p\u0101rstr\u0101des l\u012bnijas posmiem.<\/li>\n<\/ul>\n<p><strong>4. Graudu nov\u0101k\u0161anas apr\u012bkojums<\/strong><\/p>\n<ul>\n<li>Lietojums: Integr\u0113ta kombainos un cit\u0101s graudu nov\u0101k\u0161anas ma\u0161\u012bn\u0101s, p\u0101rnesumk\u0101rba atvieglo nov\u0101kto graudu p\u0101rvieto\u0161anu no sav\u0101k\u0161anas zonas uz uzglab\u0101\u0161anas nodal\u012bjumu vai tvertni.<\/li>\n<li>Loma: P\u0101rnesumk\u0101rba pal\u012bdz darbin\u0101t konveijerus, glieme\u017etransportierus vai citus graudu transport\u0113\u0161anas komponentus kombain\u0101, nodro\u0161inot \u0101tru un efekt\u012bvu graudu izkrau\u0161anu.<\/li>\n<\/ul>\n<p><strong>5. Graudu uzglab\u0101\u0161anas sist\u0113mas<\/strong><\/p>\n<ul>\n<li>Pielietojums: Izmanto graudu uzglab\u0101\u0161anas sist\u0113m\u0101s, \u012bpa\u0161i graudu transport\u0113\u0161anai uz tvertn\u0113m vai uzglab\u0101\u0161anas tvertn\u0113m.<\/li>\n<li>Loma: P\u0101rnesumk\u0101rba darbina konveijerus vai glieme\u017etransportieru sist\u0113mas, nodro\u0161inot vienm\u0113r\u012bgu graudu p\u0101rvieto\u0161anu un uzglab\u0101\u0161anu objekt\u0101.<\/li>\n<\/ul>\n<p>FMP-1002 graudu transport\u0113\u0161anas \u0101trumk\u0101rba ir daudzpus\u012bga un efekt\u012bva sast\u0101vda\u013ca, ko pla\u0161i izmanto vis\u0101 lauksaimniec\u012bbas nozar\u0113, nodro\u0161inot vienm\u0113r\u012bgu, konsekventu un uzticamu graudu un beramkravu transport\u0113\u0161anu da\u017e\u0101d\u0101s sist\u0113m\u0101s.<\/p>\n<p><img loading=\"lazy\" decoding=\"async\" class=\"alignnone size-full wp-image-3096\" src=\"https:\/\/fmp-components.com\/wp-content\/uploads\/2025\/01\/Grain-Storage-Gearbox-28.webp\" alt=\"Graudu uzglab\u0101\u0161anas p\u0101rnesumk\u0101rba\" width=\"1200\" height=\"950\" title=\"\" srcset=\"https:\/\/fmp-components.com\/wp-content\/uploads\/2025\/01\/Grain-Storage-Gearbox-28.webp 1200w, https:\/\/fmp-components.com\/wp-content\/uploads\/2025\/01\/Grain-Storage-Gearbox-28-980x776.webp 980w, https:\/\/fmp-components.com\/wp-content\/uploads\/2025\/01\/Grain-Storage-Gearbox-28-480x380.webp 480w\" sizes=\"(min-width: 0px) and (max-width: 480px) 480px, (min-width: 481px) and (max-width: 980px) 980px, (min-width: 981px) 1200px, 100vw\" \/><\/p>\n<h3>Par FMP<\/h3>\n<p>FMP galven\u0101 m\u012btne atrodas It\u0101lij\u0101, un tas ir iev\u0113rojams ra\u017eot\u0101js, kas atz\u012bts par savu pieredzi augstas veiktsp\u0113jas p\u0101rnesumk\u0101rbu projekt\u0113\u0161an\u0101, izstr\u0101d\u0113 un ra\u017eo\u0161an\u0101, galvenok\u0101rt koncentr\u0113joties uz lauksaimniec\u012bbas tehnikas sektoru. FMP, kas ir paz\u012bstams ar savu prec\u012bzo in\u017eenieriju, inovat\u012bvajiem risin\u0101jumiem un past\u0101v\u012bgo uzticam\u012bbu, ir izveidojis sp\u0113c\u012bgu reput\u0101ciju k\u0101 uzticams partneris gan lauksaimniec\u012bbas, gan r\u016bpniec\u012bbas tirgos. M\u016bsu daudzveid\u012bgaj\u0101 portfel\u012b ietilpst z\u0101les p\u013c\u0101v\u0113jiem paredz\u0113tas p\u0101rnesumk\u0101rbas, j\u016bgv\u0101rpstas un pla\u0161s citu svar\u012bgu komponentu kl\u0101sts, katrs no tiem ir r\u016bp\u012bgi izstr\u0101d\u0101ts, lai atbilstu da\u017e\u0101du pielietojumu \u012bpa\u0161aj\u0101m pras\u012bb\u0101m.<\/p>\n<p>Uz\u0146\u0113mum\u0101 FMP m\u0113s apzin\u0101mies, ka katrs klients saskaras ar unik\u0101liem izaicin\u0101jumiem. \u0160\u012b izpratne ir pamat\u0101 m\u016bsu ap\u0146em\u0161an\u0101s sniegt piel\u0101gotus risin\u0101jumus gan atsevi\u0161\u0137iem komponentiem, gan piln\u012bb\u0101 integr\u0113t\u0101m sist\u0113m\u0101m. Cie\u0161i sadarbojoties ar klientiem, m\u0113s nodro\u0161in\u0101m, ka katrs risin\u0101jums ne tikai atbilst vi\u0146u \u012bpa\u0161aj\u0101m vajadz\u012bb\u0101m, bet ar\u012b optimiz\u0113 veiktsp\u0113ju un palielina v\u0113rt\u012bbu. M\u016bsu ap\u0146em\u0161an\u0101s sniegt savlaic\u012bgas, profesion\u0101las atbildes un ekspertu nor\u0101d\u012bjumus nodro\u0161ina, ka katrs piepras\u012bjums tiek apstr\u0101d\u0101ts prec\u012bzi, konsekventi nodro\u0161inot optim\u0101lus rezult\u0101tus.<\/p>\n<p>M\u0113s uzsveram p\u0101rredzamu un nep\u0101rtrauktu komunik\u0101ciju vis\u0101 produktu izstr\u0101des cikl\u0101. M\u016bsu \u012bpa\u0161i izveidot\u0101 komanda cie\u0161i sadarbojas ar klientiem, lai piln\u012bb\u0101 izprastu vi\u0146u pras\u012bbas un sniegtu v\u0113rt\u012bgu ieskatu un ieteikumus lab\u0101ko rezult\u0101tu sasnieg\u0161anai. Neatkar\u012bgi no t\u0101, vai tiek izstr\u0101d\u0101ti vismodern\u0101kie produkti vai izpild\u012bti ikdienas pas\u016bt\u012bjumi, FMP ir ap\u0146\u0113mies vienm\u0113r savlaic\u012bgi pieg\u0101d\u0101t augstas kvalit\u0101tes, prec\u012bzi izstr\u0101d\u0101tus risin\u0101jumus. M\u016bsu m\u0113r\u0137is ir p\u0101rsniegt klientu cer\u012bbas, nodro\u0161inot izcilu servisu un rezult\u0101tus katr\u0101 projekt\u0101.<\/p>\n<p>FMP darb\u012bbas pamat\u0101 ir nelok\u0101ma ap\u0146em\u0161an\u0101s nodro\u0161in\u0101t kvalit\u0101ti. M\u0113s iev\u0113rojam augst\u0101kos ra\u017eo\u0161anas standartus un ievie\u0161am stingras kvalit\u0101tes kontroles procesus, lai nodro\u0161in\u0101tu, ka katrs produkts ne tikai atbilst, bet ar\u012b p\u0101rsniedz nozares standartus. \u0160\u012b nelok\u0101m\u0101 koncentr\u0113\u0161an\u0101s uz izcil\u012bbu apvienojum\u0101 ar m\u016bsu pamatv\u0113rt\u012bb\u0101m \u2013 godpr\u0101t\u012bbu, komandas darbu un neatlaid\u012bbu \u2013 ir \u013c\u0101vusi mums veidot ilgsto\u0161as, uz uztic\u012bbu balst\u012btas attiec\u012bbas ar klientiem gandr\u012bz 30 valst\u012bs vis\u0101 pasaul\u0113.<\/p>\n<p>FMP m\u0113s vienm\u0113r v\u0113lamies veicin\u0101t glob\u0101las partner\u012bbas, pied\u0101v\u0101jot ekspertu padomus un piel\u0101gotus risin\u0101jumus, kas atbilst m\u016bsu klientu nep\u0101rtraukti main\u012bgaj\u0101m vajadz\u012bb\u0101m. M\u0113s cen\u0161amies veidot ilgtermi\u0146a, abpus\u0113ji izdev\u012bgas attiec\u012bbas, kas veicina katra projekta pan\u0101kumus. Neatkar\u012bgi no t\u0101, vai mekl\u0113jat inovat\u012bvus risin\u0101jumus jaunai iniciat\u012bvai vai past\u0101v\u012bgu atbalstu eso\u0161ai sist\u0113mai, FMP ir gatavs pal\u012bdz\u0113t jums p\u0101rvar\u0113t tehniskas probl\u0113mas un nodro\u0161in\u0101t j\u016bsu turpm\u0101kos pan\u0101kumus.<\/p>\n<p><img loading=\"lazy\" decoding=\"async\" class=\"alignnone wp-image-2695\" src=\"https:\/\/fmp-components.com\/wp-content\/uploads\/2025\/01\/agricultural-gearbox3.webp\" alt=\"lauksaimniec\u012bbas p\u0101rnesumk\u0101rba\" width=\"1140\" height=\"1138\" title=\"\" srcset=\"https:\/\/fmp-components.com\/wp-content\/uploads\/2025\/01\/agricultural-gearbox3.webp 1140w, https:\/\/fmp-components.com\/wp-content\/uploads\/2025\/01\/agricultural-gearbox3-480x479.webp 480w\" sizes=\"(min-width: 0px) and (max-width: 480px) 480px, (min-width: 481px) 1140px, 100vw\" \/><\/p>\n<p>Autors: CX<\/p>\n<p>&nbsp;<\/p>\n<p>&nbsp;<\/p>","protected":false},"excerpt":{"rendered":"<p>Grain Transportation Gearbox FMP-1002 Specifications Product Name Grain transportation gearbox Model EP-1002 Color Customization Material HT250 for housing, 20CrMnTi for gear shaft. Used Grain transportation Key Components of Grain Transportation Gearbox FMP-1002 The Grain Transportation Gearbox FMP-1002 is designed to provide optimal performance for grain transportation systems, such as conveyors and augers. Key components of [&hellip;]<\/p>","protected":false},"featured_media":3121,"comment_status":"open","ping_status":"closed","template":"","meta":{"_et_pb_use_builder":"","_et_pb_old_content":"","_et_gb_content_width":""},"product_brand":[],"product_cat":[74],"product_tag":[],"class_list":{"0":"post-3119","1":"product","2":"type-product","3":"status-publish","4":"has-post-thumbnail","6":"product_cat-grain-transportation-gearbox","8":"first","9":"instock","10":"shipping-taxable","11":"product-type-simple"},"_links":{"self":[{"href":"https:\/\/fmp-components.com\/lv\/wp-json\/wp\/v2\/product\/3119","targetHints":{"allow":["GET"]}}],"collection":[{"href":"https:\/\/fmp-components.com\/lv\/wp-json\/wp\/v2\/product"}],"about":[{"href":"https:\/\/fmp-components.com\/lv\/wp-json\/wp\/v2\/types\/product"}],"replies":[{"embeddable":true,"href":"https:\/\/fmp-components.com\/lv\/wp-json\/wp\/v2\/comments?post=3119"}],"wp:featuredmedia":[{"embeddable":true,"href":"https:\/\/fmp-components.com\/lv\/wp-json\/wp\/v2\/media\/3121"}],"wp:attachment":[{"href":"https:\/\/fmp-components.com\/lv\/wp-json\/wp\/v2\/media?parent=3119"}],"wp:term":[{"taxonomy":"product_brand","embeddable":true,"href":"https:\/\/fmp-components.com\/lv\/wp-json\/wp\/v2\/product_brand?post=3119"},{"taxonomy":"product_cat","embeddable":true,"href":"https:\/\/fmp-components.com\/lv\/wp-json\/wp\/v2\/product_cat?post=3119"},{"taxonomy":"product_tag","embeddable":true,"href":"https:\/\/fmp-components.com\/lv\/wp-json\/wp\/v2\/product_tag?post=3119"}],"curies":[{"name":"wp","href":"https:\/\/api.w.org\/{rel}","templated":true}]}}