{"id":3115,"date":"2025-01-05T02:03:05","date_gmt":"2025-01-05T02:03:05","guid":{"rendered":"https:\/\/fmp-components.com\/?page_id=8"},"modified":"2025-01-05T02:03:05","modified_gmt":"2025-01-05T02:03:05","slug":"grain-transportation-gearbox-fmp-2168-for-agricultural-grain-transportation","status":"publish","type":"product","link":"https:\/\/fmp-components.com\/lv\/product\/grain-transportation-gearbox-fmp-2168-for-agricultural-grain-transportation\/","title":{"rendered":"Graudu p\u0101rvad\u0101\u0161anas \u0101trumk\u0101rba FMP-2168 lauksaimniec\u012bbas graudu p\u0101rvad\u0101\u0161anai"},"content":{"rendered":"<h2>Graudu transport\u0113\u0161anas p\u0101rnesumk\u0101rba FMP-2168 Izm\u0113rs<\/h2>\n<p><img loading=\"lazy\" decoding=\"async\" class=\"alignnone size-full wp-image-3117\" src=\"https:\/\/fmp-components.com\/wp-content\/uploads\/2025\/01\/Grain-Transportation-Gearbox-EP-2168-Dimension.webp\" alt=\"Graudu p\u0101rvad\u0101\u0161anas p\u0101rnesumk\u0101rba EP-2168-izm\u0113rs\" width=\"1031\" height=\"706\" title=\"\" srcset=\"https:\/\/fmp-components.com\/wp-content\/uploads\/2025\/01\/Grain-Transportation-Gearbox-EP-2168-Dimension.webp 1031w, https:\/\/fmp-components.com\/wp-content\/uploads\/2025\/01\/Grain-Transportation-Gearbox-EP-2168-Dimension-980x671.webp 980w, https:\/\/fmp-components.com\/wp-content\/uploads\/2025\/01\/Grain-Transportation-Gearbox-EP-2168-Dimension-480x329.webp 480w\" sizes=\"(min-width: 0px) and (max-width: 480px) 480px, (min-width: 481px) and (max-width: 980px) 980px, (min-width: 981px) 1031px, 100vw\" \/><\/p>\n<h2>Graudu transport\u0113\u0161anas p\u0101rnesumk\u0101rbas FMP-2168 specifik\u0101cijas<\/h2>\n<table style=\"width: 96.0108%; height: 218px;\" border=\"1\" cellspacing=\"0\" cellpadding=\"0\">\n<tbody>\n<tr class=\"firstRow\">\n<td>Produkta nosaukums<\/td>\n<td>Graudu transport\u0113\u0161anas p\u0101rnesumk\u0101rba<\/td>\n<\/tr>\n<tr>\n<td>Materi\u0101ls<\/td>\n<td>Korpusam HT250, zobrata v\u0101rpstai 40CrMnTi.<\/td>\n<\/tr>\n<tr>\n<td>Kr\u0101sa<\/td>\n<td>Piel\u0101gots<\/td>\n<\/tr>\n<tr>\n<td>Attiec\u012bba<\/td>\n<td>1:1<\/td>\n<\/tr>\n<tr>\n<td>\u0100truma jauda<\/td>\n<td>24 ZS<\/td>\n<\/tr>\n<tr>\n<td>Svars<\/td>\n<td>11,5\u00a0kg<\/td>\n<\/tr>\n<tr>\n<td>Lietots<\/td>\n<td>Graudu p\u0101rvad\u0101\u0161ana<\/td>\n<\/tr>\n<\/tbody>\n<\/table>\n<h2>Graudu transport\u0113\u0161anas p\u0101rnesumk\u0101rbas FMP-2168 izmanto\u0161anas priek\u0161roc\u012bbas<\/h2>\n<ol>\n<li><strong>Augsta griezes momenta jauda<\/strong><br \/>\nGraudu transport\u0113\u0161anas p\u0101rnesumk\u0101rba FMP-2168 ir paredz\u0113ta lielu griezes momentu slod\u017eu apstr\u0101dei, padarot to ide\u0101li piem\u0113rotu graudu transport\u0113\u0161anas sist\u0113m\u0101m, kur\u0101m nepiecie\u0161ama uzticama un efekt\u012bva jaudas p\u0101rne\u0161ana. T\u0101 var viegli tikt gal\u0101 ar smag\u0101m graudu krav\u0101m, nodro\u0161inot vienm\u0113r\u012bgu darb\u012bbu pat sare\u017e\u0123\u012btos apst\u0101k\u013cos.<\/li>\n<li><strong>Uzlabota efektivit\u0101te<\/strong><br \/>\nPateicoties uzlabotajai p\u0101rnesumu tehnolo\u0123ijai, FMP-2168 pied\u0101v\u0101 uzlabotu jaudas p\u0101rvades efektivit\u0101ti. Tas samazina ener\u0123ijas zudumus, nodro\u0161inot, ka liel\u0101ka ieejas jauda tiek efekt\u012bvi nodota graudu transport\u0113\u0161anas sist\u0113mai, t\u0101d\u0113j\u0101di samazinot ekspluat\u0101cijas izmaksas un uzlabojot sist\u0113mas kop\u0113jo veiktsp\u0113ju.<\/li>\n<li><strong>Iztur\u012bga konstrukcija<\/strong><br \/>\nFMP-2168 p\u0101rnesumk\u0101rba, kas izgatavota no iztur\u012bgiem materi\u0101liem un prec\u012bzi konstru\u0113t\u0101m deta\u013c\u0101m, ir \u013coti iztur\u012bga un sp\u0113j iztur\u0113t skarbos apst\u0101k\u013cus, kas rakstur\u012bgi graudu apstr\u0101dei un transport\u0113\u0161anai. T\u0101s iztur\u012bg\u0101 konstrukcija nodro\u0161ina ilgu kalpo\u0161anas laiku un samazina apkopes un remonta bie\u017eumu.<\/li>\n<li><strong>Kompakts dizains<\/strong><br \/>\nNeskatoties uz augsto griezes momenta jaudu, FMP-2168 ir kompakts un vietu taupo\u0161s dizains. Tas \u013cauj to viegli integr\u0113t da\u017e\u0101d\u0101s graudu transport\u0113\u0161anas sist\u0113m\u0101s, neaiz\u0146emot p\u0101rm\u0113r\u012bgu vietu vai nepalielinot tehnikas apjomu, padarot to par efekt\u012bvu risin\u0101jumu \u0161aur\u0101m telp\u0101m.<\/li>\n<li><strong>Daudzpus\u012bba<\/strong><br \/>\nFMP-2168 p\u0101rnesumk\u0101rba ir \u013coti daudzpus\u012bga un to var izmantot pla\u0161\u0101 graudu transport\u0113\u0161anas sist\u0113mu kl\u0101st\u0101, tostarp konveijera lent\u0113s, elevatoros, glieme\u017etransportieros un cit\u0101s materi\u0101lu apstr\u0101des iek\u0101rt\u0101s. T\u0101s piel\u0101gojam\u012bba padara to piem\u0113rotu da\u017e\u0101diem lauksaimniec\u012bbas lietojumiem, pied\u0101v\u0101jot elast\u012bbu sist\u0113mas projekt\u0113\u0161an\u0101.<\/li>\n<\/ol>\n<p>FMP-2168 graudu transport\u0113\u0161anas p\u0101rnesumk\u0101rba pied\u0101v\u0101 iztur\u012bgu, efekt\u012bvu un rentablu risin\u0101jumu graudu apstr\u0101des darbiem. Pateicoties augstajai griezes momenta jaudai, iztur\u012bbai, zem\u0101m apkopes pras\u012bb\u0101m un daudzpus\u012bbai, t\u0101 ir lieliska izv\u0113le graudu transport\u0113\u0161anas sist\u0113mu veiktsp\u0113jas un uzticam\u012bbas uzlabo\u0161anai. Neatkar\u012bgi no t\u0101, vai v\u0113laties uzlabot efektivit\u0101ti, samazin\u0101t d\u012bkst\u0101ves laiku vai pagarin\u0101t apr\u012bkojuma kalpo\u0161anas laiku, FMP-2168 p\u0101rnesumk\u0101rba sniedz iev\u0113rojamas priek\u0161roc\u012bbas jebkur\u0101 graudu apstr\u0101des oper\u0101cij\u0101.<\/p>\n<p><img loading=\"lazy\" decoding=\"async\" class=\"size-full wp-image-3116 aligncenter\" src=\"https:\/\/fmp-components.com\/wp-content\/uploads\/2025\/01\/Grain-Transportation-Gearbox-32-2.webp\" alt=\"Graudu p\u0101rvad\u0101\u0161anas p\u0101rnesumk\u0101rba-32 (2)\" width=\"800\" height=\"800\" title=\"\" srcset=\"https:\/\/fmp-components.com\/wp-content\/uploads\/2025\/01\/Grain-Transportation-Gearbox-32-2.webp 800w, https:\/\/fmp-components.com\/wp-content\/uploads\/2025\/01\/Grain-Transportation-Gearbox-32-2-480x480.webp 480w\" sizes=\"(min-width: 0px) and (max-width: 480px) 480px, (min-width: 481px) 800px, 100vw\" \/><\/p>\n<h2>Graudu transport\u0113\u0161anas p\u0101rnesumk\u0101rbas FMP-2168 pielietojums<\/h2>\n<p>Graudu transport\u0113\u0161anas p\u0101rnesumk\u0101rba FMP-2168 ir daudzpus\u012bga un iztur\u012bga deta\u013ca, ko izmanto da\u017e\u0101dos lauksaimniec\u012bbas un graudu apstr\u0101des darbos. T\u0101s sp\u0113ja efekt\u012bvi p\u0101rnest jaudu un iztur\u0113t lielas slodzes padara to piem\u0113rotu pla\u0161am tehnikas kl\u0101stam, kas iesaist\u012bts graudu transport\u0113\u0161an\u0101. T\u0101l\u0101k ir nor\u0101d\u012bti galvenie pielietojumi:<\/p>\n<p><strong>1. Graudu elevatori<\/strong><\/p>\n<p>FMP-2168 p\u0101rnesumk\u0101rba parasti tiek izmantota graudu elevatoros, kur t\u0101 darbina vertik\u0101los konveijerus, kas p\u0101rvieto graudus no zem\u0101kiem uz augst\u0101kiem l\u012bme\u0146iem. T\u0101s augst\u0101 griezes momenta jauda nodro\u0161ina, ka elevators var efekt\u012bvi apstr\u0101d\u0101t lielu graudu daudzumu ar minim\u0101lu nodilumu.<\/p>\n<p><strong>2. Konveijeru sist\u0113mas<\/strong><\/p>\n<p>Graudu uzglab\u0101\u0161anas un transport\u0113\u0161anas iek\u0101rt\u0101s izmantot\u0101s konveijera lentes jaudas p\u0101rvadei un lentes kust\u012bbas vad\u012b\u0161anai izmanto p\u0101rnesumk\u0101rbas, piem\u0113ram, FMP-2168. P\u0101rnesumk\u0101rba nodro\u0161ina vienm\u0113r\u012bgu, nep\u0101rtrauktu graudu pl\u016bsmu, nov\u0113r\u0161ot aizsprostojumus un sist\u0113mas d\u012bkst\u0101vi.<\/p>\n<p><strong>3. Urbji<\/strong><\/p>\n<p>Graudu tvert\u0146u un silosu iekrau\u0161anai vai izkrau\u0161anai izmantotajiem graudu glieme\u017etransportieriem ir nepiecie\u0161amas jaud\u012bgas p\u0101rnesumk\u0101rbas, lai efekt\u012bvi p\u0101rvietotu graudus caur spir\u0101lveida glieme\u017etransportieriem. FMP-2168 p\u0101rnesumk\u0101rbas iztur\u012bba un augstais griezes moments padara to ide\u0101li piem\u0113rotu \u0161im pielietojumam, nodro\u0161inot efekt\u012bvu graudu p\u0101rvieto\u0161anu un samazinot sist\u0113mas p\u0101rslodzes risku.<\/p>\n<p><strong>4. Graudu apstr\u0101des un \u0161\u0137iro\u0161anas sist\u0113mas<\/strong><\/p>\n<p>Graudu p\u0101rstr\u0101des iek\u0101rt\u0101s, kur graudi tiek \u0161\u0137iroti, att\u012br\u012bti un apstr\u0101d\u0101ti, FMP-2168 p\u0101rnesumk\u0101rbu var izmantot \u0161\u0137iro\u0161anas un t\u012br\u012b\u0161anas iek\u0101rtu piedzi\u0146as sist\u0113m\u0101s. T\u0101s efektivit\u0101te nodro\u0161ina vienm\u0113r\u012bgu darb\u012bbu, apstr\u0101d\u0101jot da\u017e\u0101da veida graudus un samazinot sist\u0113mas d\u012bkst\u0101ves laiku.<\/p>\n<p><strong>5. Graudu p\u0101rvad\u0101\u0161anas kravas automa\u0161\u012bnas (Auger Systems)<\/strong><\/p>\n<p>FMP-2168 ir ide\u0101li piem\u0113rots lieto\u0161anai glieme\u017etransportieros, kas uzst\u0101d\u012bti uz graudu p\u0101rvad\u0101\u0161anas kravas automa\u0161\u012bn\u0101m. \u0160\u012bs sist\u0113mas tiek izmantotas graudu iekrau\u0161anai un izkrau\u0161anai p\u0101rvad\u0101\u0161anas laik\u0101. P\u0101rnesumk\u0101rba nodro\u0161ina vienm\u0113r\u012bgu veiktsp\u0113ju pat main\u012bgos slodzes apst\u0101k\u013cos, padarot to par b\u016btisku uzticamai graudu p\u0101rvad\u0101\u0161anai ar kravas automa\u0161\u012bn\u0101m.<\/p>\n<p>FMP-2168 graudu transport\u0113\u0161anas p\u0101rnesumk\u0101rba ir daudzpus\u012bga un ide\u0101li piem\u0113rota pla\u0161am graudu apstr\u0101des pielietojumu kl\u0101stam. S\u0101kot ar graudu elevatoriem un konveijeriem l\u012bdz glieme\u017etransportieru sist\u0113m\u0101m un mobilaj\u0101m graudu iek\u0101rt\u0101m, \u0161\u012b p\u0101rnesumk\u0101rba nodro\u0161ina vienm\u0113r\u012bgu, uzticamu un efekt\u012bvu jaudas p\u0101rvadi lauksaimniec\u012bbas un graudu uzglab\u0101\u0161anas sist\u0113m\u0101s. T\u0101s robustums, ilgm\u016b\u017e\u012bba un piel\u0101gojam\u012bba padara to par b\u016btisku sast\u0101vda\u013cu jebkur\u0101 graudu transport\u0113\u0161anas vai apstr\u0101des sist\u0113m\u0101, nodro\u0161inot ilgtermi\u0146a darb\u012bbas efektivit\u0101ti un uzticam\u012bbu.<\/p>\n<p><img loading=\"lazy\" decoding=\"async\" class=\"alignnone size-full wp-image-3118\" src=\"https:\/\/fmp-components.com\/wp-content\/uploads\/2025\/01\/Grain-Transportation-Gearbox-28.webp\" alt=\"Graudu p\u0101rvad\u0101\u0161anas p\u0101rnesumk\u0101rba-28\" width=\"1060\" height=\"519\" title=\"\" srcset=\"https:\/\/fmp-components.com\/wp-content\/uploads\/2025\/01\/Grain-Transportation-Gearbox-28.webp 1060w, https:\/\/fmp-components.com\/wp-content\/uploads\/2025\/01\/Grain-Transportation-Gearbox-28-980x480.webp 980w, https:\/\/fmp-components.com\/wp-content\/uploads\/2025\/01\/Grain-Transportation-Gearbox-28-480x235.webp 480w\" sizes=\"(min-width: 0px) and (max-width: 480px) 480px, (min-width: 481px) and (max-width: 980px) 980px, (min-width: 981px) 1060px, 100vw\" \/><\/p>\n<h2>Par FMP<\/h2>\n<p>FMP galven\u0101 m\u012btne atrodas It\u0101lij\u0101, un tas ir vado\u0161ais ra\u017eot\u0101js ar izcilu reput\u0101ciju augstas veiktsp\u0113jas p\u0101rnesumk\u0101rbu projekt\u0113\u0161an\u0101, izstr\u0101d\u0113 un ra\u017eo\u0161an\u0101, \u012bpa\u0161i lauksaimniec\u012bbas tehnikas nozar\u0113. FMP, kas ir paz\u012bstams ar savu prec\u012bzo in\u017eenieriju, inovat\u012bvajiem risin\u0101jumiem un nep\u0101rsp\u0113jamo uzticam\u012bbu, ir k\u013cuvis par uzticamu partneri gan lauksaimniec\u012bbas, gan r\u016bpniec\u012bbas tirgos. M\u016bsu pla\u0161aj\u0101 produktu kl\u0101st\u0101 ietilpst z\u0101les p\u013c\u0101v\u0113jiem paredz\u0113tas p\u0101rnesumk\u0101rbas, j\u016bgv\u0101rpstas un pla\u0161s citu svar\u012bgu komponentu kl\u0101sts, katrs no tiem ir r\u016bp\u012bgi izstr\u0101d\u0101ts, lai atbilstu da\u017e\u0101du pielietojumu unik\u0101laj\u0101m pras\u012bb\u0101m.<\/p>\n<p>Uz\u0146\u0113mum\u0101 FMP m\u0113s apzin\u0101mies, ka katrs klients saskaras ar specifisk\u0101m probl\u0113m\u0101m. \u0160\u012b izpratne ir pamat\u0101 m\u016bsu ap\u0146em\u0161an\u0101s nodro\u0161in\u0101t piel\u0101gotus risin\u0101jumus gan atsevi\u0161\u0137iem komponentiem, gan piln\u012bb\u0101 integr\u0113t\u0101m sist\u0113m\u0101m. Cie\u0161i sadarbojoties ar klientiem, m\u0113s nodro\u0161in\u0101m, ka katrs risin\u0101jums ne tikai atbilst vi\u0146u prec\u012bzaj\u0101m vajadz\u012bb\u0101m, bet ar\u012b optimiz\u0113 veiktsp\u0113ju un palielina v\u0113rt\u012bbu. M\u016bsu ap\u0146em\u0161an\u0101s sniegt \u0101tras un profesion\u0101las atbildes un ekspertu nor\u0101d\u012bjumus nodro\u0161ina, ka katrs piepras\u012bjums tiek prec\u012bzi risin\u0101ts, t\u0101d\u0113j\u0101di sasniedzot vislab\u0101kos iesp\u0113jamos rezult\u0101tus.<\/p>\n<p>M\u0113s pie\u0161\u0137iram priorit\u0101ti skaidrai un nep\u0101rtrauktai komunik\u0101cijai vis\u0101 produktu izstr\u0101des cikl\u0101. M\u016bsu \u012bpa\u0161i izveidot\u0101 komanda cie\u0161i sadarbojas ar klientiem, lai ieg\u016btu dzi\u013cu izpratni par vi\u0146u pras\u012bb\u0101m un sniegtu v\u0113rt\u012bgas atzi\u0146as un ieteikumus optim\u0101lu rezult\u0101tu nodro\u0161in\u0101\u0161anai. Neatkar\u012bgi no t\u0101, vai m\u0113s projekt\u0113jam modernus produktus vai izpild\u0101m ikdienas pas\u016bt\u012bjumus, FMP vienm\u0113r nelok\u0101mi nodro\u0161ina augstas kvalit\u0101tes, prec\u012bzi izstr\u0101d\u0101tus risin\u0101jumus laik\u0101. M\u016bsu misija ir p\u0101rsniegt klientu cer\u012bbas, nodro\u0161inot izcilu servisu un rezult\u0101tus katr\u0101 projekt\u0101.<\/p>\n<p>Kvalit\u0101te ir FMP darb\u012bbas st\u016brakmens. M\u0113s iev\u0113rojam augst\u0101kos ra\u017eo\u0161anas standartus un ievie\u0161am stingras kvalit\u0101tes kontroles procesus, lai nodro\u0161in\u0101tu, ka katrs produkts ne tikai atbilst, bet bie\u017ei vien pat p\u0101rsniedz nozares standartus. \u0160\u012b nelok\u0101m\u0101 ap\u0146em\u0161an\u0101s sasniegt izcil\u012bbu, k\u0101 ar\u012b m\u016bsu pamatv\u0113rt\u012bbas \u2013 integrit\u0101te, komandas darbs un neatlaid\u012bba \u2013 ir \u013c\u0101vusi mums izveidot ilgtermi\u0146a, uz uztic\u012bbu balst\u012btas attiec\u012bbas ar klientiem gandr\u012bz 30 valst\u012bs vis\u0101 pasaul\u0113.<\/p>\n<p>FMP m\u0113s vienm\u0113r v\u0113lamies veicin\u0101t glob\u0101las partner\u012bbas, pied\u0101v\u0101jot ekspertu padomus un piel\u0101gotus risin\u0101jumus, kas atbilst m\u016bsu klientu main\u012bgaj\u0101m vajadz\u012bb\u0101m. M\u0113s cen\u0161amies veidot ilgtermi\u0146a, abpus\u0113ji izdev\u012bgas attiec\u012bbas, kas veicina katra projekta pan\u0101kumus. Neatkar\u012bgi no t\u0101, vai mekl\u0113jat inovat\u012bvus risin\u0101jumus jaunai iniciat\u012bvai vai nepiecie\u0161ams past\u0101v\u012bgs atbalsts eso\u0161ai sist\u0113mai, FMP ir gatavs pal\u012bdz\u0113t jums p\u0101rvar\u0113t tehniskas probl\u0113mas un nodro\u0161in\u0101t j\u016bsu turpm\u0101kus pan\u0101kumus.<\/p>\n<p><img loading=\"lazy\" decoding=\"async\" class=\"alignnone wp-image-2695\" src=\"https:\/\/fmp-components.com\/wp-content\/uploads\/2025\/01\/agricultural-gearbox3.webp\" alt=\"lauksaimniec\u012bbas p\u0101rnesumk\u0101rba\" width=\"1140\" height=\"1138\" title=\"\" srcset=\"https:\/\/fmp-components.com\/wp-content\/uploads\/2025\/01\/agricultural-gearbox3.webp 1140w, https:\/\/fmp-components.com\/wp-content\/uploads\/2025\/01\/agricultural-gearbox3-480x479.webp 480w\" sizes=\"(min-width: 0px) and (max-width: 480px) 480px, (min-width: 481px) 1140px, 100vw\" \/><\/p>\n<p>Autors: CX<\/p>","protected":false},"excerpt":{"rendered":"<p>Grain Transportation Gearbox FMP-2168 Dimension Grain Transportation Gearbox FMP-2168 Specifications Product Name Grain Transportation\u00a0gearbox Material HT250\u00a0for housing, 40CrMnTi for gear shaft. Color Customized Ratio 1:1 Rate power 24HP Weight 11.5KG Used Grain transportation Advantages of Using Grain Transportation Gearbox FMP-2168 High Torque Capacity The FMP-2168 grain transportation gearbox is designed to handle high torque loads, [&hellip;]<\/p>","protected":false},"featured_media":3116,"comment_status":"open","ping_status":"closed","template":"","meta":{"_et_pb_use_builder":"","_et_pb_old_content":"","_et_gb_content_width":""},"product_brand":[],"product_cat":[74],"product_tag":[],"class_list":{"0":"post-3115","1":"product","2":"type-product","3":"status-publish","4":"has-post-thumbnail","6":"product_cat-grain-transportation-gearbox","8":"first","9":"instock","10":"shipping-taxable","11":"product-type-simple"},"_links":{"self":[{"href":"https:\/\/fmp-components.com\/lv\/wp-json\/wp\/v2\/product\/3115","targetHints":{"allow":["GET"]}}],"collection":[{"href":"https:\/\/fmp-components.com\/lv\/wp-json\/wp\/v2\/product"}],"about":[{"href":"https:\/\/fmp-components.com\/lv\/wp-json\/wp\/v2\/types\/product"}],"replies":[{"embeddable":true,"href":"https:\/\/fmp-components.com\/lv\/wp-json\/wp\/v2\/comments?post=3115"}],"wp:featuredmedia":[{"embeddable":true,"href":"https:\/\/fmp-components.com\/lv\/wp-json\/wp\/v2\/media\/3116"}],"wp:attachment":[{"href":"https:\/\/fmp-components.com\/lv\/wp-json\/wp\/v2\/media?parent=3115"}],"wp:term":[{"taxonomy":"product_brand","embeddable":true,"href":"https:\/\/fmp-components.com\/lv\/wp-json\/wp\/v2\/product_brand?post=3115"},{"taxonomy":"product_cat","embeddable":true,"href":"https:\/\/fmp-components.com\/lv\/wp-json\/wp\/v2\/product_cat?post=3115"},{"taxonomy":"product_tag","embeddable":true,"href":"https:\/\/fmp-components.com\/lv\/wp-json\/wp\/v2\/product_tag?post=3115"}],"curies":[{"name":"wp","href":"https:\/\/api.w.org\/{rel}","templated":true}]}}