{"id":3107,"date":"2025-01-05T01:22:07","date_gmt":"2025-01-05T01:22:07","guid":{"rendered":"https:\/\/fmp-components.com\/?page_id=8"},"modified":"2025-01-05T01:22:08","modified_gmt":"2025-01-05T01:22:08","slug":"l-series-grain-storage-gearbox-fmp-1005-for-agricultural-grain-storage","status":"publish","type":"product","link":"https:\/\/fmp-components.com\/lv\/product\/l-series-grain-storage-gearbox-fmp-1005-for-agricultural-grain-storage\/","title":{"rendered":"L s\u0113rijas graudu uzglab\u0101\u0161anas p\u0101rnesumk\u0101rba FMP-1005 lauksaimniec\u012bbas graudu uzglab\u0101\u0161anai"},"content":{"rendered":"<h2>Graudu uzglab\u0101\u0161anas p\u0101rnesumk\u0101rbas FMP-1005 specifik\u0101cijas<\/h2>\n<table style=\"width: 98.7251%;\" border=\"1\" cellspacing=\"0\" cellpadding=\"0\">\n<tbody>\n<tr class=\"firstRow\">\n<td style=\"width: 24.7312%;\">Produkta nosaukums<\/td>\n<td style=\"width: 257.354%;\">Graudu uzglab\u0101\u0161anas p\u0101rnesumk\u0101rba<\/td>\n<\/tr>\n<tr>\n<td style=\"width: 24.7312%;\">Materi\u0101ls<\/td>\n<td style=\"width: 257.354%;\">Korpusam HT250, zobrata v\u0101rpstai 40CrMnTi.<\/td>\n<\/tr>\n<tr>\n<td style=\"width: 24.7312%;\">Kr\u0101sa<\/td>\n<td style=\"width: 257.354%;\">Piel\u0101go\u0161ana<\/td>\n<\/tr>\n<tr>\n<td style=\"width: 24.7312%;\">Pel\u0113juma Nr.<\/td>\n<td style=\"width: 257.354%;\">6.5<\/td>\n<\/tr>\n<tr>\n<td style=\"width: 24.7312%;\">Lietots<\/td>\n<td style=\"width: 257.354%;\">Graudu uzglab\u0101\u0161ana<\/td>\n<\/tr>\n<\/tbody>\n<\/table>\n<h2>Graudu uzglab\u0101\u0161anas p\u0101rnesumk\u0101rbas FMP-1005 izmanto\u0161anas priek\u0161roc\u012bbas<\/h2>\n<p>Graudu uzglab\u0101\u0161anas p\u0101rnesumk\u0101rba FMP-1005 pied\u0101v\u0101 vair\u0101kas priek\u0161roc\u012bbas, kas uzlabo t\u0101s funkcionalit\u0101ti, efektivit\u0101ti un uzticam\u012bbu lauksaimniec\u012bbas graudu uzglab\u0101\u0161anas sist\u0113m\u0101s. T\u0101l\u0101k ir nor\u0101d\u012btas galven\u0101s \u0161\u012bs p\u0101rnesumk\u0101rbas izmanto\u0161anas priek\u0161roc\u012bbas:<\/p>\n<p><strong>1. Uzlabota efektivit\u0101te<\/strong><\/p>\n<ul>\n<li>Jaudas p\u0101rvades optimiz\u0101cija: FMP-1005 p\u0101rnesumk\u0101rba ir izstr\u0101d\u0101ta, lai efekt\u012bvi p\u0101rvad\u012btu jaudu no motora uz graudu apstr\u0101des iek\u0101rt\u0101m. T\u0101 samazina ener\u0123ijas zudumus, nodro\u0161inot, ka iev\u0113rojama da\u013ca ieejas jaudas tiek efekt\u012bvi p\u0101rveidota izejas jaud\u0101. Tas nodro\u0161ina efekt\u012bv\u0101ku darb\u012bbu, samazinot ener\u0123ijas pat\u0113ri\u0146u un ekspluat\u0101cijas izmaksas.<\/li>\n<\/ul>\n<p><strong>2. Augsta griezes momenta jauda<\/strong><\/p>\n<ul>\n<li>Uzlabota slodzes apstr\u0101de: FMP-1005 p\u0101rnesumk\u0101rba ir izstr\u0101d\u0101ta, lai iztur\u0113tu lielu griezes momentu, padarot to piem\u0113rotu pras\u012bg\u0101m graudu uzglab\u0101\u0161anas vajadz\u012bb\u0101m, kur\u0101m nepiecie\u0161ams iev\u0113rojams sp\u0113ks graudu p\u0101rvieto\u0161anai vai apstr\u0101dei. T\u0101 var darbin\u0101t lieljaudas apr\u012bkojumu, piem\u0113ram, konveijerus, glieme\u017etransportierus un graudu elevatorus, nodro\u0161inot vienm\u0113r\u012bgu darb\u012bbu pie liel\u0101m slodz\u0113m.<\/li>\n<\/ul>\n<p><strong>3. Vienm\u0113r\u012bga un uzticama darb\u012bba<\/strong><\/p>\n<ul>\n<li>Samazin\u0101ta vibr\u0101cija un troksnis: Pateicoties prec\u012bzai in\u017eenierijai, FMP-1005 p\u0101rnesumk\u0101rba nodro\u0161ina vienm\u0113r\u012bgu darb\u012bbu ar minim\u0101lu vibr\u0101ciju. Tas ne tikai nodro\u0161ina stabil\u0101ku un vienm\u0113r\u012bg\u0101ku veiktsp\u0113ju, bet ar\u012b samazina trok\u0161\u0146a l\u012bmeni graudu uzglab\u0101\u0161anas zon\u0101, radot \u0113rt\u0101ku darba vidi.<\/li>\n<\/ul>\n<p><strong>4. Iztur\u012bba un ilgm\u016b\u017e\u012bba<\/strong><\/p>\n<ul>\n<li>Iztur\u012bga konstrukcija: P\u0101rnesumk\u0101rba ir izgatavota, izmantojot augstas kvalit\u0101tes materi\u0101lus, kas var iztur\u0113t lauksaimniec\u012bbas vides skarbos apst\u0101k\u013cus, piem\u0113ram, putek\u013cus, mitrumu un temperat\u016bras sv\u0101rst\u012bbas. T\u0101s iztur\u012bg\u0101 konstrukcija nodro\u0161ina ilgsto\u0161u veiktsp\u0113ju, samazinot nepiecie\u0161am\u012bbu p\u0113c bie\u017eas apkopes vai nomai\u0146as.<\/li>\n<\/ul>\n<p><strong>5. Minim\u0101la apkope<\/strong><\/p>\n<ul>\n<li>Ilgm\u016b\u017e\u012bgas deta\u013cas: Pateicoties augstas iztur\u012bbas zobratiem un labi izstr\u0101d\u0101tajai e\u013c\u013co\u0161anas sist\u0113mai, FMP-1005 p\u0101rnesumk\u0101rbai nepiecie\u0161ama ret\u0101ka apkope. Iek\u0161\u0113j\u0101s deta\u013cas ir aizsarg\u0101tas pret nodilumu, t\u0101d\u0113j\u0101di laika gait\u0101 samazinot d\u012bkst\u0101ves laiku un apkopes izmaksas.<\/li>\n<\/ul>\n<p>Graudu uzglab\u0101\u0161anas p\u0101rnesumk\u0101rba FMP-1005 nodro\u0161ina vair\u0101kas b\u016btiskas priek\u0161roc\u012bbas, tostarp uzlabotu darb\u012bbas efektivit\u0101ti, lielu griezes momenta jaudu, uzticam\u012bbu un iztur\u012bbu. T\u0101s vienm\u0113r\u012bg\u0101 darb\u012bba, minim\u0101l\u0101s apkopes pras\u012bbas un daudzpus\u012bba da\u017e\u0101dos pielietojumos padara to par b\u016btisku sast\u0101vda\u013cu graudu uzglab\u0101\u0161anas un apstr\u0101des sist\u0113mu optimiz\u0113\u0161anai. \u0160\u012b p\u0101rnesumk\u0101rba ne tikai nodro\u0161ina lab\u0101ku veiktsp\u0113ju, bet ar\u012b pal\u012bdz samazin\u0101t ekspluat\u0101cijas izmaksas un pagarin\u0101t lauksaimniec\u012bbas tehnikas kalpo\u0161anas laiku.<\/p>\n<p><img loading=\"lazy\" decoding=\"async\" class=\"alignnone size-full wp-image-3108\" src=\"https:\/\/fmp-components.com\/wp-content\/uploads\/2025\/01\/Grain-Transportation-Gearbox-29.webp\" alt=\"Graudu p\u0101rvad\u0101\u0161anas p\u0101rnesumk\u0101rba\" width=\"1060\" height=\"561\" title=\"\" srcset=\"https:\/\/fmp-components.com\/wp-content\/uploads\/2025\/01\/Grain-Transportation-Gearbox-29.webp 1060w, https:\/\/fmp-components.com\/wp-content\/uploads\/2025\/01\/Grain-Transportation-Gearbox-29-980x519.webp 980w, https:\/\/fmp-components.com\/wp-content\/uploads\/2025\/01\/Grain-Transportation-Gearbox-29-480x254.webp 480w\" sizes=\"(min-width: 0px) and (max-width: 480px) 480px, (min-width: 481px) and (max-width: 980px) 980px, (min-width: 981px) 1060px, 100vw\" \/><\/p>\n<h2>Graudu uzglab\u0101\u0161anas p\u0101rnesumk\u0101rbas FMP-1005 izmanto\u0161anas priek\u0161roc\u012bbas<\/h2>\n<p>Graudu uzglab\u0101\u0161anas p\u0101rnesumk\u0101rba FMP-1005 parasti tiek izmantota da\u017e\u0101dos lauksaimniec\u012bbas un r\u016bpniec\u012bbas pielietojumos, kas saist\u012bti ar graudu apstr\u0101di un uzglab\u0101\u0161anu. T\u0101l\u0101k ir nor\u0101d\u012bti da\u017ei no \u0161\u012bs p\u0101rnesumk\u0101rbas galvenajiem pielietojumiem:<\/p>\n<p><strong>1. Graudu konveijeri<\/strong><\/p>\n<ul>\n<li>Funkcija: FMP-1005 p\u0101rnesumk\u0101rba darbina graudu konveijerus, kas transport\u0113 graudus no vienas vietas uz citu noliktavas ietvaros. T\u0101 nodro\u0161ina vienm\u0113r\u012bgu un efekt\u012bvu graudu p\u0101rvieto\u0161anu lielos att\u0101lumos, samazinot kav\u0113\u0161anos un uzlabojot caurlaidsp\u0113ju.<\/li>\n<li>Priek\u0161roc\u012bbas: Pal\u012bdz apstr\u0101d\u0101t lielus graudu apjomus, nodro\u0161inot nemain\u012bgu \u0101trumu un griezes momentu nep\u0101rtrauktai darb\u012bbai.<\/li>\n<\/ul>\n<p><strong>2. Graudu elevatori<\/strong><\/p>\n<ul>\n<li>Funkcija: P\u0101rnesumk\u0101rbu izmanto graudu elevatoros, lai vertik\u0101li paceltu graudus no zem\u0101kiem l\u012bme\u0146iem uz augst\u0101kiem uzglab\u0101\u0161anas tvertn\u0113m vai bunkuriem. T\u0101s augst\u0101 griezes momenta jauda \u013cauj elevatora sist\u0113mai apstr\u0101d\u0101t smagas slodzes.<\/li>\n<li>Ieguvumi: Nodro\u0161ina uzticamu darb\u012bbu smagu kravu cel\u0161anas apst\u0101k\u013cos, samazinot d\u012bkst\u0101ves un iek\u0101rtu boj\u0101jumu risku.<\/li>\n<\/ul>\n<p><strong>3. Graudu apstr\u0101des urbji<\/strong><\/p>\n<ul>\n<li>Funkcija: FMP-1005 p\u0101rnesumk\u0101rbas parasti izmanto glieme\u017etransportieros, kurus izmanto graudu p\u0101rvieto\u0161anai uzglab\u0101\u0161anas tvertn\u0113s, silosos vai piekab\u0113s. Glieme\u017etransportieri ir svar\u012bgi graudu p\u0101rvieto\u0161anai no viena konteinera uz citu.<\/li>\n<li>Priek\u0161roc\u012bbas: Nodro\u0161ina vienm\u0113r\u012bgu, past\u0101v\u012bgu kust\u012bbu un jaudu glieme\u017etransportieram, garant\u0113jot efekt\u012bvu graudu p\u0101rnesi ar minim\u0101liem graudu boj\u0101jumiem.<\/li>\n<\/ul>\n<p><strong>4. Graudu \u0161\u0137iro\u0161anas un t\u012br\u012b\u0161anas iek\u0101rtas<\/strong><\/p>\n<ul>\n<li>Funkcija: P\u0101rnesumk\u0101rbu izmanto ma\u0161\u012bn\u0101s, kas \u0161\u0137iro un att\u012bra nov\u0101ktos graudus. \u0160\u012bs ma\u0161\u012bnas atdala graudus no graudiem un \u0161\u0137iro tos p\u0113c izm\u0113ra vai kvalit\u0101tes.<\/li>\n<li>Ieguvumi: Nodro\u0161ina past\u0101v\u012bgu un uzticamu jaudas p\u0101rvadi, kas ir b\u016btiska nep\u0101rtrauktai un vienm\u0113r\u012bgai \u0161\u0137iro\u0161anas un t\u012br\u012b\u0161anas procesu darb\u012bbai.<\/li>\n<\/ul>\n<p><strong>5. Graudu \u017e\u0101v\u0113t\u0101ji<\/strong><\/p>\n<ul>\n<li>Funkcija: P\u0101rnesumk\u0101rbu var atrast graudu \u017e\u0101v\u0113\u0161anas iek\u0101rt\u0101s, kur t\u0101 darbina t\u0101dus komponentus k\u0101 ventilatorus, konveijerus un glieme\u017etransportierus, kas cirkul\u0113 karstu gaisu caur graudiem, lai samazin\u0101tu mitruma saturu.<\/li>\n<li>Ieguvumi: Uzlabo \u017e\u0101v\u0113\u0161anas efektivit\u0101ti, nodro\u0161inot vienm\u0113r\u012bgu \u017e\u0101v\u0113\u0161anas sist\u0113mas darb\u012bbu, kas ir \u013coti svar\u012bgi graudu kvalit\u0101tes saglab\u0101\u0161anai.<\/li>\n<\/ul>\n<p>Graudu uzglab\u0101\u0161anas p\u0101rnesumk\u0101rba FMP-1005 ir daudzpus\u012bga sast\u0101vda\u013ca, ko izmanto da\u017e\u0101d\u0101s graudu apstr\u0101des un uzglab\u0101\u0161anas lietojumprogramm\u0101s. T\u0101s iztur\u012bg\u0101 konstrukcija un uzticam\u0101 veiktsp\u0113ja padara to ide\u0101li piem\u0113rotu konveijeru, glieme\u017etransportieru, elevatoru, t\u012br\u012b\u0161anas sist\u0113mu un citu kritiski svar\u012bgu ma\u0161\u012bnu, ko izmanto graudu apstr\u0101d\u0113, uzglab\u0101\u0161an\u0101 un transport\u0113\u0161an\u0101, darbin\u0101\u0161anai. T\u0101s piel\u0101gojam\u012bba nodro\u0161ina vienm\u0113r\u012bgu darb\u012bbu, samazina d\u012bkst\u0101ves laiku un palielina graudu apstr\u0101des sist\u0113mu efektivit\u0101ti gan liela m\u0113roga, gan maz\u0101ka m\u0113roga lauksaimniec\u012bbas vid\u0113.<\/p>\n<p><img loading=\"lazy\" decoding=\"async\" class=\"alignnone size-full wp-image-3096\" src=\"https:\/\/fmp-components.com\/wp-content\/uploads\/2025\/01\/Grain-Storage-Gearbox-28.webp\" alt=\"Graudu uzglab\u0101\u0161anas p\u0101rnesumk\u0101rba\" width=\"1200\" height=\"950\" title=\"\" srcset=\"https:\/\/fmp-components.com\/wp-content\/uploads\/2025\/01\/Grain-Storage-Gearbox-28.webp 1200w, https:\/\/fmp-components.com\/wp-content\/uploads\/2025\/01\/Grain-Storage-Gearbox-28-980x776.webp 980w, https:\/\/fmp-components.com\/wp-content\/uploads\/2025\/01\/Grain-Storage-Gearbox-28-480x380.webp 480w\" sizes=\"(min-width: 0px) and (max-width: 480px) 480px, (min-width: 481px) and (max-width: 980px) 980px, (min-width: 981px) 1200px, 100vw\" \/><\/p>\n<h2>Par FMP<\/h2>\n<p>FMP galven\u0101 m\u012btne atrodas It\u0101lij\u0101, un tas ir vado\u0161ais ra\u017eot\u0101js, kas paz\u012bstams ar savu pieredzi augstas veiktsp\u0113jas p\u0101rnesumk\u0101rbu projekt\u0113\u0161an\u0101, izstr\u0101d\u0113 un ra\u017eo\u0161an\u0101, galvenok\u0101rt koncentr\u0113joties uz lauksaimniec\u012bbas tehnikas sektoru. FMP, kas paz\u012bstams ar savu prec\u012bzo in\u017eenieriju, inovat\u012bvajiem risin\u0101jumiem un nelok\u0101mo uzticam\u012bbu, ir ieguvis uzticama partnera reput\u0101ciju gan lauksaimniec\u012bbas, gan r\u016bpniec\u012bbas tirgos. M\u016bsu visaptvero\u0161aj\u0101 kl\u0101st\u0101 ietilpst z\u0101les p\u013c\u0101v\u0113ju p\u0101rnesumk\u0101rbas, j\u016bgv\u0101rpstas un pla\u0161s b\u016btisku komponentu kl\u0101sts, kas visi ir r\u016bp\u012bgi izstr\u0101d\u0101ti, lai atbilstu da\u017e\u0101du pielietojumu \u012bpa\u0161aj\u0101m pras\u012bb\u0101m.<\/p>\n<p>Uz\u0146\u0113mum\u0101 FMP m\u0113s saprotam, ka katrs klients saskaras ar unik\u0101liem izaicin\u0101jumiem. T\u0101p\u0113c m\u0113s specializ\u0113jamies piel\u0101gotu risin\u0101jumu snieg\u0161an\u0101, neatkar\u012bgi no t\u0101, vai tie attiecas uz atsevi\u0161\u0137\u0101m komponent\u0113m vai piln\u012bb\u0101 integr\u0113t\u0101m sist\u0113m\u0101m. Cie\u0161i sadarbojoties ar m\u016bsu klientiem, m\u0113s nodro\u0161in\u0101m, ka katrs risin\u0101jums ne tikai atbilst vi\u0146u vajadz\u012bb\u0101m, bet ar\u012b optimiz\u0113 veiktsp\u0113ju un palielina v\u0113rt\u012bbu. M\u016bsu ap\u0146em\u0161an\u0101s sniegt \u0101tras un profesion\u0101las atbildes un ekspertu konsult\u0101cijas garant\u0113, ka katrs piepras\u012bjums tiek izskat\u012bts prec\u012bzi, nodro\u0161inot vislab\u0101kos rezult\u0101tus katru reizi.<\/p>\n<p>M\u0113s priorit\u0101ri r\u016bp\u0113jamies par skaidru un nep\u0101rtrauktu komunik\u0101ciju vis\u0101 produktu izstr\u0101des cikl\u0101. M\u016bsu \u012bpa\u0161i izveidot\u0101 komanda cie\u0161i sadarbojas ar klientiem, lai piln\u012bb\u0101 izprastu vi\u0146u pras\u012bbas un sniegtu v\u0113rt\u012bgas atzi\u0146as un ieteikumus optim\u0101lu rezult\u0101tu sasnieg\u0161anai. Neatkar\u012bgi no t\u0101, vai projekt\u0113jam modernus produktus vai izpild\u0101m ikdienas pas\u016bt\u012bjumus, FMP ir ap\u0146\u0113musies vienm\u0113r savlaic\u012bgi pieg\u0101d\u0101t augstas kvalit\u0101tes, prec\u012bzi izstr\u0101d\u0101tus risin\u0101jumus. M\u016bsu misija ir past\u0101v\u012bgi p\u0101rsniegt klientu cer\u012bbas, nodro\u0161inot izcilu servisu un rezult\u0101tus katr\u0101 projekt\u0101.<\/p>\n<p>Kvalit\u0101te ir FMP darb\u012bbas pamat\u0101. M\u0113s iev\u0113rojam augst\u0101kos ra\u017eo\u0161anas standartus un ievie\u0161am stingrus kvalit\u0101tes kontroles pas\u0101kumus, lai nodro\u0161in\u0101tu, ka katrs produkts atbilst un bie\u017ei vien p\u0101rsniedz nozares standartus. \u0160\u012b ap\u0146em\u0161an\u0101s sasniegt izcil\u012bbu, k\u0101 ar\u012b m\u016bsu pamatv\u0113rt\u012bbas \u2013 integrit\u0101te, komandas darbs un neatlaid\u012bba \u2013 ir \u013c\u0101vusi mums veidot ilgsto\u0161as, uz uztic\u012bbu balst\u012btas attiec\u012bbas ar klientiem gandr\u012bz 30 valst\u012bs vis\u0101 pasaul\u0113.<\/p>\n<p>FMP vienm\u0113r v\u0113las veidot glob\u0101las partner\u012bbas, pied\u0101v\u0101jot ekspertu padomus un piel\u0101gotus risin\u0101jumus, kas atbilst m\u016bsu klientu main\u012bgaj\u0101m vajadz\u012bb\u0101m. M\u0113s cen\u0161amies veidot ilgtermi\u0146a, abpus\u0113ji izdev\u012bgas attiec\u012bbas, kas veicina katra projekta pan\u0101kumus. Neatkar\u012bgi no t\u0101, vai jums ir nepiecie\u0161ami inovat\u012bvi risin\u0101jumi jaunai iniciat\u012bvai vai past\u0101v\u012bgs atbalsts eso\u0161ai sist\u0113mai, FMP ir gatavs pal\u012bdz\u0113t jums p\u0101rvar\u0113t tehniskas probl\u0113mas un nodro\u0161in\u0101t j\u016bsu turpm\u0101kos pan\u0101kumus.<\/p>\n<p><img loading=\"lazy\" decoding=\"async\" class=\"alignnone wp-image-2695\" src=\"https:\/\/fmp-components.com\/wp-content\/uploads\/2025\/01\/agricultural-gearbox3.webp\" alt=\"lauksaimniec\u012bbas p\u0101rnesumk\u0101rba\" width=\"1140\" height=\"1138\" title=\"\" srcset=\"https:\/\/fmp-components.com\/wp-content\/uploads\/2025\/01\/agricultural-gearbox3.webp 1140w, https:\/\/fmp-components.com\/wp-content\/uploads\/2025\/01\/agricultural-gearbox3-480x479.webp 480w\" sizes=\"(min-width: 0px) and (max-width: 480px) 480px, (min-width: 481px) 1140px, 100vw\" \/><\/p>\n<p>Autors: CX<\/p>","protected":false},"excerpt":{"rendered":"<p>Grain Storage Gearbox FMP-1005 Specifications Product Name Grain storage gearbox Material HT250 for housing, 40CrMnTi for gear shaft. Color Customization Mould No 6.5 Used Grain storage Benefits of Using Grain Storage Gearbox FMP-1005 The Grain Storage Gearbox FMP-1005 offers several benefits that enhance its functionality, efficiency, and reliability in agricultural grain storage systems. Below are [&hellip;]<\/p>","protected":false},"featured_media":3109,"comment_status":"open","ping_status":"closed","template":"","meta":{"_et_pb_use_builder":"","_et_pb_old_content":"","_et_gb_content_width":""},"product_brand":[],"product_cat":[73],"product_tag":[],"class_list":{"0":"post-3107","1":"product","2":"type-product","3":"status-publish","4":"has-post-thumbnail","6":"product_cat-grain-storage-gearbox","8":"first","9":"instock","10":"shipping-taxable","11":"product-type-simple"},"_links":{"self":[{"href":"https:\/\/fmp-components.com\/lv\/wp-json\/wp\/v2\/product\/3107","targetHints":{"allow":["GET"]}}],"collection":[{"href":"https:\/\/fmp-components.com\/lv\/wp-json\/wp\/v2\/product"}],"about":[{"href":"https:\/\/fmp-components.com\/lv\/wp-json\/wp\/v2\/types\/product"}],"replies":[{"embeddable":true,"href":"https:\/\/fmp-components.com\/lv\/wp-json\/wp\/v2\/comments?post=3107"}],"wp:featuredmedia":[{"embeddable":true,"href":"https:\/\/fmp-components.com\/lv\/wp-json\/wp\/v2\/media\/3109"}],"wp:attachment":[{"href":"https:\/\/fmp-components.com\/lv\/wp-json\/wp\/v2\/media?parent=3107"}],"wp:term":[{"taxonomy":"product_brand","embeddable":true,"href":"https:\/\/fmp-components.com\/lv\/wp-json\/wp\/v2\/product_brand?post=3107"},{"taxonomy":"product_cat","embeddable":true,"href":"https:\/\/fmp-components.com\/lv\/wp-json\/wp\/v2\/product_cat?post=3107"},{"taxonomy":"product_tag","embeddable":true,"href":"https:\/\/fmp-components.com\/lv\/wp-json\/wp\/v2\/product_tag?post=3107"}],"curies":[{"name":"wp","href":"https:\/\/api.w.org\/{rel}","templated":true}]}}