{"id":3094,"date":"2025-01-05T00:29:23","date_gmt":"2025-01-05T00:29:23","guid":{"rendered":"https:\/\/fmp-components.com\/?page_id=8"},"modified":"2025-01-05T00:53:33","modified_gmt":"2025-01-05T00:53:33","slug":"t-series-grain-storage-gearbox-fmp-4090-for-agricultural-grain-storage","status":"publish","type":"product","link":"https:\/\/fmp-components.com\/lv\/product\/t-series-grain-storage-gearbox-fmp-4090-for-agricultural-grain-storage\/","title":{"rendered":"T s\u0113rijas graudu uzglab\u0101\u0161anas p\u0101rnesumk\u0101rba FMP-4090 lauksaimniec\u012bbas graudu uzglab\u0101\u0161anai"},"content":{"rendered":"<h2>T s\u0113rijas graudu uzglab\u0101\u0161anas p\u0101rnesumk\u0101rbas FMP-4090 specifik\u0101cijas<\/h2>\n<table style=\"width: 97.8083%; height: 184px;\" border=\"1\" cellspacing=\"0\" cellpadding=\"0\">\n<tbody>\n<tr class=\"firstRow\">\n<td>Produkta nosaukums<\/td>\n<td>Graudu uzglab\u0101\u0161anas p\u0101rnesumk\u0101rba<\/td>\n<\/tr>\n<tr>\n<td>Materi\u0101ls<\/td>\n<td>Korpusam \u2014 A380, zobrata v\u0101rpstai \u2014 40CrMnTi.<\/td>\n<\/tr>\n<tr>\n<td>Kr\u0101sa<\/td>\n<td>Piel\u0101gots<\/td>\n<\/tr>\n<tr>\n<td>Attiec\u012bba<\/td>\n<td>1:35:1<\/td>\n<\/tr>\n<tr>\n<td>\u0100truma jauda<\/td>\n<td>45 ZS<\/td>\n<\/tr>\n<tr>\n<td>Svars<\/td>\n<td>13,2\u00a0kg<\/td>\n<\/tr>\n<tr>\n<td>Lietots<\/td>\n<td>Graudu uzglab\u0101\u0161ana<\/td>\n<\/tr>\n<\/tbody>\n<\/table>\n<h2>T s\u0113rijas graudu uzglab\u0101\u0161anas reduktora izmanto\u0161anas priek\u0161roc\u012bbas lauksaimniec\u012bb\u0101<\/h2>\n<p>T s\u0113rijas graudu uzglab\u0101\u0161anas p\u0101rnesumk\u0101rba pied\u0101v\u0101 daudzas priek\u0161roc\u012bbas lauksaimniec\u012bbas vajadz\u012bb\u0101m, \u012bpa\u0161i graudu uzglab\u0101\u0161anas sist\u0113m\u0101s. \u0160eit ir galven\u0101s \u0161\u012bs p\u0101rnesumk\u0101rbas izmanto\u0161anas priek\u0161roc\u012bbas:<\/p>\n<p><strong>1. Uzlabota iztur\u012bba un uzticam\u012bba<\/strong><\/p>\n<ul>\n<li>Ilgsto\u0161a veiktsp\u0113ja: T s\u0113rijas p\u0101rnesumk\u0101rbas ir izgatavotas no iztur\u012bgiem materi\u0101liem un prec\u012bzas in\u017eenierijas, nodro\u0161inot, ka t\u0101s iztur skarbos apst\u0101k\u013cus, kas rakstur\u012bgi lauksaimniec\u012bbas videi. \u0160\u012b iztur\u012bba samazina boj\u0101jumu skaitu un ilg\u0101ku kalpo\u0161anas laiku, samazinot apkopes izmaksas un d\u012bkst\u0101ves laiku.<\/li>\n<\/ul>\n<p><strong>2. Augsta efektivit\u0101te<\/strong><\/p>\n<ul>\n<li>Optimiz\u0113ta jaudas p\u0101rvade: P\u0101rnesumk\u0101rbas ir konstru\u0113tas, lai nodro\u0161in\u0101tu efekt\u012bvu jaudas p\u0101rvadi, garant\u0113jot visas graudu apstr\u0101des un uzglab\u0101\u0161anas sist\u0113mas nevainojamu darb\u012bbu. \u0160\u012b efektivit\u0101te pal\u012bdz samazin\u0101t ener\u0123ijas pat\u0113ri\u0146u, samazinot ekspluat\u0101cijas izmaksas, vienlaikus saglab\u0101jot optim\u0101lu veiktsp\u0113ju.<\/li>\n<\/ul>\n<p><strong>3. Piel\u0101go\u0161anas opcijas<\/strong><\/p>\n<ul>\n<li>Piel\u0101gots \u012bpa\u0161\u0101m vajadz\u012bb\u0101m: T s\u0113riju var piel\u0101got, lai t\u0101 atbilstu da\u017e\u0101du graudu uzglab\u0101\u0161anas lietojumprogrammu \u012bpa\u0161aj\u0101m pras\u012bb\u0101m. Neatkar\u012bgi no t\u0101, vai t\u0101 ir paredz\u0113ta maza m\u0113roga darb\u012bb\u0101m vai liel\u0101m uzglab\u0101\u0161anas iek\u0101rt\u0101m, \u0161o p\u0101rnesumk\u0101rbu var piel\u0101got da\u017e\u0101d\u0101m konfigur\u0101cij\u0101m un sist\u0113mu izm\u0113riem.<\/li>\n<\/ul>\n<p><strong>4. Vienm\u0113r\u012bga darb\u012bba<\/strong><\/p>\n<ul>\n<li>Trok\u0161\u0146a un vibr\u0101cijas samazin\u0101\u0161ana: T s\u0113rijas p\u0101rnesumk\u0101rbas uzlabotais dizains un konstrukcija samazina darb\u012bbas troksni un vibr\u0101cijas. Tas rada klus\u0101ku un stabil\u0101ku darba vidi, t\u0101d\u0113j\u0101di uzlabojot sist\u0113mas kop\u0113jo veiktsp\u0113ju.<\/li>\n<\/ul>\n<p><strong>5. Uzlabota graudu apstr\u0101de<\/strong><\/p>\n<ul>\n<li>Vienm\u0113r\u012bga darb\u012bba: Pateicoties uzticamai jaudas p\u0101rvadei un prec\u012bzai vad\u012bbai, T s\u0113rijas p\u0101rnesumk\u0101rba nodro\u0161ina vienm\u0113r\u012bgu un stabilu graudu apstr\u0101des iek\u0101rtu, piem\u0113ram, konveijeru un glieme\u017etransportieru, darb\u012bbu. Tas pal\u012bdz nov\u0113rst graudu boj\u0101jumus un nodro\u0161ina efekt\u012bvu uzglab\u0101\u0161anu.<\/li>\n<\/ul>\n<p>T s\u0113rijas graudu uzglab\u0101\u0161anas reduktora izmanto\u0161ana lauksaimniec\u012bbas lietojumprogramm\u0101s uzlabo efektivit\u0101ti, samazina ekspluat\u0101cijas izmaksas un pagarina iek\u0101rtu kalpo\u0161anas laiku, vienlaikus saglab\u0101jot augstu uzticam\u012bbu un zemas apkopes pras\u012bbas. \u0160\u012bs priek\u0161roc\u012bbas padara to par lielisku izv\u0113li jebkurai modernai graudu uzglab\u0101\u0161anas iek\u0101rtai, nodro\u0161inot vienm\u0113r\u012bg\u0101ku darb\u012bbu un liel\u0101ku ieguld\u012bjumu atdevi.<\/p>\n<table style=\"border-collapse: collapse; width: 102.065%; height: 354px;\" border=\"0\" width=\"128\" cellspacing=\"0\" cellpadding=\"0\">\n<tbody>\n<tr style=\"height: 13.8pt;\">\n<td style=\"height: 13.8pt; width: 48.318%;\" align=\"right\" width=\"64\" height=\"18\"><img loading=\"lazy\" decoding=\"async\" class=\"alignnone size-full wp-image-3099\" src=\"https:\/\/fmp-components.com\/wp-content\/uploads\/2025\/01\/T-Series-Grain-Storage-Gearbox-for-Agricultural-1.webp\" alt=\"Graudu uzglab\u0101\u0161anas p\u0101rnesumk\u0101rba\" width=\"1000\" height=\"623\" title=\"\" srcset=\"https:\/\/fmp-components.com\/wp-content\/uploads\/2025\/01\/T-Series-Grain-Storage-Gearbox-for-Agricultural-1.webp 1000w, https:\/\/fmp-components.com\/wp-content\/uploads\/2025\/01\/T-Series-Grain-Storage-Gearbox-for-Agricultural-1-980x611.webp 980w, https:\/\/fmp-components.com\/wp-content\/uploads\/2025\/01\/T-Series-Grain-Storage-Gearbox-for-Agricultural-1-480x299.webp 480w\" sizes=\"(min-width: 0px) and (max-width: 480px) 480px, (min-width: 481px) and (max-width: 980px) 980px, (min-width: 981px) 1000px, 100vw\" \/><\/td>\n<td style=\"width: 51.58%;\" align=\"right\" width=\"64\"><img loading=\"lazy\" decoding=\"async\" class=\"alignnone size-full wp-image-3101\" src=\"https:\/\/fmp-components.com\/wp-content\/uploads\/2025\/01\/Grain-Storage-Gearbox-21.webp\" alt=\"Graudu uzglab\u0101\u0161anas p\u0101rnesumk\u0101rba\" width=\"946\" height=\"551\" title=\"\" srcset=\"https:\/\/fmp-components.com\/wp-content\/uploads\/2025\/01\/Grain-Storage-Gearbox-21.webp 946w, https:\/\/fmp-components.com\/wp-content\/uploads\/2025\/01\/Grain-Storage-Gearbox-21-480x280.webp 480w\" sizes=\"(min-width: 0px) and (max-width: 480px) 480px, (min-width: 481px) 946px, 100vw\" \/><\/td>\n<\/tr>\n<\/tbody>\n<\/table>\n<h2>T s\u0113rijas graudu uzglab\u0101\u0161anas \u0101trumk\u0101rbas pielietojums lauksaimniec\u012bb\u0101<\/h2>\n<p>T s\u0113rijas graudu uzglab\u0101\u0161anas reduktors tiek pla\u0161i izmantots da\u017e\u0101dos lauksaimniec\u012bbas pielietojumos, \u012bpa\u0161i tajos, kas saist\u012bti ar graudu apstr\u0101di un uzglab\u0101\u0161anu. T\u0101 iztur\u012bg\u0101 konstrukcija un efektivit\u0101te padara to par b\u016btisku sast\u0101vda\u013cu daudz\u0101s lauksaimniec\u012bbas darb\u012bb\u0101s. \u0160eit ir da\u017ei no galvenajiem T s\u0113rijas graudu uzglab\u0101\u0161anas reduktora pielietojumiem:<\/p>\n<p><strong>1. Graudu transport\u0113\u0161anas sist\u0113mas<\/strong><\/p>\n<ul>\n<li>Loma: P\u0101rnesumk\u0101rba darbina konveijerus, kas transport\u0113 graudus no vienas vietas uz citu noliktavu ietvaros vai starp da\u017e\u0101diem apstr\u0101des posmiem.<\/li>\n<li>Pielietojums: T s\u0113rijas p\u0101rnesumk\u0101rba, ko izmanto kausu elevatoros, horizont\u0101lajos konveijeros un sl\u012bpajos konveijeros, nodro\u0161ina vienm\u0113r\u012bgu un efekt\u012bvu graudu kust\u012bbu, samazinot iestr\u0113gumu un kav\u0113jumu risku.<\/li>\n<\/ul>\n<p><strong>2. Graudu urbji<\/strong><\/p>\n<ul>\n<li>Loma: Glieme\u017etransportierus parasti izmanto graudu iekrau\u0161anai un izkrau\u0161anai no kravas automa\u0161\u012bn\u0101m vai silosiem. T s\u0113rijas p\u0101rnesumk\u0101rba darbina glieme\u017etransportiera sist\u0113mu, nodro\u0161inot uzticamu un nep\u0101rtrauktu graudu pl\u016bsmu.<\/li>\n<li>Pielietojums: P\u0101rnesumk\u0101rba nodro\u0161ina vienm\u0113r\u012bgu rot\u0101ciju un optim\u0101lu vad\u012bbu, nov\u0113r\u0161ot aizsprostojumus un samazinot glieme\u017etransportiera sist\u0113mas nodilumu, t\u0101d\u0113j\u0101di uzlabojot darb\u012bbas efektivit\u0101ti.<\/li>\n<\/ul>\n<p><strong>3. Graudu \u017e\u0101v\u0113\u0161anas sist\u0113mas<\/strong><\/p>\n<ul>\n<li>Loma: Graudu \u017e\u0101v\u0113t\u0101jos p\u0101rnesumk\u0101rba darbina rot\u0113jo\u0161o cilindru vai konveijeru sist\u0113mas, kas cirkul\u0113 graudus vienm\u0113r\u012bgai \u017e\u0101v\u0113\u0161anai.<\/li>\n<li>Pielietojums: Nodro\u0161inot nepiecie\u0161amo griezes momentu, T s\u0113rijas p\u0101rnesumk\u0101rba garant\u0113 efekt\u012bvu un lietder\u012bgu \u017e\u0101v\u0113\u0161anu, kas ir \u013coti svar\u012bgi graudu kvalit\u0101tes saglab\u0101\u0161anai un mitruma satura samazin\u0101\u0161anai.<\/li>\n<\/ul>\n<p><strong>4. Graudu uzglab\u0101\u0161anas silosu darb\u012bbas<\/strong><\/p>\n<ul>\n<li>Loma: T s\u0113rijas p\u0101rnesumk\u0101rba darbina da\u017e\u0101dus meh\u0101nismus graudu tvertn\u0113s, tostarp aer\u0101cijas sist\u0113mas, izkrau\u0161anas glieme\u017etransportierus un konveijerus.<\/li>\n<li>Pielietojums: Tas nodro\u0161ina vienm\u0113r\u012bgu un uzticamu graudu p\u0101rvieto\u0161anu uz un no tvertn\u0113m, atbalstot lab\u0101kus uzglab\u0101\u0161anas apst\u0101k\u013cus un samazinot boj\u0101\u0161an\u0101s iesp\u0113jam\u012bbu sliktas aer\u0101cijas d\u0113\u013c.<\/li>\n<\/ul>\n<p><strong>5. Graudu t\u012br\u012b\u0161anas un \u0161\u0137iro\u0161anas iek\u0101rtas<\/strong><\/p>\n<ul>\n<li>Loma: P\u0101rnesumk\u0101rba tiek izmantota, lai darbin\u0101tu t\u012br\u012b\u0161anas un \u0161\u0137iro\u0161anas iek\u0101rtu, piem\u0113ram, vibr\u0101cijas sietu, t\u012br\u012bt\u0101ju un \u0161\u0137irot\u0101ju, motorus, kurus izmanto graudu sagatavo\u0161anai uzglab\u0101\u0161anai vai p\u0101rdo\u0161anai.<\/li>\n<li>Pielietojums: Pateicoties efekt\u012bvajai jaudas p\u0101rvadei, T s\u0113rijas p\u0101rnesumk\u0101rba nodro\u0161ina t\u012br\u012b\u0161anas iek\u0101rtu vienm\u0113r\u012bgu darb\u012bbu, pal\u012bdzot no\u0146emt piemais\u012bjumus un nodro\u0161inot, ka tiek uzglab\u0101ti vai nos\u016bt\u012bti tikai augstas kvalit\u0101tes graudi.<\/li>\n<\/ul>\n<p>T s\u0113rijas graudu uzglab\u0101\u0161anas p\u0101rnesumk\u0101rba ir neaizst\u0101jama sast\u0101vda\u013ca daudzos lauksaimniec\u012bbas procesos, nodro\u0161inot uzticamu un efekt\u012bvu jaudas p\u0101rvadi da\u017e\u0101d\u0101m graudu apstr\u0101des, p\u0101rstr\u0101des un uzglab\u0101\u0161anas sist\u0113m\u0101m. T\u0101s daudzpus\u012bba, efektivit\u0101te un iztur\u012bba padara to ide\u0101li piem\u0113rotu graudu transport\u0113\u0161anai, \u017e\u0101v\u0113\u0161anai, \u0161\u0137iro\u0161anai, mal\u0161anai un cit\u0101m darb\u012bb\u0101m, garant\u0113jot vienm\u0113r\u012bgu darb\u012bbu pla\u0161\u0101 lauksaimniec\u012bbas pielietojumu kl\u0101st\u0101.<\/p>\n<p><img loading=\"lazy\" decoding=\"async\" class=\"alignnone size-full wp-image-3096\" src=\"https:\/\/fmp-components.com\/wp-content\/uploads\/2025\/01\/Grain-Storage-Gearbox-28.webp\" alt=\"Graudu uzglab\u0101\u0161anas p\u0101rnesumk\u0101rba\" width=\"1200\" height=\"950\" title=\"\" srcset=\"https:\/\/fmp-components.com\/wp-content\/uploads\/2025\/01\/Grain-Storage-Gearbox-28.webp 1200w, https:\/\/fmp-components.com\/wp-content\/uploads\/2025\/01\/Grain-Storage-Gearbox-28-980x776.webp 980w, https:\/\/fmp-components.com\/wp-content\/uploads\/2025\/01\/Grain-Storage-Gearbox-28-480x380.webp 480w\" sizes=\"(min-width: 0px) and (max-width: 480px) 480px, (min-width: 481px) and (max-width: 980px) 980px, (min-width: 981px) 1200px, 100vw\" \/><\/p>\n<h2>Par FMP<\/h2>\n<p>FMP galven\u0101 m\u012btne atrodas It\u0101lij\u0101, un tas ir vado\u0161ais ra\u017eot\u0101js, kas paz\u012bstams ar savu pieredzi augstas veiktsp\u0113jas p\u0101rnesumk\u0101rbu projekt\u0113\u0161an\u0101, izstr\u0101d\u0113 un ra\u017eo\u0161an\u0101, galvenok\u0101rt koncentr\u0113joties uz lauksaimniec\u012bbas tehnikas sektoru. FMP, kas paz\u012bstams ar savu prec\u012bzo in\u017eenieriju, inovat\u012bvajiem risin\u0101jumiem un nelok\u0101mo uzticam\u012bbu, ir k\u013cuvis par uzticamu partneri gan lauksaimniec\u012bbas, gan r\u016bpniec\u012bbas tirgos. M\u016bsu pla\u0161aj\u0101 kl\u0101st\u0101 ietilpst z\u0101les p\u013c\u0101v\u0113jiem paredz\u0113tas p\u0101rnesumk\u0101rbas, j\u016bgv\u0101rpstas un pla\u0161s svar\u012bgu komponentu kl\u0101sts, kas visi ir izstr\u0101d\u0101ti ar r\u016bp\u012bgu uzman\u012bbu deta\u013c\u0101m, lai apmierin\u0101tu da\u017e\u0101du pielietojumu da\u017e\u0101d\u0101s vajadz\u012bbas.<\/p>\n<p>Uz\u0146\u0113mum\u0101 FMP m\u0113s apzin\u0101mies, ka katrs klients saskaras ar unik\u0101liem izaicin\u0101jumiem. T\u0101p\u0113c m\u0113s specializ\u0113jamies piel\u0101gotu risin\u0101jumu nodro\u0161in\u0101\u0161an\u0101, neatkar\u012bgi no t\u0101, vai tie ir paredz\u0113ti atsevi\u0161\u0137\u0101m komponent\u0113m vai piln\u012bb\u0101 integr\u0113t\u0101m sist\u0113m\u0101m. Cie\u0161i sadarbojoties ar klientiem, m\u0113s nodro\u0161in\u0101m, ka katrs risin\u0101jums ne tikai atbilst vi\u0146u \u012bpa\u0161aj\u0101m pras\u012bb\u0101m, bet ar\u012b uzlabo veiktsp\u0113ju un palielina v\u0113rt\u012bbu. M\u016bsu ap\u0146em\u0161an\u0101s sniegt \u0101tras, profesion\u0101las atbildes un ekspertu nor\u0101d\u012bjumus nodro\u0161ina, ka katrs piepras\u012bjums tiek apstr\u0101d\u0101ts prec\u012bzi, vienm\u0113r nodro\u0161inot optim\u0101lus rezult\u0101tus.<\/p>\n<p>Skaidra un nep\u0101rtraukta komunik\u0101cija ir m\u016bsu pieejas pamat\u0101 vis\u0101 produktu izstr\u0101des cikl\u0101. M\u016bsu \u012bpa\u0161i izveidot\u0101 komanda sadarbojas tie\u0161i ar klientiem, lai ieg\u016btu dzi\u013cu izpratni par vi\u0146u vajadz\u012bb\u0101m, sniedzot v\u0113rt\u012bgas atzi\u0146as un ieteikumus lab\u0101ko rezult\u0101tu sasnieg\u0161anai. Neatkar\u012bgi no t\u0101, vai m\u0113s projekt\u0113jam modernus produktus vai izpild\u0101m ikdienas pas\u016bt\u012bjumus, FMP joproj\u0101m ir ap\u0146\u0113mies vienm\u0113r savlaic\u012bgi pieg\u0101d\u0101t augstas kvalit\u0101tes, prec\u012bzi izstr\u0101d\u0101tus risin\u0101jumus. M\u016bsu misija ir past\u0101v\u012bgi p\u0101rsniegt klientu cer\u012bbas, nodro\u0161inot izcilu servisu un izcilus rezult\u0101tus katr\u0101 projekt\u0101.<\/p>\n<p>Kvalit\u0101te ir visa m\u016bsu FMP darb\u012bbas pamat\u0101. M\u0113s iev\u0113rojam augst\u0101kos ra\u017eo\u0161anas standartus un iev\u0113rojam stingrus kvalit\u0101tes kontroles pas\u0101kumus, lai nodro\u0161in\u0101tu, ka katrs produkts ne tikai atbilst, bet bie\u017ei vien pat p\u0101rsniedz nozares standartus. \u0160\u012b ap\u0146em\u0161an\u0101s sasniegt izcil\u012bbu, k\u0101 ar\u012b m\u016bsu pamatv\u0113rt\u012bbas \u2013 integrit\u0101te, komandas darbs un neatlaid\u012bba \u2013 ir \u013c\u0101vusi mums veidot ilgtermi\u0146a, uz uztic\u012bbu balst\u012btas attiec\u012bbas ar klientiem gandr\u012bz 30 valst\u012bs vis\u0101 pasaul\u0113.<\/p>\n<p>FMP vienm\u0113r v\u0113las veicin\u0101t glob\u0101las partner\u012bbas, pied\u0101v\u0101jot ekspertu padomus un piel\u0101gotus risin\u0101jumus, lai apmierin\u0101tu m\u016bsu klientu main\u012bg\u0101s vajadz\u012bbas. M\u0113s esam ap\u0146\u0113mu\u0161ies veidot ilgtermi\u0146a, abpus\u0113ji izdev\u012bgas attiec\u012bbas, kas veicina katra projekta pan\u0101kumus. Neatkar\u012bgi no t\u0101, vai mekl\u0113jat inovat\u012bvus risin\u0101jumus jaunam uz\u0146\u0113mumam vai nepiecie\u0161ams past\u0101v\u012bgs atbalsts eso\u0161ai sist\u0113mai, FMP ir \u0161eit, lai pal\u012bdz\u0113tu p\u0101rvar\u0113t tehniskas probl\u0113mas un nodro\u0161in\u0101tu j\u016bsu turpm\u0101kus pan\u0101kumus.<\/p>\n<p><img loading=\"lazy\" decoding=\"async\" class=\"alignnone wp-image-2695\" src=\"https:\/\/fmp-components.com\/wp-content\/uploads\/2025\/01\/agricultural-gearbox3.webp\" alt=\"lauksaimniec\u012bbas p\u0101rnesumk\u0101rba\" width=\"1140\" height=\"1138\" title=\"\" srcset=\"https:\/\/fmp-components.com\/wp-content\/uploads\/2025\/01\/agricultural-gearbox3.webp 1140w, https:\/\/fmp-components.com\/wp-content\/uploads\/2025\/01\/agricultural-gearbox3-480x479.webp 480w\" sizes=\"(min-width: 0px) and (max-width: 480px) 480px, (min-width: 481px) 1140px, 100vw\" \/><\/p>\n<p>Autors: CX<\/p>","protected":false},"excerpt":{"rendered":"<p>T Series Grain Storage Gearbox FMP-4090 Specifications Product Name Grain storage gearbox Material A380 for housing, 40CrMnTi for gear shaft. Color Customized Ratio 1:35:1 Rate power 45HP Weight 13.2KG Used Grain storage Benefits of Using the T Series Grain Storage Gearbox for Agricultural The T Series Grain Storage Gearbox offers numerous advantages for agricultural applications, [&hellip;]<\/p>","protected":false},"featured_media":3098,"comment_status":"open","ping_status":"closed","template":"","meta":{"_et_pb_use_builder":"","_et_pb_old_content":"","_et_gb_content_width":""},"product_brand":[],"product_cat":[73],"product_tag":[],"class_list":{"0":"post-3094","1":"product","2":"type-product","3":"status-publish","4":"has-post-thumbnail","6":"product_cat-grain-storage-gearbox","8":"first","9":"instock","10":"shipping-taxable","11":"product-type-simple"},"_links":{"self":[{"href":"https:\/\/fmp-components.com\/lv\/wp-json\/wp\/v2\/product\/3094","targetHints":{"allow":["GET"]}}],"collection":[{"href":"https:\/\/fmp-components.com\/lv\/wp-json\/wp\/v2\/product"}],"about":[{"href":"https:\/\/fmp-components.com\/lv\/wp-json\/wp\/v2\/types\/product"}],"replies":[{"embeddable":true,"href":"https:\/\/fmp-components.com\/lv\/wp-json\/wp\/v2\/comments?post=3094"}],"wp:featuredmedia":[{"embeddable":true,"href":"https:\/\/fmp-components.com\/lv\/wp-json\/wp\/v2\/media\/3098"}],"wp:attachment":[{"href":"https:\/\/fmp-components.com\/lv\/wp-json\/wp\/v2\/media?parent=3094"}],"wp:term":[{"taxonomy":"product_brand","embeddable":true,"href":"https:\/\/fmp-components.com\/lv\/wp-json\/wp\/v2\/product_brand?post=3094"},{"taxonomy":"product_cat","embeddable":true,"href":"https:\/\/fmp-components.com\/lv\/wp-json\/wp\/v2\/product_cat?post=3094"},{"taxonomy":"product_tag","embeddable":true,"href":"https:\/\/fmp-components.com\/lv\/wp-json\/wp\/v2\/product_tag?post=3094"}],"curies":[{"name":"wp","href":"https:\/\/api.w.org\/{rel}","templated":true}]}}