{"id":3088,"date":"2025-01-04T08:55:19","date_gmt":"2025-01-04T08:55:19","guid":{"rendered":"https:\/\/fmp-components.com\/?page_id=8"},"modified":"2025-01-04T09:00:03","modified_gmt":"2025-01-04T09:00:03","slug":"agricultural-combine-harvester-reversing-gearbox-for-rice-harvesting","status":"publish","type":"product","link":"https:\/\/fmp-components.com\/lv\/product\/agricultural-combine-harvester-reversing-gearbox-for-rice-harvesting\/","title":{"rendered":"Lauksaimniec\u012bbas kombaina atpaka\u013cgaitas p\u0101rnesumk\u0101rba r\u012bsu nov\u0101k\u0161anai"},"content":{"rendered":"<p><img loading=\"lazy\" decoding=\"async\" class=\"alignnone size-full wp-image-3090\" src=\"https:\/\/fmp-components.com\/wp-content\/uploads\/2025\/01\/10_Combine-Harvester-Gearbox-2.webp\" alt=\"Kombaina p\u0101rnesumk\u0101rba\" width=\"1534\" height=\"1138\" title=\"\" srcset=\"https:\/\/fmp-components.com\/wp-content\/uploads\/2025\/01\/10_Combine-Harvester-Gearbox-2.webp 1534w, https:\/\/fmp-components.com\/wp-content\/uploads\/2025\/01\/10_Combine-Harvester-Gearbox-2-1280x950.webp 1280w, https:\/\/fmp-components.com\/wp-content\/uploads\/2025\/01\/10_Combine-Harvester-Gearbox-2-980x727.webp 980w, https:\/\/fmp-components.com\/wp-content\/uploads\/2025\/01\/10_Combine-Harvester-Gearbox-2-480x356.webp 480w\" sizes=\"(min-width: 0px) and (max-width: 480px) 480px, (min-width: 481px) and (max-width: 980px) 980px, (min-width: 981px) and (max-width: 1280px) 1280px, (min-width: 1281px) 1534px, 100vw\" \/><\/p>\n<h2>Produkta specifik\u0101cijas:<\/h2>\n<table style=\"width: 86.1946%; height: 161px;\" border=\"1\" cellspacing=\"0\" cellpadding=\"0\">\n<tbody>\n<tr>\n<td>Produkta nosaukums<\/td>\n<td>\u012ass kombaina atpaka\u013cgaitas meh\u0101nisms r\u012bsu kombainam<\/td>\n<\/tr>\n<tr>\n<td>Materi\u0101ls<\/td>\n<td>QT450 korpusam, 20CrMnTi zobrata v\u0101rpstai.<\/td>\n<\/tr>\n<tr>\n<td>Kr\u0101sa<\/td>\n<td>Piel\u0101go\u0161ana<\/td>\n<\/tr>\n<tr>\n<td>Modelis<\/td>\n<td>\u00a0FMP-1.6Z.03-05<\/td>\n<\/tr>\n<tr>\n<td>Lietots<\/td>\n<td>R\u012bsu kombains<\/td>\n<\/tr>\n<\/tbody>\n<\/table>\n<h2>Kombaina atpaka\u013cgaitas p\u0101rnesumk\u0101rbas izmanto\u0161anas priek\u0161roc\u012bbas<\/h2>\n<p>Kombaina atpaka\u013cgaitas p\u0101rnesumk\u0101rba pied\u0101v\u0101 vair\u0101kas b\u016btiskas priek\u0161roc\u012bbas, kas uzlabo kombaina efektivit\u0101ti un funkcionalit\u0101ti. \u0160eit ir da\u017eas no \u0161\u012bs specializ\u0113t\u0101s p\u0101rnesumk\u0101rbas izmanto\u0161anas galvenaj\u0101m priek\u0161roc\u012bb\u0101m:<\/p>\n<p><strong>1. Uzlabota manevr\u0113tsp\u0113ja<\/strong><\/p>\n<ul>\n<li>Atpaka\u013cgaitas p\u0101rnesumk\u0101rba \u013cauj kombainam viegli braukt atpaka\u013cgait\u0101, neveicot sare\u017e\u0123\u012btus manevrus, apst\u0101\u0161an\u0101s un apgrie\u0161an\u0101s. Tas ir \u012bpa\u0161i noder\u012bgi \u0161aur\u0101s viet\u0101s vai piel\u0101gojot poz\u012bciju uz lauka, uzlabojot kop\u0113jo darb\u012bbas efektivit\u0101ti.<\/li>\n<\/ul>\n<p><strong>2. Paaugstin\u0101ta darb\u012bbas efektivit\u0101te<\/strong><\/p>\n<ul>\n<li>Ar atpaka\u013cgaitas p\u0101rnesumk\u0101rbu kombains var \u0101tri main\u012bt virzienu, neizsl\u0113dzot vai nep\u0101rsl\u0113dzot p\u0101rnesumus. Tas nodro\u0161ina vienm\u0113r\u012bg\u0101kas un \u0101tr\u0101kas p\u0101rejas, p\u0101rvietojoties uz un no viet\u0101m ar bl\u012bvu kult\u016braugu daudzumu, samazinot d\u012bkst\u0101ves laiku un uzlabojot ra\u017eas nov\u0101k\u0161anas efektivit\u0101ti.<\/li>\n<\/ul>\n<p><strong>3. Uzlabota produktivit\u0101te<\/strong><\/p>\n<ul>\n<li>Nodro\u0161inot \u0101tru atpaka\u013cgaitu bez apst\u0101\u0161an\u0101s, operatori var izvair\u012bties no kav\u0113\u0161an\u0101s un samazin\u0101t laiku, kas nepiecie\u0161ams ma\u0161\u012bnas p\u0101rvieto\u0161anai. Tas nodro\u0161ina liel\u0101ku kop\u0113jo caurlaidsp\u0113ju ra\u017eas nov\u0101k\u0161anas proces\u0101, \u012bpa\u0161i laukos, kuros bie\u017ei j\u0101maina virziens \u0161\u0137\u0113r\u0161\u013cu, pagriezienu vai nel\u012bdzena reljefa d\u0113\u013c.<\/li>\n<\/ul>\n<p><strong>4. Liel\u0101ka daudzpus\u012bba<\/strong><\/p>\n<ul>\n<li>Revers\u012bv\u0101 p\u0101rnesumk\u0101rba nodro\u0161ina liel\u0101ku elast\u012bbu darba apst\u0101k\u013cos. T\u0101 pal\u012bdz kombainam piel\u0101goties da\u017e\u0101diem uzdevumiem, piem\u0113ram, ra\u017eas atlieku nov\u0101k\u0161anai, brauk\u0161anai atpaka\u013cgait\u0101, lai piel\u0101gotu hedera poz\u012bcijas, vai p\u0101rvieto\u0161anai ap \u0161\u0137\u0113r\u0161\u013ciem, un tas viss bez nepiecie\u0161am\u012bbas p\u0101rsl\u0113gties uz citu p\u0101rnesumu vai p\u0101rtraukt darbu.<\/li>\n<\/ul>\n<p><strong>5. Samazin\u0101ts nodilums<\/strong><\/p>\n<ul>\n<li>P\u0101rnesumk\u0101rba nodro\u0161ina vienm\u0113r\u012bg\u0101ku darb\u012bbu atpaka\u013cgait\u0101, samazinot citu svar\u012bgu komponentu, piem\u0113ram, saj\u016bga un transmisijas, nodilumu. T\u0101 ar\u012b samazina nepiecie\u0161am\u012bbu p\u0113c manu\u0101las iejauk\u0161an\u0101s, pagarinot transportl\u012bdzek\u013ca piedzi\u0146as kalpo\u0161anas laiku un samazinot meh\u0101nisku boj\u0101jumu risku.<\/li>\n<\/ul>\n<p>Rezum\u0113jot, kombaina atpaka\u013cgaitas p\u0101rnesumk\u0101rba pied\u0101v\u0101 t\u0101das priek\u0161roc\u012bbas k\u0101 uzlabota manevr\u0113tsp\u0113ja, darb\u012bbas efektivit\u0101te un produktivit\u0101te, vienlaikus uzlabojot dro\u0161\u012bbu, samazinot nodilumu un degvielas ekonomiju. \u0160\u012bs priek\u0161roc\u012bbas padara to par neaizst\u0101jamu sast\u0101vda\u013cu m\u016bsdienu kombainu darb\u012bb\u0101, nodro\u0161inot gan laika, gan izmaksu ietaup\u012bjumu lauksaimniekiem.<\/p>\n<p><img loading=\"lazy\" decoding=\"async\" class=\"alignnone  wp-image-3091\" src=\"https:\/\/fmp-components.com\/wp-content\/uploads\/2025\/01\/10_Combine-Harvester-Gearbox-12.webp\" alt=\"Kombaina p\u0101rnesumk\u0101rba\" width=\"1078\" height=\"609\" title=\"\" srcset=\"https:\/\/fmp-components.com\/wp-content\/uploads\/2025\/01\/10_Combine-Harvester-Gearbox-12.webp 1078w, https:\/\/fmp-components.com\/wp-content\/uploads\/2025\/01\/10_Combine-Harvester-Gearbox-12-980x554.webp 980w, https:\/\/fmp-components.com\/wp-content\/uploads\/2025\/01\/10_Combine-Harvester-Gearbox-12-480x271.webp 480w\" sizes=\"(min-width: 0px) and (max-width: 480px) 480px, (min-width: 481px) and (max-width: 980px) 980px, (min-width: 981px) 1078px, 100vw\" \/><\/p>\n<h2>Kombaina atpaka\u013cgaitas p\u0101rnesumk\u0101rbas galven\u0101s sast\u0101vda\u013cas<\/h2>\n<div class=\"flex-shrink-0 flex flex-col relative items-end\">\n<div>\n<div class=\"pt-0\">\n<div class=\"gizmo-bot-avatar flex h-8 w-8 items-center justify-center overflow-hidden rounded-full\">\n<div class=\"relative p-1 rounded-sm flex items-center justify-center bg-token-main-surface-primary text-token-text-primary h-8 w-8\">Kombaina atpaka\u013cgaitas p\u0101rnesumk\u0101rba ir b\u016btiska m\u016bsdienu kombainu sast\u0101vda\u013ca, kas \u013cauj ma\u0161\u012bnai efekt\u012bvi un vienm\u0113r\u012bgi braukt atpaka\u013cgait\u0101 bez manu\u0101las p\u0101rsl\u0113g\u0161anas. T\u0101 apvieno da\u017e\u0101das meh\u0101niskas sast\u0101vda\u013cas, kas darbojas kop\u0101, lai nodro\u0161in\u0101tu uzticamu jaudas p\u0101rvadi un vad\u012bbu. \u0160eit ir kombaina atpaka\u013cgaitas p\u0101rnesumk\u0101rbas galven\u0101s sast\u0101vda\u013cas:<\/div>\n<\/div>\n<\/div>\n<\/div>\n<\/div>\n<div class=\"group\/conversation-turn relative flex w-full min-w-0 flex-col agent-turn\">\n<div class=\"flex-col gap-1 md:gap-3\">\n<div class=\"flex max-w-full flex-col flex-grow\">\n<div class=\"min-h-8 text-message flex w-full flex-col items-end gap-2 whitespace-normal break-words text-start [.text-message+&amp;]:mt-5\" dir=\"auto\" data-message-author-role=\"assistant\" data-message-id=\"e6cb3039-0226-4bda-ac7c-bde40b961baf\" data-message-model-slug=\"gpt-4o-mini\">\n<div class=\"flex w-full flex-col gap-1 empty:hidden first:pt-[3px]\">\n<div class=\"markdown prose w-full break-words dark:prose-invert light\">\n<p><strong>1. Ieejas v\u0101rpsta<\/strong><\/p>\n<ul>\n<li>Ieejas v\u0101rpsta p\u0101rnes jaudu no dzin\u0113ja uz p\u0101rnesumk\u0101rbu. T\u0101 ir galven\u0101 savienojuma vieta, caur kuru dzin\u0113ja rot\u0101cijas sp\u0113ks non\u0101k p\u0101rnesumk\u0101rb\u0101, uzs\u0101kot p\u0101rnesumu p\u0101rsl\u0113g\u0161anas procesu.<\/li>\n<\/ul>\n<p><strong>2. Atpaka\u013cgaitas p\u0101rnesumu komplekts<\/strong><\/p>\n<ul>\n<li>\u0160is zobratu komplekts ir atbild\u012bgs par grie\u0161an\u0101s virziena mai\u0146u. Aktiviz\u0113jot to, tas maina izejas v\u0101rpstas virzienu, \u013caujot kombainam kust\u0113ties atpaka\u013cgait\u0101. Atpaka\u013cgaitas zobratu komplekts parasti sast\u0101v no br\u012bvgaitas zobratiem, cilindriskiem zobratiem un zobratiem, kas iesl\u0113dzas un izsl\u0113dzas, lai main\u012btu grie\u0161an\u0101s virzienu.<\/li>\n<\/ul>\n<p><strong>3. Galven\u0101s p\u0101rnesumk\u0101rbas korpuss<\/strong><\/p>\n<ul>\n<li>P\u0101rnesumk\u0101rbas korpuss ir \u0101r\u0113jais apvalks, kas satur un aizsarg\u0101 visas iek\u0161\u0113j\u0101s sast\u0101vda\u013cas. Tas parasti ir izgatavots no iztur\u012bgiem materi\u0101liem, piem\u0113ram, \u010duguna vai t\u0113rauda, \u200b\u200blai iztur\u0113tu augstu slodzes un spiediena l\u012bmeni, kas rodas darb\u012bbas laik\u0101. Korpuss nodro\u0161ina ar\u012b pareizu zobratu un v\u0101rpstu izl\u012bdzin\u0101\u0161anu.<\/li>\n<\/ul>\n<p><strong>4. Izejas v\u0101rpsta<\/strong><\/p>\n<ul>\n<li>Izejas v\u0101rpsta p\u0101rnes jaudu no p\u0101rnesumk\u0101rbas uz kombaina piedzi\u0146as sist\u0113mu. \u0160\u012b v\u0101rpsta ir savienota ar kombaina rite\u0146iem vai k\u0101pur\u0137\u0113d\u0113m, \u013caujot tam kust\u0113ties uz priek\u0161u vai atpaka\u013c atkar\u012bb\u0101 no iesl\u0113gt\u0101 p\u0101rnesuma.<\/li>\n<\/ul>\n<p><strong>5. Saj\u016bga meh\u0101nisms<\/strong><\/p>\n<ul>\n<li>Saj\u016bgu izmanto, lai iesl\u0113gtu vai izsl\u0113gtu p\u0101rnesumk\u0101rbu no dzin\u0113ja jaudas. Tas \u013cauj vad\u012bt\u0101jam kontrol\u0113t savienojumu starp dzin\u0113ju un p\u0101rnesumk\u0101rbu, nodro\u0161inot vienm\u0113r\u012bgu darb\u012bbu, p\u0101rsl\u0113dzot p\u0101rnesumus. Atpaka\u013cgaitas p\u0101rnesumk\u0101rb\u0101 saj\u016bgs atvieglo gan kust\u012bbu uz priek\u0161u, gan atpaka\u013cgait\u0101.<\/li>\n<\/ul>\n<p>\u0160\u012bs galven\u0101s sast\u0101vda\u013cas darbojas kop\u0101, lai nodro\u0161in\u0101tu \u013coti efekt\u012bvu un uzticamu atpaka\u013cgaitas sist\u0113mu kombainiem. Atpaka\u013cgaitas p\u0101rnesumk\u0101rba \u013cauj operatoriem viegli p\u0101rsl\u0113gties starp kust\u012bbu uz priek\u0161u un atpaka\u013c, uzlabojot manevr\u0113tsp\u0113ju, produktivit\u0101ti un darb\u012bbas efektivit\u0101ti uz lauka.<\/p>\n<p><img loading=\"lazy\" decoding=\"async\" class=\"alignnone size-full wp-image-3092\" src=\"https:\/\/fmp-components.com\/wp-content\/uploads\/2025\/01\/10_Combine-Harvester-Gearbox-14.webp\" alt=\"Kombaina p\u0101rnesumk\u0101rba\" width=\"1280\" height=\"720\" title=\"\" srcset=\"https:\/\/fmp-components.com\/wp-content\/uploads\/2025\/01\/10_Combine-Harvester-Gearbox-14.webp 1280w, https:\/\/fmp-components.com\/wp-content\/uploads\/2025\/01\/10_Combine-Harvester-Gearbox-14-980x551.webp 980w, https:\/\/fmp-components.com\/wp-content\/uploads\/2025\/01\/10_Combine-Harvester-Gearbox-14-480x270.webp 480w\" sizes=\"(min-width: 0px) and (max-width: 480px) 480px, (min-width: 481px) and (max-width: 980px) 980px, (min-width: 981px) 1280px, 100vw\" \/><\/p>\n<h2>Par FMP<\/h2>\n<p>FMP galven\u0101 m\u012btne atrodas It\u0101lij\u0101, un tas ir vado\u0161ais ra\u017eot\u0101js, kas paz\u012bstams ar savu pieredzi augstas veiktsp\u0113jas p\u0101rnesumk\u0101rbu projekt\u0113\u0161an\u0101, izstr\u0101d\u0113 un ra\u017eo\u0161an\u0101, galvenok\u0101rt koncentr\u0113joties uz lauksaimniec\u012bbas tehnikas sektoru. FMP, kas paz\u012bstams ar savu prec\u012bzo in\u017eenieriju, inovat\u012bvajiem risin\u0101jumiem un nelok\u0101mo uzticam\u012bbu, ir ieguvis uzticama partnera reput\u0101ciju gan lauksaimniec\u012bbas, gan r\u016bpniec\u012bbas tirgos. M\u016bsu visaptvero\u0161aj\u0101 kl\u0101st\u0101 ietilpst z\u0101les p\u013c\u0101v\u0113ju p\u0101rnesumk\u0101rbas, j\u016bgv\u0101rpstas un pla\u0161s b\u016btisku komponentu kl\u0101sts, kas visi ir r\u016bp\u012bgi izstr\u0101d\u0101ti, lai atbilstu da\u017e\u0101du pielietojumu \u012bpa\u0161aj\u0101m pras\u012bb\u0101m.<\/p>\n<p>Uz\u0146\u0113mum\u0101 FMP m\u0113s saprotam, ka katrs klients saskaras ar unik\u0101liem izaicin\u0101jumiem. T\u0101p\u0113c m\u0113s specializ\u0113jamies piel\u0101gotu risin\u0101jumu snieg\u0161an\u0101, neatkar\u012bgi no t\u0101, vai tie attiecas uz atsevi\u0161\u0137\u0101m komponent\u0113m vai piln\u012bb\u0101 integr\u0113t\u0101m sist\u0113m\u0101m. Cie\u0161i sadarbojoties ar m\u016bsu klientiem, m\u0113s nodro\u0161in\u0101m, ka katrs risin\u0101jums ne tikai atbilst vi\u0146u vajadz\u012bb\u0101m, bet ar\u012b optimiz\u0113 veiktsp\u0113ju un palielina v\u0113rt\u012bbu. M\u016bsu ap\u0146em\u0161an\u0101s sniegt \u0101tras un profesion\u0101las atbildes un ekspertu konsult\u0101cijas garant\u0113, ka katrs piepras\u012bjums tiek izskat\u012bts prec\u012bzi, nodro\u0161inot vislab\u0101kos rezult\u0101tus katru reizi.<\/p>\n<p>M\u0113s priorit\u0101ri r\u016bp\u0113jamies par skaidru un nep\u0101rtrauktu komunik\u0101ciju vis\u0101 produktu izstr\u0101des cikl\u0101. M\u016bsu \u012bpa\u0161i izveidot\u0101 komanda cie\u0161i sadarbojas ar klientiem, lai piln\u012bb\u0101 izprastu vi\u0146u pras\u012bbas un sniegtu v\u0113rt\u012bgas atzi\u0146as un ieteikumus optim\u0101lu rezult\u0101tu sasnieg\u0161anai. Neatkar\u012bgi no t\u0101, vai projekt\u0113jam modernus produktus vai izpild\u0101m ikdienas pas\u016bt\u012bjumus, FMP ir ap\u0146\u0113musies vienm\u0113r savlaic\u012bgi pieg\u0101d\u0101t augstas kvalit\u0101tes, prec\u012bzi izstr\u0101d\u0101tus risin\u0101jumus. M\u016bsu misija ir past\u0101v\u012bgi p\u0101rsniegt klientu cer\u012bbas, nodro\u0161inot izcilu servisu un rezult\u0101tus katr\u0101 projekt\u0101.<\/p>\n<p>Kvalit\u0101te ir FMP darb\u012bbas pamat\u0101. M\u0113s iev\u0113rojam augst\u0101kos ra\u017eo\u0161anas standartus un ievie\u0161am stingrus kvalit\u0101tes kontroles pas\u0101kumus, lai nodro\u0161in\u0101tu, ka katrs produkts atbilst un bie\u017ei vien p\u0101rsniedz nozares standartus. \u0160\u012b ap\u0146em\u0161an\u0101s sasniegt izcil\u012bbu, k\u0101 ar\u012b m\u016bsu pamatv\u0113rt\u012bbas \u2013 integrit\u0101te, komandas darbs un neatlaid\u012bba \u2013 ir \u013c\u0101vusi mums veidot ilgsto\u0161as, uz uztic\u012bbu balst\u012btas attiec\u012bbas ar klientiem gandr\u012bz 30 valst\u012bs vis\u0101 pasaul\u0113.<\/p>\n<p>FMP vienm\u0113r v\u0113las veidot glob\u0101las partner\u012bbas, pied\u0101v\u0101jot ekspertu padomus un piel\u0101gotus risin\u0101jumus, kas atbilst m\u016bsu klientu main\u012bgaj\u0101m vajadz\u012bb\u0101m. M\u0113s cen\u0161amies veidot ilgtermi\u0146a, abpus\u0113ji izdev\u012bgas attiec\u012bbas, kas veicina katra projekta pan\u0101kumus. Neatkar\u012bgi no t\u0101, vai jums ir nepiecie\u0161ami inovat\u012bvi risin\u0101jumi jaunai iniciat\u012bvai vai past\u0101v\u012bgs atbalsts eso\u0161ai sist\u0113mai, FMP ir gatavs pal\u012bdz\u0113t jums p\u0101rvar\u0113t tehniskas probl\u0113mas un nodro\u0161in\u0101t j\u016bsu turpm\u0101kos pan\u0101kumus.<\/p>\n<p><img loading=\"lazy\" decoding=\"async\" class=\"alignnone wp-image-2695\" src=\"https:\/\/fmp-components.com\/wp-content\/uploads\/2025\/01\/agricultural-gearbox3.webp\" alt=\"lauksaimniec\u012bbas p\u0101rnesumk\u0101rba\" width=\"1140\" height=\"1138\" title=\"\" srcset=\"https:\/\/fmp-components.com\/wp-content\/uploads\/2025\/01\/agricultural-gearbox3.webp 1140w, https:\/\/fmp-components.com\/wp-content\/uploads\/2025\/01\/agricultural-gearbox3-480x479.webp 480w\" sizes=\"(min-width: 0px) and (max-width: 480px) 480px, (min-width: 481px) 1140px, 100vw\" \/><\/p>\n<p>Autors: CX<\/p>\n<\/div>\n<\/div>\n<\/div>\n<\/div>\n<\/div>\n<\/div>","protected":false},"excerpt":{"rendered":"<p>Product Specifications: Product Name Short harvester reversing for rice harvester Material QT450 for housing, 20CrMnTi for gear shaft. Color Customization Model \u00a0FMP-1.6Z.03-05 Used Rice harvester Advantages of Using the Combine Harvester Reversing Gearbox The Combine Harvester Reversing Gearbox offers several significant advantages that enhance the efficiency and functionality of the harvester. Here are some key [&hellip;]<\/p>","protected":false},"featured_media":3093,"comment_status":"open","ping_status":"closed","template":"","meta":{"_et_pb_use_builder":"","_et_pb_old_content":"","_et_gb_content_width":""},"product_brand":[],"product_cat":[72],"product_tag":[],"class_list":{"0":"post-3088","1":"product","2":"type-product","3":"status-publish","4":"has-post-thumbnail","6":"product_cat-combine-harvester-gearbox","8":"first","9":"instock","10":"shipping-taxable","11":"product-type-simple"},"_links":{"self":[{"href":"https:\/\/fmp-components.com\/lv\/wp-json\/wp\/v2\/product\/3088","targetHints":{"allow":["GET"]}}],"collection":[{"href":"https:\/\/fmp-components.com\/lv\/wp-json\/wp\/v2\/product"}],"about":[{"href":"https:\/\/fmp-components.com\/lv\/wp-json\/wp\/v2\/types\/product"}],"replies":[{"embeddable":true,"href":"https:\/\/fmp-components.com\/lv\/wp-json\/wp\/v2\/comments?post=3088"}],"wp:featuredmedia":[{"embeddable":true,"href":"https:\/\/fmp-components.com\/lv\/wp-json\/wp\/v2\/media\/3093"}],"wp:attachment":[{"href":"https:\/\/fmp-components.com\/lv\/wp-json\/wp\/v2\/media?parent=3088"}],"wp:term":[{"taxonomy":"product_brand","embeddable":true,"href":"https:\/\/fmp-components.com\/lv\/wp-json\/wp\/v2\/product_brand?post=3088"},{"taxonomy":"product_cat","embeddable":true,"href":"https:\/\/fmp-components.com\/lv\/wp-json\/wp\/v2\/product_cat?post=3088"},{"taxonomy":"product_tag","embeddable":true,"href":"https:\/\/fmp-components.com\/lv\/wp-json\/wp\/v2\/product_tag?post=3088"}],"curies":[{"name":"wp","href":"https:\/\/api.w.org\/{rel}","templated":true}]}}