{"id":3057,"date":"2025-01-04T07:45:41","date_gmt":"2025-01-04T07:45:41","guid":{"rendered":"https:\/\/fmp-components.com\/?page_id=8"},"modified":"2025-01-04T07:45:42","modified_gmt":"2025-01-04T07:45:42","slug":"fertilizer-seeder-gearbox-fmp50-for-fertilizer-broadcaster","status":"publish","type":"product","link":"https:\/\/fmp-components.com\/lv\/product\/fertilizer-seeder-gearbox-fmp50-for-fertilizer-broadcaster\/","title":{"rendered":"M\u0113slojuma s\u0113jma\u0161\u012bnas \u0101trumk\u0101rba FMP50 m\u0113slojuma izklied\u0113t\u0101jam"},"content":{"rendered":"<h2>M\u0113slojuma s\u0113jma\u0161\u012bnas reduktora FMP50 izm\u0113ri<\/h2>\n<p><img loading=\"lazy\" decoding=\"async\" class=\"alignnone size-full wp-image-3058\" src=\"https:\/\/fmp-components.com\/wp-content\/uploads\/2025\/01\/Fertilizer-Seeder-Gearbox-EP50-Dimensions.webp\" alt=\"M\u0113slojuma-s\u0113jma\u0161\u012bnas-p\u0101rnesumk\u0101rbas-EP50-izm\u0113ri\" width=\"1265\" height=\"730\" title=\"\" srcset=\"https:\/\/fmp-components.com\/wp-content\/uploads\/2025\/01\/Fertilizer-Seeder-Gearbox-EP50-Dimensions.webp 1265w, https:\/\/fmp-components.com\/wp-content\/uploads\/2025\/01\/Fertilizer-Seeder-Gearbox-EP50-Dimensions-980x566.webp 980w, https:\/\/fmp-components.com\/wp-content\/uploads\/2025\/01\/Fertilizer-Seeder-Gearbox-EP50-Dimensions-480x277.webp 480w\" sizes=\"(min-width: 0px) and (max-width: 480px) 480px, (min-width: 481px) and (max-width: 980px) 980px, (min-width: 981px) 1265px, 100vw\" \/><\/p>\n<h2>M\u0113slojuma s\u0113jma\u0161\u012bnas \u0101trumk\u0101rbas FMP50 tehniskie dati<\/h2>\n<table style=\"width: 98.9862%; height: 186px;\" border=\"1\" cellspacing=\"0\" cellpadding=\"0\">\n<tbody>\n<tr>\n<td colspan=\"2\" rowspan=\"2\">es<\/td>\n<td rowspan=\"2\">Piem\u0113rots<\/td>\n<td>Apgriezienu skaita ievade<\/td>\n<td>Apgriezienu skaita izeja<\/td>\n<td>Izejas griezes moments<\/td>\n<td>Svars<\/td>\n<td rowspan=\"2\">Zobu veido\u0161an\u0101s<\/td>\n<\/tr>\n<tr>\n<td>apgr.\/min<\/td>\n<td>apgr.\/min<\/td>\n<td>Nm<\/td>\n<td>kg<\/td>\n<\/tr>\n<tr>\n<td>Pal\u0113nin\u0101t<\/td>\n<td>43.54:1<\/td>\n<td>M\u0113slojuma izklied\u0113t\u0101js utt.<\/td>\n<td>1000<\/td>\n<td>23<\/td>\n<td>5000<\/td>\n<td>55<\/td>\n<td>Gl\u012bsona spir\u0101lveida<br \/>\nZobi<\/td>\n<\/tr>\n<tr>\n<td colspan=\"8\">Piez\u012bme: Ja jums ir k\u0101das \u012bpa\u0161as pras\u012bbas, nekautr\u0113jieties man pazi\u0146ot, m\u0113s pie\u0146emam ar\u012b pas\u016bt\u012bjumu.<\/td>\n<\/tr>\n<\/tbody>\n<\/table>\n<table style=\"height: 204px;\" border=\"1\" width=\"1073\" cellspacing=\"0\" cellpadding=\"0\">\n<tbody>\n<tr>\n<td style=\"width: 406.125px;\">A<\/td>\n<td style=\"width: 246.458px;\">B<\/td>\n<td style=\"width: 413.306px;\">C<\/td>\n<\/tr>\n<tr>\n<td style=\"width: 406.125px;\">\u03a650<\/td>\n<td style=\"width: 246.458px;\">14<\/td>\n<td style=\"width: 413.306px;\">53.8<\/td>\n<\/tr>\n<tr>\n<td style=\"width: 406.125px;\">\u03a655<\/td>\n<td style=\"width: 246.458px;\">16<\/td>\n<td style=\"width: 413.306px;\">59.3<\/td>\n<\/tr>\n<tr>\n<td style=\"width: 406.125px;\">\u03a660<\/td>\n<td style=\"width: 246.458px;\">18<\/td>\n<td style=\"width: 413.306px;\">64.4<\/td>\n<\/tr>\n<\/tbody>\n<\/table>\n<h2>K\u0101 darbojas m\u0113slojuma s\u0113jma\u0161\u012bnas p\u0101rnesumk\u0101rba FMP50 m\u0113slojuma izklied\u0113t\u0101jam?<\/h2>\n<p>M\u0113slojuma s\u0113jma\u0161\u012bnas p\u0101rnesumk\u0101rba FMP50 m\u0113slojuma izklied\u0113t\u0101jiem ir galven\u0101 sast\u0101vda\u013ca, kas nodro\u0161ina efekt\u012bvu un lietder\u012bgu m\u0113slojuma izkliedi lauksaimniec\u012bbas darbu laik\u0101. \u0160ai p\u0101rnesumk\u0101rbai ir iz\u0161\u0137iro\u0161a noz\u012bme jaudas p\u0101rnes\u0113 no traktora vai galven\u0101s ma\u0161\u012bnas uz m\u0113slojuma izklied\u0113\u0161anas meh\u0101nismu. Zem\u0101k ir sniegts detaliz\u0113ts FMP50 p\u0101rnesumk\u0101rbas darb\u012bbas apraksts m\u0113slojuma izklied\u0113t\u0101j\u0101:<\/p>\n<p><strong>1. Jaudas p\u0101rvade<\/strong><\/p>\n<ul>\n<li>FMP50 p\u0101rnesumk\u0101rba sa\u0146em rot\u0101cijas jaudu no traktora j\u016bgv\u0101rpstas vai citiem jaudas avotiem. J\u016bgv\u0101rpsta parasti darbojas ar nemain\u012bgu \u0101trumu, p\u0101rnesot jaudu uz p\u0101rnesumk\u0101rbu.<\/li>\n<li>FMP50 p\u0101rnesumk\u0101rba samazina vai palielina p\u0101rraid\u0101m\u0101s jaudas \u0101trumu atkar\u012bb\u0101 no m\u0113slojuma izklied\u0113t\u0101ja \u012bpa\u0161aj\u0101m ekspluat\u0101cijas pras\u012bb\u0101m. Tas \u013cauj p\u0101rnesumk\u0101rbai kontrol\u0113t optim\u0101lo m\u0113slojuma izklied\u0113\u0161anas meh\u0101nisma \u0101trumu.<\/li>\n<\/ul>\n<p><strong>2. \u0100truma regul\u0113\u0161ana<\/strong><\/p>\n<ul>\n<li>Viena no FMP50 p\u0101rnesumk\u0101rbas galvenaj\u0101m funkcij\u0101m ir \u0101truma regul\u0113\u0161ana. P\u0101rnesumk\u0101rba piel\u0101go rot\u0113jo\u0161o izklied\u0113\u0161anas disku \u0101trumu m\u0113slojuma izklied\u0113t\u0101ja iek\u0161pus\u0113.<\/li>\n<li>Kontrol\u0113jot \u0101trumu, p\u0101rnesumk\u0101rba nodro\u0161ina, ka m\u0113slojums tiek vienm\u0113r\u012bgi izklied\u0113ts pa lauku ar pareizo devu. Tas pal\u012bdz uztur\u0113t vienm\u0113r\u012bgu p\u0101rkl\u0101jumu un nov\u0113r\u0161 t\u0101das probl\u0113mas k\u0101 m\u0113slojuma p\u0101rm\u0113r\u012bga vai nepietiekama uzkl\u0101\u0161ana.<\/li>\n<\/ul>\n<p><strong>3. Komponentu sinhroniz\u0101cija<\/strong><\/p>\n<ul>\n<li>P\u0101rnesumk\u0101rba ir atbild\u012bga par m\u0113slojuma izklied\u0113t\u0101ja da\u017e\u0101do komponentu sinhroniz\u0101ciju. T\u0101 nodro\u0161ina, ka m\u0113slojuma doz\u0113\u0161anas meh\u0101nisms un izklied\u0113\u0161anas diski rot\u0113 saska\u0146oti.<\/li>\n<li>M\u0113slojuma doz\u0113\u0161anas meh\u0101nisms regul\u0113 m\u0113slojuma pl\u016bsmu, savuk\u0101rt izklied\u0113\u0161anas diski izklied\u0113 m\u0113slojumu pa lauku. Nodro\u0161inot \u0161o komponentu kop\u012bgu darb\u012bbu, p\u0101rnesumk\u0101rba nodro\u0161ina prec\u012bzu un vienm\u0113r\u012bgu m\u0113slojuma izkliedi.<\/li>\n<\/ul>\n<p><strong>4. Iztur\u012bba un precizit\u0101te<\/strong><\/p>\n<ul>\n<li>FMP50 p\u0101rnesumk\u0101rba ir paredz\u0113ta, lai tiktu gal\u0101 ar ekspluat\u0101cijas laik\u0101 rad\u012btaj\u0101m lielaj\u0101m griezes momenta slodz\u0113m, nodro\u0161inot uzticam\u012bbu un iztur\u012bbu skarbos lauksaimniec\u012bbas apst\u0101k\u013cos.<\/li>\n<li>T\u0101 prec\u012bz\u0101 in\u017eenierija nodro\u0161ina deta\u013cu labu izl\u012bdzin\u0101\u0161anu, samazinot nodilumu un pagarinot p\u0101rnesumk\u0101rbas un visa m\u0113slojuma izklied\u0113t\u0101ja ekspluat\u0101cijas laiku.<\/li>\n<\/ul>\n<p><strong>5. E\u013c\u013co\u0161ana un dzes\u0113\u0161ana<\/strong><\/p>\n<ul>\n<li>Pareiza e\u013c\u013co\u0161ana ir kritiski svar\u012bga FMP50 p\u0101rnesumk\u0101rbas efekt\u012bvai darb\u012bbai. P\u0101rnesumk\u0101rba ir apr\u012bkota ar e\u013c\u013co\u0161anas sist\u0113m\u0101m, lai samazin\u0101tu berzi starp iek\u0161\u0113jiem zobratiem un nov\u0113rstu p\u0101rkar\u0161anu. Tas nodro\u0161ina vienm\u0113r\u012bgu darb\u012bbu ilgsto\u0161as \u200b\u200blieto\u0161anas laik\u0101, \u012bpa\u0161i liela m\u0113roga lauksaimniec\u012bbas laukos.<\/li>\n<\/ul>\n<p>B\u016bt\u012bb\u0101 FMP50 m\u0113slojuma s\u0113jma\u0161\u012bnas \u0101trumk\u0101rba ir neat\u0146emama sast\u0101vda\u013ca, kas nodro\u0161ina m\u0113slojuma izklied\u0113t\u0101ja efekt\u012bvu, prec\u012bzu un uzticamu darb\u012bbu, optimiz\u0113jot m\u0113slojuma izmanto\u0161anu un uzlabojot ra\u017eas produktivit\u0101ti.<\/p>\n<p><img loading=\"lazy\" decoding=\"async\" class=\"alignnone size-full wp-image-3055\" src=\"https:\/\/fmp-components.com\/wp-content\/uploads\/2025\/01\/Fertilizer-Seeder-Gearbox-Agriculture-Applications-scaled.webp\" alt=\"M\u0113slojums-S\u0113jma\u0161\u012bna-P\u0101rnesumk\u0101rba-Lauksaimniec\u012bba-Lietojumi\" width=\"2560\" height=\"892\" title=\"\" srcset=\"https:\/\/fmp-components.com\/wp-content\/uploads\/2025\/01\/Fertilizer-Seeder-Gearbox-Agriculture-Applications-scaled.webp 2560w, https:\/\/fmp-components.com\/wp-content\/uploads\/2025\/01\/Fertilizer-Seeder-Gearbox-Agriculture-Applications-1280x446.webp 1280w, https:\/\/fmp-components.com\/wp-content\/uploads\/2025\/01\/Fertilizer-Seeder-Gearbox-Agriculture-Applications-980x341.webp 980w, https:\/\/fmp-components.com\/wp-content\/uploads\/2025\/01\/Fertilizer-Seeder-Gearbox-Agriculture-Applications-480x167.webp 480w\" sizes=\"(min-width: 0px) and (max-width: 480px) 480px, (min-width: 481px) and (max-width: 980px) 980px, (min-width: 981px) and (max-width: 1280px) 1280px, (min-width: 1281px) 2560px, 100vw\" \/><\/p>\n<h2>M\u0113slojuma s\u0113jma\u0161\u012bnas \u0101trumk\u0101rba EP50 Bie\u017ei sastopamie pielietojumi<\/h2>\n<p>M\u0113slojuma s\u0113jma\u0161\u012bnas p\u0101rnesumk\u0101rba FMP50 ir daudzpus\u012bga un b\u016btiska sast\u0101vda\u013ca da\u017e\u0101d\u0101s lauksaimniec\u012bbas ma\u0161\u012bn\u0101s, kas paredz\u0113ta, lai efekt\u012bvi izklied\u0113tu m\u0113slojumu un s\u0113klas lielos laukos. T\u0101l\u0101k ir nor\u0101d\u012bti FMP50 p\u0101rnesumk\u0101rbas bie\u017e\u0101kie pielietojumi:<\/p>\n<p><strong>1. M\u0113slojuma izklied\u0113t\u0101ji<\/strong><\/p>\n<ul>\n<li>FMP50 p\u0101rnesumk\u0101rba tiek pla\u0161i izmantota m\u0113slojuma izklied\u0113t\u0101jos, kur t\u0101 nodro\u0161ina prec\u012bzu un vienm\u0113r\u012bgu granul\u0113t\u0101 vai pulverveida m\u0113slojuma izklied\u0113\u0161anu pa lauku. Kontrol\u0113jot izklied\u0113\u0161anas disku rot\u0101cijas \u0101trumu, p\u0101rnesumk\u0101rba garant\u0113 vienm\u0113r\u012bgu m\u0113slojuma izklied\u0113\u0161anu, veicinot optim\u0101lu kult\u016braugu aug\u0161anu un samazinot atkritumus.<\/li>\n<\/ul>\n<p><strong>2. S\u0113jma\u0161\u012bnas un m\u0113slojuma kombin\u0101cijas (pneimatisk\u0101s s\u0113jma\u0161\u012bnas)<\/strong><\/p>\n<ul>\n<li>FMP50 p\u0101rnesumk\u0101rba parasti tiek izmantota kombin\u0113taj\u0101s s\u0113jma\u0161\u012bn\u0101s un m\u0113slojuma izklied\u0113t\u0101jos, piem\u0113ram, pneimatisko s\u0113jma\u0161\u012bnu s\u0113jma\u0161\u012bn\u0101s. \u0160\u012bs ma\u0161\u012bnas ir paredz\u0113tas vienlaic\u012bgai s\u0113klu s\u0113\u0161anai un m\u0113slojuma izklied\u0113\u0161anai. P\u0101rnesumk\u0101rba pal\u012bdz sinhroniz\u0113t s\u0113klu doz\u0113\u0161anas un m\u0113slojuma izkliedes sist\u0113mu darb\u012bbu, nodro\u0161inot gan s\u0113klu, gan m\u0113slojuma prec\u012bzu un efekt\u012bvu izkliedi.<\/li>\n<li>\u0160\u012b integr\u0101cija samazina nepiecie\u0161am\u012bbu p\u0113c vair\u0101kiem braucieniem pa lauku, ietaupot laiku un darbasp\u0113ka izmaksas, vienlaikus uzlabojot darb\u012bbas efektivit\u0101ti.<\/li>\n<\/ul>\n<p><strong>3. Prec\u012bz\u0101s lauksaimniec\u012bbas apr\u012bkojums<\/strong><\/p>\n<ul>\n<li>FMP50 p\u0101rnesumk\u0101rba tiek izmantota ar\u012b prec\u012bz\u0101s lauksaimniec\u012bbas apr\u012bkojum\u0101, kam nepiecie\u0161ama prec\u012bza un main\u012bga m\u0113slojuma daudzuma uzkl\u0101\u0161ana. \u0160\u012bs sist\u0113mas izmanto t\u0101das progres\u012bvas tehnolo\u0123ijas k\u0101 GPS un sensorus, lai piel\u0101gotu m\u0113slojuma daudzumu atkar\u012bb\u0101 no lauka apst\u0101k\u013ciem.<\/li>\n<li>FMP50 p\u0101rnesumk\u0101rba pal\u012bdz nodro\u0161in\u0101t vienm\u0113r\u012bgu un prec\u012bzu m\u0113slojuma izkliedi, t\u0101d\u0113j\u0101di veicinot resursu efekt\u012bvu izmanto\u0161anu un samazinot ietekmi uz vidi.<\/li>\n<\/ul>\n<p><strong>4. Uz traktora mont\u0113jamie m\u0113slojuma izklied\u0113t\u0101ji<\/strong><\/p>\n<ul>\n<li>Traktoram uzmont\u0113jamajos m\u0113slojuma izklied\u0113t\u0101jos FMP50 p\u0101rnesumk\u0101rba p\u0101rnes jaudu no traktora j\u016bgv\u0101rpstas (jaudas no\u0146em\u0161anas v\u0101rpstas) uz izklied\u0113\u0161anas meh\u0101nismu. P\u0101rnesumk\u0101rba kontrol\u0113 izklied\u0113t\u0101ja disku grie\u0161an\u0101s \u0101trumu, nodro\u0161inot vienm\u0113r\u012bgu m\u0113slojuma izklied\u0113\u0161anu vis\u0101 lauk\u0101.<\/li>\n<li>\u0160os izklied\u0113t\u0101jus parasti izmanto liela m\u0113roga lauksaimniec\u012bbas uz\u0146\u0113mumos, kur vienm\u0113r\u012bga un prec\u012bza m\u0113slojuma izkliede ir \u013coti svar\u012bga, lai palielin\u0101tu ra\u017eu.<\/li>\n<\/ul>\n<p><strong>5. Granul\u0113t\u0101 m\u0113slojuma lieto\u0161anas sist\u0113mas<\/strong><\/p>\n<ul>\n<li>FMP50 p\u0101rnesumk\u0101rba tiek izmantota granul\u0113t\u0101 m\u0113slojuma izklied\u0113\u0161anas sist\u0113m\u0101s, kur t\u0101 darbina meh\u0101nismu, kas atbild par granul\u0113t\u0101 m\u0113slojuma izkliedi pa augsni. P\u0101rnesumk\u0101rba nodro\u0161ina, ka m\u0113slojums tiek izklied\u0113ts pareiz\u0101 \u0101trum\u0101 un vienm\u0113r\u012bgi izklied\u0113ts pa augsni, optimiz\u0113jot bar\u012bbas vielu pieejam\u012bbu kult\u016braugiem.<\/li>\n<li>\u0160\u012bs sist\u0113mas parasti izmanto da\u017e\u0101d\u0101m kult\u016br\u0101m, piem\u0113ram, graudaugiem, p\u0101k\u0161augiem un d\u0101rze\u0146iem, kur prec\u012bza m\u0113slojuma lieto\u0161ana ir b\u016btiska vesel\u012bgas augu aug\u0161anas veicin\u0101\u0161anai.<\/li>\n<\/ul>\n<p>FMP50 m\u0113slojuma s\u0113jma\u0161\u012bnas p\u0101rnesumk\u0101rba ir izstr\u0101d\u0101ta, lai nodro\u0161in\u0101tu prec\u012bzu un efekt\u012bvu m\u0113slojuma iestr\u0101di da\u017e\u0101dos lauksaimniec\u012bbas darbos, galu gal\u0101 nodro\u0161inot lab\u0101ku ra\u017eu, efekt\u012bv\u0101ku m\u0113slojuma izmanto\u0161anu un ilgtsp\u0113j\u012bgu lauksaimniec\u012bbas praksi.<\/p>\n<p><img loading=\"lazy\" decoding=\"async\" class=\"alignnone  wp-image-3060\" src=\"https:\/\/fmp-components.com\/wp-content\/uploads\/2025\/01\/Fertilizer-Seeder-Gearbox-EP50-Common-Applications-1.webp\" alt=\"M\u0113slojuma-s\u0113jma\u0161\u012bnas-p\u0101rnesumk\u0101rba-EP50-visp\u0101r\u0113jie-pielietojumi-1\" width=\"1103\" height=\"643\" title=\"\" srcset=\"https:\/\/fmp-components.com\/wp-content\/uploads\/2025\/01\/Fertilizer-Seeder-Gearbox-EP50-Common-Applications-1.webp 1103w, https:\/\/fmp-components.com\/wp-content\/uploads\/2025\/01\/Fertilizer-Seeder-Gearbox-EP50-Common-Applications-1-980x571.webp 980w, https:\/\/fmp-components.com\/wp-content\/uploads\/2025\/01\/Fertilizer-Seeder-Gearbox-EP50-Common-Applications-1-480x280.webp 480w\" sizes=\"(min-width: 0px) and (max-width: 480px) 480px, (min-width: 481px) and (max-width: 980px) 980px, (min-width: 981px) 1103px, 100vw\" \/><\/p>\n<h3>Par FMP<\/h3>\n<p>FMP galven\u0101 m\u012btne atrodas It\u0101lij\u0101, un tas ir vado\u0161ais ra\u017eot\u0101js, kas paz\u012bstams ar savu pieredzi augstas veiktsp\u0113jas p\u0101rnesumk\u0101rbu projekt\u0113\u0161an\u0101, izstr\u0101d\u0113 un ra\u017eo\u0161an\u0101, specializ\u0113joties lauksaimniec\u012bbas tehnikas nozar\u0113. FMP, kas paz\u012bstams ar prec\u012bzu in\u017eenieriju, inov\u0101cij\u0101m un izcilu uzticam\u012bbu, ir ieguvis sp\u0113c\u012bgu reput\u0101ciju k\u0101 uzticams partneris gan lauksaimniec\u012bbas, gan r\u016bpniec\u012bbas nozar\u0113s. M\u016bsu pla\u0161aj\u0101 kl\u0101st\u0101 ietilpst z\u0101les p\u013c\u0101v\u0113ju p\u0101rnesumk\u0101rbas p\u0113c pas\u016bt\u012bjuma, j\u016bgv\u0101rpstas un daudzveid\u012bgs kritiski svar\u012bgu komponentu kl\u0101sts, kas visi ir piel\u0101goti da\u017e\u0101du pielietojumu unik\u0101laj\u0101m pras\u012bb\u0101m.<\/p>\n<p>Uz\u0146\u0113mum\u0101 FMP m\u0113s saprotam, ka katrs klients saskaras ar specifiskiem izaicin\u0101jumiem un pras\u012bb\u0101m. T\u0101p\u0113c m\u0113s esam ap\u0146\u0113mu\u0161ies nodro\u0161in\u0101t piel\u0101gotus risin\u0101jumus gan atsevi\u0161\u0137iem komponentiem, gan piln\u012bb\u0101 integr\u0113t\u0101m sist\u0113m\u0101m. Cie\u0161i sadarbojoties ar klientiem, m\u0113s nodro\u0161in\u0101m, ka katrs risin\u0101jums ne tikai atbilst vi\u0146u vajadz\u012bb\u0101m, bet ar\u012b uzlabo kop\u0113jo veiktsp\u0113ju un sniedz maksim\u0101lu v\u0113rt\u012bbu. M\u016bsu ap\u0146em\u0161an\u0101s sniegt \u0101tras un profesion\u0101las atbildes apvienojum\u0101 ar ekspertu nor\u0101d\u012bjumiem garant\u0113, ka katrs piepras\u012bjums tiek apstr\u0101d\u0101ts r\u016bp\u012bgi un prec\u012bzi, nodro\u0161inot optim\u0101lus rezult\u0101tus.<\/p>\n<p>M\u0113s priorit\u0101ri piev\u0113r\u0161am atv\u0113rtu un nep\u0101rtrauktu komunik\u0101ciju vis\u0101 produktu izstr\u0101des cikl\u0101. M\u016bsu komanda str\u0101d\u0101 tie\u0161i ar klientiem, lai ieg\u016btu dzi\u013cu izpratni par vi\u0146u vajadz\u012bb\u0101m, pied\u0101v\u0101jot ekspertu atzi\u0146as un ieteikumus, lai sasniegtu vislab\u0101kos iesp\u0113jamos rezult\u0101tus. Neatkar\u012bgi no t\u0101, vai m\u0113s izstr\u0101d\u0101jam inovat\u012bvus produktus vai izpild\u0101m ikdienas pas\u016bt\u012bjumus, FMP ir ap\u0146\u0113mies vienm\u0113r savlaic\u012bgi pieg\u0101d\u0101t augstas kvalit\u0101tes, prec\u012bzi izstr\u0101d\u0101tus risin\u0101jumus. M\u016bsu m\u0113r\u0137is ir p\u0101rsniegt klientu cer\u012bbas, nodro\u0161inot izcilu servisu un taust\u0101mus rezult\u0101tus katr\u0101 projekt\u0101.<\/p>\n<p>Kvalit\u0101te ir visa m\u016bsu FMP darb\u012bbas st\u016brakmens. M\u0113s iev\u0113rojam augst\u0101kos ra\u017eo\u0161anas standartus un ievie\u0161am stingras kvalit\u0101tes kontroles procesus, lai nodro\u0161in\u0101tu, ka katrs produkts atbilst un bie\u017ei vien p\u0101rsniedz nozares standartus. \u0160\u012b ap\u0146em\u0161an\u0101s sasniegt izcil\u012bbu, k\u0101 ar\u012b m\u016bsu pamatv\u0113rt\u012bbas \u2013 integrit\u0101te, komandas darbs un neatlaid\u012bba \u2013 ir \u013c\u0101vusi mums izveidot ilgsto\u0161as, uz uztic\u012bbu balst\u012btas attiec\u012bbas ar klientiem gandr\u012bz 30 valst\u012bs vis\u0101 pasaul\u0113.<\/p>\n<p>FMP vienm\u0113r v\u0113las veicin\u0101t glob\u0101las partner\u012bbas un ir ap\u0146\u0113mies pied\u0101v\u0101t ekspertu padomus un piel\u0101gotus risin\u0101jumus, kas atbilst m\u016bsu klientu main\u012bgaj\u0101m vajadz\u012bb\u0101m. M\u0113s sniedzamies t\u0101l\u0101k par tikai produktu pieg\u0101di; m\u016bsu m\u0113r\u0137is ir veidot ilgtermi\u0146a, abpus\u0113ji izdev\u012bgas partner\u012bbas, kas veicina katra projekta pan\u0101kumus. Neatkar\u012bgi no t\u0101, vai jums ir nepiecie\u0161ami inovat\u012bvi risin\u0101jumi jaunai iniciat\u012bvai vai past\u0101v\u012bgs atbalsts eso\u0161ai sist\u0113mai, FMP ir gatavs jums pal\u012bdz\u0113t p\u0101rvar\u0113t tehniskas probl\u0113mas un nodro\u0161in\u0101t j\u016bsu turpm\u0101kos pan\u0101kumus.<\/p>\n<p><img loading=\"lazy\" decoding=\"async\" class=\"alignnone wp-image-2695\" src=\"https:\/\/fmp-components.com\/wp-content\/uploads\/2025\/01\/agricultural-gearbox3.webp\" alt=\"lauksaimniec\u012bbas p\u0101rnesumk\u0101rba\" width=\"1140\" height=\"1138\" title=\"\" srcset=\"https:\/\/fmp-components.com\/wp-content\/uploads\/2025\/01\/agricultural-gearbox3.webp 1140w, https:\/\/fmp-components.com\/wp-content\/uploads\/2025\/01\/agricultural-gearbox3-480x479.webp 480w\" sizes=\"(min-width: 0px) and (max-width: 480px) 480px, (min-width: 481px) 1140px, 100vw\" \/><\/p>\n<p>Autors: CX<\/p>","protected":false},"excerpt":{"rendered":"<p>Fertilizer Seeder Gearbox FMP50 Dimensions Fertilizer Seeder Gearbox FMP50 Technical Data i Suitable Rpm input Rpm output Output torque Weight Toothing r\/min r\/min N.m kg Decelerate 43.54:1 Fertilizer broadcaster, etc 1000 23 5000 55 Gleason Helical Teeth Remark: If you have any special require feel free let me know, we also accept custom. A B [&hellip;]<\/p>","protected":false},"featured_media":3059,"comment_status":"open","ping_status":"closed","template":"","meta":{"_et_pb_use_builder":"","_et_pb_old_content":"","_et_gb_content_width":""},"product_brand":[],"product_cat":[71],"product_tag":[],"class_list":{"0":"post-3057","1":"product","2":"type-product","3":"status-publish","4":"has-post-thumbnail","6":"product_cat-fertilizer-seeder-gearbox","8":"first","9":"instock","10":"shipping-taxable","11":"product-type-simple"},"_links":{"self":[{"href":"https:\/\/fmp-components.com\/lv\/wp-json\/wp\/v2\/product\/3057","targetHints":{"allow":["GET"]}}],"collection":[{"href":"https:\/\/fmp-components.com\/lv\/wp-json\/wp\/v2\/product"}],"about":[{"href":"https:\/\/fmp-components.com\/lv\/wp-json\/wp\/v2\/types\/product"}],"replies":[{"embeddable":true,"href":"https:\/\/fmp-components.com\/lv\/wp-json\/wp\/v2\/comments?post=3057"}],"wp:featuredmedia":[{"embeddable":true,"href":"https:\/\/fmp-components.com\/lv\/wp-json\/wp\/v2\/media\/3059"}],"wp:attachment":[{"href":"https:\/\/fmp-components.com\/lv\/wp-json\/wp\/v2\/media?parent=3057"}],"wp:term":[{"taxonomy":"product_brand","embeddable":true,"href":"https:\/\/fmp-components.com\/lv\/wp-json\/wp\/v2\/product_brand?post=3057"},{"taxonomy":"product_cat","embeddable":true,"href":"https:\/\/fmp-components.com\/lv\/wp-json\/wp\/v2\/product_cat?post=3057"},{"taxonomy":"product_tag","embeddable":true,"href":"https:\/\/fmp-components.com\/lv\/wp-json\/wp\/v2\/product_tag?post=3057"}],"curies":[{"name":"wp","href":"https:\/\/api.w.org\/{rel}","templated":true}]}}