{"id":3052,"date":"2025-01-04T07:31:52","date_gmt":"2025-01-04T07:31:52","guid":{"rendered":"https:\/\/fmp-components.com\/?page_id=8"},"modified":"2025-01-04T07:40:05","modified_gmt":"2025-01-04T07:40:05","slug":"fertilizer-seeder-gearbox-fmp35-for-fertilizer-broadcaster","status":"publish","type":"product","link":"https:\/\/fmp-components.com\/lv\/product\/fertilizer-seeder-gearbox-fmp35-for-fertilizer-broadcaster\/","title":{"rendered":"M\u0113slojuma s\u0113jma\u0161\u012bnas \u0101trumk\u0101rba FMP35 m\u0113slojuma izklied\u0113t\u0101jam"},"content":{"rendered":"<h2>M\u0113slojuma s\u0113jma\u0161\u012bnas reduktora FMP35 izm\u0113ri<\/h2>\n<p><img loading=\"lazy\" decoding=\"async\" class=\"alignnone size-full wp-image-3053\" src=\"https:\/\/fmp-components.com\/wp-content\/uploads\/2025\/01\/Fertilizer-Seeder-Gearbox-EP35-Dimensions.webp\" alt=\"M\u0113slojuma-s\u0113jma\u0161\u012bnas-p\u0101rnesumk\u0101rbas-EP35-izm\u0113ri\" width=\"1310\" height=\"868\" title=\"\" srcset=\"https:\/\/fmp-components.com\/wp-content\/uploads\/2025\/01\/Fertilizer-Seeder-Gearbox-EP35-Dimensions.webp 1310w, https:\/\/fmp-components.com\/wp-content\/uploads\/2025\/01\/Fertilizer-Seeder-Gearbox-EP35-Dimensions-1280x848.webp 1280w, https:\/\/fmp-components.com\/wp-content\/uploads\/2025\/01\/Fertilizer-Seeder-Gearbox-EP35-Dimensions-980x649.webp 980w, https:\/\/fmp-components.com\/wp-content\/uploads\/2025\/01\/Fertilizer-Seeder-Gearbox-EP35-Dimensions-480x318.webp 480w\" sizes=\"(min-width: 0px) and (max-width: 480px) 480px, (min-width: 481px) and (max-width: 980px) 980px, (min-width: 981px) and (max-width: 1280px) 1280px, (min-width: 1281px) 1310px, 100vw\" \/><\/p>\n<h2>M\u0113slojuma s\u0113jma\u0161\u012bnas \u0101trumk\u0101rbas FMP35 tehniskie dati<\/h2>\n<table style=\"width: 97.7216%; height: 144px;\" border=\"1\" cellspacing=\"0\" cellpadding=\"0\">\n<tbody>\n<tr>\n<td colspan=\"2\" rowspan=\"2\">es<\/td>\n<td rowspan=\"2\">Piem\u0113rots<\/td>\n<td>Apgriezienu skaita ievade<\/td>\n<td>Apgriezienu skaita izeja<\/td>\n<td>Izejas griezes moments<\/td>\n<td>Svars<\/td>\n<td rowspan=\"2\">Zobu veido\u0161an\u0101s<\/td>\n<\/tr>\n<tr>\n<td>apgr.\/min<\/td>\n<td>apgr.\/min<\/td>\n<td>Nm<\/td>\n<td>kg<\/td>\n<\/tr>\n<tr>\n<td>Pal\u0113nin\u0101t<\/td>\n<td>24.3:1<\/td>\n<td>M\u0113slojuma izklied\u0113t\u0101js utt.<\/td>\n<td>1000<\/td>\n<td>41<\/td>\n<td>3500<\/td>\n<td>47<\/td>\n<td>Gl\u012bsona spir\u0101lveida<br \/>\nZobi<\/td>\n<\/tr>\n<tr>\n<td colspan=\"8\">Piez\u012bme: Ja jums ir k\u0101das \u012bpa\u0161as pras\u012bbas, nekautr\u0113jieties man pazi\u0146ot, m\u0113s pie\u0146emam ar\u012b pas\u016bt\u012bjumu.<\/td>\n<\/tr>\n<\/tbody>\n<\/table>\n<table style=\"height: 191px;\" border=\"1\" width=\"1066\" cellspacing=\"0\" cellpadding=\"0\">\n<tbody>\n<tr>\n<td style=\"width: 403.458px;\">A<\/td>\n<td style=\"width: 244.833px;\">B<\/td>\n<td style=\"width: 410.597px;\">C<\/td>\n<\/tr>\n<tr>\n<td style=\"width: 403.458px;\">\u03a645<\/td>\n<td style=\"width: 244.833px;\">14<\/td>\n<td style=\"width: 410.597px;\">48.8<\/td>\n<\/tr>\n<tr>\n<td style=\"width: 403.458px;\">\u03a650<\/td>\n<td style=\"width: 244.833px;\">14<\/td>\n<td style=\"width: 410.597px;\">53.8<\/td>\n<\/tr>\n<tr>\n<td style=\"width: 403.458px;\">\u03a660<\/td>\n<td style=\"width: 244.833px;\">18<\/td>\n<td style=\"width: 410.597px;\">64.4<\/td>\n<\/tr>\n<\/tbody>\n<\/table>\n<h2>M\u0113slojuma s\u0113jma\u0161\u012bnas \u0101trumk\u0101rbas FMP35 priek\u0161roc\u012bbas m\u0113slojuma izklied\u0113t\u0101jam<\/h2>\n<p>M\u0113slojuma s\u0113jma\u0161\u012bnas reduktors FMP35 ir galven\u0101 sast\u0101vda\u013ca m\u0113slojuma izklied\u0113t\u0101jos, kas pied\u0101v\u0101 vair\u0101kas priek\u0161roc\u012bbas, kas uzlabo m\u0113slojuma lieto\u0161anas efektivit\u0101ti, precizit\u0101ti un iztur\u012bbu. \u0160eit ir galven\u0101s FMP35 reduktora priek\u0161roc\u012bbas m\u0113slojuma izklied\u0113t\u0101ja sist\u0113m\u0101:<\/p>\n<p><strong>1. Prec\u012bza m\u0113slojuma izkliede<\/strong><\/p>\n<ul>\n<li>FMP35 p\u0101rnesumk\u0101rba ir izstr\u0101d\u0101ta, lai nodro\u0161in\u0101tu prec\u012bzu un vienm\u0113r\u012bgu m\u0113slojuma izkliedi, kas ir \u013coti svar\u012bgi, lai maksim\u0101li palielin\u0101tu ra\u017eu un nov\u0113rstu p\u0101rm\u0113r\u012bgu m\u0113slo\u0161anu vai atkritumus.<\/li>\n<li>Tas nodro\u0161ina vienm\u0113r\u012bgu jaudu m\u0113slojuma sadales sist\u0113mai, pal\u012bdzot kontrol\u0113t m\u0113slojuma izklied\u0113t\u0101ju \u0101trumu un rot\u0101ciju, nodro\u0161inot, ka vis\u0101 lauk\u0101 vienm\u0113r\u012bgi tiek uzkl\u0101ts pareizais m\u0113slojuma daudzums.<\/li>\n<\/ul>\n<p><strong>2. Augsta energoefektivit\u0101te<\/strong><\/p>\n<ul>\n<li>FMP35 p\u0101rnesumk\u0101rba ir paredz\u0113ta optim\u0101lai jaudas p\u0101rvadei, nodro\u0161inot, ka ener\u0123ija no traktora j\u016bgv\u0101rpstas (jaudas no\u0146em\u0161anas v\u0101rpstas) tiek efekt\u012bvi p\u0101rnesta uz m\u0113slojuma izklied\u0113t\u0101ja deta\u013c\u0101m.<\/li>\n<li>T\u0101 augstais griezes moments un efekt\u012bv\u0101 jaudas sadale pal\u012bdz izklied\u0113t\u0101jam darboties ar maksim\u0101lu efektivit\u0101ti, samazinot degvielas pat\u0113ri\u0146u un nodro\u0161inot ma\u0161\u012bnas vienm\u0113r\u012bgu darb\u012bbu pat smagos apst\u0101k\u013cos.<\/li>\n<\/ul>\n<p><strong>3. Iztur\u012bba un uzticam\u012bba<\/strong><\/p>\n<ul>\n<li>FMP35 p\u0101rnesumk\u0101rba, kas izgatavota no augstas kvalit\u0101tes materi\u0101liem un uzlabotas in\u017eenierijas, ir iztur\u012bga un sp\u0113j iztur\u0113t skarbos apst\u0101k\u013cus, ar kuriem parasti saskaras lauksaimniec\u012bbas darbos, piem\u0113ram, mitruma, net\u012brumu un abraz\u012bvu materi\u0101lu, piem\u0113ram, m\u0113slojuma, iedarb\u012bbu.<\/li>\n<li>T\u0101 iztur\u012bg\u0101 konstrukcija nodro\u0161ina ilgsto\u0161u veiktsp\u0113ju ar minim\u0101lu apkopi, kas samazina lauksaimnieku kop\u0113j\u0101s ekspluat\u0101cijas izmaksas.<\/li>\n<\/ul>\n<p><strong>4. Uzlabota p\u0101rnesumu iztur\u012bba<\/strong><\/p>\n<ul>\n<li>P\u0101rnesumk\u0101rba ir paredz\u0113ta lielu slod\u017eu un spriegumu iztur\u0113\u0161anai, nodro\u0161inot vienm\u0113r\u012bgu zobratu darb\u012bbu bez nodiluma. R\u016bd\u012btie zobrati un nosl\u0113gtie gult\u0146i nodro\u0161ina liel\u0101ku iztur\u012bbu un uzticam\u012bbu ilgsto\u0161as \u200b\u200blieto\u0161anas laik\u0101, \u012bpa\u0161i sare\u017e\u0123\u012btos lauksaimniec\u012bbas apst\u0101k\u013cos.<\/li>\n<li>\u0160\u012b funkcija nodro\u0161ina maz\u0101k boj\u0101jumu, ilg\u0101kus apkopes interv\u0101lus un ret\u0101kus remontus, padarot m\u0113slojuma izklied\u0113t\u0101ju uzticam\u0101ku.<\/li>\n<\/ul>\n<p><strong>5. Regul\u0113jama \u0101truma kontrole<\/strong><\/p>\n<ul>\n<li>FMP35 p\u0101rnesumk\u0101rba parasti pied\u0101v\u0101 regul\u0113jamus \u0101truma iestat\u012bjumus, kas \u013cauj operatoriem kontrol\u0113t m\u0113slojuma izklied\u0113t\u0101ja rot\u0101cijas \u0101trumu un piel\u0101got to da\u017e\u0101diem m\u0113slojuma veidiem un lauka apst\u0101k\u013ciem.<\/li>\n<li>\u0160\u012b main\u012bg\u0101 \u0101truma kontrole uzlabo izklied\u0113t\u0101ja elast\u012bbu, nodro\u0161inot, ka tas var apstr\u0101d\u0101t da\u017e\u0101dus m\u0113slo\u0161anas l\u012bdzek\u013cus un lieto\u0161anas devas, uzlabojot efektivit\u0101ti un nodro\u0161inot prec\u012bzu lieto\u0161anu.<\/li>\n<\/ul>\n<p>FMP35 m\u0113slojuma s\u0113jma\u0161\u012bnas p\u0101rnesumk\u0101rba pied\u0101v\u0101 iztur\u012bbas, efektivit\u0101tes un elast\u012bbas apvienojumu, padarot to par b\u016btisku sast\u0101vda\u013cu m\u016bsdienu lauksaimniec\u012bb\u0101 izmantotajos m\u0113slojuma izklied\u0113t\u0101jos. Uzlabojot m\u0113slojuma lieto\u0161anas precizit\u0101ti un konsekvenci, samazinot apkopes izmaksas un palielinot ma\u0161\u012bnas kop\u0113jo darb\u012bbas efektivit\u0101ti, FMP35 p\u0101rnesumk\u0101rba iev\u0113rojami veicina lauksaimniec\u012bbas darbu pan\u0101kumus.<\/p>\n<p><img loading=\"lazy\" decoding=\"async\" class=\"alignnone size-full wp-image-3054\" src=\"https:\/\/fmp-components.com\/wp-content\/uploads\/2025\/01\/Fertilizer-Seeder-Gearbox-EP35-Benefits.webp\" alt=\"M\u0113slojuma-s\u0113jma\u0161\u012bnas-p\u0101rnesumk\u0101rbas-EP35-priek\u0161roc\u012bbas\" width=\"1440\" height=\"556\" title=\"\" srcset=\"https:\/\/fmp-components.com\/wp-content\/uploads\/2025\/01\/Fertilizer-Seeder-Gearbox-EP35-Benefits.webp 1440w, https:\/\/fmp-components.com\/wp-content\/uploads\/2025\/01\/Fertilizer-Seeder-Gearbox-EP35-Benefits-1280x494.webp 1280w, https:\/\/fmp-components.com\/wp-content\/uploads\/2025\/01\/Fertilizer-Seeder-Gearbox-EP35-Benefits-980x378.webp 980w, https:\/\/fmp-components.com\/wp-content\/uploads\/2025\/01\/Fertilizer-Seeder-Gearbox-EP35-Benefits-480x185.webp 480w\" sizes=\"(min-width: 0px) and (max-width: 480px) 480px, (min-width: 481px) and (max-width: 980px) 980px, (min-width: 981px) and (max-width: 1280px) 1280px, (min-width: 1281px) 1440px, 100vw\" \/><\/p>\n<article class=\"w-full scroll-mb-[var(--thread-trailing-height,150px)] text-token-text-primary focus-visible:outline-2 focus-visible:outline-offset-[-4px]\" dir=\"auto\" data-testid=\"conversation-turn-24\" data-scroll-anchor=\"false\">\n<div class=\"m-auto text-base py-[18px] px-3 md:px-4 w-full md:px-5 lg:px-4 xl:px-5\">\n<div class=\"mx-auto flex flex-1 gap-4 text-base md:gap-5 lg:gap-6 md:max-w-3xl lg:max-w-[40rem] xl:max-w-[48rem]\">\n<div class=\"group\/conversation-turn relative flex w-full min-w-0 flex-col\">\n<div class=\"flex-col gap-1 md:gap-3\">\n<div class=\"flex max-w-full flex-col flex-grow\">\n<div class=\"min-h-8 text-message flex w-full flex-col items-end gap-2 whitespace-normal break-words text-start [.text-message+&amp;]:mt-5\" dir=\"auto\" data-message-author-role=\"user\" data-message-id=\"aaa20b42-842f-4e85-8907-5b760533185e\">\n<div class=\"flex w-full flex-col gap-1 empty:hidden items-end rtl:items-start\">\n<div class=\"relative max-w-[var(--user-chat-width,70%)] rounded-3xl bg-token-message-surface px-5 py-2.5\">\n<h2 class=\"whitespace-pre-wrap\">M\u0113slojuma s\u0113jma\u0161\u012bnas \u0101trumk\u0101rbas FMP35 pielietojums<\/h2>\n<\/div>\n<\/div>\n<\/div>\n<\/div>\n<\/div>\n<\/div>\n<\/div>\n<\/div>\n<\/article>\n<article class=\"w-full scroll-mb-[var(--thread-trailing-height,150px)] text-token-text-primary focus-visible:outline-2 focus-visible:outline-offset-[-4px]\" dir=\"auto\" data-testid=\"conversation-turn-25\" data-scroll-anchor=\"true\">\n<div class=\"m-auto text-base py-[18px] px-3 md:px-4 w-full md:px-5 lg:px-4 xl:px-5\">\n<div class=\"mx-auto flex flex-1 gap-4 text-base md:gap-5 lg:gap-6 md:max-w-3xl lg:max-w-[40rem] xl:max-w-[48rem]\">\n<div class=\"group\/conversation-turn relative flex w-full min-w-0 flex-col agent-turn\">\n<div class=\"flex-col gap-1 md:gap-3\">\n<div class=\"flex max-w-full flex-col flex-grow\">\n<div class=\"min-h-8 text-message flex w-full flex-col items-end gap-2 whitespace-normal break-words text-start [.text-message+&amp;]:mt-5\" dir=\"auto\" data-message-author-role=\"assistant\" data-message-id=\"e0c83200-805b-47fc-b9ad-e0aba657fdc7\" data-message-model-slug=\"gpt-4o\">\n<div class=\"flex w-full flex-col gap-1 empty:hidden first:pt-[3px]\">\n<div class=\"markdown prose w-full break-words dark:prose-invert light\">\n<p>M\u0113slojuma s\u0113jma\u0161\u012bnas p\u0101rnesumk\u0101rba FMP35 ir \u012bpa\u0161i izstr\u0101d\u0101ta, lai optimiz\u0113tu da\u017e\u0101du m\u0113slojuma lieto\u0161anas sist\u0113mu un s\u0113\u0161anas iek\u0101rtu veiktsp\u0113ju. Tai ir iz\u0161\u0137iro\u0161a noz\u012bme prec\u012bzas jaudas p\u0101rvades, iztur\u012bbas un efektivit\u0101tes nodro\u0161in\u0101\u0161an\u0101. T\u0101l\u0101k ir nor\u0101d\u012bti galvenie FMP35 p\u0101rnesumk\u0101rbas pielietojumi lauksaimniec\u012bbas ma\u0161\u012bn\u0101s:<\/p>\n<p><strong>1. M\u0113slojuma izklied\u0113t\u0101ji<\/strong><\/p>\n<ul>\n<li>FMP35 p\u0101rnesumk\u0101rba tiek pla\u0161i izmantota m\u0113slojuma izklied\u0113t\u0101jos, kur t\u0101 nodro\u0161ina prec\u012bzu jaudas sadal\u012bjumu m\u0113slojuma izklied\u0113\u0161anas diskiem. P\u0101rnesumk\u0101rba kontrol\u0113 izklied\u0113\u0161anas meh\u0101nisma \u0101trumu un rot\u0101ciju, nodro\u0161inot vienm\u0113r\u012bgu un vienveid\u012bgu granul\u0113to vai pulverveida m\u0113slo\u0161anas l\u012bdzek\u013cu izklied\u0113\u0161anu vis\u0101 lauk\u0101.<\/li>\n<li>Tas nodro\u0161ina optim\u0101lu m\u0113slojuma p\u0101rkl\u0101jumu, uzlabojot kult\u016braugu bar\u012bbas vielas, vienlaikus samazinot atkritumus un p\u0101rm\u0113r\u012bgu m\u0113slo\u0161anu.<\/li>\n<\/ul>\n<p><strong>2. S\u0113jma\u0161\u012bnas un m\u0113slojuma kombin\u0101cijas<\/strong><\/p>\n<ul>\n<li>FMP35 p\u0101rnesumk\u0101rba parasti tiek izmantota kombin\u0113taj\u0101s s\u0113\u0161anas un m\u0113slo\u0161anas ma\u0161\u012bn\u0101s (saukt\u0101s ar\u012b par m\u0113slojuma s\u0113jma\u0161\u012bn\u0101m). \u0160\u012bs ma\u0161\u012bnas vienlaikus s\u0113j s\u0113klas un izklied\u0113 m\u0113slojumu, kas pal\u012bdz optimiz\u0113t s\u0113\u0161anas procesu, samazinot nepiecie\u0161am\u012bbu p\u0113c vair\u0101kiem braucieniem pa lauku.<\/li>\n<li>P\u0101rnesumk\u0101rba nodro\u0161ina, ka gan s\u0113klu doz\u0113\u0161anas, gan m\u0113slojuma padeves sist\u0113mas darbojas sinhroni, t\u0101d\u0113j\u0101di nodro\u0161inot prec\u012bzu s\u0113\u0161anas dzi\u013cumu un vienm\u0113r\u012bgu m\u0113slojuma sadali.<\/li>\n<\/ul>\n<p><strong>3. Prec\u012bz\u0101s lauksaimniec\u012bbas apr\u012bkojums<\/strong><\/p>\n<ul>\n<li>FMP35 p\u0101rnesumk\u0101rba tiek izmantota prec\u012bz\u0101s lauksaimniec\u012bbas instrumentos, kuriem nepiecie\u0161ama augsta precizit\u0101te m\u0113slojuma iestr\u0101dei. T\u0101 darbina izklied\u0113\u0161anas iek\u0101rtas, lai nodro\u0161in\u0101tu, ka m\u0113slojums tiek izklied\u0113ts prec\u012bz\u0101 daudzum\u0101 un prec\u012bz\u0101s viet\u0101s, kas ir \u013coti svar\u012bgi, lai palielin\u0101tu ra\u017eu un samazin\u0101tu izejvielu izmaksas.<\/li>\n<li>T\u0101 sp\u0113ja apstr\u0101d\u0101t main\u012bgas m\u0113slojuma devas padara to piem\u0113rotu augsto tehnolo\u0123iju sist\u0113m\u0101m, kas piel\u0101go m\u0113slojuma lieto\u0161anu atkar\u012bb\u0101 no augsnes apst\u0101k\u013ciem, kult\u016braugu pras\u012bb\u0101m un lauka kart\u0113m.<\/li>\n<\/ul>\n<p><strong>4. Pneimatisk\u0101s s\u0113jma\u0161\u012bnas sist\u0113mas<\/strong><\/p>\n<ul>\n<li>Pneimatisko s\u0113jma\u0161\u012bnu sist\u0113m\u0101s, ko izmanto gan s\u0113klu s\u0113\u0161anai, gan m\u0113slo\u0161anas l\u012bdzek\u013cu lieto\u0161anai, FMP35 p\u0101rnesumk\u0101rbai ir galven\u0101 loma sadales ventilatoru un doz\u0113\u0161anas sist\u0113mu darbin\u0101\u0161an\u0101. T\u0101 nodro\u0161ina, ka m\u0113slojums un s\u0113klas tiek pieg\u0101d\u0101tas prec\u012bzi un vienm\u0113r\u012bgi uz zemes.<\/li>\n<li>P\u0101rnesumk\u0101rba pal\u012bdz kontrol\u0113t pl\u016bsmas \u0101trumu un \u0101trumu, padarot to par b\u016btisku sast\u0101vda\u013cu, lai nodro\u0161in\u0101tu, ka m\u0113slojums tiek uzkl\u0101ts pareizaj\u0101 daudzum\u0101 un pareizaj\u0101 laik\u0101.<\/li>\n<\/ul>\n<p><strong>5. Graudu un p\u0101k\u0161augu izklied\u0113\u0161anas ma\u0161\u012bnas<\/strong><\/p>\n<ul>\n<li>FMP35 p\u0101rnesumk\u0101rba tiek izmantota izklied\u0113\u0161anas ma\u0161\u012bn\u0101s, kas paredz\u0113tas m\u0113slo\u0161anas l\u012bdzek\u013cu un citu materi\u0101lu, piem\u0113ram, ka\u013c\u0137a vai s\u0113klu, izklied\u0113\u0161anai liel\u0101s plat\u012bb\u0101s. T\u0101 nodro\u0161ina vienm\u0113r\u012bgu m\u0113slojuma vai s\u0113klu izkliedi, kas ir \u012bpa\u0161i svar\u012bgi t\u0101d\u0101m kult\u016br\u0101m k\u0101 graudaugi un p\u0101k\u0161augi, kur\u0101m ir nepiecie\u0161ams vienm\u0113r\u012bgs m\u0113slojuma p\u0101rkl\u0101jums.<\/li>\n<li>Tas pal\u012bdz maksim\u0101li palielin\u0101t ra\u017eu, vienlaikus samazinot m\u0113slojuma atkritumus un nodro\u0161inot, ka augsn\u0113 non\u0101k pareizais bar\u012bbas vielu daudzums.<\/li>\n<\/ul>\n<p>FMP35 m\u0113slojuma s\u0113jma\u0161\u012bnas p\u0101rnesumk\u0101rba ir b\u016btiska sast\u0101vda\u013ca pla\u0161\u0101 lauksaimniec\u012bbas tehnikas kl\u0101st\u0101, kas uzlabo efektivit\u0101ti, precizit\u0101ti un produktivit\u0101ti. T\u0101s daudzpus\u012bba un iztur\u012bba padara to par ide\u0101lu izv\u0113li lauksaimniekiem un operatoriem, kuri v\u0113las optimiz\u0113t savas m\u0113slojuma lieto\u0161anas sist\u0113mas da\u017e\u0101diem kult\u016braugu veidiem un lauka apst\u0101k\u013ciem.<\/p>\n<p><img loading=\"lazy\" decoding=\"async\" class=\"alignnone size-full wp-image-3055\" src=\"https:\/\/fmp-components.com\/wp-content\/uploads\/2025\/01\/Fertilizer-Seeder-Gearbox-Agriculture-Applications-scaled.webp\" alt=\"M\u0113slojums-S\u0113jma\u0161\u012bna-P\u0101rnesumk\u0101rba-Lauksaimniec\u012bba-Lietojumi\" width=\"2560\" height=\"892\" title=\"\" srcset=\"https:\/\/fmp-components.com\/wp-content\/uploads\/2025\/01\/Fertilizer-Seeder-Gearbox-Agriculture-Applications-scaled.webp 2560w, https:\/\/fmp-components.com\/wp-content\/uploads\/2025\/01\/Fertilizer-Seeder-Gearbox-Agriculture-Applications-1280x446.webp 1280w, https:\/\/fmp-components.com\/wp-content\/uploads\/2025\/01\/Fertilizer-Seeder-Gearbox-Agriculture-Applications-980x341.webp 980w, https:\/\/fmp-components.com\/wp-content\/uploads\/2025\/01\/Fertilizer-Seeder-Gearbox-Agriculture-Applications-480x167.webp 480w\" sizes=\"(min-width: 0px) and (max-width: 480px) 480px, (min-width: 481px) and (max-width: 980px) 980px, (min-width: 981px) and (max-width: 1280px) 1280px, (min-width: 1281px) 2560px, 100vw\" \/><\/p>\n<h2>Par FMP<\/h2>\n<p>FMP galven\u0101 m\u012btne atrodas It\u0101lij\u0101, un tas ir vado\u0161ais ra\u017eot\u0101js, kas paz\u012bstams ar savu pieredzi augstas veiktsp\u0113jas p\u0101rnesumk\u0101rbu projekt\u0113\u0161an\u0101, izstr\u0101d\u0113 un ra\u017eo\u0161an\u0101, \u012bpa\u0161i koncentr\u0113joties uz lauksaimniec\u012bbas tehnikas nozari. Atz\u012bts par prec\u012bzu in\u017eenieriju, inovat\u012bviem risin\u0101jumiem un nelok\u0101mu uzticam\u012bbu, FMP ir izveidojis uzticama partnera reput\u0101ciju gan lauksaimniec\u012bbas, gan r\u016bpniec\u012bbas nozar\u0113. M\u016bsu pla\u0161aj\u0101 produktu kl\u0101st\u0101 ietilpst z\u0101les p\u013c\u0101v\u0113ju p\u0101rnesumk\u0101rbas p\u0113c pas\u016bt\u012bjuma, j\u016bgv\u0101rpstas un pla\u0161s b\u016btisku komponentu kl\u0101sts, kas visi ir izstr\u0101d\u0101ti, lai apmierin\u0101tu da\u017e\u0101du pielietojumu \u012bpa\u0161\u0101s pras\u012bbas.<\/p>\n<p>Uz\u0146\u0113mum\u0101 FMP m\u0113s apzin\u0101mies, ka katram klientam ir at\u0161\u0137ir\u012bgas probl\u0113mas un pras\u012bbas. T\u0101p\u0113c m\u0113s specializ\u0113jamies piel\u0101gotu risin\u0101jumu pied\u0101v\u0101\u0161an\u0101 \u2014 gan atsevi\u0161\u0137iem komponentiem, gan piln\u012bb\u0101 integr\u0113t\u0101m sist\u0113m\u0101m. Cie\u0161i sadarbojoties ar klientiem, m\u0113s nodro\u0161in\u0101m, ka katrs risin\u0101jums ne tikai atbilst vi\u0146u unik\u0101laj\u0101m vajadz\u012bb\u0101m, bet ar\u012b uzlabo veiktsp\u0113ju un palielina v\u0113rt\u012bbu. M\u016bsu ap\u0146em\u0161an\u0101s sniegt \u0101tras un profesion\u0101las atbildes un ekspertu nor\u0101d\u012bjumus nodro\u0161ina, ka katrs piepras\u012bjums tiek prec\u012bzi risin\u0101ts, katru reizi nodro\u0161inot optim\u0101lus rezult\u0101tus.<\/p>\n<p>M\u0113s priorit\u0101ri pie\u0161\u0137iram p\u0101rredzamu un nep\u0101rtrauktu komunik\u0101ciju vis\u0101 produktu izstr\u0101des cikl\u0101. M\u016bsu \u012bpa\u0161i izveidot\u0101 komanda str\u0101d\u0101 tie\u0161i ar klientiem, lai piln\u012bb\u0101 izprastu vi\u0146u vajadz\u012bbas un sniegtu v\u0113rt\u012bgas atzi\u0146as un ieteikumus lab\u0101ko rezult\u0101tu sasnieg\u0161anai. Neatkar\u012bgi no t\u0101, vai m\u0113s projekt\u0113jam modernus produktus vai izpild\u0101m ikdienas pas\u016bt\u012bjumus, FMP ir ap\u0146\u0113mies vienm\u0113r savlaic\u012bgi pieg\u0101d\u0101t augstas kvalit\u0101tes, prec\u012bzi izstr\u0101d\u0101tus risin\u0101jumus. M\u016bsu m\u0113r\u0137is ir past\u0101v\u012bgi p\u0101rsniegt klientu cer\u012bbas, pied\u0101v\u0101jot izcilu servisu un rezult\u0101tus katr\u0101 projekt\u0101.<\/p>\n<p>Kvalit\u0101te ir FMP darb\u012bbas pamat\u0101. M\u0113s iev\u0113rojam augst\u0101kos ra\u017eo\u0161anas standartus un ievie\u0161am stingras kvalit\u0101tes kontroles procesus, lai nodro\u0161in\u0101tu, ka katrs produkts atbilst un bie\u017ei vien p\u0101rsniedz nozares standartus. \u0160\u012b ap\u0146em\u0161an\u0101s sasniegt izcil\u012bbu l\u012bdz\u0101s m\u016bsu pamatv\u0113rt\u012bb\u0101m \u2013 godpr\u0101t\u012bbai, komandas darbam un neatlaid\u012bbai \u2013 ir \u013c\u0101vusi mums veidot ilgsto\u0161as, uz uztic\u012bbu balst\u012btas attiec\u012bbas ar klientiem gandr\u012bz 30 valst\u012bs vis\u0101 pasaul\u0113.<\/p>\n<p>FMP vienm\u0113r v\u0113las veidot glob\u0101las partnerattiec\u012bbas un joproj\u0101m ir ap\u0146\u0113mies sniegt ekspertu padomus un piel\u0101gotus risin\u0101jumus, kas atbilst m\u016bsu klientu main\u012bgaj\u0101m vajadz\u012bb\u0101m. M\u0113s ejam t\u0101l\u0101k par vienk\u0101r\u0161u produktu pieg\u0101di \u2014 m\u016bsu m\u0113r\u0137is ir izveidot ilgtermi\u0146a, abpus\u0113ji izdev\u012bgas partner\u012bbas, kas veicina katra projekta pan\u0101kumus. Neatkar\u012bgi no t\u0101, vai jums ir nepiecie\u0161ami inovat\u012bvi risin\u0101jumi jaunai iniciat\u012bvai vai past\u0101v\u012bgs atbalsts eso\u0161ai sist\u0113mai, FMP ir gatavs jums pal\u012bdz\u0113t p\u0101rvar\u0113t tehniskas probl\u0113mas un nodro\u0161in\u0101t j\u016bsu turpm\u0101kos pan\u0101kumus.<\/p>\n<p><img loading=\"lazy\" decoding=\"async\" class=\"alignnone wp-image-2695\" src=\"https:\/\/fmp-components.com\/wp-content\/uploads\/2025\/01\/agricultural-gearbox3.webp\" alt=\"lauksaimniec\u012bbas p\u0101rnesumk\u0101rba\" width=\"1140\" height=\"1138\" title=\"\" srcset=\"https:\/\/fmp-components.com\/wp-content\/uploads\/2025\/01\/agricultural-gearbox3.webp 1140w, https:\/\/fmp-components.com\/wp-content\/uploads\/2025\/01\/agricultural-gearbox3-480x479.webp 480w\" sizes=\"(min-width: 0px) and (max-width: 480px) 480px, (min-width: 481px) 1140px, 100vw\" \/><\/p>\n<p>Autors: CX<\/p>\n<p>&nbsp;<\/p>\n<\/div>\n<\/div>\n<\/div>\n<\/div>\n<\/div>\n<\/div>\n<\/div>\n<\/div>\n<\/article>","protected":false},"excerpt":{"rendered":"<p>Fertilizer Seeder Gearbox FMP35 Dimensions Fertilizer Seeder Gearbox FMP35 Technical Data i Suitable Rpm input Rpm output Output torque Weight Toothing r\/min r\/min N.m kg Decelerate 24.3:1 Fertilizer broadcaster, etc 1000 41 3500 47 Gleason Helical Teeth Remark: If you have any special require feel free let me know, we also accept custom. A B [&hellip;]<\/p>","protected":false},"featured_media":3056,"comment_status":"open","ping_status":"closed","template":"","meta":{"_et_pb_use_builder":"","_et_pb_old_content":"","_et_gb_content_width":""},"product_brand":[],"product_cat":[71],"product_tag":[],"class_list":{"0":"post-3052","1":"product","2":"type-product","3":"status-publish","4":"has-post-thumbnail","6":"product_cat-fertilizer-seeder-gearbox","8":"first","9":"instock","10":"shipping-taxable","11":"product-type-simple"},"_links":{"self":[{"href":"https:\/\/fmp-components.com\/lv\/wp-json\/wp\/v2\/product\/3052","targetHints":{"allow":["GET"]}}],"collection":[{"href":"https:\/\/fmp-components.com\/lv\/wp-json\/wp\/v2\/product"}],"about":[{"href":"https:\/\/fmp-components.com\/lv\/wp-json\/wp\/v2\/types\/product"}],"replies":[{"embeddable":true,"href":"https:\/\/fmp-components.com\/lv\/wp-json\/wp\/v2\/comments?post=3052"}],"wp:featuredmedia":[{"embeddable":true,"href":"https:\/\/fmp-components.com\/lv\/wp-json\/wp\/v2\/media\/3056"}],"wp:attachment":[{"href":"https:\/\/fmp-components.com\/lv\/wp-json\/wp\/v2\/media?parent=3052"}],"wp:term":[{"taxonomy":"product_brand","embeddable":true,"href":"https:\/\/fmp-components.com\/lv\/wp-json\/wp\/v2\/product_brand?post=3052"},{"taxonomy":"product_cat","embeddable":true,"href":"https:\/\/fmp-components.com\/lv\/wp-json\/wp\/v2\/product_cat?post=3052"},{"taxonomy":"product_tag","embeddable":true,"href":"https:\/\/fmp-components.com\/lv\/wp-json\/wp\/v2\/product_tag?post=3052"}],"curies":[{"name":"wp","href":"https:\/\/api.w.org\/{rel}","templated":true}]}}