{"id":3047,"date":"2025-01-04T07:16:41","date_gmt":"2025-01-04T07:16:41","guid":{"rendered":"https:\/\/fmp-components.com\/?page_id=8"},"modified":"2025-01-04T07:16:41","modified_gmt":"2025-01-04T07:16:41","slug":"double-disc-silage-machine-gearbox-fmp-qz115-for-silage-machines","status":"publish","type":"product","link":"https:\/\/fmp-components.com\/lv\/product\/double-disc-silage-machine-gearbox-fmp-qz115-for-silage-machines\/","title":{"rendered":"Divu disku sk\u0101bbar\u012bbas ma\u0161\u012bnas p\u0101rnesumk\u0101rba FMP-QZ115 sk\u0101bbar\u012bbas ma\u0161\u012bn\u0101m"},"content":{"rendered":"<h2>Divu disku sk\u0101bbar\u012bbas ma\u0161\u012bnas p\u0101rnesumk\u0101rba FMP-QZ115 Tehniskie dati<\/h2>\n<p><img loading=\"lazy\" decoding=\"async\" class=\"alignnone size-full wp-image-3049\" src=\"https:\/\/fmp-components.com\/wp-content\/uploads\/2025\/01\/Double-Disc-Silage-Machine-Gearbox-EP-QZ115-Dimensions.webp\" alt=\"Divu disku sk\u0101bbar\u012bbas ma\u0161\u012bnas p\u0101rnesumk\u0101rba EP-QZ115 izm\u0113ri\" width=\"1237\" height=\"890\" title=\"\" srcset=\"https:\/\/fmp-components.com\/wp-content\/uploads\/2025\/01\/Double-Disc-Silage-Machine-Gearbox-EP-QZ115-Dimensions.webp 1237w, https:\/\/fmp-components.com\/wp-content\/uploads\/2025\/01\/Double-Disc-Silage-Machine-Gearbox-EP-QZ115-Dimensions-980x705.webp 980w, https:\/\/fmp-components.com\/wp-content\/uploads\/2025\/01\/Double-Disc-Silage-Machine-Gearbox-EP-QZ115-Dimensions-480x345.webp 480w\" sizes=\"(min-width: 0px) and (max-width: 480px) 480px, (min-width: 481px) and (max-width: 980px) 980px, (min-width: 981px) 1237px, 100vw\" \/><\/p>\n<h2>Divu disku sk\u0101bbar\u012bbas ma\u0161\u012bnas p\u0101rnesumk\u0101rba FMP-QZ115 Tehniskie dati<\/h2>\n<table style=\"width: 92.4037%; height: 146px;\" border=\"1\" cellspacing=\"0\" cellpadding=\"0\">\n<tbody>\n<tr>\n<td colspan=\"2\" rowspan=\"2\">es<\/td>\n<td rowspan=\"2\">Piem\u0113rots<\/td>\n<td>Apgriezienu skaita ievade<\/td>\n<td>Apgriezienu skaita izeja<\/td>\n<td>Izejas griezes moments<\/td>\n<td>Svars<\/td>\n<td rowspan=\"2\">Zobu veido\u0161an\u0101s<\/td>\n<\/tr>\n<tr>\n<td>apgr.\/min<\/td>\n<td>apgr.\/min<\/td>\n<td>Nm<\/td>\n<td>kg<\/td>\n<\/tr>\n<tr>\n<td>Pal\u0113nin\u0101t<\/td>\n<td>1: 1<\/td>\n<td>sk\u0101bbar\u012bbas ma\u0161\u012bnas utt.<\/td>\n<td>1000<\/td>\n<td>1000<\/td>\n<td>580<\/td>\n<td>35<\/td>\n<td>Gl\u012bsona spir\u0101lveida<br \/>\nZobi<\/td>\n<\/tr>\n<tr>\n<td colspan=\"8\">Piez\u012bme: Ja jums ir k\u0101das \u012bpa\u0161as pras\u012bbas, nekautr\u0113jieties man pazi\u0146ot, m\u0113s pie\u0146emam ar\u012b pas\u016bt\u012bjumu.<\/td>\n<\/tr>\n<\/tbody>\n<\/table>\n<table style=\"height: 128px; width: 92.5728%;\" border=\"1\" width=\"1005\" cellspacing=\"0\" cellpadding=\"0\">\n<tbody>\n<tr>\n<td style=\"width: 27.4354%;\">A<\/td>\n<td style=\"width: 16.6998%;\">B<\/td>\n<td style=\"width: 27.9324%;\">C<\/td>\n<td style=\"width: 28.329%;\">D<\/td>\n<\/tr>\n<tr>\n<td style=\"width: 27.4354%;\">\u03a645<\/td>\n<td style=\"width: 16.6998%;\">14<\/td>\n<td style=\"width: 27.9324%;\">39.5<\/td>\n<td style=\"width: 28.329%;\">M14<\/td>\n<\/tr>\n<tr>\n<td style=\"width: 27.4354%;\">\u03a640<\/td>\n<td style=\"width: 16.6998%;\">12<\/td>\n<td style=\"width: 27.9324%;\">35<\/td>\n<td style=\"width: 28.329%;\">M12<\/td>\n<\/tr>\n<tr>\n<td style=\"width: 27.4354%;\">\u03a635<\/td>\n<td style=\"width: 16.6998%;\">10<\/td>\n<td style=\"width: 27.9324%;\">30<\/td>\n<td style=\"width: 28.329%;\">M12<\/td>\n<\/tr>\n<\/tbody>\n<\/table>\n<h2>Divu disku sk\u0101bbar\u012bbas ma\u0161\u012bnas p\u0101rnesumk\u0101rbas FMP-QZ115 priek\u0161roc\u012bbas<\/h2>\n<p>Divu disku sk\u0101bbar\u012bbas ma\u0161\u012bnas p\u0101rnesumk\u0101rba FMP-QZ115 pied\u0101v\u0101 virkni priek\u0161roc\u012bbu, kas paredz\u0113tas sk\u0101bbar\u012bbas nov\u0101k\u0161anas darb\u012bbu efektivit\u0101tes, uzticam\u012bbas un veiktsp\u0113jas uzlabo\u0161anai. \u0160\u012b p\u0101rnesumk\u0101rba, kas \u012bpa\u0161i izstr\u0101d\u0101ta ma\u0161\u012bn\u0101m ar dubultiem grie\u0161anas diskiem, sp\u0113l\u0113 galveno lomu sk\u0101bbar\u012bbas nov\u0101k\u0161anas proces\u0101, nodro\u0161inot vienm\u0113r\u012bgu un prec\u012bzu darb\u012bbu. \u0160eit ir galven\u0101s FMP-QZ115 priek\u0161roc\u012bbas:<\/p>\n<p><strong>1. Augsta jaudas efektivit\u0101te un griezes momenta p\u0101rraide<\/strong><\/p>\n<ul>\n<li>FMP-QZ115 p\u0101rnesumk\u0101rba ir paredz\u0113ta darbam ar lielu griezes momentu, nodro\u0161inot efekt\u012bvu jaudas p\u0101rnesi no traktora j\u016bgv\u0101rpstas (jaudas no\u0146em\u0161anas v\u0101rpstas) uz sk\u0101bbar\u012bbas ma\u0161\u012bnas grie\u0161anas diskiem.<\/li>\n<li>T\u0101 iztur\u012bg\u0101 konstrukcija nodro\u0161ina vienm\u0113r\u012bgu jaudas sadal\u012bjumu starp abiem griez\u0113jdiskiem, nodro\u0161inot nemain\u012bgu grie\u0161anas sp\u0113ku vis\u0101 heder\u0101.<\/li>\n<li>P\u0101rnesumk\u0101rba samazina jaudas zudumus, maksim\u0101li palielinot sk\u0101bbar\u012bbas ma\u0161\u012bnas kop\u0113jo veiktsp\u0113ju.<\/li>\n<\/ul>\n<p><strong>2. Prec\u012bza grie\u0161ana augstas kvalit\u0101tes sk\u0101bbar\u012bbai<\/strong><\/p>\n<ul>\n<li>Divk\u0101r\u0161o disku sist\u0113ma, ko darbina FMP-QZ115 p\u0101rnesumk\u0101rba, \u013cauj sagriezt lopbar\u012bbas kult\u016bras vien\u0101da lieluma gabalos, kas ir b\u016btiski augstas kvalit\u0101tes sk\u0101bbar\u012bbas nodro\u0161in\u0101\u0161anai.<\/li>\n<li>Grie\u0161anas disku sinhroniz\u0113t\u0101 darb\u012bba nodro\u0161ina prec\u012bzu un vienm\u0113r\u012bgu smalcin\u0101\u0161anas garumu, kas ir \u013coti svar\u012bgi pareizai ferment\u0101cijai un optim\u0101lai sk\u0101bbar\u012bbas uzglab\u0101\u0161anai.<\/li>\n<li>Prec\u012bzi nop\u013caujot, sk\u0101bbar\u012bba ir lab\u0101k piem\u0113rota m\u0101jlopu sagremo\u0161anai, uzlabojot bar\u012bbas uzturv\u0113rt\u012bbu.<\/li>\n<\/ul>\n<p><strong>3. Iztur\u012bba un ilgm\u016b\u017e\u012bba<\/strong><\/p>\n<ul>\n<li>FMP-QZ115 p\u0101rnesumk\u0101rba ir izgatavota no iztur\u012bgiem materi\u0101liem un uzlabotas in\u017eenierijas, nodro\u0161inot ilgsto\u0161u veiktsp\u0113ju pat sare\u017e\u0123\u012btos lauksaimniec\u012bbas apst\u0101k\u013cos.<\/li>\n<li>Tas ir izstr\u0101d\u0101ts efekt\u012bvai darb\u012bbai skarbos apst\u0101k\u013cos, tostarp lielas slodzes, mitruma un net\u012brumu iedarb\u012bbas gad\u012bjum\u0101, neapdraudot uzticam\u012bbu.<\/li>\n<li>P\u0101rnesumk\u0101rbas augstas kvalit\u0101tes konstrukcija pagarina ma\u0161\u012bnas kalpo\u0161anas laiku, samazinot nepiecie\u0161am\u012bbu p\u0113c bie\u017ea remonta un apkopes.<\/li>\n<\/ul>\n<p><strong>4. Kompakts un viegls dizains<\/strong><\/p>\n<ul>\n<li>FMP-QZ115 p\u0101rnesumk\u0101rba ir kompakta un viegla, t\u0101p\u0113c to ir viegl\u0101k integr\u0113t sk\u0101bbar\u012bbas ma\u0161\u012bn\u0101, nepalielinot nevajadz\u012bgu svaru vai apjomu.<\/li>\n<li>Tas veicina ma\u0161\u012bnas kop\u0113jo veikl\u012bbu un manevr\u0113tsp\u0113ju, nodro\u0161inot lab\u0101ku vad\u0101m\u012bbu un samazinot traktora ekspluat\u0101cijas slodzi.<\/li>\n<\/ul>\n<p><strong>5. Samazin\u0101tas apkopes pras\u012bbas<\/strong><\/p>\n<ul>\n<li>P\u0101rnesumk\u0101rba ir konstru\u0113ta ar mazpras\u012bgu apkopi, ietverot nosl\u0113gtus gult\u0146us un uzlabotas e\u013c\u013co\u0161anas sist\u0113mas, kas samazina iek\u0161\u0113jo deta\u013cu nodilumu.<\/li>\n<li>Tas samazina d\u012bkst\u0101ves laiku un kop\u0113j\u0101s ekspluat\u0101cijas izmaksas, samazinot apkopes un servisa vajadz\u012bbas.<\/li>\n<li>Pa\u0161e\u013c\u013cojo\u0161\u0101s funkcijas nodro\u0161ina, ka iek\u0161\u0113j\u0101s deta\u013cas paliek pien\u0101c\u012bgi iee\u013c\u013cotas, t\u0101d\u0113j\u0101di nodro\u0161inot vienm\u0113r\u012bg\u0101ku darb\u012bbu un liel\u0101ku uzticam\u012bbu.<\/li>\n<\/ul>\n<p>FMP-QZ115 divu disku sk\u0101bbar\u012bbas ma\u0161\u012bnas p\u0101rnesumk\u0101rba nodro\u0161ina izcilu iztur\u012bbas, precizit\u0101tes un efektivit\u0101tes kombin\u0101ciju, padarot to par ide\u0101lu izv\u0113li m\u016bsdien\u012bg\u0101m sk\u0101bbar\u012bbas nov\u0101k\u0161anas darb\u012bb\u0101m. T\u0101s uzlabot\u0101s funkcijas uzlabo sk\u0101bbar\u012bbas kop\u0113jo kvalit\u0101ti, samazina apkopes izmaksas un palielina gan p\u0101rnesumk\u0101rbas, gan ma\u0161\u012bnas kalpo\u0161anas laiku, k\u0101 rezult\u0101t\u0101 ra\u017eas nov\u0101k\u0161anas process ir produkt\u012bv\u0101ks un rentabl\u0101ks.<\/p>\n<p><img loading=\"lazy\" decoding=\"async\" class=\"alignnone  wp-image-3042\" src=\"https:\/\/fmp-components.com\/wp-content\/uploads\/2025\/01\/Silage-Machine-Gearbox-EP-QZ-QGXRL-for-German-Champion-Four-Disc-Type-3500-Applications-2-1024x641-1.webp\" alt=\"Sk\u0101bbar\u012bbas-ma\u0161\u012bnas-reduktors-EP-QZ-QGXRL-v\u0101cu-\u010dempiona-\u010detru-disku-tipa-3500-pieteikumiem-2-1024x641\" width=\"1093\" height=\"684\" title=\"\" srcset=\"https:\/\/fmp-components.com\/wp-content\/uploads\/2025\/01\/Silage-Machine-Gearbox-EP-QZ-QGXRL-for-German-Champion-Four-Disc-Type-3500-Applications-2-1024x641-1.webp 1093w, https:\/\/fmp-components.com\/wp-content\/uploads\/2025\/01\/Silage-Machine-Gearbox-EP-QZ-QGXRL-for-German-Champion-Four-Disc-Type-3500-Applications-2-1024x641-1-980x613.webp 980w, https:\/\/fmp-components.com\/wp-content\/uploads\/2025\/01\/Silage-Machine-Gearbox-EP-QZ-QGXRL-for-German-Champion-Four-Disc-Type-3500-Applications-2-1024x641-1-480x300.webp 480w\" sizes=\"(min-width: 0px) and (max-width: 480px) 480px, (min-width: 481px) and (max-width: 980px) 980px, (min-width: 981px) 1093px, 100vw\" \/><\/p>\n<h2>Divdisku sk\u0101bbar\u012bbas ma\u0161\u012bnas p\u0101rnesumk\u0101rbas FMP-QZ115 pielietojums<\/h2>\n<p>FMP-QZ115 divu disku sk\u0101bbar\u012bbas ma\u0161\u012bnas p\u0101rnesumk\u0101rba ir \u012bpa\u0161i izstr\u0101d\u0101ta, lai uzlabotu sk\u0101bbar\u012bbas nov\u0101k\u0161anas darb\u012bbu un efektivit\u0101ti. T\u0101s iztur\u012bg\u0101s konstrukcijas un prec\u012bz\u0101s \u012bpa\u0161\u012bbas padara to piem\u0113rotu pla\u0161am lauksaimniec\u012bbas pielietojumu kl\u0101stam. T\u0101l\u0101k ir nor\u0101d\u012bti FMP-QZ115 p\u0101rnesumk\u0101rbas galvenie pielietojumi:<\/p>\n<p><strong>1. Sk\u0101bbar\u012bbas nov\u0101k\u0161ana<\/strong><\/p>\n<ul>\n<li>FMP-QZ115 p\u0101rnesumk\u0101rba galvenok\u0101rt tiek izmantota sk\u0101bbar\u012bbas nov\u0101k\u0161anas ma\u0161\u012bn\u0101s, kur t\u0101 darbina dubultos griez\u0113jdiskus, kas ir atbild\u012bgi par lopbar\u012bbas kult\u016bru sasmalcin\u0101\u0161anu mazos, vien\u0101dos gabalos. \u0160\u012bs smalki sagriezt\u0101s da\u013cas p\u0113c tam tiek apstr\u0101d\u0101tas un uzglab\u0101tas k\u0101 sk\u0101bbar\u012bba.<\/li>\n<li>P\u0101rnesumk\u0101rba nodro\u0161ina, ka jauda no traktora j\u016bgv\u0101rpstas (jaudas no\u0146em\u0161anas v\u0101rpstas) tiek efekt\u012bvi p\u0101rnesta uz abiem grie\u0161anas diskiem, nodro\u0161inot vienm\u0113r\u012bgu un uzticamu veiktsp\u0113ju sk\u0101bbar\u012bbas nov\u0101k\u0161anas proces\u0101.<\/li>\n<\/ul>\n<p><strong>2. Lopbar\u012bbas p\u013cau\u0161ana un smalcin\u0101\u0161ana<\/strong><\/p>\n<ul>\n<li>P\u0101rnesumk\u0101rba ir neat\u0146emama ma\u0161\u012bnu sast\u0101vda\u013ca, kas smalcina da\u017e\u0101das lopbar\u012bbas kult\u016bras, tostarp kukur\u016bzu, z\u0101li, lucernu un citus sk\u0101bbar\u012bbai draudz\u012bgus augus.<\/li>\n<li>Tas nodro\u0161ina prec\u012bzu un vienm\u0113r\u012bgu smalcin\u0101\u0161anu, kas ir b\u016btiski sk\u0101bbar\u012bbas kvalit\u0101tes un konsistences nodro\u0161in\u0101\u0161anai. Vienm\u0113r\u012bgais smalcin\u0101\u0161anas garums uzlabo ferment\u0101cijas procesu un sk\u0101bbar\u012bbas kop\u0113jo uzturv\u0113rt\u012bbu, padarot to par svar\u012bgu instrumentu gan maza, gan liela m\u0113roga lopbar\u012bbas ra\u017eo\u0161an\u0101.<\/li>\n<\/ul>\n<p><strong>3. Daudzdisku lopbar\u012bbas nov\u0101c\u0113ji<\/strong><\/p>\n<ul>\n<li>FMP-QZ115 ir \u012bpa\u0161i piem\u0113rots daudzdisku lopbar\u012bbas nov\u0101k\u0161anas sist\u0113m\u0101m, kur tas vienlaikus darbina divus grie\u0161anas diskus. Tas nodro\u0161ina sinhroniz\u0113tu darb\u012bbu, \u013caujot efekt\u012bvi un vienm\u0113r\u012bgi apstr\u0101d\u0101t kult\u016braugus.<\/li>\n<li>Vienlaikus darbinot vair\u0101kus diskus, p\u0101rnesumk\u0101rba uzlabo grie\u0161anas precizit\u0101ti un palielina visas sk\u0101bbar\u012bbas ma\u0161\u012bnas produktivit\u0101ti.<\/li>\n<\/ul>\n<p><strong>4. Siena ra\u017eo\u0161ana<\/strong><\/p>\n<ul>\n<li>P\u0101rnesumk\u0101rbu var izmantot ar\u012b siena ra\u017eo\u0161an\u0101, ko ieg\u016bst, sasmalcinot un uzglab\u0101jot z\u0101li vai p\u0101k\u0161augus ar augst\u0101ku mitruma saturu nek\u0101 tradicion\u0101lajam sienam.<\/li>\n<li>FMP-QZ115 nodro\u0161ina, ka grie\u0161anas meh\u0101nisms var apstr\u0101d\u0101t mitr\u0101ku materi\u0101lu, kas parasti saist\u012bts ar siena ra\u017eo\u0161anu, nezaud\u0113jot efektivit\u0101ti vai grie\u0161anas kvalit\u0101ti.<\/li>\n<\/ul>\n<p><strong>5. Lauksaimniec\u012bbas pielietojumi ar lielu griezes momentu<\/strong><\/p>\n<ul>\n<li>FMP-QZ115 p\u0101rnesumk\u0101rba, kas paredz\u0113ta liela griezes momenta pras\u012bb\u0101m, ir ide\u0101li piem\u0113rota smagiem lauksaimniec\u012bbas darbiem, piem\u0113ram, bl\u012bvu, \u0161\u0137iedrainu kult\u016braugu vai resnu stubl\u0101ju p\u013cau\u0161anai. T\u0101s iztur\u012bg\u0101 konstrukcija nodro\u0161ina, ka t\u0101 var apstr\u0101d\u0101t sare\u017e\u0123\u012btus materi\u0101lus, piem\u0113ram, nobriedu\u0161us kukur\u016bzas stubl\u0101jus vai koksnainu lopbar\u012bbu, nodro\u0161inot lielu griezes momentu, neapdraudot veiktsp\u0113ju.<\/li>\n<li>T\u0101 augst\u0101 griezes momenta sp\u0113ja padara to piem\u0113rotu lieto\u0161anai noslogot\u0101s ra\u017eas nov\u0101k\u0161anas vid\u0113s, kur ir nepiecie\u0161ama past\u0101v\u012bga un uzticama jauda.<\/li>\n<\/ul>\n<p>FMP-QZ115 divu disku sk\u0101bbar\u012bbas kombaina p\u0101rnesumk\u0101rba ir b\u016btiska sk\u0101bbar\u012bbas kombainu efektivit\u0101tes, uzticam\u012bbas un precizit\u0101tes uzlabo\u0161anai. T\u0101s piel\u0101go\u0161an\u0101s sp\u0113ja da\u017e\u0101d\u0101m kult\u016br\u0101m, sp\u0113ja tikt gal\u0101 ar lielu griezes momentu un daudzpus\u012bgais dizains padara to par v\u0113rt\u012bgu komponentu lauksaimniec\u012bbas darb\u012bb\u0101m, kuru m\u0113r\u0137is ir optimiz\u0113t sk\u0101bbar\u012bbas ra\u017eo\u0161anu gan maz\u0101, gan liel\u0101 m\u0113rog\u0101.<\/p>\n<p><img loading=\"lazy\" decoding=\"async\" class=\"alignnone size-full wp-image-3051\" src=\"https:\/\/fmp-components.com\/wp-content\/uploads\/2025\/01\/Double-Disc-Silage-Machine-Gearbox-EP-QZ115-Applications.webp\" alt=\"Divu disku sk\u0101bbar\u012bbas ma\u0161\u012bnas p\u0101rnesumk\u0101rba EP-QZ115 pielietojums\" width=\"1024\" height=\"576\" title=\"\" srcset=\"https:\/\/fmp-components.com\/wp-content\/uploads\/2025\/01\/Double-Disc-Silage-Machine-Gearbox-EP-QZ115-Applications.webp 1024w, https:\/\/fmp-components.com\/wp-content\/uploads\/2025\/01\/Double-Disc-Silage-Machine-Gearbox-EP-QZ115-Applications-980x551.webp 980w, https:\/\/fmp-components.com\/wp-content\/uploads\/2025\/01\/Double-Disc-Silage-Machine-Gearbox-EP-QZ115-Applications-480x270.webp 480w\" sizes=\"(min-width: 0px) and (max-width: 480px) 480px, (min-width: 481px) and (max-width: 980px) 980px, (min-width: 981px) 1024px, 100vw\" \/><\/p>\n<h3>Par FMP<\/h3>\n<p>FMP galven\u0101 m\u012btne atrodas It\u0101lij\u0101, un tas ir vado\u0161ais ra\u017eot\u0101js, kas paz\u012bstams ar savu pieredzi augstas veiktsp\u0113jas p\u0101rnesumk\u0101rbu projekt\u0113\u0161an\u0101, izstr\u0101d\u0113 un ra\u017eo\u0161an\u0101, \u012bpa\u0161u uzsvaru liekot uz lauksaimniec\u012bbas tehnikas sektoru. FMP ir atz\u012bts par prec\u012bzu in\u017eenieriju, inovat\u012bviem risin\u0101jumiem un nelok\u0101mu uzticam\u012bbu, padarot sevi par uzticamu partneri gan lauksaimniec\u012bbas, gan r\u016bpniec\u012bbas nozar\u0113m. M\u016bsu visaptvero\u0161aj\u0101 produktu kl\u0101st\u0101 ietilpst p\u0113c pas\u016bt\u012bjuma izgatavotas p\u0101rnesumk\u0101rbas z\u0101les p\u013c\u0101v\u0113jiem, j\u016bgv\u0101rpstas un pla\u0161s b\u016btisku komponentu kl\u0101sts, kas visi ir piel\u0101goti da\u017e\u0101du pielietojumu da\u017e\u0101daj\u0101m pras\u012bb\u0101m.<\/p>\n<p>Uz\u0146\u0113mum\u0101 FMP m\u0113s saprotam, ka katrs klients saskaras ar unik\u0101liem izaicin\u0101jumiem un vajadz\u012bb\u0101m. T\u0101p\u0113c m\u0113s specializ\u0113jamies piel\u0101gotu risin\u0101jumu nodro\u0161in\u0101\u0161an\u0101, neatkar\u012bgi no t\u0101, vai tie ir paredz\u0113ti atsevi\u0161\u0137\u0101m komponent\u0113m vai piln\u012bb\u0101 integr\u0113t\u0101m sist\u0113m\u0101m. Cie\u0161i sadarbojoties ar m\u016bsu klientiem, m\u0113s nodro\u0161in\u0101m, ka katrs risin\u0101jums ne tikai atbilst vi\u0146u \u012bpa\u0161aj\u0101m pras\u012bb\u0101m, bet ar\u012b optimiz\u0113 veiktsp\u0113ju un sniedz iev\u0113rojamu pievienoto v\u0113rt\u012bbu. M\u016bsu ap\u0146em\u0161an\u0101s sniegt \u0101tras un profesion\u0101las atbildes un ekspertu konsult\u0101cijas garant\u0113, ka katrs piepras\u012bjums tiek apstr\u0101d\u0101ts prec\u012bzi, nodro\u0161inot vislab\u0101kos rezult\u0101tus katru reizi.<\/p>\n<p>M\u0113s uzsveram p\u0101rredzamu un nep\u0101rtrauktu komunik\u0101ciju vis\u0101 produktu izstr\u0101des proces\u0101. M\u016bsu pieredz\u0113jus\u012b komanda str\u0101d\u0101 tie\u0161i ar klientiem, lai ieg\u016btu dzi\u013cu izpratni par vi\u0146u vajadz\u012bb\u0101m, pied\u0101v\u0101jot noder\u012bgus ieteikumus optim\u0101lu rezult\u0101tu nodro\u0161in\u0101\u0161anai. Neatkar\u012bgi no t\u0101, vai m\u0113s rad\u0101m modernus produktus vai izpild\u0101m ikdienas pas\u016bt\u012bjumus, FMP ir ap\u0146\u0113mies nodro\u0161in\u0101t augstas kvalit\u0101tes, prec\u012bzi izstr\u0101d\u0101tus risin\u0101jumus, kas past\u0101v\u012bgi atbilst termi\u0146iem. M\u016bsu misija ir p\u0101rsniegt klientu cer\u012bbas, nodro\u0161inot izcilu servisu un rezult\u0101tus katr\u0101 projekt\u0101.<\/p>\n<p>Uz\u0146\u0113mum\u0101 FMP kvalit\u0101te ir visa m\u016bsu darba st\u016brakmens. M\u0113s iev\u0113rojam augst\u0101kos ra\u017eo\u0161anas standartus un izmantojam stingrus kvalit\u0101tes kontroles pas\u0101kumus, lai nodro\u0161in\u0101tu, ka katrs produkts ne tikai atbilst, bet ar\u012b p\u0101rsniedz nozares standartus. \u0160\u012b ap\u0146em\u0161an\u0101s sasniegt izcil\u012bbu apvienojum\u0101 ar m\u016bsu pamatv\u0113rt\u012bb\u0101m \u2013 integrit\u0101ti, komandas darbu un neatlaid\u012bbu \u2013 ir \u013c\u0101vusi mums veidot sp\u0113c\u012bgas, uz uztic\u012bbu balst\u012btas attiec\u012bbas ar klientiem gandr\u012bz 30 valst\u012bs vis\u0101 pasaul\u0113.<\/p>\n<p>FMP vienm\u0113r v\u0113las veicin\u0101t glob\u0101las partner\u012bbas un joproj\u0101m ir ap\u0146\u0113mies pied\u0101v\u0101t ekspertu padomus un piel\u0101gotus risin\u0101jumus, kas atbilst m\u016bsu klientu main\u012bgaj\u0101m vajadz\u012bb\u0101m. M\u0113s sniedzamies t\u0101l\u0101k par vienk\u0101r\u0161u produktu pieg\u0101di; m\u016bsu m\u0113r\u0137is ir izveidot ilgtermi\u0146a partner\u012bbas, kas veicina katra projekta pan\u0101kumus. Neatkar\u012bgi no t\u0101, vai jums ir nepiecie\u0161ami inovat\u012bvi risin\u0101jumi jaunai iniciat\u012bvai vai past\u0101v\u012bgs atbalsts eso\u0161ai sist\u0113mai, FMP ir gatavs pal\u012bdz\u0113t jums p\u0101rvar\u0113t tehnisk\u0101s probl\u0113mas un nodro\u0161in\u0101t j\u016bsu turpm\u0101kos pan\u0101kumus.<\/p>\n<p><img loading=\"lazy\" decoding=\"async\" class=\"alignnone wp-image-2695\" src=\"https:\/\/fmp-components.com\/wp-content\/uploads\/2025\/01\/agricultural-gearbox3.webp\" alt=\"lauksaimniec\u012bbas p\u0101rnesumk\u0101rba\" width=\"953\" height=\"951\" title=\"\" srcset=\"https:\/\/fmp-components.com\/wp-content\/uploads\/2025\/01\/agricultural-gearbox3.webp 953w, https:\/\/fmp-components.com\/wp-content\/uploads\/2025\/01\/agricultural-gearbox3-480x479.webp 480w\" sizes=\"(min-width: 0px) and (max-width: 480px) 480px, (min-width: 481px) 953px, 100vw\" \/><\/p>\n<p>Autors: CX<\/p>\n<p>&nbsp;<\/p>","protected":false},"excerpt":{"rendered":"<p>Double Disc Silage Machine Gearbox FMP-QZ115 Technical Data Double Disc Silage Machine Gearbox FMP-QZ115 Technical Data i Suitable Rpm input Rpm output Output torque Weight Toothing r\/min r\/min N.m kg Decelerate 1: 1 silage machines, etc 1000 1000 580 35 Gleason Helical Teeth Remark: If you have any special require feel free let me know, [&hellip;]<\/p>","protected":false},"featured_media":3050,"comment_status":"open","ping_status":"closed","template":"","meta":{"_et_pb_use_builder":"","_et_pb_old_content":"","_et_gb_content_width":""},"product_brand":[],"product_cat":[69],"product_tag":[],"class_list":{"0":"post-3047","1":"product","2":"type-product","3":"status-publish","4":"has-post-thumbnail","6":"product_cat-silage-machine-gearbox","8":"first","9":"instock","10":"shipping-taxable","11":"product-type-simple"},"_links":{"self":[{"href":"https:\/\/fmp-components.com\/lv\/wp-json\/wp\/v2\/product\/3047","targetHints":{"allow":["GET"]}}],"collection":[{"href":"https:\/\/fmp-components.com\/lv\/wp-json\/wp\/v2\/product"}],"about":[{"href":"https:\/\/fmp-components.com\/lv\/wp-json\/wp\/v2\/types\/product"}],"replies":[{"embeddable":true,"href":"https:\/\/fmp-components.com\/lv\/wp-json\/wp\/v2\/comments?post=3047"}],"wp:featuredmedia":[{"embeddable":true,"href":"https:\/\/fmp-components.com\/lv\/wp-json\/wp\/v2\/media\/3050"}],"wp:attachment":[{"href":"https:\/\/fmp-components.com\/lv\/wp-json\/wp\/v2\/media?parent=3047"}],"wp:term":[{"taxonomy":"product_brand","embeddable":true,"href":"https:\/\/fmp-components.com\/lv\/wp-json\/wp\/v2\/product_brand?post=3047"},{"taxonomy":"product_cat","embeddable":true,"href":"https:\/\/fmp-components.com\/lv\/wp-json\/wp\/v2\/product_cat?post=3047"},{"taxonomy":"product_tag","embeddable":true,"href":"https:\/\/fmp-components.com\/lv\/wp-json\/wp\/v2\/product_tag?post=3047"}],"curies":[{"name":"wp","href":"https:\/\/api.w.org\/{rel}","templated":true}]}}