{"id":3040,"date":"2025-01-04T06:52:23","date_gmt":"2025-01-04T06:52:23","guid":{"rendered":"https:\/\/fmp-components.com\/?page_id=8"},"modified":"2025-01-04T07:03:04","modified_gmt":"2025-01-04T07:03:04","slug":"silage-machine-gearbox-fmp-qz-qgxr-l-for-german-champion-four-disc-type-3500","status":"publish","type":"product","link":"https:\/\/fmp-components.com\/lv\/product\/silage-machine-gearbox-fmp-qz-qgxr-l-for-german-champion-four-disc-type-3500\/","title":{"rendered":"Sk\u0101bbar\u012bbas ma\u0161\u012bnas p\u0101rnesumk\u0101rba FMP-QZ-QGXR\/L German Champion \u010detru disku (3500. tips) traktoram"},"content":{"rendered":"<h2>Sk\u0101bbar\u012bbas ma\u0161\u012bnas reduktora FMP-QZ-QGXR\/L izm\u0113ri<\/h2>\n<p><img loading=\"lazy\" decoding=\"async\" class=\"alignnone size-full wp-image-3043\" src=\"https:\/\/fmp-components.com\/wp-content\/uploads\/2025\/01\/Silage-Machine-Gearbox-EP-QZ-QGXRL-Dimensions-1.webp\" alt=\"Sk\u0101bbar\u012bbas-Ma\u0161\u012bnas-Reduktors-FMP-QZ-QGXRL-Izm\u0113ri-1\" width=\"1522\" height=\"663\" title=\"\" srcset=\"https:\/\/fmp-components.com\/wp-content\/uploads\/2025\/01\/Silage-Machine-Gearbox-EP-QZ-QGXRL-Dimensions-1.webp 1522w, https:\/\/fmp-components.com\/wp-content\/uploads\/2025\/01\/Silage-Machine-Gearbox-EP-QZ-QGXRL-Dimensions-1-1280x558.webp 1280w, https:\/\/fmp-components.com\/wp-content\/uploads\/2025\/01\/Silage-Machine-Gearbox-EP-QZ-QGXRL-Dimensions-1-980x427.webp 980w, https:\/\/fmp-components.com\/wp-content\/uploads\/2025\/01\/Silage-Machine-Gearbox-EP-QZ-QGXRL-Dimensions-1-480x209.webp 480w\" sizes=\"(min-width: 0px) and (max-width: 480px) 480px, (min-width: 481px) and (max-width: 980px) 980px, (min-width: 981px) and (max-width: 1280px) 1280px, (min-width: 1281px) 1522px, 100vw\" \/> <img loading=\"lazy\" decoding=\"async\" class=\"alignnone size-full wp-image-3044\" src=\"https:\/\/fmp-components.com\/wp-content\/uploads\/2025\/01\/Silage-Machine-Gearbox-EP-QZ-QGXRL-Dimensions-2.webp\" alt=\"Sk\u0101bbar\u012bbas-Ma\u0161\u012bnas-Reduktors-FMP-QZ-QGXRL-Izm\u0113ri-2\" width=\"1420\" height=\"914\" title=\"\" srcset=\"https:\/\/fmp-components.com\/wp-content\/uploads\/2025\/01\/Silage-Machine-Gearbox-EP-QZ-QGXRL-Dimensions-2.webp 1420w, https:\/\/fmp-components.com\/wp-content\/uploads\/2025\/01\/Silage-Machine-Gearbox-EP-QZ-QGXRL-Dimensions-2-1280x824.webp 1280w, https:\/\/fmp-components.com\/wp-content\/uploads\/2025\/01\/Silage-Machine-Gearbox-EP-QZ-QGXRL-Dimensions-2-980x631.webp 980w, https:\/\/fmp-components.com\/wp-content\/uploads\/2025\/01\/Silage-Machine-Gearbox-EP-QZ-QGXRL-Dimensions-2-480x309.webp 480w\" sizes=\"(min-width: 0px) and (max-width: 480px) 480px, (min-width: 481px) and (max-width: 980px) 980px, (min-width: 981px) and (max-width: 1280px) 1280px, (min-width: 1281px) 1420px, 100vw\" \/><\/p>\n<h2>Sk\u0101bbar\u012bbas ma\u0161\u012bnas p\u0101rnesumk\u0101rbas FMP-QZ-QGXR\/L tehniskie dati<\/h2>\n<table style=\"width: 99.2126%;\" border=\"1\" cellspacing=\"0\" cellpadding=\"0\">\n<tbody>\n<tr>\n<td style=\"width: 13.0597%;\">V\u0101rds<\/td>\n<td style=\"width: 19.2164%;\">Piem\u0113rots<\/td>\n<td style=\"width: 25.5597%;\" colspan=\"2\">Pagrieziens<\/td>\n<td style=\"width: 16.2313%;\">galvenes s\u0113rija<\/td>\n<td style=\"width: 128.172%;\">Zobu veido\u0161an\u0101s<\/td>\n<\/tr>\n<tr>\n<td style=\"width: 13.0597%;\">grie\u0161anas kaste<\/td>\n<td style=\"width: 19.2164%;\">sk\u0101bbar\u012bbas ma\u0161\u012bnas<\/td>\n<td style=\"width: 9.14179%;\">kreisais pagrieziens<\/td>\n<td style=\"width: 16.4179%;\">dekstrorot\u0101cija<\/td>\n<td style=\"width: 16.2313%;\">3. s\u0113rija<\/td>\n<td style=\"width: 128.172%;\">Gl\u012bsona spir\u0101lveida zobi<\/td>\n<\/tr>\n<tr>\n<td style=\"width: 202.239%;\" colspan=\"6\">Piez\u012bme: Ja jums ir k\u0101das \u012bpa\u0161as pras\u012bbas, nekautr\u0113jieties man pazi\u0146ot, m\u0113s pie\u0146emam ar\u012b pas\u016bt\u012bjumu.<\/td>\n<\/tr>\n<\/tbody>\n<\/table>\n<h2>V\u0101cu Champion \u010detru disku (3500. tipa) sk\u0101bbar\u012bbas ma\u0161\u012bnas hedera p\u0101rnesumk\u0101rbas darb\u012bbas princips<\/h2>\n<p>V\u0101cu Champion \u010detru disku (3500.\u00a0tips) sk\u0101bbar\u012bbas ma\u0161\u012bnas hedera reduktora darb\u012bbas princips ir balst\u012bts uz efekt\u012bvu jaudas p\u0101rnesi no traktora j\u016bgv\u0101rpstas (jaudas no\u0146em\u0161anas v\u0101rpstas) uz sk\u0101bbar\u012bbas nov\u0101k\u0161anas ma\u0161\u012bnas grie\u0161anas un apstr\u0101des komponentiem. \u0160\u012b reduktora ir neat\u0146emama ma\u0161\u012bnas darb\u012bbas sast\u0101vda\u013ca, kas nodro\u0161ina nepiecie\u0161amo rot\u0101cijas kust\u012bbu grie\u0161anas disku piedzi\u0146ai, garant\u0113jot prec\u012bzu lopbar\u012bbas kult\u016bru sasmalcin\u0101\u0161anu un apstr\u0101di sk\u0101bbar\u012bbas ra\u017eo\u0161anai.<\/p>\n<p><strong>1. Jaudas p\u0101rvade no j\u016bgv\u0101rpstas uz hederu<\/strong><\/p>\n<ul>\n<li>Traktora j\u016bgv\u0101rpsta \u0123ener\u0113 rot\u0101cijas jaudu. Sk\u0101bbar\u012bbas ma\u0161\u012bnas hedera p\u0101rnesumk\u0101rba ir paredz\u0113ta, lai sa\u0146emtu \u0161o jaudu caur savienojumu no j\u016bgv\u0101rpstas.<\/li>\n<li>P\u0101rnesumk\u0101rba p\u0101rveido traktora j\u016bgv\u0101rpstas rot\u0101cijas jaudu izmantojam\u0101 meh\u0101niskaj\u0101 jaud\u0101, kas p\u0113c tam tiek p\u0101rnesta uz griez\u0113jdiskiem un cit\u0101m hedera sast\u0101vda\u013c\u0101m.<\/li>\n<\/ul>\n<p><strong>2. Griezes momenta pastiprin\u0101\u0161ana un \u0101truma samazin\u0101\u0161ana<\/strong><\/p>\n<ul>\n<li>Viena no galvenaj\u0101m hedera p\u0101rnesumk\u0101rbas funkcij\u0101m ir \u0101truma samazin\u0101\u0161ana un griezes momenta pastiprin\u0101\u0161ana. P\u0101rnesumk\u0101rba samazina j\u016bgv\u0101rpstas lielo grie\u0161an\u0101s \u0101trumu (parasti aptuveni 540 vai 1000 apgr.\/min. atkar\u012bb\u0101 no traktora j\u016bgv\u0101rpstas specifik\u0101cij\u0101m) l\u012bdz zem\u0101kiem darba \u0101trumiem, kas nepiecie\u0161ami griez\u0113jdiskiem.<\/li>\n<li>Vienlaikus p\u0101rnesumk\u0101rba pastiprina griezes momentu, kas ir nepiecie\u0161ams grie\u0161anas disku un asme\u0146u piedzi\u0146ai. Tas nodro\u0161ina, ka grie\u0161anas komponentiem ir nepiecie\u0161am\u0101 jauda, \u200b\u200blai sasmalcin\u0101tu bl\u012bvas, \u0161\u0137iedrainas kult\u016bras, piem\u0113ram, kukur\u016bzu, z\u0101li vai lucernu.<\/li>\n<\/ul>\n<p><strong>3. Jaudas sadale griez\u0113jdiskiem<\/strong><\/p>\n<ul>\n<li>P\u0101rnesumk\u0101rba sadala p\u0101rvad\u012bto jaudu starp sk\u0101bbar\u012bbas ma\u0161\u012bnas hedera \u010detriem griez\u0113jdiskiem.<\/li>\n<li>Katru griez\u0113jdisku neatkar\u012bgi darbina reduktors, nodro\u0161inot, ka ma\u0161\u012bna var darboties efekt\u012bvi un vienm\u0113r\u012bgi pat grie\u017eot lielus materi\u0101la apjomus. Jaudas sadale tiek pan\u0101kta, izmantojot virkni savstarp\u0113ji savienotu zobratu un v\u0101rpstu reduktora iek\u0161pus\u0113, kas nodro\u0161ina vienm\u0113r\u012bgu griezes momenta pieg\u0101di katram diskam.<\/li>\n<\/ul>\n<p><strong>4. Rot\u0101cijas \u0101truma kontrole grie\u0161anas precizit\u0101tei<\/strong><\/p>\n<ul>\n<li>Grie\u0161anas disku grie\u0161an\u0101s \u0101trums ir \u013coti svar\u012bgs, lai sasniegtu v\u0113lamo smalcin\u0101\u0161anas garumu un sk\u0101bbar\u012bbas kvalit\u0101ti. Hedera reduktors ir konstru\u0113ts t\u0101, lai uztur\u0113tu vienm\u0113r\u012bgu grie\u0161an\u0101s \u0101trumu da\u017e\u0101dos slodzes apst\u0101k\u013cos (piem\u0113ram, da\u017e\u0101du kult\u016braugu veidu vai lauka apst\u0101k\u013cu gad\u012bjum\u0101).<\/li>\n<li>Prec\u012bzi kontrol\u0113jot grie\u0161anas disku \u0101trumu, p\u0101rnesumk\u0101rba nodro\u0161ina vienm\u0113r\u012bgu lopbar\u012bbas sasmalcin\u0101\u0161anu, kas ir \u013coti svar\u012bgi pareizai sk\u0101bbar\u012bbas ferment\u0101cijai un uzglab\u0101\u0161anai.<\/li>\n<\/ul>\n<p><strong>5. Disku sinhroniz\u0101cija<\/strong><\/p>\n<ul>\n<li>P\u0101rnesumk\u0101rba ir atbild\u012bga ar\u012b par visu \u010detru grie\u0161anas disku darb\u012bbas sinhroniz\u0101ciju. Tas nodro\u0161ina, ka diski rot\u0113 perfekti saska\u0146oti, kas ir svar\u012bgi vienm\u0113r\u012bgas grie\u0161anas veiktsp\u0113jas uztur\u0113\u0161anai.<\/li>\n<li>Disku sinhroniz\u0113t\u0101 rot\u0101cija nodro\u0161ina vienm\u0113r\u012bgu p\u013cau\u0161anu un nov\u0113r\u0161 nevienm\u0113r\u012bgu lopbar\u012bbas apstr\u0101di, kas var\u0113tu izrais\u012bt sliktas kvalit\u0101tes sk\u0101bbar\u012bbu un nevienm\u0113r\u012bgu ferment\u0101ciju.<\/li>\n<\/ul>\n<p>V\u0101cu Champion Four Disc (3500.\u00a0tips) sk\u0101bbar\u012bbas ma\u0161\u012bnas hedera reduktoram ir iz\u0161\u0137iro\u0161a noz\u012bme, lai nodro\u0161in\u0101tu sk\u0101bbar\u012bbas nov\u0101k\u0161anas ma\u0161\u012bnu efekt\u012bvu darb\u012bbu, prec\u012bzi kontrol\u0113jot \u0101trumu, jaudas p\u0101rvadi un disku sinhroniz\u0101ciju. Optimiz\u0113jot grie\u0161anas procesu, reduktors pal\u012bdz sasniegt augstas kvalit\u0101tes sk\u0101bbar\u012bbu, nodro\u0161inot vislab\u0101ko iesp\u0113jamo rezult\u0101tu lopbar\u012bbai.<\/p>\n<p><img loading=\"lazy\" decoding=\"async\" class=\"alignnone size-full wp-image-2972\" src=\"https:\/\/fmp-components.com\/wp-content\/uploads\/2025\/01\/Silage-Machine-Gearbox-for-German-Champion-Four-Disc-Type-3500-Working-Principle-scaled.webp\" alt=\"Sk\u0101bbar\u012bbas ma\u0161\u012bnas p\u0101rnesumk\u0101rba V\u0101cijas \u010dempiona \u010detru disku 3500 tipa traktoram: darb\u012bbas princips\" width=\"2560\" height=\"1212\" title=\"\" srcset=\"https:\/\/fmp-components.com\/wp-content\/uploads\/2025\/01\/Silage-Machine-Gearbox-for-German-Champion-Four-Disc-Type-3500-Working-Principle-scaled.webp 2560w, https:\/\/fmp-components.com\/wp-content\/uploads\/2025\/01\/Silage-Machine-Gearbox-for-German-Champion-Four-Disc-Type-3500-Working-Principle-1280x606.webp 1280w, https:\/\/fmp-components.com\/wp-content\/uploads\/2025\/01\/Silage-Machine-Gearbox-for-German-Champion-Four-Disc-Type-3500-Working-Principle-980x464.webp 980w, https:\/\/fmp-components.com\/wp-content\/uploads\/2025\/01\/Silage-Machine-Gearbox-for-German-Champion-Four-Disc-Type-3500-Working-Principle-480x227.webp 480w\" sizes=\"(min-width: 0px) and (max-width: 480px) 480px, (min-width: 481px) and (max-width: 980px) 980px, (min-width: 981px) and (max-width: 1280px) 1280px, (min-width: 1281px) 2560px, 100vw\" \/><\/p>\n<h2>Sk\u0101bbar\u012bbas ma\u0161\u012bnas p\u0101rnesumk\u0101rbas FMP-QZ-QGXR\/L pielietojums v\u0101cu \u010dempiona \u010detru disku (3500. tips) smalcin\u0101t\u0101jam<\/h2>\n<p>FMP-QZ-QGXR\/L sk\u0101bbar\u012bbas ma\u0161\u012bnas p\u0101rnesumk\u0101rba v\u0101cu Champion Four Disc (3500. tips) ir specializ\u0113ta p\u0101rnesumk\u0101rba, kas paredz\u0113ta augstas veiktsp\u0113jas sk\u0101bbar\u012bbas nov\u0101k\u0161anas iek\u0101rt\u0101m. \u0160\u012b p\u0101rnesumk\u0101rba ir \u012bpa\u0161i izstr\u0101d\u0101ta, lai apmierin\u0101tu m\u016bsdienu lopbar\u012bbas p\u0101rstr\u0101des augst\u0101s pras\u012bbas, nodro\u0161inot, ka sk\u0101bbar\u012bbas ma\u0161\u012bnas darbojas efekt\u012bvi un uzticami da\u017e\u0101dos lauksaimniec\u012bbas apst\u0101k\u013cos. T\u0101l\u0101k ir nor\u0101d\u012bti \u0161\u012bs p\u0101rnesumk\u0101rbas galvenie pielietojumi:<\/p>\n<p>1. Sk\u0101bbar\u012bbas nov\u0101k\u0161ana<\/p>\n<ul>\n<li>FMP-QZ-QGXR\/L p\u0101rnesumk\u0101rbas galvenais pielietojums ir sk\u0101bbar\u012bbas nov\u0101k\u0161ana. T\u0101 efekt\u012bvi p\u0101rnes jaudu no traktora j\u016bgv\u0101rpstas uz sk\u0101bbar\u012bbas ma\u0161\u012bnas griez\u0113jdiskiem, kas ir atbild\u012bgi par lopbar\u012bbas kult\u016bru, piem\u0113ram, kukur\u016bzas, z\u0101les, lucernas un p\u0101k\u0161augu, sasmalcin\u0101\u0161anu smalki p\u0101rstr\u0101d\u0101t\u0101 materi\u0101l\u0101 uzglab\u0101\u0161anai sk\u0101bbar\u012bb\u0101.<\/li>\n<li>Daudzpus\u012bgi kult\u016braugu veidi: Tas var apstr\u0101d\u0101t pla\u0161u kult\u016braugu kl\u0101stu, tostarp kult\u016braugus ar augstu mitruma l\u012bmeni (piem\u0113ram, kukur\u016bzu) un saus\u0101kus kult\u016braugus (piem\u0113ram, z\u0101les un lucernu), padarot to piem\u0113rotu da\u017e\u0101d\u0101m lauksaimniec\u012bbas vid\u0113m.<\/li>\n<\/ul>\n<p>2. Lopbar\u012bbas smalcin\u0101\u0161ana un p\u013cau\u0161ana<\/p>\n<ul>\n<li>P\u0101rnesumk\u0101rba darbina sk\u0101bbar\u012bbas hedera griez\u0113jdiskus, nodro\u0161inot, ka ma\u0161\u012bna var sasmalcin\u0101t lopbar\u012bbas materi\u0101lu vien\u0101dos gabalos. P\u0101rnesumk\u0101rbas precizit\u0101te \u013cauj nodro\u0161in\u0101t vienm\u0113r\u012bgu smalcin\u0101\u0161anas garumu, kas ir \u013coti svar\u012bgi pareizai ferment\u0101cijai un optim\u0101lai sk\u0101bbar\u012bbas kvalit\u0101tei.<\/li>\n<li>Grie\u0161anas precizit\u0101te: Kontrol\u0113jot grie\u0161anas disku \u0101trumu un griezes momentu, p\u0101rnesumk\u0101rba nodro\u0161ina augstas kvalit\u0101tes grie\u0161anu, kas ir b\u016btiski sk\u0101bbar\u012bbas uzturv\u0113rt\u012bbas saglab\u0101\u0161anai un t\u0101s uzglab\u0101\u0161anas potenci\u0101la optimiz\u0113\u0161anai.<\/li>\n<\/ul>\n<p>3. Siena ra\u017eo\u0161ana<\/p>\n<ul>\n<li>P\u0101rnesumk\u0101rbu var izmantot ar\u012b siena ra\u017eo\u0161an\u0101, kas ir sk\u0101bbar\u012bbas veids, kas gatavots no z\u0101les vai p\u0101k\u0161augiem, kurus sasmalcina un uzglab\u0101 ar augst\u0101ku mitruma saturu nek\u0101 tradicion\u0101lo sienu.<\/li>\n<li>Mitruma saglab\u0101\u0161ana: P\u0101rnesumk\u0101rba nodro\u0161ina, ka ma\u0161\u012bna var apstr\u0101d\u0101t mitr\u0101ku lopbar\u012bbu, nezaud\u0113jot jaudu, padarot to ide\u0101li piem\u0113rotu siena ra\u017eo\u0161anai, kur ir svar\u012bgi uztur\u0113t mitruma saturu.<\/li>\n<\/ul>\n<p>4. Liela griezes momenta pielietojumi<\/p>\n<ul>\n<li>FMP-QZ-QGXR\/L p\u0101rnesumk\u0101rba ir izstr\u0101d\u0101ta, lai apstr\u0101d\u0101tu darbus ar lielu griezes momentu, padarot to piem\u0113rotu sare\u017e\u0123\u012btiem uzdevumiem, piem\u0113ram, bl\u012bvu, \u0161\u0137iedrainu kult\u016bru, piem\u0113ram, kukur\u016bzas k\u0101tu vai nobriedu\u0161as z\u0101les, smalcin\u0101\u0161anai, kuru efekt\u012bvai apstr\u0101dei nepiecie\u0161ama iev\u0113rojama jauda.<\/li>\n<li>Lieljaudas oper\u0101cijas: P\u0101rnesumk\u0101rba ir izstr\u0101d\u0101ta, lai iztur\u0113tu lielos sp\u0113kus un griezes momentu, kas rodas \u0161o oper\u0101ciju laik\u0101, nodro\u0161inot, ka griez\u0113jdiski saglab\u0101 nemain\u012bgu veiktsp\u0113ju sare\u017e\u0123\u012btos apst\u0101k\u013cos.<\/li>\n<\/ul>\n<p>5. Smag\u0101 lauksaimniec\u012bbas tehnika<\/p>\n<ul>\n<li>P\u0101rnesumk\u0101rba ir paredz\u0113ta lieto\u0161anai jaud\u012bg\u0101s sk\u0101bbar\u012bbas ma\u0161\u012bn\u0101s, kas sp\u0113j apstr\u0101d\u0101t lielus lopbar\u012bbas apjomus vien\u0101 pieg\u0101jien\u0101. Tas padara to par ide\u0101lu risin\u0101jumu komerci\u0101l\u0101m lauksaimniec\u012bbas darb\u012bb\u0101m, kur\u0101s kritiski svar\u012bga ir augsta caurlaidsp\u0113ja un uzticam\u012bba.<\/li>\n<li>Efekt\u012bva jaudas p\u0101rne\u0161ana: Nodro\u0161inot uzticamu un efekt\u012bvu jaudas p\u0101rnesi uz grie\u0161anas meh\u0101nismu, p\u0101rnesumk\u0101rba veicina augstas efektivit\u0101tes ra\u017eas nov\u0101k\u0161anu, samazinot laiku un darbasp\u0113ku, kas nepiecie\u0161ams liela m\u0113roga sk\u0101bbar\u012bbas ra\u017eo\u0161anai.<\/li>\n<\/ul>\n<p>FMP-QZ-QGXR\/L sk\u0101bbar\u012bbas ma\u0161\u012bnas p\u0101rnesumk\u0101rba German Champion Four Disc (3500. tips) ir b\u016btiska sast\u0101vda\u013ca, lai pan\u0101ktu efekt\u012bvu, uzticamu un augstas kvalit\u0101tes sk\u0101bbar\u012bbas nov\u0101k\u0161anu. Pateicoties sp\u0113jai tikt gal\u0101 ar lielu griezes momentu, \u0101truma samazin\u0101\u0161anu un daudzdisku sist\u0113m\u0101m, t\u0101 ir ide\u0101li piem\u0113rota liela m\u0113roga lauksaimniec\u012bbas darb\u012bb\u0101m un da\u017e\u0101du kult\u016braugu veidu audz\u0113\u0161anai. P\u0101rnesumk\u0101rbas robust\u0101 konstrukcija un piel\u0101gojam\u0101s funkcijas nodro\u0161ina, ka t\u0101 var apmierin\u0101t m\u016bsdienu lopbar\u012bbas nov\u0101k\u0161anas ma\u0161\u012bnu \u012bpa\u0161\u0101s vajadz\u012bbas, veicinot uzlabotu produktivit\u0101ti un sk\u0101bbar\u012bbas kvalit\u0101ti.<\/p>\n<table style=\"border-collapse: collapse; width: 100.171%; height: 13px;\" border=\"0\" width=\"128\" cellspacing=\"0\" cellpadding=\"0\">\n<tbody>\n<tr style=\"height: 13.8pt;\">\n<td style=\"height: 13px; width: 51.8993%;\" align=\"right\" width=\"64\" height=\"18\"><img loading=\"lazy\" decoding=\"async\" class=\"alignnone size-full wp-image-2971\" src=\"https:\/\/fmp-components.com\/wp-content\/uploads\/2025\/01\/Silage-Machine-Gearbox-EP-QZ-WRXL-for-German-Champion-Four-Disc-Type-3500.webp\" alt=\"Sk\u0101bbar\u012bbas-ma\u0161\u012bnas-reduktors-EP-QZ-WRXL-V\u0101cijas-\u010dempiona-\u010detru-disku-3500-tipa-s\u0113jma\u0161\u012bnai\" width=\"1024\" height=\"607\" title=\"\" srcset=\"https:\/\/fmp-components.com\/wp-content\/uploads\/2025\/01\/Silage-Machine-Gearbox-EP-QZ-WRXL-for-German-Champion-Four-Disc-Type-3500.webp 1024w, https:\/\/fmp-components.com\/wp-content\/uploads\/2025\/01\/Silage-Machine-Gearbox-EP-QZ-WRXL-for-German-Champion-Four-Disc-Type-3500-980x581.webp 980w, https:\/\/fmp-components.com\/wp-content\/uploads\/2025\/01\/Silage-Machine-Gearbox-EP-QZ-WRXL-for-German-Champion-Four-Disc-Type-3500-480x285.webp 480w\" sizes=\"(min-width: 0px) and (max-width: 480px) 480px, (min-width: 481px) and (max-width: 980px) 980px, (min-width: 981px) 1024px, 100vw\" \/><\/td>\n<td style=\"width: 761.412%; height: 13px;\" align=\"right\" width=\"64\"><img loading=\"lazy\" decoding=\"async\" class=\"alignnone size-full wp-image-3042\" src=\"https:\/\/fmp-components.com\/wp-content\/uploads\/2025\/01\/Silage-Machine-Gearbox-EP-QZ-QGXRL-for-German-Champion-Four-Disc-Type-3500-Applications-2-1024x641-1.webp\" alt=\"Sk\u0101bbar\u012bbas-ma\u0161\u012bnas-reduktors-EP-QZ-QGXRL-v\u0101cu-\u010dempiona-\u010detru-disku-tipa-3500-pieteikumiem-2-1024x641\" width=\"1024\" height=\"641\" title=\"\" srcset=\"https:\/\/fmp-components.com\/wp-content\/uploads\/2025\/01\/Silage-Machine-Gearbox-EP-QZ-QGXRL-for-German-Champion-Four-Disc-Type-3500-Applications-2-1024x641-1.webp 1024w, https:\/\/fmp-components.com\/wp-content\/uploads\/2025\/01\/Silage-Machine-Gearbox-EP-QZ-QGXRL-for-German-Champion-Four-Disc-Type-3500-Applications-2-1024x641-1-980x613.webp 980w, https:\/\/fmp-components.com\/wp-content\/uploads\/2025\/01\/Silage-Machine-Gearbox-EP-QZ-QGXRL-for-German-Champion-Four-Disc-Type-3500-Applications-2-1024x641-1-480x300.webp 480w\" sizes=\"(min-width: 0px) and (max-width: 480px) 480px, (min-width: 481px) and (max-width: 980px) 980px, (min-width: 981px) 1024px, 100vw\" \/><\/td>\n<\/tr>\n<\/tbody>\n<\/table>\n<h3>Par FMP<\/h3>\n<p>FMP galven\u0101 m\u012btne atrodas It\u0101lij\u0101, un tas ir vado\u0161ais ra\u017eot\u0101js, kas paz\u012bstams ar savu pieredzi augstas veiktsp\u0113jas p\u0101rnesumk\u0101rbu projekt\u0113\u0161an\u0101, izstr\u0101d\u0113 un ra\u017eo\u0161an\u0101, \u012bpa\u0161u uzsvaru liekot uz lauksaimniec\u012bbas tehnikas sektoru. FMP ir atz\u012bts par prec\u012bzu in\u017eenieriju, inovat\u012bviem risin\u0101jumiem un nelok\u0101mu uzticam\u012bbu, padarot sevi par uzticamu partneri gan lauksaimniec\u012bbas, gan r\u016bpniec\u012bbas nozar\u0113m. M\u016bsu visaptvero\u0161aj\u0101 produktu kl\u0101st\u0101 ietilpst p\u0113c pas\u016bt\u012bjuma izgatavotas p\u0101rnesumk\u0101rbas z\u0101les p\u013c\u0101v\u0113jiem, j\u016bgv\u0101rpstas un pla\u0161s b\u016btisku komponentu kl\u0101sts, kas visi ir piel\u0101goti da\u017e\u0101du pielietojumu da\u017e\u0101daj\u0101m pras\u012bb\u0101m.<\/p>\n<p>Uz\u0146\u0113mum\u0101 FMP m\u0113s saprotam, ka katrs klients saskaras ar unik\u0101liem izaicin\u0101jumiem un vajadz\u012bb\u0101m. T\u0101p\u0113c m\u0113s specializ\u0113jamies piel\u0101gotu risin\u0101jumu nodro\u0161in\u0101\u0161an\u0101, neatkar\u012bgi no t\u0101, vai tie ir paredz\u0113ti atsevi\u0161\u0137\u0101m komponent\u0113m vai piln\u012bb\u0101 integr\u0113t\u0101m sist\u0113m\u0101m. Cie\u0161i sadarbojoties ar m\u016bsu klientiem, m\u0113s nodro\u0161in\u0101m, ka katrs risin\u0101jums ne tikai atbilst vi\u0146u \u012bpa\u0161aj\u0101m pras\u012bb\u0101m, bet ar\u012b optimiz\u0113 veiktsp\u0113ju un sniedz iev\u0113rojamu pievienoto v\u0113rt\u012bbu. M\u016bsu ap\u0146em\u0161an\u0101s sniegt \u0101tras un profesion\u0101las atbildes un ekspertu konsult\u0101cijas garant\u0113, ka katrs piepras\u012bjums tiek apstr\u0101d\u0101ts prec\u012bzi, nodro\u0161inot vislab\u0101kos rezult\u0101tus katru reizi.<\/p>\n<p>M\u0113s uzsveram p\u0101rredzamu un nep\u0101rtrauktu komunik\u0101ciju vis\u0101 produktu izstr\u0101des proces\u0101. M\u016bsu pieredz\u0113jus\u012b komanda str\u0101d\u0101 tie\u0161i ar klientiem, lai ieg\u016btu dzi\u013cu izpratni par vi\u0146u vajadz\u012bb\u0101m, pied\u0101v\u0101jot noder\u012bgus ieteikumus optim\u0101lu rezult\u0101tu nodro\u0161in\u0101\u0161anai. Neatkar\u012bgi no t\u0101, vai m\u0113s rad\u0101m modernus produktus vai izpild\u0101m ikdienas pas\u016bt\u012bjumus, FMP ir ap\u0146\u0113mies nodro\u0161in\u0101t augstas kvalit\u0101tes, prec\u012bzi izstr\u0101d\u0101tus risin\u0101jumus, kas past\u0101v\u012bgi atbilst termi\u0146iem. M\u016bsu misija ir p\u0101rsniegt klientu cer\u012bbas, nodro\u0161inot izcilu servisu un rezult\u0101tus katr\u0101 projekt\u0101.<\/p>\n<p>Uz\u0146\u0113mum\u0101 FMP kvalit\u0101te ir visa m\u016bsu darba st\u016brakmens. M\u0113s iev\u0113rojam augst\u0101kos ra\u017eo\u0161anas standartus un izmantojam stingrus kvalit\u0101tes kontroles pas\u0101kumus, lai nodro\u0161in\u0101tu, ka katrs produkts ne tikai atbilst, bet ar\u012b p\u0101rsniedz nozares standartus. \u0160\u012b ap\u0146em\u0161an\u0101s sasniegt izcil\u012bbu apvienojum\u0101 ar m\u016bsu pamatv\u0113rt\u012bb\u0101m \u2013 integrit\u0101ti, komandas darbu un neatlaid\u012bbu \u2013 ir \u013c\u0101vusi mums veidot sp\u0113c\u012bgas, uz uztic\u012bbu balst\u012btas attiec\u012bbas ar klientiem gandr\u012bz 30 valst\u012bs vis\u0101 pasaul\u0113.<\/p>\n<p>FMP vienm\u0113r v\u0113las veicin\u0101t glob\u0101las partner\u012bbas un joproj\u0101m ir ap\u0146\u0113mies pied\u0101v\u0101t ekspertu padomus un piel\u0101gotus risin\u0101jumus, kas atbilst m\u016bsu klientu main\u012bgaj\u0101m vajadz\u012bb\u0101m. M\u0113s sniedzamies t\u0101l\u0101k par vienk\u0101r\u0161u produktu pieg\u0101di; m\u016bsu m\u0113r\u0137is ir izveidot ilgtermi\u0146a partner\u012bbas, kas veicina katra projekta pan\u0101kumus. Neatkar\u012bgi no t\u0101, vai jums ir nepiecie\u0161ami inovat\u012bvi risin\u0101jumi jaunai iniciat\u012bvai vai past\u0101v\u012bgs atbalsts eso\u0161ai sist\u0113mai, FMP ir gatavs pal\u012bdz\u0113t jums p\u0101rvar\u0113t tehnisk\u0101s probl\u0113mas un nodro\u0161in\u0101t j\u016bsu turpm\u0101kos pan\u0101kumus.<\/p>\n<p><img loading=\"lazy\" decoding=\"async\" class=\"alignnone wp-image-2695\" src=\"https:\/\/fmp-components.com\/wp-content\/uploads\/2025\/01\/agricultural-gearbox3.webp\" alt=\"lauksaimniec\u012bbas p\u0101rnesumk\u0101rba\" width=\"953\" height=\"951\" title=\"\" srcset=\"https:\/\/fmp-components.com\/wp-content\/uploads\/2025\/01\/agricultural-gearbox3.webp 953w, https:\/\/fmp-components.com\/wp-content\/uploads\/2025\/01\/agricultural-gearbox3-480x479.webp 480w\" sizes=\"(min-width: 0px) and (max-width: 480px) 480px, (min-width: 481px) 953px, 100vw\" \/><\/p>\n<p>Autors: CX<\/p>","protected":false},"excerpt":{"rendered":"<p>Silage Machine Gearbox FMP-QZ-QGXR\/L Dimensions Silage Machine Gearbox FMP-QZ-QGXR\/L Technical Data Name Suitable Turn header series Toothing cutting box silage machines left turn dextrorotation 3 series Gleason Helical Teeth Remark: If you have any special require feel free let me know, we also accept custom. Working Principle of Silage Machine Header Gearbox for German Champion [&hellip;]<\/p>","protected":false},"featured_media":3041,"comment_status":"open","ping_status":"closed","template":"","meta":{"_et_pb_use_builder":"","_et_pb_old_content":"","_et_gb_content_width":""},"product_brand":[],"product_cat":[69],"product_tag":[],"class_list":{"0":"post-3040","1":"product","2":"type-product","3":"status-publish","4":"has-post-thumbnail","6":"product_cat-silage-machine-gearbox","8":"first","9":"instock","10":"shipping-taxable","11":"product-type-simple"},"_links":{"self":[{"href":"https:\/\/fmp-components.com\/lv\/wp-json\/wp\/v2\/product\/3040","targetHints":{"allow":["GET"]}}],"collection":[{"href":"https:\/\/fmp-components.com\/lv\/wp-json\/wp\/v2\/product"}],"about":[{"href":"https:\/\/fmp-components.com\/lv\/wp-json\/wp\/v2\/types\/product"}],"replies":[{"embeddable":true,"href":"https:\/\/fmp-components.com\/lv\/wp-json\/wp\/v2\/comments?post=3040"}],"wp:featuredmedia":[{"embeddable":true,"href":"https:\/\/fmp-components.com\/lv\/wp-json\/wp\/v2\/media\/3041"}],"wp:attachment":[{"href":"https:\/\/fmp-components.com\/lv\/wp-json\/wp\/v2\/media?parent=3040"}],"wp:term":[{"taxonomy":"product_brand","embeddable":true,"href":"https:\/\/fmp-components.com\/lv\/wp-json\/wp\/v2\/product_brand?post=3040"},{"taxonomy":"product_cat","embeddable":true,"href":"https:\/\/fmp-components.com\/lv\/wp-json\/wp\/v2\/product_cat?post=3040"},{"taxonomy":"product_tag","embeddable":true,"href":"https:\/\/fmp-components.com\/lv\/wp-json\/wp\/v2\/product_tag?post=3040"}],"curies":[{"name":"wp","href":"https:\/\/api.w.org\/{rel}","templated":true}]}}