{"id":304,"date":"2024-12-09T06:10:04","date_gmt":"2024-12-09T06:10:04","guid":{"rendered":"https:\/\/fmp-components.com\/?page_id=8"},"modified":"2024-12-09T06:44:10","modified_gmt":"2024-12-09T06:44:10","slug":"forklift-lifting-hydraulic-cylinder","status":"publish","type":"product","link":"https:\/\/fmp-components.com\/lv\/product\/forklift-lifting-hydraulic-cylinder\/","title":{"rendered":"Iekr\u0101v\u0113ja pacel\u0161anas hidrauliskais cilindrs"},"content":{"rendered":"<p style=\"text-align: center;\"><span style=\"font-size: 24pt;\">Iekr\u0101v\u0113ja pacel\u0161anas hidrauliskais cilindrs<\/span><\/p>\n<h2><img loading=\"lazy\" decoding=\"async\" class=\"alignnone wp-image-311\" src=\"https:\/\/fmp-components.com\/wp-content\/uploads\/2024\/12\/Forklift-Lifting-Hydraulic-Cylinder-2.webp\" alt=\"Iekr\u0101v\u0113ja pacel\u0161anas hidrauliskais cilindrs\" width=\"931\" height=\"931\" title=\"\" srcset=\"https:\/\/fmp-components.com\/wp-content\/uploads\/2024\/12\/Forklift-Lifting-Hydraulic-Cylinder-2.webp 931w, https:\/\/fmp-components.com\/wp-content\/uploads\/2024\/12\/Forklift-Lifting-Hydraulic-Cylinder-2-480x480.webp 480w\" sizes=\"(min-width: 0px) and (max-width: 480px) 480px, (min-width: 481px) 931px, 100vw\" \/><\/h2>\n<h2><strong>Iekr\u0101v\u0113ja pacel\u0161anas hidraulisk\u0101 cilindra izm\u0113ri:<\/strong><\/h2>\n<p><img loading=\"lazy\" decoding=\"async\" class=\"alignnone size-full wp-image-306\" src=\"https:\/\/fmp-components.com\/wp-content\/uploads\/2024\/12\/Forklift-Lifting-Hydraulic-Cylinder-Dimensions.webp\" alt=\"Iekr\u0101v\u0113ja pacel\u0161anas hidraulisk\u0101 cilindra izm\u0113ri\" width=\"1024\" height=\"403\" title=\"\" srcset=\"https:\/\/fmp-components.com\/wp-content\/uploads\/2024\/12\/Forklift-Lifting-Hydraulic-Cylinder-Dimensions.webp 1024w, https:\/\/fmp-components.com\/wp-content\/uploads\/2024\/12\/Forklift-Lifting-Hydraulic-Cylinder-Dimensions-980x386.webp 980w, https:\/\/fmp-components.com\/wp-content\/uploads\/2024\/12\/Forklift-Lifting-Hydraulic-Cylinder-Dimensions-480x189.webp 480w\" sizes=\"(min-width: 0px) and (max-width: 480px) 480px, (min-width: 481px) and (max-width: 980px) 980px, (min-width: 981px) 1024px, 100vw\" \/><\/p>\n<table border=\"1\" cellspacing=\"0\" cellpadding=\"0\">\n<tbody>\n<tr>\n<td width=\"246\">Cilindra nosaukums<\/td>\n<td width=\"336\">z\u012bm\u0113juma numurs<\/td>\n<td width=\"126\">urbuma diametrs (D)<\/td>\n<td width=\"123\">stie\u0146a diametrs (d)<\/td>\n<td width=\"114\">g\u0101jiens (S)<\/td>\n<td width=\"170\">Uzst\u0101d\u012b\u0161anas att\u0101lums (L)<\/td>\n<td width=\"172\">darba spiediens<\/td>\n<td width=\"366\">Saskarnes izm\u0113ri (M)<\/td>\n<td width=\"96\">svars<\/td>\n<\/tr>\n<tr>\n<td class=\"et3\" width=\"246\" height=\"153\">Pacel\u0161anas cilindrs<\/td>\n<td class=\"et4\" width=\"336\">N30M300-5\/400000-000<\/td>\n<td class=\"et4\" width=\"126\">\u03a656<\/td>\n<td class=\"et4\" width=\"123\">\u03a645<\/td>\n<td class=\"et4\" width=\"114\">1500<\/td>\n<td class=\"et4\" width=\"170\">1658<\/td>\n<td class=\"et4\" width=\"172\">18,1 MPa<\/td>\n<td class=\"et4\" width=\"366\">G1\/2<\/td>\n<td class=\"et4\" width=\"96\">32,6 kg<\/td>\n<\/tr>\n<tr>\n<td class=\"et3\" width=\"246\" height=\"153\">Pacel\u0161anas cilindrs<\/td>\n<td class=\"et4\">A2A30M300-400000-000<\/td>\n<td class=\"et4\">\u03a656<\/td>\n<td class=\"et4\">\u03a645<\/td>\n<td class=\"et4\">1500<\/td>\n<td class=\"et4\">1658<\/td>\n<td class=\"et4\">18,1 MPa<\/td>\n<td class=\"et4\">M22*1,5<\/td>\n<td class=\"et4\">36 kg<\/td>\n<\/tr>\n<tr>\n<td class=\"et3\" width=\"246\" height=\"153\">Pacel\u0161anas cilindrs<\/td>\n<td class=\"et4\">3,5N4,5H-400000-003<\/td>\n<td class=\"et4\">\u03a660<\/td>\n<td class=\"et4\">\u03a645<\/td>\n<td class=\"et4\">1505<\/td>\n<td class=\"et4\">1780<\/td>\n<td class=\"et4\">17,5 MPa<\/td>\n<td class=\"et4\">M22*1,5<\/td>\n<td class=\"et4\">41 kg<\/td>\n<\/tr>\n<tr>\n<td class=\"et3\" width=\"246\" height=\"153\">Pacel\u0161anas cilindrs<\/td>\n<td class=\"et4\">N35M300-5\/400000-001A<\/td>\n<td class=\"et4\">\u03a660<\/td>\n<td class=\"et4\">\u03a645<\/td>\n<td class=\"et4\">1500<\/td>\n<td class=\"et4\">1808<\/td>\n<td class=\"et4\">18,1 MPa<\/td>\n<td class=\"et4\">G1\/2<\/td>\n<td class=\"et4\">46 kg<\/td>\n<\/tr>\n<tr>\n<td class=\"et3\" width=\"246\" height=\"153\">Pacel\u0161anas cilindrs<\/td>\n<td class=\"et4\">A2A35M300-400000-000<\/td>\n<td class=\"et4\">\u03a660<\/td>\n<td class=\"et4\">\u03a645<\/td>\n<td class=\"et4\">1500<\/td>\n<td class=\"et4\">1808<\/td>\n<td class=\"et4\">18,1 MPa<\/td>\n<td class=\"et4\">M22*1,5<\/td>\n<td class=\"et4\">50 kg<\/td>\n<\/tr>\n<\/tbody>\n<\/table>\n<h3>Iekr\u0101v\u0113ja pacel\u0161anas hidraulisk\u0101 cilindra \u012bpa\u0161\u012bbas<\/h3>\n<p><strong>Augsta celtsp\u0113ja<\/strong><br \/>\nIekr\u0101v\u0113ja pacel\u0161anas hidrauliskais cilindrs ir paredz\u0113ts smagu kravu apstr\u0101dei, nodro\u0161inot nepiecie\u0161amo sp\u0113ku iev\u0113rojama svara pacel\u0161anai. Pateicoties t\u0101 iztur\u012bgajai konstrukcijai un augstspiediena hidrauliskajai sist\u0113mai, tas nodro\u0161ina vienm\u0113r\u012bgu un efekt\u012bvu pre\u010du, pale\u0161u un apr\u012bkojuma cel\u0161anu. Cilindra iztur\u012bba ir vit\u0101li svar\u012bga iekr\u0101v\u0113jiem, kas darbojas noliktav\u0101s, izplat\u012b\u0161anas centros un ra\u017eo\u0161anas r\u016bpn\u012bc\u0101s, kur celtsp\u0113ja ir b\u016btiska, lai dro\u0161i un efekt\u012bvi apstr\u0101d\u0101tu lielus un apjom\u012bgus priek\u0161metus.<\/p>\n<p><strong>Iztur\u012bba un uzticam\u012bba<\/strong><br \/>\nIekr\u0101v\u0113ja pacel\u0161anas hidrauliskie cilindri ir konstru\u0113ti t\u0101, lai iztur\u0113tu skarbus darba apst\u0101k\u013cus, tostarp lielas slodzes ciklus un ekstrem\u0101lus vides faktorus. Tie ir izgatavoti no augstas kvalit\u0101tes materi\u0101liem, iztur\u012bgi pret nodilumu, koroziju un boj\u0101jumiem, ko rada bie\u017ea lieto\u0161ana. Cilindra uzticam\u0101 veiktsp\u0113ja nodro\u0161ina, ka iekr\u0101v\u0113js darbojas ar minim\u0101lu d\u012bkst\u0101vi, kas ir \u013coti svar\u012bgi, lai saglab\u0101tu produktivit\u0101ti strauji main\u012bg\u0101 vid\u0113. Regul\u0101ra apkope un p\u0101rbaudes nodro\u0161ina, ka \u0161ie cilindri turpina darboties optim\u0101l\u0101 l\u012bmen\u012b, uzlabojot apr\u012bkojuma ilgm\u016b\u017e\u012bbu.<\/p>\n<p><strong>Vienm\u0113r\u012bga un prec\u012bza darb\u012bba<\/strong><br \/>\nIekr\u0101v\u0113ja pacel\u0161anas hidrauliskais cilindrs nodro\u0161ina vienm\u0113r\u012bgas un prec\u012bzas pacel\u0161anas un nolai\u0161anas darb\u012bbas. Hidraulisk\u0101 sist\u0113ma nodro\u0161ina kontrol\u0113tu, pak\u0101penisku kust\u012bbu, samazinot saraust\u012btu kust\u012bbu vai p\u0113k\u0161\u0146u nob\u012b\u017eu risku, kas var\u0113tu saboj\u0101t kravu vai apdraud\u0113t dro\u0161\u012bbu. \u0160\u012b prec\u012bz\u0101 vad\u012bba uzlabo operatora p\u0101rliec\u012bbu un efektivit\u0101ti, jo vi\u0146i var pacelt un novietot kravas prec\u012bzi pat ierobe\u017eot\u0101s vai riskant\u0101s situ\u0101cij\u0101s. Rezult\u0101ts ir dro\u0161\u0101ka un efekt\u012bv\u0101ka cel\u0161anas darb\u012bba, kas uzlabo iekr\u0101v\u0113ja kop\u0113jo veiktsp\u0113ju.<\/p>\n<h3><img loading=\"lazy\" decoding=\"async\" class=\"alignnone size-full wp-image-310\" src=\"https:\/\/fmp-components.com\/wp-content\/uploads\/2024\/12\/Forklift-Lifting-Hydraulic-Cylinder-1.webp\" alt=\"Iekr\u0101v\u0113ja pacel\u0161anas hidrauliskais cilindrs\" width=\"1280\" height=\"720\" title=\"\" srcset=\"https:\/\/fmp-components.com\/wp-content\/uploads\/2024\/12\/Forklift-Lifting-Hydraulic-Cylinder-1.webp 1280w, https:\/\/fmp-components.com\/wp-content\/uploads\/2024\/12\/Forklift-Lifting-Hydraulic-Cylinder-1-980x551.webp 980w, https:\/\/fmp-components.com\/wp-content\/uploads\/2024\/12\/Forklift-Lifting-Hydraulic-Cylinder-1-480x270.webp 480w\" sizes=\"(min-width: 0px) and (max-width: 480px) 480px, (min-width: 481px) and (max-width: 980px) 980px, (min-width: 981px) 1280px, 100vw\" \/><\/h3>\n<h3>Par FMP<\/h3>\n<p>FMP ir specializ\u0113ts hidraulisko cilindru ra\u017eot\u0101js, kas koncentr\u0113jas uz p\u0113tniec\u012bbu un ra\u017eo\u0161anu. Kop\u0161 dibin\u0101\u0161anas uz\u0146\u0113mums ir past\u0101v\u012bgi koncentr\u0113jies uz hidraulisko cilindru izstr\u0101di, att\u012bstoties no da\u017e\u0101du produktu, piem\u0113ram, ra\u017eas nov\u0101k\u0161anas un celtniec\u012bbas tehnikas, ra\u017eo\u0161anas l\u012bdz specializ\u0101cijai lauksaimniec\u012bbas traktoru deta\u013c\u0101s. Ar vair\u0101k nek\u0101 desmit gadu ra\u017eo\u0161anas pieredzi, vad\u012bbas pieredzi un progres\u012bv\u0101m ra\u017eo\u0161anas tehnolo\u0123ij\u0101m FMP garant\u0113 visaugst\u0101ko kvalit\u0101ti savos produktos.<\/p>\n<p>Uz\u0146\u0113mumam augot profesion\u0101li, tas ir izveidojis visaptvero\u0161u apstr\u0101des ra\u017eo\u0161anas l\u012bniju, mont\u0101\u017eas l\u012bniju un p\u0101rkl\u0101\u0161anas l\u012bniju. FMP atbalsta \u012bpa\u0161a pieredz\u0113ju\u0161u vad\u012bbas person\u0101la, kvalific\u0113tu meh\u0101nisko konstruktoru un augsti kvalific\u0113tu tehnisko darbinieku komanda. Tas nodro\u0161ina stabilu produktu kvalit\u0101ti, vienlaikus efekt\u012bvi kontrol\u0113jot procesa nep\u0101rtraukt\u012bbu un kop\u0113jo ra\u017eo\u0161anas efektivit\u0101ti.<\/p>\n<p>FMP iev\u0113ro pamatv\u0113rt\u012bbas: \u201cTehnolo\u0123isk\u0101s inov\u0101cijas virza progresu, kvalit\u0101ti rada z\u012bmoli, meistar\u012bba nodro\u0161ina kvalit\u0101ti un veido ilgtermi\u0146a abpus\u0113ji izdev\u012bgas attiec\u012bbas.\u201d Uz\u0146\u0113mums joproj\u0101m ir ap\u0146\u0113mies nodro\u0161in\u0101t augstas kvalit\u0101tes produktus, vienlaikus sniedzot izcilu klientu apkalpo\u0161anu, vienm\u0113r cen\u0161oties apmierin\u0101t main\u012bg\u0101s tirgus vajadz\u012bbas.<\/p>\n<p><img loading=\"lazy\" decoding=\"async\" class=\"alignnone wp-image-303\" src=\"https:\/\/fmp-components.com\/wp-content\/uploads\/2024\/12\/hydraulic-cylinder-factory-11_1.webp\" alt=\"hidraulisko cilindru r\u016bpn\u012bca\" width=\"917\" height=\"1003\" title=\"\" srcset=\"https:\/\/fmp-components.com\/wp-content\/uploads\/2024\/12\/hydraulic-cylinder-factory-11_1.webp 917w, https:\/\/fmp-components.com\/wp-content\/uploads\/2024\/12\/hydraulic-cylinder-factory-11_1-480x525.webp 480w\" sizes=\"(min-width: 0px) and (max-width: 480px) 480px, (min-width: 481px) 917px, 100vw\" \/><\/p>\n<table style=\"width: 100%;\" border=\"1\" width=\"100%\" cellspacing=\"0\" cellpadding=\"0\">\n<tbody>\n<tr>\n<td style=\"width: 41.9294%;\" width=\"226\"><img loading=\"lazy\" decoding=\"async\" class=\"alignnone size-full wp-image-309\" src=\"https:\/\/fmp-components.com\/wp-content\/uploads\/2024\/12\/Forklift-Tilt-Hydraulic-Cylinder.webp\" alt=\"Iekr\u0101v\u0113ja sl\u012bpuma hidrauliskais cilindrs\" width=\"1000\" height=\"750\" title=\"\" srcset=\"https:\/\/fmp-components.com\/wp-content\/uploads\/2024\/12\/Forklift-Tilt-Hydraulic-Cylinder.webp 1000w, https:\/\/fmp-components.com\/wp-content\/uploads\/2024\/12\/Forklift-Tilt-Hydraulic-Cylinder-980x735.webp 980w, https:\/\/fmp-components.com\/wp-content\/uploads\/2024\/12\/Forklift-Tilt-Hydraulic-Cylinder-480x360.webp 480w\" sizes=\"(min-width: 0px) and (max-width: 480px) 480px, (min-width: 481px) and (max-width: 980px) 980px, (min-width: 981px) 1000px, 100vw\" \/><\/td>\n<td style=\"width: 55.6484%;\" width=\"64\"><img loading=\"lazy\" decoding=\"async\" class=\"alignnone wp-image-283\" src=\"https:\/\/fmp-components.com\/wp-content\/uploads\/2024\/12\/hydraulic-cylinder-factory-5.webp\" alt=\"hidraulisko cilindru r\u016bpn\u012bca\" width=\"542\" height=\"312\" title=\"\"><\/td>\n<\/tr>\n<\/tbody>\n<\/table>\n<p>Autors: CX<\/p>","protected":false},"excerpt":{"rendered":"<p>Autoiekr\u0101v\u0113ja pacel\u0161anas hidrauliskais cilindrs ir atbild\u012bgs par vertik\u0101l\u0101s cel\u0161anas jaudas nodro\u0161in\u0101\u0161anu, kas nepiecie\u0161ama smagu kravu pacel\u0161anai un nolai\u0161anai. \u0160is cilindrs izmanto hidraulisko spiedienu, lai paceltu autoiekr\u0101v\u0113ja mastu un stiprin\u0101jumus, \u013caujot operatoriem efekt\u012bvi apstr\u0101d\u0101t un p\u0101rvietot paletes, konteinerus un citus materi\u0101lus. Pacel\u0161anas hidrauliskais cilindrs, kas paredz\u0113ts augsta spiediena un lieljaudas darb\u012bbu veik\u0161anai, nodro\u0161ina vienm\u0113r\u012bgas, kontrol\u0113tas cel\u0161anas kust\u012bbas, vienlaikus saglab\u0101jot stabilit\u0101ti un dro\u0161\u012bbu pat tad, ja tiek apstr\u0101d\u0101ti lieli vai apjom\u012bgi priek\u0161meti. T\u0101 iztur\u012bg\u0101 konstrukcija padara to par b\u016btisku sast\u0101vda\u013cu autoiekr\u0101v\u0113jiem, kas darbojas noliktav\u0101s, izplat\u012b\u0161anas centros un cit\u0101s r\u016bpniec\u012bbas vid\u0113s, kur uzticama un jaud\u012bga cel\u0161ana ir kritiski svar\u012bga produktivit\u0101tei.<\/p>","protected":false},"featured_media":311,"comment_status":"open","ping_status":"closed","template":"","meta":{"_et_pb_use_builder":"","_et_pb_old_content":"","_et_gb_content_width":""},"product_brand":[],"product_cat":[20],"product_tag":[],"class_list":{"0":"post-304","1":"product","2":"type-product","3":"status-publish","4":"has-post-thumbnail","6":"product_cat-forklift-hydraulic-cylinders","8":"first","9":"instock","10":"shipping-taxable","11":"product-type-simple"},"_links":{"self":[{"href":"https:\/\/fmp-components.com\/lv\/wp-json\/wp\/v2\/product\/304","targetHints":{"allow":["GET"]}}],"collection":[{"href":"https:\/\/fmp-components.com\/lv\/wp-json\/wp\/v2\/product"}],"about":[{"href":"https:\/\/fmp-components.com\/lv\/wp-json\/wp\/v2\/types\/product"}],"replies":[{"embeddable":true,"href":"https:\/\/fmp-components.com\/lv\/wp-json\/wp\/v2\/comments?post=304"}],"wp:featuredmedia":[{"embeddable":true,"href":"https:\/\/fmp-components.com\/lv\/wp-json\/wp\/v2\/media\/311"}],"wp:attachment":[{"href":"https:\/\/fmp-components.com\/lv\/wp-json\/wp\/v2\/media?parent=304"}],"wp:term":[{"taxonomy":"product_brand","embeddable":true,"href":"https:\/\/fmp-components.com\/lv\/wp-json\/wp\/v2\/product_brand?post=304"},{"taxonomy":"product_cat","embeddable":true,"href":"https:\/\/fmp-components.com\/lv\/wp-json\/wp\/v2\/product_cat?post=304"},{"taxonomy":"product_tag","embeddable":true,"href":"https:\/\/fmp-components.com\/lv\/wp-json\/wp\/v2\/product_tag?post=304"}],"curies":[{"name":"wp","href":"https:\/\/api.w.org\/{rel}","templated":true}]}}