{"id":3036,"date":"2025-01-04T06:44:35","date_gmt":"2025-01-04T06:44:35","guid":{"rendered":"https:\/\/fmp-components.com\/?page_id=8"},"modified":"2025-01-04T06:58:59","modified_gmt":"2025-01-04T06:58:59","slug":"silage-machine-gearbox-fmp-qz-wrxr-for-german-champion-four-disc-type-3500","status":"publish","type":"product","link":"https:\/\/fmp-components.com\/lv\/product\/silage-machine-gearbox-fmp-qz-wrxr-for-german-champion-four-disc-type-3500\/","title":{"rendered":"Sk\u0101bbar\u012bbas ma\u0161\u012bnas p\u0101rnesumk\u0101rba FMP-QZ-WRXR German Champion \u010detru disku (3500. tips) traktoram"},"content":{"rendered":"<h2>Sk\u0101bbar\u012bbas ma\u0161\u012bnas reduktora FMP-QZ-WRXR izm\u0113ri<\/h2>\n<p><img loading=\"lazy\" decoding=\"async\" class=\"alignnone size-full wp-image-3039\" src=\"https:\/\/fmp-components.com\/wp-content\/uploads\/2025\/01\/Silage-Machine-Gearbox-EP-QZ-WRXR-Dimensions-1.webp\" alt=\"Sk\u0101bbar\u012bbas-Ma\u0161\u012bnas-Reduktors-EP-QZ-WRXR-Izm\u0113ri-1\" width=\"1332\" height=\"626\" title=\"\" srcset=\"https:\/\/fmp-components.com\/wp-content\/uploads\/2025\/01\/Silage-Machine-Gearbox-EP-QZ-WRXR-Dimensions-1.webp 1332w, https:\/\/fmp-components.com\/wp-content\/uploads\/2025\/01\/Silage-Machine-Gearbox-EP-QZ-WRXR-Dimensions-1-1280x602.webp 1280w, https:\/\/fmp-components.com\/wp-content\/uploads\/2025\/01\/Silage-Machine-Gearbox-EP-QZ-WRXR-Dimensions-1-980x461.webp 980w, https:\/\/fmp-components.com\/wp-content\/uploads\/2025\/01\/Silage-Machine-Gearbox-EP-QZ-WRXR-Dimensions-1-480x226.webp 480w\" sizes=\"(min-width: 0px) and (max-width: 480px) 480px, (min-width: 481px) and (max-width: 980px) 980px, (min-width: 981px) and (max-width: 1280px) 1280px, (min-width: 1281px) 1332px, 100vw\" \/><\/p>\n<p><img loading=\"lazy\" decoding=\"async\" class=\"alignnone size-full wp-image-3038\" src=\"https:\/\/fmp-components.com\/wp-content\/uploads\/2025\/01\/Silage-Machine-Gearbox-EP-QZ-WRXR-Dimensions-2.webp\" alt=\"Sk\u0101bbar\u012bbas-Ma\u0161\u012bnas-Reduktors-EP-QZ-WRXR-Izm\u0113ri-2\" width=\"1332\" height=\"569\" title=\"\" srcset=\"https:\/\/fmp-components.com\/wp-content\/uploads\/2025\/01\/Silage-Machine-Gearbox-EP-QZ-WRXR-Dimensions-2.webp 1332w, https:\/\/fmp-components.com\/wp-content\/uploads\/2025\/01\/Silage-Machine-Gearbox-EP-QZ-WRXR-Dimensions-2-1280x547.webp 1280w, https:\/\/fmp-components.com\/wp-content\/uploads\/2025\/01\/Silage-Machine-Gearbox-EP-QZ-WRXR-Dimensions-2-980x419.webp 980w, https:\/\/fmp-components.com\/wp-content\/uploads\/2025\/01\/Silage-Machine-Gearbox-EP-QZ-WRXR-Dimensions-2-480x205.webp 480w\" sizes=\"(min-width: 0px) and (max-width: 480px) 480px, (min-width: 481px) and (max-width: 980px) 980px, (min-width: 981px) and (max-width: 1280px) 1280px, (min-width: 1281px) 1332px, 100vw\" \/><\/p>\n<h2>Sk\u0101bbar\u012bbas ma\u0161\u012bnas p\u0101rnesumk\u0101rbas FMP-QZ-WRXR tehniskie dati<\/h2>\n<table style=\"width: 94.2519%; height: 94px;\" border=\"1\" cellspacing=\"0\" cellpadding=\"0\">\n<tbody>\n<tr>\n<td>V\u0101rds<\/td>\n<td>Piem\u0113rots<\/td>\n<td>Pagrieziens<\/td>\n<td>galvenes s\u0113rija<\/td>\n<td>Zobu veido\u0161an\u0101s<\/td>\n<\/tr>\n<tr>\n<td>Baro\u0161anas kaste<\/td>\n<td>sk\u0101bbar\u012bbas ma\u0161\u012bnas<\/td>\n<td>dekstrorot\u0101cija<\/td>\n<td>3. s\u0113rija<\/td>\n<td>Gl\u012bsona spir\u0101lveida zobi<\/td>\n<\/tr>\n<tr>\n<td colspan=\"5\">Piez\u012bme: Ja jums ir k\u0101das \u012bpa\u0161as pras\u012bbas, nekautr\u0113jieties man pazi\u0146ot, m\u0113s pie\u0146emam ar\u012b pas\u016bt\u012bjumu.<\/td>\n<\/tr>\n<\/tbody>\n<\/table>\n<h2>Sk\u0101bbar\u012bbas ma\u0161\u012bnas p\u0101rnesumk\u0101rbas EP-QZ-WRXR \u012bpa\u0161\u012bbas v\u0101cu \u010dempiona \u010detru disku (3500. tips) traktoram<\/h2>\n<p>FMP-QZ-WRXR sk\u0101bbar\u012bbas ma\u0161\u012bnas p\u0101rnesumk\u0101rba German Champion Four Disc (3500.\u00a0tips) ir izstr\u0101d\u0101ta, lai nodro\u0161in\u0101tu izcilu veiktsp\u0113ju un uzticam\u012bbu sk\u0101bbar\u012bbas nov\u0101k\u0161anas un lopbar\u012bbas apstr\u0101des darbos. T\u0101l\u0101k ir nor\u0101d\u012btas \u0161\u012bs p\u0101rnesumk\u0101rbas galven\u0101s iez\u012bmes:<\/p>\n<h3>1. Augsta griezes momenta jauda<\/h3>\n<ul>\n<li>FMP-QZ-WRXR p\u0101rnesumk\u0101rba ir izstr\u0101d\u0101ta, lai tiktu gal\u0101 ar augst\u0101m griezes momenta pras\u012bb\u0101m, nodro\u0161inot vienm\u0113r\u012bgu darb\u012bbu pat lielas slodzes apst\u0101k\u013cos. \u0160\u012b funkcija ir \u013coti svar\u012bga sk\u0101bbar\u012bbas ma\u0161\u012bn\u0101m, kur\u0101m ir j\u0101sasmalcina bl\u012bvas, \u0161\u0137iedrainas lopbar\u012bbas kult\u016bras, neapdraudot veiktsp\u0113ju.<\/li>\n<\/ul>\n<h3>2. Prec\u012bza in\u017eenierija uzticam\u012bbai<\/h3>\n<ul>\n<li>Ar prec\u012bzu in\u017eenieriju izgatavot\u0101 p\u0101rnesumk\u0101rba nodro\u0161ina, ka katra sast\u0101vda\u013ca darbojas neman\u0101mi kop\u0101, t\u0101d\u0113j\u0101di nodro\u0161inot nemain\u012bgu veiktsp\u0113ju un uzticam\u012bbu. \u0160is in\u017eenierijas l\u012bmenis samazina nodilumu, pagarinot p\u0101rnesumk\u0101rbas kalpo\u0161anas laiku un samazinot apkopes izmaksas.<\/li>\n<\/ul>\n<h3>3. Efekt\u012bva jaudas p\u0101rvade<\/h3>\n<ul>\n<li>P\u0101rnesumk\u0101rba ir optimiz\u0113ta efekt\u012bvai jaudas p\u0101rvadei no traktora j\u016bgv\u0101rpstas uz griez\u0113jdiskiem. T\u0101 nodro\u0161ina, ka j\u016bgv\u0101rpstas rad\u012bt\u0101 ener\u0123ija tiek efekt\u012bvi p\u0101rveidota rot\u0101cijas kust\u012bb\u0101, kas nepiecie\u0161ama sk\u0101bbar\u012bbas ma\u0161\u012bnas grie\u0161anas meh\u0101nisma darbin\u0101\u0161anai, uzlabojot kop\u0113jo darb\u012bbas efektivit\u0101ti.<\/li>\n<\/ul>\n<h3>4. \u0100truma samazin\u0101\u0161ana un griezes momenta pastiprin\u0101\u0161ana<\/h3>\n<ul>\n<li>P\u0101rnesumk\u0101rba, kas paredz\u0113ta ieejas \u0101truma samazin\u0101\u0161anai un griezes momenta palielin\u0101\u0161anai, nodro\u0161ina, ka griez\u0113jdiski darbojas ar optim\u0101lu \u0101trumu lopbar\u012bbas kult\u016bru smalcin\u0101\u0161anai. Samazinot traktora j\u016bgv\u0101rpstas liel\u0101truma grie\u0161anos, p\u0101rnesumk\u0101rba \u013cauj ma\u0161\u012bnai darboties ar maz\u0101ku \u0101trumu, kas nepiecie\u0161ams efekt\u012bvai smalcin\u0101\u0161anai, vienlaikus saglab\u0101jot nepiecie\u0161amo jaudu smagu kravu apstr\u0101dei.<\/li>\n<\/ul>\n<h3>5. Kompakts un iztur\u012bgs dizains<\/h3>\n<ul>\n<li>FMP-QZ-WRXR p\u0101rnesumk\u0101rbas kompaktais un iztur\u012bgais dizains padara to piem\u0113rotu lieto\u0161anai skarbos lauksaimniec\u012bbas apst\u0101k\u013cos. T\u0101s iztur\u012bg\u0101 konstrukcija nodro\u0161ina, ka t\u0101 var iztur\u0113t nep\u0101rtrauktas lieto\u0161anas rad\u012bto fizisko slodzi sare\u017e\u0123\u012btos lauka apst\u0101k\u013cos, pied\u0101v\u0101jot iztur\u012bbu un ilgtermi\u0146a uzticam\u012bbu.<\/li>\n<\/ul>\n<p>FMP-QZ-WRXR sk\u0101bbar\u012bbas ma\u0161\u012bnas p\u0101rnesumk\u0101rba v\u0101cu Champion Four Disc (3500. tips) kombainam apvieno augstas veiktsp\u0113jas in\u017eenieriju, iztur\u012bbu un piel\u0101gojam\u012bbu, padarot to par b\u016btisku sast\u0101vda\u013cu modern\u0101 sk\u0101bbar\u012bbas un lopbar\u012bbas nov\u0101k\u0161anas apr\u012bkojum\u0101. T\u0101 nodro\u0161ina optim\u0101lu veiktsp\u0113ju pras\u012bg\u0101s lauksaimniec\u012bbas darb\u012bb\u0101s, vienlaikus pied\u0101v\u0101jot elast\u012bbu, uzticam\u012bbu un efektivit\u0101ti.<\/p>\n<p><img loading=\"lazy\" decoding=\"async\" class=\"alignnone size-full wp-image-2971\" src=\"https:\/\/fmp-components.com\/wp-content\/uploads\/2025\/01\/Silage-Machine-Gearbox-EP-QZ-WRXL-for-German-Champion-Four-Disc-Type-3500.webp\" alt=\"Sk\u0101bbar\u012bbas-ma\u0161\u012bnas-reduktors-EP-QZ-WRXL-V\u0101cijas-\u010dempiona-\u010detru-disku-3500-tipa-s\u0113jma\u0161\u012bnai\" width=\"1024\" height=\"607\" title=\"\" srcset=\"https:\/\/fmp-components.com\/wp-content\/uploads\/2025\/01\/Silage-Machine-Gearbox-EP-QZ-WRXL-for-German-Champion-Four-Disc-Type-3500.webp 1024w, https:\/\/fmp-components.com\/wp-content\/uploads\/2025\/01\/Silage-Machine-Gearbox-EP-QZ-WRXL-for-German-Champion-Four-Disc-Type-3500-980x581.webp 980w, https:\/\/fmp-components.com\/wp-content\/uploads\/2025\/01\/Silage-Machine-Gearbox-EP-QZ-WRXL-for-German-Champion-Four-Disc-Type-3500-480x285.webp 480w\" sizes=\"(min-width: 0px) and (max-width: 480px) 480px, (min-width: 481px) and (max-width: 980px) 980px, (min-width: 981px) 1024px, 100vw\" \/><\/p>\n<h2>Sk\u0101bbar\u012bbas ma\u0161\u012bnas p\u0101rnesumk\u0101rbas FMP-QZ-WRXR pielietojums v\u0101cu \u010dempiona \u010detru disku (3500. tips) smalcin\u0101t\u0101jam<\/h2>\n<p>FMP-QZ-WRXR sk\u0101bbar\u012bbas ma\u0161\u012bnas p\u0101rnesumk\u0101rba v\u0101cu Champion Four Disc (3500.\u00a0tips) ir augstas veiktsp\u0113jas, prec\u012bzi konstru\u0113ta deta\u013ca, kas \u012bpa\u0161i izstr\u0101d\u0101ta lauksaimniec\u012bbas ma\u0161\u012bn\u0101m, ko izmanto sk\u0101bbar\u012bbas nov\u0101k\u0161an\u0101 un lopbar\u012bbas apstr\u0101d\u0113. T\u0101l\u0101k ir nor\u0101d\u012bti \u0161\u012bs p\u0101rnesumk\u0101rbas galvenie pielietojumi:<\/p>\n<h3>1. Sk\u0101bbar\u012bbas nov\u0101k\u0161ana un p\u0101rstr\u0101de<\/h3>\n<ul>\n<li>Galvenais pielietojums: FMP-QZ-WRXR p\u0101rnesumk\u0101rba galvenok\u0101rt tiek izmantota sk\u0101bbar\u012bbas ma\u0161\u012bn\u0101s, kur t\u0101 darbina griez\u0113jdiskus lopbar\u012bbas kult\u016bru smalcin\u0101\u0161anai un apstr\u0101dei. Efekt\u012bvi p\u0101rnesot jaudu no j\u016bgv\u0101rpstas uz griez\u0113jdiskiem, p\u0101rnesumk\u0101rba \u013cauj ma\u0161\u012bnai nov\u0101kt da\u017e\u0101das lopbar\u012bbas kult\u016bras, piem\u0113ram, kukur\u016bzu, z\u0101li, lucernu un sorgo, smalki sasmalcin\u0101t\u0101 materi\u0101l\u0101, kas piem\u0113rots sk\u0101bbar\u012bbas uzglab\u0101\u0161anai.<\/li>\n<li>Kult\u016braugu veidi: P\u0101rnesumk\u0101rba atbalsta gan mitru kult\u016braugu (piem\u0113ram, kukur\u016bzas), gan saus\u0101ku kult\u016braugu (piem\u0113ram, z\u0101les un p\u0101k\u0161augu) nov\u0101k\u0161anu, nodro\u0161inot optim\u0101lu veiktsp\u0113ju da\u017e\u0101du kult\u016braugu veidu gad\u012bjum\u0101.<\/li>\n<\/ul>\n<h3>2. Lopbar\u012bbas p\u013cau\u0161ana un smalcin\u0101\u0161ana<\/h3>\n<ul>\n<li>P\u0101rnesumk\u0101rba darbina griez\u0113jdiskus, kas sasmalcina un sasmalcina nov\u0101kto lopbar\u012bbu. FMP-QZ-WRXR prec\u012bz\u0101 konstrukcija nodro\u0161ina disku darb\u012bbu ar optim\u0101lu \u0101trumu un griezes momentu, nodro\u0161inot vienm\u0113r\u012bgu smalcin\u0101\u0161anas garumu, kas ir \u013coti svar\u012bgi pareizai ferment\u0101cijai sk\u0101bbar\u012bbas uzglab\u0101\u0161anas laik\u0101.<\/li>\n<li>Vienm\u0113r\u012bga grie\u0161ana: T\u0101 nodro\u0161ina vienm\u0113r\u012bgu kult\u016braugu materi\u0101la grie\u0161anas procesu, uzlabojot ferment\u0101cijas procesu un bar\u012bbas kvalit\u0101ti, kas ir \u013coti svar\u012bgi lopkop\u012bbas uzturam.<\/li>\n<\/ul>\n<h3>3. Siena un mitras lopbar\u012bbas ra\u017eo\u0161ana<\/h3>\n<ul>\n<li>L\u012bdz\u012bgi k\u0101 sk\u0101bbar\u012bbas nov\u0101k\u0161an\u0101, FMP-QZ-WRXR p\u0101rnesumk\u0101rbu var izmantot siena ra\u017eo\u0161an\u0101, kur t\u0101 darbina ma\u0161\u012bnas, kas smalcina un apstr\u0101d\u0101 mitru lopbar\u012bbu uzglab\u0101\u0161anai. P\u0101rnesumk\u0101rbas sp\u0113ja tikt gal\u0101 ar lielu griezes momentu ir \u013coti svar\u012bga \u0161\u0101dos apst\u0101k\u013cos, lai saglab\u0101tu nemain\u012bgu veiktsp\u0113ju, apstr\u0101d\u0101jot mitr\u0101kus, bl\u012bv\u0101kus materi\u0101lus.<\/li>\n<li>Mitruma satura uztur\u0113\u0161ana: P\u0101rnesumk\u0101rba \u013cauj ma\u0161\u012bn\u0101m darboties efekt\u012bvi, nezaud\u0113jot mitruma saturu, kas ir b\u016btiski augstas kvalit\u0101tes siena ra\u017eo\u0161anai.<\/li>\n<\/ul>\n<h3>4. Z\u0101les un p\u0101k\u0161augu sk\u0101bbar\u012bba<\/h3>\n<ul>\n<li>P\u0101rnesumk\u0101rba ir \u013coti efekt\u012bva z\u0101les sk\u0101bbar\u012bbas (piem\u0113ram, airenes, timoti\u0146a un \u0101boli\u0146a) un p\u0101k\u0161augu sk\u0101bbar\u012bbas apstr\u0101d\u0113, kas ir b\u016btiska bar\u012bba piena un ga\u013cas liellopiem. T\u0101s sp\u0113ja apstr\u0101d\u0101t pla\u0161u kult\u016braugu kl\u0101stu un nodro\u0161in\u0101t vienm\u0113r\u012bgu smalcin\u0101\u0161anu ir b\u016btiska augstas kvalit\u0101tes sk\u0101bbar\u012bbas ra\u017eo\u0161anai ar uzlabotu uzturv\u0113rt\u012bbu m\u0101jlopiem.<\/li>\n<li>Bar\u012bbas kvalit\u0101tes optimiz\u0113\u0161ana: Veicinot prec\u012bzu smalcin\u0101\u0161anu, tiek nodro\u0161in\u0101ts, ka sk\u0101bbar\u012bba ir pien\u0101c\u012bgi sagatavota ferment\u0101cijai, uzlabojot t\u0101s sagremojam\u012bbu un uzturv\u0113rt\u012bbu.<\/li>\n<\/ul>\n<h3>5. Liela apjoma komerci\u0101l\u0101 lauksaimniec\u012bba<\/h3>\n<ul>\n<li>FMP-QZ-WRXR p\u0101rnesumk\u0101rba ir ide\u0101li piem\u0113rota liela apjoma sk\u0101bbar\u012bbas nov\u0101k\u0161anai komerci\u0101l\u0101s saimniec\u012bb\u0101s. T\u0101 var apstr\u0101d\u0101t lielu lopbar\u012bbas kult\u016bru apjomu, padarot to par b\u016btisku sast\u0101vda\u013cu lielu pa\u0161g\u0101j\u0113ju kombainu vai velkamu sk\u0101bbar\u012bbas griez\u0113ju darb\u012bb\u0101. P\u0101rnesumk\u0101rbas robust\u0101 konstrukcija nodro\u0161ina uzticam\u012bbu nep\u0101rtrauktas, lielas slodzes darb\u012bbas laik\u0101, kas rakstur\u012bgas liel\u0101m lauksaimniec\u012bbas saimniec\u012bb\u0101m.<\/li>\n<li>Iztur\u012bba smag\u0101s lauksaimniec\u012bbas oper\u0101cij\u0101s: p\u0101rnesumk\u0101rbas sp\u0113ja p\u0101rvad\u012bt lielu griezes momentu, neapdraudot veiktsp\u0113ju, padara to ide\u0101li piem\u0113rotu smag\u0101m lauksaimniec\u012bbas oper\u0101cij\u0101m, uzlabojot efektivit\u0101ti un samazinot d\u012bkst\u0101ves laiku.<\/li>\n<\/ul>\n<p>B\u016bt\u012bb\u0101 FMP-QZ-WRXR p\u0101rnesumk\u0101rba ir iztur\u012bga, daudzpus\u012bga un \u013coti efekt\u012bva lauksaimniec\u012bbas tehnikas sast\u0101vda\u013ca, kas \u012bpa\u0161i izstr\u0101d\u0101ta sk\u0101bbar\u012bbas nov\u0101k\u0161anas un apstr\u0101des optimiz\u0113\u0161anai. T\u0101 nodro\u0161ina vienm\u0113r\u012bgu darb\u012bbu sare\u017e\u0123\u012btos apst\u0101k\u013cos, uzlabo bar\u012bbas kvalit\u0101ti un atbalsta liela m\u0113roga lauksaimniec\u012bbas darb\u012bbas.<\/p>\n<p><img loading=\"lazy\" decoding=\"async\" class=\"alignnone size-full wp-image-2972\" src=\"https:\/\/fmp-components.com\/wp-content\/uploads\/2025\/01\/Silage-Machine-Gearbox-for-German-Champion-Four-Disc-Type-3500-Working-Principle-scaled.webp\" alt=\"Sk\u0101bbar\u012bbas ma\u0161\u012bnas p\u0101rnesumk\u0101rba V\u0101cijas \u010dempiona \u010detru disku 3500 tipa traktoram: darb\u012bbas princips\" width=\"2560\" height=\"1212\" title=\"\" srcset=\"https:\/\/fmp-components.com\/wp-content\/uploads\/2025\/01\/Silage-Machine-Gearbox-for-German-Champion-Four-Disc-Type-3500-Working-Principle-scaled.webp 2560w, https:\/\/fmp-components.com\/wp-content\/uploads\/2025\/01\/Silage-Machine-Gearbox-for-German-Champion-Four-Disc-Type-3500-Working-Principle-1280x606.webp 1280w, https:\/\/fmp-components.com\/wp-content\/uploads\/2025\/01\/Silage-Machine-Gearbox-for-German-Champion-Four-Disc-Type-3500-Working-Principle-980x464.webp 980w, https:\/\/fmp-components.com\/wp-content\/uploads\/2025\/01\/Silage-Machine-Gearbox-for-German-Champion-Four-Disc-Type-3500-Working-Principle-480x227.webp 480w\" sizes=\"(min-width: 0px) and (max-width: 480px) 480px, (min-width: 481px) and (max-width: 980px) 980px, (min-width: 981px) and (max-width: 1280px) 1280px, (min-width: 1281px) 2560px, 100vw\" \/><\/p>\n<h2>Par FMP<\/h2>\n<p>FMP galven\u0101 m\u012btne atrodas It\u0101lij\u0101, un tas ir vado\u0161ais ra\u017eot\u0101js, kas atz\u012bts par savu pieredzi augstas veiktsp\u0113jas p\u0101rnesumk\u0101rbu projekt\u0113\u0161an\u0101, izstr\u0101d\u0113 un ra\u017eo\u0161an\u0101, \u012bpa\u0161i koncentr\u0113joties uz lauksaimniec\u012bbas tehnikas nozari. FMP, kas paz\u012bstams ar savu prec\u012bzo in\u017eenieriju, inovat\u012bvajiem risin\u0101jumiem un nelok\u0101mo uzticam\u012bbu, ir ieguvis uzticama partnera reput\u0101ciju gan lauksaimniec\u012bbas, gan r\u016bpniec\u012bbas nozar\u0113s. M\u016bsu pla\u0161aj\u0101 produktu kl\u0101st\u0101 ietilpst z\u0101les p\u013c\u0101v\u0113ju, j\u016bgv\u0101rpstu un citu svar\u012bgu komponentu p\u0113c pas\u016bt\u012bjuma izgatavotas p\u0101rnesumk\u0101rbas, kas visas ir paredz\u0113tas pla\u0161a spektra pielietojumu da\u017e\u0101d\u0101m vajadz\u012bb\u0101m.<\/p>\n<p>Uz\u0146\u0113mum\u0101 FMP m\u0113s saprotam, ka katram klientam ir unik\u0101las probl\u0113mas un pras\u012bbas. T\u0101p\u0113c m\u0113s specializ\u0113jamies piel\u0101gotu risin\u0101jumu nodro\u0161in\u0101\u0161an\u0101, neatkar\u012bgi no t\u0101, vai tie attiecas uz atsevi\u0161\u0137\u0101m komponent\u0113m vai piln\u012bb\u0101 integr\u0113t\u0101m sist\u0113m\u0101m. Cie\u0161i sadarbojoties ar m\u016bsu klientiem, m\u0113s nodro\u0161in\u0101m, ka katrs risin\u0101jums ne tikai atbilst vi\u0146u \u012bpa\u0161aj\u0101m vajadz\u012bb\u0101m, bet ar\u012b uzlabo gan veiktsp\u0113ju, gan v\u0113rt\u012bbu. M\u016bsu ap\u0146em\u0161an\u0101s sniegt \u0101tras un profesion\u0101las atbildes, k\u0101 ar\u012b ekspertu konsult\u0101cijas garant\u0113, ka katrs piepras\u012bjums tiek izskat\u012bts ar visliel\u0101ko r\u016bp\u012bbu un precizit\u0101ti, katru reizi nodro\u0161inot optim\u0101lus rezult\u0101tus.<\/p>\n<p>M\u0113s pie\u0161\u0137iram priorit\u0101ti p\u0101rredzamai un nep\u0101rtrauktai komunik\u0101cijai vis\u0101 produktu izstr\u0101des cikl\u0101. M\u016bsu \u012bpa\u0161i izveidot\u0101 komanda str\u0101d\u0101 tie\u0161i ar klientiem, lai piln\u012bb\u0101 izprastu vi\u0146u \u012bpa\u0161\u0101s vajadz\u012bbas, pied\u0101v\u0101jot ieskatu sniedzo\u0161us ieteikumus, lai nodro\u0161in\u0101tu vislab\u0101kos iesp\u0113jamos rezult\u0101tus. Neatkar\u012bgi no t\u0101, vai m\u0113s izstr\u0101d\u0101jam inovat\u012bvus produktus vai izpild\u0101m past\u0101v\u012bgus pas\u016bt\u012bjumus, FMP ir ap\u0146\u0113mies vienm\u0113r savlaic\u012bgi pieg\u0101d\u0101t augstas kvalit\u0101tes, prec\u012bzi izstr\u0101d\u0101tus risin\u0101jumus. M\u016bsu m\u0113r\u0137is ir past\u0101v\u012bgi p\u0101rsniegt klientu cer\u012bbas, nodro\u0161inot izcilu servisu un rezult\u0101tus katr\u0101 projekt\u0101.<\/p>\n<p>Kvalit\u0101te ir FMP darb\u012bbas pamat\u0101. M\u0113s iev\u0113rojam augst\u0101kos ra\u017eo\u0161anas standartus un ievie\u0161am stingrus kvalit\u0101tes kontroles pas\u0101kumus, lai nodro\u0161in\u0101tu, ka katrs produkts ne tikai atbilst, bet ar\u012b p\u0101rsniedz nozares standartus. \u0160\u012b ap\u0146em\u0161an\u0101s sasniegt izcil\u012bbu apvienojum\u0101 ar m\u016bsu pamatv\u0113rt\u012bb\u0101m \u2013 integrit\u0101ti, komandas darbu un neatlaid\u012bbu \u2013 ir \u013c\u0101vusi mums veidot ilgsto\u0161as, uz uztic\u012bbu balst\u012btas attiec\u012bbas ar klientiem gandr\u012bz 30 valst\u012bs vis\u0101 pasaul\u0113.<\/p>\n<p>FMP vienm\u0113r v\u0113las veidot glob\u0101las partnerattiec\u012bbas un ir ap\u0146\u0113mies pied\u0101v\u0101t ekspertu padomus un piel\u0101gotus risin\u0101jumus, kas atbilst m\u016bsu klientu main\u012bgaj\u0101m vajadz\u012bb\u0101m. M\u0113s sniedzamies t\u0101l\u0101k par tikai produktu pieg\u0101di \u2014 m\u016bsu m\u0113r\u0137is ir veidot ilgsto\u0161as \u200b\u200battiec\u012bbas, kas veicina katra projekta pan\u0101kumus. Neatkar\u012bgi no t\u0101, vai jums ir nepiecie\u0161ami inovat\u012bvi risin\u0101jumi jaunam projektam vai past\u0101v\u012bgs atbalsts eso\u0161ai sist\u0113mai, FMP ir gatavs risin\u0101t j\u016bsu tehnisk\u0101s probl\u0113mas un nodro\u0161in\u0101t j\u016bsu past\u0101v\u012bgus pan\u0101kumus.<\/p>\n<p><img loading=\"lazy\" decoding=\"async\" class=\"alignnone wp-image-2695\" src=\"https:\/\/fmp-components.com\/wp-content\/uploads\/2025\/01\/agricultural-gearbox3.webp\" alt=\"lauksaimniec\u012bbas p\u0101rnesumk\u0101rba\" width=\"953\" height=\"951\" title=\"\" srcset=\"https:\/\/fmp-components.com\/wp-content\/uploads\/2025\/01\/agricultural-gearbox3.webp 953w, https:\/\/fmp-components.com\/wp-content\/uploads\/2025\/01\/agricultural-gearbox3-480x479.webp 480w\" sizes=\"(min-width: 0px) and (max-width: 480px) 480px, (min-width: 481px) 953px, 100vw\" \/><\/p>\n<p>Autors: CX<\/p>","protected":false},"excerpt":{"rendered":"<p>Silage Machine Gearbox FMP-QZ-WRXR Dimensions Silage Machine Gearbox FMP-QZ-WRXR Technical Data Name Suitable Turn header series Toothing Feeding box silage machines dextrorotation 3 series Gleason Helical Teeth Remark: If you have any special require feel free let me know, we also accept custom. Features of Silage Machine Gearbox EP-QZ-WRXR for German Champion Four Disc (Type [&hellip;]<\/p>","protected":false},"featured_media":3037,"comment_status":"open","ping_status":"closed","template":"","meta":{"_et_pb_use_builder":"","_et_pb_old_content":"","_et_gb_content_width":""},"product_brand":[],"product_cat":[69],"product_tag":[],"class_list":{"0":"post-3036","1":"product","2":"type-product","3":"status-publish","4":"has-post-thumbnail","6":"product_cat-silage-machine-gearbox","8":"first","9":"instock","10":"shipping-taxable","11":"product-type-simple"},"_links":{"self":[{"href":"https:\/\/fmp-components.com\/lv\/wp-json\/wp\/v2\/product\/3036","targetHints":{"allow":["GET"]}}],"collection":[{"href":"https:\/\/fmp-components.com\/lv\/wp-json\/wp\/v2\/product"}],"about":[{"href":"https:\/\/fmp-components.com\/lv\/wp-json\/wp\/v2\/types\/product"}],"replies":[{"embeddable":true,"href":"https:\/\/fmp-components.com\/lv\/wp-json\/wp\/v2\/comments?post=3036"}],"wp:featuredmedia":[{"embeddable":true,"href":"https:\/\/fmp-components.com\/lv\/wp-json\/wp\/v2\/media\/3037"}],"wp:attachment":[{"href":"https:\/\/fmp-components.com\/lv\/wp-json\/wp\/v2\/media?parent=3036"}],"wp:term":[{"taxonomy":"product_brand","embeddable":true,"href":"https:\/\/fmp-components.com\/lv\/wp-json\/wp\/v2\/product_brand?post=3036"},{"taxonomy":"product_cat","embeddable":true,"href":"https:\/\/fmp-components.com\/lv\/wp-json\/wp\/v2\/product_cat?post=3036"},{"taxonomy":"product_tag","embeddable":true,"href":"https:\/\/fmp-components.com\/lv\/wp-json\/wp\/v2\/product_tag?post=3036"}],"curies":[{"name":"wp","href":"https:\/\/api.w.org\/{rel}","templated":true}]}}