{"id":2967,"date":"2025-01-04T05:29:29","date_gmt":"2025-01-04T05:29:29","guid":{"rendered":"https:\/\/fmp-components.com\/product\/ningbo-bridge-integrated-type-steering-cylinder\/"},"modified":"2025-01-04T05:38:17","modified_gmt":"2025-01-04T05:38:17","slug":"ningbo-bridge-integrated-type-steering-cylinder","status":"publish","type":"product","link":"https:\/\/fmp-components.com\/lv\/product\/ningbo-bridge-integrated-type-steering-cylinder\/","title":{"rendered":"Ningbo tilta integr\u0113t\u0101 tipa st\u016bres cilindrs"},"content":{"rendered":"<p style=\"text-align: center;\"><span style=\"font-size: 18pt;\">Ningbo tilta integr\u0113t\u0101 tipa st\u016bres cilindrs<\/span><\/p>\n<p><img loading=\"lazy\" decoding=\"async\" class=\"aligncenter wp-image-1012839\" src=\"https:\/\/images.hzpt.com\/2024\/11\/steering-cylinder-integral-1.webp\" alt=\"\" width=\"400\" height=\"400\" title=\"\"><\/p>\n<p>Ningbo tilta integr\u0113t\u0101 tipa st\u016bres cilindrs ir b\u016btiska st\u016bres sist\u0113mu sast\u0101vda\u013ca smagaj\u0101s ma\u0161\u012bn\u0101s un transportl\u012bdzek\u013cos, \u012bpa\u0161i tiltu b\u016bvniec\u012bb\u0101. \u0160is hidrauliskais izpildmeh\u0101nisms iev\u0113rojami uzlabo manevr\u0113tsp\u0113ju un precizit\u0101ti, padarot to par oblig\u0101tu pirkumu operatoriem, kas mekl\u0113 uzticam\u012bbu un efektivit\u0101ti.<\/p>\n<p>Cilindram ir iztur\u012bga konstrukcija un izcila veiktsp\u0113ja sare\u017e\u0123\u012btos pielietojumos, kas to at\u0161\u0137ir no citiem hidrauliskajiem izpildmeh\u0101nismiem. T\u0101 integr\u0113t\u0101 konstrukcija nodro\u0161ina nep\u0101rsp\u0113jamu iztur\u012bbu un precizit\u0101ti, pozicion\u0113jot to k\u0101 b\u016btisku resursu b\u016bvniec\u012bbas un ma\u0161\u012bnb\u016bves nozar\u0113.<\/p>\n<p>Iev\u0113rojot lab\u0101ko lieto\u0161anas un apkopes praksi, operatori var piln\u012bb\u0101 atrais\u012bt \u0161\u012b hidraulisk\u0101 izpildmeh\u0101nisma potenci\u0101lu, nodro\u0161inot optim\u0101lu veiktsp\u0113ju un ilgm\u016b\u017e\u012bbu. Invest\u012bcijas Ningbo tilta integr\u0113t\u0101 tipa st\u016bres cilindr\u0101 noz\u012bm\u0113 efektivit\u0101tes uzlabo\u0161anu un izcilas st\u016br\u0113\u0161anas vad\u012bbas sasnieg\u0161anu j\u016bsu darb\u012bb\u0101s. Moderniz\u0113jiet savu tehniku \u200b\u200bjau \u0161odien un izbaudiet at\u0161\u0137ir\u012bbu!<\/p>\n<h3>Ningbo tilta integr\u0113t\u0101 tipa st\u016bres cilindra parametrs:<\/h3>\n<p><strong>Cilindra diametrs:<\/strong> 50 mm<\/p>\n<p><strong>Stie\u0146a diametrs:<\/strong> 25 mm<\/p>\n<p><strong>Ce\u013cojums:<\/strong> 130 mm<\/p>\n<p><strong>Uzst\u0101d\u012b\u0161anas att\u0101lums:<\/strong> 487 mm<\/p>\n<h2>Ningbo tilta integr\u0113t\u0101 tipa st\u016bres cilindra galven\u0101s iez\u012bmes:<\/h2>\n<h3>Integr\u0113ts dizains<\/h3>\n<p>Ningbo tilta st\u016bres cilindra integr\u0113tais dizains apvieno vair\u0101kas sast\u0101vda\u013cas vien\u0101, efekt\u012bv\u0101 vien\u012bb\u0101. \u0160is jaunin\u0101jums vienk\u0101r\u0161o uzst\u0101d\u012b\u0161anu un samazina meh\u0101nisku boj\u0101jumu iesp\u0113jam\u012bbu. Maz\u0101k deta\u013cu noz\u012bm\u0113 maz\u0101ku sare\u017e\u0123\u012bt\u012bbu, kas noved pie:<\/p>\n<p>\u2013 Optimiz\u0113ta apkope: T\u0101 k\u0101 ir maz\u0101k p\u0101rbaud\u0101mu un nomain\u0101mu komponentu, apkope k\u013c\u016bst \u0101tr\u0101ka un izmaksu zi\u0146\u0101 efekt\u012bv\u0101ka.<br \/>\n\u2013 Uzlabota uzticam\u012bba: Vienota sist\u0113ma samazina probl\u0113mu iesp\u0113jam\u012bbu, kas rodas va\u013c\u012bgu savienojumu vai nepareizi novietotu deta\u013cu d\u0113\u013c.<\/p>\n<h3>Izcila iztur\u012bba<\/h3>\n<p>Ningbo tilta st\u016bres cilindrs, kas rad\u012bts vissare\u017e\u0123\u012bt\u0101ko apst\u0101k\u013cu p\u0101rvar\u0113\u0161anai, ir iev\u0113rojami iztur\u012bgs. Galvenie aspekti ir \u0161\u0101di:<\/p>\n<p>\u2013 Iztur\u012bgs pret \u0101rk\u0101rt\u0113ju spiedienu: \u0160is cilindrs ir paredz\u0113ts darbam zem augsta hidraulisk\u0101 spiediena, nodro\u0161inot, ka tas var tikt gal\u0101 ar sare\u017e\u0123\u012btiem pielietojumiem, neapdraudot veiktsp\u0113ju.<br \/>\n\u2013 Vides iztur\u012bba: Neatkar\u012bgi no t\u0101, vai cilindrs ir pak\u013cauts skarbajiem laikapst\u0101k\u013ciem, putek\u013ciem vai mitrumam, tas saglab\u0101 savu integrit\u0101ti, padarot to piem\u0113rotu lieto\u0161anai \u0101rpus telp\u0101m un skarbaj\u0101 vid\u0113.<\/p>\n<h3>Prec\u012bzijas kontrole<\/h3>\n<p>Precizit\u0101te ir \u013coti svar\u012bga st\u016br\u0113\u0161anas darbos, un \u0161is cilindrs izce\u013cas ar to, ka nodro\u0161ina:<\/p>\n<p>\u2013 Rea\u0123\u0113jo\u0161a veiktsp\u0113ja: Operatori var sagaid\u012bt \u0101tru un prec\u012bzu st\u016br\u0113\u0161anas reakciju, kas ir \u013coti svar\u012bga sare\u017e\u0123\u012btu darba vietu navig\u0101cij\u0101.<br \/>\n\u2013 Uzlabota manevr\u0113tsp\u0113ja: Cilindra konstrukcija nodro\u0161ina prec\u012bzu vad\u012bbu, atvieglojot asu pagriezienu veik\u0161anu un \u0161\u0137\u0113r\u0161\u013cu p\u0101rvar\u0113\u0161anu.<\/p>\n<h3>Kompakts izm\u0113rs<\/h3>\n<p>Ningbo tilta st\u016bres cilindra kompaktais dizains ir iev\u0113rojama priek\u0161roc\u012bba m\u016bsdienu ma\u0161\u012bn\u0101s:<\/p>\n<p>\u2013 Vietas taup\u012b\u0161anas risin\u0101jums: ide\u0101li piem\u0113rots lietojumiem ar ierobe\u017eotu vietu, \u0161is cilindrs neman\u0101mi iederas \u0161aur\u0101s konfigur\u0101cij\u0101s, neupur\u0113jot veiktsp\u0113ju.<br \/>\n\u2013 Daudzpus\u012bgs pielietojums: t\u0101 piel\u0101gojamais izm\u0113rs padara to piem\u0113rotu da\u017e\u0101d\u0101m ma\u0161\u012bn\u0101m, s\u0101kot no celtniec\u012bbas tehnikas l\u012bdz specializ\u0113tiem transportl\u012bdzek\u013ciem, uzlabojot kop\u0113jo darb\u012bbas elast\u012bbu.<\/p>\n<h2>Ningbo tilta integr\u0113t\u0101 tipa st\u016bres cilindra pielietojums:<\/h2>\n<p><img loading=\"lazy\" decoding=\"async\" class=\"alignnone wp-image-1012840 size-full\" src=\"https:\/\/images.hzpt.com\/2024\/11\/steering-cylinder-integral-application.webp\" alt=\"\" width=\"1072\" height=\"603\" title=\"\"><\/p>\n<h2>Ningbo tilta integr\u0113t\u0101 tipa st\u016bres cilindra lieto\u0161anas metode:<\/h2>\n<p>Ningbo tilta integr\u0113t\u0101 tipa st\u016bres cilindra lieto\u0161ana ir vienk\u0101r\u0161a, t\u0101p\u0113c operatoriem ir viegli to integr\u0113t sav\u0101s iek\u0101rt\u0101s:<\/p>\n<ol>\n<li>Uzst\u0101d\u012b\u0161ana:\n<ul>\n<li>Nostipriniet cilindru tam paredz\u0113taj\u0101 transportl\u012bdzek\u013ca vai tehnikas stiprin\u0101juma viet\u0101.<\/li>\n<li>Pievienojiet hidraulisk\u0101s l\u012bnijas, lai nodro\u0161in\u0101tu pareizu hidraulisk\u0101 \u0161\u0137idruma pl\u016bsmu.<\/li>\n<\/ul>\n<\/li>\n<li>Darb\u012bba:\n<ul>\n<li>Aktiviz\u0113jiet hidraulisko sist\u0113mu, lai p\u0113c nepiecie\u0161am\u012bbas izstieptu vai ievilktu cilindru.<\/li>\n<li>Uzraugiet st\u016bres reakciju un piel\u0101gojiet hidraulisko spiedienu optim\u0101lai veiktsp\u0113jai.<\/li>\n<\/ul>\n<\/li>\n<li>Piel\u0101go\u0161ana:\n<ul>\n<li>Prec\u012bzi piel\u0101gojiet iestat\u012bjumus atbilsto\u0161i konkr\u0113t\u0101m ekspluat\u0101cijas pras\u012bb\u0101m, nodro\u0161inot st\u016bres meh\u0101nisma nevainojamu darb\u012bbu.<\/li>\n<\/ul>\n<\/li>\n<\/ol>\n<h2>K\u0101da loma st\u016bres cilindra darb\u012bb\u0101 ir prec\u012bzai vad\u012bbai?<\/h2>\n<p>Prec\u012bzai vad\u012bbai ir iz\u0161\u0137iro\u0161a noz\u012bme st\u016bres cilindra darb\u012bb\u0101, ietekm\u0113jot to ma\u0161\u012bnu veiktsp\u0113ju un dro\u0161\u012bbu, kur\u0101s t\u0101 tiek izmantota. \u0160eit ir da\u017ei galvenie t\u0101s svar\u012bguma aspekti:<\/p>\n<h3>1. Prec\u012bza navig\u0101cija<\/h3>\n<ul>\n<li>Rea\u0123\u0113jo\u0161a st\u016br\u0113\u0161ana: prec\u012bza vad\u012bba nodro\u0161ina t\u016bl\u012bt\u0113ju un prec\u012bzu st\u016br\u0113\u0161anas regul\u0113\u0161anu, \u013caujot operatoriem efekt\u012bvi p\u0101rvietoties sare\u017e\u0123\u012bt\u0101s darba viet\u0101s un \u0161aur\u0101s telp\u0101s.<\/li>\n<li>Uzlabota manevr\u0113tsp\u0113ja: Operatori var veikt asus pagriezienus un p\u0101rliecino\u0161i \u0101tri main\u012bt virzienu, kas ir svar\u012bgi b\u016bvniec\u012bb\u0101 un smago ma\u0161\u012bnu ekspluat\u0101cij\u0101.<\/li>\n<\/ul>\n<h3>2. Uzlabota dro\u0161\u012bba<\/h3>\n<ul>\n<li>Samazin\u0101ts negad\u012bjumu risks: Pateicoties prec\u012bzai vad\u012bbai, nepareizas st\u016br\u0113\u0161anas iesp\u0113jam\u012bba tiek samazin\u0101ta l\u012bdz minimumam, kas pal\u012bdz nov\u0113rst negad\u012bjumus un uzlabo operatoru un apk\u0101rt\u0113j\u0101 person\u0101la visp\u0101r\u0113jo dro\u0161\u012bbu.<\/li>\n<li>Kontrol\u0113ta kust\u012bba: Sp\u0113ja kontrol\u0113t st\u016br\u0113\u0161anas reakciju samazina p\u0113k\u0161\u0146u vai neprognoz\u0113jamu kust\u012bbu iesp\u0113jam\u012bbu, kas ir \u013coti svar\u012bgi situ\u0101cij\u0101s ar augst\u0101m likm\u0113m.<\/li>\n<\/ul>\n<h3>3. Paaugstin\u0101ta efektivit\u0101te<\/h3>\n<ul>\n<li>Optim\u0101la veiktsp\u0113ja: prec\u012bzas st\u016br\u0113\u0161anas kust\u012bbas nodro\u0161ina efekt\u012bv\u0101ku darb\u012bbu, samazinot uzdevumu veik\u0161anai nepiecie\u0161amo laiku un p\u016bles.<\/li>\n<li>Maz\u0101ks operatora nogurums: Kad st\u016bres sist\u0113mas rea\u0123\u0113 prec\u012bzi, operatori izj\u016bt maz\u0101ku slodzi, kas uzlabo koncentr\u0113\u0161an\u0101s sp\u0113jas un produktivit\u0101ti ilg\u0101k\u0101 laika period\u0101.<\/li>\n<\/ul>\n<h3>4. Past\u0101v\u012bga kontrole<\/h3>\n<ul>\n<li>Paredzama vad\u0101m\u012bba: prec\u012bza vad\u012bba nodro\u0161ina st\u016bres cilindra paredzamu darb\u012bbu, \u013caujot operatoriem lab\u0101k izprast tehnikas vad\u0101m\u012bbu.<\/li>\n<li>Piel\u0101gojam\u012bba: t\u0101 \u013cauj ma\u0161\u012bnai piel\u0101goties da\u017e\u0101d\u0101m slodz\u0113m un reljefam, neapdraudot kontroli, kas ir b\u016btiski dinamiskai darba videi.<\/li>\n<\/ul>\n<h3>5. Uzlabota veiktsp\u0113jas uzraudz\u012bba<\/h3>\n<ul>\n<li>Datu precizit\u0101te: M\u016bsdien\u012bg\u0101s iek\u0101rt\u0101s, kas apr\u012bkotas ar sensoriem, prec\u012bza vad\u012bba veicina prec\u012bzu datu ieg\u016b\u0161anu veiktsp\u0113jas uzraudz\u012bbai un diagnostikai, t\u0101d\u0113j\u0101di atvieglojot proakt\u012bvu apkopi.<\/li>\n<\/ul>\n<h2>St\u016bres cilindra cenas izpratne:<\/h2>\n<p>Apsverot Ningbo tilta integr\u0113t\u0101 tipa st\u016bres cilindru, ir svar\u012bgi nov\u0113rt\u0113t t\u0101 cenu, \u0146emot v\u0113r\u0101 t\u0101 funkcijas un priek\u0161roc\u012bbas. L\u016bk, k\u0101p\u0113c m\u016bsu cenas izce\u013cas:<\/p>\n<p>Kvalit\u0101te satiekas ar pieejam\u012bbu: M\u0113s pied\u0101v\u0101jam Ningbo Bridge integr\u0113t\u0101 tipa st\u016bres cilindru par cenu, kas atspogu\u013co t\u0101 augsto kvalit\u0101ti un veiktsp\u0113ju. J\u016bs ieg\u016bstat izcilu v\u0113rt\u012bbu, neapdraudot uzticam\u012bbu.<br \/>\nIzmaksu zi\u0146\u0101 efekt\u012bvs ieguld\u012bjums: Lai gan da\u017ei var izv\u0113l\u0113ties l\u0113t\u0101kas alternat\u012bvas, ieguld\u012bjums augstas kvalit\u0101tes st\u016bres cilindr\u0101, piem\u0113ram, \u0161aj\u0101, ilgtermi\u0146\u0101 var ietaup\u012bt naudu. Samazin\u0101tas apkopes izmaksas un palielin\u0101ta iztur\u012bba noz\u012bm\u0113 ret\u0101ku nomai\u0146u un remontu.<br \/>\nTirgus konkur\u0113tsp\u0113ja: M\u016bsu cenas joproj\u0101m ir konkur\u0113tsp\u0113j\u012bgas, \u013caujot jums atrast augstas veiktsp\u0113jas st\u016bres cilindru, kas atbilst j\u016bsu bud\u017eetam. M\u0113s iesak\u0101m sal\u012bdzin\u0101t m\u016bsu cenas ar citu cen\u0101m, lai redz\u0113tu at\u0161\u0137ir\u012bbu.<br \/>\nGarantija un atbalsts: M\u016bsu cen\u0101s ir iek\u013cauta stabila garantija un klientu atbalsts, kas nodro\u0161ina j\u016bsu ieguld\u012bjumu aizsardz\u012bbu un pal\u012bdz\u012bbu, kad vien t\u0101 nepiecie\u0161ama.<\/p>\n<h2>St\u016bres hidraulisk\u0101 cilindra pielietojums<\/h2>\n<p>St\u016bres hidrauliskie cilindri ir b\u016btiskas st\u016bres sist\u0113mu sast\u0101vda\u013cas da\u017e\u0101du veidu transportl\u012bdzek\u013cos. \u0160ie cilindri, kas paz\u012bstami ar\u012b k\u0101 st\u016bres izpildmeh\u0101nismi, pal\u012bdz p\u0101rveidot st\u016bres s\u016bk\u0146a \u0123ener\u0113to ener\u0123iju line\u0101r\u0101 kust\u012bb\u0101, ko var izmantot, lai manipul\u0113tu transportl\u012bdzek\u013ca rite\u0146u virzienu. \u0160eit ir da\u017ei no st\u016bres hidraulisko cilindru pielietojumiem:<\/p>\n<ol>\n<li>Smagie transportl\u012bdzek\u013ci:\n<p>St\u016bres hidrauliskos cilindrus parasti izmanto smag\u0101s automa\u0161\u012bn\u0101s, piem\u0113ram, kravas automa\u0161\u012bn\u0101s, autobusos un celtniec\u012bbas tehnik\u0101. \u0160iem transportl\u012bdzek\u013ciem st\u016br\u0113\u0161anai ir nepiecie\u0161ams liels sp\u0113ks, un hidrauliskais cilindrs var \u0123ener\u0113t nepiecie\u0161amo jaudu rite\u0146u pagrie\u0161anai pat tad, ja transportl\u012bdzeklis ir piekrauts ar svaru. Hidraulisk\u0101 sist\u0113ma ar\u012b \u013cauj prec\u012bz\u0101k kontrol\u0113t st\u016bres meh\u0101nismu, atvieglojot vad\u012bt\u0101jiem lielu, ne\u0113rtu transportl\u012bdzek\u013cu vad\u012b\u0161anu.<\/li>\n<li>Bezce\u013cu transportl\u012bdzek\u013ci:\n<p>Ar\u012b bezce\u013cu transportl\u012bdzek\u013ci, piem\u0113ram, kvadracikli, k\u0101pu bagiji un net\u012brumu motocikli, g\u016bst labumu no st\u016bres hidrauliskajiem cilindriem. \u0160ie transportl\u012bdzek\u013ci bie\u017ei darbojas nel\u012bdzen\u0101 reljef\u0101, kur parastie st\u016bres meh\u0101nismi var neb\u016bt efekt\u012bvi. Hidrauliskie cilindri var nodro\u0161in\u0101t nepiecie\u0161amo jaudu un precizit\u0101ti, lai st\u016br\u0113tu cauri \u0161\u0137\u0113r\u0161\u013ciem un saglab\u0101tu kontroli p\u0101r transportl\u012bdzekli.<\/li>\n<li>J\u016bras un kosmosa lietojumprogrammas:\n<p>St\u016bres hidrauliskie cilindri nav paredz\u0113ti tikai sauszemes transportl\u012bdzek\u013ciem. Tos izmanto ar\u012b j\u016bras lietojumos, piem\u0113ram, laiv\u0101s un ku\u0123os, k\u0101 ar\u012b kosmosa tehnolo\u0123ij\u0101s, piem\u0113ram, kosmosa ku\u0123os un lidma\u0161\u012bn\u0101s. \u0160ajos apst\u0101k\u013cos hidrauliskos cilindrus izmanto, lai manipul\u0113tu st\u016bres, spuru un citu vad\u012bbas virsmu virzienu, kas pal\u012bdz st\u016br\u0113t ku\u0123i vai lidma\u0161\u012bnu.<\/li>\n<li>R\u016bpniecisk\u0101s iek\u0101rtas:\n<p>Hidrauliskos cilindrus izmanto ar\u012b da\u017e\u0101dos r\u016bpnieciskos apst\u0101k\u013cos st\u016br\u0113\u0161anai un cit\u0101m vajadz\u012bb\u0101m. Piem\u0113ram, tos var izmantot celt\u0146u, iekr\u0101v\u0113ju vai citu smago ma\u0161\u012bnu st\u016br\u0113\u0161anai. \u0160ajos apst\u0101k\u013cos hidrauliskie cilindri var nodro\u0161in\u0101t nepiecie\u0161amo jaudu un precizit\u0101ti, lai manipul\u0113tu ar liel\u0101m krav\u0101m vai darbotos \u0161aur\u0101s telp\u0101s.<\/li>\n<li>Piel\u0101gotas lietojumprogrammas:\n<p>Papildus \u0161iem izplat\u012bt\u0101kajiem pielietojumiem st\u016bres hidrauliskos cilindrus var izmantot ar\u012b da\u017e\u0101dos piel\u0101gotos iestat\u012bjumos. Piem\u0113ram, tos var izmantot eksperiment\u0101los transportl\u012bdzek\u013cos vai prototipos, kuriem nepiecie\u0161ams unik\u0101ls st\u016bres meh\u0101nisms. Tos var izmantot ar\u012b m\u0101ksliniecisk\u0101s instal\u0101cij\u0101s vai kin\u0113tisk\u0101s skulpt\u016br\u0101s, kur\u0101m nepiecie\u0161ama prec\u012bza un kontrol\u0113ta kust\u012bba.<\/li>\n<\/ol>\n<p>K\u0101 redzat, st\u016bres hidrauliskajiem cilindriem ir pla\u0161s pielietojumu kl\u0101sts da\u017e\u0101d\u0101s nozar\u0113s un vid\u0113s. Neatkar\u012bgi no t\u0101, vai tos izmanto smagajos transportl\u012bdzek\u013cos, bezce\u013cu transportl\u012bdzek\u013cos, j\u016bras un kosmosa lietojumos, r\u016bpnieciskaj\u0101s iek\u0101rt\u0101s vai piel\u0101gotos pielietojumos, \u0161ie cilindri nodro\u0161ina nepiecie\u0161amo jaudu, precizit\u0101ti un kontroli efekt\u012bvai st\u016br\u0113\u0161anai.<\/p>\n<h2>Par FMP<\/h2>\n<p>FMP ir vado\u0161ais augstas kvalit\u0101tes hidraulisko cilindru, cilindru komplektu un celtniec\u012bbas tehnikas komponentu ra\u017eot\u0101js un izplat\u012bt\u0101js. Ar daudzu gadu pieredzi nozar\u0113 un profesion\u0101lu komandu m\u0113s esam ap\u0146\u0113mu\u0161ies nodro\u0161in\u0101t m\u016bsu klientiem uzticamus un efekt\u012bvus risin\u0101jumus vi\u0146u celtniec\u012bbas tehnikas vajadz\u012bb\u0101m.<\/p>\n<p>\u0160eit ir pieci iemesli, k\u0101p\u0113c jums vajadz\u0113tu izv\u0113l\u0113ties FMP:<\/p>\n<ol>\n<li><strong>Augstas kvalit\u0101tes hidrauliskie cilindri:<\/strong> M\u016bsu hidraulisko cilindru ra\u017eo\u0161an\u0101 m\u0113s izmantojam prec\u012bzu in\u017eenieriju. M\u016bsu stingr\u0101 ap\u0146em\u0161an\u0101s nodro\u0161in\u0101t kvalit\u0101ti nodro\u0161ina, ka m\u0113s izmantojam tikai augst\u0101k\u0101s kvalit\u0101tes izejvielas un veicam stingras gatav\u0101s produkcijas kvalit\u0101tes p\u0101rbaudes, lai nodro\u0161in\u0101tu, ka t\u0101 atbilst nozares standartiem un p\u0101rsniedz tos.<\/li>\n<li><strong>Pla\u0161s produktu kl\u0101sts:<\/strong> M\u016bsu produktu kl\u0101sts aptver visu veidu celtniec\u012bbas tehniku \u200b\u200bun piederumus. M\u0113s pied\u0101v\u0101jam da\u017e\u0101dus hidrauliskos cilindrus, p\u0101rnesumk\u0101rbas, \u0137\u0113des, zobratus, dzin\u0113ja piederumus, hidraulisko sist\u0113mu komponentus, \u0161asijas piederumus un elektrisk\u0101s sist\u0113mas piederumus.<\/li>\n<li><strong>Izveidotas partner\u012bbas:<\/strong> Esam izveidoju\u0161i ilgtermi\u0146a un stabilas partnerattiec\u012bbas ar daudziem augstas kvalit\u0101tes viet\u0113jiem un \u0101rvalstu pieg\u0101d\u0101t\u0101jiem. Tas nodro\u0161ina, ka visi pieg\u0101d\u0101tie aksesu\u0101ri atbilst m\u016bsu stingrajiem kvalit\u0101tes standartiem.<\/li>\n<li><strong>Pieredz\u0113jusi p\u0101rdo\u0161anas komanda:<\/strong> M\u016bsu p\u0101rdo\u0161anas komandai ir daudzu gadu pieredze un zin\u0101\u0161anas celtniec\u012bbas tehnikas nozar\u0113. Vi\u0146i var sniegt profesion\u0101las konsult\u0101cijas par produktiem un p\u0101rdom\u0101tus pirk\u0161anas padomus, lai pal\u012bdz\u0113tu jums pie\u0146emt p\u0101rdom\u0101tus l\u0113mumus.<\/li>\n<li><strong>Efekt\u012bva lo\u0123istikas izplat\u012b\u0161anas sist\u0113ma:<\/strong> Mums ir efekt\u012bva lo\u0123istikas izplat\u012b\u0161anas sist\u0113ma, lai nodro\u0161in\u0101tu, ka m\u016bsu klienti savlaic\u012bgi un prec\u012bzi sa\u0146em nepiecie\u0161am\u0101s deta\u013cas.<\/li>\n<\/ol>\n<p><img decoding=\"async\" src=\"https:\/\/fmp-components.com\/wp-content\/uploads\/2025\/01\/Dump-Truck-Trailer-Hydraulic-Cylinder-product-3-3.webp\" alt=\"Hidrauliskais cilindrs\" width=\"800\" title=\"\"><\/p>\n<p>Uz\u0146\u0113mum\u0101 FMP m\u0113s esam ap\u0146\u0113mu\u0161ies nodro\u0161in\u0101t saviem klientiem augstas kvalit\u0101tes un uzticamus celtniec\u012bbas tehnikas piederumus un piln\u012bgus ma\u0161\u012bnu risin\u0101jumus. Ar m\u016bsu modernaj\u0101m r\u016bpn\u012bcas iek\u0101rt\u0101m, CNC darbgaldiem, datoriz\u0113tu projekt\u0113\u0161anu, kvalific\u0113tiem darbiniekiem, hidraulisko sist\u0113mu ekspertiem, cilindru mont\u0113t\u0101jiem un izplat\u012bt\u0101jiem m\u0113s esam v\u0113lamais partneris, kas apmierin\u0101s j\u016bsu vajadz\u012bbas p\u0113c hidrauliskajiem cilindriem, cilindru komplektiem un komponentiem.<\/p>\n<p>Autors: CX<\/p>","protected":false},"excerpt":{"rendered":"<p>Ningbo Bridge Integrated-Type Steering Cylinder The Ningbo Bridge Integrated-Type Steering Cylinder is an essential component for steering systems in heavy machinery and vehicles, especially in bridge construction. This hydraulic actuator significantly enhances maneuverability and precision, making it a must-have for operators seeking reliability and efficiency. The cylinder features a robust design and exceptional performance in [&hellip;]<\/p>","protected":false},"featured_media":2968,"comment_status":"closed","ping_status":"closed","template":"","meta":{"_et_pb_use_builder":"","_et_pb_old_content":"","_et_gb_content_width":""},"product_brand":[],"product_cat":[67],"product_tag":[34,70],"class_list":{"0":"post-2967","1":"product","2":"type-product","3":"status-publish","4":"has-post-thumbnail","6":"product_cat-steering-hydraulic-cylinder","7":"product_tag-hydraulic-cylinder","8":"product_tag-steering-hydraulic-cylinder","10":"first","11":"instock","12":"product-type-simple"},"_links":{"self":[{"href":"https:\/\/fmp-components.com\/lv\/wp-json\/wp\/v2\/product\/2967","targetHints":{"allow":["GET"]}}],"collection":[{"href":"https:\/\/fmp-components.com\/lv\/wp-json\/wp\/v2\/product"}],"about":[{"href":"https:\/\/fmp-components.com\/lv\/wp-json\/wp\/v2\/types\/product"}],"replies":[{"embeddable":true,"href":"https:\/\/fmp-components.com\/lv\/wp-json\/wp\/v2\/comments?post=2967"}],"wp:featuredmedia":[{"embeddable":true,"href":"https:\/\/fmp-components.com\/lv\/wp-json\/wp\/v2\/media\/2968"}],"wp:attachment":[{"href":"https:\/\/fmp-components.com\/lv\/wp-json\/wp\/v2\/media?parent=2967"}],"wp:term":[{"taxonomy":"product_brand","embeddable":true,"href":"https:\/\/fmp-components.com\/lv\/wp-json\/wp\/v2\/product_brand?post=2967"},{"taxonomy":"product_cat","embeddable":true,"href":"https:\/\/fmp-components.com\/lv\/wp-json\/wp\/v2\/product_cat?post=2967"},{"taxonomy":"product_tag","embeddable":true,"href":"https:\/\/fmp-components.com\/lv\/wp-json\/wp\/v2\/product_tag?post=2967"}],"curies":[{"name":"wp","href":"https:\/\/api.w.org\/{rel}","templated":true}]}}