{"id":2953,"date":"2025-01-04T05:28:08","date_gmt":"2025-01-04T05:28:08","guid":{"rendered":"https:\/\/fmp-components.com\/product\/25-5134221-steering-cylinder\/"},"modified":"2025-01-04T05:51:12","modified_gmt":"2025-01-04T05:51:12","slug":"25-5134221-steering-cylinder","status":"publish","type":"product","link":"https:\/\/fmp-components.com\/lv\/product\/25-5134221-steering-cylinder\/","title":{"rendered":"25\/5134221 St\u016bres cilindrs"},"content":{"rendered":"<p>QJ554 31 020-1 st\u016bres cilindrs ir augstas kvalit\u0101tes produkts, kas paredz\u0113ts efekt\u012bvas un uzticamas st\u016bres vad\u012bbas nodro\u0161in\u0101\u0161anai. Pateicoties iztur\u012bgajai konstrukcijai un prec\u012bzajai in\u017eenierijai, \u0161is st\u016bres cilindrs nodro\u0161ina vienm\u0113r\u012bgu un prec\u012bzu st\u016br\u0113\u0161anas veiktsp\u0113ju.<\/p>\n<p>Galven\u0101s iez\u012bmes:<br \/>\n\u2013 Augstas kvalit\u0101tes materi\u0101li: QJ554 31 020-1 st\u016bres cilindrs ir izgatavots no augst\u0101k\u0101s kvalit\u0101tes materi\u0101liem, kas nodro\u0161ina t\u0101 ilgm\u016b\u017e\u012bbu un iztur\u012bbu.<br \/>\n\u2013 Efekt\u012bva st\u016br\u0113\u0161anas vad\u012bba: \u0160is st\u016bres cilindrs ir paredz\u0113ts prec\u012bzai un atsauc\u012bgai st\u016br\u0113\u0161anai, \u013caujot viegli manevr\u0113t.<br \/>\n\u2013 Vienk\u0101r\u0161a uzst\u0101d\u012b\u0161ana: Pateicoties lietot\u0101jam draudz\u012bgajam dizainam, QJ554 31 020-1 st\u016bres cilindru var viegli uzst\u0101d\u012bt, ietaupot laiku un p\u016bles.<br \/>\n\u2013 Daudzpus\u012bgs pielietojums: \u0160is st\u016bres cilindrs ir piem\u0113rots da\u017e\u0101diem pielietojumiem, padarot to par daudzpus\u012bgu izv\u0113li da\u017e\u0101d\u0101m nozar\u0113m.<\/p>\n<p>Neatkar\u012bgi no t\u0101, vai str\u0101d\u0101jat autob\u016bves, j\u016bras vai r\u016bpniec\u012bbas nozar\u0113, QJ554 31 020-1 st\u016bres cilindrs ir lieliska izv\u0113le vis\u0101m j\u016bsu st\u016br\u0113\u0161anas vajadz\u012bb\u0101m. T\u0101 izcil\u0101 veiktsp\u0113ja un uzticam\u012bba padara to par izcilu produktu tirg\u016b.<\/p>\n<p>Lai ieg\u016btu pla\u0161\u0101ku inform\u0101ciju par QJ554 31 020-1 st\u016bres cilindru, l\u016bdzu, apmekl\u0113jiet m\u016bsu t\u012bmek\u013ca vietni vai sazinieties ar m\u016bsu p\u0101rdo\u0161anas komandu. Vi\u0146i labpr\u0101t jums pal\u012bdz\u0113s ar visiem j\u016bsu jaut\u0101jumiem vai piepras\u012bjumiem.<\/p>\n<p><img loading=\"lazy\" decoding=\"async\" class=\"aligncenter wp-image-1005134\" src=\"https:\/\/images.hzpt.com\/2024\/11\/25-5134221-steering-cylinder-1.webp\" alt=\"\" width=\"400\" height=\"400\" title=\"\"><\/p>\n<p>25\/5134221 st\u016bres cilindrs ir hidrauliska sast\u0101vda\u013ca, kas p\u0101rveido hidraulisko spiedienu meh\u0101nisk\u0101 sp\u0113k\u0101, nodro\u0161inot vienm\u0113r\u012bgu un prec\u012bzu st\u016br\u0113\u0161anu. T\u0101 iztur\u012bg\u0101 konstrukcija \u013cauj tam iztur\u0113t skarbus apst\u0101k\u013cus, padarot to ide\u0101li piem\u0113rotu sare\u017e\u0123\u012btam reljefam. Papildus darb\u012bbas efektivit\u0101tes palielin\u0101\u0161anai tas ar\u012b uzlabo dro\u0161\u012bbu lieto\u0161anas laik\u0101.<\/p>\n<p>K\u0101 b\u016btiska hidraulisko st\u016bres sist\u0113mu sast\u0101vda\u013ca, 25\/5134221 lepojas ar iztur\u012bbu, precizit\u0101ti un \u0113rtu apkopi. Iepaz\u012bstoties ar t\u0101 funkcij\u0101m, lieto\u0161anas metod\u0113m un apkopes vajadz\u012bb\u0101m, j\u016bs varat nodro\u0161in\u0101t optim\u0101lu veiktsp\u0113ju un pagarin\u0101t t\u0101 kalpo\u0161anas laiku.<\/p>\n<p>Ieguld\u012bjums st\u016bres cilindr\u0101 25\/5134221 iev\u0113rojami uzlabo j\u016bsu tehnikas funkcionalit\u0101ti un dro\u0161\u012bbu, t\u0101d\u0113j\u0101di palielinot darba produktivit\u0101ti. Atkl\u0101jiet, k\u0101 \u0161is augstas kvalit\u0101tes st\u016bres cilindrs var ietekm\u0113t j\u016bsu darb\u012bbu!<\/p>\n<h2>25\/5134221 St\u016bres cilindra parametrs:<\/h2>\n<p><strong>Cilindra diametrs:<\/strong> 55 mm<\/p>\n<p><strong>Stie\u0146a diametrs:<\/strong> 25 mm<\/p>\n<p><strong>Ce\u013cojums:<\/strong> 232 mm<\/p>\n<p><strong>Uzst\u0101d\u012b\u0161anas att\u0101lums:<\/strong> 385 mm<\/p>\n<h2>25\/5134221 st\u016bres cilindra galven\u0101s iez\u012bmes:<\/h2>\n<ul>\n<li><strong>Augsta iztur\u012bba<\/strong>25\/5134221 st\u016bres cilindrs ir izgatavots no augst\u0101k\u0101s kvalit\u0101tes materi\u0101liem, kas \u012bpa\u0161i atlas\u012bti to iztur\u012bbas un notur\u012bbas d\u0113\u013c. \u0160\u012b iztur\u012bba \u013cauj cilindram dro\u0161i darboties skarbos apst\u0101k\u013cos, samazinot apkopes izmaksas un d\u012bkst\u0101ves laiku, k\u0101 ar\u012b padarot to par rentablu ieguld\u012bjumu operatoriem.<\/li>\n<li><strong>Prec\u012bzijas kontrole<\/strong>\u0160is st\u016bres cilindrs izce\u013cas ar izcilu atsauc\u012bbu, kas ir \u013coti svar\u012bgi, lai saglab\u0101tu kontroli main\u012bgos slodzes apst\u0101k\u013cos. Operatori var veikt \u0101tras un prec\u012bzas korekcijas, nodro\u0161inot prec\u012bzu st\u016br\u0113\u0161anu pat sare\u017e\u0123\u012btos manevros.<\/li>\n<li><strong>Kompakts dizains<\/strong>25\/5134221 modelim ir telpu taupo\u0161s dizains, kas \u013cauj to viegli integr\u0113t pla\u0161\u0101 iek\u0101rtu kl\u0101st\u0101. T\u0101 kompaktais izm\u0113rs neietekm\u0113 veiktsp\u0113ju, bet maksim\u0101li izmanto pieejamo vietu, padarot to piem\u0113rotu gan jaunu iek\u0101rtu konstrukcij\u0101m, gan eso\u0161o iek\u0101rtu moderniz\u0113\u0161anai.<\/li>\n<li><strong>Korozijas iztur\u012bba<\/strong>Apr\u012bkots ar aizsargp\u0101rkl\u0101jumu, 25\/5134221 ir iztur\u012bgs pret r\u016bsu un koroziju, padarot to \u012bpa\u0161i efekt\u012bvu \u0101ra un sare\u017e\u0123\u012btos apst\u0101k\u013cos. \u0160\u012b funkcija nodro\u0161ina nemain\u012bgu veiktsp\u0113ju laika gait\u0101 un pagarina cilindra kalpo\u0161anas laiku.<\/li>\n<li><strong>Standartiz\u0113ti izm\u0113ri<\/strong>25\/5134221 ir izstr\u0101d\u0101ts t\u0101, lai atbilstu visp\u0101rpie\u0146emtaj\u0101m ma\u0161\u012bnu specifik\u0101cij\u0101m, kas vienk\u0101r\u0161o nomai\u0146as un sader\u012bbas procesu. \u0160\u012b standartiz\u0101cija uzlabo darb\u012bbas efektivit\u0101ti, \u013caujot veikt \u0101trus remontus un samazin\u0101t d\u012bkst\u0101ves laiku.<\/li>\n<\/ul>\n<h2>25\/5134221 St\u016bres cilindra pielietojums:<\/h2>\n<p><img loading=\"lazy\" decoding=\"async\" class=\"alignnone wp-image-1005135 size-full\" src=\"https:\/\/images.hzpt.com\/2024\/11\/25-5134221-steering-cylinder-application.webp\" alt=\"\" width=\"1072\" height=\"603\" title=\"\"><\/p>\n<h2>25\/5134221 st\u016bres cilindra lieto\u0161anas metode:<\/h2>\n<p>25\/5134221 st\u016bres cilindra lieto\u0161ana ir vienk\u0101r\u0161a:<\/p>\n<h3>Uzst\u0101d\u012b\u0161ana<\/h3>\n<ol>\n<li><strong>Dro\u0161a mont\u0101\u017ea<\/strong>Novietojiet st\u016bres cilindru tam paredz\u0113taj\u0101 st\u016bres sist\u0113mas viet\u0101. P\u0101rliecinieties, vai tas ir dro\u0161i nostiprin\u0101ts, lai nov\u0113rstu jebk\u0101du kust\u012bbu darb\u012bbas laik\u0101.<\/li>\n<li><strong>Hidraulisko l\u012bniju pievieno\u0161ana<\/strong>Lai pareizi pievienotu hidraulisk\u0101s l\u012bnijas, iev\u0113rojiet ra\u017eot\u0101ja specifik\u0101cijas. Tas nodro\u0161ina optim\u0101lu \u0161\u0137idruma pl\u016bsmu un sist\u0113mas efektivit\u0101ti.<\/li>\n<\/ol>\n<h3>Darb\u012bba<\/h3>\n<ol>\n<li><strong>Iesl\u0113dziet hidraulisko sist\u0113mu<\/strong>: Aktiviz\u0113jiet hidraulisko sist\u0113mu, lai nodro\u0161in\u0101tu spiedienu cilindr\u0101. \u0160is solis ir b\u016btisks, lai cilindrs darbotos efekt\u012bvi.<\/li>\n<li><strong>St\u016bres vad\u012bba<\/strong>Izmantojiet st\u016bri vai vad\u012bbas ier\u012bces, lai vad\u012btu transportl\u012bdzekli. Cilindrs rea\u0123\u0113s, piel\u0101gojot st\u016bres le\u0146\u0137i, nodro\u0161inot prec\u012bzu vad\u012bbu vienm\u0113r\u012bgiem manevriem.<\/li>\n<\/ol>\n<h3>Uzraudz\u012bba<\/h3>\n<ol>\n<li><strong>P\u0101rbaudiet hidraulisk\u0101 \u0161\u0137idruma l\u012bmeni<\/strong>Regul\u0101ri p\u0101rbaudiet hidraulisk\u0101 \u0161\u0137idruma l\u012bmeni, lai uztur\u0113tu optim\u0101lu veiktsp\u0113ju. Pietiekams \u0161\u0137idruma l\u012bmenis ir \u013coti svar\u012bgs, lai nov\u0113rstu iesp\u0113jamus boj\u0101jumus.<\/li>\n<li><strong>P\u0101rbaudiet savienojumus<\/strong>Periodiski p\u0101rbaudiet visu hidraulisko savienojumu stingr\u012bbu un vai nav nopl\u016b\u017eu. Savienojumu dro\u0161\u012bba uzlabo dro\u0161\u012bbu un efektivit\u0101ti.<\/li>\n<\/ol>\n<h2>K\u0101da ir st\u016bres cilindra galven\u0101 funkcija?<\/h2>\n<ul>\n<li><strong>Hidraulisk\u0101 sp\u0113ka konvert\u0113\u0161ana<\/strong>St\u016bres cilindrs p\u0101rveido hidraulisk\u0101 \u0161\u0137idruma spiedienu line\u0101r\u0101 meh\u0101nisk\u0101 sp\u0113k\u0101. Kad operators pagrie\u017e st\u016bri, hidrauliskais \u0161\u0137idrums tiek novad\u012bts cilindr\u0101, izraisot virzu\u013ca kust\u012bbu iek\u0161pus\u0113. \u0160\u012b kust\u012bba tiek tie\u0161i p\u0101rnesta uz st\u016bres meh\u0101nismu, \u013caujot veikt prec\u012bzus regul\u0113jumus.<\/li>\n<li><strong>Uzlabota kontrole<\/strong>St\u016bres cilindrs \u013cauj operatoriem prec\u012bzi piel\u0101goties, nodro\u0161inot tie\u0161u atgriezenisko saiti un atsauc\u012bbu, kas ir \u013coti svar\u012bgi kontroles saglab\u0101\u0161anai, \u012bpa\u0161i sare\u017e\u0123\u012btos manevros, piem\u0113ram, asos pagriezienos vai \u0161\u0137\u0113r\u0161\u013cu p\u0101rvar\u0113\u0161an\u0101.<\/li>\n<li><strong>Slodzes p\u0101rvald\u012bba<\/strong>St\u016bres cilindri ir paredz\u0113ti, lai efekt\u012bvi apstr\u0101d\u0101tu lielas slodzes. Tie saglab\u0101 kontroli pat iev\u0113rojamas slodzes apst\u0101k\u013cos, nodro\u0161inot, ka transportl\u012bdzeklis vai tehnika prec\u012bzi rea\u0123\u0113 uz operatora ievadi.<\/li>\n<li><strong>Stabilit\u0101te darb\u012bb\u0101<\/strong>Cilindrs veicina transportl\u012bdzek\u013ca vai apr\u012bkojuma stabilit\u0101ti ekspluat\u0101cijas laik\u0101. Vienm\u0113r\u012bgas st\u016br\u0113\u0161anas p\u0101rejas atvieglo\u0161ana pal\u012bdz nov\u0113rst p\u0113k\u0161\u0146as raust\u012b\u0161an\u0101s vai p\u0101rsl\u0113g\u0161an\u0101s, kas var\u0113tu izrais\u012bt kontroles zaud\u0113\u0161anu, \u012bpa\u0161i uz nel\u012bdzena reljefa.<\/li>\n<li><strong>Dro\u0161\u012bbas funkcijas<\/strong>Daudziem m\u016bsdienu st\u016bres cilindriem ir dro\u0161\u012bbas funkcijas, piem\u0113ram, ieb\u016bv\u0113ti p\u0101rspiediena v\u0101rsti, kas nov\u0113r\u0161 p\u0101rspiediena situ\u0101cijas. Tas nodro\u0161ina, ka hidraulisk\u0101 sist\u0113ma darbojas dro\u0161\u0101s robe\u017e\u0101s, samazinot atteices vai negad\u012bjuma risku.<\/li>\n<\/ul>\n<h2>St\u016bres hidraulisk\u0101 cilindra pielietojums<\/h2>\n<p>St\u016bres hidrauliskie cilindri ir b\u016btiskas st\u016bres sist\u0113mu sast\u0101vda\u013cas da\u017e\u0101du veidu transportl\u012bdzek\u013cos. \u0160ie cilindri, kas paz\u012bstami ar\u012b k\u0101 st\u016bres izpildmeh\u0101nismi, pal\u012bdz p\u0101rveidot st\u016bres s\u016bk\u0146a \u0123ener\u0113to ener\u0123iju line\u0101r\u0101 kust\u012bb\u0101, ko var izmantot, lai manipul\u0113tu transportl\u012bdzek\u013ca rite\u0146u virzienu. \u0160eit ir da\u017ei no st\u016bres hidraulisko cilindru pielietojumiem:<\/p>\n<ol>\n<li>Smagie transportl\u012bdzek\u013ci:\n<p>St\u016bres hidrauliskos cilindrus parasti izmanto smag\u0101s automa\u0161\u012bn\u0101s, piem\u0113ram, kravas automa\u0161\u012bn\u0101s, autobusos un celtniec\u012bbas tehnik\u0101. \u0160iem transportl\u012bdzek\u013ciem st\u016br\u0113\u0161anai ir nepiecie\u0161ams liels sp\u0113ks, un hidrauliskais cilindrs var \u0123ener\u0113t nepiecie\u0161amo jaudu rite\u0146u pagrie\u0161anai pat tad, ja transportl\u012bdzeklis ir piekrauts ar svaru. Hidraulisk\u0101 sist\u0113ma ar\u012b \u013cauj prec\u012bz\u0101k kontrol\u0113t st\u016bres meh\u0101nismu, atvieglojot vad\u012bt\u0101jiem lielu, ne\u0113rtu transportl\u012bdzek\u013cu vad\u012b\u0161anu.<\/li>\n<li>Bezce\u013cu transportl\u012bdzek\u013ci:\n<p>Ar\u012b bezce\u013cu transportl\u012bdzek\u013ci, piem\u0113ram, kvadracikli, k\u0101pu bagiji un net\u012brumu motocikli, g\u016bst labumu no st\u016bres hidrauliskajiem cilindriem. \u0160ie transportl\u012bdzek\u013ci bie\u017ei darbojas nel\u012bdzen\u0101 reljef\u0101, kur parastie st\u016bres meh\u0101nismi var neb\u016bt efekt\u012bvi. Hidrauliskie cilindri var nodro\u0161in\u0101t nepiecie\u0161amo jaudu un precizit\u0101ti, lai st\u016br\u0113tu cauri \u0161\u0137\u0113r\u0161\u013ciem un saglab\u0101tu kontroli p\u0101r transportl\u012bdzekli.<\/li>\n<li>J\u016bras un kosmosa lietojumprogrammas:\n<p>St\u016bres hidrauliskie cilindri nav paredz\u0113ti tikai sauszemes transportl\u012bdzek\u013ciem. Tos izmanto ar\u012b j\u016bras lietojumos, piem\u0113ram, laiv\u0101s un ku\u0123os, k\u0101 ar\u012b kosmosa tehnolo\u0123ij\u0101s, piem\u0113ram, kosmosa ku\u0123os un lidma\u0161\u012bn\u0101s. \u0160ajos apst\u0101k\u013cos hidrauliskos cilindrus izmanto, lai manipul\u0113tu st\u016bres, spuru un citu vad\u012bbas virsmu virzienu, kas pal\u012bdz st\u016br\u0113t ku\u0123i vai lidma\u0161\u012bnu.<\/li>\n<li>R\u016bpniecisk\u0101s iek\u0101rtas:\n<p>Hidrauliskos cilindrus izmanto ar\u012b da\u017e\u0101dos r\u016bpnieciskos apst\u0101k\u013cos st\u016br\u0113\u0161anai un cit\u0101m vajadz\u012bb\u0101m. Piem\u0113ram, tos var izmantot celt\u0146u, iekr\u0101v\u0113ju vai citu smago ma\u0161\u012bnu st\u016br\u0113\u0161anai. \u0160ajos apst\u0101k\u013cos hidrauliskie cilindri var nodro\u0161in\u0101t nepiecie\u0161amo jaudu un precizit\u0101ti, lai manipul\u0113tu ar liel\u0101m krav\u0101m vai darbotos \u0161aur\u0101s telp\u0101s.<\/li>\n<li>Piel\u0101gotas lietojumprogrammas:\n<p>Papildus \u0161iem izplat\u012bt\u0101kajiem pielietojumiem st\u016bres hidrauliskos cilindrus var izmantot ar\u012b da\u017e\u0101dos piel\u0101gotos iestat\u012bjumos. Piem\u0113ram, tos var izmantot eksperiment\u0101los transportl\u012bdzek\u013cos vai prototipos, kuriem nepiecie\u0161ams unik\u0101ls st\u016bres meh\u0101nisms. Tos var izmantot ar\u012b m\u0101ksliniecisk\u0101s instal\u0101cij\u0101s vai kin\u0113tisk\u0101s skulpt\u016br\u0101s, kur\u0101m nepiecie\u0161ama prec\u012bza un kontrol\u0113ta kust\u012bba.<\/li>\n<\/ol>\n<p>K\u0101 redzat, st\u016bres hidrauliskajiem cilindriem ir pla\u0161s pielietojumu kl\u0101sts da\u017e\u0101d\u0101s nozar\u0113s un vid\u0113s. Neatkar\u012bgi no t\u0101, vai tos izmanto smagajos transportl\u012bdzek\u013cos, bezce\u013cu transportl\u012bdzek\u013cos, j\u016bras un kosmosa lietojumos, r\u016bpnieciskaj\u0101s iek\u0101rt\u0101s vai piel\u0101gotos pielietojumos, \u0161ie cilindri nodro\u0161ina nepiecie\u0161amo jaudu, precizit\u0101ti un kontroli efekt\u012bvai st\u016br\u0113\u0161anai.<\/p>\n<h2>Par FMP<\/h2>\n<p>FMP ir vado\u0161ais augstas kvalit\u0101tes hidraulisko cilindru, cilindru komplektu un celtniec\u012bbas tehnikas komponentu ra\u017eot\u0101js un izplat\u012bt\u0101js. Ar daudzu gadu pieredzi nozar\u0113 un profesion\u0101lu komandu m\u0113s esam ap\u0146\u0113mu\u0161ies nodro\u0161in\u0101t m\u016bsu klientiem uzticamus un efekt\u012bvus risin\u0101jumus vi\u0146u celtniec\u012bbas tehnikas vajadz\u012bb\u0101m.<\/p>\n<p>\u0160eit ir pieci iemesli, k\u0101p\u0113c jums vajadz\u0113tu izv\u0113l\u0113ties FMP:<\/p>\n<ol>\n<li><strong>Augstas kvalit\u0101tes hidrauliskie cilindri:<\/strong> M\u016bsu hidraulisko cilindru ra\u017eo\u0161an\u0101 m\u0113s izmantojam prec\u012bzu in\u017eenieriju. M\u016bsu stingr\u0101 ap\u0146em\u0161an\u0101s nodro\u0161in\u0101t kvalit\u0101ti nodro\u0161ina, ka m\u0113s izmantojam tikai augst\u0101k\u0101s kvalit\u0101tes izejvielas un veicam stingras gatav\u0101s produkcijas kvalit\u0101tes p\u0101rbaudes, lai nodro\u0161in\u0101tu, ka t\u0101 atbilst nozares standartiem un p\u0101rsniedz tos.<\/li>\n<li><strong>Pla\u0161s produktu kl\u0101sts:<\/strong> M\u016bsu produktu kl\u0101sts aptver visu veidu celtniec\u012bbas tehniku \u200b\u200bun piederumus. M\u0113s pied\u0101v\u0101jam da\u017e\u0101dus hidrauliskos cilindrus, p\u0101rnesumk\u0101rbas, \u0137\u0113des, zobratus, dzin\u0113ja piederumus, hidraulisko sist\u0113mu komponentus, \u0161asijas piederumus un elektrisk\u0101s sist\u0113mas piederumus.<\/li>\n<li><strong>Izveidotas partner\u012bbas:<\/strong> Esam izveidoju\u0161i ilgtermi\u0146a un stabilas partnerattiec\u012bbas ar daudziem augstas kvalit\u0101tes viet\u0113jiem un \u0101rvalstu pieg\u0101d\u0101t\u0101jiem. Tas nodro\u0161ina, ka visi pieg\u0101d\u0101tie aksesu\u0101ri atbilst m\u016bsu stingrajiem kvalit\u0101tes standartiem.<\/li>\n<li><strong>Pieredz\u0113jusi p\u0101rdo\u0161anas komanda:<\/strong> M\u016bsu p\u0101rdo\u0161anas komandai ir daudzu gadu pieredze un zin\u0101\u0161anas celtniec\u012bbas tehnikas nozar\u0113. Vi\u0146i var sniegt profesion\u0101las konsult\u0101cijas par produktiem un p\u0101rdom\u0101tus pirk\u0161anas padomus, lai pal\u012bdz\u0113tu jums pie\u0146emt p\u0101rdom\u0101tus l\u0113mumus.<\/li>\n<li><strong>Efekt\u012bva lo\u0123istikas izplat\u012b\u0161anas sist\u0113ma:<\/strong> Mums ir efekt\u012bva lo\u0123istikas izplat\u012b\u0161anas sist\u0113ma, lai nodro\u0161in\u0101tu, ka m\u016bsu klienti savlaic\u012bgi un prec\u012bzi sa\u0146em nepiecie\u0161am\u0101s deta\u013cas.<\/li>\n<\/ol>\n<p><img loading=\"lazy\" decoding=\"async\" class=\"\" src=\"https:\/\/fmp-components.com\/wp-content\/uploads\/2025\/01\/Dump-Truck-Trailer-Hydraulic-Cylinder-product-3-3.webp\" alt=\"Hidrauliskais cilindrs\" width=\"947\" height=\"694\" title=\"\"><\/p>\n<p>Uz\u0146\u0113mum\u0101 FMP m\u0113s esam ap\u0146\u0113mu\u0161ies nodro\u0161in\u0101t saviem klientiem augstas kvalit\u0101tes un uzticamus celtniec\u012bbas tehnikas piederumus un piln\u012bgus ma\u0161\u012bnu risin\u0101jumus. Ar m\u016bsu modernaj\u0101m r\u016bpn\u012bcas iek\u0101rt\u0101m, CNC darbgaldiem, datoriz\u0113tu projekt\u0113\u0161anu, kvalific\u0113tiem darbiniekiem, hidraulisko sist\u0113mu ekspertiem, cilindru mont\u0113t\u0101jiem un izplat\u012bt\u0101jiem m\u0113s esam v\u0113lamais partneris, kas apmierin\u0101s j\u016bsu vajadz\u012bbas p\u0113c hidrauliskajiem cilindriem, cilindru komplektiem un komponentiem.<\/p>\n<p>Autors: CX<\/p>","protected":false},"excerpt":{"rendered":"<p>The QJ554 31 020-1 Steering Cylinder is a high-quality product designed to provide efficient and reliable steering control. With its durable construction and precise engineering, this steering cylinder ensures smooth and accurate steering performance. Key Features: &#8211; High-quality materials: The QJ554 31 020-1 Steering Cylinder is made from premium materials, ensuring its longevity and durability. [&hellip;]<\/p>","protected":false},"featured_media":2954,"comment_status":"closed","ping_status":"closed","template":"","meta":{"_et_pb_use_builder":"","_et_pb_old_content":"","_et_gb_content_width":""},"product_brand":[],"product_cat":[67],"product_tag":[34,70],"class_list":{"0":"post-2953","1":"product","2":"type-product","3":"status-publish","4":"has-post-thumbnail","6":"product_cat-steering-hydraulic-cylinder","7":"product_tag-hydraulic-cylinder","8":"product_tag-steering-hydraulic-cylinder","10":"first","11":"instock","12":"product-type-simple"},"_links":{"self":[{"href":"https:\/\/fmp-components.com\/lv\/wp-json\/wp\/v2\/product\/2953","targetHints":{"allow":["GET"]}}],"collection":[{"href":"https:\/\/fmp-components.com\/lv\/wp-json\/wp\/v2\/product"}],"about":[{"href":"https:\/\/fmp-components.com\/lv\/wp-json\/wp\/v2\/types\/product"}],"replies":[{"embeddable":true,"href":"https:\/\/fmp-components.com\/lv\/wp-json\/wp\/v2\/comments?post=2953"}],"wp:featuredmedia":[{"embeddable":true,"href":"https:\/\/fmp-components.com\/lv\/wp-json\/wp\/v2\/media\/2954"}],"wp:attachment":[{"href":"https:\/\/fmp-components.com\/lv\/wp-json\/wp\/v2\/media?parent=2953"}],"wp:term":[{"taxonomy":"product_brand","embeddable":true,"href":"https:\/\/fmp-components.com\/lv\/wp-json\/wp\/v2\/product_brand?post=2953"},{"taxonomy":"product_cat","embeddable":true,"href":"https:\/\/fmp-components.com\/lv\/wp-json\/wp\/v2\/product_cat?post=2953"},{"taxonomy":"product_tag","embeddable":true,"href":"https:\/\/fmp-components.com\/lv\/wp-json\/wp\/v2\/product_tag?post=2953"}],"curies":[{"name":"wp","href":"https:\/\/api.w.org\/{rel}","templated":true}]}}