{"id":2949,"date":"2025-01-04T05:28:08","date_gmt":"2025-01-04T05:28:08","guid":{"rendered":"https:\/\/fmp-components.com\/product\/mwte023-11010084-steering-cylinder\/"},"modified":"2025-01-04T05:53:35","modified_gmt":"2025-01-04T05:53:35","slug":"mwte023-11010084-steering-cylinder","status":"publish","type":"product","link":"https:\/\/fmp-components.com\/lv\/product\/mwte023-11010084-steering-cylinder\/","title":{"rendered":"MWTE023-11010084 St\u016bres cilindrs"},"content":{"rendered":"<p><span style=\"color: #333333; font-size: 30px;\">22\/5142046 St\u016bres cilindrs<\/span><\/p>\n<p>St\u016bres cilindrs 22\/5142046 ir augstas kvalit\u0101tes produkts, kas pied\u0101v\u0101 izcilu veiktsp\u0113ju un uzticam\u012bbu. \u0160is cilindrs ir paredz\u0113ts lieto\u0161anai da\u017e\u0101d\u0101s st\u016bres sist\u0113m\u0101s un nodro\u0161ina vienm\u0113r\u012bgu un prec\u012bzu st\u016br\u0113\u0161anas vad\u012bbu.<\/p>\n<p>Pateicoties iztur\u012bgajai konstrukcijai un progres\u012bvajai tehnolo\u0123ijai, st\u016bres cilindrs 22\/5142046 ir rad\u012bts, lai iztur\u0113tu skarbus ekspluat\u0101cijas apst\u0101k\u013cus un nodro\u0161in\u0101tu ilgsto\u0161u funkcionalit\u0101ti. Tas ir izgatavots, izmantojot augst\u0101k\u0101s kvalit\u0101tes materi\u0101lus, kas padara to iztur\u012bgu pret koroziju un nodilumu.<\/p>\n<p>\u0160o st\u016bres cilindru ir viegli uzst\u0101d\u012bt, un tas ir sader\u012bgs ar pla\u0161u transportl\u012bdzek\u013cu un tehnikas kl\u0101stu. T\u0101 kompaktais dizains \u013cauj to viegli integr\u0113t eso\u0161aj\u0101s sist\u0113m\u0101s, samazinot d\u012bkst\u0101ves laiku uzst\u0101d\u012b\u0161anas vai nomai\u0146as laik\u0101.<\/p>\n<p>St\u016bres cilindrs 22\/5142046 ir izstr\u0101d\u0101ts, lai nodro\u0161in\u0101tu optim\u0101lu st\u016br\u0113\u0161anas reakciju, garant\u0113jot vad\u012bt\u0101ja dro\u0161\u012bbu un uzlabojot transportl\u012bdzek\u013ca kop\u0113jo veiktsp\u0113ju. T\u0101 efekt\u012bv\u0101 konstrukcija samazina berzi un jaudas zudumus, k\u0101 rezult\u0101t\u0101 uzlabojas degvielas pat\u0113ri\u0146\u0161.<\/p>\n<p>Rezum\u0113jot, st\u016bres cilindrs 22\/5142046 ir uzticams un augstas veiktsp\u0113jas produkts, kas nodro\u0161ina izcilu st\u016br\u0113\u0161anas vad\u012bbu. T\u0101 iztur\u012bba, sader\u012bba un efektivit\u0101te padara to par ide\u0101lu izv\u0113li da\u017e\u0101d\u0101m st\u016bres sist\u0113m\u0101m. Ieguldiet \u0161aj\u0101 st\u016bres cilindr\u0101, lai uzlabotu sava transportl\u012bdzek\u013ca veiktsp\u0113ju un nodro\u0161in\u0101tu vienm\u0113r\u012bgu un dro\u0161u brauk\u0161anas pieredzi.<\/p>\n<p><img loading=\"lazy\" decoding=\"async\" class=\"aligncenter wp-image-1003378\" src=\"https:\/\/images.hzpt.com\/2024\/11\/mwte023-11010084-steering-cylinder-1.webp\" alt=\"\" width=\"400\" height=\"400\" title=\"\"><\/p>\n<p>MWTE023-11010084 st\u016bres cilindrs ir augstas kvalit\u0101tes hidrauliskais cilindrs, ko izmanto st\u016bres sist\u0113m\u0101s, lai hidraulisko spiedienu p\u0101rv\u0113rstu meh\u0101nisk\u0101 sp\u0113k\u0101. Tas nodro\u0161ina prec\u012bzu un vienm\u0113r\u012bgu st\u016br\u0113\u0161anas vad\u012bbu, padarot to ide\u0101li piem\u0113rotu lieljaudas lietojumprogramm\u0101m. Cilindrs ir izstr\u0101d\u0101ts, lai iztur\u0113tu skarbus ekspluat\u0101cijas apst\u0101k\u013cus, un pied\u0101v\u0101 dro\u0161\u012bbas funkcijas, kas uzlabo darb\u012bbas efektivit\u0101ti. Invest\u0113jot MWTE023-11010084 st\u016bres cilindr\u0101, j\u016bs varat uzlabot savas tehnikas funkcionalit\u0101ti un dro\u0161\u012bbu, t\u0101d\u0113j\u0101di palielinot darba produktivit\u0101ti.<\/p>\n<h2>MWTE023-11010084 St\u016bres cilindra parametrs:<\/h2>\n<ul>\n<li>Cilindra diametrs: 50 mm<\/li>\n<li>Stie\u0146a diametrs: 32 mm<\/li>\n<li>Ce\u013cojums: 230 mm<\/li>\n<li>Uzst\u0101d\u012b\u0161anas att\u0101lums: 574 mm<\/li>\n<\/ul>\n<h2>MWTE023-11010084 st\u016bres cilindra galven\u0101s iez\u012bmes:<\/h2>\n<ul>\n<li><strong>Izcila iztur\u012bba<\/strong>MWTE023-11010084 st\u016bres cilindrs ir izgatavots no augstas kvalit\u0101tes materi\u0101liem, kas nodro\u0161ina izcilu iztur\u012bbu, lai kalpotu ilgi. T\u0101 iztur\u012bg\u0101 konstrukcija nodro\u0161ina ilgu kalpo\u0161anas laiku, samazinot d\u012bkst\u0101ves laiku un apkopes izmaksas.<\/li>\n<li><strong>Prec\u012bzijas kontrole<\/strong>Cilindrs nodro\u0161ina prec\u012bzu regul\u0113\u0161anu pat smagu kravu vad\u012b\u0161anas laik\u0101, \u013caujot operatoriem p\u0101rliecino\u0161i vad\u012bt savu tehniku.<\/li>\n<li><strong>Kompakts dizains<\/strong>MWTE023-11010084 st\u016bres cilindra telpu taupo\u0161ais dizains atvieglo t\u0101 vienk\u0101r\u0161u integr\u0101ciju da\u017e\u0101d\u0101s ma\u0161\u012bnu sist\u0113m\u0101s. T\u0101 vienk\u0101r\u0161otais uzst\u0101d\u012b\u0161anas process ietaupa laiku un p\u016bles, \u013caujot operatoriem \u0101tri atgriezties darb\u0101.<\/li>\n<li><strong>Korozijas iztur\u012bba<\/strong>MWTE023-11010084, kas rad\u012bts, lai iztur\u0113tu laikapst\u0101k\u013cus, ir apr\u012bkots ar \u012bpa\u0161u aizsargp\u0101rkl\u0101jumu, kas ir iztur\u012bgs pret r\u016bsu un nodilumu, t\u0101d\u0113j\u0101di uzlabojot ilgm\u016b\u017e\u012bbu un veiktsp\u0113ju laika gait\u0101.<\/li>\n<li><strong>Standartiz\u0113ti izm\u0113ri<\/strong>Balons ir konstru\u0113ts ar standartiz\u0113tiem izm\u0113riem, kas nodro\u0161ina \u0113rtu sader\u012bbu ar pla\u0161u iek\u0101rtu kl\u0101stu. \u0160\u012b standartiz\u0101cija vienk\u0101r\u0161o nomai\u0146as procesu, padarot apkopi efekt\u012bv\u0101ku.<\/li>\n<\/ul>\n<h2>MWTE023-11010084 st\u016bres cilindra lieto\u0161anas metode:<\/h2>\n<p>MWTE023-11010084 st\u016bres cilindra lieto\u0161ana ir vienk\u0101r\u0161s process, kas ietver tr\u012bs galvenos so\u013cus: uzst\u0101d\u012b\u0161anu, darb\u012bbu un uzraudz\u012bbu.<\/p>\n<h4>Uzst\u0101d\u012b\u0161ana<\/h4>\n<ol>\n<li><strong>Dro\u0161a mont\u0101\u017ea<\/strong>Novietojiet st\u016bres cilindru tam paredz\u0113taj\u0101 st\u016bres sist\u0113mas viet\u0101 un p\u0101rliecinieties, vai tas ir dro\u0161i nostiprin\u0101ts, lai nov\u0113rstu jebk\u0101du kust\u012bbu darb\u012bbas laik\u0101.<\/li>\n<li><strong>Hidraulisko l\u012bniju pievieno\u0161ana<\/strong>: Pievienojot hidraulisk\u0101s l\u012bnijas, iev\u0113rojiet ra\u017eot\u0101ja specifik\u0101cijas, nodro\u0161inot optim\u0101lu \u0161\u0137idruma pl\u016bsmu un sist\u0113mas efektivit\u0101ti.<\/li>\n<\/ol>\n<h4>Darb\u012bba<\/h4>\n<ol>\n<li><strong>Iesl\u0113dziet hidraulisko sist\u0113mu<\/strong>: Aktiviz\u0113jiet hidraulisko sist\u0113mu, lai nodro\u0161in\u0101tu spiedienu st\u016bres cilindram, nodro\u0161inot t\u0101 efekt\u012bvu darb\u012bbu.<\/li>\n<li><strong>St\u016bres vad\u012bba<\/strong>Izmantojiet st\u016bri vai vad\u012bbas ier\u012bces, lai vad\u012btu transportl\u012bdzekli, un cilindrs rea\u0123\u0113s, piel\u0101gojot st\u016bres le\u0146\u0137i, nodro\u0161inot prec\u012bzu vad\u012bbu vienm\u0113r\u012bgiem manevriem.<\/li>\n<\/ol>\n<h4>Uzraudz\u012bba<\/h4>\n<ol>\n<li><strong>Hidraulisk\u0101 \u0161\u0137idruma p\u0101rbaudes<\/strong>Regul\u0101ri p\u0101rbaudiet hidraulisk\u0101 \u0161\u0137idruma l\u012bmeni, lai nodro\u0161in\u0101tu, ka tas paliek optim\u0101laj\u0101 diapazon\u0101, saglab\u0101jot veiktsp\u0113ju un nov\u0113r\u0161ot boj\u0101jumus.<\/li>\n<li><strong>Savienojumu p\u0101rbaudes<\/strong>Periodiski p\u0101rbaudiet visu hidraulisko savienojumu stingr\u012bbu un vai nav nopl\u016b\u017eu, t\u0101d\u0113j\u0101di uzlabojot dro\u0161\u012bbu un efektivit\u0101ti darb\u012bbas laik\u0101.<\/li>\n<\/ol>\n<h2>K\u0101da ir st\u016bres cilindra galven\u0101 funkcija?<\/h2>\n<p>St\u016bres cilindra galven\u0101 funkcija ir p\u0101rveidot hidraulisk\u0101 \u0161\u0137idruma spiedienu line\u0101r\u0101 meh\u0101nisk\u0101 sp\u0113k\u0101. Kad operators pagrie\u017e st\u016bri, hidrauliskais \u0161\u0137idrums tiek novad\u012bts cilindr\u0101, izraisot iek\u0161pus\u0113 eso\u0161\u0101 virzu\u013ca kust\u012bbu. \u0160\u012b kust\u012bba tie\u0161i p\u0101riet uz st\u016bres meh\u0101nismu, \u013caujot veikt prec\u012bzus regul\u0113jumus. Cilindrs nodro\u0161ina ar\u012b uzlabotu kontroli, slodzes p\u0101rvald\u012bbu, stabilit\u0101ti un dro\u0161\u012bbas funkcijas, padarot to par b\u016btisku hidraulisko st\u016bres sist\u0113mu sast\u0101vda\u013cu.<\/p>\n<h2>St\u016bres hidraulisk\u0101 cilindra pielietojums<\/h2>\n<p>St\u016bres hidrauliskie cilindri ir b\u016btiskas st\u016bres sist\u0113mu sast\u0101vda\u013cas da\u017e\u0101du veidu transportl\u012bdzek\u013cos. \u0160ie cilindri, kas paz\u012bstami ar\u012b k\u0101 st\u016bres izpildmeh\u0101nismi, pal\u012bdz p\u0101rveidot st\u016bres s\u016bk\u0146a \u0123ener\u0113to ener\u0123iju line\u0101r\u0101 kust\u012bb\u0101, ko var izmantot, lai manipul\u0113tu transportl\u012bdzek\u013ca rite\u0146u virzienu. \u0160eit ir da\u017ei no st\u016bres hidraulisko cilindru pielietojumiem:<\/p>\n<ol>\n<li>Smagie transportl\u012bdzek\u013ci:\n<p>St\u016bres hidrauliskos cilindrus parasti izmanto smag\u0101s automa\u0161\u012bn\u0101s, piem\u0113ram, kravas automa\u0161\u012bn\u0101s, autobusos un celtniec\u012bbas tehnik\u0101. \u0160iem transportl\u012bdzek\u013ciem st\u016br\u0113\u0161anai ir nepiecie\u0161ams liels sp\u0113ks, un hidrauliskais cilindrs var \u0123ener\u0113t nepiecie\u0161amo jaudu rite\u0146u pagrie\u0161anai pat tad, ja transportl\u012bdzeklis ir piekrauts ar svaru. Hidraulisk\u0101 sist\u0113ma ar\u012b \u013cauj prec\u012bz\u0101k kontrol\u0113t st\u016bres meh\u0101nismu, atvieglojot vad\u012bt\u0101jiem lielu, ne\u0113rtu transportl\u012bdzek\u013cu vad\u012b\u0161anu.<\/li>\n<li>Bezce\u013cu transportl\u012bdzek\u013ci:\n<p>Ar\u012b bezce\u013cu transportl\u012bdzek\u013ci, piem\u0113ram, kvadracikli, k\u0101pu bagiji un net\u012brumu motocikli, g\u016bst labumu no st\u016bres hidrauliskajiem cilindriem. \u0160ie transportl\u012bdzek\u013ci bie\u017ei darbojas nel\u012bdzen\u0101 reljef\u0101, kur parastie st\u016bres meh\u0101nismi var neb\u016bt efekt\u012bvi. Hidrauliskie cilindri var nodro\u0161in\u0101t nepiecie\u0161amo jaudu un precizit\u0101ti, lai st\u016br\u0113tu cauri \u0161\u0137\u0113r\u0161\u013ciem un saglab\u0101tu kontroli p\u0101r transportl\u012bdzekli.<\/li>\n<li>J\u016bras un kosmosa lietojumprogrammas:\n<p>St\u016bres hidrauliskie cilindri nav paredz\u0113ti tikai sauszemes transportl\u012bdzek\u013ciem. Tos izmanto ar\u012b j\u016bras lietojumos, piem\u0113ram, laiv\u0101s un ku\u0123os, k\u0101 ar\u012b kosmosa tehnolo\u0123ij\u0101s, piem\u0113ram, kosmosa ku\u0123os un lidma\u0161\u012bn\u0101s. \u0160ajos apst\u0101k\u013cos hidrauliskos cilindrus izmanto, lai manipul\u0113tu st\u016bres, spuru un citu vad\u012bbas virsmu virzienu, kas pal\u012bdz st\u016br\u0113t ku\u0123i vai lidma\u0161\u012bnu.<\/li>\n<li>R\u016bpniecisk\u0101s iek\u0101rtas:\n<p>Hidrauliskos cilindrus izmanto ar\u012b da\u017e\u0101dos r\u016bpnieciskos apst\u0101k\u013cos st\u016br\u0113\u0161anai un cit\u0101m vajadz\u012bb\u0101m. Piem\u0113ram, tos var izmantot celt\u0146u, iekr\u0101v\u0113ju vai citu smago ma\u0161\u012bnu st\u016br\u0113\u0161anai. \u0160ajos apst\u0101k\u013cos hidrauliskie cilindri var nodro\u0161in\u0101t nepiecie\u0161amo jaudu un precizit\u0101ti, lai manipul\u0113tu ar liel\u0101m krav\u0101m vai darbotos \u0161aur\u0101s telp\u0101s.<\/li>\n<li>Piel\u0101gotas lietojumprogrammas:\n<p>Papildus \u0161iem izplat\u012bt\u0101kajiem pielietojumiem st\u016bres hidrauliskos cilindrus var izmantot ar\u012b da\u017e\u0101dos piel\u0101gotos iestat\u012bjumos. Piem\u0113ram, tos var izmantot eksperiment\u0101los transportl\u012bdzek\u013cos vai prototipos, kuriem nepiecie\u0161ams unik\u0101ls st\u016bres meh\u0101nisms. Tos var izmantot ar\u012b m\u0101ksliniecisk\u0101s instal\u0101cij\u0101s vai kin\u0113tisk\u0101s skulpt\u016br\u0101s, kur\u0101m nepiecie\u0161ama prec\u012bza un kontrol\u0113ta kust\u012bba.<\/li>\n<\/ol>\n<p>K\u0101 redzat, st\u016bres hidrauliskajiem cilindriem ir pla\u0161s pielietojumu kl\u0101sts da\u017e\u0101d\u0101s nozar\u0113s un vid\u0113s. Neatkar\u012bgi no t\u0101, vai tos izmanto smagajos transportl\u012bdzek\u013cos, bezce\u013cu transportl\u012bdzek\u013cos, j\u016bras un kosmosa lietojumos, r\u016bpnieciskaj\u0101s iek\u0101rt\u0101s vai piel\u0101gotos pielietojumos, \u0161ie cilindri nodro\u0161ina nepiecie\u0161amo jaudu, precizit\u0101ti un kontroli efekt\u012bvai st\u016br\u0113\u0161anai.<\/p>\n<h2>Par FMP<\/h2>\n<p>FMP ir vado\u0161ais augstas kvalit\u0101tes hidraulisko cilindru, cilindru komplektu un celtniec\u012bbas tehnikas komponentu ra\u017eot\u0101js un izplat\u012bt\u0101js. Ar daudzu gadu pieredzi nozar\u0113 un profesion\u0101lu komandu m\u0113s esam ap\u0146\u0113mu\u0161ies nodro\u0161in\u0101t m\u016bsu klientiem uzticamus un efekt\u012bvus risin\u0101jumus vi\u0146u celtniec\u012bbas tehnikas vajadz\u012bb\u0101m.<\/p>\n<p>\u0160eit ir pieci iemesli, k\u0101p\u0113c jums vajadz\u0113tu izv\u0113l\u0113ties FMP:<\/p>\n<ol>\n<li><strong>Augstas kvalit\u0101tes hidrauliskie cilindri:<\/strong> M\u016bsu hidraulisko cilindru ra\u017eo\u0161an\u0101 m\u0113s izmantojam prec\u012bzu in\u017eenieriju. M\u016bsu stingr\u0101 ap\u0146em\u0161an\u0101s nodro\u0161in\u0101t kvalit\u0101ti nodro\u0161ina, ka m\u0113s izmantojam tikai augst\u0101k\u0101s kvalit\u0101tes izejvielas un veicam stingras gatav\u0101s produkcijas kvalit\u0101tes p\u0101rbaudes, lai nodro\u0161in\u0101tu, ka t\u0101 atbilst nozares standartiem un p\u0101rsniedz tos.<\/li>\n<li><strong>Pla\u0161s produktu kl\u0101sts:<\/strong> M\u016bsu produktu kl\u0101sts aptver visu veidu celtniec\u012bbas tehniku \u200b\u200bun piederumus. M\u0113s pied\u0101v\u0101jam da\u017e\u0101dus hidrauliskos cilindrus, p\u0101rnesumk\u0101rbas, \u0137\u0113des, zobratus, dzin\u0113ja piederumus, hidraulisko sist\u0113mu komponentus, \u0161asijas piederumus un elektrisk\u0101s sist\u0113mas piederumus.<\/li>\n<li><strong>Izveidotas partner\u012bbas:<\/strong> Esam izveidoju\u0161i ilgtermi\u0146a un stabilas partnerattiec\u012bbas ar daudziem augstas kvalit\u0101tes viet\u0113jiem un \u0101rvalstu pieg\u0101d\u0101t\u0101jiem. Tas nodro\u0161ina, ka visi pieg\u0101d\u0101tie aksesu\u0101ri atbilst m\u016bsu stingrajiem kvalit\u0101tes standartiem.<\/li>\n<li><strong>Pieredz\u0113jusi p\u0101rdo\u0161anas komanda:<\/strong> M\u016bsu p\u0101rdo\u0161anas komandai ir daudzu gadu pieredze un zin\u0101\u0161anas celtniec\u012bbas tehnikas nozar\u0113. Vi\u0146i var sniegt profesion\u0101las konsult\u0101cijas par produktiem un p\u0101rdom\u0101tus pirk\u0161anas padomus, lai pal\u012bdz\u0113tu jums pie\u0146emt p\u0101rdom\u0101tus l\u0113mumus.<\/li>\n<li><strong>Efekt\u012bva lo\u0123istikas izplat\u012b\u0161anas sist\u0113ma:<\/strong> Mums ir efekt\u012bva lo\u0123istikas izplat\u012b\u0161anas sist\u0113ma, lai nodro\u0161in\u0101tu, ka m\u016bsu klienti savlaic\u012bgi un prec\u012bzi sa\u0146em nepiecie\u0161am\u0101s deta\u013cas.<\/li>\n<\/ol>\n<p><img loading=\"lazy\" decoding=\"async\" class=\"\" src=\"https:\/\/fmp-components.com\/wp-content\/uploads\/2025\/01\/Dump-Truck-Trailer-Hydraulic-Cylinder-product-3-3.webp\" alt=\"Hidrauliskais cilindrs\" width=\"947\" height=\"694\" title=\"\"><\/p>\n<p>Uz\u0146\u0113mum\u0101 FMP m\u0113s esam ap\u0146\u0113mu\u0161ies nodro\u0161in\u0101t saviem klientiem augstas kvalit\u0101tes un uzticamus celtniec\u012bbas tehnikas piederumus un piln\u012bgus ma\u0161\u012bnu risin\u0101jumus. Ar m\u016bsu modernaj\u0101m r\u016bpn\u012bcas iek\u0101rt\u0101m, CNC darbgaldiem, datoriz\u0113tu projekt\u0113\u0161anu, kvalific\u0113tiem darbiniekiem, hidraulisko sist\u0113mu ekspertiem, cilindru mont\u0113t\u0101jiem un izplat\u012bt\u0101jiem m\u0113s esam v\u0113lamais partneris, kas apmierin\u0101s j\u016bsu vajadz\u012bbas p\u0113c hidrauliskajiem cilindriem, cilindru komplektiem un komponentiem.<\/p>\n<p>Autors: CX<\/p>","protected":false},"excerpt":{"rendered":"<p>22\/5142046 Steering Cylinder The 22\/5142046 Steering Cylinder is a high-quality product that offers exceptional performance and reliability. Designed for use in various steering systems, this cylinder provides smooth and precise steering control. With its durable construction and advanced technology, the 22\/5142046 Steering Cylinder is built to withstand harsh operating conditions and ensure long-lasting functionality. It [&hellip;]<\/p>","protected":false},"featured_media":2950,"comment_status":"closed","ping_status":"closed","template":"","meta":{"_et_pb_use_builder":"","_et_pb_old_content":"","_et_gb_content_width":""},"product_brand":[],"product_cat":[67],"product_tag":[34,70],"class_list":{"0":"post-2949","1":"product","2":"type-product","3":"status-publish","4":"has-post-thumbnail","6":"product_cat-steering-hydraulic-cylinder","7":"product_tag-hydraulic-cylinder","8":"product_tag-steering-hydraulic-cylinder","10":"first","11":"instock","12":"product-type-simple"},"_links":{"self":[{"href":"https:\/\/fmp-components.com\/lv\/wp-json\/wp\/v2\/product\/2949","targetHints":{"allow":["GET"]}}],"collection":[{"href":"https:\/\/fmp-components.com\/lv\/wp-json\/wp\/v2\/product"}],"about":[{"href":"https:\/\/fmp-components.com\/lv\/wp-json\/wp\/v2\/types\/product"}],"replies":[{"embeddable":true,"href":"https:\/\/fmp-components.com\/lv\/wp-json\/wp\/v2\/comments?post=2949"}],"wp:featuredmedia":[{"embeddable":true,"href":"https:\/\/fmp-components.com\/lv\/wp-json\/wp\/v2\/media\/2950"}],"wp:attachment":[{"href":"https:\/\/fmp-components.com\/lv\/wp-json\/wp\/v2\/media?parent=2949"}],"wp:term":[{"taxonomy":"product_brand","embeddable":true,"href":"https:\/\/fmp-components.com\/lv\/wp-json\/wp\/v2\/product_brand?post=2949"},{"taxonomy":"product_cat","embeddable":true,"href":"https:\/\/fmp-components.com\/lv\/wp-json\/wp\/v2\/product_cat?post=2949"},{"taxonomy":"product_tag","embeddable":true,"href":"https:\/\/fmp-components.com\/lv\/wp-json\/wp\/v2\/product_tag?post=2949"}],"curies":[{"name":"wp","href":"https:\/\/api.w.org\/{rel}","templated":true}]}}