{"id":2805,"date":"2025-01-04T05:24:01","date_gmt":"2025-01-04T05:24:01","guid":{"rendered":"https:\/\/fmp-components.com\/product\/tractor-hydraulic-steering-cylinder-double-acting-hydraulic-cylinder\/"},"modified":"2025-03-18T01:21:55","modified_gmt":"2025-03-18T01:21:55","slug":"tractor-hydraulic-steering-cylinder-double-acting-hydraulic-cylinder","status":"publish","type":"product","link":"https:\/\/fmp-components.com\/lv\/product\/tractor-hydraulic-steering-cylinder-double-acting-hydraulic-cylinder\/","title":{"rendered":"Traktora hidrauliskais st\u016bres cilindrs Divk\u0101r\u0161as darb\u012bbas hidrauliskais cilindrs"},"content":{"rendered":"<p>Quality Assurance Mini Engineering hidrauliskais cilindrs st\u016bres pastiprin\u0101t\u0101ja cilindram traktoram ir augstas kvalit\u0101tes un uzticams produkts, kas \u012bpa\u0161i izstr\u0101d\u0101ts traktoriem. \u0160is hidrauliskais cilindrs ir b\u016btisks vienm\u0113r\u012bgai un efekt\u012bvai st\u016br\u0113\u0161anai, nodro\u0161inot optim\u0101lu kontroli un manevr\u0113tsp\u0113ju da\u017e\u0101dos reljefos.<\/p>\n<p>Galven\u0101s iez\u012bmes:<br \/>\n1. Izcila kvalit\u0101te: \u0160is hidrauliskais cilindrs ir izgatavots no augstas kvalit\u0101tes materi\u0101liem, kas nodro\u0161ina iztur\u012bbu un ilgsto\u0161u darb\u012bbu, prec\u012bzi izstr\u0101d\u0101ts un kalpos ilgi.<br \/>\n2. Efekt\u012bvs st\u016bres pastiprin\u0101t\u0101js: Hidraulisk\u0101 sist\u0113ma nodro\u0161ina efekt\u012bvu st\u016bres pastiprin\u0101t\u0101ju, padarot st\u016br\u0113\u0161anu vieglu un atsauc\u012bgu pat sare\u017e\u0123\u012btos apst\u0101k\u013cos.<br \/>\n3. Vienk\u0101r\u0161a uzst\u0101d\u012b\u0161ana: Cilindrs ir paredz\u0113ts vienk\u0101r\u0161ai uzst\u0101d\u012b\u0161anai, \u013caujot traktoru \u012bpa\u0161niekiem \u0101tri un \u0113rti uzlabot st\u016bres sist\u0113mu.<br \/>\n4. Daudzpus\u012bga savietojam\u012bba: \u0160is hidrauliskais cilindrs ir sader\u012bgs ar pla\u0161u traktoru mode\u013cu kl\u0101stu, padarot to par daudzpus\u012bgu izv\u0113li lauksaimniec\u012bbas tehnikai.<br \/>\n5. Kvalit\u0101tes nodro\u0161in\u0101\u0161ana: Katrs cilindrs tiek pak\u013cauts stingr\u0101m kvalit\u0101tes p\u0101rbaud\u0113m un test\u0113\u0161anas proced\u016br\u0101m, nodro\u0161inot, ka tas atbilst augst\u0101kajiem nozares standartiem attiec\u012bb\u0101 uz veiktsp\u0113ju un uzticam\u012bbu.<\/p>\n<p>Izmantojot Quality Assurance Mini Engineering hidraulisko cilindru st\u016bres pastiprin\u0101t\u0101ja cilindru traktoram, j\u016bs varat optimiz\u0113t traktora st\u016bres sist\u0113mu, uzlabojot kop\u0113jo produktivit\u0101ti un lieto\u0161anas \u0113rtumu. Jauniniet uz \u0161o augstas kvalit\u0101tes hidraulisko cilindru un izbaudiet uzlabotu kontroli un efektivit\u0101ti traktora darb\u012bb\u0101.<\/p>\n<h2>Kvalit\u0101tes nodro\u0161in\u0101\u0161anas mini in\u017eeniertehniskais hidrauliskais cilindrs st\u016bres pastiprin\u0101t\u0101ja cilindrs traktoram<\/h2>\n<p>Quality Assurance Mini Engineering hidrauliskais cilindrs st\u016bres pastiprin\u0101t\u0101ja cilindram traktoram ir augstas kvalit\u0101tes un uzticams produkts, kas \u012bpa\u0161i izstr\u0101d\u0101ts traktoriem. \u0160is hidrauliskais cilindrs ir b\u016btisks vienm\u0113r\u012bgai un efekt\u012bvai st\u016br\u0113\u0161anai, nodro\u0161inot optim\u0101lu kontroli un manevr\u0113tsp\u0113ju da\u017e\u0101dos reljefos.<\/p>\n<h3>Galven\u0101s iez\u012bmes:<\/h3>\n<ol>\n<li><strong>Augst\u0101k\u0101 kvalit\u0101te:<\/strong> \u0160is hidrauliskais cilindrs ir izgatavots ar precizit\u0101ti un kalpo\u0161anas laiku, izmantojot augstas kvalit\u0101tes materi\u0101lus, kas nodro\u0161ina iztur\u012bbu un ilgsto\u0161u darb\u012bbu.<\/li>\n<li><strong>Efekt\u012bvs st\u016bres pastiprin\u0101t\u0101js:<\/strong> Hidraulisk\u0101 sist\u0113ma nodro\u0161ina efekt\u012bvu st\u016bres pastiprin\u0101t\u0101ju, padarot st\u016br\u0113\u0161anu vieglu un atsauc\u012bgu pat sare\u017e\u0123\u012btos apst\u0101k\u013cos.<\/li>\n<li><strong>Vienk\u0101r\u0161a uzst\u0101d\u012b\u0161ana:<\/strong> Cilindrs ir paredz\u0113ts vienk\u0101r\u0161ai uzst\u0101d\u012b\u0161anai, \u013caujot traktoru \u012bpa\u0161niekiem \u0101tri un \u0113rti uzlabot st\u016bres sist\u0113mu.<\/li>\n<li><strong>Daudzpus\u012bga sader\u012bba:<\/strong> \u0160is hidrauliskais cilindrs ir sader\u012bgs ar pla\u0161u traktoru mode\u013cu kl\u0101stu, padarot to par daudzpus\u012bgu izv\u0113li lauksaimniec\u012bbas tehnikai.<\/li>\n<li><strong>Kvalit\u0101tes nodro\u0161in\u0101\u0161ana:<\/strong> Katrs cilindrs tiek pak\u013cauts stingr\u0101m kvalit\u0101tes p\u0101rbaud\u0113m un test\u0113\u0161anas proced\u016br\u0101m, nodro\u0161inot, ka tas atbilst augst\u0101kajiem nozares standartiem attiec\u012bb\u0101 uz veiktsp\u0113ju un uzticam\u012bbu.<\/li>\n<\/ol>\n<p>Izmantojot Quality Assurance Mini Engineering hidraulisko cilindru st\u016bres pastiprin\u0101t\u0101ja cilindru traktoram, j\u016bs varat optimiz\u0113t traktora st\u016bres sist\u0113mu, uzlabojot kop\u0113jo produktivit\u0101ti un lieto\u0161anas \u0113rtumu. Jauniniet uz \u0161o augstas kvalit\u0101tes hidraulisko cilindru un izbaudiet uzlabotu kontroli un efektivit\u0101ti traktora darb\u012bb\u0101.<\/p>\n<h2>Par traktora hidraulisko st\u016bres cilindru Divk\u0101r\u0161as darb\u012bbas hidrauliskais cilindrs<\/h2>\n<p>Hidrauliskie cilindri ir b\u016btiska daudzu veidu ma\u0161\u012bnu sast\u0101vda\u013ca, un tiem ir bag\u0101ta v\u0113sture. To galvenais m\u0113r\u0137is ir p\u0101rveidot hidraulisko ener\u0123iju meh\u0101niskaj\u0101 ener\u0123ij\u0101, un tos pla\u0161i izmanto da\u017e\u0101d\u0101s nozar\u0113s, piem\u0113ram, lauksaimniec\u012bb\u0101, ma\u0161\u012bnu remonta darbn\u012bc\u0101s, ener\u0123\u0113tik\u0101 un ieguves r\u016bpniec\u012bb\u0101, k\u0101 ar\u012b ma\u0161\u012bnu ra\u017eo\u0161an\u0101. Traktora hidrauliskais st\u016bres cilindrs, divk\u0101r\u0161as darb\u012bbas hidrauliskais cilindrs, kas ir \u0161\u012b raksta uzman\u012bbas centr\u0101, ir viens no hidraulisko cilindru veidiem, kam ir vair\u0101kas priek\u0161roc\u012bbas:<\/p>\n<h3>Priek\u0161roc\u012bbas<\/h3>\n<ul>\n<li>Augsta maksim\u0101l\u0101 vilce 3000<\/li>\n<li>Daudzpus\u012bgs urbuma izm\u0113rs no 2 l\u012bdz 6 coll\u0101m<\/li>\n<li>Iztur\u012bgs t\u0113rauda korpuss<\/li>\n<li>St\u016bres cilindra tips optim\u0101lai veiktsp\u0113jai<\/li>\n<\/ul>\n<p><img decoding=\"async\" src=\"https:\/\/hzpt.com\/wp-content\/uploads\/2023\/11\/agricultural-machinery-hydraulic-cylinder-3.webp\" alt=\"\" title=\"\"><\/p>\n<h3>Uzst\u0101d\u012b\u0161ana un apkope<\/h3>\n<p>Traktora hidraulisk\u0101 st\u016bres cilindra divk\u0101r\u0161\u0101s darb\u012bbas hidrauliskais cilindrs ir viegli uzst\u0101d\u0101ms, tam ir standarta konstrukcija un da\u017e\u0101das piesl\u0113gvietu iesp\u0113jas (G\/SAE\/NPT\/M). Ir \u013coti svar\u012bgi regul\u0101ri p\u0101rbaud\u012bt cilindru, lai p\u0101rliecin\u0101tos, ka tas darbojas pareizi, un nepiecie\u0161am\u012bbas gad\u012bjum\u0101 to nomain\u012bt.<\/p>\n<h2>Pareiz\u0101 baro\u0161anas bloka izv\u0113le<\/h2>\n<p>Izv\u0113loties hidraulisk\u0101 cilindra baro\u0161anas bloku, ir svar\u012bgi \u0146emt v\u0113r\u0101 vair\u0101kus faktorus, piem\u0113ram, j\u016bsu tehnikas jaudas pras\u012bbas, slodzes veidu, ar kuru j\u016bs str\u0101d\u0101sit, un vides apst\u0101k\u013cus, k\u0101dos j\u016bs darbin\u0101sit tehniku. Pareiza baro\u0161anas bloka izv\u0113le var iev\u0113rojami uzlabot j\u016bsu hidraulisk\u0101 cilindra veiktsp\u0113ju un kalpo\u0161anas laiku.<\/p>\n<h2>Iepaz\u012bstieties ar citiem m\u016bsu produktiem<\/h2>\n<p>Papildus traktora hidrauliskajam st\u016bres cilindram ar divk\u0101r\u0161u darb\u012bbu, m\u0113s pieg\u0101d\u0101jam ar\u012b:<\/p>\n<ul>\n<li>Pac\u0113l\u0101ju hidrauliskie cilindri<\/li>\n<li>R\u016bpniecisk\u0101s in\u017eenierijas hidrauliskie cilindri<\/li>\n<li>J\u016bras hidrauliskie cilindri<\/li>\n<li>Mobilo ma\u0161\u012bnu hidrauliskie cilindri<\/li>\n<li>Celtniec\u012bbas tehnikas hidrauliskie cilindri<\/li>\n<li>Iekr\u0101v\u0113ja hidrauliskie cilindri<\/li>\n<li>Ener\u0123\u0113tikas tehnolo\u0123iju hidrauliskie cilindri<\/li>\n<li>Tune\u013ca urb\u0161anas ma\u0161\u012bnas hidrauliskie cilindri<\/li>\n<\/ul>\n<p>Apskatiet m\u016bsu hidraulisko cilindru r\u016bpn\u012bcu:<\/p>\n<p><img decoding=\"async\" src=\"https:\/\/hzpt.com\/wp-content\/uploads\/2023\/09\/Hydraulic-Cylinder-Factory-2.webp\" alt=\"Hidraulisko cilindru r\u016bpn\u012bca\" title=\"\"><\/p>\n<h2>St\u016bres hidraulisk\u0101 cilindra pielietojums<\/h2>\n<p>St\u016bres hidrauliskie cilindri ir b\u016btiskas st\u016bres sist\u0113mu sast\u0101vda\u013cas da\u017e\u0101du veidu transportl\u012bdzek\u013cos. \u0160ie cilindri, kas paz\u012bstami ar\u012b k\u0101 st\u016bres izpildmeh\u0101nismi, pal\u012bdz p\u0101rveidot st\u016bres s\u016bk\u0146a \u0123ener\u0113to ener\u0123iju line\u0101r\u0101 kust\u012bb\u0101, ko var izmantot, lai manipul\u0113tu transportl\u012bdzek\u013ca rite\u0146u virzienu. \u0160eit ir da\u017ei no st\u016bres hidraulisko cilindru pielietojumiem:<\/p>\n<ol>\n<li>Smagie transportl\u012bdzek\u013ci:\n<p>St\u016bres hidrauliskos cilindrus parasti izmanto smag\u0101s automa\u0161\u012bn\u0101s, piem\u0113ram, kravas automa\u0161\u012bn\u0101s, autobusos un celtniec\u012bbas tehnik\u0101. \u0160iem transportl\u012bdzek\u013ciem st\u016br\u0113\u0161anai ir nepiecie\u0161ams liels sp\u0113ks, un hidrauliskais cilindrs var \u0123ener\u0113t nepiecie\u0161amo jaudu rite\u0146u pagrie\u0161anai pat tad, ja transportl\u012bdzeklis ir piekrauts ar svaru. Hidraulisk\u0101 sist\u0113ma ar\u012b \u013cauj prec\u012bz\u0101k kontrol\u0113t st\u016bres meh\u0101nismu, atvieglojot vad\u012bt\u0101jiem lielu, ne\u0113rtu transportl\u012bdzek\u013cu vad\u012b\u0161anu.<\/li>\n<li>Bezce\u013cu transportl\u012bdzek\u013ci:\n<p>Ar\u012b bezce\u013cu transportl\u012bdzek\u013ci, piem\u0113ram, kvadracikli, k\u0101pu bagiji un net\u012brumu motocikli, g\u016bst labumu no st\u016bres hidrauliskajiem cilindriem. \u0160ie transportl\u012bdzek\u013ci bie\u017ei darbojas nel\u012bdzen\u0101 reljef\u0101, kur parastie st\u016bres meh\u0101nismi var neb\u016bt efekt\u012bvi. Hidrauliskie cilindri var nodro\u0161in\u0101t nepiecie\u0161amo jaudu un precizit\u0101ti, lai st\u016br\u0113tu cauri \u0161\u0137\u0113r\u0161\u013ciem un saglab\u0101tu kontroli p\u0101r transportl\u012bdzekli.<\/li>\n<li>J\u016bras un kosmosa lietojumprogrammas:\n<p>St\u016bres hidrauliskie cilindri nav paredz\u0113ti tikai sauszemes transportl\u012bdzek\u013ciem. Tos izmanto ar\u012b j\u016bras lietojumos, piem\u0113ram, laiv\u0101s un ku\u0123os, k\u0101 ar\u012b kosmosa tehnolo\u0123ij\u0101s, piem\u0113ram, kosmosa ku\u0123os un lidma\u0161\u012bn\u0101s. \u0160ajos apst\u0101k\u013cos hidrauliskos cilindrus izmanto, lai manipul\u0113tu st\u016bres, spuru un citu vad\u012bbas virsmu virzienu, kas pal\u012bdz st\u016br\u0113t ku\u0123i vai lidma\u0161\u012bnu.<\/li>\n<li>R\u016bpniecisk\u0101s iek\u0101rtas:\n<p>Hidrauliskos cilindrus izmanto ar\u012b da\u017e\u0101dos r\u016bpnieciskos apst\u0101k\u013cos st\u016br\u0113\u0161anai un cit\u0101m vajadz\u012bb\u0101m. Piem\u0113ram, tos var izmantot celt\u0146u, iekr\u0101v\u0113ju vai citu smago ma\u0161\u012bnu st\u016br\u0113\u0161anai. \u0160ajos apst\u0101k\u013cos hidrauliskie cilindri var nodro\u0161in\u0101t nepiecie\u0161amo jaudu un precizit\u0101ti, lai manipul\u0113tu ar liel\u0101m krav\u0101m vai darbotos \u0161aur\u0101s telp\u0101s.<\/li>\n<li>Piel\u0101gotas lietojumprogrammas:\n<p>Papildus \u0161iem izplat\u012bt\u0101kajiem pielietojumiem st\u016bres hidrauliskos cilindrus var izmantot ar\u012b da\u017e\u0101dos piel\u0101gotos iestat\u012bjumos. Piem\u0113ram, tos var izmantot eksperiment\u0101los transportl\u012bdzek\u013cos vai prototipos, kuriem nepiecie\u0161ams unik\u0101ls st\u016bres meh\u0101nisms. Tos var izmantot ar\u012b m\u0101ksliniecisk\u0101s instal\u0101cij\u0101s vai kin\u0113tisk\u0101s skulpt\u016br\u0101s, kur\u0101m nepiecie\u0161ama prec\u012bza un kontrol\u0113ta kust\u012bba.<\/li>\n<\/ol>\n<p>K\u0101 redzat, st\u016bres hidrauliskajiem cilindriem ir pla\u0161s pielietojumu kl\u0101sts da\u017e\u0101d\u0101s nozar\u0113s un vid\u0113s. Neatkar\u012bgi no t\u0101, vai tos izmanto smagajos transportl\u012bdzek\u013cos, bezce\u013cu transportl\u012bdzek\u013cos, j\u016bras un kosmosa lietojumos, r\u016bpnieciskaj\u0101s iek\u0101rt\u0101s vai piel\u0101gotos pielietojumos, \u0161ie cilindri nodro\u0161ina nepiecie\u0161amo jaudu, precizit\u0101ti un kontroli efekt\u012bvai st\u016br\u0113\u0161anai.<\/p>\n<h2>Par FMP<\/h2>\n<p>FMP ir vado\u0161ais augstas kvalit\u0101tes hidraulisko cilindru, cilindru komplektu un celtniec\u012bbas tehnikas komponentu ra\u017eot\u0101js un izplat\u012bt\u0101js. Ar daudzu gadu pieredzi nozar\u0113 un profesion\u0101lu komandu m\u0113s esam ap\u0146\u0113mu\u0161ies nodro\u0161in\u0101t m\u016bsu klientiem uzticamus un efekt\u012bvus risin\u0101jumus vi\u0146u celtniec\u012bbas tehnikas vajadz\u012bb\u0101m.<\/p>\n<p>\u0160eit ir pieci iemesli, k\u0101p\u0113c jums vajadz\u0113tu izv\u0113l\u0113ties FMP:<\/p>\n<ol>\n<li><strong>Augstas kvalit\u0101tes hidrauliskie cilindri:<\/strong> M\u016bsu hidraulisko cilindru ra\u017eo\u0161an\u0101 m\u0113s izmantojam prec\u012bzu in\u017eenieriju. M\u016bsu stingr\u0101 ap\u0146em\u0161an\u0101s nodro\u0161in\u0101t kvalit\u0101ti nodro\u0161ina, ka m\u0113s izmantojam tikai augst\u0101k\u0101s kvalit\u0101tes izejvielas un veicam stingras gatav\u0101s produkcijas kvalit\u0101tes p\u0101rbaudes, lai nodro\u0161in\u0101tu, ka t\u0101 atbilst nozares standartiem un p\u0101rsniedz tos.<\/li>\n<li><strong>Pla\u0161s produktu kl\u0101sts:<\/strong> M\u016bsu produktu kl\u0101sts aptver visu veidu celtniec\u012bbas tehniku \u200b\u200bun piederumus. M\u0113s pied\u0101v\u0101jam da\u017e\u0101dus hidrauliskos cilindrus, p\u0101rnesumk\u0101rbas, \u0137\u0113des, zobratus, dzin\u0113ja piederumus, hidraulisko sist\u0113mu komponentus, \u0161asijas piederumus un elektrisk\u0101s sist\u0113mas piederumus.<\/li>\n<li><strong>Izveidotas partner\u012bbas:<\/strong> Esam izveidoju\u0161i ilgtermi\u0146a un stabilas partnerattiec\u012bbas ar daudziem augstas kvalit\u0101tes viet\u0113jiem un \u0101rvalstu pieg\u0101d\u0101t\u0101jiem. Tas nodro\u0161ina, ka visi pieg\u0101d\u0101tie aksesu\u0101ri atbilst m\u016bsu stingrajiem kvalit\u0101tes standartiem.<\/li>\n<li><strong>Pieredz\u0113jusi p\u0101rdo\u0161anas komanda:<\/strong> M\u016bsu p\u0101rdo\u0161anas komandai ir daudzu gadu pieredze un zin\u0101\u0161anas celtniec\u012bbas tehnikas nozar\u0113. Vi\u0146i var sniegt profesion\u0101las konsult\u0101cijas par produktiem un p\u0101rdom\u0101tus pirk\u0161anas padomus, lai pal\u012bdz\u0113tu jums pie\u0146emt p\u0101rdom\u0101tus l\u0113mumus.<\/li>\n<li><strong>Efekt\u012bva lo\u0123istikas izplat\u012b\u0161anas sist\u0113ma:<\/strong> Mums ir efekt\u012bva lo\u0123istikas izplat\u012b\u0161anas sist\u0113ma, lai nodro\u0161in\u0101tu, ka m\u016bsu klienti savlaic\u012bgi un prec\u012bzi sa\u0146em nepiecie\u0161am\u0101s deta\u013cas.<\/li>\n<\/ol>\n<p><img decoding=\"async\" src=\"https:\/\/fmp-components.com\/wp-content\/uploads\/2025\/01\/Dump-Truck-Trailer-Hydraulic-Cylinder-product-3-3.webp\" alt=\"Hidrauliskais cilindrs\" width=\"800\" title=\"\"><\/p>\n<p>Uz\u0146\u0113mum\u0101 FMP m\u0113s esam ap\u0146\u0113mu\u0161ies nodro\u0161in\u0101t saviem klientiem augstas kvalit\u0101tes un uzticamus celtniec\u012bbas tehnikas piederumus un piln\u012bgus ma\u0161\u012bnu risin\u0101jumus. Ar m\u016bsu modernaj\u0101m r\u016bpn\u012bcas iek\u0101rt\u0101m, CNC darbgaldiem, datoriz\u0113tu projekt\u0113\u0161anu, kvalific\u0113tiem darbiniekiem, hidraulisko sist\u0113mu ekspertiem, cilindru mont\u0113t\u0101jiem un izplat\u012bt\u0101jiem m\u0113s esam v\u0113lamais partneris, kas apmierin\u0101s j\u016bsu vajadz\u012bbas p\u0113c hidrauliskajiem cilindriem, cilindru komplektiem un komponentiem.<\/p>\n<p>Autors: CX<\/p>","protected":false},"excerpt":{"rendered":"<p>The Quality Assurance Mini Engineering Hydraulic Cylinder Power Steering Cylinder for Tractor is a high-quality and reliable product designed specifically for tractors. This hydraulic cylinder is essential for smooth and efficient steering, ensuring optimal control and maneuverability on various terrains. Key Features: 1. Superior Quality: Crafted with precision and built to last, this hydraulic cylinder [&hellip;]<\/p>","protected":false},"featured_media":2806,"comment_status":"closed","ping_status":"closed","template":"","meta":{"_et_pb_use_builder":"","_et_pb_old_content":"","_et_gb_content_width":""},"product_brand":[],"product_cat":[67],"product_tag":[34,70],"class_list":{"0":"post-2805","1":"product","2":"type-product","3":"status-publish","4":"has-post-thumbnail","6":"product_cat-steering-hydraulic-cylinder","7":"product_tag-hydraulic-cylinder","8":"product_tag-steering-hydraulic-cylinder","10":"first","11":"instock","12":"product-type-simple"},"_links":{"self":[{"href":"https:\/\/fmp-components.com\/lv\/wp-json\/wp\/v2\/product\/2805","targetHints":{"allow":["GET"]}}],"collection":[{"href":"https:\/\/fmp-components.com\/lv\/wp-json\/wp\/v2\/product"}],"about":[{"href":"https:\/\/fmp-components.com\/lv\/wp-json\/wp\/v2\/types\/product"}],"replies":[{"embeddable":true,"href":"https:\/\/fmp-components.com\/lv\/wp-json\/wp\/v2\/comments?post=2805"}],"wp:featuredmedia":[{"embeddable":true,"href":"https:\/\/fmp-components.com\/lv\/wp-json\/wp\/v2\/media\/2806"}],"wp:attachment":[{"href":"https:\/\/fmp-components.com\/lv\/wp-json\/wp\/v2\/media?parent=2805"}],"wp:term":[{"taxonomy":"product_brand","embeddable":true,"href":"https:\/\/fmp-components.com\/lv\/wp-json\/wp\/v2\/product_brand?post=2805"},{"taxonomy":"product_cat","embeddable":true,"href":"https:\/\/fmp-components.com\/lv\/wp-json\/wp\/v2\/product_cat?post=2805"},{"taxonomy":"product_tag","embeddable":true,"href":"https:\/\/fmp-components.com\/lv\/wp-json\/wp\/v2\/product_tag?post=2805"}],"curies":[{"name":"wp","href":"https:\/\/api.w.org\/{rel}","templated":true}]}}