{"id":2803,"date":"2025-01-04T05:24:01","date_gmt":"2025-01-04T05:24:01","guid":{"rendered":"https:\/\/fmp-components.com\/product\/professional-craftsmanship-double-acting-tractor-power-steering-hydraulic-cylinder\/"},"modified":"2025-03-18T01:22:09","modified_gmt":"2025-03-18T01:22:09","slug":"professional-craftsmanship-double-acting-tractor-power-steering-hydraulic-cylinder","status":"publish","type":"product","link":"https:\/\/fmp-components.com\/lv\/product\/professional-craftsmanship-double-acting-tractor-power-steering-hydraulic-cylinder\/","title":{"rendered":"Profesion\u0101la meistar\u012bba Divk\u0101r\u0161as darb\u012bbas traktora st\u016bres pastiprin\u0101t\u0101ja hidrauliskais cilindrs"},"content":{"rendered":"<p>Traktora hidrauliskais st\u016bres cilindrs ir augstas kvalit\u0101tes, divk\u0101r\u0161as darb\u012bbas hidrauliskais cilindrs, kas \u012bpa\u0161i paredz\u0113ts traktoriem. \u0160is jaud\u012bgais cilindrs ir izstr\u0101d\u0101ts, lai nodro\u0161in\u0101tu vienm\u0113r\u012bgu un efekt\u012bvu st\u016br\u0113\u0161anas veiktsp\u0113ju, garant\u0113jot optim\u0101lu kontroli un manevr\u0113tsp\u0113ju da\u017e\u0101dos lauksaimniec\u012bbas darbos.<\/p>\n<p>Pateicoties iztur\u012bgajai konstrukcijai un uzticamajai funkcionalit\u0101tei, traktora hidrauliskais st\u016bres cilindrs sp\u0113j iztur\u0113t lielas slodzes un skarbus ekspluat\u0101cijas apst\u0101k\u013cus. Tam ir divk\u0101r\u0161as darb\u012bbas konstrukcija, kas nodro\u0161ina gan stum\u0161anas, gan vilk\u0161anas sp\u0113ku, t\u0101d\u0113j\u0101di uzlabojot t\u0101 daudzpus\u012bbu un veiktsp\u0113ju.<\/p>\n<p>\u0160is hidrauliskais cilindrs ir lietot\u0101jam draudz\u012bgs un viegli uzst\u0101d\u0101ms, padarot to par \u0113rtu izv\u0113li traktoru \u012bpa\u0161niekiem un operatoriem. T\u0101 kompaktais izm\u0113rs un robustais dizains nodro\u0161ina neman\u0101mu integr\u0101ciju traktora st\u016bres sist\u0113m\u0101.<\/p>\n<p>Traktora hidrauliskais st\u016bres cilindrs ir izstr\u0101d\u0101ts, lai nodro\u0161in\u0101tu prec\u012bzu un atsauc\u012bgu st\u016br\u0113\u0161anu, \u013caujot operatoriem viegli p\u0101rvietoties pa laukiem un nel\u012bdzenu reljefu. T\u0101 hidrauliskais meh\u0101nisms nodro\u0161ina efekt\u012bvu jaudas p\u0101rvadi, samazinot traktora st\u016br\u0113\u0161anai nepiecie\u0161amo piep\u016bli un uzlabojot kop\u0113jo produktivit\u0101ti.<\/p>\n<p>Invest\u012bcijas traktora hidrauliskaj\u0101 st\u016bres cilindr\u0101 ne tikai nodro\u0161ina uzlabotu st\u016br\u0113\u0161anas veiktsp\u0113ju, bet ar\u012b palielina traktora darb\u012bbas dro\u0161\u012bbu un efektivit\u0101ti. Pateicoties t\u0101 uzticamajai konstrukcijai, \u0161is hidrauliskais cilindrs ir rad\u012bts ilgam kalpo\u0161anas laikam, nodro\u0161inot ilgsto\u0161u veiktsp\u0113ju un samazinot apkopes pras\u012bbas.<\/p>\n<p>Izbaudiet uzticamu un vienm\u0113r\u012bgu st\u016br\u0113\u0161anas veiktsp\u0113ju ar traktora hidraulisko st\u016bres cilindru. Uzlabojiet sava traktora st\u016bres sist\u0113mu jau \u0161odien un izbaudiet optim\u0101lu kontroli un manevr\u0113tsp\u0113ju lauksaimniec\u012bbas darb\u012bb\u0101s.<\/p>\n<h2>Par hidraulisko cilindru<\/h2>\n<p>Profesion\u0101li izgatavotais divk\u0101r\u0161\u0101s darb\u012bbas traktora st\u016bres pastiprin\u0101t\u0101ja hidrauliskais cilindrs ir b\u016btiska sast\u0101vda\u013ca daudz\u0101s nozar\u0113s, tostarp ma\u0161\u012bnu remonta darbn\u012bc\u0101s, ferm\u0101s, ener\u0123\u0113tikas un ieguves r\u016bpniec\u012bb\u0101, k\u0101 ar\u012b ma\u0161\u012bnu ra\u017eo\u0161an\u0101. Ar 10 kg svaru tas ir iztur\u012bgs, tom\u0113r vad\u0101ms, padarot uzst\u0101d\u012b\u0161anu un apkopi vienk\u0101r\u0161u.<\/p>\n<h3>V\u0113sture un klasifik\u0101cija<\/h3>\n<p>Hidrauliskie cilindri tiek izmantoti jau gadu desmitiem, gadu gait\u0101 tie ir att\u012bst\u012bju\u0161ies, lai apmierin\u0101tu da\u017e\u0101du nozaru pieaugo\u0161\u0101s vajadz\u012bbas. Ir vair\u0101ki hidraulisko cilindru veidi, ta\u010du divk\u0101r\u0161as darb\u012bbas traktoru st\u016bres pastiprin\u0101t\u0101ja hidrauliskais cilindrs izce\u013cas ar savu iztur\u012bbu un efektivit\u0101ti.<\/p>\n<h3>Priek\u0161roc\u012bbas<\/h3>\n<p>Viena no \u0161\u012b produkta galvenaj\u0101m priek\u0161roc\u012bb\u0101m ir t\u0101 profesion\u0101l\u0101 meistar\u012bba, kas nodro\u0161ina augstu veiktsp\u0113ju un ilgm\u016b\u017e\u012bbu. Tas ir ar\u012b sertific\u0113ts ar ISO9001:2000, kas garant\u0113 kvalit\u0101ti un uzticam\u012bbu.<\/p>\n<h2>Pareiz\u0101 hidraulisk\u0101 cilindra izv\u0113le<\/h2>\n<p>Izv\u0113loties hidraulisko cilindru, \u0146emiet v\u0113r\u0101 t\u0101dus faktorus k\u0101 urbuma diametrs, stie\u0146a izm\u0113rs un g\u0101jiena garums. \u0160im produktam urbuma diametrs ir no 2 l\u012bdz 6 coll\u0101m, stie\u0146a izm\u0113rs ir no 1,125 l\u012bdz 4 coll\u0101m un g\u0101jiena garums ir no 4 l\u012bdz 100 coll\u0101m.<\/p>\n<p><img decoding=\"async\" src=\"https:\/\/hzpt.com\/wp-content\/uploads\/2023\/11\/agricultural-machinery-hydraulic-cylinder-2.webp\" alt=\"\" title=\"\"><\/p>\n<p><img decoding=\"async\" src=\"https:\/\/hzpt.com\/wp-content\/uploads\/2023\/11\/agricultural-machinery-hydraulic-cylinder-6.webp\" alt=\"\" title=\"\"><\/p>\n<h2>St\u016bres hidraulisk\u0101 cilindra pielietojums<\/h2>\n<p>St\u016bres hidrauliskie cilindri ir b\u016btiskas st\u016bres sist\u0113mu sast\u0101vda\u013cas da\u017e\u0101du veidu transportl\u012bdzek\u013cos. \u0160ie cilindri, kas paz\u012bstami ar\u012b k\u0101 st\u016bres izpildmeh\u0101nismi, pal\u012bdz p\u0101rveidot st\u016bres s\u016bk\u0146a \u0123ener\u0113to ener\u0123iju line\u0101r\u0101 kust\u012bb\u0101, ko var izmantot, lai manipul\u0113tu transportl\u012bdzek\u013ca rite\u0146u virzienu. \u0160eit ir da\u017ei no st\u016bres hidraulisko cilindru pielietojumiem:<\/p>\n<ol>\n<li>Smagie transportl\u012bdzek\u013ci:\n<p>St\u016bres hidrauliskos cilindrus parasti izmanto smag\u0101s automa\u0161\u012bn\u0101s, piem\u0113ram, kravas automa\u0161\u012bn\u0101s, autobusos un celtniec\u012bbas tehnik\u0101. \u0160iem transportl\u012bdzek\u013ciem st\u016br\u0113\u0161anai ir nepiecie\u0161ams liels sp\u0113ks, un hidrauliskais cilindrs var \u0123ener\u0113t nepiecie\u0161amo jaudu rite\u0146u pagrie\u0161anai pat tad, ja transportl\u012bdzeklis ir piekrauts ar svaru. Hidraulisk\u0101 sist\u0113ma ar\u012b \u013cauj prec\u012bz\u0101k kontrol\u0113t st\u016bres meh\u0101nismu, atvieglojot vad\u012bt\u0101jiem lielu, ne\u0113rtu transportl\u012bdzek\u013cu vad\u012b\u0161anu.<\/li>\n<li>Bezce\u013cu transportl\u012bdzek\u013ci:\n<p>Ar\u012b bezce\u013cu transportl\u012bdzek\u013ci, piem\u0113ram, kvadracikli, k\u0101pu bagiji un net\u012brumu motocikli, g\u016bst labumu no st\u016bres hidrauliskajiem cilindriem. \u0160ie transportl\u012bdzek\u013ci bie\u017ei darbojas nel\u012bdzen\u0101 reljef\u0101, kur parastie st\u016bres meh\u0101nismi var neb\u016bt efekt\u012bvi. Hidrauliskie cilindri var nodro\u0161in\u0101t nepiecie\u0161amo jaudu un precizit\u0101ti, lai st\u016br\u0113tu cauri \u0161\u0137\u0113r\u0161\u013ciem un saglab\u0101tu kontroli p\u0101r transportl\u012bdzekli.<\/li>\n<li>J\u016bras un kosmosa lietojumprogrammas:\n<p>St\u016bres hidrauliskie cilindri nav paredz\u0113ti tikai sauszemes transportl\u012bdzek\u013ciem. Tos izmanto ar\u012b j\u016bras lietojumos, piem\u0113ram, laiv\u0101s un ku\u0123os, k\u0101 ar\u012b kosmosa tehnolo\u0123ij\u0101s, piem\u0113ram, kosmosa ku\u0123os un lidma\u0161\u012bn\u0101s. \u0160ajos apst\u0101k\u013cos hidrauliskos cilindrus izmanto, lai manipul\u0113tu st\u016bres, spuru un citu vad\u012bbas virsmu virzienu, kas pal\u012bdz st\u016br\u0113t ku\u0123i vai lidma\u0161\u012bnu.<\/li>\n<li>R\u016bpniecisk\u0101s iek\u0101rtas:\n<p>Hidrauliskos cilindrus izmanto ar\u012b da\u017e\u0101dos r\u016bpnieciskos apst\u0101k\u013cos st\u016br\u0113\u0161anai un cit\u0101m vajadz\u012bb\u0101m. Piem\u0113ram, tos var izmantot celt\u0146u, iekr\u0101v\u0113ju vai citu smago ma\u0161\u012bnu st\u016br\u0113\u0161anai. \u0160ajos apst\u0101k\u013cos hidrauliskie cilindri var nodro\u0161in\u0101t nepiecie\u0161amo jaudu un precizit\u0101ti, lai manipul\u0113tu ar liel\u0101m krav\u0101m vai darbotos \u0161aur\u0101s telp\u0101s.<\/li>\n<li>Piel\u0101gotas lietojumprogrammas:\n<p>Papildus \u0161iem izplat\u012bt\u0101kajiem pielietojumiem st\u016bres hidrauliskos cilindrus var izmantot ar\u012b da\u017e\u0101dos piel\u0101gotos iestat\u012bjumos. Piem\u0113ram, tos var izmantot eksperiment\u0101los transportl\u012bdzek\u013cos vai prototipos, kuriem nepiecie\u0161ams unik\u0101ls st\u016bres meh\u0101nisms. Tos var izmantot ar\u012b m\u0101ksliniecisk\u0101s instal\u0101cij\u0101s vai kin\u0113tisk\u0101s skulpt\u016br\u0101s, kur\u0101m nepiecie\u0161ama prec\u012bza un kontrol\u0113ta kust\u012bba.<\/li>\n<\/ol>\n<p>K\u0101 redzat, st\u016bres hidrauliskajiem cilindriem ir pla\u0161s pielietojumu kl\u0101sts da\u017e\u0101d\u0101s nozar\u0113s un vid\u0113s. Neatkar\u012bgi no t\u0101, vai tos izmanto smagajos transportl\u012bdzek\u013cos, bezce\u013cu transportl\u012bdzek\u013cos, j\u016bras un kosmosa lietojumos, r\u016bpnieciskaj\u0101s iek\u0101rt\u0101s vai piel\u0101gotos pielietojumos, \u0161ie cilindri nodro\u0161ina nepiecie\u0161amo jaudu, precizit\u0101ti un kontroli efekt\u012bvai st\u016br\u0113\u0161anai.<\/p>\n<h2>Par FMP<\/h2>\n<p>FMP ir vado\u0161ais augstas kvalit\u0101tes hidraulisko cilindru, cilindru komplektu un celtniec\u012bbas tehnikas komponentu ra\u017eot\u0101js un izplat\u012bt\u0101js. Ar daudzu gadu pieredzi nozar\u0113 un profesion\u0101lu komandu m\u0113s esam ap\u0146\u0113mu\u0161ies nodro\u0161in\u0101t m\u016bsu klientiem uzticamus un efekt\u012bvus risin\u0101jumus vi\u0146u celtniec\u012bbas tehnikas vajadz\u012bb\u0101m.<\/p>\n<p>\u0160eit ir pieci iemesli, k\u0101p\u0113c jums vajadz\u0113tu izv\u0113l\u0113ties FMP:<\/p>\n<ol>\n<li><strong>Augstas kvalit\u0101tes hidrauliskie cilindri:<\/strong> M\u016bsu hidraulisko cilindru ra\u017eo\u0161an\u0101 m\u0113s izmantojam prec\u012bzu in\u017eenieriju. M\u016bsu stingr\u0101 ap\u0146em\u0161an\u0101s nodro\u0161in\u0101t kvalit\u0101ti nodro\u0161ina, ka m\u0113s izmantojam tikai augst\u0101k\u0101s kvalit\u0101tes izejvielas un veicam stingras gatav\u0101s produkcijas kvalit\u0101tes p\u0101rbaudes, lai nodro\u0161in\u0101tu, ka t\u0101 atbilst nozares standartiem un p\u0101rsniedz tos.<\/li>\n<li><strong>Pla\u0161s produktu kl\u0101sts:<\/strong> M\u016bsu produktu kl\u0101sts aptver visu veidu celtniec\u012bbas tehniku \u200b\u200bun piederumus. M\u0113s pied\u0101v\u0101jam da\u017e\u0101dus hidrauliskos cilindrus, p\u0101rnesumk\u0101rbas, \u0137\u0113des, zobratus, dzin\u0113ja piederumus, hidraulisko sist\u0113mu komponentus, \u0161asijas piederumus un elektrisk\u0101s sist\u0113mas piederumus.<\/li>\n<li><strong>Izveidotas partner\u012bbas:<\/strong> Esam izveidoju\u0161i ilgtermi\u0146a un stabilas partnerattiec\u012bbas ar daudziem augstas kvalit\u0101tes viet\u0113jiem un \u0101rvalstu pieg\u0101d\u0101t\u0101jiem. Tas nodro\u0161ina, ka visi pieg\u0101d\u0101tie aksesu\u0101ri atbilst m\u016bsu stingrajiem kvalit\u0101tes standartiem.<\/li>\n<li><strong>Pieredz\u0113jusi p\u0101rdo\u0161anas komanda:<\/strong> M\u016bsu p\u0101rdo\u0161anas komandai ir daudzu gadu pieredze un zin\u0101\u0161anas celtniec\u012bbas tehnikas nozar\u0113. Vi\u0146i var sniegt profesion\u0101las konsult\u0101cijas par produktiem un p\u0101rdom\u0101tus pirk\u0161anas padomus, lai pal\u012bdz\u0113tu jums pie\u0146emt p\u0101rdom\u0101tus l\u0113mumus.<\/li>\n<li><strong>Efekt\u012bva lo\u0123istikas izplat\u012b\u0161anas sist\u0113ma:<\/strong> Mums ir efekt\u012bva lo\u0123istikas izplat\u012b\u0161anas sist\u0113ma, lai nodro\u0161in\u0101tu, ka m\u016bsu klienti savlaic\u012bgi un prec\u012bzi sa\u0146em nepiecie\u0161am\u0101s deta\u013cas.<\/li>\n<\/ol>\n<p><img decoding=\"async\" src=\"https:\/\/fmp-components.com\/wp-content\/uploads\/2025\/01\/Dump-Truck-Trailer-Hydraulic-Cylinder-product-3-3.webp\" alt=\"Hidrauliskais cilindrs\" width=\"800\" title=\"\"><\/p>\n<p>Uz\u0146\u0113mum\u0101 FMP m\u0113s esam ap\u0146\u0113mu\u0161ies nodro\u0161in\u0101t saviem klientiem augstas kvalit\u0101tes un uzticamus celtniec\u012bbas tehnikas piederumus un piln\u012bgus ma\u0161\u012bnu risin\u0101jumus. Ar m\u016bsu modernaj\u0101m r\u016bpn\u012bcas iek\u0101rt\u0101m, CNC darbgaldiem, datoriz\u0113tu projekt\u0113\u0161anu, kvalific\u0113tiem darbiniekiem, hidraulisko sist\u0113mu ekspertiem, cilindru mont\u0113t\u0101jiem un izplat\u012bt\u0101jiem m\u0113s esam v\u0113lamais partneris, kas apmierin\u0101s j\u016bsu vajadz\u012bbas p\u0113c hidrauliskajiem cilindriem, cilindru komplektiem un komponentiem.<\/p>\n<p>Autors: CX<\/p>","protected":false},"excerpt":{"rendered":"<p>The Tractor Hydraulic Steering Cylinder is a high-quality, double-acting hydraulic cylinder designed specifically for tractors. This powerful cylinder is built to provide smooth and efficient steering performance, ensuring optimal control and maneuverability in various agricultural applications. With its durable construction and reliable functionality, the Tractor Hydraulic Steering Cylinder is capable of withstanding heavy loads and [&hellip;]<\/p>","protected":false},"featured_media":2804,"comment_status":"closed","ping_status":"closed","template":"","meta":{"_et_pb_use_builder":"","_et_pb_old_content":"","_et_gb_content_width":""},"product_brand":[],"product_cat":[67],"product_tag":[34,70],"class_list":{"0":"post-2803","1":"product","2":"type-product","3":"status-publish","4":"has-post-thumbnail","6":"product_cat-steering-hydraulic-cylinder","7":"product_tag-hydraulic-cylinder","8":"product_tag-steering-hydraulic-cylinder","10":"first","11":"instock","12":"product-type-simple"},"_links":{"self":[{"href":"https:\/\/fmp-components.com\/lv\/wp-json\/wp\/v2\/product\/2803","targetHints":{"allow":["GET"]}}],"collection":[{"href":"https:\/\/fmp-components.com\/lv\/wp-json\/wp\/v2\/product"}],"about":[{"href":"https:\/\/fmp-components.com\/lv\/wp-json\/wp\/v2\/types\/product"}],"replies":[{"embeddable":true,"href":"https:\/\/fmp-components.com\/lv\/wp-json\/wp\/v2\/comments?post=2803"}],"wp:featuredmedia":[{"embeddable":true,"href":"https:\/\/fmp-components.com\/lv\/wp-json\/wp\/v2\/media\/2804"}],"wp:attachment":[{"href":"https:\/\/fmp-components.com\/lv\/wp-json\/wp\/v2\/media?parent=2803"}],"wp:term":[{"taxonomy":"product_brand","embeddable":true,"href":"https:\/\/fmp-components.com\/lv\/wp-json\/wp\/v2\/product_brand?post=2803"},{"taxonomy":"product_cat","embeddable":true,"href":"https:\/\/fmp-components.com\/lv\/wp-json\/wp\/v2\/product_cat?post=2803"},{"taxonomy":"product_tag","embeddable":true,"href":"https:\/\/fmp-components.com\/lv\/wp-json\/wp\/v2\/product_tag?post=2803"}],"curies":[{"name":"wp","href":"https:\/\/api.w.org\/{rel}","templated":true}]}}