{"id":2791,"date":"2025-01-04T06:36:59","date_gmt":"2025-01-04T06:36:59","guid":{"rendered":"https:\/\/fmp-components.com\/?page_id=8"},"modified":"2025-01-04T06:36:59","modified_gmt":"2025-01-04T06:36:59","slug":"silage-machine-gearbox-fmp-qz-wrxl-for-german-champion-four-disc-type-3500","status":"publish","type":"product","link":"https:\/\/fmp-components.com\/lv\/product\/silage-machine-gearbox-fmp-qz-wrxl-for-german-champion-four-disc-type-3500\/","title":{"rendered":"Sk\u0101bbar\u012bbas ma\u0161\u012bnas p\u0101rnesumk\u0101rba FMP-QZ-WRXL German Champion \u010detru disku (3500. tips) traktoram"},"content":{"rendered":"<h2>Sk\u0101bbar\u012bbas ma\u0161\u012bnas reduktora FMP-QZ-WRXL izm\u0113ri<\/h2>\n<p><img loading=\"lazy\" decoding=\"async\" class=\"alignnone size-full wp-image-2970\" src=\"https:\/\/fmp-components.com\/wp-content\/uploads\/2025\/01\/Silage-Machine-Gearbox-EP-QZ-WRXL-Dimensions.webp\" alt=\"Sk\u0101bbar\u012bbas-Ma\u0161\u012bnas-Reduktora-EP-QZ-WRXL-Izm\u0113ri\" width=\"1298\" height=\"902\" title=\"\" srcset=\"https:\/\/fmp-components.com\/wp-content\/uploads\/2025\/01\/Silage-Machine-Gearbox-EP-QZ-WRXL-Dimensions.webp 1298w, https:\/\/fmp-components.com\/wp-content\/uploads\/2025\/01\/Silage-Machine-Gearbox-EP-QZ-WRXL-Dimensions-1280x889.webp 1280w, https:\/\/fmp-components.com\/wp-content\/uploads\/2025\/01\/Silage-Machine-Gearbox-EP-QZ-WRXL-Dimensions-980x681.webp 980w, https:\/\/fmp-components.com\/wp-content\/uploads\/2025\/01\/Silage-Machine-Gearbox-EP-QZ-WRXL-Dimensions-480x334.webp 480w\" sizes=\"(min-width: 0px) and (max-width: 480px) 480px, (min-width: 481px) and (max-width: 980px) 980px, (min-width: 981px) and (max-width: 1280px) 1280px, (min-width: 1281px) 1298px, 100vw\" \/><\/p>\n<h2>Sk\u0101bbar\u012bbas ma\u0161\u012bnas p\u0101rnesumk\u0101rbas FMP-QZ-WRXL tehniskie dati<\/h2>\n<table style=\"width: 97.8953%; height: 54px;\" border=\"1\" cellspacing=\"0\" cellpadding=\"0\">\n<tbody>\n<tr>\n<td>V\u0101rds<\/td>\n<td>Piem\u0113rots<\/td>\n<td>Pagrieziens<\/td>\n<td>galvenes s\u0113rija<\/td>\n<td>Zobu veido\u0161an\u0101s<\/td>\n<\/tr>\n<tr>\n<td>Baro\u0161anas kaste<\/td>\n<td>sk\u0101bbar\u012bbas ma\u0161\u012bnas<\/td>\n<td>kreisais pagrieziens<\/td>\n<td>3. s\u0113rija<\/td>\n<td>Gl\u012bsona spir\u0101lveida zobi<\/td>\n<\/tr>\n<tr>\n<td colspan=\"5\">Piez\u012bme: Ja jums ir k\u0101das \u012bpa\u0161as pras\u012bbas, nekautr\u0113jieties man pazi\u0146ot, m\u0113s pie\u0146emam ar\u012b pas\u016bt\u012bjumu.<\/td>\n<\/tr>\n<\/tbody>\n<\/table>\n<h2>V\u0101cijas \u010dempiona \u010detru disku (3500. tips) sk\u0101bbar\u012bbas ma\u0161\u012bnas p\u0101rnesumk\u0101rbas darb\u012bbas princips<\/h2>\n<p>V\u0101cu Champion Four Disc (3500.\u00a0tips) sk\u0101bbar\u012bbas ma\u0161\u012bnas p\u0101rnesumk\u0101rba darbojas, p\u0101rnesot jaudu no traktora j\u016bgv\u0101rpstas uz da\u017e\u0101d\u0101m sk\u0101bbar\u012bbas ma\u0161\u012bnas sast\u0101vda\u013c\u0101m, \u013caujot tai efekt\u012bvi veikt t\u0101dus uzdevumus k\u0101 sk\u0101bbar\u012bbas grie\u0161ana, smalcin\u0101\u0161ana un kap\u0101\u0161ana. P\u0101rnesumk\u0101rbas galven\u0101 funkcija ir samazin\u0101t j\u016bgv\u0101rpstas grie\u0161an\u0101s \u0101trumu, vienlaikus palielinot griezes momentu, t\u0101d\u0113j\u0101di \u013caujot ma\u0161\u012bnai tikt gal\u0101 ar sk\u0101bbar\u012bbas proces\u0101 iesaist\u012btaj\u0101m lielaj\u0101m slodz\u0113m.<\/p>\n<p>\u0160eit ir detaliz\u0113ts p\u0101rnesumk\u0101rbas darb\u012bbas principa izkl\u0101sts v\u0101cu Champion Four Disc (3500. tips) kontekst\u0101:<\/p>\n<p>1. <strong>Ievade no j\u016bgv\u0101rpstas<\/strong><\/p>\n<p>P\u0101rnesumk\u0101rbu darbina j\u016bgv\u0101rpsta (PTO), kas ir savienota ar traktoru. Kad traktora dzin\u0113js iesl\u0113dzas, j\u016bgv\u0101rpsta s\u0101k griezties. \u0160\u012b rot\u0101cijas kust\u012bba tiek p\u0101rnesta uz p\u0101rnesumk\u0101rbu.<\/p>\n<p>2. <strong>Griezes momenta un \u0101truma samazin\u0101\u0161ana<\/strong><\/p>\n<p>P\u0101rnesumk\u0101rba ir paredz\u0113ta, lai samazin\u0101tu \u0101trumu no traktora j\u016bgv\u0101rpstas liel\u0101 grie\u0161an\u0101s \u0101truma (bie\u017ei vien aptuveni 540 vai 1000 apgr.\/min atkar\u012bb\u0101 no j\u016bgv\u0101rpstas veida) l\u012bdz l\u0113n\u0101kam \u0101trumam, kas piem\u0113rots griez\u0113jdisku darb\u012bbai. Tas tiek pan\u0101kts, izmantojot zobratu sist\u0113mu, kas parasti ietver plan\u0113tu zobratus vai spir\u0101lveida zobratus, kuri regul\u0113 grie\u0161an\u0101s \u0101trumu, vienlaikus palielinot izejas griezes momentu. \u0160is \u0101truma samazin\u0101jums un griezes momenta palielin\u0101jums nodro\u0161ina tehnikas efekt\u012bvu darb\u012bbu lielas slodzes apst\u0101k\u013cos.<\/p>\n<p><strong>3. Jaudas sadale griez\u0113jdiskiem<\/strong><\/p>\n<p>P\u0101rnesumk\u0101rba p\u0101rvada jaudu uz <strong>\u010detri diski<\/strong> kas ir atbild\u012bgi par sk\u0101bbar\u012bbas grie\u0161anu vai sasmalcin\u0101\u0161anu. Katru disku darbina v\u0101rpsta, kas ir savienota ar p\u0101rnesumk\u0101rbas izeju. \u0160ie grie\u0161anas diski bie\u017ei ir uzst\u0101d\u012bti noteikt\u0101 konfigur\u0101cij\u0101 (piem\u0113ram, zvaigznes vai ap\u013ca form\u0101) un grie\u017eas ar daudz l\u0113n\u0101ku \u0101trumu nek\u0101 traktora j\u016bgv\u0101rpstas ieejas \u0101trums.<\/p>\n<p><strong>4. Meh\u0101nisk\u0101 efektivit\u0101te un slodzes p\u0101rvald\u012bba<\/strong><\/p>\n<p>P\u0101rnesumk\u0101rba pal\u012bdz uztur\u0113t meh\u0101nisko efektivit\u0101ti, vienm\u0113r\u012bgi sadalot slodzi starp \u010detriem diskiem. Tas tiek pan\u0101kts, nodro\u0161inot, ka traktora j\u016bgv\u0101rpstas rad\u012btais griezes moments tiek efekt\u012bvi p\u0101rnests uz katru disku. Tas \u013cauj sk\u0101bbar\u012bbas ma\u0161\u012bnai \u0101tri un vienm\u0113r\u012bgi apstr\u0101d\u0101t lielu materi\u0101la daudzumu, nep\u0101rslogojot atsevi\u0161\u0137as sast\u0101vda\u013cas.<\/p>\n<p><strong>5. E\u013c\u013co\u0161ana un dzes\u0113\u0161ana<\/strong><\/p>\n<p>\u0145emot v\u0113r\u0101 liel\u0101s slodzes un nep\u0101rtrauktu darb\u012bbu, p\u0101rnesumk\u0101rba parasti satur e\u013c\u013co\u0161anas sist\u0113mu, lai samazin\u0101tu berzi un nodilumu starp zobratiem. \u0160\u012b sist\u0113ma nodro\u0161ina vienm\u0113r\u012bgu darb\u012bbu un pagarina p\u0101rnesumk\u0101rbas kalpo\u0161anas laiku. Da\u017e\u0101m p\u0101rnesumk\u0101rb\u0101m var b\u016bt ar\u012b dzes\u0113\u0161anas sist\u0113ma, lai nov\u0113rstu p\u0101rkar\u0161anu ilgsto\u0161as \u200b\u200blieto\u0161anas laik\u0101.<\/p>\n<p>B\u016bt\u012bb\u0101 v\u0101cu Champion Four Disc (3500.\u00a0tips) sk\u0101bbar\u012bbas ma\u0161\u012bnas p\u0101rnesumk\u0101rba efekt\u012bvi p\u0101rvalda jaudas p\u0101rvadi un nodro\u0161ina, ka sk\u0101bbar\u012bbas grie\u0161anas process tiek veikts vienm\u0113r\u012bgi un efekt\u012bvi pat smagos darba apst\u0101k\u013cos.<\/p>\n<p><img loading=\"lazy\" decoding=\"async\" class=\"alignnone size-full wp-image-2972\" src=\"https:\/\/fmp-components.com\/wp-content\/uploads\/2025\/01\/Silage-Machine-Gearbox-for-German-Champion-Four-Disc-Type-3500-Working-Principle-scaled.webp\" alt=\"Sk\u0101bbar\u012bbas ma\u0161\u012bnas p\u0101rnesumk\u0101rba V\u0101cijas \u010dempiona \u010detru disku 3500 tipa traktoram: darb\u012bbas princips\" width=\"2560\" height=\"1212\" title=\"\" srcset=\"https:\/\/fmp-components.com\/wp-content\/uploads\/2025\/01\/Silage-Machine-Gearbox-for-German-Champion-Four-Disc-Type-3500-Working-Principle-scaled.webp 2560w, https:\/\/fmp-components.com\/wp-content\/uploads\/2025\/01\/Silage-Machine-Gearbox-for-German-Champion-Four-Disc-Type-3500-Working-Principle-1280x606.webp 1280w, https:\/\/fmp-components.com\/wp-content\/uploads\/2025\/01\/Silage-Machine-Gearbox-for-German-Champion-Four-Disc-Type-3500-Working-Principle-980x464.webp 980w, https:\/\/fmp-components.com\/wp-content\/uploads\/2025\/01\/Silage-Machine-Gearbox-for-German-Champion-Four-Disc-Type-3500-Working-Principle-480x227.webp 480w\" sizes=\"(min-width: 0px) and (max-width: 480px) 480px, (min-width: 481px) and (max-width: 980px) 980px, (min-width: 981px) and (max-width: 1280px) 1280px, (min-width: 1281px) 2560px, 100vw\" \/><\/p>\n<h2>Sk\u0101bbar\u012bbas ma\u0161\u012bnas p\u0101rnesumk\u0101rbas pielietojums v\u0101cu \u010dempiona \u010detriem diskiem (3500. tips)<\/h2>\n<p>V\u0101cu Champion Four Disc (3500.\u00a0tips) sk\u0101bbar\u012bbas ma\u0161\u012bnas p\u0101rnesumk\u0101rbai ir iz\u0161\u0137iro\u0161a noz\u012bme sk\u0101bbar\u012bbas nov\u0101k\u0161anas tehnikas darb\u012bb\u0101. \u0160\u012b p\u0101rnesumk\u0101rba, kas paredz\u0113ta optim\u0101lai jaudas p\u0101rvadei, tiek izmantota da\u017e\u0101dos lauksaimniec\u012bbas nozares pielietojumos. T\u0101l\u0101k ir nor\u0101d\u012bti da\u017ei no \u0161\u012bs p\u0101rnesumk\u0101rbas galvenajiem pielietojumiem:<\/p>\n<p>1. <strong>Sk\u0101bbar\u012bbas nov\u0101k\u0161ana<\/strong><\/p>\n<ul>\n<li><strong>Prim\u0101rais pielietojums<\/strong>Sk\u0101bbar\u012bbas ma\u0161\u012bnas p\u0101rnesumk\u0101rbas galven\u0101 funkcija ir atvieglot sk\u0101bbar\u012bbas grie\u0161anu, smalcin\u0101\u0161anu un apstr\u0101di. T\u0101 darbina \u010detrus ma\u0161\u012bnas grie\u0161anas diskus, \u013caujot tiem sagriezt lopbar\u012bbas kult\u016bras (piem\u0113ram, kukur\u016bzu, z\u0101li, lucernu vai p\u0101k\u0161augus) un p\u0101rv\u0113rst t\u0101s smalki sasmalcin\u0101t\u0101 materi\u0101l\u0101 lopbar\u012bbai.<\/li>\n<li><strong>Kult\u016braugu veidi<\/strong>\u0160\u012b p\u0101rnesumk\u0101rba ir piem\u0113rota da\u017e\u0101du kult\u016braugu, ko izmanto sk\u0101bbar\u012bbas ra\u017eo\u0161an\u0101, tostarp kukur\u016bzas, z\u0101les, sorgo un citu za\u013cbar\u012bbas kult\u016bru, nov\u0101k\u0161anai. To var piel\u0101got gan kult\u016braugiem ar augstu mitruma l\u012bmeni (piem\u0113ram, kukur\u016bzai), gan sausiem kult\u016braugiem (piem\u0113ram, lucernai).<\/li>\n<\/ul>\n<p>2. <strong>Lopbar\u012bbas smalcin\u0101\u0161ana un p\u0101rstr\u0101de<\/strong><\/p>\n<ul>\n<li>P\u0101rnesumk\u0101rba darbina grie\u0161anas un smalcin\u0101\u0161anas meh\u0101nismus, kas ir b\u016btiski lielu lopbar\u012bbas stiebru sadal\u012b\u0161anai maz\u0101kos gabalos. Efekt\u012bv\u0101 jaudas p\u0101rne\u0161ana no p\u0101rnesumk\u0101rbas \u013cauj ma\u0161\u012bnai prec\u012bzi griezt, nodro\u0161inot vienm\u0113r\u012bgu smalcin\u0101\u0161anas garumu. \u0160is process ir vit\u0101li svar\u012bgs <strong>ferment\u0101cija<\/strong> sk\u0101bbar\u012bbas uzglab\u0101\u0161an\u0101 un gatav\u0101 bar\u012bbas produkta kvalit\u0101t\u0113.<\/li>\n<\/ul>\n<p>3. <strong>Siena ra\u017eo\u0161ana<\/strong><\/p>\n<ul>\n<li>Lai gan p\u0101rnesumk\u0101rbu galvenok\u0101rt izmanto sk\u0101bbar\u012bbas ra\u017eo\u0161anai, t\u0101 ir b\u016btiska ar\u012b siena ra\u017eo\u0161an\u0101, kas ietver lopbar\u012bbas p\u013cau\u0161anu un uzglab\u0101\u0161anu ar augst\u0101ku mitruma saturu nek\u0101 tradicion\u0101lajam sienam. Siena sk\u0101bbar\u012bbu bie\u017ei izmanto m\u0101jlopu baro\u0161anai, un p\u0101rnesumk\u0101rba nodro\u0161ina, ka ma\u0161\u012bna efekt\u012bvi nop\u013cauj un apstr\u0101d\u0101 lopbar\u012bbu, lai saglab\u0101tu mitruma l\u012bmeni, kas nepiecie\u0161ams kvalitat\u012bvas siena sk\u0101bbar\u012bbas ieg\u016b\u0161anai.<\/li>\n<\/ul>\n<p>4. <strong>Z\u0101les un p\u0101k\u0161augu sk\u0101bbar\u012bba<\/strong><\/p>\n<ul>\n<li>P\u0101rnesumk\u0101rba tiek izmantota z\u0101les un p\u0101k\u0161augu sk\u0101bbar\u012bbas sagatavo\u0161an\u0101, kas ir \u012bpa\u0161i svar\u012bgi piena lopkop\u012bbas lopkop\u012bbai un lopkop\u012bbai. \u0160\u0101da veida sk\u0101bbar\u012bba nodro\u0161ina augstas kvalit\u0101tes bar\u012bbu, un p\u0101rnesumk\u0101rba garant\u0113 vienm\u0113r\u012bgu un nep\u0101rtrauktu t\u0101du z\u0101laugu k\u0101 timoti\u0146a, airenes vai \u0101boli\u0146a smalcin\u0101\u0161anu.<\/li>\n<\/ul>\n<p>5. <strong>Prec\u012bz\u0101 lauksaimniec\u012bba<\/strong><\/p>\n<ul>\n<li>M\u016bsdienu prec\u012bzaj\u0101 lauksaimniec\u012bb\u0101 sk\u0101bbar\u012bbas ma\u0161\u012bnas ar modern\u0101m p\u0101rnesumk\u0101rb\u0101m, piem\u0113ram, v\u0101cu Champion Four Disc (3500.\u00a0tips), tiek izmantotas kop\u0101 ar GPS un sensoru tehnolo\u0123ij\u0101m, lai optimiz\u0113tu ra\u017eas nov\u0101k\u0161anas procesu. P\u0101rnesumk\u0101rba nodro\u0161ina, ka ma\u0161\u012bna darbojas ar pareizo \u0101trumu un jaudu, lai tiktu gal\u0101 ar main\u012bgiem kult\u016braugu apst\u0101k\u013ciem, uzlabojot efektivit\u0101ti un samazinot degvielas pat\u0113ri\u0146u.<\/li>\n<\/ul>\n<p>Rezum\u0113jot, v\u0101cu Champion Four Disc (3500.\u00a0tips) sk\u0101bbar\u012bbas ma\u0161\u012bnas p\u0101rnesumk\u0101rbai ir b\u016btiska loma sk\u0101bbar\u012bbas ra\u017eo\u0161an\u0101, nodro\u0161inot efekt\u012bvu un vienm\u0113r\u012bgu kult\u016braugu apstr\u0101di. T\u0101 ir daudzpus\u012bga, uzticama un nepiecie\u0161ama da\u017e\u0101diem pielietojumiem m\u016bsdienu lauksaimniec\u012bb\u0101, jo \u012bpa\u0161i liela m\u0113roga sk\u0101bbar\u012bbas nov\u0101k\u0161an\u0101, lopbar\u012bbas apstr\u0101d\u0113 un prec\u012bzaj\u0101 lauksaimniec\u012bb\u0101.<\/p>\n<p><img loading=\"lazy\" decoding=\"async\" class=\"alignnone size-full wp-image-2971\" src=\"https:\/\/fmp-components.com\/wp-content\/uploads\/2025\/01\/Silage-Machine-Gearbox-EP-QZ-WRXL-for-German-Champion-Four-Disc-Type-3500.webp\" alt=\"Sk\u0101bbar\u012bbas-ma\u0161\u012bnas-reduktors-EP-QZ-WRXL-V\u0101cijas-\u010dempiona-\u010detru-disku-3500-tipa-s\u0113jma\u0161\u012bnai\" width=\"1024\" height=\"607\" title=\"\" srcset=\"https:\/\/fmp-components.com\/wp-content\/uploads\/2025\/01\/Silage-Machine-Gearbox-EP-QZ-WRXL-for-German-Champion-Four-Disc-Type-3500.webp 1024w, https:\/\/fmp-components.com\/wp-content\/uploads\/2025\/01\/Silage-Machine-Gearbox-EP-QZ-WRXL-for-German-Champion-Four-Disc-Type-3500-980x581.webp 980w, https:\/\/fmp-components.com\/wp-content\/uploads\/2025\/01\/Silage-Machine-Gearbox-EP-QZ-WRXL-for-German-Champion-Four-Disc-Type-3500-480x285.webp 480w\" sizes=\"(min-width: 0px) and (max-width: 480px) 480px, (min-width: 481px) and (max-width: 980px) 980px, (min-width: 981px) 1024px, 100vw\" \/><\/p>\n<h3>Par FMP<\/h3>\n<p>FMP galven\u0101 m\u012btne atrodas It\u0101lij\u0101, un tas ir vado\u0161ais ra\u017eot\u0101js, kas specializ\u0113jas augstas veiktsp\u0113jas p\u0101rnesumk\u0101rbu projekt\u0113\u0161an\u0101, izstr\u0101d\u0113 un ra\u017eo\u0161an\u0101, \u012bpa\u0161u uzsvaru liekot uz lauksaimniec\u012bbas tehnikas sektoru. FMP, kas ir paz\u012bstams ar savu prec\u012bzo in\u017eenieriju, inovat\u012bvajiem risin\u0101jumiem un nelok\u0101mo uzticam\u012bbu, ir izveidojis sp\u0113c\u012bgu reput\u0101ciju k\u0101 uzticams partneris gan lauksaimniec\u012bbas, gan r\u016bpniec\u012bbas sektor\u0101. M\u016bsu daudzveid\u012bgaj\u0101 produktu kl\u0101st\u0101 ietilpst z\u0101les p\u013c\u0101v\u0113ju p\u0101rnesumk\u0101rbas, j\u016bgv\u0101rpstas un da\u017e\u0101das citas svar\u012bgas sast\u0101vda\u013cas, kas visas ir izstr\u0101d\u0101tas, lai apmierin\u0101tu pla\u0161a pielietojuma kl\u0101sta \u012bpa\u0161\u0101s pras\u012bbas.<\/p>\n<p>Uz\u0146\u0113mum\u0101 FMP m\u0113s saprotam, ka katrs klients saskaras ar unik\u0101liem izaicin\u0101jumiem. T\u0101p\u0113c m\u0113s koncentr\u0113jamies uz piel\u0101gotu risin\u0101jumu nodro\u0161in\u0101\u0161anu, neatkar\u012bgi no t\u0101, vai tie ir paredz\u0113ti atsevi\u0161\u0137\u0101m komponent\u0113m vai piln\u012bb\u0101 integr\u0113t\u0101m sist\u0113m\u0101m. Cie\u0161i sadarbojoties ar m\u016bsu klientiem, m\u0113s nodro\u0161in\u0101m, ka katrs risin\u0101jums ne tikai atbilst vi\u0146u \u012bpa\u0161aj\u0101m vajadz\u012bb\u0101m, bet ar\u012b uzlabo veiktsp\u0113ju un sniedz maksim\u0101lu v\u0113rt\u012bbu. M\u016bsu ap\u0146em\u0161an\u0101s sniegt \u0101tru un profesion\u0101lu apkalpo\u0161anu apvienojum\u0101 ar ekspertu konsult\u0101cij\u0101m nodro\u0161ina, ka katrs piepras\u012bjums tiek apstr\u0101d\u0101ts prec\u012bzi un r\u016bp\u012bgi, t\u0101d\u0113j\u0101di sasniedzot vislab\u0101kos iesp\u0113jamos rezult\u0101tus.<\/p>\n<p>Atkl\u0101ta un nep\u0101rtraukta komunik\u0101cija ir m\u016bsu pieejas pamat\u0101. M\u016bsu \u012bpa\u0161i izveidot\u0101 komanda tie\u0161i sadarbojas ar klientiem vis\u0101 produktu izstr\u0101des cikl\u0101, lai piln\u012bb\u0101 izprastu vi\u0146u pras\u012bbas, sniedzot v\u0113rt\u012bgas atzi\u0146as un ieteikumus optim\u0101lu rezult\u0101tu nodro\u0161in\u0101\u0161anai. Neatkar\u012bgi no t\u0101, vai izstr\u0101d\u0101jam modernus produktus vai izpild\u0101m regul\u0101rus pas\u016bt\u012bjumus, FMP ir ap\u0146\u0113mies vienm\u0113r savlaic\u012bgi pieg\u0101d\u0101t augstas kvalit\u0101tes, prec\u012bzi konstru\u0113tus risin\u0101jumus. M\u016bsu misija ir p\u0101rsniegt klientu cer\u012bbas, past\u0101v\u012bgi nodro\u0161inot izcilu servisu un izcilus rezult\u0101tus katr\u0101 projekt\u0101.<\/p>\n<p>Kvalit\u0101te ir visa m\u016bsu darba st\u016brakmens. M\u0113s iev\u0113rojam augst\u0101kos ra\u017eo\u0161anas standartus un iev\u0113rojam stingras kvalit\u0101tes kontroles proced\u016bras, lai nodro\u0161in\u0101tu, ka katrs produkts atbilst un bie\u017ei vien p\u0101rsniedz nozares standartus. \u0160\u012b neatlaid\u012bg\u0101 tiek\u0161an\u0101s p\u0113c izcil\u012bbas, k\u0101 ar\u012b m\u016bsu pamatv\u0113rt\u012bbas \u2013 godpr\u0101t\u012bba, komandas darbs un neatlaid\u012bba \u2013 ir \u013c\u0101vusi mums veidot ilgtermi\u0146a, uz uztic\u012bbu balst\u012btas attiec\u012bbas ar klientiem gandr\u012bz 30 valst\u012bs vis\u0101 pasaul\u0113.<\/p>\n<p>FMP vienm\u0113r ir gatavs veidot un stiprin\u0101t glob\u0101las partner\u012bbas. M\u0113s esam ap\u0146\u0113mu\u0161ies pied\u0101v\u0101t profesion\u0101lu pal\u012bdz\u012bbu un piel\u0101gotus risin\u0101jumus, kas att\u012bst\u0101s l\u012bdzi m\u016bsu klientu vajadz\u012bb\u0101m. M\u0113s ne tikai pieg\u0101d\u0101jam produktus; m\u0113s koncentr\u0113jamies uz ilgsto\u0161u attiec\u012bbu veido\u0161anu, kas veicina katra projekta pan\u0101kumus. Neatkar\u012bgi no t\u0101, vai jums ir nepiecie\u0161ami inovat\u012bvi risin\u0101jumi jaunam uz\u0146\u0113mumam vai past\u0101v\u012bgs atbalsts eso\u0161ai sist\u0113mai, FMP ir \u0161eit, lai risin\u0101tu j\u016bsu tehnisk\u0101s probl\u0113mas un nodro\u0161in\u0101tu j\u016bsu turpm\u0101kos pan\u0101kumus.<\/p>\n<p><img loading=\"lazy\" decoding=\"async\" class=\"alignnone wp-image-2695\" src=\"https:\/\/fmp-components.com\/wp-content\/uploads\/2025\/01\/agricultural-gearbox3.webp\" alt=\"lauksaimniec\u012bbas p\u0101rnesumk\u0101rba\" width=\"953\" height=\"951\" title=\"\" srcset=\"https:\/\/fmp-components.com\/wp-content\/uploads\/2025\/01\/agricultural-gearbox3.webp 953w, https:\/\/fmp-components.com\/wp-content\/uploads\/2025\/01\/agricultural-gearbox3-480x479.webp 480w\" sizes=\"(min-width: 0px) and (max-width: 480px) 480px, (min-width: 481px) 953px, 100vw\" \/><\/p>\n<p>Autors: CX<\/p>","protected":false},"excerpt":{"rendered":"<p>Silage Machine Gearbox FMP-QZ-WRXL Dimensions Silage Machine Gearbox FMP-QZ-WRXL Technical Data Name Suitable Turn header series Toothing Feeding box silage machines left turn 3 series Gleason Helical Teeth Remark: If you have any special require feel free let me know, we also accept custom. Working Principle of Silage Machine Gearbox for German Champion Four Disc [&hellip;]<\/p>","protected":false},"featured_media":2969,"comment_status":"open","ping_status":"closed","template":"","meta":{"_et_pb_use_builder":"","_et_pb_old_content":"","_et_gb_content_width":""},"product_brand":[],"product_cat":[69],"product_tag":[],"class_list":{"0":"post-2791","1":"product","2":"type-product","3":"status-publish","4":"has-post-thumbnail","6":"product_cat-silage-machine-gearbox","8":"first","9":"instock","10":"shipping-taxable","11":"product-type-simple"},"_links":{"self":[{"href":"https:\/\/fmp-components.com\/lv\/wp-json\/wp\/v2\/product\/2791","targetHints":{"allow":["GET"]}}],"collection":[{"href":"https:\/\/fmp-components.com\/lv\/wp-json\/wp\/v2\/product"}],"about":[{"href":"https:\/\/fmp-components.com\/lv\/wp-json\/wp\/v2\/types\/product"}],"replies":[{"embeddable":true,"href":"https:\/\/fmp-components.com\/lv\/wp-json\/wp\/v2\/comments?post=2791"}],"wp:featuredmedia":[{"embeddable":true,"href":"https:\/\/fmp-components.com\/lv\/wp-json\/wp\/v2\/media\/2969"}],"wp:attachment":[{"href":"https:\/\/fmp-components.com\/lv\/wp-json\/wp\/v2\/media?parent=2791"}],"wp:term":[{"taxonomy":"product_brand","embeddable":true,"href":"https:\/\/fmp-components.com\/lv\/wp-json\/wp\/v2\/product_brand?post=2791"},{"taxonomy":"product_cat","embeddable":true,"href":"https:\/\/fmp-components.com\/lv\/wp-json\/wp\/v2\/product_cat?post=2791"},{"taxonomy":"product_tag","embeddable":true,"href":"https:\/\/fmp-components.com\/lv\/wp-json\/wp\/v2\/product_tag?post=2791"}],"curies":[{"name":"wp","href":"https:\/\/api.w.org\/{rel}","templated":true}]}}