{"id":2769,"date":"2025-01-04T05:22:33","date_gmt":"2025-01-04T05:22:33","guid":{"rendered":"https:\/\/fmp-components.com\/product\/high-quality-trailer-stainless-steel-hydraulic-cylinder-tractor-hydraulic-steering-cylinder\/"},"modified":"2025-03-18T01:44:26","modified_gmt":"2025-03-18T01:44:26","slug":"high-quality-trailer-stainless-steel-hydraulic-cylinder-tractor-hydraulic-steering-cylinder","status":"publish","type":"product","link":"https:\/\/fmp-components.com\/lv\/product\/high-quality-trailer-stainless-steel-hydraulic-cylinder-tractor-hydraulic-steering-cylinder\/","title":{"rendered":"Augstas kvalit\u0101tes piekabes ner\u016bs\u0113jo\u0161\u0101 t\u0113rauda hidrauliskais cilindrs traktora hidrauliskais st\u016bres cilindrs"},"content":{"rendered":"<h2>Augstas kvalit\u0101tes hidraulisk\u0101 cilindra gar\u0101 g\u0101jiena traktora hidrauliskais st\u016bres cilindrs<\/h2>\n<p>Iepaz\u012bstin\u0101m ar augstas kvalit\u0101tes hidraulisk\u0101 cilindra garo g\u0101jienu traktora hidraulisko st\u016bres cilindru \u2014 lab\u0101ko risin\u0101jumu efekt\u012bvai un uzticamai hidrauliskajai st\u016br\u0113\u0161anai traktoros.<\/p>\n<p>\u0160is hidrauliskais cilindrs, kas izstr\u0101d\u0101ts, dom\u0101jot par precizit\u0101ti un iztur\u012bbu, nodro\u0161ina izcilu veiktsp\u0113ju un optim\u0101lu vad\u012bbu. Pateicoties t\u0101 garajam g\u0101jienam, tas pied\u0101v\u0101 papla\u0161in\u0101tu kust\u012bbas diapazonu, padarot to piem\u0113rotu da\u017e\u0101diem traktoru pielietojumiem.<\/p>\n<p>Galven\u0101s iez\u012bmes:<\/p>\n<ul>\n<li><strong>Augsta kvalit\u0101te:<\/strong> Izgatavots, izmantojot augst\u0101k\u0101s kvalit\u0101tes materi\u0101lus un progres\u012bvas ra\u017eo\u0161anas metodes, nodro\u0161inot ilgsto\u0161u veiktsp\u0113ju un iztur\u012bbu pret nodilumu.<\/li>\n<li><strong>Efekt\u012bva hidraulisk\u0101 st\u016bres iek\u0101rta:<\/strong> Nodro\u0161ina vienm\u0113r\u012bgu un prec\u012bzu st\u016br\u0113\u0161anas vad\u012bbu, uzlabojot traktora manevr\u0113tsp\u0113ju un samazinot operatora nogurumu.<\/li>\n<li><strong>Gar\u0101 g\u0101jiena dizains:<\/strong> Nodro\u0161ina papla\u0161in\u0101tu kust\u012bbu diapazonu, \u013caujot to daudzpus\u012bgi izmantot da\u017e\u0101d\u0101s traktora oper\u0101cij\u0101s.<\/li>\n<li><strong>Uzticama veiktsp\u0113ja:<\/strong> Pateicoties t\u0101 iztur\u012bgajai konstrukcijai un prec\u012bzajai in\u017eenierijai, \u0161is hidrauliskais cilindrs nodro\u0161ina past\u0101v\u012bgu un uzticamu veiktsp\u0113ju pat sare\u017e\u0123\u012btos apst\u0101k\u013cos.<\/li>\n<\/ul>\n<p>Neatkar\u012bgi no t\u0101, vai esat profesion\u0101ls lauksaimnieks vai traktoru entuziasts, augstas kvalit\u0101tes hidraulisk\u0101 cilindra gar\u0101 g\u0101jiena traktora hidrauliskais st\u016bres cilindrs ir lieliska izv\u0113le traktora st\u016bres sist\u0113mas optimiz\u0113\u0161anai. Izbaudiet uzlabotu produktivit\u0101ti un \u0113rtu lieto\u0161anu ar \u0161o izcilo hidraulisko cilindru.<\/p>\n<p><img decoding=\"async\" src=\"https:\/\/hzpt.com\/wp-content\/uploads\/2023\/11\/agricultural-machinery-hydraulic-cylinder-1.webp\" alt=\"\" title=\"\"><\/p>\n<h2>Ievads hidrauliskajos cilindros<\/h2>\n<p>Hidrauliskie cilindri ir galven\u0101 sast\u0101vda\u013ca daudz\u0101s r\u016bpniecisk\u0101s lietojumprogramm\u0101s, tostarp mobilaj\u0101s tehnik\u0101. Tie nodro\u0161ina sp\u0113ku, kas nepiecie\u0161ams daudzu veidu kust\u012bb\u0101m tehnik\u0101, s\u0101kot no st\u016br\u0113\u0161anas l\u012bdz cel\u0161anai un noliek\u0161anai. Hidraulisko cilindru v\u0113sture aizs\u0101k\u0101s 18. gadsimt\u0101, un tie ir nep\u0101rtraukti uzlaboti un piel\u0101goti, lai apmierin\u0101tu main\u012bg\u0101s nozares vajadz\u012bbas.<\/p>\n<h3>Hidraulisko cilindru veidi<\/h3>\n<p>Ir vair\u0101ki hidraulisko cilindru veidi, tostarp hidrauliskie sl\u012bpuma cilindri, hidrauliskie st\u016bres cilindri un hidrauliskie pacel\u0161anas cilindri. Katram veidam ir savs \u012bpa\u0161s pielietojums un priek\u0161roc\u012bbas.<\/p>\n<h3>Pareiz\u0101 hidraulisk\u0101 cilindra izv\u0113le<\/h3>\n<p>Pareiza hidraulisk\u0101 cilindra izv\u0113le ietver vair\u0101kus faktorus. J\u0101\u0146em v\u0113r\u0101 cilindra konstrukcija, izm\u0113rs un \u0161\u0137idruma veids, ko tas izmantos. T\u0101di faktori k\u0101 urbuma izm\u0113rs, stie\u0146a izm\u0113rs un g\u0101jiena izm\u0113rs var iev\u0113rojami ietekm\u0113t hidraulisk\u0101 cilindra veiktsp\u0113ju.<\/p>\n<p><img decoding=\"async\" src=\"https:\/\/hzpt.com\/wp-content\/uploads\/2023\/11\/agricultural-machinery-hydraulic-cylinder-3.webp\" alt=\"\" title=\"\"><\/p>\n<h2>St\u016bres hidraulisk\u0101 cilindra pielietojums<\/h2>\n<p>St\u016bres hidrauliskie cilindri ir b\u016btiskas st\u016bres sist\u0113mu sast\u0101vda\u013cas da\u017e\u0101du veidu transportl\u012bdzek\u013cos. \u0160ie cilindri, kas paz\u012bstami ar\u012b k\u0101 st\u016bres izpildmeh\u0101nismi, pal\u012bdz p\u0101rveidot st\u016bres s\u016bk\u0146a \u0123ener\u0113to ener\u0123iju line\u0101r\u0101 kust\u012bb\u0101, ko var izmantot, lai manipul\u0113tu transportl\u012bdzek\u013ca rite\u0146u virzienu. \u0160eit ir da\u017ei no st\u016bres hidraulisko cilindru pielietojumiem:<\/p>\n<ol>\n<li>Smagie transportl\u012bdzek\u013ci:\n<p>St\u016bres hidrauliskos cilindrus parasti izmanto smag\u0101s automa\u0161\u012bn\u0101s, piem\u0113ram, kravas automa\u0161\u012bn\u0101s, autobusos un celtniec\u012bbas tehnik\u0101. \u0160iem transportl\u012bdzek\u013ciem st\u016br\u0113\u0161anai ir nepiecie\u0161ams liels sp\u0113ks, un hidrauliskais cilindrs var \u0123ener\u0113t nepiecie\u0161amo jaudu rite\u0146u pagrie\u0161anai pat tad, ja transportl\u012bdzeklis ir piekrauts ar svaru. Hidraulisk\u0101 sist\u0113ma ar\u012b \u013cauj prec\u012bz\u0101k kontrol\u0113t st\u016bres meh\u0101nismu, atvieglojot vad\u012bt\u0101jiem lielu, ne\u0113rtu transportl\u012bdzek\u013cu vad\u012b\u0161anu.<\/li>\n<li>Bezce\u013cu transportl\u012bdzek\u013ci:\n<p>Ar\u012b bezce\u013cu transportl\u012bdzek\u013ci, piem\u0113ram, kvadracikli, k\u0101pu bagiji un net\u012brumu motocikli, g\u016bst labumu no st\u016bres hidrauliskajiem cilindriem. \u0160ie transportl\u012bdzek\u013ci bie\u017ei darbojas nel\u012bdzen\u0101 reljef\u0101, kur parastie st\u016bres meh\u0101nismi var neb\u016bt efekt\u012bvi. Hidrauliskie cilindri var nodro\u0161in\u0101t nepiecie\u0161amo jaudu un precizit\u0101ti, lai st\u016br\u0113tu cauri \u0161\u0137\u0113r\u0161\u013ciem un saglab\u0101tu kontroli p\u0101r transportl\u012bdzekli.<\/li>\n<li>J\u016bras un kosmosa lietojumprogrammas:\n<p>St\u016bres hidrauliskie cilindri nav paredz\u0113ti tikai sauszemes transportl\u012bdzek\u013ciem. Tos izmanto ar\u012b j\u016bras lietojumos, piem\u0113ram, laiv\u0101s un ku\u0123os, k\u0101 ar\u012b kosmosa tehnolo\u0123ij\u0101s, piem\u0113ram, kosmosa ku\u0123os un lidma\u0161\u012bn\u0101s. \u0160ajos apst\u0101k\u013cos hidrauliskos cilindrus izmanto, lai manipul\u0113tu st\u016bres, spuru un citu vad\u012bbas virsmu virzienu, kas pal\u012bdz st\u016br\u0113t ku\u0123i vai lidma\u0161\u012bnu.<\/li>\n<li>R\u016bpniecisk\u0101s iek\u0101rtas:\n<p>Hidrauliskos cilindrus izmanto ar\u012b da\u017e\u0101dos r\u016bpnieciskos apst\u0101k\u013cos st\u016br\u0113\u0161anai un cit\u0101m vajadz\u012bb\u0101m. Piem\u0113ram, tos var izmantot celt\u0146u, iekr\u0101v\u0113ju vai citu smago ma\u0161\u012bnu st\u016br\u0113\u0161anai. \u0160ajos apst\u0101k\u013cos hidrauliskie cilindri var nodro\u0161in\u0101t nepiecie\u0161amo jaudu un precizit\u0101ti, lai manipul\u0113tu ar liel\u0101m krav\u0101m vai darbotos \u0161aur\u0101s telp\u0101s.<\/li>\n<li>Piel\u0101gotas lietojumprogrammas:\n<p>Papildus \u0161iem izplat\u012bt\u0101kajiem pielietojumiem st\u016bres hidrauliskos cilindrus var izmantot ar\u012b da\u017e\u0101dos piel\u0101gotos iestat\u012bjumos. Piem\u0113ram, tos var izmantot eksperiment\u0101los transportl\u012bdzek\u013cos vai prototipos, kuriem nepiecie\u0161ams unik\u0101ls st\u016bres meh\u0101nisms. Tos var izmantot ar\u012b m\u0101ksliniecisk\u0101s instal\u0101cij\u0101s vai kin\u0113tisk\u0101s skulpt\u016br\u0101s, kur\u0101m nepiecie\u0161ama prec\u012bza un kontrol\u0113ta kust\u012bba.<\/li>\n<\/ol>\n<p>K\u0101 redzat, st\u016bres hidrauliskajiem cilindriem ir pla\u0161s pielietojumu kl\u0101sts da\u017e\u0101d\u0101s nozar\u0113s un vid\u0113s. Neatkar\u012bgi no t\u0101, vai tos izmanto smagajos transportl\u012bdzek\u013cos, bezce\u013cu transportl\u012bdzek\u013cos, j\u016bras un kosmosa lietojumos, r\u016bpnieciskaj\u0101s iek\u0101rt\u0101s vai piel\u0101gotos pielietojumos, \u0161ie cilindri nodro\u0161ina nepiecie\u0161amo jaudu, precizit\u0101ti un kontroli efekt\u012bvai st\u016br\u0113\u0161anai.<\/p>\n<h2>Par FMP<\/h2>\n<p>FMP ir vado\u0161ais augstas kvalit\u0101tes hidraulisko cilindru, cilindru komplektu un celtniec\u012bbas tehnikas komponentu ra\u017eot\u0101js un izplat\u012bt\u0101js. Ar daudzu gadu pieredzi nozar\u0113 un profesion\u0101lu komandu m\u0113s esam ap\u0146\u0113mu\u0161ies nodro\u0161in\u0101t m\u016bsu klientiem uzticamus un efekt\u012bvus risin\u0101jumus vi\u0146u celtniec\u012bbas tehnikas vajadz\u012bb\u0101m.<\/p>\n<p>\u0160eit ir pieci iemesli, k\u0101p\u0113c jums vajadz\u0113tu izv\u0113l\u0113ties FMP:<\/p>\n<ol>\n<li><strong>Augstas kvalit\u0101tes hidrauliskie cilindri:<\/strong> M\u016bsu hidraulisko cilindru ra\u017eo\u0161an\u0101 m\u0113s izmantojam prec\u012bzu in\u017eenieriju. M\u016bsu stingr\u0101 ap\u0146em\u0161an\u0101s nodro\u0161in\u0101t kvalit\u0101ti nodro\u0161ina, ka m\u0113s izmantojam tikai augst\u0101k\u0101s kvalit\u0101tes izejvielas un veicam stingras gatav\u0101s produkcijas kvalit\u0101tes p\u0101rbaudes, lai nodro\u0161in\u0101tu, ka t\u0101 atbilst nozares standartiem un p\u0101rsniedz tos.<\/li>\n<li><strong>Pla\u0161s produktu kl\u0101sts:<\/strong> M\u016bsu produktu kl\u0101sts aptver visu veidu celtniec\u012bbas tehniku \u200b\u200bun piederumus. M\u0113s pied\u0101v\u0101jam da\u017e\u0101dus hidrauliskos cilindrus, p\u0101rnesumk\u0101rbas, \u0137\u0113des, zobratus, dzin\u0113ja piederumus, hidraulisko sist\u0113mu komponentus, \u0161asijas piederumus un elektrisk\u0101s sist\u0113mas piederumus.<\/li>\n<li><strong>Izveidotas partner\u012bbas:<\/strong> Esam izveidoju\u0161i ilgtermi\u0146a un stabilas partnerattiec\u012bbas ar daudziem augstas kvalit\u0101tes viet\u0113jiem un \u0101rvalstu pieg\u0101d\u0101t\u0101jiem. Tas nodro\u0161ina, ka visi pieg\u0101d\u0101tie aksesu\u0101ri atbilst m\u016bsu stingrajiem kvalit\u0101tes standartiem.<\/li>\n<li><strong>Pieredz\u0113jusi p\u0101rdo\u0161anas komanda:<\/strong> M\u016bsu p\u0101rdo\u0161anas komandai ir daudzu gadu pieredze un zin\u0101\u0161anas celtniec\u012bbas tehnikas nozar\u0113. Vi\u0146i var sniegt profesion\u0101las konsult\u0101cijas par produktiem un p\u0101rdom\u0101tus pirk\u0161anas padomus, lai pal\u012bdz\u0113tu jums pie\u0146emt p\u0101rdom\u0101tus l\u0113mumus.<\/li>\n<li><strong>Efekt\u012bva lo\u0123istikas izplat\u012b\u0161anas sist\u0113ma:<\/strong> Mums ir efekt\u012bva lo\u0123istikas izplat\u012b\u0161anas sist\u0113ma, lai nodro\u0161in\u0101tu, ka m\u016bsu klienti savlaic\u012bgi un prec\u012bzi sa\u0146em nepiecie\u0161am\u0101s deta\u013cas.<\/li>\n<\/ol>\n<p><img decoding=\"async\" src=\"https:\/\/fmp-components.com\/wp-content\/uploads\/2025\/01\/Dump-Truck-Trailer-Hydraulic-Cylinder-product-3-3.webp\" alt=\"Hidrauliskais cilindrs\" width=\"800\" title=\"\"><\/p>\n<p>Uz\u0146\u0113mum\u0101 FMP m\u0113s esam ap\u0146\u0113mu\u0161ies nodro\u0161in\u0101t saviem klientiem augstas kvalit\u0101tes un uzticamus celtniec\u012bbas tehnikas piederumus un piln\u012bgus ma\u0161\u012bnu risin\u0101jumus. Ar m\u016bsu modernaj\u0101m r\u016bpn\u012bcas iek\u0101rt\u0101m, CNC darbgaldiem, datoriz\u0113tu projekt\u0113\u0161anu, kvalific\u0113tiem darbiniekiem, hidraulisko sist\u0113mu ekspertiem, cilindru mont\u0113t\u0101jiem un izplat\u012bt\u0101jiem m\u0113s esam v\u0113lamais partneris, kas apmierin\u0101s j\u016bsu vajadz\u012bbas p\u0113c hidrauliskajiem cilindriem, cilindru komplektiem un komponentiem.<\/p>\n<p>Autors: CX<\/p>","protected":false},"excerpt":{"rendered":"<p>High Quality Hydraulic Ram Cylinder Long Stroke Tractor Hydraulic Steering Cylinder Introducing the High Quality Hydraulic Ram Cylinder Long Stroke Tractor Hydraulic Steering Cylinder, the ultimate solution for efficient and reliable hydraulic steering in tractors. Designed with precision and durability in mind, this hydraulic cylinder provides superior performance and optimal control. With its long stroke [&hellip;]<\/p>","protected":false},"featured_media":2770,"comment_status":"closed","ping_status":"closed","template":"","meta":{"_et_pb_use_builder":"","_et_pb_old_content":"","_et_gb_content_width":""},"product_brand":[],"product_cat":[67],"product_tag":[34,70],"class_list":{"0":"post-2769","1":"product","2":"type-product","3":"status-publish","4":"has-post-thumbnail","6":"product_cat-steering-hydraulic-cylinder","7":"product_tag-hydraulic-cylinder","8":"product_tag-steering-hydraulic-cylinder","10":"first","11":"instock","12":"product-type-simple"},"_links":{"self":[{"href":"https:\/\/fmp-components.com\/lv\/wp-json\/wp\/v2\/product\/2769","targetHints":{"allow":["GET"]}}],"collection":[{"href":"https:\/\/fmp-components.com\/lv\/wp-json\/wp\/v2\/product"}],"about":[{"href":"https:\/\/fmp-components.com\/lv\/wp-json\/wp\/v2\/types\/product"}],"replies":[{"embeddable":true,"href":"https:\/\/fmp-components.com\/lv\/wp-json\/wp\/v2\/comments?post=2769"}],"wp:featuredmedia":[{"embeddable":true,"href":"https:\/\/fmp-components.com\/lv\/wp-json\/wp\/v2\/media\/2770"}],"wp:attachment":[{"href":"https:\/\/fmp-components.com\/lv\/wp-json\/wp\/v2\/media?parent=2769"}],"wp:term":[{"taxonomy":"product_brand","embeddable":true,"href":"https:\/\/fmp-components.com\/lv\/wp-json\/wp\/v2\/product_brand?post=2769"},{"taxonomy":"product_cat","embeddable":true,"href":"https:\/\/fmp-components.com\/lv\/wp-json\/wp\/v2\/product_cat?post=2769"},{"taxonomy":"product_tag","embeddable":true,"href":"https:\/\/fmp-components.com\/lv\/wp-json\/wp\/v2\/product_tag?post=2769"}],"curies":[{"name":"wp","href":"https:\/\/api.w.org\/{rel}","templated":true}]}}