{"id":2761,"date":"2025-01-04T05:22:33","date_gmt":"2025-01-04T05:22:33","guid":{"rendered":"https:\/\/fmp-components.com\/product\/professional-long-stroke-tractor-hydraulic-steering-cylinder-hydraulic-ram-cylinder\/"},"modified":"2025-03-18T01:34:16","modified_gmt":"2025-03-18T01:34:16","slug":"professional-long-stroke-tractor-hydraulic-steering-cylinder-hydraulic-ram-cylinder","status":"publish","type":"product","link":"https:\/\/fmp-components.com\/lv\/product\/professional-long-stroke-tractor-hydraulic-steering-cylinder-hydraulic-ram-cylinder\/","title":{"rendered":"Profesion\u0101ls traktora hidrauliskais st\u016bres cilindrs ar garu g\u0101jienu Hidrauliskais cilindrs"},"content":{"rendered":"<h2>Produkta apraksts:<\/h2>\n<p>Karst\u0101s p\u0101rdo\u0161anas 10 tonnu st\u016bres pastiprin\u0101t\u0101ja cilindra traktora hidrauliskais cilindrs ir augstas kvalit\u0101tes hidrauliskais cilindrs, kas \u012bpa\u0161i paredz\u0113ts lieto\u0161anai traktoros. Tas ir izgatavots no augst\u0101k\u0101s kvalit\u0101tes materi\u0101liem, kas nodro\u0161ina iztur\u012bbu un ilgm\u016b\u017e\u012bbu pat vissmag\u0101kajos apst\u0101k\u013cos.<\/p>\n<p>Ar maksim\u0101lo celtsp\u0113ju 10 tonnas \u0161is hidrauliskais cilindrs sp\u0113j nodro\u0161in\u0101t jaudu un precizit\u0101ti, kas nepiecie\u0161ama da\u017e\u0101du uzdevumu veik\u0161anai. Tas ir apr\u012bkots ar\u012b ar st\u016bres pastiprin\u0101t\u0101ja iesp\u0113j\u0101m, kas traktora vad\u012bt\u0101jam nodro\u0161ina v\u0113l liel\u0101ku manevr\u0113tsp\u0113ju un kontroli.<\/p>\n<p>Neatkar\u012bgi no t\u0101, vai str\u0101d\u0101jat lauk\u0101 vai saimniec\u012bb\u0101, karst\u0101s p\u0101rdo\u0161anas 10 tonnu st\u016bres pastiprin\u0101t\u0101ja cilindra traktora hidrauliskais cilindrs ir ide\u0101ls papildin\u0101jums j\u016bsu apr\u012bkojumam. Ar t\u0101 uzticamo veiktsp\u0113ju un lieto\u0161anas \u0113rtumu tas noteikti uzlabos j\u016bsu produktivit\u0101ti un efektivit\u0101ti.<\/p>\n<p><img decoding=\"async\" src=\"https:\/\/hzpt.com\/wp-content\/uploads\/2023\/11\/agricultural-machinery-hydraulic-cylinder-5.webp\" alt=\"\" title=\"\"><\/p>\n<h2>Ievads hidrauliskaj\u0101 cilindr\u0101<\/h2>\n<p>Hidrauliskie cilindri ir b\u016btiska sast\u0101vda\u013ca daudzos ma\u0161\u012bnu veidos. Tie izmanto hidraulisko \u0161\u0137idrumu sp\u0113ka \u0123ener\u0113\u0161anai, padarot tos par jaud\u012bgu un efekt\u012bvu risin\u0101jumu pla\u0161am pielietojumu kl\u0101stam.<\/p>\n<h3>V\u0113sture<\/h3>\n<p>Pirmie hidrauliskie cilindri tika izstr\u0101d\u0101ti 18. gadsimt\u0101. Kop\u0161 t\u0101 laika tie ir tiku\u0161i pilnveidoti un pilnveidoti, radot augstas veiktsp\u0113jas mode\u013cus, k\u0101dus m\u0113s redzam m\u016bsdien\u0101s.<\/p>\n<h3>Klasifik\u0101cija<\/h3>\n<p>Hidrauliskos cilindrus var klasific\u0113t p\u0113c to funkcijas, piem\u0113ram, st\u016bres cilindri, pacel\u0161anas cilindri un sl\u012bpuma cilindri. Tos var iedal\u012bt ar\u012b p\u0113c to konstrukcijas, piem\u0113ram, virzu\u013ccilindri.<\/p>\n<h3>Priek\u0161roc\u012bbas<\/h3>\n<p>Hidrauliskajiem cilindriem ir daudz priek\u0161roc\u012bbu. Tie ir jaud\u012bgi, efekt\u012bvi un uzticami. Tie sp\u0113j darboties ar\u012b augsta spiediena apst\u0101k\u013cos, padarot tos piem\u0113rotus lieljaudas lietojumiem.<\/p>\n<h3>Uzst\u0101d\u012b\u0161ana, remonts un apkope<\/h3>\n<p>Hidrauliskos cilindrus ir viegli uzst\u0101d\u012bt un uztur\u0113t. Remontu bie\u017ei vien var veikt, neno\u0146emot cilindru no ma\u0161\u012bnas, t\u0101d\u0113j\u0101di samazinot d\u012bkst\u0101ves laiku un palielinot produktivit\u0101ti.<\/p>\n<h2>Pareiz\u0101 hidraulisk\u0101 cilindra izv\u0113le<\/h2>\n<p>Izv\u0113loties hidraulisko cilindru, ir svar\u012bgi \u0146emt v\u0113r\u0101 cilindra izm\u0113ru, jaudu un tipu. Jums j\u0101\u0146em v\u0113r\u0101 ar\u012b apst\u0101k\u013ci, k\u0101dos tas tiks izmantots, un ma\u0161\u012bnas tips, uz kura tas tiks uzst\u0101d\u012bts.<\/p>\n<h2>St\u016bres hidraulisk\u0101 cilindra pielietojums<\/h2>\n<p>St\u016bres hidrauliskie cilindri ir b\u016btiskas st\u016bres sist\u0113mu sast\u0101vda\u013cas da\u017e\u0101du veidu transportl\u012bdzek\u013cos. \u0160ie cilindri, kas paz\u012bstami ar\u012b k\u0101 st\u016bres izpildmeh\u0101nismi, pal\u012bdz p\u0101rveidot st\u016bres s\u016bk\u0146a \u0123ener\u0113to ener\u0123iju line\u0101r\u0101 kust\u012bb\u0101, ko var izmantot, lai manipul\u0113tu transportl\u012bdzek\u013ca rite\u0146u virzienu. \u0160eit ir da\u017ei no st\u016bres hidraulisko cilindru pielietojumiem:<\/p>\n<ol>\n<li>Smagie transportl\u012bdzek\u013ci:\n<p>St\u016bres hidrauliskos cilindrus parasti izmanto smag\u0101s automa\u0161\u012bn\u0101s, piem\u0113ram, kravas automa\u0161\u012bn\u0101s, autobusos un celtniec\u012bbas tehnik\u0101. \u0160iem transportl\u012bdzek\u013ciem st\u016br\u0113\u0161anai ir nepiecie\u0161ams liels sp\u0113ks, un hidrauliskais cilindrs var \u0123ener\u0113t nepiecie\u0161amo jaudu rite\u0146u pagrie\u0161anai pat tad, ja transportl\u012bdzeklis ir piekrauts ar svaru. Hidraulisk\u0101 sist\u0113ma ar\u012b \u013cauj prec\u012bz\u0101k kontrol\u0113t st\u016bres meh\u0101nismu, atvieglojot vad\u012bt\u0101jiem lielu, ne\u0113rtu transportl\u012bdzek\u013cu vad\u012b\u0161anu.<\/li>\n<li>Bezce\u013cu transportl\u012bdzek\u013ci:\n<p>Ar\u012b bezce\u013cu transportl\u012bdzek\u013ci, piem\u0113ram, kvadracikli, k\u0101pu bagiji un net\u012brumu motocikli, g\u016bst labumu no st\u016bres hidrauliskajiem cilindriem. \u0160ie transportl\u012bdzek\u013ci bie\u017ei darbojas nel\u012bdzen\u0101 reljef\u0101, kur parastie st\u016bres meh\u0101nismi var neb\u016bt efekt\u012bvi. Hidrauliskie cilindri var nodro\u0161in\u0101t nepiecie\u0161amo jaudu un precizit\u0101ti, lai st\u016br\u0113tu cauri \u0161\u0137\u0113r\u0161\u013ciem un saglab\u0101tu kontroli p\u0101r transportl\u012bdzekli.<\/li>\n<li>J\u016bras un kosmosa lietojumprogrammas:\n<p>St\u016bres hidrauliskie cilindri nav paredz\u0113ti tikai sauszemes transportl\u012bdzek\u013ciem. Tos izmanto ar\u012b j\u016bras lietojumos, piem\u0113ram, laiv\u0101s un ku\u0123os, k\u0101 ar\u012b kosmosa tehnolo\u0123ij\u0101s, piem\u0113ram, kosmosa ku\u0123os un lidma\u0161\u012bn\u0101s. \u0160ajos apst\u0101k\u013cos hidrauliskos cilindrus izmanto, lai manipul\u0113tu st\u016bres, spuru un citu vad\u012bbas virsmu virzienu, kas pal\u012bdz st\u016br\u0113t ku\u0123i vai lidma\u0161\u012bnu.<\/li>\n<li>R\u016bpniecisk\u0101s iek\u0101rtas:\n<p>Hidrauliskos cilindrus izmanto ar\u012b da\u017e\u0101dos r\u016bpnieciskos apst\u0101k\u013cos st\u016br\u0113\u0161anai un cit\u0101m vajadz\u012bb\u0101m. Piem\u0113ram, tos var izmantot celt\u0146u, iekr\u0101v\u0113ju vai citu smago ma\u0161\u012bnu st\u016br\u0113\u0161anai. \u0160ajos apst\u0101k\u013cos hidrauliskie cilindri var nodro\u0161in\u0101t nepiecie\u0161amo jaudu un precizit\u0101ti, lai manipul\u0113tu ar liel\u0101m krav\u0101m vai darbotos \u0161aur\u0101s telp\u0101s.<\/li>\n<li>Piel\u0101gotas lietojumprogrammas:\n<p>Papildus \u0161iem izplat\u012bt\u0101kajiem pielietojumiem st\u016bres hidrauliskos cilindrus var izmantot ar\u012b da\u017e\u0101dos piel\u0101gotos iestat\u012bjumos. Piem\u0113ram, tos var izmantot eksperiment\u0101los transportl\u012bdzek\u013cos vai prototipos, kuriem nepiecie\u0161ams unik\u0101ls st\u016bres meh\u0101nisms. Tos var izmantot ar\u012b m\u0101ksliniecisk\u0101s instal\u0101cij\u0101s vai kin\u0113tisk\u0101s skulpt\u016br\u0101s, kur\u0101m nepiecie\u0161ama prec\u012bza un kontrol\u0113ta kust\u012bba.<\/li>\n<\/ol>\n<p>K\u0101 redzat, st\u016bres hidrauliskajiem cilindriem ir pla\u0161s pielietojumu kl\u0101sts da\u017e\u0101d\u0101s nozar\u0113s un vid\u0113s. Neatkar\u012bgi no t\u0101, vai tos izmanto smagajos transportl\u012bdzek\u013cos, bezce\u013cu transportl\u012bdzek\u013cos, j\u016bras un kosmosa lietojumos, r\u016bpnieciskaj\u0101s iek\u0101rt\u0101s vai piel\u0101gotos pielietojumos, \u0161ie cilindri nodro\u0161ina nepiecie\u0161amo jaudu, precizit\u0101ti un kontroli efekt\u012bvai st\u016br\u0113\u0161anai.<\/p>\n<h2>Par FMP<\/h2>\n<p>FMP ir vado\u0161ais augstas kvalit\u0101tes hidraulisko cilindru, cilindru komplektu un celtniec\u012bbas tehnikas komponentu ra\u017eot\u0101js un izplat\u012bt\u0101js. Ar daudzu gadu pieredzi nozar\u0113 un profesion\u0101lu komandu m\u0113s esam ap\u0146\u0113mu\u0161ies nodro\u0161in\u0101t m\u016bsu klientiem uzticamus un efekt\u012bvus risin\u0101jumus vi\u0146u celtniec\u012bbas tehnikas vajadz\u012bb\u0101m.<\/p>\n<p>\u0160eit ir pieci iemesli, k\u0101p\u0113c jums vajadz\u0113tu izv\u0113l\u0113ties FMP:<\/p>\n<ol>\n<li><strong>Augstas kvalit\u0101tes hidrauliskie cilindri:<\/strong> M\u016bsu hidraulisko cilindru ra\u017eo\u0161an\u0101 m\u0113s izmantojam prec\u012bzu in\u017eenieriju. M\u016bsu stingr\u0101 ap\u0146em\u0161an\u0101s nodro\u0161in\u0101t kvalit\u0101ti nodro\u0161ina, ka m\u0113s izmantojam tikai augst\u0101k\u0101s kvalit\u0101tes izejvielas un veicam stingras gatav\u0101s produkcijas kvalit\u0101tes p\u0101rbaudes, lai nodro\u0161in\u0101tu, ka t\u0101 atbilst nozares standartiem un p\u0101rsniedz tos.<\/li>\n<li><strong>Pla\u0161s produktu kl\u0101sts:<\/strong> M\u016bsu produktu kl\u0101sts aptver visu veidu celtniec\u012bbas tehniku \u200b\u200bun piederumus. M\u0113s pied\u0101v\u0101jam da\u017e\u0101dus hidrauliskos cilindrus, p\u0101rnesumk\u0101rbas, \u0137\u0113des, zobratus, dzin\u0113ja piederumus, hidraulisko sist\u0113mu komponentus, \u0161asijas piederumus un elektrisk\u0101s sist\u0113mas piederumus.<\/li>\n<li><strong>Izveidotas partner\u012bbas:<\/strong> Esam izveidoju\u0161i ilgtermi\u0146a un stabilas partnerattiec\u012bbas ar daudziem augstas kvalit\u0101tes viet\u0113jiem un \u0101rvalstu pieg\u0101d\u0101t\u0101jiem. Tas nodro\u0161ina, ka visi pieg\u0101d\u0101tie aksesu\u0101ri atbilst m\u016bsu stingrajiem kvalit\u0101tes standartiem.<\/li>\n<li><strong>Pieredz\u0113jusi p\u0101rdo\u0161anas komanda:<\/strong> M\u016bsu p\u0101rdo\u0161anas komandai ir daudzu gadu pieredze un zin\u0101\u0161anas celtniec\u012bbas tehnikas nozar\u0113. Vi\u0146i var sniegt profesion\u0101las konsult\u0101cijas par produktiem un p\u0101rdom\u0101tus pirk\u0161anas padomus, lai pal\u012bdz\u0113tu jums pie\u0146emt p\u0101rdom\u0101tus l\u0113mumus.<\/li>\n<li><strong>Efekt\u012bva lo\u0123istikas izplat\u012b\u0161anas sist\u0113ma:<\/strong> Mums ir efekt\u012bva lo\u0123istikas izplat\u012b\u0161anas sist\u0113ma, lai nodro\u0161in\u0101tu, ka m\u016bsu klienti savlaic\u012bgi un prec\u012bzi sa\u0146em nepiecie\u0161am\u0101s deta\u013cas.<\/li>\n<\/ol>\n<p><img decoding=\"async\" src=\"https:\/\/fmp-components.com\/wp-content\/uploads\/2025\/01\/Dump-Truck-Trailer-Hydraulic-Cylinder-product-3-3.webp\" alt=\"Hidrauliskais cilindrs\" width=\"800\" title=\"\"><\/p>\n<p>Uz\u0146\u0113mum\u0101 FMP m\u0113s esam ap\u0146\u0113mu\u0161ies nodro\u0161in\u0101t saviem klientiem augstas kvalit\u0101tes un uzticamus celtniec\u012bbas tehnikas piederumus un piln\u012bgus ma\u0161\u012bnu risin\u0101jumus. Ar m\u016bsu modernaj\u0101m r\u016bpn\u012bcas iek\u0101rt\u0101m, CNC darbgaldiem, datoriz\u0113tu projekt\u0113\u0161anu, kvalific\u0113tiem darbiniekiem, hidraulisko sist\u0113mu ekspertiem, cilindru mont\u0113t\u0101jiem un izplat\u012bt\u0101jiem m\u0113s esam v\u0113lamais partneris, kas apmierin\u0101s j\u016bsu vajadz\u012bbas p\u0113c hidrauliskajiem cilindriem, cilindru komplektiem un komponentiem.<\/p>\n<p>Autors: CX<\/p>","protected":false},"excerpt":{"rendered":"<p>Product Description: The Hot Sale 10 Ton Power Steering Cylinder Tractor Hydraulic Cylinder is a high-quality hydraulic cylinder that is designed specifically for use in tractors. It is made from premium materials that ensure durability and longevity, even in the toughest conditions. With a maximum capacity of 10 tons, this hydraulic cylinder is capable of [&hellip;]<\/p>","protected":false},"featured_media":2762,"comment_status":"closed","ping_status":"closed","template":"","meta":{"_et_pb_use_builder":"","_et_pb_old_content":"","_et_gb_content_width":""},"product_brand":[],"product_cat":[67],"product_tag":[34,70],"class_list":{"0":"post-2761","1":"product","2":"type-product","3":"status-publish","4":"has-post-thumbnail","6":"product_cat-steering-hydraulic-cylinder","7":"product_tag-hydraulic-cylinder","8":"product_tag-steering-hydraulic-cylinder","10":"first","11":"instock","12":"product-type-simple"},"_links":{"self":[{"href":"https:\/\/fmp-components.com\/lv\/wp-json\/wp\/v2\/product\/2761","targetHints":{"allow":["GET"]}}],"collection":[{"href":"https:\/\/fmp-components.com\/lv\/wp-json\/wp\/v2\/product"}],"about":[{"href":"https:\/\/fmp-components.com\/lv\/wp-json\/wp\/v2\/types\/product"}],"replies":[{"embeddable":true,"href":"https:\/\/fmp-components.com\/lv\/wp-json\/wp\/v2\/comments?post=2761"}],"wp:featuredmedia":[{"embeddable":true,"href":"https:\/\/fmp-components.com\/lv\/wp-json\/wp\/v2\/media\/2762"}],"wp:attachment":[{"href":"https:\/\/fmp-components.com\/lv\/wp-json\/wp\/v2\/media?parent=2761"}],"wp:term":[{"taxonomy":"product_brand","embeddable":true,"href":"https:\/\/fmp-components.com\/lv\/wp-json\/wp\/v2\/product_brand?post=2761"},{"taxonomy":"product_cat","embeddable":true,"href":"https:\/\/fmp-components.com\/lv\/wp-json\/wp\/v2\/product_cat?post=2761"},{"taxonomy":"product_tag","embeddable":true,"href":"https:\/\/fmp-components.com\/lv\/wp-json\/wp\/v2\/product_tag?post=2761"}],"curies":[{"name":"wp","href":"https:\/\/api.w.org\/{rel}","templated":true}]}}