{"id":2751,"date":"2025-01-04T05:11:17","date_gmt":"2025-01-04T05:11:17","guid":{"rendered":"https:\/\/fmp-components.com\/?page_id=8"},"modified":"2025-01-04T05:11:18","modified_gmt":"2025-01-04T05:11:18","slug":"grader-driven-rake-gearbox-ep-dx300-2-for-powered-harrow","status":"publish","type":"product","link":"https:\/\/fmp-components.com\/lv\/product\/grader-driven-rake-gearbox-ep-dx300-2-for-powered-harrow\/","title":{"rendered":"Greidera piedzi\u0146as gr\u0101bek\u013ca p\u0101rnesumk\u0101rba EP-DX300-2 motoriz\u0113t\u0101m ec\u0113\u0161\u0101m"},"content":{"rendered":"<h2><img loading=\"lazy\" decoding=\"async\" class=\"size-full wp-image-2756 aligncenter\" src=\"https:\/\/fmp-components.com\/wp-content\/uploads\/2025\/01\/Grader-Driven-Rake-Gearbox-EP-DX300-2-Features1.webp\" alt=\"Greidera piedzi\u0146as gr\u0101bek\u013ca p\u0101rnesumk\u0101rba EP-DX300-2 funkcijas (1)\" width=\"1024\" height=\"828\" title=\"\" srcset=\"https:\/\/fmp-components.com\/wp-content\/uploads\/2025\/01\/Grader-Driven-Rake-Gearbox-EP-DX300-2-Features1.webp 1024w, https:\/\/fmp-components.com\/wp-content\/uploads\/2025\/01\/Grader-Driven-Rake-Gearbox-EP-DX300-2-Features1-980x792.webp 980w, https:\/\/fmp-components.com\/wp-content\/uploads\/2025\/01\/Grader-Driven-Rake-Gearbox-EP-DX300-2-Features1-480x388.webp 480w\" sizes=\"(min-width: 0px) and (max-width: 480px) 480px, (min-width: 481px) and (max-width: 980px) 980px, (min-width: 981px) 1024px, 100vw\" \/><\/h2>\n<h2>Greidera piedzi\u0146as gr\u0101bek\u013ca p\u0101rnesumk\u0101rbas FMP-DX300-2 izm\u0113ri\u00a0<img loading=\"lazy\" decoding=\"async\" class=\"alignnone size-full wp-image-2752\" src=\"https:\/\/fmp-components.com\/wp-content\/uploads\/2025\/01\/Grader-Driven-Rake-Gearbox-EP-DX300-2-Dimensions.webp\" alt=\"Greidera piedzi\u0146as gr\u0101bek\u013ca p\u0101rnesumk\u0101rba EP-DX300-2 izm\u0113ri\" width=\"1137\" height=\"785\" title=\"\" srcset=\"https:\/\/fmp-components.com\/wp-content\/uploads\/2025\/01\/Grader-Driven-Rake-Gearbox-EP-DX300-2-Dimensions.webp 1137w, https:\/\/fmp-components.com\/wp-content\/uploads\/2025\/01\/Grader-Driven-Rake-Gearbox-EP-DX300-2-Dimensions-980x677.webp 980w, https:\/\/fmp-components.com\/wp-content\/uploads\/2025\/01\/Grader-Driven-Rake-Gearbox-EP-DX300-2-Dimensions-480x331.webp 480w\" sizes=\"(min-width: 0px) and (max-width: 480px) 480px, (min-width: 481px) and (max-width: 980px) 980px, (min-width: 981px) 1137px, 100vw\" \/> Greidera piedzi\u0146as gr\u0101bek\u013ca p\u0101rnesumk\u0101rba FMP-DX300-2 pagrieziens<\/h2>\n<h2><img loading=\"lazy\" decoding=\"async\" class=\"alignnone size-full wp-image-2753\" src=\"https:\/\/fmp-components.com\/wp-content\/uploads\/2025\/01\/32LBLUCr-Grader-Driven-Rake-Gearbox-EP-DX300-2-Turn.webp\" alt=\"32LBLUCr-Greidera piedzi\u0146as gr\u0101bek\u013ca p\u0101rnesumk\u0101rba-EP-DX300-2-pagriezienu\" width=\"1303\" height=\"347\" title=\"\" srcset=\"https:\/\/fmp-components.com\/wp-content\/uploads\/2025\/01\/32LBLUCr-Grader-Driven-Rake-Gearbox-EP-DX300-2-Turn.webp 1303w, https:\/\/fmp-components.com\/wp-content\/uploads\/2025\/01\/32LBLUCr-Grader-Driven-Rake-Gearbox-EP-DX300-2-Turn-1280x341.webp 1280w, https:\/\/fmp-components.com\/wp-content\/uploads\/2025\/01\/32LBLUCr-Grader-Driven-Rake-Gearbox-EP-DX300-2-Turn-980x261.webp 980w, https:\/\/fmp-components.com\/wp-content\/uploads\/2025\/01\/32LBLUCr-Grader-Driven-Rake-Gearbox-EP-DX300-2-Turn-480x128.webp 480w\" sizes=\"(min-width: 0px) and (max-width: 480px) 480px, (min-width: 481px) and (max-width: 980px) 980px, (min-width: 981px) and (max-width: 1280px) 1280px, (min-width: 1281px) 1303px, 100vw\" \/><\/h2>\n<h2>Greidera piedzi\u0146as gr\u0101bek\u013ca p\u0101rnesumk\u0101rba FMP-DX300-2 tehniskie dati<\/h2>\n<table style=\"width: 101.518%; height: 166px;\" border=\"1\" cellspacing=\"0\" cellpadding=\"0\">\n<tbody>\n<tr>\n<td colspan=\"2\" rowspan=\"2\">es<\/td>\n<td rowspan=\"2\">Piem\u0113rots<\/td>\n<td>Apgriezienu skaita ievade<\/td>\n<td>Apgriezienu skaita izeja<\/td>\n<td>kW (nomin\u0101l\u0101)<\/td>\n<td>kW (maks.)<\/td>\n<td rowspan=\"2\">Zobu veido\u0161an\u0101s<\/td>\n<\/tr>\n<tr>\n<td>apgr.\/min<\/td>\n<td>apgr.\/min<\/td>\n<td>ZS<\/td>\n<td>ZS<\/td>\n<\/tr>\n<tr>\n<td>Pal\u0113nin\u0101t<\/td>\n<td>2.47:1<\/td>\n<td rowspan=\"3\">Motoriz\u0113ta ec\u0113\u0161a<\/td>\n<td>1000<\/td>\n<td>404<\/td>\n<td rowspan=\"3\">200<\/td>\n<td>3500<\/td>\n<td rowspan=\"3\">Gl\u012bsona spir\u0101lveida<br \/>\nZobi<\/td>\n<\/tr>\n<tr>\n<td>Pal\u0113nin\u0101t<\/td>\n<td>2.63:1<\/td>\n<td>1000<\/td>\n<td>380<\/td>\n<td>3700<\/td>\n<\/tr>\n<tr>\n<td>Pal\u0113nin\u0101t<\/td>\n<td>2.04:1<\/td>\n<td>850<\/td>\n<td>416<\/td>\n<td>3400<\/td>\n<\/tr>\n<tr>\n<td colspan=\"8\">Piez\u012bme: Ja jums ir k\u0101das \u012bpa\u0161as pras\u012bbas, nekautr\u0113jieties man pazi\u0146ot, m\u0113s pie\u0146emam ar\u012b pas\u016bt\u012bjumu.<\/td>\n<\/tr>\n<\/tbody>\n<\/table>\n<h2>Greidera piedzi\u0146as gr\u0101bek\u013ca p\u0101rnesumk\u0101rbas FMP-DX300-2 funkcijas un komponenti<\/h2>\n<p>Greidera piedzi\u0146as gr\u0101bek\u013ca p\u0101rnesumk\u0101rba FMP-DX300-2 ir augstas veiktsp\u0113jas p\u0101rnesumk\u0101rba, kas paredz\u0113ta izmanto\u0161anai lauksaimniec\u012bbas tehnik\u0101, \u012bpa\u0161i greiderim un gr\u0101beklim. \u0160\u012b p\u0101rnesumk\u0101rba ir izstr\u0101d\u0101ta, lai efekt\u012bvi p\u0101rnestu jaudu no traktora uz gr\u0101bekli, nodro\u0161inot optim\u0101lu veiktsp\u0113ju smag\u0101s lietojumprogramm\u0101s, piem\u0113ram, siena gr\u0101b\u0161an\u0101, zemes l\u012bdzin\u0101\u0161an\u0101 un citos lauksaimniec\u012bbas darbos.<\/p>\n<h3>FMP-DX300-2 galven\u0101s iez\u012bmes:<\/h3>\n<ol>\n<li><strong>Augsta griezes momenta apstr\u0101de<\/strong>FMP-DX300-2 ir izstr\u0101d\u0101ts, lai iztur\u0113tu lielas griezes momenta slodzes, nodro\u0161inot uzticamu darb\u012bbu pat smagos apst\u0101k\u013cos, kas rakstur\u012bgi lauksaimniec\u012bbas videi.<\/li>\n<li><strong>Iztur\u012bba un uzticam\u012bba<\/strong>P\u0101rnesumk\u0101rba, kas izgatavota no augstas iztur\u012bbas materi\u0101liem, ir paredz\u0113ta ilgsto\u0161ai darb\u012bbai. T\u0101 ir iztur\u012bga pret nodilumu, padarot to ide\u0101li piem\u0113rotu nep\u0101rtrauktai lieto\u0161anai skarbos lauksaimniec\u012bbas apst\u0101k\u013cos.<\/li>\n<li><strong>Optimiz\u0113ta jaudas p\u0101rraide<\/strong>P\u0101rnesumk\u0101rba nodro\u0161ina efekt\u012bvu jaudas p\u0101rnesi no traktora j\u016bgv\u0101rpstas uz gr\u0101bek\u013ca sist\u0113mu, uzlabojot tehnikas kop\u0113jo efektivit\u0101ti un samazinot ener\u0123ijas zudumus ekspluat\u0101cijas laik\u0101.<\/li>\n<li><strong>Piel\u0101gojami p\u0101rnesumu skait\u013ci<\/strong>FMP-DX300-2 ir pieejams ar vair\u0101k\u0101m p\u0101rnesumu attiec\u012bb\u0101m, un to var piel\u0101got da\u017e\u0101diem lauksaimniec\u012bbas lietojumiem, nodro\u0161inot optim\u0101lu veiktsp\u0113ju da\u017e\u0101du veidu tehnikai un ekspluat\u0101cijas vajadz\u012bb\u0101m.<\/li>\n<li><strong>Kompakts un viegls dizains<\/strong>Neskatoties uz iztur\u012bgo konstrukciju, FMP-DX300-2 ir izstr\u0101d\u0101ts t\u0101, lai b\u016btu kompakts un viegls, \u013caujot to viegli uzst\u0101d\u012bt un integr\u0113t ar da\u017e\u0101du lauksaimniec\u012bbas tehniku, neapdraudot iztur\u012bbu.<\/li>\n<\/ol>\n<h3>FMP-DX300-2 galven\u0101s sast\u0101vda\u013cas:<\/h3>\n<ol>\n<li><strong>Ievades v\u0101rpsta<\/strong>Ieejas v\u0101rpsta ir atbild\u012bga par rot\u0101cijas jaudas p\u0101rnesi no traktora j\u016bgv\u0101rpstas uz p\u0101rnesumk\u0101rbu. T\u0101 ir paredz\u0113ta, lai apstr\u0101d\u0101tu lielu ieejas griezes momentu un nodro\u0161in\u0101tu vienm\u0113r\u012bgu jaudas p\u0101rnesi.<\/li>\n<li><strong>P\u0101rnesumu komplekts<\/strong>P\u0101rnesumk\u0101rbas sirds, zobratu komplekts, ir atbild\u012bgs par grie\u0161an\u0101s \u0101truma un griezes momenta modific\u0113\u0161anu. Prec\u012bzi konstru\u0113ti zobrati nodro\u0161ina vienm\u0113r\u012bgu sasl\u0113g\u0161anos un augstu jaudas p\u0101rneses efektivit\u0101ti.<\/li>\n<li><strong>Izejas v\u0101rpsta<\/strong>Izejas v\u0101rpsta savieno p\u0101rnesumk\u0101rbu ar gr\u0101bek\u013ca sist\u0113mu, p\u0101rvadot meh\u0101nisko ener\u0123iju, kas nepiecie\u0161ama iek\u0101rtas vad\u012b\u0161anai.<\/li>\n<li><strong>Gult\u0146i<\/strong>Augstas kvalit\u0101tes gult\u0146i atbalsta rot\u0113jo\u0161\u0101s deta\u013cas, samazinot berzi un nodro\u0161inot vienm\u0113r\u012bgu darb\u012bbu. Gult\u0146i ir paredz\u0113ti, lai iztur\u0113tu lielas slodzes un lielu \u0101trumu, nodro\u0161inot iztur\u012bbu un uzticam\u012bbu.<\/li>\n<li><strong>M\u0101joklis<\/strong>P\u0101rnesumk\u0101rbas korpuss ir izgatavots no iztur\u012bgiem, pret koroziju iztur\u012bgiem materi\u0101liem, kas aizsarg\u0101 iek\u0161\u0113j\u0101s sast\u0101vda\u013cas. Tas nodro\u0161ina konstrukcijas integrit\u0101ti un aizsarg\u0101 p\u0101rnesumk\u0101rbu no \u0101r\u0113jiem vides faktoriem, piem\u0113ram, putek\u013ciem, mitruma un gru\u017eiem.<\/li>\n<\/ol>\n<p>The <strong>FMP-DX300-2 greidera piedzi\u0146as gr\u0101bek\u013ca p\u0101rnesumk\u0101rba<\/strong> ir \u013coti iztur\u012bga, efekt\u012bva un uzticama p\u0101rnesumk\u0101rba, kas paredz\u0113ta pras\u012bgiem lauksaimniec\u012bbas darbiem. Pateicoties augstajai griezes momenta jaudai, piel\u0101gojamiem p\u0101rnesumu skait\u013ciem un zemaj\u0101m apkopes pras\u012bb\u0101m, t\u0101 nodro\u0161ina optim\u0101lu jaudas p\u0101rnesi, vienlaikus garant\u0113jot ilgtermi\u0146a veiktsp\u0113ju. P\u0101rnesumk\u0101rbas prec\u012bz\u0101 konstrukcija kop\u0101 ar t\u0101s iztur\u012bgaj\u0101m sast\u0101vda\u013c\u0101m padara to par ide\u0101lu izv\u0113li lieljaudas lauksaimniec\u012bbas tehnikai, uzlabojot produktivit\u0101ti un samazinot d\u012bkst\u0101ves laiku.<\/p>\n<h2><img loading=\"lazy\" decoding=\"async\" class=\"alignnone size-full wp-image-2754\" src=\"https:\/\/fmp-components.com\/wp-content\/uploads\/2025\/01\/ZIe4i3OO-Power-Driven-Harrow-Gearbox-EP-DX300-2-Lubrication-and-Maintenance-11.webp\" alt=\"ZIe4i3OO-Ar-meh\u0101nisko-piedzi\u0146as-ec\u0113\u0161u-reduktork\u0101rba-EP-DX300-2-E\u013c\u013co\u0161ana-un-apkope-1(1)\" width=\"950\" height=\"715\" title=\"\" srcset=\"https:\/\/fmp-components.com\/wp-content\/uploads\/2025\/01\/ZIe4i3OO-Power-Driven-Harrow-Gearbox-EP-DX300-2-Lubrication-and-Maintenance-11.webp 950w, https:\/\/fmp-components.com\/wp-content\/uploads\/2025\/01\/ZIe4i3OO-Power-Driven-Harrow-Gearbox-EP-DX300-2-Lubrication-and-Maintenance-11-480x361.webp 480w\" sizes=\"(min-width: 0px) and (max-width: 480px) 480px, (min-width: 481px) 950px, 100vw\" \/><\/h2>\n<div class=\"flex-shrink-0 flex flex-col relative items-end\">\n<div>\n<div class=\"pt-0\">\n<div class=\"gizmo-bot-avatar flex h-8 w-8 items-center justify-center overflow-hidden rounded-full\">\n<div class=\"relative p-1 rounded-sm flex items-center justify-center bg-token-main-surface-primary text-token-text-primary h-8 w-8\">\n<h3>Motoriz\u0113t\u0101s ec\u0113\u0161u p\u0101rnesumk\u0101rbas FMP-DX300-2 pielietojumi:<\/h3>\n<\/div>\n<\/div>\n<\/div>\n<\/div>\n<\/div>\n<div class=\"group\/conversation-turn relative flex w-full min-w-0 flex-col agent-turn\">\n<div class=\"flex-col gap-1 md:gap-3\">\n<div class=\"flex max-w-full flex-col flex-grow\">\n<div class=\"min-h-8 text-message flex w-full flex-col items-end gap-2 whitespace-normal break-words text-start [.text-message+&amp;]:mt-5\" dir=\"auto\" data-message-author-role=\"assistant\" data-message-id=\"99c21c94-b9e3-4719-b75e-da3f57305c74\" data-message-model-slug=\"gpt-4o\">\n<div class=\"flex w-full flex-col gap-1 empty:hidden first:pt-[3px]\">\n<div class=\"markdown prose w-full break-words dark:prose-invert light\">\n<p>Dzin\u0113ja piedzi\u0146as ec\u0113\u0161u p\u0101rnesumk\u0101rba FMP-DX300-2 ir paredz\u0113ta lauksaimniec\u012bbas tehnikai, \u012bpa\u0161i ec\u0113\u0161anas un augsnes sagatavo\u0161anas darbiem. T\u0101 nodro\u0161ina uzticamu jaudas p\u0101rvadi no traktora j\u016bgv\u0101rpstas uz ec\u0113\u0161\u0101m, garant\u0113jot optim\u0101lu veiktsp\u0113ju intens\u012bvu lauksaimniec\u012bbas darbu laik\u0101. T\u0101l\u0101k ir nor\u0101d\u012bti FMP-DX300-2 p\u0101rnesumk\u0101rbas galvenie pielietojumi:<\/p>\n<ol>\n<li><strong>Augsnes sagatavo\u0161ana un apstr\u0101de<\/strong>:\n<ul>\n<li><strong>Prim\u0101r\u0101 un sekund\u0101r\u0101 augsnes apstr\u0101de<\/strong>FMP-DX300-2 tiek izmantots gan prim\u0101raj\u0101, gan sekund\u0101raj\u0101 augsnes apstr\u0101d\u0113, pal\u012bdzot irdin\u0101t un aer\u0113t augsni optim\u0101liem s\u0113\u0161anas apst\u0101k\u013ciem. T\u0101 sp\u0113ja tikt gal\u0101 ar lielu griezes momentu padara to efekt\u012bvu gan sekl\u0101, gan dzi\u013c\u0101 augsnes apstr\u0101d\u0113.<\/li>\n<li><strong>S\u0113klas gultnes sagatavo\u0161ana<\/strong>P\u0101rnesumk\u0101rba darbina ec\u0113\u0161as, kas ir b\u016btiskas smalkas, vienm\u0113r\u012bgas s\u0113klas gultnes izveidei. Tas ir \u013coti svar\u012bgi t\u0101d\u0101m kult\u016br\u0101m k\u0101 graudaugi, d\u0101rze\u0146i un citas kult\u016bras, kur\u0101m d\u012bg\u0161anai nepiecie\u0161ami vienm\u0113r\u012bgi augsnes apst\u0101k\u013ci.<\/li>\n<\/ul>\n<\/li>\n<li><strong>E\u0161ana nez\u0101\u013cu apkaro\u0161anai<\/strong>:\n<ul>\n<li><strong>Nez\u0101\u013cu apkaro\u0161ana<\/strong>P\u0101rnesumk\u0101rba nodro\u0161ina ec\u0113\u0161u sp\u0113ju apstr\u0101d\u0101t augsni sekl\u0101 dzi\u013cum\u0101, izraujot nez\u0101les un sagatavojot augsni lab\u0101kai kult\u016braugu aug\u0161anai. T\u0101 pal\u012bdz izn\u012bcin\u0101t nez\u0101\u013cu aug\u0161anu, vienlaikus samazinot kait\u0113jumu v\u0113lamaj\u0101m kult\u016br\u0101m.<\/li>\n<li><strong>Virszemes rav\u0113\u0161ana<\/strong>Darbinot ec\u0113\u0161as ar pareizu \u0101trumu un dzi\u013cumu, p\u0101rnesumk\u0101rba nodro\u0161ina, ka nez\u0101les uz virsmas tiek trauc\u0113tas, kas samazina konkurenci par bar\u012bbas viel\u0101m un mitrumu.<\/li>\n<\/ul>\n<\/li>\n<li><strong>Lauka apkope p\u0113c ra\u017eas nov\u0101k\u0161anas<\/strong>:\n<ul>\n<li><strong>Lauka atlieku apsaimnieko\u0161ana<\/strong>P\u0113c ra\u017eas nov\u0101k\u0161anas ar p\u0101rnesumk\u0101rbu darbin\u0101m\u0101s ec\u0113\u0161as pal\u012bdz sadal\u012bt augu atliekas un vienm\u0113r\u012bgi t\u0101s izklied\u0113t pa lauku. \u0160is process ir svar\u012bgs augsnes augl\u012bbai un papildu \u0137\u012bmisk\u0101s apstr\u0101des nepiecie\u0161am\u012bbas samazin\u0101\u0161anai.<\/li>\n<li><strong>Rugai\u0146u iestr\u0101de<\/strong>Ec\u0113\u0161as var izmantot ar\u012b rug\u0101ju iestr\u0101dei, uzlabojot augsnes strukt\u016bru un samazinot erozijas risku, p\u0101rkl\u0101jot augu atliekas ar augsni.<\/li>\n<\/ul>\n<\/li>\n<li><strong>Izl\u012bdzin\u0101\u0161ana un izl\u012bdzin\u0101\u0161ana<\/strong>:\n<ul>\n<li><strong>Augsnes izl\u012bdzin\u0101\u0161ana<\/strong>FMP-DX300-2 p\u0101rnesumk\u0101rba bie\u017ei tiek izmantota kop\u0101 ar ec\u0113\u0161\u0101m, kas veic zemes izl\u012bdzin\u0101\u0161anu. Vadot ec\u0113\u0161u zarus vai diskus, p\u0101rnesumk\u0101rba nodro\u0161ina vienm\u0113r\u012bgu augsnes izkliedi, kas ir svar\u012bgi \u016bdens saglab\u0101\u0161anai un efekt\u012bvai ap\u016bde\u0146o\u0161anai.<\/li>\n<li><strong>Virsmas izl\u012bdzin\u0101\u0161ana<\/strong>P\u0101rnesumk\u0101rba nodro\u0161ina vienm\u0113r\u012bgu ec\u0113\u0161u darb\u012bbu, pal\u012bdzot izl\u012bdzin\u0101t augsnes virsmu vienm\u0113r\u012bgiem s\u0113klas gultnes apst\u0101k\u013ciem un samazinot nevienm\u0113r\u012bgas kult\u016braugu aug\u0161anas risku.<\/li>\n<\/ul>\n<\/li>\n<li><strong>Zemes melior\u0101cija<\/strong>:\n<ul>\n<li><strong>Degrad\u0113tas augsnes atjauno\u0161ana<\/strong>P\u0101rnesumk\u0101rba pal\u012bdz izmantot sp\u0113ka ec\u0113\u0161as, ko izmanto zemes melior\u0101cijas darbos, kur sabl\u012bv\u0113ta, degrad\u0113ta vai cieta augsne tiek irdin\u0101ta un aer\u0113ta, lai sagatavotu to p\u0101rs\u0113\u0161anai vai atjauno\u0161anai. Tas ir izplat\u012bts apgabalos, kur ir bijusi p\u0101rm\u0113r\u012bga lauksaimniec\u012bbas zeme vai kuri ir pak\u013cauti erozijai.<\/li>\n<li><strong>Augsnes aer\u0101cijas uzlabo\u0161ana<\/strong>Nodro\u0161inot nepiecie\u0161amo jaudu ec\u0113\u0161anas apr\u012bkojumam, p\u0101rnesumk\u0101rba pal\u012bdz aer\u0113t augsni, kas ir \u013coti svar\u012bgi, lai uzlabotu \u016bdens infiltr\u0101ciju, sak\u0146u aug\u0161anu un augsnes vesel\u012bbu.<\/li>\n<\/ul>\n<\/li>\n<\/ol>\n<p>FMP-DX300-2 piedzi\u0146as ec\u0113\u0161u p\u0101rnesumk\u0101rba ir ide\u0101li piem\u0113rota pla\u0161am lauksaimniec\u012bbas darbu kl\u0101stam. T\u0101s augst\u0101 griezes momenta jauda un uzticam\u012bba padara to piem\u0113rotu augsnes sagatavo\u0161anai, nez\u0101\u013cu apkaro\u0161anai, lauku uztur\u0113\u0161anai p\u0113c ra\u017eas nov\u0101k\u0161anas, izl\u012bdzin\u0101\u0161anai un pat zemes melior\u0101cijas darbiem. Neatkar\u012bgi no t\u0101, vai to izmanto augsnes apstr\u0101dei, atlieku apstr\u0101dei vai gan\u012bbu atjauno\u0161anai, \u0161ai p\u0101rnesumk\u0101rbai ir iz\u0161\u0137iro\u0161a noz\u012bme augsnes vesel\u012bbas uzlabo\u0161an\u0101, lab\u0101kas ra\u017eas nodro\u0161in\u0101\u0161an\u0101 un kop\u0113j\u0101s saimniec\u012bbas produktivit\u0101tes palielin\u0101\u0161an\u0101. T\u0101s daudzpus\u012bba padara to par v\u0113rt\u012bgu sast\u0101vda\u013cu m\u016bsdienu lauksaimniec\u012bbas apr\u012bkojum\u0101 gan liela m\u0113roga komerci\u0101lai lauksaimniec\u012bbai, gan maz\u0101kiem uz\u0146\u0113mumiem.<\/p>\n<\/div>\n<\/div>\n<\/div>\n<\/div>\n<\/div>\n<\/div>\n<h2><img loading=\"lazy\" decoding=\"async\" class=\"alignnone size-full wp-image-2755\" src=\"https:\/\/fmp-components.com\/wp-content\/uploads\/2025\/01\/Power-Driven-Harrow-Gearbox-EP-DX300-2-Lubrication-and-Maintenance-21.webp\" alt=\"Dzin\u0113ja-piedzi\u0146as-ec\u0113\u0161u-reduktors-EP-DX300-2-e\u013c\u013co\u0161ana-un-apkope-2(1)\" width=\"950\" height=\"715\" title=\"\" srcset=\"https:\/\/fmp-components.com\/wp-content\/uploads\/2025\/01\/Power-Driven-Harrow-Gearbox-EP-DX300-2-Lubrication-and-Maintenance-21.webp 950w, https:\/\/fmp-components.com\/wp-content\/uploads\/2025\/01\/Power-Driven-Harrow-Gearbox-EP-DX300-2-Lubrication-and-Maintenance-21-480x361.webp 480w\" sizes=\"(min-width: 0px) and (max-width: 480px) 480px, (min-width: 481px) 950px, 100vw\" \/><\/h2>\n<h2>Par FMP<\/h2>\n<p>FMP, kura galven\u0101 m\u012btne atrodas It\u0101lij\u0101, ir vado\u0161ais ra\u017eot\u0101js, kas ir paz\u012bstams ar savu pieredzi augstas veiktsp\u0113jas p\u0101rnesumk\u0101rbu projekt\u0113\u0161an\u0101, izstr\u0101d\u0113 un ra\u017eo\u0161an\u0101, \u012bpa\u0161i koncentr\u0113joties uz lauksaimniec\u012bbas tehnikas sektoru. Atz\u012bts par prec\u012bzu in\u017eenieriju, inovat\u012bviem risin\u0101jumiem un izcilu uzticam\u012bbu, FMP ir ieguvis uzticama partnera reput\u0101ciju gan lauksaimniec\u012bbas, gan r\u016bpniec\u012bbas nozar\u0113s. M\u016bsu pla\u0161aj\u0101 produktu kl\u0101st\u0101 ietilpst z\u0101les p\u013c\u0101v\u0113jiem paredz\u0113tas p\u0101rnesumk\u0101rbas, j\u016bgv\u0101rpstas un da\u017e\u0101das svar\u012bgas sast\u0101vda\u013cas, kas visas ir izstr\u0101d\u0101tas, lai apmierin\u0101tu pla\u0161a pielietojuma kl\u0101sta da\u017e\u0101d\u0101s pras\u012bbas.<\/p>\n<p>Uz\u0146\u0113mum\u0101 FMP m\u0113s apzin\u0101mies, ka katram klientam ir unik\u0101las probl\u0113mas un pras\u012bbas. T\u0101p\u0113c m\u0113s specializ\u0113jamies piel\u0101gotu risin\u0101jumu nodro\u0161in\u0101\u0161an\u0101, neatkar\u012bgi no t\u0101, vai tie attiecas uz atsevi\u0161\u0137\u0101m komponent\u0113m vai piln\u012bb\u0101 integr\u0113t\u0101m sist\u0113m\u0101m. Cie\u0161i sadarbojoties ar m\u016bsu klientiem, m\u0113s nodro\u0161in\u0101m, ka katrs risin\u0101jums ne tikai atbilst vi\u0146u \u012bpa\u0161aj\u0101m vajadz\u012bb\u0101m, bet ar\u012b maksim\u0101li palielina veiktsp\u0113ju un v\u0113rt\u012bbu. M\u016bsu ap\u0146em\u0161an\u0101s sniegt \u0101tras un profesion\u0101las atbildes apvienojum\u0101 ar ekspertu nor\u0101d\u012bjumiem nodro\u0161ina, ka katrs piepras\u012bjums tiek apstr\u0101d\u0101ts r\u016bp\u012bgi un prec\u012bzi, t\u0101d\u0113j\u0101di sasniedzot vislab\u0101kos iesp\u0113jamos rezult\u0101tus.<\/p>\n<p>Caursp\u012bd\u012bga un nep\u0101rtraukta komunik\u0101cija ir m\u016bsu pieejas pamat\u0101. M\u016bsu \u012bpa\u0161i izveidot\u0101 komanda str\u0101d\u0101 tie\u0161i ar klientiem vis\u0101 produktu izstr\u0101des proces\u0101, lai ieg\u016btu dzi\u013cu izpratni par vi\u0146u pras\u012bb\u0101m. M\u0113s pied\u0101v\u0101jam v\u0113rt\u012bgas atzi\u0146as un ieteikumus, lai nodro\u0161in\u0101tu optim\u0101lus rezult\u0101tus. Neatkar\u012bgi no t\u0101, vai m\u0113s projekt\u0113jam modernus produktus vai izpild\u0101m past\u0101v\u012bgus pas\u016bt\u012bjumus, FMP ir ap\u0146\u0113mies vienm\u0113r savlaic\u012bgi pieg\u0101d\u0101t augstas kvalit\u0101tes, prec\u012bzi izstr\u0101d\u0101tus risin\u0101jumus. M\u016bsu misija ir p\u0101rsniegt klientu cer\u012bbas, nodro\u0161inot izcilu servisu un rezult\u0101tus katr\u0101 projekt\u0101.<\/p>\n<p>Kvalit\u0101te ir visa m\u016bsu darba pamat\u0101. M\u0113s iev\u0113rojam augst\u0101kos ra\u017eo\u0161anas standartus un ievie\u0161am stingrus kvalit\u0101tes kontroles pas\u0101kumus, lai nodro\u0161in\u0101tu, ka katrs produkts ne tikai atbilst, bet ar\u012b p\u0101rsniedz nozares standartus. \u0160\u012b ap\u0146em\u0161an\u0101s sasniegt izcil\u012bbu, k\u0101 ar\u012b m\u016bsu pamatv\u0113rt\u012bbas \u2013 integrit\u0101te, komandas darbs un neatlaid\u012bba \u2013 ir \u013c\u0101vusi mums veidot ilgsto\u0161as, uz uztic\u012bbu balst\u012btas attiec\u012bbas ar klientiem gandr\u012bz 30 valst\u012bs vis\u0101 pasaul\u0113.<\/p>\n<p>FMP vienm\u0113r v\u0113las veicin\u0101t glob\u0101las partner\u012bbas un ir ap\u0146\u0113mies sniegt ekspertu padomus un piel\u0101gotus risin\u0101jumus, kas atbilst m\u016bsu klientu main\u012bgaj\u0101m vajadz\u012bb\u0101m. M\u0113s ejam t\u0101l\u0101k par vienk\u0101r\u0161u produktu pieg\u0101di; m\u016bsu m\u0113r\u0137is ir veidot ilgsto\u0161as \u200b\u200battiec\u012bbas, kas veicina katra projekta pan\u0101kumus. Neatkar\u012bgi no t\u0101, vai jums ir nepiecie\u0161ami inovat\u012bvi risin\u0101jumi jaunai iniciat\u012bvai vai past\u0101v\u012bgs atbalsts eso\u0161ai sist\u0113mai, FMP ir gatavs risin\u0101t j\u016bsu tehnisk\u0101s probl\u0113mas un nodro\u0161in\u0101t j\u016bsu turpm\u0101kos pan\u0101kumus.<\/p>\n<p><img loading=\"lazy\" decoding=\"async\" class=\"alignnone wp-image-2695\" src=\"https:\/\/fmp-components.com\/wp-content\/uploads\/2025\/01\/agricultural-gearbox3.webp\" alt=\"lauksaimniec\u012bbas p\u0101rnesumk\u0101rba\" width=\"953\" height=\"951\" title=\"\" srcset=\"https:\/\/fmp-components.com\/wp-content\/uploads\/2025\/01\/agricultural-gearbox3.webp 953w, https:\/\/fmp-components.com\/wp-content\/uploads\/2025\/01\/agricultural-gearbox3-480x479.webp 480w\" sizes=\"(min-width: 0px) and (max-width: 480px) 480px, (min-width: 481px) 953px, 100vw\" \/><\/p>\n<p>Autors: CX<\/p>","protected":false},"excerpt":{"rendered":"<p>Grader Driven Rake Gearbox FMP-DX300-2 Dimensions\u00a0 Grader Driven Rake Gearbox FMP-DX300-2 Turn Grader Driven Rake Gearbox FMP-DX300-2 Technical Data i Suitable Rpm input Rpm output KW(Nom) KW(Max) Toothing r\/min r\/min hp hp Decelerate 2.47:1 Powered Harrow 1000 404 200 3500 Gleason Helical Teeth Decelerate 2.63:1 1000 380 3700 Decelerate 2.04:1 850 416 3400 Remark: If [&hellip;]<\/p>","protected":false},"featured_media":2757,"comment_status":"open","ping_status":"closed","template":"","meta":{"_et_pb_use_builder":"","_et_pb_old_content":"","_et_gb_content_width":""},"product_brand":[],"product_cat":[66],"product_tag":[],"class_list":{"0":"post-2751","1":"product","2":"type-product","3":"status-publish","4":"has-post-thumbnail","6":"product_cat-grader-driven-rake-gearbox","8":"first","9":"instock","10":"shipping-taxable","11":"product-type-simple"},"_links":{"self":[{"href":"https:\/\/fmp-components.com\/lv\/wp-json\/wp\/v2\/product\/2751","targetHints":{"allow":["GET"]}}],"collection":[{"href":"https:\/\/fmp-components.com\/lv\/wp-json\/wp\/v2\/product"}],"about":[{"href":"https:\/\/fmp-components.com\/lv\/wp-json\/wp\/v2\/types\/product"}],"replies":[{"embeddable":true,"href":"https:\/\/fmp-components.com\/lv\/wp-json\/wp\/v2\/comments?post=2751"}],"wp:featuredmedia":[{"embeddable":true,"href":"https:\/\/fmp-components.com\/lv\/wp-json\/wp\/v2\/media\/2757"}],"wp:attachment":[{"href":"https:\/\/fmp-components.com\/lv\/wp-json\/wp\/v2\/media?parent=2751"}],"wp:term":[{"taxonomy":"product_brand","embeddable":true,"href":"https:\/\/fmp-components.com\/lv\/wp-json\/wp\/v2\/product_brand?post=2751"},{"taxonomy":"product_cat","embeddable":true,"href":"https:\/\/fmp-components.com\/lv\/wp-json\/wp\/v2\/product_cat?post=2751"},{"taxonomy":"product_tag","embeddable":true,"href":"https:\/\/fmp-components.com\/lv\/wp-json\/wp\/v2\/product_tag?post=2751"}],"curies":[{"name":"wp","href":"https:\/\/api.w.org\/{rel}","templated":true}]}}