{"id":2736,"date":"2025-01-04T03:48:26","date_gmt":"2025-01-04T03:48:26","guid":{"rendered":"https:\/\/fmp-components.com\/?page_id=8"},"modified":"2025-01-04T03:51:45","modified_gmt":"2025-01-04T03:51:45","slug":"grader-driven-rake-gearbox-fmp-dx300-1-for-powered-harrow","status":"publish","type":"product","link":"https:\/\/fmp-components.com\/lv\/product\/grader-driven-rake-gearbox-fmp-dx300-1-for-powered-harrow\/","title":{"rendered":"Greidera piedzi\u0146as gr\u0101bek\u013ca p\u0101rnesumk\u0101rba FMP-DX300-1 motoriz\u0113t\u0101m ec\u0113\u0161\u0101m"},"content":{"rendered":"<h2>Greidera piedzi\u0146as gr\u0101bek\u013ca p\u0101rnesumk\u0101rba FMP-DX300-1 tehniskie dati<\/h2>\n<p><img loading=\"lazy\" decoding=\"async\" class=\"alignnone size-full wp-image-2744\" src=\"https:\/\/fmp-components.com\/wp-content\/uploads\/2025\/01\/Grader-Driven-Rake-Gearbox-EP-DX300-1-Dimensions.webp\" alt=\"Greidera piedzi\u0146as gr\u0101bek\u013ca p\u0101rnesumk\u0101rba EP-DX300-1 izm\u0113ri\" width=\"1391\" height=\"920\" title=\"\" srcset=\"https:\/\/fmp-components.com\/wp-content\/uploads\/2025\/01\/Grader-Driven-Rake-Gearbox-EP-DX300-1-Dimensions.webp 1391w, https:\/\/fmp-components.com\/wp-content\/uploads\/2025\/01\/Grader-Driven-Rake-Gearbox-EP-DX300-1-Dimensions-1280x847.webp 1280w, https:\/\/fmp-components.com\/wp-content\/uploads\/2025\/01\/Grader-Driven-Rake-Gearbox-EP-DX300-1-Dimensions-980x648.webp 980w, https:\/\/fmp-components.com\/wp-content\/uploads\/2025\/01\/Grader-Driven-Rake-Gearbox-EP-DX300-1-Dimensions-480x317.webp 480w\" sizes=\"(min-width: 0px) and (max-width: 480px) 480px, (min-width: 481px) and (max-width: 980px) 980px, (min-width: 981px) and (max-width: 1280px) 1280px, (min-width: 1281px) 1391px, 100vw\" \/><\/p>\n<h2>Greidera piedzi\u0146as gr\u0101bek\u013ca p\u0101rnesumk\u0101rba FMP-DX300-1 pagrieziens<\/h2>\n<p><img loading=\"lazy\" decoding=\"async\" class=\"alignnone size-full wp-image-2745\" src=\"https:\/\/fmp-components.com\/wp-content\/uploads\/2025\/01\/Grader-Driven-Rake-Gearbox-EP-DX300-1-Turn.webp\" alt=\"Greidera piedzi\u0146as gr\u0101bek\u013ca p\u0101rnesumk\u0101rba EP-DX300-1 pagrieziens\" width=\"1341\" height=\"348\" title=\"\" srcset=\"https:\/\/fmp-components.com\/wp-content\/uploads\/2025\/01\/Grader-Driven-Rake-Gearbox-EP-DX300-1-Turn.webp 1341w, https:\/\/fmp-components.com\/wp-content\/uploads\/2025\/01\/Grader-Driven-Rake-Gearbox-EP-DX300-1-Turn-1280x332.webp 1280w, https:\/\/fmp-components.com\/wp-content\/uploads\/2025\/01\/Grader-Driven-Rake-Gearbox-EP-DX300-1-Turn-980x254.webp 980w, https:\/\/fmp-components.com\/wp-content\/uploads\/2025\/01\/Grader-Driven-Rake-Gearbox-EP-DX300-1-Turn-480x125.webp 480w\" sizes=\"(min-width: 0px) and (max-width: 480px) 480px, (min-width: 481px) and (max-width: 980px) 980px, (min-width: 981px) and (max-width: 1280px) 1280px, (min-width: 1281px) 1341px, 100vw\" \/><\/p>\n<table style=\"width: 96.2953%; height: 160px;\" border=\"1\" cellspacing=\"0\" cellpadding=\"0\">\n<tbody>\n<tr>\n<td colspan=\"2\" rowspan=\"2\">es<\/td>\n<td rowspan=\"2\">Piem\u0113rots<\/td>\n<td>Apgriezienu skaita ievade<\/td>\n<td>Apgriezienu skaita izeja<\/td>\n<td>kW (nomin\u0101l\u0101)<\/td>\n<td>kW (maks.)<\/td>\n<td rowspan=\"2\">Zobu veido\u0161an\u0101s<\/td>\n<\/tr>\n<tr>\n<td>apgr.\/min<\/td>\n<td>apgr.\/min<\/td>\n<td>ZS<\/td>\n<td>ZS<\/td>\n<\/tr>\n<tr>\n<td>Pal\u0113nin\u0101t<\/td>\n<td>2.47:1<\/td>\n<td rowspan=\"3\">Motoriz\u0113ta ec\u0113\u0161a<\/td>\n<td>1000<\/td>\n<td>404<\/td>\n<td rowspan=\"3\">200<\/td>\n<td>3500<\/td>\n<td rowspan=\"3\">Gl\u012bsona spir\u0101lveida<br \/>\nZobi<\/td>\n<\/tr>\n<tr>\n<td>Pal\u0113nin\u0101t<\/td>\n<td>2.63:1<\/td>\n<td>1000<\/td>\n<td>380<\/td>\n<td>3700<\/td>\n<\/tr>\n<tr>\n<td>Pal\u0113nin\u0101t<\/td>\n<td>2.04:1<\/td>\n<td>850<\/td>\n<td>416<\/td>\n<td>3400<\/td>\n<\/tr>\n<tr>\n<td colspan=\"8\">Piez\u012bme: Ja jums ir k\u0101das \u012bpa\u0161as pras\u012bbas, nekautr\u0113jieties man pazi\u0146ot, m\u0113s pie\u0146emam ar\u012b pas\u016bt\u012bjumu.<\/td>\n<\/tr>\n<\/tbody>\n<\/table>\n<h2>Greidera piedzi\u0146as gr\u0101bek\u013ca p\u0101rnesumk\u0101rba FMP-DX300-1 deta\u013cas strukt\u016bra<\/h2>\n<p>Greidera piedzi\u0146as gr\u0101bek\u013ca p\u0101rnesumk\u0101rba FMP-DX300-1 ir iztur\u012bga un b\u016btiska sast\u0101vda\u013ca, kas paredz\u0113ta izmanto\u0161anai greidera piedzi\u0146as gr\u0101bek\u013ca sist\u0113m\u0101s, parasti lauksaimniec\u012bbas un r\u016bpniec\u012bbas vajadz\u012bb\u0101m. T\u0101l\u0101k ir sniegts FMP-DX300-1 p\u0101rnesumk\u0101rbas galveno struktur\u0101lo sast\u0101vda\u013cu p\u0101rskats:<\/p>\n<p>1. <strong>M\u0101joklis<\/strong><\/p>\n<ul>\n<li><strong>Materi\u0101ls:<\/strong> Korpuss, kas parasti ir izgatavots no augstas stipr\u012bbas \u010duguna vai t\u0113rauda, \u200b\u200bnodro\u0161ina struktur\u0101lu integrit\u0101ti un ietver iek\u0161\u0113j\u0101s sast\u0101vda\u013cas. Tas ir paredz\u0113ts, lai iztur\u0113tu lielu slodzi un griezes momentu, vienlaikus aizsarg\u0101jot iek\u0161pus\u0113 eso\u0161os zobratus un v\u0101rpstas.<\/li>\n<li><strong>Funkcija:<\/strong> Aizsarg\u0101 iek\u0161\u0113j\u0101s deta\u013cas no putek\u013ciem, net\u012brumiem un \u0101r\u0113jiem elementiem, vienlaikus nodro\u0161inot dro\u0161u un stabilu mont\u0101\u017eas pamatni p\u0101rnesumk\u0101rbai.<\/li>\n<\/ul>\n<p>2. <strong>Ievades v\u0101rpsta<\/strong><\/p>\n<ul>\n<li><strong>Materi\u0101ls:<\/strong> Kalts t\u0113rauds iztur\u012bbai un stipr\u012bbai.<\/li>\n<li><strong>Funkcija:<\/strong> Ieejas v\u0101rpsta ir savienota ar traktora jaudas no\u0146em\u0161anas (PTO) sist\u0113mu un p\u0101rnes rot\u0101cijas jaudu uz p\u0101rnesumk\u0101rbu, uzs\u0101kot p\u0101rnesumu samazin\u0101\u0161anas procesu.<\/li>\n<\/ul>\n<p>3. <strong>Izejas v\u0101rpsta<\/strong><\/p>\n<ul>\n<li><strong>Materi\u0101ls:<\/strong> Augstas kvalit\u0101tes t\u0113rauds, bie\u017ei r\u016bd\u012bts, lai nodro\u0161in\u0101tu ilg\u0101ku nodilumiztur\u012bbu.<\/li>\n<li><strong>Funkcija:<\/strong> Izejas v\u0101rpsta p\u0101rnes samazin\u0101to jaudu no p\u0101rnesumk\u0101rbas uz gr\u0101bek\u013ca sist\u0113mu, nodro\u0161inot gr\u0101bek\u013ca efekt\u012bvu darb\u012bbu.<\/li>\n<\/ul>\n<p>4. <strong>Zobrati<\/strong><\/p>\n<ul>\n<li><strong>Materi\u0101ls:<\/strong> R\u016bd\u012bts t\u0113rauds vai augstas stipr\u012bbas sakaus\u0113juma materi\u0101li iztur\u012bbai un nodilumiztur\u012bbai.<\/li>\n<li><strong>Funkcija:<\/strong> FMP-DX300-1 p\u0101rnesumk\u0101rbas zobrati atvieglo jaudas p\u0101rvadi, p\u0101rveidojot ieejas \u0101trumu un griezes momentu l\u0113n\u0101k\u0101, viegl\u0101k vad\u0101m\u0101 izejas \u0101trum\u0101 ar palielin\u0101tu griezes momentu. Tie ir izvietoti zobratu \u0137\u0113d\u0113 p\u0101rnesumk\u0101rbas iek\u0161pus\u0113, bie\u017ei izmantojot konusveida vai cilindriskus zobratus.<\/li>\n<\/ul>\n<p>5. <strong>Gult\u0146i<\/strong><\/p>\n<ul>\n<li><strong>Materi\u0101ls:<\/strong> Prec\u012bzijas lod\u012b\u0161u vai rull\u012b\u0161u gult\u0146i.<\/li>\n<li><strong>Funkcija:<\/strong> Gult\u0146i atbalsta rot\u0113jo\u0161\u0101s v\u0101rpstas p\u0101rnesumk\u0101rb\u0101, nodro\u0161inot vienm\u0113r\u012bgu darb\u012bbu un samazinot kust\u012bgo da\u013cu berzi un nodilumu.<\/li>\n<\/ul>\n<p>Greidera piedzi\u0146as FMP-DX300-1 gr\u0101bek\u013ca p\u0101rnesumk\u0101rba ir izstr\u0101d\u0101ta no iztur\u012bgiem, augstas kvalit\u0101tes materi\u0101liem, lai nodro\u0161in\u0101tu uzticamu un ilgtermi\u0146a veiktsp\u0113ju lauksaimniec\u012bbas un r\u016bpniec\u012bbas tehnik\u0101. Katrai deta\u013cai ir iz\u0161\u0137iro\u0161a noz\u012bme vienm\u0113r\u012bgas darb\u012bbas, augsta griezes momenta p\u0101rvades un efekt\u012bvas jaudas p\u0101rveido\u0161anas nodro\u0161in\u0101\u0161an\u0101, padarot p\u0101rnesumk\u0101rbu ide\u0101li piem\u0113rotu lieto\u0161anai pras\u012bg\u0101s gr\u0101b\u0161anas sist\u0113m\u0101s.<\/p>\n<p><img loading=\"lazy\" decoding=\"async\" class=\"alignnone size-full wp-image-2748\" src=\"https:\/\/fmp-components.com\/wp-content\/uploads\/2025\/01\/Grader-Driven-Rake-Gearbox-EP-DX300-1-for-Powered-Harrow1.webp\" alt=\"Greidera piedzi\u0146as gr\u0101bek\u013ca p\u0101rnesumk\u0101rba EP-DX300-1 motoriz\u0113t\u0101m ec\u0113\u0161\u0101m (1)\" width=\"1024\" height=\"418\" title=\"\" srcset=\"https:\/\/fmp-components.com\/wp-content\/uploads\/2025\/01\/Grader-Driven-Rake-Gearbox-EP-DX300-1-for-Powered-Harrow1.webp 1024w, https:\/\/fmp-components.com\/wp-content\/uploads\/2025\/01\/Grader-Driven-Rake-Gearbox-EP-DX300-1-for-Powered-Harrow1-980x400.webp 980w, https:\/\/fmp-components.com\/wp-content\/uploads\/2025\/01\/Grader-Driven-Rake-Gearbox-EP-DX300-1-for-Powered-Harrow1-480x196.webp 480w\" sizes=\"(min-width: 0px) and (max-width: 480px) 480px, (min-width: 481px) and (max-width: 980px) 980px, (min-width: 981px) 1024px, 100vw\" \/><\/p>\n<h2>Greidera piedzi\u0146as gr\u0101bek\u013ca p\u0101rnesumk\u0101rba FMP-DX300-1 lietojumprogrammas<\/h2>\n<div class=\"flex max-w-full flex-col flex-grow\">\n<div class=\"min-h-8 text-message flex w-full flex-col items-end gap-2 whitespace-normal break-words text-start [.text-message+&amp;]:mt-5\" dir=\"auto\" data-message-author-role=\"assistant\" data-message-id=\"5479eb4d-745a-477c-922c-e95a511ab1ab\" data-message-model-slug=\"gpt-4o\">\n<div class=\"flex w-full flex-col gap-1 empty:hidden first:pt-[3px]\">\n<div class=\"markdown prose w-full break-words dark:prose-invert light\">\n<p>Greidera piedzi\u0146as gr\u0101bek\u013ca reduktors FMP-DX300-1 ir \u013coti daudzpus\u012bgs komponents, kas paredz\u0113ts izmanto\u0161anai da\u017e\u0101dos lauksaimniec\u012bbas un r\u016bpniec\u012bbas pielietojumos. T\u0101 iztur\u012bg\u0101 konstrukcija un uzticam\u0101 veiktsp\u0113ja padara to piem\u0113rotu sare\u017e\u0123\u012btiem apst\u0101k\u013ciem. T\u0101l\u0101k ir nor\u0101d\u012bti galvenie FMP-DX300-1 greidera piedzi\u0146as gr\u0101bek\u013ca reduktora pielietojumi:<\/p>\n<p>1. <strong>Lauksaimniec\u012bbas tehnika<\/strong><\/p>\n<ul>\n<li><strong>Siena gr\u0101bek\u013ci:<\/strong> P\u0101rnesumk\u0101rba parasti tiek izmantota siena gr\u0101bek\u013cos, kur t\u0101 efekt\u012bvi darbina gr\u0101bek\u013ca sviras, nodro\u0161inot vienm\u0113r\u012bgu siena un citas lab\u012bbas gr\u0101b\u0161anu. T\u0101s jaudas p\u0101rvades iesp\u0113jas pal\u012bdz uztur\u0113t atbilsto\u0161u darba \u0101trumu un griezes momentu, kas nepiecie\u0161ams efekt\u012bvai lab\u012bbas apstr\u0101dei.<\/li>\n<li><strong>V\u0101lot\u0101ji:<\/strong> P\u0101rnesumk\u0101rba, ko izmanto siena \u0101rd\u012bt\u0101jos siena vai citu lopbar\u012bbas kult\u016bru izklied\u0113\u0161anai un apgrie\u0161anai, nodro\u0161ina vienm\u0113r\u012bgu un nep\u0101rtrauktu darb\u012bbu, pal\u012bdzot optimiz\u0113t siena \u017e\u0101v\u0113\u0161anas procesu.<\/li>\n<\/ul>\n<p>2. <strong>Greideru gr\u0101bek\u013cu sist\u0113mas<\/strong><\/p>\n<ul>\n<li><strong>Ce\u013cu greideri:<\/strong> FMP-DX300-1 p\u0101rnesumk\u0101rba bie\u017ei tiek izmantota greideru vad\u012bt\u0101s gr\u0101bek\u013cu sist\u0113m\u0101s, kur t\u0101 pal\u012bdz kontrol\u0113t gr\u0101bek\u013ca rot\u0101ciju un vienm\u0113r\u012bgi sadal\u012bt materi\u0101lus pa ce\u013ciem vai zemi. \u0160im pielietojumam ir iz\u0161\u0137iro\u0161a noz\u012bme ce\u013cu uztur\u0113\u0161an\u0101 un b\u016bvniec\u012bb\u0101.<\/li>\n<li><strong>Augsnes izl\u012bdzin\u0101\u0161ana un profil\u0113\u0161ana:<\/strong> P\u0101rnesumk\u0101rba pal\u012bdz izl\u012bdzin\u0101t un plan\u0113t augsni lauksaimniec\u012bbas laukos, b\u016bvlaukumos un ainavu veido\u0161anas projektos, veicinot glud\u0101ku un vienm\u0113r\u012bg\u0101ku zemes virsmu.<\/li>\n<\/ul>\n<p>3. <strong>Ainavu veido\u0161ana un z\u0101liena apsaimnieko\u0161ana<\/strong><\/p>\n<ul>\n<li><strong>Z\u0101liena aeratori:<\/strong> Aeratoros, lai pal\u012bdz\u0113tu uztur\u0113t augsnes vesel\u012bbu, p\u0101rnesumk\u0101rba darbina zarus vai tapas, kas caurdur zemi, uzlabojot \u016bdens iek\u013c\u016b\u0161anu un sak\u0146u aug\u0161anu z\u0101liena kop\u0161anas darbos.<\/li>\n<li><strong>Z\u0101liena un lauku kop\u0161ana:<\/strong> Ide\u0101li piem\u0113rota lieto\u0161anai z\u0101liena kop\u0161anas apr\u012bkojum\u0101, tostarp lauka gr\u0101be\u013cos un z\u0101liena kop\u0161anas ma\u0161\u012bn\u0101s, p\u0101rnesumk\u0101rba nodro\u0161ina efekt\u012bvu jaudas p\u0101rvadi vienm\u0113r\u012bgai un vienm\u0113r\u012bgai augsnes apstr\u0101dei.<\/li>\n<\/ul>\n<p>4. <strong>Me\u017esaimniec\u012bba un zemes melior\u0101cija<\/strong><\/p>\n<ul>\n<li><strong>Kr\u016bmu un z\u0101les gr\u0101bek\u013ci:<\/strong> Me\u017esaimniec\u012bbas darbos FMP-DX300-1 p\u0101rnesumk\u0101rbu var atrast ma\u0161\u012bn\u0101s, ko izmanto kr\u016bmu vai z\u0101les gr\u0101b\u0161anai un p\u013cau\u0161anai me\u017eos, laukos vai melior\u0113t\u0101 zem\u0113. P\u0101rnesumk\u0101rba nodro\u0161ina efekt\u012bvu materi\u0101lu p\u0101rvieto\u0161anu un sav\u0101k\u0161anu.<\/li>\n<li><strong>Att\u012br\u012b\u0161anas un melior\u0101cijas projekti:<\/strong> Izmanto zemes melior\u0101cijas procesos, lai sagatavotu augsni, att\u012br\u012btu gru\u017eus un uzlabotu zemes augl\u012bbu, nodro\u0161inot, ka zeme ir piem\u0113rota lauksaimniec\u012bbai, me\u017esaimniec\u012bbai vai b\u016bvniec\u012bbai.<\/li>\n<\/ul>\n<p>5. <strong>B\u016bvniec\u012bba un ce\u013cu darbi<\/strong><\/p>\n<ul>\n<li><strong>Celtniec\u012bbas greideri:<\/strong> P\u0101rnesumk\u0101rba ir piem\u0113rota izmanto\u0161anai celtniec\u012bbas greideros un saist\u012bt\u0101 apr\u012bkojum\u0101, kur t\u0101 darbina gr\u0101bek\u013ca sist\u0113mu, lai p\u0101rvietotu vai izklied\u0113tu augsni, granti vai citus materi\u0101lus ce\u013cu b\u016bves un plan\u0113\u0161anas darbu laik\u0101.<\/li>\n<li><strong>Ce\u013cu uztur\u0113\u0161anas transportl\u012bdzek\u013ci:<\/strong> To izmanto ce\u013cu uztur\u0113\u0161anas ma\u0161\u012bn\u0101s, lai izklied\u0113tu, izl\u012bdzin\u0101tu un profil\u0113tu materi\u0101lus, ko izmanto ce\u013cu seguma atjauno\u0161anai, nodro\u0161inot vienm\u0113r\u012bgu sadali un gludu gala virsmu.<\/li>\n<\/ul>\n<p>Greidera piedzi\u0146as gr\u0101bek\u013ca p\u0101rnesumk\u0101rba FMP-DX300-1 kalpo pla\u0161am pielietojumu kl\u0101stam, galvenok\u0101rt lauksaimniec\u012bbas, b\u016bvniec\u012bbas un ainavu veido\u0161anas nozar\u0113s. T\u0101s sp\u0113ja efekt\u012bvi un vienm\u0113r\u012bgi p\u0101rvad\u012bt jaudu padara to ide\u0101li piem\u0113rotu uzdevumiem, kuriem nepiecie\u0161ama prec\u012bza gr\u0101b\u0161anas, izl\u012bdzin\u0101\u0161anas un \u0123eod\u0113\u0161anas sist\u0113mu vad\u012bba. Neatkar\u012bgi no t\u0101, vai tas ir siena gr\u0101bek\u013ci, ce\u013cu greideri vai augsnes apstr\u0101des ma\u0161\u012bnas, FMP-DX300-1 nodro\u0161ina vienm\u0113r\u012bgu darb\u012bbu un uzticamu veiktsp\u0113ju, padarot to par galveno komponentu produktivit\u0101tes un darb\u012bbas efektivit\u0101tes uzlabo\u0161an\u0101 vair\u0101k\u0101s nozar\u0113s.<\/p>\n<p><img loading=\"lazy\" decoding=\"async\" class=\"alignnone size-full wp-image-2747\" src=\"https:\/\/fmp-components.com\/wp-content\/uploads\/2025\/01\/Grader-Driven-Rake-Gearbox-EP-DX300-1-Maintenance1.webp\" alt=\"Greidera piedzi\u0146as gr\u0101bek\u013ca p\u0101rnesumk\u0101rba EP-DX300-1 apkope(1)\" width=\"928\" height=\"519\" title=\"\" srcset=\"https:\/\/fmp-components.com\/wp-content\/uploads\/2025\/01\/Grader-Driven-Rake-Gearbox-EP-DX300-1-Maintenance1.webp 928w, https:\/\/fmp-components.com\/wp-content\/uploads\/2025\/01\/Grader-Driven-Rake-Gearbox-EP-DX300-1-Maintenance1-480x268.webp 480w\" sizes=\"(min-width: 0px) and (max-width: 480px) 480px, (min-width: 481px) 928px, 100vw\" \/><\/p>\n<h2>Par FMP<\/h2>\n<p>FMP, kura galven\u0101 m\u012btne atrodas It\u0101lij\u0101, ir vado\u0161ais ra\u017eot\u0101js, kas ir paz\u012bstams ar savu pieredzi augstas veiktsp\u0113jas p\u0101rnesumk\u0101rbu projekt\u0113\u0161an\u0101, izstr\u0101d\u0113 un ra\u017eo\u0161an\u0101, \u012bpa\u0161i koncentr\u0113joties uz lauksaimniec\u012bbas tehnikas sektoru. Atz\u012bts par prec\u012bzu in\u017eenieriju, inovat\u012bviem risin\u0101jumiem un izcilu uzticam\u012bbu, FMP ir ieguvis uzticama partnera reput\u0101ciju gan lauksaimniec\u012bbas, gan r\u016bpniec\u012bbas nozar\u0113s. M\u016bsu pla\u0161aj\u0101 produktu kl\u0101st\u0101 ietilpst z\u0101les p\u013c\u0101v\u0113jiem paredz\u0113tas p\u0101rnesumk\u0101rbas, j\u016bgv\u0101rpstas un da\u017e\u0101das svar\u012bgas sast\u0101vda\u013cas, kas visas ir izstr\u0101d\u0101tas, lai apmierin\u0101tu pla\u0161a pielietojuma kl\u0101sta da\u017e\u0101d\u0101s pras\u012bbas.<\/p>\n<p>Uz\u0146\u0113mum\u0101 FMP m\u0113s apzin\u0101mies, ka katram klientam ir unik\u0101las probl\u0113mas un pras\u012bbas. T\u0101p\u0113c m\u0113s specializ\u0113jamies piel\u0101gotu risin\u0101jumu nodro\u0161in\u0101\u0161an\u0101, neatkar\u012bgi no t\u0101, vai tie attiecas uz atsevi\u0161\u0137\u0101m komponent\u0113m vai piln\u012bb\u0101 integr\u0113t\u0101m sist\u0113m\u0101m. Cie\u0161i sadarbojoties ar m\u016bsu klientiem, m\u0113s nodro\u0161in\u0101m, ka katrs risin\u0101jums ne tikai atbilst vi\u0146u \u012bpa\u0161aj\u0101m vajadz\u012bb\u0101m, bet ar\u012b maksim\u0101li palielina veiktsp\u0113ju un v\u0113rt\u012bbu. M\u016bsu ap\u0146em\u0161an\u0101s sniegt \u0101tras un profesion\u0101las atbildes apvienojum\u0101 ar ekspertu nor\u0101d\u012bjumiem nodro\u0161ina, ka katrs piepras\u012bjums tiek apstr\u0101d\u0101ts r\u016bp\u012bgi un prec\u012bzi, t\u0101d\u0113j\u0101di sasniedzot vislab\u0101kos iesp\u0113jamos rezult\u0101tus.<\/p>\n<p>Caursp\u012bd\u012bga un nep\u0101rtraukta komunik\u0101cija ir m\u016bsu pieejas pamat\u0101. M\u016bsu \u012bpa\u0161i izveidot\u0101 komanda str\u0101d\u0101 tie\u0161i ar klientiem vis\u0101 produktu izstr\u0101des proces\u0101, lai ieg\u016btu dzi\u013cu izpratni par vi\u0146u pras\u012bb\u0101m. M\u0113s pied\u0101v\u0101jam v\u0113rt\u012bgas atzi\u0146as un ieteikumus, lai nodro\u0161in\u0101tu optim\u0101lus rezult\u0101tus. Neatkar\u012bgi no t\u0101, vai m\u0113s projekt\u0113jam modernus produktus vai izpild\u0101m past\u0101v\u012bgus pas\u016bt\u012bjumus, FMP ir ap\u0146\u0113mies vienm\u0113r savlaic\u012bgi pieg\u0101d\u0101t augstas kvalit\u0101tes, prec\u012bzi izstr\u0101d\u0101tus risin\u0101jumus. M\u016bsu misija ir p\u0101rsniegt klientu cer\u012bbas, nodro\u0161inot izcilu servisu un rezult\u0101tus katr\u0101 projekt\u0101.<\/p>\n<p><img loading=\"lazy\" decoding=\"async\" class=\"alignnone size-full wp-image-2746\" src=\"https:\/\/fmp-components.com\/wp-content\/uploads\/2025\/01\/Grader-Driven-Rake-Gearbox-EP-DX300-21.webp\" alt=\"Greidera piedzi\u0146as gr\u0101bek\u013ca p\u0101rnesumk\u0101rba EP-DX300-2(1)\" width=\"980\" height=\"342\" title=\"\" srcset=\"https:\/\/fmp-components.com\/wp-content\/uploads\/2025\/01\/Grader-Driven-Rake-Gearbox-EP-DX300-21.webp 980w, https:\/\/fmp-components.com\/wp-content\/uploads\/2025\/01\/Grader-Driven-Rake-Gearbox-EP-DX300-21-480x168.webp 480w\" sizes=\"(min-width: 0px) and (max-width: 480px) 480px, (min-width: 481px) 980px, 100vw\" \/><\/p>\n<p>Kvalit\u0101te ir visa m\u016bsu darba pamat\u0101. M\u0113s iev\u0113rojam augst\u0101kos ra\u017eo\u0161anas standartus un ievie\u0161am stingrus kvalit\u0101tes kontroles pas\u0101kumus, lai nodro\u0161in\u0101tu, ka katrs produkts ne tikai atbilst, bet ar\u012b p\u0101rsniedz nozares standartus. \u0160\u012b ap\u0146em\u0161an\u0101s sasniegt izcil\u012bbu, k\u0101 ar\u012b m\u016bsu pamatv\u0113rt\u012bbas \u2013 integrit\u0101te, komandas darbs un neatlaid\u012bba \u2013 ir \u013c\u0101vusi mums veidot ilgsto\u0161as, uz uztic\u012bbu balst\u012btas attiec\u012bbas ar klientiem gandr\u012bz 30 valst\u012bs vis\u0101 pasaul\u0113.<\/p>\n<p>FMP vienm\u0113r v\u0113las veicin\u0101t glob\u0101las partner\u012bbas un ir ap\u0146\u0113mies sniegt ekspertu padomus un piel\u0101gotus risin\u0101jumus, kas atbilst m\u016bsu klientu main\u012bgaj\u0101m vajadz\u012bb\u0101m. M\u0113s ejam t\u0101l\u0101k par vienk\u0101r\u0161u produktu pieg\u0101di; m\u016bsu m\u0113r\u0137is ir veidot ilgsto\u0161as \u200b\u200battiec\u012bbas, kas veicina katra projekta pan\u0101kumus. Neatkar\u012bgi no t\u0101, vai jums ir nepiecie\u0161ami inovat\u012bvi risin\u0101jumi jaunai iniciat\u012bvai vai past\u0101v\u012bgs atbalsts eso\u0161ai sist\u0113mai, FMP ir gatavs risin\u0101t j\u016bsu tehnisk\u0101s probl\u0113mas un nodro\u0161in\u0101t j\u016bsu turpm\u0101kos pan\u0101kumus.<\/p>\n<p><img loading=\"lazy\" decoding=\"async\" class=\"alignnone wp-image-2695\" src=\"https:\/\/fmp-components.com\/wp-content\/uploads\/2025\/01\/agricultural-gearbox3.webp\" alt=\"lauksaimniec\u012bbas p\u0101rnesumk\u0101rba\" width=\"953\" height=\"951\" title=\"\" srcset=\"https:\/\/fmp-components.com\/wp-content\/uploads\/2025\/01\/agricultural-gearbox3.webp 953w, https:\/\/fmp-components.com\/wp-content\/uploads\/2025\/01\/agricultural-gearbox3-480x479.webp 480w\" sizes=\"(min-width: 0px) and (max-width: 480px) 480px, (min-width: 481px) 953px, 100vw\" \/><\/p>\n<p>Autors: CX<\/p>\n<\/div>\n<\/div>\n<\/div>\n<\/div>","protected":false},"excerpt":{"rendered":"<p>Grader Driven Rake Gearbox FMP-DX300-1 Technical Data Grader Driven Rake Gearbox FMP-DX300-1 Turn i Suitable Rpm input Rpm output KW(Nom) KW(Max) Toothing r\/min r\/min hp hp Decelerate 2.47:1 Powered Harrow 1000 404 200 3500 Gleason Helical Teeth Decelerate 2.63:1 1000 380 3700 Decelerate 2.04:1 850 416 3400 Remark: If you have any special require feel [&hellip;]<\/p>","protected":false},"featured_media":2749,"comment_status":"open","ping_status":"closed","template":"","meta":{"_et_pb_use_builder":"","_et_pb_old_content":"","_et_gb_content_width":""},"product_brand":[],"product_cat":[66],"product_tag":[],"class_list":{"0":"post-2736","1":"product","2":"type-product","3":"status-publish","4":"has-post-thumbnail","6":"product_cat-grader-driven-rake-gearbox","8":"first","9":"instock","10":"shipping-taxable","11":"product-type-simple"},"_links":{"self":[{"href":"https:\/\/fmp-components.com\/lv\/wp-json\/wp\/v2\/product\/2736","targetHints":{"allow":["GET"]}}],"collection":[{"href":"https:\/\/fmp-components.com\/lv\/wp-json\/wp\/v2\/product"}],"about":[{"href":"https:\/\/fmp-components.com\/lv\/wp-json\/wp\/v2\/types\/product"}],"replies":[{"embeddable":true,"href":"https:\/\/fmp-components.com\/lv\/wp-json\/wp\/v2\/comments?post=2736"}],"wp:featuredmedia":[{"embeddable":true,"href":"https:\/\/fmp-components.com\/lv\/wp-json\/wp\/v2\/media\/2749"}],"wp:attachment":[{"href":"https:\/\/fmp-components.com\/lv\/wp-json\/wp\/v2\/media?parent=2736"}],"wp:term":[{"taxonomy":"product_brand","embeddable":true,"href":"https:\/\/fmp-components.com\/lv\/wp-json\/wp\/v2\/product_brand?post=2736"},{"taxonomy":"product_cat","embeddable":true,"href":"https:\/\/fmp-components.com\/lv\/wp-json\/wp\/v2\/product_cat?post=2736"},{"taxonomy":"product_tag","embeddable":true,"href":"https:\/\/fmp-components.com\/lv\/wp-json\/wp\/v2\/product_tag?post=2736"}],"curies":[{"name":"wp","href":"https:\/\/api.w.org\/{rel}","templated":true}]}}