{"id":2725,"date":"2025-01-04T02:27:50","date_gmt":"2025-01-04T02:27:50","guid":{"rendered":"https:\/\/fmp-components.com\/?page_id=8"},"modified":"2025-01-04T02:27:50","modified_gmt":"2025-01-04T02:27:50","slug":"grader-driven-rake-gearbox-fmp225-for-variable-speed-rotary-tillers-and-beaters","status":"publish","type":"product","link":"https:\/\/fmp-components.com\/lv\/product\/grader-driven-rake-gearbox-fmp225-for-variable-speed-rotary-tillers-and-beaters\/","title":{"rendered":"Greidera piedzi\u0146as gr\u0101bek\u013ca p\u0101rnesumk\u0101rba FMP225 main\u012bga \u0101truma rot\u0101cijas fr\u0113zes un spoles"},"content":{"rendered":"<h2>Greidera piedzi\u0146as gr\u0101bek\u013ca p\u0101rnesumk\u0101rbas FMP225 izm\u0113ri<\/h2>\n<p><img loading=\"lazy\" decoding=\"async\" class=\"alignnone size-full wp-image-2727\" src=\"https:\/\/fmp-components.com\/wp-content\/uploads\/2025\/01\/Grader-Driven-Rake-Gearbox-FMP225-Dimensions.webp\" alt=\"Greidera piedzi\u0146as gr\u0101bek\u013ca p\u0101rnesumk\u0101rba FMP225 izm\u0113ri\" width=\"1212\" height=\"716\" title=\"\" srcset=\"https:\/\/fmp-components.com\/wp-content\/uploads\/2025\/01\/Grader-Driven-Rake-Gearbox-FMP225-Dimensions.webp 1212w, https:\/\/fmp-components.com\/wp-content\/uploads\/2025\/01\/Grader-Driven-Rake-Gearbox-FMP225-Dimensions-980x579.webp 980w, https:\/\/fmp-components.com\/wp-content\/uploads\/2025\/01\/Grader-Driven-Rake-Gearbox-FMP225-Dimensions-480x284.webp 480w\" sizes=\"(min-width: 0px) and (max-width: 480px) 480px, (min-width: 481px) and (max-width: 980px) 980px, (min-width: 981px) 1212px, 100vw\" \/><\/p>\n<h2>Greidera piedzi\u0146as gr\u0101bek\u013ca p\u0101rnesumk\u0101rba FMP225 pagrieziens<\/h2>\n<h2><img loading=\"lazy\" decoding=\"async\" class=\"alignnone size-full wp-image-2728\" src=\"https:\/\/fmp-components.com\/wp-content\/uploads\/2025\/01\/Grader-Driven-Rake-Gearbox-FMP225-Turn.webp\" alt=\"Greidera piedzi\u0146as gr\u0101bek\u013ca p\u0101rnesumk\u0101rba FMP225 pagrieziena\" width=\"1195\" height=\"275\" title=\"\" srcset=\"https:\/\/fmp-components.com\/wp-content\/uploads\/2025\/01\/Grader-Driven-Rake-Gearbox-FMP225-Turn.webp 1195w, https:\/\/fmp-components.com\/wp-content\/uploads\/2025\/01\/Grader-Driven-Rake-Gearbox-FMP225-Turn-980x226.webp 980w, https:\/\/fmp-components.com\/wp-content\/uploads\/2025\/01\/Grader-Driven-Rake-Gearbox-FMP225-Turn-480x110.webp 480w\" sizes=\"(min-width: 0px) and (max-width: 480px) 480px, (min-width: 481px) and (max-width: 980px) 980px, (min-width: 981px) 1195px, 100vw\" \/> \u00a0Greidera piedzi\u0146as gr\u0101bek\u013ca p\u0101rnesumk\u0101rbas FMP225 tehniskie dati<\/h2>\n<table style=\"width: 101.462%; height: 154px;\" border=\"1\" cellspacing=\"0\" cellpadding=\"0\">\n<tbody>\n<tr>\n<td colspan=\"2\" rowspan=\"2\">es<\/td>\n<td rowspan=\"2\">Piem\u0113rots<\/td>\n<td>Apgriezienu skaita ievade<\/td>\n<td>Apgriezienu skaita izeja<\/td>\n<td>kW (nomin\u0101l\u0101)<\/td>\n<td>kW (maks.)<\/td>\n<td rowspan=\"2\">Zobu veido\u0161an\u0101s<\/td>\n<\/tr>\n<tr>\n<td>apgr.\/min<\/td>\n<td>apgr.\/min<\/td>\n<td>ZS<\/td>\n<td>ZS<\/td>\n<\/tr>\n<tr>\n<td>Pal\u0113nin\u0101t<\/td>\n<td>1.93:1<\/td>\n<td rowspan=\"2\">Rot\u0101cijas fr\u0113zes, dak\u0161as utt.<\/td>\n<td>540<\/td>\n<td>280<\/td>\n<td>57<\/td>\n<td>75<\/td>\n<td rowspan=\"2\">Gl\u012bsona spir\u0101lveida<br \/>\nZobi<\/td>\n<\/tr>\n<tr>\n<td>Pal\u0113nin\u0101t<\/td>\n<td>1.46: 1<\/td>\n<td>540<\/td>\n<td>370<\/td>\n<td>80<\/td>\n<td>110<\/td>\n<\/tr>\n<tr>\n<td colspan=\"8\">Piez\u012bme: Ja jums ir k\u0101das \u012bpa\u0161as pras\u012bbas, nekautr\u0113jieties man pazi\u0146ot, m\u0113s pie\u0146emam ar\u012b pas\u016bt\u012bjumu.<\/td>\n<\/tr>\n<\/tbody>\n<\/table>\n<h2>Greidera piedzi\u0146as gr\u0101bek\u013ca p\u0101rnesumk\u0101rbas FMP225 v\u0101rpstas izm\u0113ri<\/h2>\n<p><img loading=\"lazy\" decoding=\"async\" class=\"alignnone size-full wp-image-2729\" src=\"https:\/\/fmp-components.com\/wp-content\/uploads\/2025\/01\/Grader-Driven-Rake-Gearbox-FMP225-Shaft-Dimensions.webp\" alt=\"Greidera piedzi\u0146as gr\u0101bek\u013ca p\u0101rnesumk\u0101rbas FMP225 v\u0101rpstas izm\u0113ri\" width=\"1182\" height=\"422\" title=\"\" srcset=\"https:\/\/fmp-components.com\/wp-content\/uploads\/2025\/01\/Grader-Driven-Rake-Gearbox-FMP225-Shaft-Dimensions.webp 1182w, https:\/\/fmp-components.com\/wp-content\/uploads\/2025\/01\/Grader-Driven-Rake-Gearbox-FMP225-Shaft-Dimensions-980x350.webp 980w, https:\/\/fmp-components.com\/wp-content\/uploads\/2025\/01\/Grader-Driven-Rake-Gearbox-FMP225-Shaft-Dimensions-480x171.webp 480w\" sizes=\"(min-width: 0px) and (max-width: 480px) 480px, (min-width: 481px) and (max-width: 980px) 980px, (min-width: 981px) 1182px, 100vw\" \/><\/p>\n<h2>Greidera piedzi\u0146as gr\u0101bek\u013ca p\u0101rnesumk\u0101rba FMP225 pagarin\u0101juma caurule<\/h2>\n<p><img loading=\"lazy\" decoding=\"async\" class=\"alignnone size-full wp-image-2730\" src=\"https:\/\/fmp-components.com\/wp-content\/uploads\/2025\/01\/Grader-Driven-Rake-Gearbox-FMP225-Extension-Pipe.webp\" alt=\"Greidera piedzi\u0146as gr\u0101bek\u013ca p\u0101rnesumk\u0101rba FMP225 pagarin\u0101juma caurule\" width=\"1146\" height=\"581\" title=\"\" srcset=\"https:\/\/fmp-components.com\/wp-content\/uploads\/2025\/01\/Grader-Driven-Rake-Gearbox-FMP225-Extension-Pipe.webp 1146w, https:\/\/fmp-components.com\/wp-content\/uploads\/2025\/01\/Grader-Driven-Rake-Gearbox-FMP225-Extension-Pipe-980x497.webp 980w, https:\/\/fmp-components.com\/wp-content\/uploads\/2025\/01\/Grader-Driven-Rake-Gearbox-FMP225-Extension-Pipe-480x243.webp 480w\" sizes=\"(min-width: 0px) and (max-width: 480px) 480px, (min-width: 481px) and (max-width: 980px) 980px, (min-width: 981px) 1146px, 100vw\" \/><\/p>\n<h2>Greidera piedzi\u0146as gr\u0101bek\u013ca reduktora FMP225 izmanto\u0161anas priek\u0161roc\u012bbas:<\/h2>\n<p>Greidera piedzi\u0146as gr\u0101bek\u013ca p\u0101rnesumk\u0101rba FMP225 pied\u0101v\u0101 daudzas priek\u0161roc\u012bbas, kas padara to par iecien\u012btu izv\u0113li lauksaimniec\u012bbas, r\u016bpniec\u012bbas un zemes uztur\u0113\u0161anas vajadz\u012bb\u0101m. T\u0101l\u0101k ir nor\u0101d\u012btas \u0161\u012bs p\u0101rnesumk\u0101rbas galven\u0101s priek\u0161roc\u012bbas:<\/p>\n<ol>\n<li><strong>Augsta griezes momenta jauda<\/strong>:\n<ul>\n<li>FMP225 p\u0101rnesumk\u0101rba ir paredz\u0113ta lielu griezes momentu slodz\u0113m, padarot to piem\u0113rotu smagiem darbiem, piem\u0113ram, bl\u012bva siena gr\u0101b\u0161anai, sare\u017e\u0123\u012btiem augsnes apst\u0101k\u013ciem vai pat ce\u013cu plan\u0113\u0161anai. T\u0101s augstais griezes moments nodro\u0161ina vienm\u0113r\u012bgu un efekt\u012bvu darb\u012bbu pat pie slodzes.<\/li>\n<\/ul>\n<\/li>\n<li><strong>Iztur\u012bgs un ilgm\u016b\u017e\u012bgs<\/strong>:\n<ul>\n<li>FMP225 p\u0101rnesumk\u0101rba, kas izgatavota no augstas kvalit\u0101tes materi\u0101liem un prec\u012bzas in\u017eenierijas, ir \u0101rk\u0101rt\u012bgi iztur\u012bga. T\u0101s iztur\u012bg\u0101 konstrukcija \u013cauj tai iztur\u0113t nep\u0101rtrauktas darb\u012bbas rad\u012bto nodilumu sare\u017e\u0123\u012btos apst\u0101k\u013cos, samazinot nepiecie\u0161am\u012bbu p\u0113c bie\u017eas apkopes un nomai\u0146as.<\/li>\n<li>Ide\u0101li piem\u0113rots skarbiem apst\u0101k\u013ciem, piem\u0113ram, ekstrem\u0101liem laikapst\u0101k\u013ciem, smagai augsnei un nel\u012bdzenam reljefam.<\/li>\n<\/ul>\n<\/li>\n<li><strong>Efekt\u012bva jaudas p\u0101rvade<\/strong>:\n<ul>\n<li>P\u0101rnesumk\u0101rba nodro\u0161ina efekt\u012bvu jaudas p\u0101rvadi, optimiz\u0113jot veiktsp\u0113ju un samazinot ener\u0123ijas pat\u0113ri\u0146u. Tas nodro\u0161ina lab\u0101ku degvielas ekonomiju, \u012bpa\u0161i liela m\u0113roga lauksaimniec\u012bbas vai r\u016bpniec\u012bbas darb\u012bb\u0101s, kur izmaksu efektivit\u0101te ir kritiski svar\u012bga.<\/li>\n<li>T\u0101 sp\u0113ja vienm\u0113r\u012bgi p\u0101rnest jaudu uzlabo ar to integr\u0113to iek\u0101rtu kop\u0113jo efektivit\u0101ti.<\/li>\n<\/ul>\n<\/li>\n<li><strong>Uzlabota veiktsp\u0113ja lauksaimniec\u012bbas lietojumos<\/strong>:\n<ul>\n<li><strong>Siena gr\u0101b\u0161ana<\/strong>FMP225 ir \u012bpa\u0161i efekt\u012bvs liela siena daudzuma gr\u0101b\u0161an\u0101, nodro\u0161inot vienm\u0113r\u012bgus un viendab\u012bgus v\u0101lu optim\u0101lai \u017e\u0101v\u0113\u0161anai. Tas pal\u012bdz uzlabot siena gatavo\u0161anas procesa efektivit\u0101ti.<\/li>\n<li><strong>Lopbar\u012bbas un z\u0101les sav\u0101k\u0161ana<\/strong>Ide\u0101li piem\u0113rota lopbar\u012bbas kombainiem un z\u0101les sav\u0101k\u0161anas sist\u0113m\u0101m, p\u0101rnesumk\u0101rba nodro\u0161ina uzticamu veiktsp\u0113ju smagu un biezu materi\u0101lu apstr\u0101dei.<\/li>\n<\/ul>\n<\/li>\n<li><strong>Daudzpus\u012bba da\u017e\u0101d\u0101s lietojumprogramm\u0101s<\/strong>:\n<ul>\n<li><strong>Ce\u013cu plan\u0113\u0161ana<\/strong>FMP225 ir \u013coti efekt\u012bvs ce\u013cu greideros, nodro\u0161inot gr\u0101bek\u013ca meh\u0101nismam vienm\u0113r\u012bgu jaudu. Tas pal\u012bdz uztur\u0113t l\u012bdzenu virsmu un tiek izmantots gan augsnes izl\u012bdzin\u0101\u0161anai, gan grants izklied\u0113\u0161anai.<\/li>\n<li><strong>Augsnes sagatavo\u0161ana<\/strong>Izmantojot zemes sagatavo\u0161an\u0101, p\u0101rnesumk\u0101rba var viegli tikt gal\u0101 ar sp\u0113kiem, kas nepiecie\u0161ami augsnes plan\u0113\u0161anai, apstr\u0101dei vai gr\u0101b\u0161anai. Tas padara to daudzpus\u012bgu lauksaimniec\u012bbas, b\u016bvniec\u012bbas un r\u016bpniec\u012bbas vajadz\u012bb\u0101m.<\/li>\n<\/ul>\n<\/li>\n<\/ol>\n<p>Greidera piedzi\u0146as gr\u0101bek\u013ca p\u0101rnesumk\u0101rba FMP225 izce\u013cas ar augsto griezes momenta jaudu, iztur\u012bbu un efektivit\u0101ti, padarot to ide\u0101li piem\u0113rotu lauksaimniec\u012bbas, r\u016bpniec\u012bbas un zemes uztur\u0113\u0161anas darbiem. T\u0101 nodro\u0161ina uzlabotu veiktsp\u0113ju, samazina apkopes nepiecie\u0161am\u012bbu un pied\u0101v\u0101 daudzpus\u012bbu pla\u0161\u0101 tehnikas kl\u0101st\u0101. Pateicoties kompaktajam dizainam, vienk\u0101r\u0161ajai integr\u0101cijai un minim\u0101lajam trok\u0161\u0146a l\u012bmenim, FMP225 nodro\u0161ina vienm\u0113r\u012bgu, uzticamu un rentablu darb\u012bbu, kas sniedz labumu lietot\u0101jiem da\u017e\u0101d\u0101s nozar\u0113s.<\/p>\n<p><img loading=\"lazy\" decoding=\"async\" class=\"alignnone size-full wp-image-2731\" src=\"https:\/\/fmp-components.com\/wp-content\/uploads\/2025\/01\/Grader-Driven-Rake-Gearbox-FMP225-Maintainance1.webp\" alt=\"Greidera piedzi\u0146as gr\u0101bek\u013ca p\u0101rnesumk\u0101rba FMP225 apkope(1)\" width=\"980\" height=\"664\" title=\"\" srcset=\"https:\/\/fmp-components.com\/wp-content\/uploads\/2025\/01\/Grader-Driven-Rake-Gearbox-FMP225-Maintainance1.webp 980w, https:\/\/fmp-components.com\/wp-content\/uploads\/2025\/01\/Grader-Driven-Rake-Gearbox-FMP225-Maintainance1-480x325.webp 480w\" sizes=\"(min-width: 0px) and (max-width: 480px) 480px, (min-width: 481px) 980px, 100vw\" \/><\/p>\n<h2>Greidera piedzi\u0146as gr\u0101bek\u013ca p\u0101rnesumk\u0101rbas FMP225 pielietojums<\/h2>\n<p>Greidera piedzi\u0146as gr\u0101bek\u013ca p\u0101rnesumk\u0101rba FMP225 ir paredz\u0113ta, lai nodro\u0161in\u0101tu uzticamu un efekt\u012bvu jaudas p\u0101rvadi da\u017e\u0101diem lauksaimniec\u012bbas, r\u016bpniec\u012bbas un zemes uztur\u0113\u0161anas darbiem. \u0160eit ir da\u017ei no t\u0101s galvenajiem pielietojumiem:<\/p>\n<p><strong>1. Lauksaimniec\u012bbas tehnika:<\/strong><\/p>\n<ul>\n<li><strong>Siena gr\u0101b\u0161ana:<\/strong> FMP225 tiek pla\u0161i izmantots siena gr\u0101b\u0161anas iek\u0101rt\u0101s, nodro\u0161inot efekt\u012bvu un vienm\u0113r\u012bgu siena sav\u0101k\u0161anu v\u0101l\u0113s. Tam ir iz\u0161\u0137iro\u0161a noz\u012bme vienm\u0113r\u012bgas darb\u012bbas uztur\u0113\u0161an\u0101, \u012bpa\u0161i siena p\u013cau\u0161anas sezon\u0101. T\u0101 sp\u0113ja tikt gal\u0101 ar lielu griezes momentu nodro\u0161ina efekt\u012bvu gr\u0101b\u0161anu pat ar lielu siena daudzumu.<\/li>\n<li><strong>Lopbar\u012bbas kombaini:<\/strong> P\u0101rnesumk\u0101rba tiek izmantota ar\u012b lopbar\u012bbas nov\u0101c\u0113jos, pal\u012bdzot sav\u0101kt un sagatavot lopbar\u012bbu sk\u0101bbar\u012bbai. T\u0101 nodro\u0161ina, ka gr\u0101b\u0161anas un sav\u0101k\u0161anas meh\u0101nismi darbojas vienm\u0113r\u012bgi un efekt\u012bvi, uzlabojot ra\u017eas nov\u0101k\u0161anas efektivit\u0101ti.<\/li>\n<li><strong>Z\u0101les sav\u0101k\u0161ana un v\u0101lo\u0161ana:<\/strong> P\u0101rnesumk\u0101rba tiek izmantota z\u0101les sav\u0101k\u0161anas un v\u0101lo\u0161anas darbos, pal\u012bdzot sagatavot z\u0101li da\u017e\u0101diem lauksaimniec\u012bbas procesiem, piem\u0113ram, \u017e\u0101v\u0113\u0161anai un pres\u0113\u0161anai.<\/li>\n<\/ul>\n<p><strong>2. Ce\u013ca plan\u0113\u0161ana:<\/strong><\/p>\n<ul>\n<li><strong>Ce\u013cu greideri:<\/strong> FMP225 ir ide\u0101la izv\u0113le ce\u013cu plan\u0113\u0161anas tehnikai, kur t\u0101 darbina gr\u0101bek\u013ca meh\u0101nismu augsnes izl\u012bdzin\u0101\u0161anai, grants izklied\u0113\u0161anai un ce\u013cu uztur\u0113\u0161anai. T\u0101s sp\u0113ja nodro\u0161in\u0101t vienm\u0113r\u012bgu un past\u0101v\u012bgu jaudu padara to neaizst\u0101jamu labi plan\u0113tu ce\u013cu virsmu izveidei gan lauksaimniec\u012bbas, gan r\u016bpniec\u012bbas vid\u0113.<\/li>\n<li><strong>Augsnes izl\u012bdzin\u0101\u0161ana:<\/strong> P\u0101rnesumk\u0101rba nodro\u0161ina, ka ce\u013cu greideri var efekt\u012bvi izklied\u0113t augsni un granti, izl\u012bdzinot virsmu, sagatavojot to bru\u0123\u0113\u0161anai vai citiem apstr\u0101des veidiem. T\u0101s uzticam\u012bba un griezes momenta jauda padara to piem\u0113rotu smagiem darbiem.<\/li>\n<\/ul>\n<p><strong>3. Augsnes sagatavo\u0161ana un zemes uztur\u0113\u0161ana:<\/strong><\/p>\n<ul>\n<li><strong>Zemes plan\u0113\u0161ana un apstr\u0101de:<\/strong> FMP225 p\u0101rnesumk\u0101rba tiek izmantota iek\u0101rt\u0101s, kas paredz\u0113tas augsnes plan\u0113\u0161anai un apstr\u0101dei. T\u0101 pal\u012bdz sagatavot zemi st\u0101d\u012b\u0161anai vai b\u016bvniec\u012bbai, nodro\u0161inot vienm\u0113r\u012bgu augsnes izkliedi un izl\u012bdzin\u0101\u0161anu. T\u0101s griezes momenta jauda \u013cauj tai tikt gal\u0101 ar sare\u017e\u0123\u012btiem augsnes apst\u0101k\u013ciem.<\/li>\n<li><strong>Gr\u0101vju un dren\u0101\u017eas uztur\u0113\u0161ana:<\/strong> Zemes uztur\u0113\u0161anas darbos, piem\u0113ram, gr\u0101vju t\u012br\u012b\u0161an\u0101 un dren\u0101\u017eas sist\u0113mu uztur\u0113\u0161an\u0101, p\u0101rnesumk\u0101rba atbalsta tehniku \u200b\u200bmateri\u0101lu p\u0101rvieto\u0161an\u0101 un izl\u012bdzin\u0101\u0161an\u0101, nodro\u0161inot atbilsto\u0161u \u016bdens pl\u016bsmu un dren\u0101\u017eu.<\/li>\n<\/ul>\n<p><strong>4. R\u016bpnieciskie pielietojumi:<\/strong><\/p>\n<ul>\n<li><strong>Materi\u0101lu apstr\u0101de:<\/strong> P\u0101rnesumk\u0101rbu var izmantot r\u016bpnieciskaj\u0101s materi\u0101lu apstr\u0101des iek\u0101rt\u0101s, kur t\u0101 darbina meh\u0101nismus, kas p\u0101rvieto, gr\u0101bj vai sav\u0101c da\u017e\u0101dus materi\u0101lus, piem\u0113ram, smiltis, granti un citas beramkravas.<\/li>\n<li><strong>Celtniec\u012bbas apr\u012bkojums:<\/strong> B\u016bvniec\u012bb\u0101 FMP225 p\u0101rnesumk\u0101rbu var integr\u0113t plan\u0113\u0161anas un zemes sagatavo\u0161anas tehnik\u0101, ko izmanto rak\u0161anas, izl\u012bdzin\u0101\u0161anas un vietas sagatavo\u0161anas darbiem, t\u0101d\u0113j\u0101di veicinot efekt\u012bvu vietas p\u0101rvald\u012bbu.<\/li>\n<\/ul>\n<p><strong>5. Sniega t\u012br\u012b\u0161anas apr\u012bkojums:<\/strong><\/p>\n<ul>\n<li><strong>Sniega arkli un sniega gr\u0101bek\u013ci:<\/strong> FMP225 p\u0101rnesumk\u0101rba tiek izmantota ar\u012b sniega t\u012br\u012b\u0161anas iek\u0101rt\u0101s, kur t\u0101 darbina gr\u0101bek\u013ca vai arkla asme\u0146us. \u0160is pielietojums ir \u012bpa\u0161i noder\u012bgs re\u0123ionos, kur sniega uzkr\u0101\u0161an\u0101s prasa regul\u0101ru t\u012br\u012b\u0161anu, lai nodro\u0161in\u0101tu dro\u0161us un pieejamus ce\u013cus un celi\u0146us.<\/li>\n<\/ul>\n<p>Greidera piedzi\u0146as gr\u0101bek\u013ca p\u0101rnesumk\u0101rba FMP225 ir daudzpus\u012bga un augstas veiktsp\u0113jas p\u0101rnesumk\u0101rba, ko izmanto pla\u0161\u0101 pielietojumu kl\u0101st\u0101, tostarp lauksaimniec\u012bb\u0101 (siena gr\u0101b\u0161ana, lopbar\u012bbas nov\u0101k\u0161ana, z\u0101les sav\u0101k\u0161ana), ce\u013cu plan\u0113\u0161an\u0101, augsnes sagatavo\u0161an\u0101, r\u016bpniecisko materi\u0101lu apstr\u0101d\u0113, sniega t\u012br\u012b\u0161an\u0101 un z\u0101liena kop\u0161an\u0101. T\u0101s iztur\u012bg\u0101 konstrukcija, augst\u0101 griezes momenta jauda un uzticam\u0101 darb\u012bba padara to piem\u0113rotu smagiem uzdevumiem gan lauksaimniec\u012bbas, gan r\u016bpniec\u012bbas vid\u0113.<\/p>\n<table style=\"border-collapse: collapse; width: 100.406%; height: 53px;\" border=\"0\" width=\"128\" cellspacing=\"0\" cellpadding=\"0\">\n<tbody>\n<tr style=\"height: 13.8pt;\">\n<td style=\"height: 13.8pt; width: 48pt;\" align=\"right\" width=\"64\" height=\"18\"><img loading=\"lazy\" decoding=\"async\" class=\"alignnone size-full wp-image-2732\" src=\"https:\/\/fmp-components.com\/wp-content\/uploads\/2025\/01\/Grader-Driven-Rake-Gearbox-FMP225-Applications-21.webp\" alt=\"Greidera piedzi\u0146as gr\u0101bek\u013ca p\u0101rnesumk\u0101rba FMP225 pielietojumi-2(1)\" width=\"1024\" height=\"576\" title=\"\" srcset=\"https:\/\/fmp-components.com\/wp-content\/uploads\/2025\/01\/Grader-Driven-Rake-Gearbox-FMP225-Applications-21.webp 1024w, https:\/\/fmp-components.com\/wp-content\/uploads\/2025\/01\/Grader-Driven-Rake-Gearbox-FMP225-Applications-21-980x551.webp 980w, https:\/\/fmp-components.com\/wp-content\/uploads\/2025\/01\/Grader-Driven-Rake-Gearbox-FMP225-Applications-21-480x270.webp 480w\" sizes=\"(min-width: 0px) and (max-width: 480px) 480px, (min-width: 481px) and (max-width: 980px) 980px, (min-width: 981px) 1024px, 100vw\" \/><\/td>\n<td style=\"width: 48pt;\" align=\"right\" width=\"64\"><img loading=\"lazy\" decoding=\"async\" class=\"alignnone size-full wp-image-2733\" src=\"https:\/\/fmp-components.com\/wp-content\/uploads\/2025\/01\/Grader-Driven-Rake-Gearbox-FMP225-Applications-11.webp\" alt=\"Greidera piedzi\u0146as gr\u0101bek\u013ca p\u0101rnesumk\u0101rba FMP225 pielietojumi-1(1)\" width=\"1024\" height=\"576\" title=\"\" srcset=\"https:\/\/fmp-components.com\/wp-content\/uploads\/2025\/01\/Grader-Driven-Rake-Gearbox-FMP225-Applications-11.webp 1024w, https:\/\/fmp-components.com\/wp-content\/uploads\/2025\/01\/Grader-Driven-Rake-Gearbox-FMP225-Applications-11-980x551.webp 980w, https:\/\/fmp-components.com\/wp-content\/uploads\/2025\/01\/Grader-Driven-Rake-Gearbox-FMP225-Applications-11-480x270.webp 480w\" sizes=\"(min-width: 0px) and (max-width: 480px) 480px, (min-width: 481px) and (max-width: 980px) 980px, (min-width: 981px) 1024px, 100vw\" \/><\/td>\n<\/tr>\n<\/tbody>\n<\/table>\n<h2>Par FMP<\/h2>\n<p>FMP galven\u0101 m\u012btne atrodas It\u0101lij\u0101, un tas ir iev\u0113rojams ra\u017eot\u0101js, kas specializ\u0113jas augstas veiktsp\u0113jas p\u0101rnesumk\u0101rbu projekt\u0113\u0161an\u0101, izstr\u0101d\u0113 un ra\u017eo\u0161an\u0101, \u012bpa\u0161i koncentr\u0113joties uz lauksaimniec\u012bbas tehnikas sektoru. FMP, kas paz\u012bstams ar savu prec\u012bzo in\u017eenieriju, inovat\u012bvajiem risin\u0101jumiem un nelok\u0101mo uzticam\u012bbu, ir iemantojis gan lauksaimniec\u012bbas, gan r\u016bpniec\u012bbas tirgus uztic\u012bbu. M\u016bsu pla\u0161aj\u0101 produktu kl\u0101st\u0101 ietilpst specializ\u0113tas p\u0101rnesumk\u0101rbas z\u0101les p\u013c\u0101v\u0113jiem, j\u016bgv\u0101rpstas un citas svar\u012bgas sast\u0101vda\u013cas, kas visas ir r\u016bp\u012bgi izstr\u0101d\u0101tas, lai nodro\u0161in\u0101tu piel\u0101gotus risin\u0101jumus da\u017e\u0101diem pielietojumiem.<\/p>\n<p>Uz\u0146\u0113mum\u0101 FMP m\u0113s saprotam, ka katram klientam ir unik\u0101las vajadz\u012bbas un izaicin\u0101jumi. T\u0101p\u0113c m\u0113s uzsveram piel\u0101gotu risin\u0101jumu snieg\u0161anu \u2014 gan atsevi\u0161\u0137iem komponentiem, gan piln\u012bb\u0101 integr\u0113t\u0101m sist\u0113m\u0101m. M\u0113s cie\u0161i sadarbojamies ar saviem klientiem, lai nodro\u0161in\u0101tu, ka katrs risin\u0101jums ir ne tikai efekt\u012bvs, bet ar\u012b lietder\u012bgs, optimiz\u0113jot gan veiktsp\u0113ju, gan izmaksu efektivit\u0101ti. M\u016bsu ap\u0146em\u0161an\u0101s sniegt \u0101tras un profesion\u0101las atbildes, k\u0101 ar\u012b ekspertu konsult\u0101cijas garant\u0113, ka katrs piepras\u012bjums tiek apstr\u0101d\u0101ts prec\u012bzi, t\u0101d\u0113j\u0101di sasniedzot vislab\u0101kos iesp\u0113jamos rezult\u0101tus.<\/p>\n<p>Atkl\u0101ta un nep\u0101rtraukta komunik\u0101cija ir m\u016bsu pieejas pamatprincips. M\u016bsu \u012bpa\u0161i izveidot\u0101 komanda sadarbojas ar klientiem visa produktu izstr\u0101des procesa laik\u0101, cen\u0161oties padzi\u013cin\u0101ti izprast vi\u0146u \u012bpa\u0161\u0101s vajadz\u012bbas. M\u0113s pied\u0101v\u0101jam v\u0113rt\u012bgas atzi\u0146as un ieteikumus, lai nodro\u0161in\u0101tu katra risin\u0101juma optimiz\u0101ciju. Neatkar\u012bgi no t\u0101, vai izstr\u0101d\u0101jam inovat\u012bvus produktus vai izpild\u0101m past\u0101v\u012bgus pas\u016bt\u012bjumus, FMP ir ap\u0146\u0113mies vienm\u0113r savlaic\u012bgi pieg\u0101d\u0101t augstas kvalit\u0101tes, prec\u012bzi izstr\u0101d\u0101tus risin\u0101jumus. M\u016bsu m\u0113r\u0137is ir p\u0101rsniegt klientu cer\u012bbas, nodro\u0161inot izcilu servisu un rezult\u0101tus katr\u0101 projekt\u0101.<\/p>\n<p>Kvalit\u0101te ir FMP darb\u012bbas st\u016brakmens. M\u0113s iev\u0113rojam augst\u0101kos ra\u017eo\u0161anas standartus un ievie\u0161am stingras kvalit\u0101tes kontroles procesus, lai nodro\u0161in\u0101tu, ka katrs produkts atbilst vai p\u0101rsniedz nozares standartus. \u0160\u012b nelok\u0101m\u0101 ap\u0146em\u0161an\u0101s sasniegt izcil\u012bbu, k\u0101 ar\u012b m\u016bsu pamatv\u0113rt\u012bbas \u2013 integrit\u0101te, komandas darbs un neatlaid\u012bba \u2013 ir \u013c\u0101vusi FMP izveidot ilgtermi\u0146a, uz uztic\u012bbu balst\u012btas attiec\u012bbas ar klientiem gandr\u012bz 30 valst\u012bs.<\/p>\n<p>FMP vienm\u0113r v\u0113las veicin\u0101t glob\u0101las partner\u012bbas un ir ap\u0146\u0113mies pied\u0101v\u0101t ekspertu padomus un piel\u0101gotus risin\u0101jumus, kas atbilst m\u016bsu klientu da\u017e\u0101daj\u0101m vajadz\u012bb\u0101m. M\u0113s ne tikai pieg\u0101d\u0101jam produktus; m\u016bsu m\u0113r\u0137is ir veidot ilgsto\u0161as \u200b\u200battiec\u012bbas, kas veicina katra projekta ilgtermi\u0146a pan\u0101kumus. Neatkar\u012bgi no t\u0101, vai jums ir nepiecie\u0161ami inovat\u012bvi risin\u0101jumi jaunai iniciat\u012bvai vai past\u0101v\u012bgs atbalsts eso\u0161ai sist\u0113mai, FMP ir \u0161eit, lai risin\u0101tu j\u016bsu tehnisk\u0101s probl\u0113mas un nodro\u0161in\u0101tu j\u016bsu turpm\u0101kos pan\u0101kumus.<\/p>\n<p><img loading=\"lazy\" decoding=\"async\" class=\"alignnone wp-image-2695\" src=\"https:\/\/fmp-components.com\/wp-content\/uploads\/2025\/01\/agricultural-gearbox3.webp\" alt=\"lauksaimniec\u012bbas p\u0101rnesumk\u0101rba\" width=\"953\" height=\"951\" title=\"\" srcset=\"https:\/\/fmp-components.com\/wp-content\/uploads\/2025\/01\/agricultural-gearbox3.webp 953w, https:\/\/fmp-components.com\/wp-content\/uploads\/2025\/01\/agricultural-gearbox3-480x479.webp 480w\" sizes=\"(min-width: 0px) and (max-width: 480px) 480px, (min-width: 481px) 953px, 100vw\" \/><\/p>\n<p>Autors: CX<\/p>","protected":false},"excerpt":{"rendered":"<p>Grader Driven Rake Gearbox FMP225 Dimensions Grader Driven Rake Gearbox FMP225 Turn \u00a0Grader Driven Rake Gearbox FMP225 Technical Data i Suitable Rpm input Rpm output KW(Nom) KW(Max) Toothing r\/min r\/min hp hp Decelerate 1.93:1 Rotary Tillers, Beaters, etc 540 280 57 75 Gleason Helical Teeth Decelerate 1.46: 1 540 370 80 110 Remark: If you [&hellip;]<\/p>","protected":false},"featured_media":2734,"comment_status":"open","ping_status":"closed","template":"","meta":{"_et_pb_use_builder":"","_et_pb_old_content":"","_et_gb_content_width":""},"product_brand":[],"product_cat":[66],"product_tag":[],"class_list":{"0":"post-2725","1":"product","2":"type-product","3":"status-publish","4":"has-post-thumbnail","6":"product_cat-grader-driven-rake-gearbox","8":"first","9":"instock","10":"shipping-taxable","11":"product-type-simple"},"_links":{"self":[{"href":"https:\/\/fmp-components.com\/lv\/wp-json\/wp\/v2\/product\/2725","targetHints":{"allow":["GET"]}}],"collection":[{"href":"https:\/\/fmp-components.com\/lv\/wp-json\/wp\/v2\/product"}],"about":[{"href":"https:\/\/fmp-components.com\/lv\/wp-json\/wp\/v2\/types\/product"}],"replies":[{"embeddable":true,"href":"https:\/\/fmp-components.com\/lv\/wp-json\/wp\/v2\/comments?post=2725"}],"wp:featuredmedia":[{"embeddable":true,"href":"https:\/\/fmp-components.com\/lv\/wp-json\/wp\/v2\/media\/2734"}],"wp:attachment":[{"href":"https:\/\/fmp-components.com\/lv\/wp-json\/wp\/v2\/media?parent=2725"}],"wp:term":[{"taxonomy":"product_brand","embeddable":true,"href":"https:\/\/fmp-components.com\/lv\/wp-json\/wp\/v2\/product_brand?post=2725"},{"taxonomy":"product_cat","embeddable":true,"href":"https:\/\/fmp-components.com\/lv\/wp-json\/wp\/v2\/product_cat?post=2725"},{"taxonomy":"product_tag","embeddable":true,"href":"https:\/\/fmp-components.com\/lv\/wp-json\/wp\/v2\/product_tag?post=2725"}],"curies":[{"name":"wp","href":"https:\/\/api.w.org\/{rel}","templated":true}]}}